{"id":98452,"date":"2021-06-15T16:48:08","date_gmt":"2021-06-15T19:48:08","guid":{"rendered":"http:\/\/ww16.ce.gov.br\/saude\/?page_id=98452"},"modified":"2025-06-02T08:30:11","modified_gmt":"2025-06-02T11:30:11","slug":"svo","status":"publish","type":"page","link":"https:\/\/ww16.ce.gov.br\/saude\/svo\/","title":{"rendered":"Servi\u00e7o de Verifica\u00e7\u00e3o de \u00d3bito (SVO)"},"content":{"rendered":"<h1 style=\"text-align: left\"><strong>Servi\u00e7o de Verifica\u00e7\u00e3o de \u00d3bito Dr. Rocha Furtado (SVO)<\/strong><\/h1>\n<p style=\"text-align: left\"><img loading=\"lazy\" decoding=\"async\" class=\"aligncenter wp-image-143361\" src=\"https:\/\/ww16.ce.gov.br\/saude\/wp-content\/uploads\/sites\/64\/2025\/06\/SVO.jpeg\" alt=\"\" width=\"1024\" height=\"951\" \/><\/p>\n<p>O Servi\u00e7o de Verifica\u00e7\u00e3o de \u00d3bito Dr. Rocha Furtado (SVO) \u00e9 uma unidade pertencente \u00e0 Secretaria da Sa\u00fade do Cear\u00e1 (Sesa), vinculada \u00e0 Vigil\u00e2ncia em Sa\u00fade. A institui\u00e7\u00e3o foi inaugurada em maio de 2005 para <strong>esclarecimento das causas dos \u00f3bitos de morte natural em situa\u00e7\u00f5es em que n\u00e3o houve assist\u00eancia m\u00e9dica ou sem elucida\u00e7\u00e3o diagn\u00f3stica, mesmo com assist\u00eancia m\u00e9dica.<\/strong><\/p>\n<p>&nbsp;<\/p>\n<p style=\"text-align: left\">O diagn\u00f3stico da causa real do \u00f3bito possibilita benef\u00edcios para a comunidade, com impacto positivo na sa\u00fade e na prote\u00e7\u00e3o social, permitindo a elabora\u00e7\u00e3o de pol\u00edticas de sa\u00fade, aumentando a efic\u00e1cia das a\u00e7\u00f5es. Al\u00e9m disso, atua no combate e controle de doen\u00e7as que amea\u00e7am a vida da popula\u00e7\u00e3o.<\/p>\n<p>&nbsp;<\/p>\n<p style=\"text-align: left\">Entre as atividades realizadas pelo SVO est\u00e1 a <strong>aut\u00f3psia minimamente invasiva (AMI)<\/strong>, uma proposta alternativa \u00e0 aut\u00f3psia convencional. Realizada por meio da pun\u00e7\u00e3o, amostragem de tecido de \u00f3rg\u00e3os-chave guiada por tomografia computadorizada (TC) ou ultrassonografia, o procedimento n\u00e3o necessita de abertura do corpo, como ocorre na t\u00e9cnica tradicional. Um dos principais ganhos \u00e9 a possibilidade de maior ades\u00e3o das fam\u00edlias na autoriza\u00e7\u00e3o de necropsias, bem como o aumento das chances de identificar mortes relacionadas \u00e0s arboviroses e outras doen\u00e7as infectocontagiosas.<\/p>\n<p>&nbsp;<\/p>\n<p style=\"text-align: left\">No <strong>\u00e2mbito social<\/strong>, realiza a emiss\u00e3o da Declara\u00e7\u00e3o de \u00d3bito, documento necess\u00e1rio para o registro da morte, sepultamento e obten\u00e7\u00e3o de pec\u00falios. A unidade concede, por meio do servi\u00e7o social, benef\u00edcio eventual do aux\u00edlio-funeral, que viabiliza acesso aos servi\u00e7os funer\u00e1rios, transporte do corpo e sepultamento em cemit\u00e9rio, cumprindo, assim, o compromisso de concluir de forma digna a assist\u00eancia ao ciclo vital do cidad\u00e3o. <strong>O SVO funciona 24 horas para recebimento e libera\u00e7\u00e3o de corpos junto com as respectivas Declara\u00e7\u00f5es de \u00d3bito. <\/strong><\/p>\n<p>&nbsp;<\/p>\n<p style=\"text-align: left\">Na<strong> \u00e1rea do ensino<\/strong>, o SVO \u00e9 refer\u00eancia em necropsias, junto \u00e0 comiss\u00e3o de resid\u00eancia m\u00e9dica, para est\u00e1gio de m\u00e9dicos residentes em Patologia da Universidade Federal do Cear\u00e1 (UFC) e do Hospital do C\u00e2ncer. A institui\u00e7\u00e3o representa, ainda, um campo de pr\u00e1tica para estagi\u00e1rios dos cursos de Servi\u00e7o Social e Medicina de universidades p\u00fablicas e privadas. Tem assento no Conselho Estadual de Distribui\u00e7\u00e3o de Cad\u00e1veres do Cear\u00e1, ligado \u00e0 Secretaria da Ci\u00eancia, Tecnologia e Educa\u00e7\u00e3o Superior (Secitece), ao qual compete a distribui\u00e7\u00e3o de cad\u00e1veres n\u00e3o reclamados e doados para fins de ensino e pesquisa a institui\u00e7\u00f5es de ensino superior.<\/p>\n<p>&nbsp;<\/p>\n<p style=\"text-align: left\"><strong>A institui\u00e7\u00e3o tamb\u00e9m realiza atendimento domiciliar por meio do SVO M\u00f3vel<\/strong>. O servi\u00e7o complementa a assist\u00eancia dada \u00e0 popula\u00e7\u00e3o. H\u00e1 uma equipe composta por m\u00e9dicos e assistentes sociais. Al\u00e9m disso, m\u00e9dicos em unidades de sa\u00fade, inclusive no interior do Estado, t\u00eam acesso a orienta\u00e7\u00f5es sobre preenchimento das Declara\u00e7\u00f5es de \u00d3bito e a outros encaminhamentos relativos \u00e0 assist\u00eancia ao \u00f3bito.<\/p>\n<p>&nbsp;<\/p>\n","protected":false},"excerpt":{"rendered":"<p>Servi\u00e7o de Verifica\u00e7\u00e3o de \u00d3bito Dr. Rocha Furtado (SVO) O Servi\u00e7o de Verifica\u00e7\u00e3o de \u00d3bito Dr. Rocha Furtado (SVO) \u00e9 uma unidade pertencente \u00e0 Secretaria da Sa\u00fade do Cear\u00e1 (Sesa), vinculada \u00e0 Vigil\u00e2ncia em Sa\u00fade. A institui\u00e7\u00e3o foi inaugurada em maio de 2005 para esclarecimento das causas dos \u00f3bitos de morte natural em situa\u00e7\u00f5es em [&hellip;]<\/p>\n","protected":false},"author":12,"featured_media":0,"parent":0,"menu_order":0,"comment_status":"closed","ping_status":"closed","template":"pagina-lista-filhas.php","meta":{"_acf_changed":false,"inline_featured_image":false,"footnotes":""},"class_list":["post-98452","page","type-page","status-publish","hentry"],"acf":[],"yoast_head":"<!-- This site is optimized with the Yoast SEO plugin v26.9 - https:\/\/yoast.com\/product\/yoast-seo-wordpress\/ -->\n<title>Servi\u00e7o de Verifica\u00e7\u00e3o de \u00d3bito (SVO) - Secretaria da Sa\u00fade do Cear\u00e1<\/title>\n<meta name=\"robots\" content=\"index, follow, max-snippet:-1, max-image-preview:large, max-video-preview:-1\" \/>\n<link rel=\"canonical\" href=\"https:\/\/ww16.ce.gov.br\/saude\/svo\/\" \/>\n<meta property=\"og:locale\" content=\"pt_BR\" \/>\n<meta property=\"og:type\" content=\"article\" \/>\n<meta property=\"og:title\" content=\"Servi\u00e7o de Verifica\u00e7\u00e3o de \u00d3bito (SVO) - Secretaria da Sa\u00fade do Cear\u00e1\" \/>\n<meta property=\"og:description\" content=\"Servi\u00e7o de Verifica\u00e7\u00e3o de \u00d3bito Dr. Rocha Furtado (SVO) O Servi\u00e7o de Verifica\u00e7\u00e3o de \u00d3bito Dr. Rocha Furtado (SVO) \u00e9 uma unidade pertencente \u00e0 Secretaria da Sa\u00fade do Cear\u00e1 (Sesa), vinculada \u00e0 Vigil\u00e2ncia em Sa\u00fade. A institui\u00e7\u00e3o foi inaugurada em maio de 2005 para esclarecimento das causas dos \u00f3bitos de morte natural em situa\u00e7\u00f5es em [&hellip;]\" \/>\n<meta property=\"og:url\" content=\"https:\/\/ww16.ce.gov.br\/saude\/svo\/\" \/>\n<meta property=\"og:site_name\" content=\"Secretaria da Sa\u00fade do Cear\u00e1\" \/>\n<meta property=\"article:modified_time\" content=\"2025-06-02T11:30:11+00:00\" \/>\n<meta property=\"og:image\" content=\"http:\/\/ww16.ce.gov.br\/saude\/wp-content\/uploads\/sites\/64\/2025\/06\/SVO.jpeg\" \/>\n<meta name=\"twitter:card\" content=\"summary_large_image\" \/>\n<meta name=\"twitter:label1\" content=\"Est. reading time\" \/>\n\t<meta name=\"twitter:data1\" content=\"3 minutos\" \/>\n<script type=\"application\/ld+json\" class=\"yoast-schema-graph\">{\"@context\":\"https:\/\/schema.org\",\"@graph\":[{\"@type\":\"WebPage\",\"@id\":\"https:\/\/ww16.ce.gov.br\/saude\/svo\/\",\"url\":\"https:\/\/ww16.ce.gov.br\/saude\/svo\/\",\"name\":\"Servi\u00e7o de Verifica\u00e7\u00e3o de \u00d3bito (SVO) - Secretaria da Sa\u00fade do Cear\u00e1\",\"isPartOf\":{\"@id\":\"https:\/\/ww16.ce.gov.br\/saude\/#website\"},\"primaryImageOfPage\":{\"@id\":\"https:\/\/ww16.ce.gov.br\/saude\/svo\/#primaryimage\"},\"image\":{\"@id\":\"https:\/\/ww16.ce.gov.br\/saude\/svo\/#primaryimage\"},\"thumbnailUrl\":\"http:\/\/ww16.ce.gov.br\/saude\/wp-content\/uploads\/sites\/64\/2025\/06\/SVO.jpeg\",\"datePublished\":\"2021-06-15T19:48:08+00:00\",\"dateModified\":\"2025-06-02T11:30:11+00:00\",\"breadcrumb\":{\"@id\":\"https:\/\/ww16.ce.gov.br\/saude\/svo\/#breadcrumb\"},\"inLanguage\":\"pt-BR\",\"potentialAction\":[{\"@type\":\"ReadAction\",\"target\":[\"https:\/\/ww16.ce.gov.br\/saude\/svo\/\"]}]},{\"@type\":\"ImageObject\",\"inLanguage\":\"pt-BR\",\"@id\":\"https:\/\/ww16.ce.gov.br\/saude\/svo\/#primaryimage\",\"url\":\"http:\/\/ww16.ce.gov.br\/saude\/wp-content\/uploads\/sites\/64\/2025\/06\/SVO.jpeg\",\"contentUrl\":\"http:\/\/ww16.ce.gov.br\/saude\/wp-content\/uploads\/sites\/64\/2025\/06\/SVO.jpeg\"},{\"@type\":\"BreadcrumbList\",\"@id\":\"https:\/\/ww16.ce.gov.br\/saude\/svo\/#breadcrumb\",\"itemListElement\":[{\"@type\":\"ListItem\",\"position\":1,\"name\":\"In\u00edcio\",\"item\":\"https:\/\/ww16.ce.gov.br\/saude\/\"},{\"@type\":\"ListItem\",\"position\":2,\"name\":\"Servi\u00e7o de Verifica\u00e7\u00e3o de \u00d3bito (SVO)\"}]},{\"@type\":\"WebSite\",\"@id\":\"https:\/\/ww16.ce.gov.br\/saude\/#website\",\"url\":\"https:\/\/ww16.ce.gov.br\/saude\/\",\"name\":\"Secretaria da Sa\u00fade\",\"description\":\"Secretaria da Sa\u00fade do Cear\u00e1\",\"publisher\":{\"@id\":\"https:\/\/ww16.ce.gov.br\/saude\/#organization\"},\"potentialAction\":[{\"@type\":\"SearchAction\",\"target\":{\"@type\":\"EntryPoint\",\"urlTemplate\":\"https:\/\/ww16.ce.gov.br\/saude\/?s={search_term_string}\"},\"query-input\":{\"@type\":\"PropertyValueSpecification\",\"valueRequired\":true,\"valueName\":\"search_term_string\"}}],\"inLanguage\":\"pt-BR\"},{\"@type\":\"Organization\",\"@id\":\"https:\/\/ww16.ce.gov.br\/saude\/#organization\",\"name\":\"Secretaria da Sa\u00fade\",\"url\":\"https:\/\/ww16.ce.gov.br\/saude\/\",\"logo\":{\"@type\":\"ImageObject\",\"inLanguage\":\"pt-BR\",\"@id\":\"https:\/\/ww16.ce.gov.br\/saude\/#\/schema\/logo\/image\/\",\"url\":\"http:\/\/ww16.ce.gov.br\/saude\/wp-content\/uploads\/sites\/9\/2017\/11\/clara.png\",\"contentUrl\":\"http:\/\/ww16.ce.gov.br\/saude\/wp-content\/uploads\/sites\/9\/2017\/11\/clara.png\",\"width\":559,\"height\":106,\"caption\":\"Secretaria da Sa\u00fade\"},\"image\":{\"@id\":\"https:\/\/ww16.ce.gov.br\/saude\/#\/schema\/logo\/image\/\"}}]}<\/script>\n<!-- \/ Yoast SEO plugin. -->","yoast_head_json":{"title":"Servi\u00e7o de Verifica\u00e7\u00e3o de \u00d3bito (SVO) - Secretaria da Sa\u00fade do Cear\u00e1","robots":{"index":"index","follow":"follow","max-snippet":"max-snippet:-1","max-image-preview":"max-image-preview:large","max-video-preview":"max-video-preview:-1"},"canonical":"https:\/\/ww16.ce.gov.br\/saude\/svo\/","og_locale":"pt_BR","og_type":"article","og_title":"Servi\u00e7o de Verifica\u00e7\u00e3o de \u00d3bito (SVO) - Secretaria da Sa\u00fade do Cear\u00e1","og_description":"Servi\u00e7o de Verifica\u00e7\u00e3o de \u00d3bito Dr. Rocha Furtado (SVO) O Servi\u00e7o de Verifica\u00e7\u00e3o de \u00d3bito Dr. Rocha Furtado (SVO) \u00e9 uma unidade pertencente \u00e0 Secretaria da Sa\u00fade do Cear\u00e1 (Sesa), vinculada \u00e0 Vigil\u00e2ncia em Sa\u00fade. A institui\u00e7\u00e3o foi inaugurada em maio de 2005 para esclarecimento das causas dos \u00f3bitos de morte natural em situa\u00e7\u00f5es em [&hellip;]","og_url":"https:\/\/ww16.ce.gov.br\/saude\/svo\/","og_site_name":"Secretaria da Sa\u00fade do Cear\u00e1","article_modified_time":"2025-06-02T11:30:11+00:00","og_image":[{"url":"http:\/\/ww16.ce.gov.br\/saude\/wp-content\/uploads\/sites\/64\/2025\/06\/SVO.jpeg","type":"","width":"","height":""}],"twitter_card":"summary_large_image","twitter_misc":{"Est. reading time":"3 minutos"},"schema":{"@context":"https:\/\/schema.org","@graph":[{"@type":"WebPage","@id":"https:\/\/ww16.ce.gov.br\/saude\/svo\/","url":"https:\/\/ww16.ce.gov.br\/saude\/svo\/","name":"Servi\u00e7o de Verifica\u00e7\u00e3o de \u00d3bito (SVO) - Secretaria da Sa\u00fade do Cear\u00e1","isPartOf":{"@id":"https:\/\/ww16.ce.gov.br\/saude\/#website"},"primaryImageOfPage":{"@id":"https:\/\/ww16.ce.gov.br\/saude\/svo\/#primaryimage"},"image":{"@id":"https:\/\/ww16.ce.gov.br\/saude\/svo\/#primaryimage"},"thumbnailUrl":"http:\/\/ww16.ce.gov.br\/saude\/wp-content\/uploads\/sites\/64\/2025\/06\/SVO.jpeg","datePublished":"2021-06-15T19:48:08+00:00","dateModified":"2025-06-02T11:30:11+00:00","breadcrumb":{"@id":"https:\/\/ww16.ce.gov.br\/saude\/svo\/#breadcrumb"},"inLanguage":"pt-BR","potentialAction":[{"@type":"ReadAction","target":["https:\/\/ww16.ce.gov.br\/saude\/svo\/"]}]},{"@type":"ImageObject","inLanguage":"pt-BR","@id":"https:\/\/ww16.ce.gov.br\/saude\/svo\/#primaryimage","url":"http:\/\/ww16.ce.gov.br\/saude\/wp-content\/uploads\/sites\/64\/2025\/06\/SVO.jpeg","contentUrl":"http:\/\/ww16.ce.gov.br\/saude\/wp-content\/uploads\/sites\/64\/2025\/06\/SVO.jpeg"},{"@type":"BreadcrumbList","@id":"https:\/\/ww16.ce.gov.br\/saude\/svo\/#breadcrumb","itemListElement":[{"@type":"ListItem","position":1,"name":"In\u00edcio","item":"https:\/\/ww16.ce.gov.br\/saude\/"},{"@type":"ListItem","position":2,"name":"Servi\u00e7o de Verifica\u00e7\u00e3o de \u00d3bito (SVO)"}]},{"@type":"WebSite","@id":"https:\/\/ww16.ce.gov.br\/saude\/#website","url":"https:\/\/ww16.ce.gov.br\/saude\/","name":"Secretaria da Sa\u00fade","description":"Secretaria da Sa\u00fade do Cear\u00e1","publisher":{"@id":"https:\/\/ww16.ce.gov.br\/saude\/#organization"},"potentialAction":[{"@type":"SearchAction","target":{"@type":"EntryPoint","urlTemplate":"https:\/\/ww16.ce.gov.br\/saude\/?s={search_term_string}"},"query-input":{"@type":"PropertyValueSpecification","valueRequired":true,"valueName":"search_term_string"}}],"inLanguage":"pt-BR"},{"@type":"Organization","@id":"https:\/\/ww16.ce.gov.br\/saude\/#organization","name":"Secretaria da Sa\u00fade","url":"https:\/\/ww16.ce.gov.br\/saude\/","logo":{"@type":"ImageObject","inLanguage":"pt-BR","@id":"https:\/\/ww16.ce.gov.br\/saude\/#\/schema\/logo\/image\/","url":"http:\/\/ww16.ce.gov.br\/saude\/wp-content\/uploads\/sites\/9\/2017\/11\/clara.png","contentUrl":"http:\/\/ww16.ce.gov.br\/saude\/wp-content\/uploads\/sites\/9\/2017\/11\/clara.png","width":559,"height":106,"caption":"Secretaria da Sa\u00fade"},"image":{"@id":"https:\/\/ww16.ce.gov.br\/saude\/#\/schema\/logo\/image\/"}}]}},"_links":{"self":[{"href":"https:\/\/ww16.ce.gov.br\/saude\/wp-json\/wp\/v2\/pages\/98452","targetHints":{"allow":["GET"]}}],"collection":[{"href":"https:\/\/ww16.ce.gov.br\/saude\/wp-json\/wp\/v2\/pages"}],"about":[{"href":"https:\/\/ww16.ce.gov.br\/saude\/wp-json\/wp\/v2\/types\/page"}],"author":[{"embeddable":true,"href":"https:\/\/ww16.ce.gov.br\/saude\/wp-json\/wp\/v2\/users\/12"}],"replies":[{"embeddable":true,"href":"https:\/\/ww16.ce.gov.br\/saude\/wp-json\/wp\/v2\/comments?post=98452"}],"version-history":[{"count":16,"href":"https:\/\/ww16.ce.gov.br\/saude\/wp-json\/wp\/v2\/pages\/98452\/revisions"}],"predecessor-version":[{"id":143364,"href":"https:\/\/ww16.ce.gov.br\/saude\/wp-json\/wp\/v2\/pages\/98452\/revisions\/143364"}],"wp:attachment":[{"href":"https:\/\/ww16.ce.gov.br\/saude\/wp-json\/wp\/v2\/media?parent=98452"}],"curies":[{"name":"wp","href":"https:\/\/api.w.org\/{rel}","templated":true}]}}