{"id":98327,"date":"2021-06-11T14:47:48","date_gmt":"2021-06-11T17:47:48","guid":{"rendered":"http:\/\/ww16.ce.gov.br\/saude\/?page_id=98327"},"modified":"2021-06-14T14:06:49","modified_gmt":"2021-06-14T17:06:49","slug":"ambulatorios","status":"publish","type":"page","link":"https:\/\/ww16.ce.gov.br\/saude\/donalibania\/servico\/ambulatorios\/","title":{"rendered":"Dona Lib\u00e2nia | Ambulat\u00f3rios"},"content":{"rendered":"<h1><strong>Ambulat\u00f3rios<\/strong><\/h1>\n<p>&nbsp;<\/p>\n<h3 class=\"-laranja\"><strong>Ambulat\u00f3rio de Hansen\u00edase<\/strong><\/h3>\n<p>A doen\u00e7a infecciosa \u00e9 um problema de sa\u00fade p\u00fablica, com risco elevado de causar incapacidades f\u00edsicas permanentes nos pacientes acometidos. No Dona Lib\u00e2nia, h\u00e1 assist\u00eancia aos portadores desta condi\u00e7\u00e3o, com uma <strong>equipe formada por m\u00e9dicos, enfermeiros, fisioterapeutas, terapeutas ocupacionais e assistentes sociais<\/strong>.<\/p>\n<p>&nbsp;<\/p>\n<h3 class=\"-laranja\"><strong>Ambulat\u00f3rio de Dermatologia Geral e Pedi\u00e1trica<\/strong><\/h3>\n<p>O ambulat\u00f3rio atua no <strong>diagn\u00f3stico, preven\u00e7\u00e3o e tratamento de doen\u00e7as e afec\u00e7\u00f5es da pele, mucosas, cabelos e unhas de crian\u00e7as, adultos e idosos<\/strong>, incluindo quadros al\u00e9rgicos, infecciosos, oncol\u00f3gicos e inflamat\u00f3rios, dentre outros.<\/p>\n<p>&nbsp;<\/p>\n<h3 class=\"-laranja\"><strong>Ambulat\u00f3rio de Oncologia Cut\u00e2nea<\/strong><\/h3>\n<p>O c\u00e2ncer de pele \u00e9 o tipo de c\u00e2ncer mais frequente no Brasil e no mundo. O CDERM <strong>prov\u00ea aten\u00e7\u00e3o integral aos tumores benignos e malignos que acometem a pele e anexos (cabelos e unhas), por meio de atendimento cl\u00ednico e cir\u00fargico<\/strong>.<\/p>\n<p>&nbsp;<\/p>\n<h3 class=\"-laranja\"><strong>Ambulat\u00f3rio de Fototerapia<\/strong><\/h3>\n<p>A fototerapia consiste na utiliza\u00e7\u00e3o de luzes especiais como forma de tratamento, sendo <strong>muito utilizada em doen\u00e7as como psor\u00edase, vitiligo, eczemas, linfomas cut\u00e2neos, entre outras<\/strong>.<\/p>\n<p>&nbsp;<\/p>\n<h3 class=\"-laranja\"><strong>Ambulat\u00f3rio de Cosmiatria<\/strong><\/h3>\n<p>Atendimento voltado para orienta\u00e7\u00f5es quanto aos cuidados gerais com a pele, at\u00e9 a execu\u00e7\u00e3o e procedimentos cosm\u00e9ticos, com a finalidade de <strong>manuten\u00e7\u00e3o da beleza e a melhora da apar\u00eancia da pele e seus anexos<\/strong>.<\/p>\n<p>&nbsp;<\/p>\n","protected":false},"excerpt":{"rendered":"<p>Ambulat\u00f3rios &nbsp; Ambulat\u00f3rio de Hansen\u00edase A doen\u00e7a infecciosa \u00e9 um problema de sa\u00fade p\u00fablica, com risco elevado de causar incapacidades f\u00edsicas permanentes nos pacientes acometidos. No Dona Lib\u00e2nia, h\u00e1 assist\u00eancia aos portadores desta condi\u00e7\u00e3o, com uma equipe formada por m\u00e9dicos, enfermeiros, fisioterapeutas, terapeutas ocupacionais e assistentes sociais. &nbsp; Ambulat\u00f3rio de Dermatologia Geral e Pedi\u00e1trica O [&hellip;]<\/p>\n","protected":false},"author":12,"featured_media":0,"parent":93510,"menu_order":0,"comment_status":"closed","ping_status":"closed","template":"","meta":{"_acf_changed":false,"inline_featured_image":false,"footnotes":""},"class_list":["post-98327","page","type-page","status-publish","hentry"],"acf":[],"yoast_head":"<!-- This site is optimized with the Yoast SEO plugin v26.9 - https:\/\/yoast.com\/product\/yoast-seo-wordpress\/ -->\n<title>Dona Lib\u00e2nia | Ambulat\u00f3rios - Secretaria da Sa\u00fade do Cear\u00e1<\/title>\n<meta name=\"robots\" content=\"index, follow, max-snippet:-1, max-image-preview:large, max-video-preview:-1\" \/>\n<link rel=\"canonical\" href=\"https:\/\/ww16.ce.gov.br\/saude\/donalibania\/servico\/ambulatorios\/\" \/>\n<meta property=\"og:locale\" content=\"pt_BR\" \/>\n<meta property=\"og:type\" content=\"article\" \/>\n<meta property=\"og:title\" content=\"Dona Lib\u00e2nia | Ambulat\u00f3rios - Secretaria da Sa\u00fade do Cear\u00e1\" \/>\n<meta property=\"og:description\" content=\"Ambulat\u00f3rios &nbsp; Ambulat\u00f3rio de Hansen\u00edase A doen\u00e7a infecciosa \u00e9 um problema de sa\u00fade p\u00fablica, com risco elevado de causar incapacidades f\u00edsicas permanentes nos pacientes acometidos. No Dona Lib\u00e2nia, h\u00e1 assist\u00eancia aos portadores desta condi\u00e7\u00e3o, com uma equipe formada por m\u00e9dicos, enfermeiros, fisioterapeutas, terapeutas ocupacionais e assistentes sociais. &nbsp; Ambulat\u00f3rio de Dermatologia Geral e Pedi\u00e1trica O [&hellip;]\" \/>\n<meta property=\"og:url\" content=\"https:\/\/ww16.ce.gov.br\/saude\/donalibania\/servico\/ambulatorios\/\" \/>\n<meta property=\"og:site_name\" content=\"Secretaria da Sa\u00fade do Cear\u00e1\" \/>\n<meta property=\"article:modified_time\" content=\"2021-06-14T17:06:49+00:00\" \/>\n<meta name=\"twitter:card\" content=\"summary_large_image\" \/>\n<meta name=\"twitter:label1\" content=\"Est. reading time\" \/>\n\t<meta name=\"twitter:data1\" content=\"1 minuto\" \/>\n<script type=\"application\/ld+json\" class=\"yoast-schema-graph\">{\"@context\":\"https:\/\/schema.org\",\"@graph\":[{\"@type\":\"WebPage\",\"@id\":\"https:\/\/ww16.ce.gov.br\/saude\/donalibania\/servico\/ambulatorios\/\",\"url\":\"https:\/\/ww16.ce.gov.br\/saude\/donalibania\/servico\/ambulatorios\/\",\"name\":\"Dona Lib\u00e2nia | Ambulat\u00f3rios - Secretaria da Sa\u00fade do Cear\u00e1\",\"isPartOf\":{\"@id\":\"https:\/\/ww16.ce.gov.br\/saude\/#website\"},\"datePublished\":\"2021-06-11T17:47:48+00:00\",\"dateModified\":\"2021-06-14T17:06:49+00:00\",\"breadcrumb\":{\"@id\":\"https:\/\/ww16.ce.gov.br\/saude\/donalibania\/servico\/ambulatorios\/#breadcrumb\"},\"inLanguage\":\"pt-BR\",\"potentialAction\":[{\"@type\":\"ReadAction\",\"target\":[\"https:\/\/ww16.ce.gov.br\/saude\/donalibania\/servico\/ambulatorios\/\"]}]},{\"@type\":\"BreadcrumbList\",\"@id\":\"https:\/\/ww16.ce.gov.br\/saude\/donalibania\/servico\/ambulatorios\/#breadcrumb\",\"itemListElement\":[{\"@type\":\"ListItem\",\"position\":1,\"name\":\"In\u00edcio\",\"item\":\"https:\/\/ww16.ce.gov.br\/saude\/\"},{\"@type\":\"ListItem\",\"position\":2,\"name\":\"Dona Lib\u00e2nia | Principal\",\"item\":\"https:\/\/ww16.ce.gov.br\/saude\/donalibania\/\"},{\"@type\":\"ListItem\",\"position\":3,\"name\":\"Dona Lib\u00e2nia | Servi\u00e7o\",\"item\":\"https:\/\/ww16.ce.gov.br\/saude\/donalibania\/servico\/\"},{\"@type\":\"ListItem\",\"position\":4,\"name\":\"Dona Lib\u00e2nia | Ambulat\u00f3rios\"}]},{\"@type\":\"WebSite\",\"@id\":\"https:\/\/ww16.ce.gov.br\/saude\/#website\",\"url\":\"https:\/\/ww16.ce.gov.br\/saude\/\",\"name\":\"Secretaria da Sa\u00fade\",\"description\":\"Secretaria da Sa\u00fade do Cear\u00e1\",\"publisher\":{\"@id\":\"https:\/\/ww16.ce.gov.br\/saude\/#organization\"},\"potentialAction\":[{\"@type\":\"SearchAction\",\"target\":{\"@type\":\"EntryPoint\",\"urlTemplate\":\"https:\/\/ww16.ce.gov.br\/saude\/?s={search_term_string}\"},\"query-input\":{\"@type\":\"PropertyValueSpecification\",\"valueRequired\":true,\"valueName\":\"search_term_string\"}}],\"inLanguage\":\"pt-BR\"},{\"@type\":\"Organization\",\"@id\":\"https:\/\/ww16.ce.gov.br\/saude\/#organization\",\"name\":\"Secretaria da Sa\u00fade\",\"url\":\"https:\/\/ww16.ce.gov.br\/saude\/\",\"logo\":{\"@type\":\"ImageObject\",\"inLanguage\":\"pt-BR\",\"@id\":\"https:\/\/ww16.ce.gov.br\/saude\/#\/schema\/logo\/image\/\",\"url\":\"http:\/\/ww16.ce.gov.br\/saude\/wp-content\/uploads\/sites\/9\/2017\/11\/clara.png\",\"contentUrl\":\"http:\/\/ww16.ce.gov.br\/saude\/wp-content\/uploads\/sites\/9\/2017\/11\/clara.png\",\"width\":559,\"height\":106,\"caption\":\"Secretaria da Sa\u00fade\"},\"image\":{\"@id\":\"https:\/\/ww16.ce.gov.br\/saude\/#\/schema\/logo\/image\/\"}}]}<\/script>\n<!-- \/ Yoast SEO plugin. -->","yoast_head_json":{"title":"Dona Lib\u00e2nia | Ambulat\u00f3rios - Secretaria da Sa\u00fade do Cear\u00e1","robots":{"index":"index","follow":"follow","max-snippet":"max-snippet:-1","max-image-preview":"max-image-preview:large","max-video-preview":"max-video-preview:-1"},"canonical":"https:\/\/ww16.ce.gov.br\/saude\/donalibania\/servico\/ambulatorios\/","og_locale":"pt_BR","og_type":"article","og_title":"Dona Lib\u00e2nia | Ambulat\u00f3rios - Secretaria da Sa\u00fade do Cear\u00e1","og_description":"Ambulat\u00f3rios &nbsp; Ambulat\u00f3rio de Hansen\u00edase A doen\u00e7a infecciosa \u00e9 um problema de sa\u00fade p\u00fablica, com risco elevado de causar incapacidades f\u00edsicas permanentes nos pacientes acometidos. No Dona Lib\u00e2nia, h\u00e1 assist\u00eancia aos portadores desta condi\u00e7\u00e3o, com uma equipe formada por m\u00e9dicos, enfermeiros, fisioterapeutas, terapeutas ocupacionais e assistentes sociais. &nbsp; Ambulat\u00f3rio de Dermatologia Geral e Pedi\u00e1trica O [&hellip;]","og_url":"https:\/\/ww16.ce.gov.br\/saude\/donalibania\/servico\/ambulatorios\/","og_site_name":"Secretaria da Sa\u00fade do Cear\u00e1","article_modified_time":"2021-06-14T17:06:49+00:00","twitter_card":"summary_large_image","twitter_misc":{"Est. reading time":"1 minuto"},"schema":{"@context":"https:\/\/schema.org","@graph":[{"@type":"WebPage","@id":"https:\/\/ww16.ce.gov.br\/saude\/donalibania\/servico\/ambulatorios\/","url":"https:\/\/ww16.ce.gov.br\/saude\/donalibania\/servico\/ambulatorios\/","name":"Dona Lib\u00e2nia | Ambulat\u00f3rios - Secretaria da Sa\u00fade do Cear\u00e1","isPartOf":{"@id":"https:\/\/ww16.ce.gov.br\/saude\/#website"},"datePublished":"2021-06-11T17:47:48+00:00","dateModified":"2021-06-14T17:06:49+00:00","breadcrumb":{"@id":"https:\/\/ww16.ce.gov.br\/saude\/donalibania\/servico\/ambulatorios\/#breadcrumb"},"inLanguage":"pt-BR","potentialAction":[{"@type":"ReadAction","target":["https:\/\/ww16.ce.gov.br\/saude\/donalibania\/servico\/ambulatorios\/"]}]},{"@type":"BreadcrumbList","@id":"https:\/\/ww16.ce.gov.br\/saude\/donalibania\/servico\/ambulatorios\/#breadcrumb","itemListElement":[{"@type":"ListItem","position":1,"name":"In\u00edcio","item":"https:\/\/ww16.ce.gov.br\/saude\/"},{"@type":"ListItem","position":2,"name":"Dona Lib\u00e2nia | Principal","item":"https:\/\/ww16.ce.gov.br\/saude\/donalibania\/"},{"@type":"ListItem","position":3,"name":"Dona Lib\u00e2nia | Servi\u00e7o","item":"https:\/\/ww16.ce.gov.br\/saude\/donalibania\/servico\/"},{"@type":"ListItem","position":4,"name":"Dona Lib\u00e2nia | Ambulat\u00f3rios"}]},{"@type":"WebSite","@id":"https:\/\/ww16.ce.gov.br\/saude\/#website","url":"https:\/\/ww16.ce.gov.br\/saude\/","name":"Secretaria da Sa\u00fade","description":"Secretaria da Sa\u00fade do Cear\u00e1","publisher":{"@id":"https:\/\/ww16.ce.gov.br\/saude\/#organization"},"potentialAction":[{"@type":"SearchAction","target":{"@type":"EntryPoint","urlTemplate":"https:\/\/ww16.ce.gov.br\/saude\/?s={search_term_string}"},"query-input":{"@type":"PropertyValueSpecification","valueRequired":true,"valueName":"search_term_string"}}],"inLanguage":"pt-BR"},{"@type":"Organization","@id":"https:\/\/ww16.ce.gov.br\/saude\/#organization","name":"Secretaria da Sa\u00fade","url":"https:\/\/ww16.ce.gov.br\/saude\/","logo":{"@type":"ImageObject","inLanguage":"pt-BR","@id":"https:\/\/ww16.ce.gov.br\/saude\/#\/schema\/logo\/image\/","url":"http:\/\/ww16.ce.gov.br\/saude\/wp-content\/uploads\/sites\/9\/2017\/11\/clara.png","contentUrl":"http:\/\/ww16.ce.gov.br\/saude\/wp-content\/uploads\/sites\/9\/2017\/11\/clara.png","width":559,"height":106,"caption":"Secretaria da Sa\u00fade"},"image":{"@id":"https:\/\/ww16.ce.gov.br\/saude\/#\/schema\/logo\/image\/"}}]}},"_links":{"self":[{"href":"https:\/\/ww16.ce.gov.br\/saude\/wp-json\/wp\/v2\/pages\/98327","targetHints":{"allow":["GET"]}}],"collection":[{"href":"https:\/\/ww16.ce.gov.br\/saude\/wp-json\/wp\/v2\/pages"}],"about":[{"href":"https:\/\/ww16.ce.gov.br\/saude\/wp-json\/wp\/v2\/types\/page"}],"author":[{"embeddable":true,"href":"https:\/\/ww16.ce.gov.br\/saude\/wp-json\/wp\/v2\/users\/12"}],"replies":[{"embeddable":true,"href":"https:\/\/ww16.ce.gov.br\/saude\/wp-json\/wp\/v2\/comments?post=98327"}],"version-history":[{"count":5,"href":"https:\/\/ww16.ce.gov.br\/saude\/wp-json\/wp\/v2\/pages\/98327\/revisions"}],"predecessor-version":[{"id":98371,"href":"https:\/\/ww16.ce.gov.br\/saude\/wp-json\/wp\/v2\/pages\/98327\/revisions\/98371"}],"up":[{"embeddable":true,"href":"https:\/\/ww16.ce.gov.br\/saude\/wp-json\/wp\/v2\/pages\/93510"}],"wp:attachment":[{"href":"https:\/\/ww16.ce.gov.br\/saude\/wp-json\/wp\/v2\/media?parent=98327"}],"curies":[{"name":"wp","href":"https:\/\/api.w.org\/{rel}","templated":true}]}}