{"id":96137,"date":"2021-04-05T10:21:16","date_gmt":"2021-04-05T13:21:16","guid":{"rendered":"http:\/\/ww16.ce.gov.br\/saude\/?page_id=96137"},"modified":"2022-12-21T14:36:02","modified_gmt":"2022-12-21T17:36:02","slug":"premiacao","status":"publish","type":"page","link":"https:\/\/ww16.ce.gov.br\/saude\/cuidarmelhor\/servico\/premiacao\/","title":{"rendered":"Premia\u00e7\u00e3o &#8211; Indicadores de Esfor\u00e7os"},"content":{"rendered":"<h2><strong>Premia\u00e7\u00e3o &#8211; Indicadores de Esfor\u00e7os<\/strong><\/h2>\n<p>&nbsp;<\/p>\n<p>O programa estabelece uma premia\u00e7\u00e3o anual para os munic\u00edpios que obtiverem os melhores resultados em indicadores de esfor\u00e7o e as equipes de sa\u00fade com pr\u00e1ticas mais inovadoras no cuidar melhor da popula\u00e7\u00e3o. Os indicadores da premia\u00e7\u00e3o, definidos a partir das prioridades do programa Cuidar Melhor, s\u00e3o pactuados anualmente entre Estado, munic\u00edpios e sociedade.<\/p>\n<p>&nbsp;<\/p>\n<p>Em 2021, foram considerados os seguintes indicadores:<\/p>\n<p>&nbsp;<\/p>\n<p><strong>a) Propor\u00e7\u00e3o de Interna\u00e7\u00f5es por Condi\u00e7\u00f5es Sens\u00edveis \u00e0 APS;<br \/>\nb) Propor\u00e7\u00e3o de nascidos vivos de m\u00e3es com idade de 10 a 19 anos (gravidez na adolesc\u00eancia);<br \/>\nc) Propor\u00e7\u00e3o de gestantes com pelo menos seis consultas pr\u00e9-natal realizadas, sendo a 1\u00aa at\u00e9 a 12\u00aa semana de gesta\u00e7\u00e3o;<br \/>\nd) Taxas de cobertura vacinal em crian\u00e7as at\u00e9 1 ano de idade;<br \/>\ne) Propor\u00e7\u00e3o de pacientes hipertensos cadastrados;<br \/>\nf) Propor\u00e7\u00e3o de pacientes diab\u00e9ticos cadastrados;<br \/>\ng) Redu\u00e7\u00e3o da Taxa de interna\u00e7\u00e3o por diabetes e hipertens\u00e3o na popula\u00e7\u00e3o de 20 anos ou mais;<br \/>\nh) Exist\u00eancia de departamento ou \u00f3rg\u00e3o municipal de tr\u00e2nsito.<\/strong><\/p>\n<p>&nbsp;<\/p>\n<p>&nbsp;<\/p>\n<ul class=\"ListaEst -Verde col1\" style=\"font-weight: bold\">\n<li><a href=\"https:\/\/ww16.ce.gov.br\/saude\/wp-content\/uploads\/sites\/64\/2021\/04\/Panorama_dos_indicadores_da_premiacao_Cuidar_Melhor_por_municipio___Ceara_-_2020_-_Cuidar_Melhor.pdf\" target=\"_blank\" rel=\"noopener noreferrer\">Veja panorama dos indicadores por munic\u00edpio<\/a><\/li>\n<\/ul>\n<p>&nbsp;<\/p>\n<p>Nesse sentido, o Instituto de Planejamento do Cear\u00e1 (Ipece) elaborou uma metodologia de c\u00e1lculo para a premia\u00e7\u00e3o, onde todos os indicadores ser\u00e3o transformados para uma escala que varia entre 0 (zero) e 1 (um), gerando-se um \u00fanico indicador sint\u00e9tico que ordenar\u00e1 os 184 munic\u00edpios, permitindo a aplica\u00e7\u00e3o de crit\u00e9rios na distribui\u00e7\u00e3o do valor da premia\u00e7\u00e3o.<\/p>\n<p>&nbsp;<\/p>\n<p>Os indicadores s\u00e3o monitorados ao longo do ano e divulgados quadrimestralmente na <a href=\"https:\/\/integrasus.saude.ce.gov.br\/#\/area\/53\" target=\"_blank\" rel=\"noopener\"><strong>p\u00e1gina do IntegraSUS da Sesa<\/strong><\/a>. Durante o primeiro trimestre de 2022 ocorreu a avalia\u00e7\u00e3o dos resultados por meio de uma banca avaliadora e, subsequentemente, a premia\u00e7\u00e3o de munic\u00edpios e equipes de sa\u00fade.<\/p>\n<p>&nbsp;<\/p>\n<p>Na primeira edi\u00e7\u00e3o da premia\u00e7\u00e3o foram disponibilizados R$ 12 milh\u00f5es a serem distribu\u00eddos conforme os crit\u00e9rios detalhados em Portaria n\u00ba 008\/2022, Portaria n\u00ba 114\/2022 e Portaria n\u00ba118\/2022, que disp\u00f5em sobre as aprova\u00e7\u00f5es dos indicadores de esfor\u00e7o , comiss\u00e3o de an\u00e1lise e homologa\u00e7\u00e3o dos resultados dos indicadores de esfor\u00e7os e os resultados do Programa Cuidar Melhor Cear\u00e1 do exerc\u00edcio de 2021.<\/p>\n<p>&nbsp;<\/p>\n<p>Todos os munic\u00edpios cearenses concorreram \u00e0 premia\u00e7\u00e3o (Edi\u00e7\u00e3o 2021). No entanto, para receber os recursos financeiros da premia\u00e7\u00e3o (Edi\u00e7\u00e3o 2021) no primeiro semestre de 2022, os munic\u00edpios vencedores atenderam \u00e0s seguintes condi\u00e7\u00f5es:<\/p>\n<p>&nbsp;<\/p>\n<p><strong>(1) Entregar plano de trabalho para aplica\u00e7\u00e3o de recursos, conforme a Lei Complementar 141\/2012. O plano de trabalho ser\u00e1 acompanhado e auditado pela Sesa;<\/strong><\/p>\n<p>&nbsp;<\/p>\n<p><strong>(2) Firmar compromisso de coopera\u00e7\u00e3o t\u00e9cnica com outro munic\u00edpio, que esteja classificado na faixa dos menores \u00edndices nos indicadores de qualidade.<\/strong><\/p>\n<p>&nbsp;<\/p>\n<p>Al\u00e9m disso, a Sesa dever\u00e1 apoiar a implanta\u00e7\u00e3o de projetos visando \u00e0 melhoria da qualidade dos servi\u00e7os de sa\u00fade dos munic\u00edpios que alcan\u00e7arem os menores \u00edndices nos indicadores do programa, envolvendo educa\u00e7\u00e3o permanente e profissional de servidores, al\u00e9m de apoio a melhorias de infraestrutura.<\/p>\n<p>&nbsp;<\/p>\n<p>Em 2021 o Programa Cuidar Melhor obteve 100% de ades\u00e3o dos munic\u00edpios cearenses, ainda, houve mobiliza\u00e7\u00e3o e demanda pelo Programa no monitoramento e avalia\u00e7\u00e3o dos indicadores de esfor\u00e7o.<\/p>\n<p>&nbsp;<\/p>\n<p>Realizadas duas premia\u00e7\u00f5es destinadas aos munic\u00edpios cearenses:<\/p>\n<p>&nbsp;<\/p>\n<p>\u2013 Premiados 30 (trinta) munic\u00edpios, Edi\u00e7\u00e3o 2021: S\u00e3o Benedito; Jaguaribe; Jijoca de Jericoacoara; Porteiras; Sobral; Farias Brito; Guaraciaba do Norte; Icapu\u00ed; Guaramiranga; Ocara; Chorozinho; Itai\u00e7aba; Eus\u00e9bio; Croat\u00e1; S\u00e3o Gon\u00e7alo do Amarante; Varjota; Reden\u00e7\u00e3o; Pereiro; Reriutaba; Or\u00f3s; Aquiraz; Paracuru; Quiterian\u00f3polis; Maracana\u00fa; Ubajara; Itaitinga; Horizonte; Carnaubal; Solon\u00f3pole; e Limoeiro do Norte.<\/p>\n<p>&nbsp;<\/p>\n<ul class=\"ListaEst\">\n<li><a href=\"https:\/\/ww16.ce.gov.br\/saude\/wp-content\/uploads\/sites\/64\/2021\/04\/Cuidar-melhor-tutorial-indicadores-3.pdf\" target=\"_blank\" rel=\"noopener\">Veja tutorial de Acesso aos Indicadores da Premia\u00e7\u00e3o Cuidar Melhor<\/a><\/li>\n<\/ul>\n","protected":false},"excerpt":{"rendered":"<p>Premia\u00e7\u00e3o &#8211; Indicadores de Esfor\u00e7os &nbsp; O programa estabelece uma premia\u00e7\u00e3o anual para os munic\u00edpios que obtiverem os melhores resultados em indicadores de esfor\u00e7o e as equipes de sa\u00fade com pr\u00e1ticas mais inovadoras no cuidar melhor da popula\u00e7\u00e3o. Os indicadores da premia\u00e7\u00e3o, definidos a partir das prioridades do programa Cuidar Melhor, s\u00e3o pactuados anualmente entre [&hellip;]<\/p>\n","protected":false},"author":12,"featured_media":0,"parent":96011,"menu_order":0,"comment_status":"closed","ping_status":"closed","template":"","meta":{"_acf_changed":false,"inline_featured_image":false,"footnotes":""},"class_list":["post-96137","page","type-page","status-publish","hentry"],"acf":[],"yoast_head":"<!-- This site is optimized with the Yoast SEO plugin v26.9 - https:\/\/yoast.com\/product\/yoast-seo-wordpress\/ -->\n<title>Premia\u00e7\u00e3o - Indicadores de Esfor\u00e7os - Secretaria da Sa\u00fade do Cear\u00e1<\/title>\n<meta name=\"robots\" content=\"index, follow, max-snippet:-1, max-image-preview:large, max-video-preview:-1\" \/>\n<link rel=\"canonical\" href=\"https:\/\/ww16.ce.gov.br\/saude\/cuidarmelhor\/servico\/premiacao\/\" \/>\n<meta property=\"og:locale\" content=\"pt_BR\" \/>\n<meta property=\"og:type\" content=\"article\" \/>\n<meta property=\"og:title\" content=\"Premia\u00e7\u00e3o - Indicadores de Esfor\u00e7os - Secretaria da Sa\u00fade do Cear\u00e1\" \/>\n<meta property=\"og:description\" content=\"Premia\u00e7\u00e3o &#8211; Indicadores de Esfor\u00e7os &nbsp; O programa estabelece uma premia\u00e7\u00e3o anual para os munic\u00edpios que obtiverem os melhores resultados em indicadores de esfor\u00e7o e as equipes de sa\u00fade com pr\u00e1ticas mais inovadoras no cuidar melhor da popula\u00e7\u00e3o. Os indicadores da premia\u00e7\u00e3o, definidos a partir das prioridades do programa Cuidar Melhor, s\u00e3o pactuados anualmente entre [&hellip;]\" \/>\n<meta property=\"og:url\" content=\"https:\/\/ww16.ce.gov.br\/saude\/cuidarmelhor\/servico\/premiacao\/\" \/>\n<meta property=\"og:site_name\" content=\"Secretaria da Sa\u00fade do Cear\u00e1\" \/>\n<meta property=\"article:modified_time\" content=\"2022-12-21T17:36:02+00:00\" \/>\n<meta name=\"twitter:card\" content=\"summary_large_image\" \/>\n<meta name=\"twitter:label1\" content=\"Est. reading time\" \/>\n\t<meta name=\"twitter:data1\" content=\"3 minutos\" \/>\n<script type=\"application\/ld+json\" class=\"yoast-schema-graph\">{\"@context\":\"https:\/\/schema.org\",\"@graph\":[{\"@type\":\"WebPage\",\"@id\":\"https:\/\/ww16.ce.gov.br\/saude\/cuidarmelhor\/servico\/premiacao\/\",\"url\":\"https:\/\/ww16.ce.gov.br\/saude\/cuidarmelhor\/servico\/premiacao\/\",\"name\":\"Premia\u00e7\u00e3o - Indicadores de Esfor\u00e7os - Secretaria da Sa\u00fade do Cear\u00e1\",\"isPartOf\":{\"@id\":\"https:\/\/ww16.ce.gov.br\/saude\/#website\"},\"datePublished\":\"2021-04-05T13:21:16+00:00\",\"dateModified\":\"2022-12-21T17:36:02+00:00\",\"breadcrumb\":{\"@id\":\"https:\/\/ww16.ce.gov.br\/saude\/cuidarmelhor\/servico\/premiacao\/#breadcrumb\"},\"inLanguage\":\"pt-BR\",\"potentialAction\":[{\"@type\":\"ReadAction\",\"target\":[\"https:\/\/ww16.ce.gov.br\/saude\/cuidarmelhor\/servico\/premiacao\/\"]}]},{\"@type\":\"BreadcrumbList\",\"@id\":\"https:\/\/ww16.ce.gov.br\/saude\/cuidarmelhor\/servico\/premiacao\/#breadcrumb\",\"itemListElement\":[{\"@type\":\"ListItem\",\"position\":1,\"name\":\"In\u00edcio\",\"item\":\"https:\/\/ww16.ce.gov.br\/saude\/\"},{\"@type\":\"ListItem\",\"position\":2,\"name\":\"Cuidar Melhor | Principal\",\"item\":\"https:\/\/ww16.ce.gov.br\/saude\/cuidarmelhor\/\"},{\"@type\":\"ListItem\",\"position\":3,\"name\":\"Cuidar Melhor | Servi\u00e7o\",\"item\":\"https:\/\/ww16.ce.gov.br\/saude\/cuidarmelhor\/servico\/\"},{\"@type\":\"ListItem\",\"position\":4,\"name\":\"Premia\u00e7\u00e3o &#8211; Indicadores de Esfor\u00e7os\"}]},{\"@type\":\"WebSite\",\"@id\":\"https:\/\/ww16.ce.gov.br\/saude\/#website\",\"url\":\"https:\/\/ww16.ce.gov.br\/saude\/\",\"name\":\"Secretaria da Sa\u00fade\",\"description\":\"Secretaria da Sa\u00fade do Cear\u00e1\",\"publisher\":{\"@id\":\"https:\/\/ww16.ce.gov.br\/saude\/#organization\"},\"potentialAction\":[{\"@type\":\"SearchAction\",\"target\":{\"@type\":\"EntryPoint\",\"urlTemplate\":\"https:\/\/ww16.ce.gov.br\/saude\/?s={search_term_string}\"},\"query-input\":{\"@type\":\"PropertyValueSpecification\",\"valueRequired\":true,\"valueName\":\"search_term_string\"}}],\"inLanguage\":\"pt-BR\"},{\"@type\":\"Organization\",\"@id\":\"https:\/\/ww16.ce.gov.br\/saude\/#organization\",\"name\":\"Secretaria da Sa\u00fade\",\"url\":\"https:\/\/ww16.ce.gov.br\/saude\/\",\"logo\":{\"@type\":\"ImageObject\",\"inLanguage\":\"pt-BR\",\"@id\":\"https:\/\/ww16.ce.gov.br\/saude\/#\/schema\/logo\/image\/\",\"url\":\"http:\/\/ww16.ce.gov.br\/saude\/wp-content\/uploads\/sites\/9\/2017\/11\/clara.png\",\"contentUrl\":\"http:\/\/ww16.ce.gov.br\/saude\/wp-content\/uploads\/sites\/9\/2017\/11\/clara.png\",\"width\":559,\"height\":106,\"caption\":\"Secretaria da Sa\u00fade\"},\"image\":{\"@id\":\"https:\/\/ww16.ce.gov.br\/saude\/#\/schema\/logo\/image\/\"}}]}<\/script>\n<!-- \/ Yoast SEO plugin. -->","yoast_head_json":{"title":"Premia\u00e7\u00e3o - Indicadores de Esfor\u00e7os - Secretaria da Sa\u00fade do Cear\u00e1","robots":{"index":"index","follow":"follow","max-snippet":"max-snippet:-1","max-image-preview":"max-image-preview:large","max-video-preview":"max-video-preview:-1"},"canonical":"https:\/\/ww16.ce.gov.br\/saude\/cuidarmelhor\/servico\/premiacao\/","og_locale":"pt_BR","og_type":"article","og_title":"Premia\u00e7\u00e3o - Indicadores de Esfor\u00e7os - Secretaria da Sa\u00fade do Cear\u00e1","og_description":"Premia\u00e7\u00e3o &#8211; Indicadores de Esfor\u00e7os &nbsp; O programa estabelece uma premia\u00e7\u00e3o anual para os munic\u00edpios que obtiverem os melhores resultados em indicadores de esfor\u00e7o e as equipes de sa\u00fade com pr\u00e1ticas mais inovadoras no cuidar melhor da popula\u00e7\u00e3o. Os indicadores da premia\u00e7\u00e3o, definidos a partir das prioridades do programa Cuidar Melhor, s\u00e3o pactuados anualmente entre [&hellip;]","og_url":"https:\/\/ww16.ce.gov.br\/saude\/cuidarmelhor\/servico\/premiacao\/","og_site_name":"Secretaria da Sa\u00fade do Cear\u00e1","article_modified_time":"2022-12-21T17:36:02+00:00","twitter_card":"summary_large_image","twitter_misc":{"Est. reading time":"3 minutos"},"schema":{"@context":"https:\/\/schema.org","@graph":[{"@type":"WebPage","@id":"https:\/\/ww16.ce.gov.br\/saude\/cuidarmelhor\/servico\/premiacao\/","url":"https:\/\/ww16.ce.gov.br\/saude\/cuidarmelhor\/servico\/premiacao\/","name":"Premia\u00e7\u00e3o - Indicadores de Esfor\u00e7os - Secretaria da Sa\u00fade do Cear\u00e1","isPartOf":{"@id":"https:\/\/ww16.ce.gov.br\/saude\/#website"},"datePublished":"2021-04-05T13:21:16+00:00","dateModified":"2022-12-21T17:36:02+00:00","breadcrumb":{"@id":"https:\/\/ww16.ce.gov.br\/saude\/cuidarmelhor\/servico\/premiacao\/#breadcrumb"},"inLanguage":"pt-BR","potentialAction":[{"@type":"ReadAction","target":["https:\/\/ww16.ce.gov.br\/saude\/cuidarmelhor\/servico\/premiacao\/"]}]},{"@type":"BreadcrumbList","@id":"https:\/\/ww16.ce.gov.br\/saude\/cuidarmelhor\/servico\/premiacao\/#breadcrumb","itemListElement":[{"@type":"ListItem","position":1,"name":"In\u00edcio","item":"https:\/\/ww16.ce.gov.br\/saude\/"},{"@type":"ListItem","position":2,"name":"Cuidar Melhor | Principal","item":"https:\/\/ww16.ce.gov.br\/saude\/cuidarmelhor\/"},{"@type":"ListItem","position":3,"name":"Cuidar Melhor | Servi\u00e7o","item":"https:\/\/ww16.ce.gov.br\/saude\/cuidarmelhor\/servico\/"},{"@type":"ListItem","position":4,"name":"Premia\u00e7\u00e3o &#8211; Indicadores de Esfor\u00e7os"}]},{"@type":"WebSite","@id":"https:\/\/ww16.ce.gov.br\/saude\/#website","url":"https:\/\/ww16.ce.gov.br\/saude\/","name":"Secretaria da Sa\u00fade","description":"Secretaria da Sa\u00fade do Cear\u00e1","publisher":{"@id":"https:\/\/ww16.ce.gov.br\/saude\/#organization"},"potentialAction":[{"@type":"SearchAction","target":{"@type":"EntryPoint","urlTemplate":"https:\/\/ww16.ce.gov.br\/saude\/?s={search_term_string}"},"query-input":{"@type":"PropertyValueSpecification","valueRequired":true,"valueName":"search_term_string"}}],"inLanguage":"pt-BR"},{"@type":"Organization","@id":"https:\/\/ww16.ce.gov.br\/saude\/#organization","name":"Secretaria da Sa\u00fade","url":"https:\/\/ww16.ce.gov.br\/saude\/","logo":{"@type":"ImageObject","inLanguage":"pt-BR","@id":"https:\/\/ww16.ce.gov.br\/saude\/#\/schema\/logo\/image\/","url":"http:\/\/ww16.ce.gov.br\/saude\/wp-content\/uploads\/sites\/9\/2017\/11\/clara.png","contentUrl":"http:\/\/ww16.ce.gov.br\/saude\/wp-content\/uploads\/sites\/9\/2017\/11\/clara.png","width":559,"height":106,"caption":"Secretaria da Sa\u00fade"},"image":{"@id":"https:\/\/ww16.ce.gov.br\/saude\/#\/schema\/logo\/image\/"}}]}},"_links":{"self":[{"href":"https:\/\/ww16.ce.gov.br\/saude\/wp-json\/wp\/v2\/pages\/96137","targetHints":{"allow":["GET"]}}],"collection":[{"href":"https:\/\/ww16.ce.gov.br\/saude\/wp-json\/wp\/v2\/pages"}],"about":[{"href":"https:\/\/ww16.ce.gov.br\/saude\/wp-json\/wp\/v2\/types\/page"}],"author":[{"embeddable":true,"href":"https:\/\/ww16.ce.gov.br\/saude\/wp-json\/wp\/v2\/users\/12"}],"replies":[{"embeddable":true,"href":"https:\/\/ww16.ce.gov.br\/saude\/wp-json\/wp\/v2\/comments?post=96137"}],"version-history":[{"count":33,"href":"https:\/\/ww16.ce.gov.br\/saude\/wp-json\/wp\/v2\/pages\/96137\/revisions"}],"predecessor-version":[{"id":113531,"href":"https:\/\/ww16.ce.gov.br\/saude\/wp-json\/wp\/v2\/pages\/96137\/revisions\/113531"}],"up":[{"embeddable":true,"href":"https:\/\/ww16.ce.gov.br\/saude\/wp-json\/wp\/v2\/pages\/96011"}],"wp:attachment":[{"href":"https:\/\/ww16.ce.gov.br\/saude\/wp-json\/wp\/v2\/media?parent=96137"}],"curies":[{"name":"wp","href":"https:\/\/api.w.org\/{rel}","templated":true}]}}