{"id":96097,"date":"2021-04-01T15:19:14","date_gmt":"2021-04-01T18:19:14","guid":{"rendered":"http:\/\/ww16.ce.gov.br\/saude\/?page_id=96097"},"modified":"2023-05-17T11:40:54","modified_gmt":"2023-05-17T14:40:54","slug":"publicacoes","status":"publish","type":"page","link":"https:\/\/ww16.ce.gov.br\/saude\/cuidarmelhor\/servico\/publicacoes\/","title":{"rendered":"Cuidar Melhor | Publica\u00e7\u00f5es"},"content":{"rendered":"<p>&nbsp;<\/p>\n<h2><strong>Publica\u00e7\u00f5es<\/strong><\/h2>\n<p>&nbsp;<\/p>\n<ul class=\"ListaEst col2\">\n<li><a href=\"https:\/\/www.youtube.com\/watch?v=UDE4QMrTudk\" target=\"_blank\" rel=\"noopener noreferrer\">Lan\u00e7amento do Programa<\/a><\/li>\n<li><a href=\"https:\/\/ww16.ce.gov.br\/saude\/wp-content\/uploads\/sites\/64\/2020\/03\/Concurso-Municipio-Inovador-do-Programa-Cuidar-Melhor-07.12-2.pdf\" target=\"_blank\" rel=\"noopener noreferrer\">Manual de Pr\u00e1ticas &#8211; Concurso Munic\u00edpio Inovador<\/a><\/li>\n<li><a href=\"https:\/\/ww16.ce.gov.br\/saude\/wp-content\/uploads\/sites\/64\/2021\/04\/Informativo_Programa_Cuidar_Melhor_20211410.pdf\" target=\"_blank\" rel=\"noopener noreferrer\">Informativo<\/a><\/li>\n<li><a href=\"https:\/\/ww16.ce.gov.br\/saude\/wp-content\/uploads\/sites\/64\/2020\/03\/Documento-orientador-Cuidar-Melhor-1.pdf\" target=\"_blank\" rel=\"noopener noreferrer\">3 Passos para Cuidar Melhor<\/a><\/li>\n<li><a href=\"https:\/\/ww16.ce.gov.br\/saude\/wp-content\/uploads\/sites\/64\/2021\/04\/agenda_Estrategica_de_Mobilizacao_Programa_Cuidar_Melhor_20212308.pdf\" target=\"_blank\" rel=\"noopener noreferrer\">Agenda Estrat\u00e9gica de Mobiliza\u00e7\u00e3o<\/a><\/li>\n<li><a href=\"https:\/\/ww16.ce.gov.br\/saude\/wp-content\/uploads\/sites\/64\/2022\/12\/ficha_tecnica_simplificada_indicadores_premiacao_cuidar_melhor_20211910-2.pdf\" target=\"_blank\" rel=\"noopener noreferrer\">Ficha t\u00e9cnica simplificada dos indicadores<\/a><\/li>\n<li><a href=\"https:\/\/ww16.ce.gov.br\/saude\/cuidarmelhor\/servico\/legislacao\/\">Legisla\u00e7\u00e3o<\/a><\/li>\n<li><a href=\"https:\/\/ww16.ce.gov.br\/saude\/cuidarmelhor\/servico\/publicacoes\/notas-explicativas\/\" target=\"_blank\" rel=\"noopener noreferrer\">Notas explicativas<\/a><\/li>\n<\/ul>\n<p>&nbsp;<\/p>\n","protected":false},"excerpt":{"rendered":"<p>&nbsp; Publica\u00e7\u00f5es &nbsp; Lan\u00e7amento do Programa Manual de Pr\u00e1ticas &#8211; Concurso Munic\u00edpio Inovador Informativo 3 Passos para Cuidar Melhor Agenda Estrat\u00e9gica de Mobiliza\u00e7\u00e3o Ficha t\u00e9cnica simplificada dos indicadores Legisla\u00e7\u00e3o Notas explicativas &nbsp;<\/p>\n","protected":false},"author":12,"featured_media":0,"parent":96011,"menu_order":0,"comment_status":"closed","ping_status":"closed","template":"","meta":{"_acf_changed":false,"inline_featured_image":false,"footnotes":""},"class_list":["post-96097","page","type-page","status-publish","hentry"],"acf":[],"yoast_head":"<!-- This site is optimized with the Yoast SEO plugin v26.9 - https:\/\/yoast.com\/product\/yoast-seo-wordpress\/ -->\n<title>Cuidar Melhor | Publica\u00e7\u00f5es - Secretaria da Sa\u00fade do Cear\u00e1<\/title>\n<meta name=\"robots\" content=\"index, follow, max-snippet:-1, max-image-preview:large, max-video-preview:-1\" \/>\n<link rel=\"canonical\" href=\"https:\/\/ww16.ce.gov.br\/saude\/cuidarmelhor\/servico\/publicacoes\/\" \/>\n<meta property=\"og:locale\" content=\"pt_BR\" \/>\n<meta property=\"og:type\" content=\"article\" \/>\n<meta property=\"og:title\" content=\"Cuidar Melhor | Publica\u00e7\u00f5es - Secretaria da Sa\u00fade do Cear\u00e1\" \/>\n<meta property=\"og:description\" content=\"&nbsp; Publica\u00e7\u00f5es &nbsp; Lan\u00e7amento do Programa Manual de Pr\u00e1ticas &#8211; Concurso Munic\u00edpio Inovador Informativo 3 Passos para Cuidar Melhor Agenda Estrat\u00e9gica de Mobiliza\u00e7\u00e3o Ficha t\u00e9cnica simplificada dos indicadores Legisla\u00e7\u00e3o Notas explicativas &nbsp;\" \/>\n<meta property=\"og:url\" content=\"https:\/\/ww16.ce.gov.br\/saude\/cuidarmelhor\/servico\/publicacoes\/\" \/>\n<meta property=\"og:site_name\" content=\"Secretaria da Sa\u00fade do Cear\u00e1\" \/>\n<meta property=\"article:modified_time\" content=\"2023-05-17T14:40:54+00:00\" \/>\n<meta name=\"twitter:card\" content=\"summary_large_image\" \/>\n<meta name=\"twitter:label1\" content=\"Est. reading time\" \/>\n\t<meta name=\"twitter:data1\" content=\"1 minuto\" \/>\n<script type=\"application\/ld+json\" class=\"yoast-schema-graph\">{\"@context\":\"https:\/\/schema.org\",\"@graph\":[{\"@type\":\"WebPage\",\"@id\":\"https:\/\/ww16.ce.gov.br\/saude\/cuidarmelhor\/servico\/publicacoes\/\",\"url\":\"https:\/\/ww16.ce.gov.br\/saude\/cuidarmelhor\/servico\/publicacoes\/\",\"name\":\"Cuidar Melhor | Publica\u00e7\u00f5es - Secretaria da Sa\u00fade do Cear\u00e1\",\"isPartOf\":{\"@id\":\"https:\/\/ww16.ce.gov.br\/saude\/#website\"},\"datePublished\":\"2021-04-01T18:19:14+00:00\",\"dateModified\":\"2023-05-17T14:40:54+00:00\",\"breadcrumb\":{\"@id\":\"https:\/\/ww16.ce.gov.br\/saude\/cuidarmelhor\/servico\/publicacoes\/#breadcrumb\"},\"inLanguage\":\"pt-BR\",\"potentialAction\":[{\"@type\":\"ReadAction\",\"target\":[\"https:\/\/ww16.ce.gov.br\/saude\/cuidarmelhor\/servico\/publicacoes\/\"]}]},{\"@type\":\"BreadcrumbList\",\"@id\":\"https:\/\/ww16.ce.gov.br\/saude\/cuidarmelhor\/servico\/publicacoes\/#breadcrumb\",\"itemListElement\":[{\"@type\":\"ListItem\",\"position\":1,\"name\":\"In\u00edcio\",\"item\":\"https:\/\/ww16.ce.gov.br\/saude\/\"},{\"@type\":\"ListItem\",\"position\":2,\"name\":\"Cuidar Melhor | Principal\",\"item\":\"https:\/\/ww16.ce.gov.br\/saude\/cuidarmelhor\/\"},{\"@type\":\"ListItem\",\"position\":3,\"name\":\"Cuidar Melhor | Servi\u00e7o\",\"item\":\"https:\/\/ww16.ce.gov.br\/saude\/cuidarmelhor\/servico\/\"},{\"@type\":\"ListItem\",\"position\":4,\"name\":\"Cuidar Melhor | Publica\u00e7\u00f5es\"}]},{\"@type\":\"WebSite\",\"@id\":\"https:\/\/ww16.ce.gov.br\/saude\/#website\",\"url\":\"https:\/\/ww16.ce.gov.br\/saude\/\",\"name\":\"Secretaria da Sa\u00fade\",\"description\":\"Secretaria da Sa\u00fade do Cear\u00e1\",\"publisher\":{\"@id\":\"https:\/\/ww16.ce.gov.br\/saude\/#organization\"},\"potentialAction\":[{\"@type\":\"SearchAction\",\"target\":{\"@type\":\"EntryPoint\",\"urlTemplate\":\"https:\/\/ww16.ce.gov.br\/saude\/?s={search_term_string}\"},\"query-input\":{\"@type\":\"PropertyValueSpecification\",\"valueRequired\":true,\"valueName\":\"search_term_string\"}}],\"inLanguage\":\"pt-BR\"},{\"@type\":\"Organization\",\"@id\":\"https:\/\/ww16.ce.gov.br\/saude\/#organization\",\"name\":\"Secretaria da Sa\u00fade\",\"url\":\"https:\/\/ww16.ce.gov.br\/saude\/\",\"logo\":{\"@type\":\"ImageObject\",\"inLanguage\":\"pt-BR\",\"@id\":\"https:\/\/ww16.ce.gov.br\/saude\/#\/schema\/logo\/image\/\",\"url\":\"http:\/\/ww16.ce.gov.br\/saude\/wp-content\/uploads\/sites\/9\/2017\/11\/clara.png\",\"contentUrl\":\"http:\/\/ww16.ce.gov.br\/saude\/wp-content\/uploads\/sites\/9\/2017\/11\/clara.png\",\"width\":559,\"height\":106,\"caption\":\"Secretaria da Sa\u00fade\"},\"image\":{\"@id\":\"https:\/\/ww16.ce.gov.br\/saude\/#\/schema\/logo\/image\/\"}}]}<\/script>\n<!-- \/ Yoast SEO plugin. -->","yoast_head_json":{"title":"Cuidar Melhor | Publica\u00e7\u00f5es - Secretaria da Sa\u00fade do Cear\u00e1","robots":{"index":"index","follow":"follow","max-snippet":"max-snippet:-1","max-image-preview":"max-image-preview:large","max-video-preview":"max-video-preview:-1"},"canonical":"https:\/\/ww16.ce.gov.br\/saude\/cuidarmelhor\/servico\/publicacoes\/","og_locale":"pt_BR","og_type":"article","og_title":"Cuidar Melhor | Publica\u00e7\u00f5es - Secretaria da Sa\u00fade do Cear\u00e1","og_description":"&nbsp; Publica\u00e7\u00f5es &nbsp; Lan\u00e7amento do Programa Manual de Pr\u00e1ticas &#8211; Concurso Munic\u00edpio Inovador Informativo 3 Passos para Cuidar Melhor Agenda Estrat\u00e9gica de Mobiliza\u00e7\u00e3o Ficha t\u00e9cnica simplificada dos indicadores Legisla\u00e7\u00e3o Notas explicativas &nbsp;","og_url":"https:\/\/ww16.ce.gov.br\/saude\/cuidarmelhor\/servico\/publicacoes\/","og_site_name":"Secretaria da Sa\u00fade do Cear\u00e1","article_modified_time":"2023-05-17T14:40:54+00:00","twitter_card":"summary_large_image","twitter_misc":{"Est. reading time":"1 minuto"},"schema":{"@context":"https:\/\/schema.org","@graph":[{"@type":"WebPage","@id":"https:\/\/ww16.ce.gov.br\/saude\/cuidarmelhor\/servico\/publicacoes\/","url":"https:\/\/ww16.ce.gov.br\/saude\/cuidarmelhor\/servico\/publicacoes\/","name":"Cuidar Melhor | Publica\u00e7\u00f5es - Secretaria da Sa\u00fade do Cear\u00e1","isPartOf":{"@id":"https:\/\/ww16.ce.gov.br\/saude\/#website"},"datePublished":"2021-04-01T18:19:14+00:00","dateModified":"2023-05-17T14:40:54+00:00","breadcrumb":{"@id":"https:\/\/ww16.ce.gov.br\/saude\/cuidarmelhor\/servico\/publicacoes\/#breadcrumb"},"inLanguage":"pt-BR","potentialAction":[{"@type":"ReadAction","target":["https:\/\/ww16.ce.gov.br\/saude\/cuidarmelhor\/servico\/publicacoes\/"]}]},{"@type":"BreadcrumbList","@id":"https:\/\/ww16.ce.gov.br\/saude\/cuidarmelhor\/servico\/publicacoes\/#breadcrumb","itemListElement":[{"@type":"ListItem","position":1,"name":"In\u00edcio","item":"https:\/\/ww16.ce.gov.br\/saude\/"},{"@type":"ListItem","position":2,"name":"Cuidar Melhor | Principal","item":"https:\/\/ww16.ce.gov.br\/saude\/cuidarmelhor\/"},{"@type":"ListItem","position":3,"name":"Cuidar Melhor | Servi\u00e7o","item":"https:\/\/ww16.ce.gov.br\/saude\/cuidarmelhor\/servico\/"},{"@type":"ListItem","position":4,"name":"Cuidar Melhor | Publica\u00e7\u00f5es"}]},{"@type":"WebSite","@id":"https:\/\/ww16.ce.gov.br\/saude\/#website","url":"https:\/\/ww16.ce.gov.br\/saude\/","name":"Secretaria da Sa\u00fade","description":"Secretaria da Sa\u00fade do Cear\u00e1","publisher":{"@id":"https:\/\/ww16.ce.gov.br\/saude\/#organization"},"potentialAction":[{"@type":"SearchAction","target":{"@type":"EntryPoint","urlTemplate":"https:\/\/ww16.ce.gov.br\/saude\/?s={search_term_string}"},"query-input":{"@type":"PropertyValueSpecification","valueRequired":true,"valueName":"search_term_string"}}],"inLanguage":"pt-BR"},{"@type":"Organization","@id":"https:\/\/ww16.ce.gov.br\/saude\/#organization","name":"Secretaria da Sa\u00fade","url":"https:\/\/ww16.ce.gov.br\/saude\/","logo":{"@type":"ImageObject","inLanguage":"pt-BR","@id":"https:\/\/ww16.ce.gov.br\/saude\/#\/schema\/logo\/image\/","url":"http:\/\/ww16.ce.gov.br\/saude\/wp-content\/uploads\/sites\/9\/2017\/11\/clara.png","contentUrl":"http:\/\/ww16.ce.gov.br\/saude\/wp-content\/uploads\/sites\/9\/2017\/11\/clara.png","width":559,"height":106,"caption":"Secretaria da Sa\u00fade"},"image":{"@id":"https:\/\/ww16.ce.gov.br\/saude\/#\/schema\/logo\/image\/"}}]}},"_links":{"self":[{"href":"https:\/\/ww16.ce.gov.br\/saude\/wp-json\/wp\/v2\/pages\/96097","targetHints":{"allow":["GET"]}}],"collection":[{"href":"https:\/\/ww16.ce.gov.br\/saude\/wp-json\/wp\/v2\/pages"}],"about":[{"href":"https:\/\/ww16.ce.gov.br\/saude\/wp-json\/wp\/v2\/types\/page"}],"author":[{"embeddable":true,"href":"https:\/\/ww16.ce.gov.br\/saude\/wp-json\/wp\/v2\/users\/12"}],"replies":[{"embeddable":true,"href":"https:\/\/ww16.ce.gov.br\/saude\/wp-json\/wp\/v2\/comments?post=96097"}],"version-history":[{"count":24,"href":"https:\/\/ww16.ce.gov.br\/saude\/wp-json\/wp\/v2\/pages\/96097\/revisions"}],"predecessor-version":[{"id":118174,"href":"https:\/\/ww16.ce.gov.br\/saude\/wp-json\/wp\/v2\/pages\/96097\/revisions\/118174"}],"up":[{"embeddable":true,"href":"https:\/\/ww16.ce.gov.br\/saude\/wp-json\/wp\/v2\/pages\/96011"}],"wp:attachment":[{"href":"https:\/\/ww16.ce.gov.br\/saude\/wp-json\/wp\/v2\/media?parent=96097"}],"curies":[{"name":"wp","href":"https:\/\/api.w.org\/{rel}","templated":true}]}}