{"id":96077,"date":"2021-04-01T13:56:23","date_gmt":"2021-04-01T16:56:23","guid":{"rendered":"http:\/\/ww16.ce.gov.br\/saude\/?page_id=96077"},"modified":"2022-12-08T10:56:38","modified_gmt":"2022-12-08T13:56:38","slug":"legislacao","status":"publish","type":"page","link":"https:\/\/ww16.ce.gov.br\/saude\/cuidarmelhor\/servico\/legislacao\/","title":{"rendered":"Cuidar Melhor | Legisla\u00e7\u00e3o"},"content":{"rendered":"<h2><strong>Legisla\u00e7\u00e3o<\/strong><\/h2>\n<p>&nbsp;<\/p>\n<h3><strong>1988<\/strong><\/h3>\n<p>&nbsp;<\/p>\n<p>\u2022 Constitui\u00e7\u00e3o Federal de 1988. Artigo 158. T\u00edtulo VI. Da Tributa\u00e7\u00e3o e do Or\u00e7amento. Cap\u00edtulo I. Do Sistema Tribut\u00e1rio Nacional. Se\u00e7\u00e3o VI. Da Reparti\u00e7\u00e3o das Receitas Tribut\u00e1rias <a href=\"https:\/\/www.senado.leg.br\/atividade\/const\/con1988\/CON1988_15.09.2015\/art_158 _.asp\"><strong>Texto na \u00edntegra<\/strong>.<\/a><\/p>\n<p>&nbsp;<\/p>\n<h3><strong>1996<\/strong><\/h3>\n<p>&nbsp;<\/p>\n<p>\u2022 Lei N\u00ba 12.612, de 07 de agosto de 1996. Define, na forma do Art. 158, Par\u00e1grafo \u00danico, II, da Constitui\u00e7\u00e3o Federal, crit\u00e9rios para distribui\u00e7\u00e3o da parcela de receita do produto de arrecada\u00e7\u00e3o do ICMS pertencente aos munic\u00edpios. <a href=\"https:\/\/belt.al.ce.gov.br\/index.php\/legislacao-do-ceara\/titulos-de-utilidade-publica\/item\/2512-lei-n-12-612-de-07-08-96-d-o-de-12-08-96\" target=\"_blank\" rel=\"noopener\"><strong>Texto na \u00edntegra<\/strong><\/a>.<\/p>\n<p>&nbsp;<\/p>\n<h3><strong>2019<\/h3>\n<p><\/strong><br \/>\n&nbsp;<\/p>\n<p>\u2022 Lei N\u00ba 17.006, 30 de setembro de 2019. Disp\u00f5e sobre a integra\u00e7\u00e3o, no \u00e2mbito do Sistema \u00fanico de Sa\u00fade &#8211; SUS, das A\u00e7\u00f5es e Servi\u00e7os de sa\u00fade em Regi\u00f5es de Sa\u00fade no Estado do Cear\u00e1. <a href=\"https:\/\/belt.al.ce.gov.br\/index.php\/legislacao-do-ceara\/organizacao-tematica\/seguridade-social-e-saude\/item\/6785-lei-n-17-006-30-09-19-d-o-30-09-19\" target=\"_blank\" rel=\"noopener\"><strong>Texto na \u00edntegra<\/strong><\/a>.<\/p>\n<p>&nbsp;<\/p>\n<p>\u2022 Decreto N\u00ba 33.320, de 24 de outubro de 2019. Estabelece procedimentos para encaminhamento de projetos \u00e0 Ger\u00eancia Executiva do FECOP &#8211; GEF, e institui crit\u00e9rios para an\u00e1lise e avalia\u00e7\u00e3o de projetos para fins de libera\u00e7\u00e3o do Conselho Consultivo de Pol\u00edticas de Inclus\u00e3o Social &#8211; CCPIS, e d\u00e1 outras provid\u00eancias. <a href=\"https:\/\/imagens.seplag.ce.gov.br\/PDF\/20191029\/do20191029p01.pdf#page=38\"><strong>Texto na \u00edntegra<\/strong><\/a><\/p>\n<p>&nbsp;<\/p>\n<h3><strong>2020<\/strong><\/h3>\n<p>&nbsp;<\/p>\n<p>\u2022 Decreto N\u00ba 33.424, de 07 de janeiro de 2020. Altera o decreto N\u00ba 29.306, de 05 de Junho de 2008, e d\u00e1 outras provid\u00eancias. \u201cConsiderando a necessidade de aperfei\u00e7oar e adequar a metodologia para c\u00e1lculo do \u2018\u00cdndice Municipal de Qualidade da Sa\u00fade, IQS, \u00e0 pol\u00edtica de sa\u00fade definida pela Secretaria da Sa\u00fade do Estado do Cear\u00e1 \u2013 SESA\u2019\u201d. <a href=\"https:\/\/leisestaduais.com.br\/ce\/decreto-n-34033-2021-ceara-consolida-os-indicadores-de-qualidade-da-saude-a-que-se-refere-o-inciso-iii-do-art-1o-da-lei-no-12-612-de-07-de-agosto-de-1996-para-distribuicao-da-parcela-de-receita-do-produto-de-arrecadacao-icms-pertencente-aos-municipios\" target=\"_blank\" rel=\"noopener\"><strong>Texto na \u00edntegra<\/strong><\/a>.<\/p>\n<p>&nbsp;<\/p>\n<p>\u2022 Emenda Constitucional N\u00ba 108, de 26 de agosto de 2020. Altera a Constitui\u00e7\u00e3o Federal para estabelecer crit\u00e9rios de distribui\u00e7\u00e3o da cota municipal do Imposto sobre Opera\u00e7\u00f5es Relativas \u00e0 Circula\u00e7\u00e3o de Mercadorias e sobre Presta\u00e7\u00f5es de Servi\u00e7os de Transporte Interestadual e Intermunicipal e de Comunica\u00e7\u00e3o (ICMS), para disciplinar a disponibiliza\u00e7\u00e3o de dados cont\u00e1beis pelos entes federados, para tratar do planejamento na ordem social e para dispor sobre o Fundo de Manuten\u00e7\u00e3o e Desenvolvimento da Educa\u00e7\u00e3o B\u00e1sica e de Valoriza\u00e7\u00e3o dos Profissionais da Educa\u00e7\u00e3o (Fundeb); altera o Ato das Disposi\u00e7\u00f5es Constitucionais Transit\u00f3rias; e d\u00e1 outras provid\u00eancias. <a href=\"https:\/\/www.planalto.gov.br\/ccivil_03\/constituicao\/emendas\/emc\/emc108.htm\"><strong>Texto na \u00edntegra<\/strong>.<\/a><\/p>\n<p>&nbsp;<\/p>\n<p>\u2022 Portaria N\u00ba 19, de 02 de outubro de 2020. Republica o \u00edndice Municipal de Qualidade em Sa\u00fade, sua respectiva participa\u00e7\u00e3o e o coeficiente de rateio em 2020. <a href=\"https:\/\/imagens.seplag.ce.gov.br\/PDF\/20201006\/do20201006p01.pdf#page=48\"><strong>Texto na \u00edntegra<\/strong><\/a>.<\/p>\n<p>&nbsp;<\/p>\n<p>\u2022 Lei N\u00ba 17.320, de 22 de outubro de 2020. Altera a Lei n.\u00ba 12.612, de 7 de Agosto de 1996. Aumenta de 5% para 15% os recursos de ICMS destinados aos munic\u00edpios em fun\u00e7\u00e3o de indicadores de qualidade da sa\u00fade. <a href=\"https:\/\/www2.al.ce.gov.br\/legislativo\/legislacao5\/leis2020\/17320.htm\"><strong>Texto na \u00edntegra<\/strong><\/a>.<\/p>\n<p>&nbsp;<\/p>\n<h3><strong>2021<\/strong><\/h3>\n<p>&nbsp;<\/p>\n<p>\u2022 Portaria &#8211; N\u00ba 152\/2021, de 15 de fevereiro de 2021. Institui o Grupo Condutor para implanta\u00e7\u00e3o do Programa Cuidar Melhor no Estado do Cear\u00e1. <a href=\"https:\/\/ww16.ce.gov.br\/saude\/wp-content\/uploads\/sites\/64\/2021\/04\/portaria-152.2021-DOE-CE-2-1-1.pdf\" target=\"_blank\" rel=\"noopener\"><strong>Texto na \u00edntegra<\/strong><\/a>.<\/p>\n<p>&nbsp;<\/p>\n<p>\u2022 Resolu\u00e7\u00e3o N\u00ba 17\/2021, de 16 de julho de 2021. Aprova o Programa Cuidar Melhor Cear\u00e1 da Secretaria Executiva de Pol\u00edticas de Sa\u00fade (Sepos) e Coordenadoria de Pol\u00edticas Intersetoriais (Copis). <a href=\"https:\/\/ww16.ce.gov.br\/saude\/wp-content\/uploads\/sites\/64\/2021\/04\/17-RESOLUCAO-17.2021-PROGRAMA-CUIDAR-MELHOR-DA-SAUDE.pdf\" target=\"_blank\" rel=\"noopener\"><strong>Texto na \u00edntegra<\/strong><\/a>.<\/p>\n<p>&nbsp;<\/p>\n<p>\u2022 Portaria N\u00ba 25\/2021, de 20 de agosto de 2021 &#8211; Publica o \u00cdndice Municipal de Qualidade Educacional, o \u00cdndice Municipal de Qualidade da Sa\u00fade, o \u00cdndice Municipal de Qualidade do Meio Ambiente, suas respectivas participa\u00e7\u00f5es e os coeficientes de rateio. <a href=\"https:\/\/ww16.ce.gov.br\/saude\/wp-content\/uploads\/sites\/64\/2020\/03\/Portaria-IPECE-IQE-IQS-IQM-DOE-30082021-1-1.pdf\" target=\"_blank\" rel=\"noopener\"><strong>Texto na \u00edntegra<\/strong><\/a>.<\/p>\n<p>&nbsp;<\/p>\n<p>\u2022\u00a0 Lei N\u00ba 17.757, de 11 de novembro de 2021. Disp\u00f5e sobre o Programa Cuidar Melhor da Sa\u00fade, no \u00e2mbito no Sistema \u00danico de Sa\u00fade (SUS) do Estado do Cear\u00e1, e autoriza o Poder Executivo a premiar munic\u00edpios com pr\u00e1ticas inovadoras em sa\u00fade e com melhores resultados em indicadores de sa\u00fade. <a href=\"https:\/\/ww16.ce.gov.br\/saude\/wp-content\/uploads\/sites\/64\/2020\/03\/Lei-no-17.757-de-11.11.2021-Dispo\u0303e-sobre-o-Prog.Cuidar-Melhor-da-Sau\u0301de-1.pdf\" target=\"_blank\" rel=\"noopener\"><strong>Texto na \u00edntegra<\/strong><\/a>.<\/p>\n<p>&nbsp;<\/p>\n<h3><strong>2022<\/strong><\/h3>\n<p>&nbsp;<\/p>\n<p>\u2022 Portaria N\u00ba 008\/2022, de 19 de janeiro de 2022. Aprova\u00e7\u00e3o dos indicadores de esfor\u00e7o da premia\u00e7\u00e3o do Programa Cuidar Melhor. <a href=\"https:\/\/ww16.ce.gov.br\/saude\/wp-content\/uploads\/sites\/64\/2020\/03\/Portaria-Indicadores-de-Esforco-2.pdf\" target=\"_blank\" rel=\"noopener\"><strong>Texto na \u00edntegra<\/strong><\/a>.<\/p>\n","protected":false},"excerpt":{"rendered":"<p>Legisla\u00e7\u00e3o &nbsp; 1988 &nbsp; \u2022 Constitui\u00e7\u00e3o Federal de 1988. Artigo 158. T\u00edtulo VI. Da Tributa\u00e7\u00e3o e do Or\u00e7amento. Cap\u00edtulo I. Do Sistema Tribut\u00e1rio Nacional. Se\u00e7\u00e3o VI. Da Reparti\u00e7\u00e3o das Receitas Tribut\u00e1rias Texto na \u00edntegra. &nbsp; 1996 &nbsp; \u2022 Lei N\u00ba 12.612, de 07 de agosto de 1996. Define, na forma do Art. 158, Par\u00e1grafo \u00danico, [&hellip;]<\/p>\n","protected":false},"author":12,"featured_media":0,"parent":96011,"menu_order":0,"comment_status":"closed","ping_status":"closed","template":"","meta":{"_acf_changed":false,"inline_featured_image":false,"footnotes":""},"class_list":["post-96077","page","type-page","status-publish","hentry"],"acf":[],"yoast_head":"<!-- This site is optimized with the Yoast SEO plugin v26.9 - https:\/\/yoast.com\/product\/yoast-seo-wordpress\/ -->\n<title>Cuidar Melhor | Legisla\u00e7\u00e3o - Secretaria da Sa\u00fade do Cear\u00e1<\/title>\n<meta name=\"robots\" content=\"index, follow, max-snippet:-1, max-image-preview:large, max-video-preview:-1\" \/>\n<link rel=\"canonical\" href=\"https:\/\/ww16.ce.gov.br\/saude\/cuidarmelhor\/servico\/legislacao\/\" \/>\n<meta property=\"og:locale\" content=\"pt_BR\" \/>\n<meta property=\"og:type\" content=\"article\" \/>\n<meta property=\"og:title\" content=\"Cuidar Melhor | Legisla\u00e7\u00e3o - Secretaria da Sa\u00fade do Cear\u00e1\" \/>\n<meta property=\"og:description\" content=\"Legisla\u00e7\u00e3o &nbsp; 1988 &nbsp; \u2022 Constitui\u00e7\u00e3o Federal de 1988. Artigo 158. T\u00edtulo VI. Da Tributa\u00e7\u00e3o e do Or\u00e7amento. Cap\u00edtulo I. Do Sistema Tribut\u00e1rio Nacional. Se\u00e7\u00e3o VI. Da Reparti\u00e7\u00e3o das Receitas Tribut\u00e1rias Texto na \u00edntegra. &nbsp; 1996 &nbsp; \u2022 Lei N\u00ba 12.612, de 07 de agosto de 1996. Define, na forma do Art. 158, Par\u00e1grafo \u00danico, [&hellip;]\" \/>\n<meta property=\"og:url\" content=\"https:\/\/ww16.ce.gov.br\/saude\/cuidarmelhor\/servico\/legislacao\/\" \/>\n<meta property=\"og:site_name\" content=\"Secretaria da Sa\u00fade do Cear\u00e1\" \/>\n<meta property=\"article:modified_time\" content=\"2022-12-08T13:56:38+00:00\" \/>\n<meta name=\"twitter:card\" content=\"summary_large_image\" \/>\n<meta name=\"twitter:label1\" content=\"Est. reading time\" \/>\n\t<meta name=\"twitter:data1\" content=\"4 minutos\" \/>\n<script type=\"application\/ld+json\" class=\"yoast-schema-graph\">{\"@context\":\"https:\/\/schema.org\",\"@graph\":[{\"@type\":\"WebPage\",\"@id\":\"https:\/\/ww16.ce.gov.br\/saude\/cuidarmelhor\/servico\/legislacao\/\",\"url\":\"https:\/\/ww16.ce.gov.br\/saude\/cuidarmelhor\/servico\/legislacao\/\",\"name\":\"Cuidar Melhor | Legisla\u00e7\u00e3o - Secretaria da Sa\u00fade do Cear\u00e1\",\"isPartOf\":{\"@id\":\"https:\/\/ww16.ce.gov.br\/saude\/#website\"},\"datePublished\":\"2021-04-01T16:56:23+00:00\",\"dateModified\":\"2022-12-08T13:56:38+00:00\",\"breadcrumb\":{\"@id\":\"https:\/\/ww16.ce.gov.br\/saude\/cuidarmelhor\/servico\/legislacao\/#breadcrumb\"},\"inLanguage\":\"pt-BR\",\"potentialAction\":[{\"@type\":\"ReadAction\",\"target\":[\"https:\/\/ww16.ce.gov.br\/saude\/cuidarmelhor\/servico\/legislacao\/\"]}]},{\"@type\":\"BreadcrumbList\",\"@id\":\"https:\/\/ww16.ce.gov.br\/saude\/cuidarmelhor\/servico\/legislacao\/#breadcrumb\",\"itemListElement\":[{\"@type\":\"ListItem\",\"position\":1,\"name\":\"In\u00edcio\",\"item\":\"https:\/\/ww16.ce.gov.br\/saude\/\"},{\"@type\":\"ListItem\",\"position\":2,\"name\":\"Cuidar Melhor | Principal\",\"item\":\"https:\/\/ww16.ce.gov.br\/saude\/cuidarmelhor\/\"},{\"@type\":\"ListItem\",\"position\":3,\"name\":\"Cuidar Melhor | Servi\u00e7o\",\"item\":\"https:\/\/ww16.ce.gov.br\/saude\/cuidarmelhor\/servico\/\"},{\"@type\":\"ListItem\",\"position\":4,\"name\":\"Cuidar Melhor | Legisla\u00e7\u00e3o\"}]},{\"@type\":\"WebSite\",\"@id\":\"https:\/\/ww16.ce.gov.br\/saude\/#website\",\"url\":\"https:\/\/ww16.ce.gov.br\/saude\/\",\"name\":\"Secretaria da Sa\u00fade\",\"description\":\"Secretaria da Sa\u00fade do Cear\u00e1\",\"publisher\":{\"@id\":\"https:\/\/ww16.ce.gov.br\/saude\/#organization\"},\"potentialAction\":[{\"@type\":\"SearchAction\",\"target\":{\"@type\":\"EntryPoint\",\"urlTemplate\":\"https:\/\/ww16.ce.gov.br\/saude\/?s={search_term_string}\"},\"query-input\":{\"@type\":\"PropertyValueSpecification\",\"valueRequired\":true,\"valueName\":\"search_term_string\"}}],\"inLanguage\":\"pt-BR\"},{\"@type\":\"Organization\",\"@id\":\"https:\/\/ww16.ce.gov.br\/saude\/#organization\",\"name\":\"Secretaria da Sa\u00fade\",\"url\":\"https:\/\/ww16.ce.gov.br\/saude\/\",\"logo\":{\"@type\":\"ImageObject\",\"inLanguage\":\"pt-BR\",\"@id\":\"https:\/\/ww16.ce.gov.br\/saude\/#\/schema\/logo\/image\/\",\"url\":\"http:\/\/ww16.ce.gov.br\/saude\/wp-content\/uploads\/sites\/9\/2017\/11\/clara.png\",\"contentUrl\":\"http:\/\/ww16.ce.gov.br\/saude\/wp-content\/uploads\/sites\/9\/2017\/11\/clara.png\",\"width\":559,\"height\":106,\"caption\":\"Secretaria da Sa\u00fade\"},\"image\":{\"@id\":\"https:\/\/ww16.ce.gov.br\/saude\/#\/schema\/logo\/image\/\"}}]}<\/script>\n<!-- \/ Yoast SEO plugin. -->","yoast_head_json":{"title":"Cuidar Melhor | Legisla\u00e7\u00e3o - Secretaria da Sa\u00fade do Cear\u00e1","robots":{"index":"index","follow":"follow","max-snippet":"max-snippet:-1","max-image-preview":"max-image-preview:large","max-video-preview":"max-video-preview:-1"},"canonical":"https:\/\/ww16.ce.gov.br\/saude\/cuidarmelhor\/servico\/legislacao\/","og_locale":"pt_BR","og_type":"article","og_title":"Cuidar Melhor | Legisla\u00e7\u00e3o - Secretaria da Sa\u00fade do Cear\u00e1","og_description":"Legisla\u00e7\u00e3o &nbsp; 1988 &nbsp; \u2022 Constitui\u00e7\u00e3o Federal de 1988. Artigo 158. T\u00edtulo VI. Da Tributa\u00e7\u00e3o e do Or\u00e7amento. Cap\u00edtulo I. Do Sistema Tribut\u00e1rio Nacional. Se\u00e7\u00e3o VI. Da Reparti\u00e7\u00e3o das Receitas Tribut\u00e1rias Texto na \u00edntegra. &nbsp; 1996 &nbsp; \u2022 Lei N\u00ba 12.612, de 07 de agosto de 1996. Define, na forma do Art. 158, Par\u00e1grafo \u00danico, [&hellip;]","og_url":"https:\/\/ww16.ce.gov.br\/saude\/cuidarmelhor\/servico\/legislacao\/","og_site_name":"Secretaria da Sa\u00fade do Cear\u00e1","article_modified_time":"2022-12-08T13:56:38+00:00","twitter_card":"summary_large_image","twitter_misc":{"Est. reading time":"4 minutos"},"schema":{"@context":"https:\/\/schema.org","@graph":[{"@type":"WebPage","@id":"https:\/\/ww16.ce.gov.br\/saude\/cuidarmelhor\/servico\/legislacao\/","url":"https:\/\/ww16.ce.gov.br\/saude\/cuidarmelhor\/servico\/legislacao\/","name":"Cuidar Melhor | Legisla\u00e7\u00e3o - Secretaria da Sa\u00fade do Cear\u00e1","isPartOf":{"@id":"https:\/\/ww16.ce.gov.br\/saude\/#website"},"datePublished":"2021-04-01T16:56:23+00:00","dateModified":"2022-12-08T13:56:38+00:00","breadcrumb":{"@id":"https:\/\/ww16.ce.gov.br\/saude\/cuidarmelhor\/servico\/legislacao\/#breadcrumb"},"inLanguage":"pt-BR","potentialAction":[{"@type":"ReadAction","target":["https:\/\/ww16.ce.gov.br\/saude\/cuidarmelhor\/servico\/legislacao\/"]}]},{"@type":"BreadcrumbList","@id":"https:\/\/ww16.ce.gov.br\/saude\/cuidarmelhor\/servico\/legislacao\/#breadcrumb","itemListElement":[{"@type":"ListItem","position":1,"name":"In\u00edcio","item":"https:\/\/ww16.ce.gov.br\/saude\/"},{"@type":"ListItem","position":2,"name":"Cuidar Melhor | Principal","item":"https:\/\/ww16.ce.gov.br\/saude\/cuidarmelhor\/"},{"@type":"ListItem","position":3,"name":"Cuidar Melhor | Servi\u00e7o","item":"https:\/\/ww16.ce.gov.br\/saude\/cuidarmelhor\/servico\/"},{"@type":"ListItem","position":4,"name":"Cuidar Melhor | Legisla\u00e7\u00e3o"}]},{"@type":"WebSite","@id":"https:\/\/ww16.ce.gov.br\/saude\/#website","url":"https:\/\/ww16.ce.gov.br\/saude\/","name":"Secretaria da Sa\u00fade","description":"Secretaria da Sa\u00fade do Cear\u00e1","publisher":{"@id":"https:\/\/ww16.ce.gov.br\/saude\/#organization"},"potentialAction":[{"@type":"SearchAction","target":{"@type":"EntryPoint","urlTemplate":"https:\/\/ww16.ce.gov.br\/saude\/?s={search_term_string}"},"query-input":{"@type":"PropertyValueSpecification","valueRequired":true,"valueName":"search_term_string"}}],"inLanguage":"pt-BR"},{"@type":"Organization","@id":"https:\/\/ww16.ce.gov.br\/saude\/#organization","name":"Secretaria da Sa\u00fade","url":"https:\/\/ww16.ce.gov.br\/saude\/","logo":{"@type":"ImageObject","inLanguage":"pt-BR","@id":"https:\/\/ww16.ce.gov.br\/saude\/#\/schema\/logo\/image\/","url":"http:\/\/ww16.ce.gov.br\/saude\/wp-content\/uploads\/sites\/9\/2017\/11\/clara.png","contentUrl":"http:\/\/ww16.ce.gov.br\/saude\/wp-content\/uploads\/sites\/9\/2017\/11\/clara.png","width":559,"height":106,"caption":"Secretaria da Sa\u00fade"},"image":{"@id":"https:\/\/ww16.ce.gov.br\/saude\/#\/schema\/logo\/image\/"}}]}},"_links":{"self":[{"href":"https:\/\/ww16.ce.gov.br\/saude\/wp-json\/wp\/v2\/pages\/96077","targetHints":{"allow":["GET"]}}],"collection":[{"href":"https:\/\/ww16.ce.gov.br\/saude\/wp-json\/wp\/v2\/pages"}],"about":[{"href":"https:\/\/ww16.ce.gov.br\/saude\/wp-json\/wp\/v2\/types\/page"}],"author":[{"embeddable":true,"href":"https:\/\/ww16.ce.gov.br\/saude\/wp-json\/wp\/v2\/users\/12"}],"replies":[{"embeddable":true,"href":"https:\/\/ww16.ce.gov.br\/saude\/wp-json\/wp\/v2\/comments?post=96077"}],"version-history":[{"count":36,"href":"https:\/\/ww16.ce.gov.br\/saude\/wp-json\/wp\/v2\/pages\/96077\/revisions"}],"predecessor-version":[{"id":113123,"href":"https:\/\/ww16.ce.gov.br\/saude\/wp-json\/wp\/v2\/pages\/96077\/revisions\/113123"}],"up":[{"embeddable":true,"href":"https:\/\/ww16.ce.gov.br\/saude\/wp-json\/wp\/v2\/pages\/96011"}],"wp:attachment":[{"href":"https:\/\/ww16.ce.gov.br\/saude\/wp-json\/wp\/v2\/media?parent=96077"}],"curies":[{"name":"wp","href":"https:\/\/api.w.org\/{rel}","templated":true}]}}