{"id":96011,"date":"2021-03-31T11:07:28","date_gmt":"2021-03-31T14:07:28","guid":{"rendered":"http:\/\/ww16.ce.gov.br\/saude\/?page_id=96011"},"modified":"2022-11-29T15:27:31","modified_gmt":"2022-11-29T18:27:31","slug":"servico","status":"publish","type":"page","link":"https:\/\/ww16.ce.gov.br\/saude\/cuidarmelhor\/servico\/","title":{"rendered":"Cuidar Melhor | Servi\u00e7o"},"content":{"rendered":"<div class=\"row ListagemProjetos\">\n<div class=\"dt-4\">\n<div class=\"TituloListagemProjetos\">\n<h1 class=\"-verde\">Conhe\u00e7a o <strong>Programa<br \/>\nCuidar Melhor<\/strong><\/h1>\n<\/div>\n<\/div>\n<div class=\"dt-8\">\n<ul class=\"ListaEst col2\">\n<li><a href=\"https:\/\/ww16.ce.gov.br\/saude\/cuidarmelhor\/servico\/programa\/\" rel=\"noopener noreferrer\">O Programa<\/a><\/li>\n<li><a href=\"https:\/\/integrasus.saude.ce.gov.br\/#\/indicadores\/cuidar-melhor\/indicadores-qualidade\" rel=\"noopener noreferrer\">Indicadores Cuidar Melhor<\/a><\/li>\n<li><a href=\"https:\/\/ww16.ce.gov.br\/saude\/cuidarmelhor\/servico\/publicacoes\/\" rel=\"noopener noreferrer\">Publica\u00e7\u00f5es e Legisla\u00e7\u00e3o<\/a><\/li>\n<li><a href=\"https:\/\/ww16.ce.gov.br\/saude\/cuidarmelhor\/servico\/premiacao\/\" rel=\"noopener noreferrer\">Premia\u00e7\u00e3o &#8211; Indicadores de Esfor\u00e7os<\/a><\/li>\n<li><a href=\"https:\/\/ww16.ce.gov.br\/saude\/cuidarmelhor\/servico\/faq\/\" rel=\"noopener noreferrer\">Perguntas e Respostas<\/a><\/li>\n<li><a href=\"https:\/\/ww16.ce.gov.br\/saude\/premiacao-concurso-municipio-inovador\/\" target=\"_blank\" rel=\"noopener noreferrer\">Premia\u00e7\u00e3o &#8211; Munic\u00edpio Inovador<\/a><\/li>\n<li><a href=\"https:\/\/ww16.ce.gov.br\/saude\/wp-content\/uploads\/sites\/64\/2020\/03\/SITUACAO-DAS-ADESOES-DOS-MUNICIPIOS-2022-3.pdf\" target=\"_blank\" rel=\"noopener noreferrer\">Situa\u00e7\u00e3o da Ades\u00e3o dos Munic\u00edpios<\/a><\/li>\n<\/ul>\n<\/div>\n<\/div>\n","protected":false},"excerpt":{"rendered":"<p>Conhe\u00e7a o Programa Cuidar Melhor O Programa Indicadores Cuidar Melhor Publica\u00e7\u00f5es e Legisla\u00e7\u00e3o Premia\u00e7\u00e3o &#8211; Indicadores de Esfor\u00e7os Perguntas e Respostas Premia\u00e7\u00e3o &#8211; Munic\u00edpio Inovador Situa\u00e7\u00e3o da Ades\u00e3o dos Munic\u00edpios<\/p>\n","protected":false},"author":12,"featured_media":0,"parent":95946,"menu_order":2,"comment_status":"closed","ping_status":"closed","template":"pagina-lista-filhas.php","meta":{"_acf_changed":false,"inline_featured_image":false,"footnotes":""},"class_list":["post-96011","page","type-page","status-publish","hentry"],"acf":[],"yoast_head":"<!-- This site is optimized with the Yoast SEO plugin v26.9 - https:\/\/yoast.com\/product\/yoast-seo-wordpress\/ -->\n<title>Cuidar Melhor | Servi\u00e7o - Secretaria da Sa\u00fade do Cear\u00e1<\/title>\n<meta name=\"robots\" content=\"index, follow, max-snippet:-1, max-image-preview:large, max-video-preview:-1\" \/>\n<link rel=\"canonical\" href=\"https:\/\/ww16.ce.gov.br\/saude\/cuidarmelhor\/servico\/\" \/>\n<meta property=\"og:locale\" content=\"pt_BR\" \/>\n<meta property=\"og:type\" content=\"article\" \/>\n<meta property=\"og:title\" content=\"Cuidar Melhor | Servi\u00e7o - Secretaria da Sa\u00fade do Cear\u00e1\" \/>\n<meta property=\"og:description\" content=\"Conhe\u00e7a o Programa Cuidar Melhor O Programa Indicadores Cuidar Melhor Publica\u00e7\u00f5es e Legisla\u00e7\u00e3o Premia\u00e7\u00e3o &#8211; Indicadores de Esfor\u00e7os Perguntas e Respostas Premia\u00e7\u00e3o &#8211; Munic\u00edpio Inovador Situa\u00e7\u00e3o da Ades\u00e3o dos Munic\u00edpios\" \/>\n<meta property=\"og:url\" content=\"https:\/\/ww16.ce.gov.br\/saude\/cuidarmelhor\/servico\/\" \/>\n<meta property=\"og:site_name\" content=\"Secretaria da Sa\u00fade do Cear\u00e1\" \/>\n<meta property=\"article:modified_time\" content=\"2022-11-29T18:27:31+00:00\" \/>\n<meta name=\"twitter:card\" content=\"summary_large_image\" \/>\n<meta name=\"twitter:label1\" content=\"Est. reading time\" \/>\n\t<meta name=\"twitter:data1\" content=\"1 minuto\" \/>\n<script type=\"application\/ld+json\" class=\"yoast-schema-graph\">{\"@context\":\"https:\/\/schema.org\",\"@graph\":[{\"@type\":\"WebPage\",\"@id\":\"https:\/\/ww16.ce.gov.br\/saude\/cuidarmelhor\/servico\/\",\"url\":\"https:\/\/ww16.ce.gov.br\/saude\/cuidarmelhor\/servico\/\",\"name\":\"Cuidar Melhor | Servi\u00e7o - Secretaria da Sa\u00fade do Cear\u00e1\",\"isPartOf\":{\"@id\":\"https:\/\/ww16.ce.gov.br\/saude\/#website\"},\"datePublished\":\"2021-03-31T14:07:28+00:00\",\"dateModified\":\"2022-11-29T18:27:31+00:00\",\"breadcrumb\":{\"@id\":\"https:\/\/ww16.ce.gov.br\/saude\/cuidarmelhor\/servico\/#breadcrumb\"},\"inLanguage\":\"pt-BR\",\"potentialAction\":[{\"@type\":\"ReadAction\",\"target\":[\"https:\/\/ww16.ce.gov.br\/saude\/cuidarmelhor\/servico\/\"]}]},{\"@type\":\"BreadcrumbList\",\"@id\":\"https:\/\/ww16.ce.gov.br\/saude\/cuidarmelhor\/servico\/#breadcrumb\",\"itemListElement\":[{\"@type\":\"ListItem\",\"position\":1,\"name\":\"In\u00edcio\",\"item\":\"https:\/\/ww16.ce.gov.br\/saude\/\"},{\"@type\":\"ListItem\",\"position\":2,\"name\":\"Cuidar Melhor | Principal\",\"item\":\"https:\/\/ww16.ce.gov.br\/saude\/cuidarmelhor\/\"},{\"@type\":\"ListItem\",\"position\":3,\"name\":\"Cuidar Melhor | Servi\u00e7o\"}]},{\"@type\":\"WebSite\",\"@id\":\"https:\/\/ww16.ce.gov.br\/saude\/#website\",\"url\":\"https:\/\/ww16.ce.gov.br\/saude\/\",\"name\":\"Secretaria da Sa\u00fade\",\"description\":\"Secretaria da Sa\u00fade do Cear\u00e1\",\"publisher\":{\"@id\":\"https:\/\/ww16.ce.gov.br\/saude\/#organization\"},\"potentialAction\":[{\"@type\":\"SearchAction\",\"target\":{\"@type\":\"EntryPoint\",\"urlTemplate\":\"https:\/\/ww16.ce.gov.br\/saude\/?s={search_term_string}\"},\"query-input\":{\"@type\":\"PropertyValueSpecification\",\"valueRequired\":true,\"valueName\":\"search_term_string\"}}],\"inLanguage\":\"pt-BR\"},{\"@type\":\"Organization\",\"@id\":\"https:\/\/ww16.ce.gov.br\/saude\/#organization\",\"name\":\"Secretaria da Sa\u00fade\",\"url\":\"https:\/\/ww16.ce.gov.br\/saude\/\",\"logo\":{\"@type\":\"ImageObject\",\"inLanguage\":\"pt-BR\",\"@id\":\"https:\/\/ww16.ce.gov.br\/saude\/#\/schema\/logo\/image\/\",\"url\":\"http:\/\/ww16.ce.gov.br\/saude\/wp-content\/uploads\/sites\/9\/2017\/11\/clara.png\",\"contentUrl\":\"http:\/\/ww16.ce.gov.br\/saude\/wp-content\/uploads\/sites\/9\/2017\/11\/clara.png\",\"width\":559,\"height\":106,\"caption\":\"Secretaria da Sa\u00fade\"},\"image\":{\"@id\":\"https:\/\/ww16.ce.gov.br\/saude\/#\/schema\/logo\/image\/\"}}]}<\/script>\n<!-- \/ Yoast SEO plugin. -->","yoast_head_json":{"title":"Cuidar Melhor | Servi\u00e7o - Secretaria da Sa\u00fade do Cear\u00e1","robots":{"index":"index","follow":"follow","max-snippet":"max-snippet:-1","max-image-preview":"max-image-preview:large","max-video-preview":"max-video-preview:-1"},"canonical":"https:\/\/ww16.ce.gov.br\/saude\/cuidarmelhor\/servico\/","og_locale":"pt_BR","og_type":"article","og_title":"Cuidar Melhor | Servi\u00e7o - Secretaria da Sa\u00fade do Cear\u00e1","og_description":"Conhe\u00e7a o Programa Cuidar Melhor O Programa Indicadores Cuidar Melhor Publica\u00e7\u00f5es e Legisla\u00e7\u00e3o Premia\u00e7\u00e3o &#8211; Indicadores de Esfor\u00e7os Perguntas e Respostas Premia\u00e7\u00e3o &#8211; Munic\u00edpio Inovador Situa\u00e7\u00e3o da Ades\u00e3o dos Munic\u00edpios","og_url":"https:\/\/ww16.ce.gov.br\/saude\/cuidarmelhor\/servico\/","og_site_name":"Secretaria da Sa\u00fade do Cear\u00e1","article_modified_time":"2022-11-29T18:27:31+00:00","twitter_card":"summary_large_image","twitter_misc":{"Est. reading time":"1 minuto"},"schema":{"@context":"https:\/\/schema.org","@graph":[{"@type":"WebPage","@id":"https:\/\/ww16.ce.gov.br\/saude\/cuidarmelhor\/servico\/","url":"https:\/\/ww16.ce.gov.br\/saude\/cuidarmelhor\/servico\/","name":"Cuidar Melhor | Servi\u00e7o - Secretaria da Sa\u00fade do Cear\u00e1","isPartOf":{"@id":"https:\/\/ww16.ce.gov.br\/saude\/#website"},"datePublished":"2021-03-31T14:07:28+00:00","dateModified":"2022-11-29T18:27:31+00:00","breadcrumb":{"@id":"https:\/\/ww16.ce.gov.br\/saude\/cuidarmelhor\/servico\/#breadcrumb"},"inLanguage":"pt-BR","potentialAction":[{"@type":"ReadAction","target":["https:\/\/ww16.ce.gov.br\/saude\/cuidarmelhor\/servico\/"]}]},{"@type":"BreadcrumbList","@id":"https:\/\/ww16.ce.gov.br\/saude\/cuidarmelhor\/servico\/#breadcrumb","itemListElement":[{"@type":"ListItem","position":1,"name":"In\u00edcio","item":"https:\/\/ww16.ce.gov.br\/saude\/"},{"@type":"ListItem","position":2,"name":"Cuidar Melhor | Principal","item":"https:\/\/ww16.ce.gov.br\/saude\/cuidarmelhor\/"},{"@type":"ListItem","position":3,"name":"Cuidar Melhor | Servi\u00e7o"}]},{"@type":"WebSite","@id":"https:\/\/ww16.ce.gov.br\/saude\/#website","url":"https:\/\/ww16.ce.gov.br\/saude\/","name":"Secretaria da Sa\u00fade","description":"Secretaria da Sa\u00fade do Cear\u00e1","publisher":{"@id":"https:\/\/ww16.ce.gov.br\/saude\/#organization"},"potentialAction":[{"@type":"SearchAction","target":{"@type":"EntryPoint","urlTemplate":"https:\/\/ww16.ce.gov.br\/saude\/?s={search_term_string}"},"query-input":{"@type":"PropertyValueSpecification","valueRequired":true,"valueName":"search_term_string"}}],"inLanguage":"pt-BR"},{"@type":"Organization","@id":"https:\/\/ww16.ce.gov.br\/saude\/#organization","name":"Secretaria da Sa\u00fade","url":"https:\/\/ww16.ce.gov.br\/saude\/","logo":{"@type":"ImageObject","inLanguage":"pt-BR","@id":"https:\/\/ww16.ce.gov.br\/saude\/#\/schema\/logo\/image\/","url":"http:\/\/ww16.ce.gov.br\/saude\/wp-content\/uploads\/sites\/9\/2017\/11\/clara.png","contentUrl":"http:\/\/ww16.ce.gov.br\/saude\/wp-content\/uploads\/sites\/9\/2017\/11\/clara.png","width":559,"height":106,"caption":"Secretaria da Sa\u00fade"},"image":{"@id":"https:\/\/ww16.ce.gov.br\/saude\/#\/schema\/logo\/image\/"}}]}},"_links":{"self":[{"href":"https:\/\/ww16.ce.gov.br\/saude\/wp-json\/wp\/v2\/pages\/96011","targetHints":{"allow":["GET"]}}],"collection":[{"href":"https:\/\/ww16.ce.gov.br\/saude\/wp-json\/wp\/v2\/pages"}],"about":[{"href":"https:\/\/ww16.ce.gov.br\/saude\/wp-json\/wp\/v2\/types\/page"}],"author":[{"embeddable":true,"href":"https:\/\/ww16.ce.gov.br\/saude\/wp-json\/wp\/v2\/users\/12"}],"replies":[{"embeddable":true,"href":"https:\/\/ww16.ce.gov.br\/saude\/wp-json\/wp\/v2\/comments?post=96011"}],"version-history":[{"count":37,"href":"https:\/\/ww16.ce.gov.br\/saude\/wp-json\/wp\/v2\/pages\/96011\/revisions"}],"predecessor-version":[{"id":112846,"href":"https:\/\/ww16.ce.gov.br\/saude\/wp-json\/wp\/v2\/pages\/96011\/revisions\/112846"}],"up":[{"embeddable":true,"href":"https:\/\/ww16.ce.gov.br\/saude\/wp-json\/wp\/v2\/pages\/95946"}],"wp:attachment":[{"href":"https:\/\/ww16.ce.gov.br\/saude\/wp-json\/wp\/v2\/media?parent=96011"}],"curies":[{"name":"wp","href":"https:\/\/api.w.org\/{rel}","templated":true}]}}