{"id":94029,"date":"2021-02-12T15:51:51","date_gmt":"2021-02-12T18:51:51","guid":{"rendered":"http:\/\/ww16.ce.gov.br\/saude\/?page_id=94029"},"modified":"2026-01-20T11:16:36","modified_gmt":"2026-01-20T14:16:36","slug":"cidh","status":"publish","type":"page","link":"https:\/\/ww16.ce.gov.br\/saude\/cidh\/","title":{"rendered":"CIDH | Principal"},"content":{"rendered":"\n<h1 class=\"wp-block-heading\"><strong>Centro Integrado de Diabetes e Hipertens\u00e3o<\/strong><\/h1>\n\n\n\n<p>&nbsp;<\/p>\n\n\n\n<figure class=\"wp-block-image aligncenter\"><img loading=\"lazy\" decoding=\"async\" width=\"600\" height=\"450\" src=\"https:\/\/ww16.ce.gov.br\/saude\/wp-content\/uploads\/sites\/64\/2025\/03\/20250326_085305-600x450.jpg\" alt=\"\" class=\"wp-image-141447\" srcset=\"https:\/\/ww16.ce.gov.br\/saude\/wp-content\/uploads\/sites\/64\/2025\/03\/20250326_085305-600x450.jpg 600w, https:\/\/ww16.ce.gov.br\/saude\/wp-content\/uploads\/sites\/64\/2025\/03\/20250326_085305-1200x900.jpg 1200w, https:\/\/ww16.ce.gov.br\/saude\/wp-content\/uploads\/sites\/64\/2025\/03\/20250326_085305-768x576.jpg 768w, https:\/\/ww16.ce.gov.br\/saude\/wp-content\/uploads\/sites\/64\/2025\/03\/20250326_085305-1536x1152.jpg 1536w, https:\/\/ww16.ce.gov.br\/saude\/wp-content\/uploads\/sites\/64\/2025\/03\/20250326_085305-2048x1536.jpg 2048w\" sizes=\"auto, (max-width: 600px) 100vw, 600px\" \/><\/figure>\n\n\n\n<p>\u00a0O Centro Integrado de Diabetes e Hipertens\u00e3o (CIDH) foi fundado em 1988, integrando a rede de sa\u00fade do Estado. A institui\u00e7\u00e3o tem a miss\u00e3o de <strong>prestar assist\u00eancia especializada, ensino e pesquisa em diabetes e hipertens\u00e3o.<\/strong> O atendimento a crian\u00e7as com altera\u00e7\u00f5es no crescimento e desenvolvimento com baixa estatura e\/ou puberdade precoce tamb\u00e9m faz parte do compromisso do CIDH, que conta com equipe interdisciplinar.<\/p>\n\n\n\n<p>\u00a0O equipamento busca ser reconhecido como Centro de Excel\u00eancia Nacional no cuidado e na gera\u00e7\u00e3o de conhecimento em diabetes e hipertens\u00e3o, com <strong>aten\u00e7\u00e3o centrada no usu\u00e1rio, atendimento humanizado e qualifica\u00e7\u00e3o t\u00e9cnico-cient\u00edfica profissional.<\/strong><\/p>\n\n\n\n<p><\/p>\n","protected":false},"excerpt":{"rendered":"<p>Centro Integrado de Diabetes e Hipertens\u00e3o &nbsp; \u00a0O Centro Integrado de Diabetes e Hipertens\u00e3o (CIDH) foi fundado em 1988, integrando a rede de sa\u00fade do Estado. A institui\u00e7\u00e3o tem a miss\u00e3o de prestar assist\u00eancia especializada, ensino e pesquisa em diabetes e hipertens\u00e3o. O atendimento a crian\u00e7as com altera\u00e7\u00f5es no crescimento e desenvolvimento com baixa estatura [&hellip;]<\/p>\n","protected":false},"author":12,"featured_media":0,"parent":0,"menu_order":0,"comment_status":"closed","ping_status":"closed","template":"","meta":{"_acf_changed":false,"inline_featured_image":false,"footnotes":""},"class_list":["post-94029","page","type-page","status-publish","hentry"],"acf":[],"yoast_head":"<!-- This site is optimized with the Yoast SEO plugin v26.9 - https:\/\/yoast.com\/product\/yoast-seo-wordpress\/ -->\n<title>CIDH | Principal - Secretaria da Sa\u00fade do Cear\u00e1<\/title>\n<meta name=\"robots\" content=\"index, follow, max-snippet:-1, max-image-preview:large, max-video-preview:-1\" \/>\n<link rel=\"canonical\" href=\"https:\/\/ww16.ce.gov.br\/saude\/cidh\/\" \/>\n<meta property=\"og:locale\" content=\"pt_BR\" \/>\n<meta property=\"og:type\" content=\"article\" \/>\n<meta property=\"og:title\" content=\"CIDH | Principal - Secretaria da Sa\u00fade do Cear\u00e1\" \/>\n<meta property=\"og:description\" content=\"Centro Integrado de Diabetes e Hipertens\u00e3o &nbsp; \u00a0O Centro Integrado de Diabetes e Hipertens\u00e3o (CIDH) foi fundado em 1988, integrando a rede de sa\u00fade do Estado. A institui\u00e7\u00e3o tem a miss\u00e3o de prestar assist\u00eancia especializada, ensino e pesquisa em diabetes e hipertens\u00e3o. O atendimento a crian\u00e7as com altera\u00e7\u00f5es no crescimento e desenvolvimento com baixa estatura [&hellip;]\" \/>\n<meta property=\"og:url\" content=\"https:\/\/ww16.ce.gov.br\/saude\/cidh\/\" \/>\n<meta property=\"og:site_name\" content=\"Secretaria da Sa\u00fade do Cear\u00e1\" \/>\n<meta property=\"article:modified_time\" content=\"2026-01-20T14:16:36+00:00\" \/>\n<meta property=\"og:image\" content=\"http:\/\/ww16.ce.gov.br\/saude\/wp-content\/uploads\/sites\/64\/2025\/03\/20250326_085305-600x450.jpg\" \/>\n<meta name=\"twitter:card\" content=\"summary_large_image\" \/>\n<meta name=\"twitter:label1\" content=\"Est. reading time\" \/>\n\t<meta name=\"twitter:data1\" content=\"1 minuto\" \/>\n<script type=\"application\/ld+json\" class=\"yoast-schema-graph\">{\"@context\":\"https:\/\/schema.org\",\"@graph\":[{\"@type\":\"WebPage\",\"@id\":\"https:\/\/ww16.ce.gov.br\/saude\/cidh\/\",\"url\":\"https:\/\/ww16.ce.gov.br\/saude\/cidh\/\",\"name\":\"CIDH | Principal - Secretaria da Sa\u00fade do Cear\u00e1\",\"isPartOf\":{\"@id\":\"https:\/\/ww16.ce.gov.br\/saude\/#website\"},\"primaryImageOfPage\":{\"@id\":\"https:\/\/ww16.ce.gov.br\/saude\/cidh\/#primaryimage\"},\"image\":{\"@id\":\"https:\/\/ww16.ce.gov.br\/saude\/cidh\/#primaryimage\"},\"thumbnailUrl\":\"http:\/\/ww16.ce.gov.br\/saude\/wp-content\/uploads\/sites\/64\/2025\/03\/20250326_085305-600x450.jpg\",\"datePublished\":\"2021-02-12T18:51:51+00:00\",\"dateModified\":\"2026-01-20T14:16:36+00:00\",\"breadcrumb\":{\"@id\":\"https:\/\/ww16.ce.gov.br\/saude\/cidh\/#breadcrumb\"},\"inLanguage\":\"pt-BR\",\"potentialAction\":[{\"@type\":\"ReadAction\",\"target\":[\"https:\/\/ww16.ce.gov.br\/saude\/cidh\/\"]}]},{\"@type\":\"ImageObject\",\"inLanguage\":\"pt-BR\",\"@id\":\"https:\/\/ww16.ce.gov.br\/saude\/cidh\/#primaryimage\",\"url\":\"https:\/\/ww16.ce.gov.br\/saude\/wp-content\/uploads\/sites\/64\/2025\/03\/20250326_085305-scaled.jpg\",\"contentUrl\":\"https:\/\/ww16.ce.gov.br\/saude\/wp-content\/uploads\/sites\/64\/2025\/03\/20250326_085305-scaled.jpg\",\"width\":2560,\"height\":1920},{\"@type\":\"BreadcrumbList\",\"@id\":\"https:\/\/ww16.ce.gov.br\/saude\/cidh\/#breadcrumb\",\"itemListElement\":[{\"@type\":\"ListItem\",\"position\":1,\"name\":\"In\u00edcio\",\"item\":\"https:\/\/ww16.ce.gov.br\/saude\/\"},{\"@type\":\"ListItem\",\"position\":2,\"name\":\"CIDH | Principal\"}]},{\"@type\":\"WebSite\",\"@id\":\"https:\/\/ww16.ce.gov.br\/saude\/#website\",\"url\":\"https:\/\/ww16.ce.gov.br\/saude\/\",\"name\":\"Secretaria da Sa\u00fade\",\"description\":\"Secretaria da Sa\u00fade do Cear\u00e1\",\"publisher\":{\"@id\":\"https:\/\/ww16.ce.gov.br\/saude\/#organization\"},\"potentialAction\":[{\"@type\":\"SearchAction\",\"target\":{\"@type\":\"EntryPoint\",\"urlTemplate\":\"https:\/\/ww16.ce.gov.br\/saude\/?s={search_term_string}\"},\"query-input\":{\"@type\":\"PropertyValueSpecification\",\"valueRequired\":true,\"valueName\":\"search_term_string\"}}],\"inLanguage\":\"pt-BR\"},{\"@type\":\"Organization\",\"@id\":\"https:\/\/ww16.ce.gov.br\/saude\/#organization\",\"name\":\"Secretaria da Sa\u00fade\",\"url\":\"https:\/\/ww16.ce.gov.br\/saude\/\",\"logo\":{\"@type\":\"ImageObject\",\"inLanguage\":\"pt-BR\",\"@id\":\"https:\/\/ww16.ce.gov.br\/saude\/#\/schema\/logo\/image\/\",\"url\":\"http:\/\/ww16.ce.gov.br\/saude\/wp-content\/uploads\/sites\/9\/2017\/11\/clara.png\",\"contentUrl\":\"http:\/\/ww16.ce.gov.br\/saude\/wp-content\/uploads\/sites\/9\/2017\/11\/clara.png\",\"width\":559,\"height\":106,\"caption\":\"Secretaria da Sa\u00fade\"},\"image\":{\"@id\":\"https:\/\/ww16.ce.gov.br\/saude\/#\/schema\/logo\/image\/\"}}]}<\/script>\n<!-- \/ Yoast SEO plugin. -->","yoast_head_json":{"title":"CIDH | Principal - Secretaria da Sa\u00fade do Cear\u00e1","robots":{"index":"index","follow":"follow","max-snippet":"max-snippet:-1","max-image-preview":"max-image-preview:large","max-video-preview":"max-video-preview:-1"},"canonical":"https:\/\/ww16.ce.gov.br\/saude\/cidh\/","og_locale":"pt_BR","og_type":"article","og_title":"CIDH | Principal - Secretaria da Sa\u00fade do Cear\u00e1","og_description":"Centro Integrado de Diabetes e Hipertens\u00e3o &nbsp; \u00a0O Centro Integrado de Diabetes e Hipertens\u00e3o (CIDH) foi fundado em 1988, integrando a rede de sa\u00fade do Estado. A institui\u00e7\u00e3o tem a miss\u00e3o de prestar assist\u00eancia especializada, ensino e pesquisa em diabetes e hipertens\u00e3o. O atendimento a crian\u00e7as com altera\u00e7\u00f5es no crescimento e desenvolvimento com baixa estatura [&hellip;]","og_url":"https:\/\/ww16.ce.gov.br\/saude\/cidh\/","og_site_name":"Secretaria da Sa\u00fade do Cear\u00e1","article_modified_time":"2026-01-20T14:16:36+00:00","og_image":[{"url":"http:\/\/ww16.ce.gov.br\/saude\/wp-content\/uploads\/sites\/64\/2025\/03\/20250326_085305-600x450.jpg","type":"","width":"","height":""}],"twitter_card":"summary_large_image","twitter_misc":{"Est. reading time":"1 minuto"},"schema":{"@context":"https:\/\/schema.org","@graph":[{"@type":"WebPage","@id":"https:\/\/ww16.ce.gov.br\/saude\/cidh\/","url":"https:\/\/ww16.ce.gov.br\/saude\/cidh\/","name":"CIDH | Principal - Secretaria da Sa\u00fade do Cear\u00e1","isPartOf":{"@id":"https:\/\/ww16.ce.gov.br\/saude\/#website"},"primaryImageOfPage":{"@id":"https:\/\/ww16.ce.gov.br\/saude\/cidh\/#primaryimage"},"image":{"@id":"https:\/\/ww16.ce.gov.br\/saude\/cidh\/#primaryimage"},"thumbnailUrl":"http:\/\/ww16.ce.gov.br\/saude\/wp-content\/uploads\/sites\/64\/2025\/03\/20250326_085305-600x450.jpg","datePublished":"2021-02-12T18:51:51+00:00","dateModified":"2026-01-20T14:16:36+00:00","breadcrumb":{"@id":"https:\/\/ww16.ce.gov.br\/saude\/cidh\/#breadcrumb"},"inLanguage":"pt-BR","potentialAction":[{"@type":"ReadAction","target":["https:\/\/ww16.ce.gov.br\/saude\/cidh\/"]}]},{"@type":"ImageObject","inLanguage":"pt-BR","@id":"https:\/\/ww16.ce.gov.br\/saude\/cidh\/#primaryimage","url":"https:\/\/ww16.ce.gov.br\/saude\/wp-content\/uploads\/sites\/64\/2025\/03\/20250326_085305-scaled.jpg","contentUrl":"https:\/\/ww16.ce.gov.br\/saude\/wp-content\/uploads\/sites\/64\/2025\/03\/20250326_085305-scaled.jpg","width":2560,"height":1920},{"@type":"BreadcrumbList","@id":"https:\/\/ww16.ce.gov.br\/saude\/cidh\/#breadcrumb","itemListElement":[{"@type":"ListItem","position":1,"name":"In\u00edcio","item":"https:\/\/ww16.ce.gov.br\/saude\/"},{"@type":"ListItem","position":2,"name":"CIDH | Principal"}]},{"@type":"WebSite","@id":"https:\/\/ww16.ce.gov.br\/saude\/#website","url":"https:\/\/ww16.ce.gov.br\/saude\/","name":"Secretaria da Sa\u00fade","description":"Secretaria da Sa\u00fade do Cear\u00e1","publisher":{"@id":"https:\/\/ww16.ce.gov.br\/saude\/#organization"},"potentialAction":[{"@type":"SearchAction","target":{"@type":"EntryPoint","urlTemplate":"https:\/\/ww16.ce.gov.br\/saude\/?s={search_term_string}"},"query-input":{"@type":"PropertyValueSpecification","valueRequired":true,"valueName":"search_term_string"}}],"inLanguage":"pt-BR"},{"@type":"Organization","@id":"https:\/\/ww16.ce.gov.br\/saude\/#organization","name":"Secretaria da Sa\u00fade","url":"https:\/\/ww16.ce.gov.br\/saude\/","logo":{"@type":"ImageObject","inLanguage":"pt-BR","@id":"https:\/\/ww16.ce.gov.br\/saude\/#\/schema\/logo\/image\/","url":"http:\/\/ww16.ce.gov.br\/saude\/wp-content\/uploads\/sites\/9\/2017\/11\/clara.png","contentUrl":"http:\/\/ww16.ce.gov.br\/saude\/wp-content\/uploads\/sites\/9\/2017\/11\/clara.png","width":559,"height":106,"caption":"Secretaria da Sa\u00fade"},"image":{"@id":"https:\/\/ww16.ce.gov.br\/saude\/#\/schema\/logo\/image\/"}}]}},"_links":{"self":[{"href":"https:\/\/ww16.ce.gov.br\/saude\/wp-json\/wp\/v2\/pages\/94029","targetHints":{"allow":["GET"]}}],"collection":[{"href":"https:\/\/ww16.ce.gov.br\/saude\/wp-json\/wp\/v2\/pages"}],"about":[{"href":"https:\/\/ww16.ce.gov.br\/saude\/wp-json\/wp\/v2\/types\/page"}],"author":[{"embeddable":true,"href":"https:\/\/ww16.ce.gov.br\/saude\/wp-json\/wp\/v2\/users\/12"}],"replies":[{"embeddable":true,"href":"https:\/\/ww16.ce.gov.br\/saude\/wp-json\/wp\/v2\/comments?post=94029"}],"version-history":[{"count":8,"href":"https:\/\/ww16.ce.gov.br\/saude\/wp-json\/wp\/v2\/pages\/94029\/revisions"}],"predecessor-version":[{"id":150657,"href":"https:\/\/ww16.ce.gov.br\/saude\/wp-json\/wp\/v2\/pages\/94029\/revisions\/150657"}],"wp:attachment":[{"href":"https:\/\/ww16.ce.gov.br\/saude\/wp-json\/wp\/v2\/media?parent=94029"}],"curies":[{"name":"wp","href":"https:\/\/api.w.org\/{rel}","templated":true}]}}