{"id":93984,"date":"2021-02-12T13:23:36","date_gmt":"2021-02-12T16:23:36","guid":{"rendered":"http:\/\/ww16.ce.gov.br\/saude\/?page_id=93984"},"modified":"2025-11-10T07:56:18","modified_gmt":"2025-11-10T10:56:18","slug":"diretoria","status":"publish","type":"page","link":"https:\/\/ww16.ce.gov.br\/saude\/lacen\/servico\/diretoria\/","title":{"rendered":"Lacen | Diretoria"},"content":{"rendered":"<h1><strong>Diretoria<\/strong><\/h1>\n<p>&nbsp;<\/p>\n<h3 class=\"-laranja\">\u00cdtalo Jos\u00e9 Mesquita Cavalcante<\/h3>\n<h4>Diretor-geral<\/h4>\n<p>&nbsp;<\/p>\n<p style=\"text-align: justify\">Bacharel em Farm\u00e1cia com habilita\u00e7\u00e3o em An\u00e1lises Cl\u00ednicas e Toxicol\u00f3gicas, Mestre e Doutor em Farmacologia pelo Programa de P\u00f3s-Gradua\u00e7\u00e3o em Farmacologia pela Universidade Federal do Cear\u00e1. Bacharel em Direito, especialista em Direito Processual Civil e Direito Penal e Processual Penal.<\/p>\n<p>&nbsp;<\/p>\n<h3 class=\"-laranja\"><strong>Karene Ferreira Cavalcante<\/strong><\/h3>\n<h4>Chefe da Divis\u00e3o de Biologia M\u00e9dica<\/h4>\n<p>&nbsp;<\/p>\n<p style=\"text-align: justify\">Farmac\u00eautica, servidora p\u00fablica da Secretaria da Sa\u00fade do Estado do Cear\u00e1, atua na Vigil\u00e2ncia laboratorial da Tuberculose, V\u00edrus respirat\u00f3rio, Meningites, Coqueluche e atualmente \u00e9 chefe da Divis\u00e3o de Biologia M\u00e9dica do Laborat\u00f3rio Central de Sa\u00fade P\u00fablica do Cear\u00e1.<\/p>\n<p>&nbsp;<\/p>\n<h3 class=\"-laranja\">Ingrid Samantha Tavares de Figueiredo<\/h3>\n<h4>Chefe da Divis\u00e3o de Produtos<\/h4>\n<p>&nbsp;<\/p>\n<p style=\"text-align: justify\">Farmac\u00eautica graduada pela Universidade Federal do Cear\u00e1 (2003) com habilita\u00e7\u00e3o em An\u00e1lises Cl\u00ednicas-Bioqu\u00edmica (2007). Especialista em Farm\u00e1cia Cl\u00ednica e Hospitalar (2025), mestrado (2008), doutorado (2011) e P\u00f3s-Doutorado (2016) em Farmacologia pela UFC. Coordenadora da Divis\u00e3o de Produtos do Laborat\u00f3rio Central de Sa\u00fade P\u00fablica (Lacen). Atua na Doc\u00eancia do Ensino Superior desde o ano de 2009 em disciplinas da \u00e1rea da sa\u00fade e espec\u00edficas para o Curso de Farm\u00e1cia. Experi\u00eancia nas Especialidades de Farm\u00e1cia Hospitalar e An\u00e1lises Cl\u00ednicas (2016 \u00e0 2024) por meio do v\u00ednculo com o servi\u00e7o militar \u2014 For\u00e7a A\u00e9rea Brasileira (FAB).<\/p>\n<p>&nbsp;<\/p>\n<h3 class=\"-laranja\">Elza Gadelha Lima<\/h3>\n<h4>Chefe da Divis\u00e3o de Qualidade e Biosseguran\u00e7a<\/h4>\n<p>&nbsp;<\/p>\n<p style=\"text-align: justify\">Doutora em Biotecnologia em Sa\u00fade pela Universidade Estadual do Cear\u00e1 \u2014 Uece (2012). Mestre em Planejamento e Pol\u00edticas P\u00fablicas pela Universidade Estadual do Cear\u00e1 \u2014 Uece (2006). MBA em gest\u00e3o de neg\u00f3cios. Sa\u00fade FGV (2017), Farmac\u00eautica &#8211; Bioqu\u00edmica pela Universidade Federal do Cear\u00e1 \u2014 UFC (1981), Fonoaudi\u00f3loga pela Universidade de Fortaleza (1995). Especialista em Biosseguran\u00e7a pela Universidade Federal do Cear\u00e1 (2007), Especialista em Vigil\u00e2ncia Epidemiol\u00f3gica pela Escola de Sa\u00fade P\u00fablica (2001), Especialista em Gest\u00e3o P\u00fablica e Desenvolvimento Gerencial pela Universidade Estadual do Cear\u00e1 (1988). Instrutora em treinamentos de Biosseguran\u00e7a; forma\u00e7\u00e3o de auditores internos \u2014 NBR ISO 19011: 2018 \u2014 Diretrizes para auditoria de Sistemas de Gest\u00e3o; interpreta\u00e7\u00e3o da ABNT ISO IEC 17025:2017 \u2014 Requisitos Gerais para a Compet\u00eancia de Laborat\u00f3rios de Ensaio e Calibra\u00e7\u00e3o; ABNT NBR ISO 15189:2015 \u2014 Laborat\u00f3rios cl\u00ednicos \u2014 Requisitos de qualidade e compet\u00eancia; atualmente. Professora do Centro Universit\u00e1rio Christus \u2014 UNICHRISTUS da disciplina de Gest\u00e3o Laboratorial e Controle de Qualidade; Vice Coordenadora e Professora do Curso de Especializa\u00e7\u00e3o em An\u00e1lises Cl\u00ednicas e Gest\u00e3o da Qualidade em Laborat\u00f3rios da Universidade Estadual do Cear\u00e1 UECE e do Curso de Especializa\u00e7\u00e3o em Hematologia e Bancos de Sangue da Disciplina de Gest\u00e3o da Qualidade e Biosseguran\u00e7a da UNICHRISTUS.<\/p>\n<p>&nbsp;<\/p>\n<h3 class=\"-laranja\">Edna Cristina de Oliveira Brito<\/h3>\n<h4>Chefe do Centro de Vigil\u00e2ncia Sanit\u00e1ria, Ambiental e Sa\u00fade do Trabalhador<\/h4>\n<p>&nbsp;<\/p>\n<p style=\"text-align: justify\">Possui gradua\u00e7\u00e3o em Ci\u00eancias Biol\u00f3gicas e Licenciatura em Ci\u00eancias Biol\u00f3gicas pela Universidade Federal do Cear\u00e1 (UFC), conclu\u00eddas em 1989. \u00c9 especialista em Alimentos e Sa\u00fade P\u00fablica (UFC, 2001) e em Biosseguran\u00e7a em Laborat\u00f3rio de Sa\u00fade (UFC, 2006). Com ampla experi\u00eancia na \u00e1rea de Microbiologia de Alimentos e \u00c1gua.<\/p>\n<p>&nbsp;<\/p>\n<h3 class=\"-laranja\">Maria Tereza Pinto da Costa<\/h3>\n<h4>Chefe do Centro de Apoio T\u00e9cnico<\/h4>\n<p>&nbsp;<\/p>\n<p style=\"text-align: justify\">Mestra em Ci\u00eancia e Tecnologia de Alimentos pela Universidade Federal do Estado do Cear\u00e1, Bacharel em Ci\u00eancias Biol\u00f3gicas pela Universidade Federal do Cear\u00e1, Licenciada em Ci\u00eancias Biol\u00f3gicas pela Universidade Federal do Cear\u00e1 (2005), Especialista em Vigil\u00e2ncia em Sa\u00fade Ambiental no Instituto de Estudos em Sa\u00fade Coletiva\/UFRJ, IESC\/UFRJ, Especialista em Alimentos e Sa\u00fade P\u00fablica Universidade Federal do Cear\u00e1. Preceptoria de est\u00e1gio supervisionado e analista de produtos desde 2007. Atualmente Chefe do Centro de Preparo de Reagentes e Meio de Cultura desde 2021.<\/p>\n","protected":false},"excerpt":{"rendered":"<p>Diretoria &nbsp; \u00cdtalo Jos\u00e9 Mesquita Cavalcante Diretor-geral &nbsp; Bacharel em Farm\u00e1cia com habilita\u00e7\u00e3o em An\u00e1lises Cl\u00ednicas e Toxicol\u00f3gicas, Mestre e Doutor em Farmacologia pelo Programa de P\u00f3s-Gradua\u00e7\u00e3o em Farmacologia pela Universidade Federal do Cear\u00e1. Bacharel em Direito, especialista em Direito Processual Civil e Direito Penal e Processual Penal. &nbsp; Karene Ferreira Cavalcante Chefe da Divis\u00e3o [&hellip;]<\/p>\n","protected":false},"author":12,"featured_media":0,"parent":93975,"menu_order":0,"comment_status":"closed","ping_status":"closed","template":"","meta":{"_acf_changed":false,"inline_featured_image":false,"footnotes":""},"class_list":["post-93984","page","type-page","status-publish","hentry"],"acf":[],"yoast_head":"<!-- This site is optimized with the Yoast SEO plugin v26.9 - https:\/\/yoast.com\/product\/yoast-seo-wordpress\/ -->\n<title>Lacen | Diretoria - Secretaria da Sa\u00fade do Cear\u00e1<\/title>\n<meta name=\"robots\" content=\"index, follow, max-snippet:-1, max-image-preview:large, max-video-preview:-1\" \/>\n<link rel=\"canonical\" href=\"https:\/\/ww16.ce.gov.br\/saude\/lacen\/servico\/diretoria\/\" \/>\n<meta property=\"og:locale\" content=\"pt_BR\" \/>\n<meta property=\"og:type\" content=\"article\" \/>\n<meta property=\"og:title\" content=\"Lacen | Diretoria - Secretaria da Sa\u00fade do Cear\u00e1\" \/>\n<meta property=\"og:description\" content=\"Diretoria &nbsp; \u00cdtalo Jos\u00e9 Mesquita Cavalcante Diretor-geral &nbsp; Bacharel em Farm\u00e1cia com habilita\u00e7\u00e3o em An\u00e1lises Cl\u00ednicas e Toxicol\u00f3gicas, Mestre e Doutor em Farmacologia pelo Programa de P\u00f3s-Gradua\u00e7\u00e3o em Farmacologia pela Universidade Federal do Cear\u00e1. Bacharel em Direito, especialista em Direito Processual Civil e Direito Penal e Processual Penal. &nbsp; Karene Ferreira Cavalcante Chefe da Divis\u00e3o [&hellip;]\" \/>\n<meta property=\"og:url\" content=\"https:\/\/ww16.ce.gov.br\/saude\/lacen\/servico\/diretoria\/\" \/>\n<meta property=\"og:site_name\" content=\"Secretaria da Sa\u00fade do Cear\u00e1\" \/>\n<meta property=\"article:modified_time\" content=\"2025-11-10T10:56:18+00:00\" \/>\n<meta name=\"twitter:card\" content=\"summary_large_image\" \/>\n<meta name=\"twitter:label1\" content=\"Est. reading time\" \/>\n\t<meta name=\"twitter:data1\" content=\"4 minutos\" \/>\n<script type=\"application\/ld+json\" class=\"yoast-schema-graph\">{\"@context\":\"https:\/\/schema.org\",\"@graph\":[{\"@type\":\"WebPage\",\"@id\":\"https:\/\/ww16.ce.gov.br\/saude\/lacen\/servico\/diretoria\/\",\"url\":\"https:\/\/ww16.ce.gov.br\/saude\/lacen\/servico\/diretoria\/\",\"name\":\"Lacen | Diretoria - Secretaria da Sa\u00fade do Cear\u00e1\",\"isPartOf\":{\"@id\":\"https:\/\/ww16.ce.gov.br\/saude\/#website\"},\"datePublished\":\"2021-02-12T16:23:36+00:00\",\"dateModified\":\"2025-11-10T10:56:18+00:00\",\"breadcrumb\":{\"@id\":\"https:\/\/ww16.ce.gov.br\/saude\/lacen\/servico\/diretoria\/#breadcrumb\"},\"inLanguage\":\"pt-BR\",\"potentialAction\":[{\"@type\":\"ReadAction\",\"target\":[\"https:\/\/ww16.ce.gov.br\/saude\/lacen\/servico\/diretoria\/\"]}]},{\"@type\":\"BreadcrumbList\",\"@id\":\"https:\/\/ww16.ce.gov.br\/saude\/lacen\/servico\/diretoria\/#breadcrumb\",\"itemListElement\":[{\"@type\":\"ListItem\",\"position\":1,\"name\":\"In\u00edcio\",\"item\":\"https:\/\/ww16.ce.gov.br\/saude\/\"},{\"@type\":\"ListItem\",\"position\":2,\"name\":\"Lacen | Principal\",\"item\":\"https:\/\/ww16.ce.gov.br\/saude\/lacen\/\"},{\"@type\":\"ListItem\",\"position\":3,\"name\":\"Lacen | Servi\u00e7o\",\"item\":\"https:\/\/ww16.ce.gov.br\/saude\/lacen\/servico\/\"},{\"@type\":\"ListItem\",\"position\":4,\"name\":\"Lacen | Diretoria\"}]},{\"@type\":\"WebSite\",\"@id\":\"https:\/\/ww16.ce.gov.br\/saude\/#website\",\"url\":\"https:\/\/ww16.ce.gov.br\/saude\/\",\"name\":\"Secretaria da Sa\u00fade\",\"description\":\"Secretaria da Sa\u00fade do Cear\u00e1\",\"publisher\":{\"@id\":\"https:\/\/ww16.ce.gov.br\/saude\/#organization\"},\"potentialAction\":[{\"@type\":\"SearchAction\",\"target\":{\"@type\":\"EntryPoint\",\"urlTemplate\":\"https:\/\/ww16.ce.gov.br\/saude\/?s={search_term_string}\"},\"query-input\":{\"@type\":\"PropertyValueSpecification\",\"valueRequired\":true,\"valueName\":\"search_term_string\"}}],\"inLanguage\":\"pt-BR\"},{\"@type\":\"Organization\",\"@id\":\"https:\/\/ww16.ce.gov.br\/saude\/#organization\",\"name\":\"Secretaria da Sa\u00fade\",\"url\":\"https:\/\/ww16.ce.gov.br\/saude\/\",\"logo\":{\"@type\":\"ImageObject\",\"inLanguage\":\"pt-BR\",\"@id\":\"https:\/\/ww16.ce.gov.br\/saude\/#\/schema\/logo\/image\/\",\"url\":\"http:\/\/ww16.ce.gov.br\/saude\/wp-content\/uploads\/sites\/9\/2017\/11\/clara.png\",\"contentUrl\":\"http:\/\/ww16.ce.gov.br\/saude\/wp-content\/uploads\/sites\/9\/2017\/11\/clara.png\",\"width\":559,\"height\":106,\"caption\":\"Secretaria da Sa\u00fade\"},\"image\":{\"@id\":\"https:\/\/ww16.ce.gov.br\/saude\/#\/schema\/logo\/image\/\"}}]}<\/script>\n<!-- \/ Yoast SEO plugin. -->","yoast_head_json":{"title":"Lacen | Diretoria - Secretaria da Sa\u00fade do Cear\u00e1","robots":{"index":"index","follow":"follow","max-snippet":"max-snippet:-1","max-image-preview":"max-image-preview:large","max-video-preview":"max-video-preview:-1"},"canonical":"https:\/\/ww16.ce.gov.br\/saude\/lacen\/servico\/diretoria\/","og_locale":"pt_BR","og_type":"article","og_title":"Lacen | Diretoria - Secretaria da Sa\u00fade do Cear\u00e1","og_description":"Diretoria &nbsp; \u00cdtalo Jos\u00e9 Mesquita Cavalcante Diretor-geral &nbsp; Bacharel em Farm\u00e1cia com habilita\u00e7\u00e3o em An\u00e1lises Cl\u00ednicas e Toxicol\u00f3gicas, Mestre e Doutor em Farmacologia pelo Programa de P\u00f3s-Gradua\u00e7\u00e3o em Farmacologia pela Universidade Federal do Cear\u00e1. Bacharel em Direito, especialista em Direito Processual Civil e Direito Penal e Processual Penal. &nbsp; Karene Ferreira Cavalcante Chefe da Divis\u00e3o [&hellip;]","og_url":"https:\/\/ww16.ce.gov.br\/saude\/lacen\/servico\/diretoria\/","og_site_name":"Secretaria da Sa\u00fade do Cear\u00e1","article_modified_time":"2025-11-10T10:56:18+00:00","twitter_card":"summary_large_image","twitter_misc":{"Est. reading time":"4 minutos"},"schema":{"@context":"https:\/\/schema.org","@graph":[{"@type":"WebPage","@id":"https:\/\/ww16.ce.gov.br\/saude\/lacen\/servico\/diretoria\/","url":"https:\/\/ww16.ce.gov.br\/saude\/lacen\/servico\/diretoria\/","name":"Lacen | Diretoria - Secretaria da Sa\u00fade do Cear\u00e1","isPartOf":{"@id":"https:\/\/ww16.ce.gov.br\/saude\/#website"},"datePublished":"2021-02-12T16:23:36+00:00","dateModified":"2025-11-10T10:56:18+00:00","breadcrumb":{"@id":"https:\/\/ww16.ce.gov.br\/saude\/lacen\/servico\/diretoria\/#breadcrumb"},"inLanguage":"pt-BR","potentialAction":[{"@type":"ReadAction","target":["https:\/\/ww16.ce.gov.br\/saude\/lacen\/servico\/diretoria\/"]}]},{"@type":"BreadcrumbList","@id":"https:\/\/ww16.ce.gov.br\/saude\/lacen\/servico\/diretoria\/#breadcrumb","itemListElement":[{"@type":"ListItem","position":1,"name":"In\u00edcio","item":"https:\/\/ww16.ce.gov.br\/saude\/"},{"@type":"ListItem","position":2,"name":"Lacen | Principal","item":"https:\/\/ww16.ce.gov.br\/saude\/lacen\/"},{"@type":"ListItem","position":3,"name":"Lacen | Servi\u00e7o","item":"https:\/\/ww16.ce.gov.br\/saude\/lacen\/servico\/"},{"@type":"ListItem","position":4,"name":"Lacen | Diretoria"}]},{"@type":"WebSite","@id":"https:\/\/ww16.ce.gov.br\/saude\/#website","url":"https:\/\/ww16.ce.gov.br\/saude\/","name":"Secretaria da Sa\u00fade","description":"Secretaria da Sa\u00fade do Cear\u00e1","publisher":{"@id":"https:\/\/ww16.ce.gov.br\/saude\/#organization"},"potentialAction":[{"@type":"SearchAction","target":{"@type":"EntryPoint","urlTemplate":"https:\/\/ww16.ce.gov.br\/saude\/?s={search_term_string}"},"query-input":{"@type":"PropertyValueSpecification","valueRequired":true,"valueName":"search_term_string"}}],"inLanguage":"pt-BR"},{"@type":"Organization","@id":"https:\/\/ww16.ce.gov.br\/saude\/#organization","name":"Secretaria da Sa\u00fade","url":"https:\/\/ww16.ce.gov.br\/saude\/","logo":{"@type":"ImageObject","inLanguage":"pt-BR","@id":"https:\/\/ww16.ce.gov.br\/saude\/#\/schema\/logo\/image\/","url":"http:\/\/ww16.ce.gov.br\/saude\/wp-content\/uploads\/sites\/9\/2017\/11\/clara.png","contentUrl":"http:\/\/ww16.ce.gov.br\/saude\/wp-content\/uploads\/sites\/9\/2017\/11\/clara.png","width":559,"height":106,"caption":"Secretaria da Sa\u00fade"},"image":{"@id":"https:\/\/ww16.ce.gov.br\/saude\/#\/schema\/logo\/image\/"}}]}},"_links":{"self":[{"href":"https:\/\/ww16.ce.gov.br\/saude\/wp-json\/wp\/v2\/pages\/93984","targetHints":{"allow":["GET"]}}],"collection":[{"href":"https:\/\/ww16.ce.gov.br\/saude\/wp-json\/wp\/v2\/pages"}],"about":[{"href":"https:\/\/ww16.ce.gov.br\/saude\/wp-json\/wp\/v2\/types\/page"}],"author":[{"embeddable":true,"href":"https:\/\/ww16.ce.gov.br\/saude\/wp-json\/wp\/v2\/users\/12"}],"replies":[{"embeddable":true,"href":"https:\/\/ww16.ce.gov.br\/saude\/wp-json\/wp\/v2\/comments?post=93984"}],"version-history":[{"count":29,"href":"https:\/\/ww16.ce.gov.br\/saude\/wp-json\/wp\/v2\/pages\/93984\/revisions"}],"predecessor-version":[{"id":148501,"href":"https:\/\/ww16.ce.gov.br\/saude\/wp-json\/wp\/v2\/pages\/93984\/revisions\/148501"}],"up":[{"embeddable":true,"href":"https:\/\/ww16.ce.gov.br\/saude\/wp-json\/wp\/v2\/pages\/93975"}],"wp:attachment":[{"href":"https:\/\/ww16.ce.gov.br\/saude\/wp-json\/wp\/v2\/media?parent=93984"}],"curies":[{"name":"wp","href":"https:\/\/api.w.org\/{rel}","templated":true}]}}