{"id":93574,"date":"2021-02-05T08:49:51","date_gmt":"2021-02-05T11:49:51","guid":{"rendered":"http:\/\/ww16.ce.gov.br\/saude\/?page_id=93574"},"modified":"2021-06-29T16:47:56","modified_gmt":"2021-06-29T19:47:56","slug":"diretoria","status":"publish","type":"page","link":"https:\/\/ww16.ce.gov.br\/saude\/donalibania\/servico\/diretoria\/","title":{"rendered":"Dona Lib\u00e2nia | Diretoria"},"content":{"rendered":"<h1><strong>Diretoria<\/strong><\/h1>\n<p>&nbsp;<\/p>\n<h3 class=\"-laranja\"><strong>Heitor de S\u00e1 Gon\u00e7alves<\/strong><\/h3>\n<h4>Diretoria-Geral<\/h4>\n<p>&nbsp;<\/p>\n<p>M\u00e9dico dermatologista formado pela Universidade Federal do Cear\u00e1 (UFC), doutor em Farmacologia e membro da Sociedade Brasileira de Dermatologia.<\/p>\n<p>&nbsp;<\/p>\n<h3 class=\"-laranja\"><strong>Maria Araci de Andrade Pontes<\/strong><\/h3>\n<h4>Diretora T\u00e9cnica<\/h4>\n<p>&nbsp;<\/p>\n<p>M\u00e9dica dermatologista, doutora em Farmacologia Cl\u00ednica e membro da Sociedade Brasileira de Dermatologia.<\/p>\n<p>&nbsp;<\/p>\n<h3 class=\"-laranja\"><strong>Clarisse Almeida<\/strong><\/h3>\n<h4>Diretoria Cl\u00ednica<\/h4>\n<p>&nbsp;<\/p>\n<p>M\u00e9dica dermatologista formada pela UFC e membro da Sociedade Brasileira de Dermatologia.<\/p>\n<p>&nbsp;<\/p>\n<h3 class=\"-laranja\"><strong>Maria das Dores Moreira<\/strong><\/h3>\n<h4>Diretoria Administrativa<\/h3>\n<p>&nbsp;<\/p>\n<p>Servidora p\u00fablica federal, graduada em Pedagogia. Atua na dire\u00e7\u00e3o administrativa do Centro de Dermatologia Dona Lib\u00e2nia desde 2005. Al\u00e9m da experi\u00eancia com administra\u00e7\u00e3o p\u00fablica, possui expertise em atividades na gest\u00e3o de compras, almoxarifado e processo administrativo disciplinar, dentre outras atividades administrativas.<\/p>\n","protected":false},"excerpt":{"rendered":"<p>Diretoria &nbsp; Heitor de S\u00e1 Gon\u00e7alves Diretoria-Geral &nbsp; M\u00e9dico dermatologista formado pela Universidade Federal do Cear\u00e1 (UFC), doutor em Farmacologia e membro da Sociedade Brasileira de Dermatologia. &nbsp; Maria Araci de Andrade Pontes Diretora T\u00e9cnica &nbsp; M\u00e9dica dermatologista, doutora em Farmacologia Cl\u00ednica e membro da Sociedade Brasileira de Dermatologia. &nbsp; Clarisse Almeida Diretoria Cl\u00ednica &nbsp; [&hellip;]<\/p>\n","protected":false},"author":12,"featured_media":0,"parent":93510,"menu_order":0,"comment_status":"closed","ping_status":"closed","template":"","meta":{"_acf_changed":false,"inline_featured_image":false,"footnotes":""},"class_list":["post-93574","page","type-page","status-publish","hentry"],"acf":[],"yoast_head":"<!-- This site is optimized with the Yoast SEO plugin v26.9 - https:\/\/yoast.com\/product\/yoast-seo-wordpress\/ -->\n<title>Dona Lib\u00e2nia | Diretoria - Secretaria da Sa\u00fade do Cear\u00e1<\/title>\n<meta name=\"robots\" content=\"index, follow, max-snippet:-1, max-image-preview:large, max-video-preview:-1\" \/>\n<link rel=\"canonical\" href=\"https:\/\/ww16.ce.gov.br\/saude\/donalibania\/servico\/diretoria\/\" \/>\n<meta property=\"og:locale\" content=\"pt_BR\" \/>\n<meta property=\"og:type\" content=\"article\" \/>\n<meta property=\"og:title\" content=\"Dona Lib\u00e2nia | Diretoria - Secretaria da Sa\u00fade do Cear\u00e1\" \/>\n<meta property=\"og:description\" content=\"Diretoria &nbsp; Heitor de S\u00e1 Gon\u00e7alves Diretoria-Geral &nbsp; M\u00e9dico dermatologista formado pela Universidade Federal do Cear\u00e1 (UFC), doutor em Farmacologia e membro da Sociedade Brasileira de Dermatologia. &nbsp; Maria Araci de Andrade Pontes Diretora T\u00e9cnica &nbsp; M\u00e9dica dermatologista, doutora em Farmacologia Cl\u00ednica e membro da Sociedade Brasileira de Dermatologia. &nbsp; Clarisse Almeida Diretoria Cl\u00ednica &nbsp; [&hellip;]\" \/>\n<meta property=\"og:url\" content=\"https:\/\/ww16.ce.gov.br\/saude\/donalibania\/servico\/diretoria\/\" \/>\n<meta property=\"og:site_name\" content=\"Secretaria da Sa\u00fade do Cear\u00e1\" \/>\n<meta property=\"article:modified_time\" content=\"2021-06-29T19:47:56+00:00\" \/>\n<meta name=\"twitter:card\" content=\"summary_large_image\" \/>\n<meta name=\"twitter:label1\" content=\"Est. reading time\" \/>\n\t<meta name=\"twitter:data1\" content=\"1 minuto\" \/>\n<script type=\"application\/ld+json\" class=\"yoast-schema-graph\">{\"@context\":\"https:\/\/schema.org\",\"@graph\":[{\"@type\":\"WebPage\",\"@id\":\"https:\/\/ww16.ce.gov.br\/saude\/donalibania\/servico\/diretoria\/\",\"url\":\"https:\/\/ww16.ce.gov.br\/saude\/donalibania\/servico\/diretoria\/\",\"name\":\"Dona Lib\u00e2nia | Diretoria - Secretaria da Sa\u00fade do Cear\u00e1\",\"isPartOf\":{\"@id\":\"https:\/\/ww16.ce.gov.br\/saude\/#website\"},\"datePublished\":\"2021-02-05T11:49:51+00:00\",\"dateModified\":\"2021-06-29T19:47:56+00:00\",\"breadcrumb\":{\"@id\":\"https:\/\/ww16.ce.gov.br\/saude\/donalibania\/servico\/diretoria\/#breadcrumb\"},\"inLanguage\":\"pt-BR\",\"potentialAction\":[{\"@type\":\"ReadAction\",\"target\":[\"https:\/\/ww16.ce.gov.br\/saude\/donalibania\/servico\/diretoria\/\"]}]},{\"@type\":\"BreadcrumbList\",\"@id\":\"https:\/\/ww16.ce.gov.br\/saude\/donalibania\/servico\/diretoria\/#breadcrumb\",\"itemListElement\":[{\"@type\":\"ListItem\",\"position\":1,\"name\":\"In\u00edcio\",\"item\":\"https:\/\/ww16.ce.gov.br\/saude\/\"},{\"@type\":\"ListItem\",\"position\":2,\"name\":\"Dona Lib\u00e2nia | Principal\",\"item\":\"https:\/\/ww16.ce.gov.br\/saude\/donalibania\/\"},{\"@type\":\"ListItem\",\"position\":3,\"name\":\"Dona Lib\u00e2nia | Servi\u00e7o\",\"item\":\"https:\/\/ww16.ce.gov.br\/saude\/donalibania\/servico\/\"},{\"@type\":\"ListItem\",\"position\":4,\"name\":\"Dona Lib\u00e2nia | Diretoria\"}]},{\"@type\":\"WebSite\",\"@id\":\"https:\/\/ww16.ce.gov.br\/saude\/#website\",\"url\":\"https:\/\/ww16.ce.gov.br\/saude\/\",\"name\":\"Secretaria da Sa\u00fade\",\"description\":\"Secretaria da Sa\u00fade do Cear\u00e1\",\"publisher\":{\"@id\":\"https:\/\/ww16.ce.gov.br\/saude\/#organization\"},\"potentialAction\":[{\"@type\":\"SearchAction\",\"target\":{\"@type\":\"EntryPoint\",\"urlTemplate\":\"https:\/\/ww16.ce.gov.br\/saude\/?s={search_term_string}\"},\"query-input\":{\"@type\":\"PropertyValueSpecification\",\"valueRequired\":true,\"valueName\":\"search_term_string\"}}],\"inLanguage\":\"pt-BR\"},{\"@type\":\"Organization\",\"@id\":\"https:\/\/ww16.ce.gov.br\/saude\/#organization\",\"name\":\"Secretaria da Sa\u00fade\",\"url\":\"https:\/\/ww16.ce.gov.br\/saude\/\",\"logo\":{\"@type\":\"ImageObject\",\"inLanguage\":\"pt-BR\",\"@id\":\"https:\/\/ww16.ce.gov.br\/saude\/#\/schema\/logo\/image\/\",\"url\":\"http:\/\/ww16.ce.gov.br\/saude\/wp-content\/uploads\/sites\/9\/2017\/11\/clara.png\",\"contentUrl\":\"http:\/\/ww16.ce.gov.br\/saude\/wp-content\/uploads\/sites\/9\/2017\/11\/clara.png\",\"width\":559,\"height\":106,\"caption\":\"Secretaria da Sa\u00fade\"},\"image\":{\"@id\":\"https:\/\/ww16.ce.gov.br\/saude\/#\/schema\/logo\/image\/\"}}]}<\/script>\n<!-- \/ Yoast SEO plugin. -->","yoast_head_json":{"title":"Dona Lib\u00e2nia | Diretoria - Secretaria da Sa\u00fade do Cear\u00e1","robots":{"index":"index","follow":"follow","max-snippet":"max-snippet:-1","max-image-preview":"max-image-preview:large","max-video-preview":"max-video-preview:-1"},"canonical":"https:\/\/ww16.ce.gov.br\/saude\/donalibania\/servico\/diretoria\/","og_locale":"pt_BR","og_type":"article","og_title":"Dona Lib\u00e2nia | Diretoria - Secretaria da Sa\u00fade do Cear\u00e1","og_description":"Diretoria &nbsp; Heitor de S\u00e1 Gon\u00e7alves Diretoria-Geral &nbsp; M\u00e9dico dermatologista formado pela Universidade Federal do Cear\u00e1 (UFC), doutor em Farmacologia e membro da Sociedade Brasileira de Dermatologia. &nbsp; Maria Araci de Andrade Pontes Diretora T\u00e9cnica &nbsp; M\u00e9dica dermatologista, doutora em Farmacologia Cl\u00ednica e membro da Sociedade Brasileira de Dermatologia. &nbsp; Clarisse Almeida Diretoria Cl\u00ednica &nbsp; [&hellip;]","og_url":"https:\/\/ww16.ce.gov.br\/saude\/donalibania\/servico\/diretoria\/","og_site_name":"Secretaria da Sa\u00fade do Cear\u00e1","article_modified_time":"2021-06-29T19:47:56+00:00","twitter_card":"summary_large_image","twitter_misc":{"Est. reading time":"1 minuto"},"schema":{"@context":"https:\/\/schema.org","@graph":[{"@type":"WebPage","@id":"https:\/\/ww16.ce.gov.br\/saude\/donalibania\/servico\/diretoria\/","url":"https:\/\/ww16.ce.gov.br\/saude\/donalibania\/servico\/diretoria\/","name":"Dona Lib\u00e2nia | Diretoria - Secretaria da Sa\u00fade do Cear\u00e1","isPartOf":{"@id":"https:\/\/ww16.ce.gov.br\/saude\/#website"},"datePublished":"2021-02-05T11:49:51+00:00","dateModified":"2021-06-29T19:47:56+00:00","breadcrumb":{"@id":"https:\/\/ww16.ce.gov.br\/saude\/donalibania\/servico\/diretoria\/#breadcrumb"},"inLanguage":"pt-BR","potentialAction":[{"@type":"ReadAction","target":["https:\/\/ww16.ce.gov.br\/saude\/donalibania\/servico\/diretoria\/"]}]},{"@type":"BreadcrumbList","@id":"https:\/\/ww16.ce.gov.br\/saude\/donalibania\/servico\/diretoria\/#breadcrumb","itemListElement":[{"@type":"ListItem","position":1,"name":"In\u00edcio","item":"https:\/\/ww16.ce.gov.br\/saude\/"},{"@type":"ListItem","position":2,"name":"Dona Lib\u00e2nia | Principal","item":"https:\/\/ww16.ce.gov.br\/saude\/donalibania\/"},{"@type":"ListItem","position":3,"name":"Dona Lib\u00e2nia | Servi\u00e7o","item":"https:\/\/ww16.ce.gov.br\/saude\/donalibania\/servico\/"},{"@type":"ListItem","position":4,"name":"Dona Lib\u00e2nia | Diretoria"}]},{"@type":"WebSite","@id":"https:\/\/ww16.ce.gov.br\/saude\/#website","url":"https:\/\/ww16.ce.gov.br\/saude\/","name":"Secretaria da Sa\u00fade","description":"Secretaria da Sa\u00fade do Cear\u00e1","publisher":{"@id":"https:\/\/ww16.ce.gov.br\/saude\/#organization"},"potentialAction":[{"@type":"SearchAction","target":{"@type":"EntryPoint","urlTemplate":"https:\/\/ww16.ce.gov.br\/saude\/?s={search_term_string}"},"query-input":{"@type":"PropertyValueSpecification","valueRequired":true,"valueName":"search_term_string"}}],"inLanguage":"pt-BR"},{"@type":"Organization","@id":"https:\/\/ww16.ce.gov.br\/saude\/#organization","name":"Secretaria da Sa\u00fade","url":"https:\/\/ww16.ce.gov.br\/saude\/","logo":{"@type":"ImageObject","inLanguage":"pt-BR","@id":"https:\/\/ww16.ce.gov.br\/saude\/#\/schema\/logo\/image\/","url":"http:\/\/ww16.ce.gov.br\/saude\/wp-content\/uploads\/sites\/9\/2017\/11\/clara.png","contentUrl":"http:\/\/ww16.ce.gov.br\/saude\/wp-content\/uploads\/sites\/9\/2017\/11\/clara.png","width":559,"height":106,"caption":"Secretaria da Sa\u00fade"},"image":{"@id":"https:\/\/ww16.ce.gov.br\/saude\/#\/schema\/logo\/image\/"}}]}},"_links":{"self":[{"href":"https:\/\/ww16.ce.gov.br\/saude\/wp-json\/wp\/v2\/pages\/93574","targetHints":{"allow":["GET"]}}],"collection":[{"href":"https:\/\/ww16.ce.gov.br\/saude\/wp-json\/wp\/v2\/pages"}],"about":[{"href":"https:\/\/ww16.ce.gov.br\/saude\/wp-json\/wp\/v2\/types\/page"}],"author":[{"embeddable":true,"href":"https:\/\/ww16.ce.gov.br\/saude\/wp-json\/wp\/v2\/users\/12"}],"replies":[{"embeddable":true,"href":"https:\/\/ww16.ce.gov.br\/saude\/wp-json\/wp\/v2\/comments?post=93574"}],"version-history":[{"count":9,"href":"https:\/\/ww16.ce.gov.br\/saude\/wp-json\/wp\/v2\/pages\/93574\/revisions"}],"predecessor-version":[{"id":98963,"href":"https:\/\/ww16.ce.gov.br\/saude\/wp-json\/wp\/v2\/pages\/93574\/revisions\/98963"}],"up":[{"embeddable":true,"href":"https:\/\/ww16.ce.gov.br\/saude\/wp-json\/wp\/v2\/pages\/93510"}],"wp:attachment":[{"href":"https:\/\/ww16.ce.gov.br\/saude\/wp-json\/wp\/v2\/media?parent=93574"}],"curies":[{"name":"wp","href":"https:\/\/api.w.org\/{rel}","templated":true}]}}