{"id":90317,"date":"2020-10-07T18:51:35","date_gmt":"2020-10-07T21:51:35","guid":{"rendered":"http:\/\/ww16.ce.gov.br\/saude\/?page_id=90317"},"modified":"2024-12-17T13:44:49","modified_gmt":"2024-12-17T16:44:49","slug":"donalibania","status":"publish","type":"page","link":"https:\/\/ww16.ce.gov.br\/saude\/donalibania\/","title":{"rendered":"Dona Lib\u00e2nia | Principal"},"content":{"rendered":"<h1><strong>Centro de Dermatologia Dona Lib\u00e2nia<\/strong><\/h1>\n<p>&nbsp;<\/p>\n<p>O Centro de Refer\u00eancia em Dermatologia Dona Lib\u00e2nia (Cderm) \u00e9 a unidade da Secretaria da Sa\u00fade do Estado <strong>refer\u00eancia no Cear\u00e1 para doen\u00e7as dermatol\u00f3gicas, al\u00e9m de ser par\u00e2metro nacional do Minist\u00e9rio da Sa\u00fade para hansen\u00edase.<\/strong> Tem como miss\u00e3o desenvolver atividades de assist\u00eancia, ensino e pesquisa em dermatologia. Desempenha um importante papel no diagn\u00f3stico e tratamento destas afec\u00e7\u00f5es, al\u00e9m de <strong>promover atividades de capacita\u00e7\u00e3o e ensino a acad\u00eamicos e profissionais de v\u00e1rias \u00e1reas de conhecimento, tais como medicina, enfermagem, bioqu\u00edmica, fisioterapia e terapia ocupacional.<\/strong> O Cderm desenvolve, ainda, atividades de pesquisa na \u00e1rea de hansen\u00edase e dermatologia em parceria com diversas institui\u00e7\u00f5es nacionais e internacionais.<\/p>\n<p>&nbsp;<\/p>\n<p>Em 1974, o Centro era respons\u00e1vel pelo tratamento de tuberculose e hansen\u00edase. As outras dermatoses foram inclu\u00eddas \u00e0 carta de servi\u00e7os em 1985. No ano de 1996, <strong>passou a ser refer\u00eancia estadual para problemas dermatol\u00f3gicos<\/strong>, assumindo assim o seu nome. A amplia\u00e7\u00e3o do espa\u00e7o f\u00edsico permitiu a realiza\u00e7\u00e3o de novos servi\u00e7os: cirurgias dermatol\u00f3gicas, fisioterapia, estomatologia, entre outros, al\u00e9m da expans\u00e3o da \u00e1rea laboratorial, incluindo exames de hematologia e bioqu\u00edmica, histopatologia, bacteriologia e micologia.<\/p>\n<p>&nbsp;<\/p>\n<p>Consolidou-se em 1999 como institui\u00e7\u00e3o de ensino, por meio da cria\u00e7\u00e3o do <strong>Programa de Resid\u00eancia M\u00e9dica em Dermatologia, credenciado pela Sociedade Brasileira de Dermatologia e posteriormente pela Comiss\u00e3o Nacional de Resid\u00eancia M\u00e9dica do Minist\u00e9rio da Educa\u00e7\u00e3o<\/strong>. Recebeu reconhecimento do Minist\u00e9rio da Sa\u00fade, em 2003, como servi\u00e7o de refer\u00eancia nacional em dermatologia sanit\u00e1ria, com \u00eanfase em hansen\u00edase.<\/p>\n","protected":false},"excerpt":{"rendered":"<p>Centro de Dermatologia Dona Lib\u00e2nia &nbsp; O Centro de Refer\u00eancia em Dermatologia Dona Lib\u00e2nia (Cderm) \u00e9 a unidade da Secretaria da Sa\u00fade do Estado refer\u00eancia no Cear\u00e1 para doen\u00e7as dermatol\u00f3gicas, al\u00e9m de ser par\u00e2metro nacional do Minist\u00e9rio da Sa\u00fade para hansen\u00edase. Tem como miss\u00e3o desenvolver atividades de assist\u00eancia, ensino e pesquisa em dermatologia. Desempenha um [&hellip;]<\/p>\n","protected":false},"author":12,"featured_media":0,"parent":0,"menu_order":0,"comment_status":"closed","ping_status":"closed","template":"pagina-lista-filhas.php","meta":{"_acf_changed":false,"inline_featured_image":false,"footnotes":""},"class_list":["post-90317","page","type-page","status-publish","hentry"],"acf":[],"yoast_head":"<!-- This site is optimized with the Yoast SEO plugin v26.9 - https:\/\/yoast.com\/product\/yoast-seo-wordpress\/ -->\n<title>Dona Lib\u00e2nia | Principal - Secretaria da Sa\u00fade do Cear\u00e1<\/title>\n<meta name=\"robots\" content=\"index, follow, max-snippet:-1, max-image-preview:large, max-video-preview:-1\" \/>\n<link rel=\"canonical\" href=\"https:\/\/ww16.ce.gov.br\/saude\/donalibania\/\" \/>\n<meta property=\"og:locale\" content=\"pt_BR\" \/>\n<meta property=\"og:type\" content=\"article\" \/>\n<meta property=\"og:title\" content=\"Dona Lib\u00e2nia | Principal - Secretaria da Sa\u00fade do Cear\u00e1\" \/>\n<meta property=\"og:description\" content=\"Centro de Dermatologia Dona Lib\u00e2nia &nbsp; O Centro de Refer\u00eancia em Dermatologia Dona Lib\u00e2nia (Cderm) \u00e9 a unidade da Secretaria da Sa\u00fade do Estado refer\u00eancia no Cear\u00e1 para doen\u00e7as dermatol\u00f3gicas, al\u00e9m de ser par\u00e2metro nacional do Minist\u00e9rio da Sa\u00fade para hansen\u00edase. Tem como miss\u00e3o desenvolver atividades de assist\u00eancia, ensino e pesquisa em dermatologia. Desempenha um [&hellip;]\" \/>\n<meta property=\"og:url\" content=\"https:\/\/ww16.ce.gov.br\/saude\/donalibania\/\" \/>\n<meta property=\"og:site_name\" content=\"Secretaria da Sa\u00fade do Cear\u00e1\" \/>\n<meta property=\"article:modified_time\" content=\"2024-12-17T16:44:49+00:00\" \/>\n<meta name=\"twitter:card\" content=\"summary_large_image\" \/>\n<meta name=\"twitter:label1\" content=\"Est. reading time\" \/>\n\t<meta name=\"twitter:data1\" content=\"2 minutos\" \/>\n<script type=\"application\/ld+json\" class=\"yoast-schema-graph\">{\"@context\":\"https:\/\/schema.org\",\"@graph\":[{\"@type\":\"WebPage\",\"@id\":\"https:\/\/ww16.ce.gov.br\/saude\/donalibania\/\",\"url\":\"https:\/\/ww16.ce.gov.br\/saude\/donalibania\/\",\"name\":\"Dona Lib\u00e2nia | Principal - Secretaria da Sa\u00fade do Cear\u00e1\",\"isPartOf\":{\"@id\":\"https:\/\/ww16.ce.gov.br\/saude\/#website\"},\"datePublished\":\"2020-10-07T21:51:35+00:00\",\"dateModified\":\"2024-12-17T16:44:49+00:00\",\"breadcrumb\":{\"@id\":\"https:\/\/ww16.ce.gov.br\/saude\/donalibania\/#breadcrumb\"},\"inLanguage\":\"pt-BR\",\"potentialAction\":[{\"@type\":\"ReadAction\",\"target\":[\"https:\/\/ww16.ce.gov.br\/saude\/donalibania\/\"]}]},{\"@type\":\"BreadcrumbList\",\"@id\":\"https:\/\/ww16.ce.gov.br\/saude\/donalibania\/#breadcrumb\",\"itemListElement\":[{\"@type\":\"ListItem\",\"position\":1,\"name\":\"In\u00edcio\",\"item\":\"https:\/\/ww16.ce.gov.br\/saude\/\"},{\"@type\":\"ListItem\",\"position\":2,\"name\":\"Dona Lib\u00e2nia | Principal\"}]},{\"@type\":\"WebSite\",\"@id\":\"https:\/\/ww16.ce.gov.br\/saude\/#website\",\"url\":\"https:\/\/ww16.ce.gov.br\/saude\/\",\"name\":\"Secretaria da Sa\u00fade\",\"description\":\"Secretaria da Sa\u00fade do Cear\u00e1\",\"publisher\":{\"@id\":\"https:\/\/ww16.ce.gov.br\/saude\/#organization\"},\"potentialAction\":[{\"@type\":\"SearchAction\",\"target\":{\"@type\":\"EntryPoint\",\"urlTemplate\":\"https:\/\/ww16.ce.gov.br\/saude\/?s={search_term_string}\"},\"query-input\":{\"@type\":\"PropertyValueSpecification\",\"valueRequired\":true,\"valueName\":\"search_term_string\"}}],\"inLanguage\":\"pt-BR\"},{\"@type\":\"Organization\",\"@id\":\"https:\/\/ww16.ce.gov.br\/saude\/#organization\",\"name\":\"Secretaria da Sa\u00fade\",\"url\":\"https:\/\/ww16.ce.gov.br\/saude\/\",\"logo\":{\"@type\":\"ImageObject\",\"inLanguage\":\"pt-BR\",\"@id\":\"https:\/\/ww16.ce.gov.br\/saude\/#\/schema\/logo\/image\/\",\"url\":\"http:\/\/ww16.ce.gov.br\/saude\/wp-content\/uploads\/sites\/9\/2017\/11\/clara.png\",\"contentUrl\":\"http:\/\/ww16.ce.gov.br\/saude\/wp-content\/uploads\/sites\/9\/2017\/11\/clara.png\",\"width\":559,\"height\":106,\"caption\":\"Secretaria da Sa\u00fade\"},\"image\":{\"@id\":\"https:\/\/ww16.ce.gov.br\/saude\/#\/schema\/logo\/image\/\"}}]}<\/script>\n<!-- \/ Yoast SEO plugin. -->","yoast_head_json":{"title":"Dona Lib\u00e2nia | Principal - Secretaria da Sa\u00fade do Cear\u00e1","robots":{"index":"index","follow":"follow","max-snippet":"max-snippet:-1","max-image-preview":"max-image-preview:large","max-video-preview":"max-video-preview:-1"},"canonical":"https:\/\/ww16.ce.gov.br\/saude\/donalibania\/","og_locale":"pt_BR","og_type":"article","og_title":"Dona Lib\u00e2nia | Principal - Secretaria da Sa\u00fade do Cear\u00e1","og_description":"Centro de Dermatologia Dona Lib\u00e2nia &nbsp; O Centro de Refer\u00eancia em Dermatologia Dona Lib\u00e2nia (Cderm) \u00e9 a unidade da Secretaria da Sa\u00fade do Estado refer\u00eancia no Cear\u00e1 para doen\u00e7as dermatol\u00f3gicas, al\u00e9m de ser par\u00e2metro nacional do Minist\u00e9rio da Sa\u00fade para hansen\u00edase. Tem como miss\u00e3o desenvolver atividades de assist\u00eancia, ensino e pesquisa em dermatologia. Desempenha um [&hellip;]","og_url":"https:\/\/ww16.ce.gov.br\/saude\/donalibania\/","og_site_name":"Secretaria da Sa\u00fade do Cear\u00e1","article_modified_time":"2024-12-17T16:44:49+00:00","twitter_card":"summary_large_image","twitter_misc":{"Est. reading time":"2 minutos"},"schema":{"@context":"https:\/\/schema.org","@graph":[{"@type":"WebPage","@id":"https:\/\/ww16.ce.gov.br\/saude\/donalibania\/","url":"https:\/\/ww16.ce.gov.br\/saude\/donalibania\/","name":"Dona Lib\u00e2nia | Principal - Secretaria da Sa\u00fade do Cear\u00e1","isPartOf":{"@id":"https:\/\/ww16.ce.gov.br\/saude\/#website"},"datePublished":"2020-10-07T21:51:35+00:00","dateModified":"2024-12-17T16:44:49+00:00","breadcrumb":{"@id":"https:\/\/ww16.ce.gov.br\/saude\/donalibania\/#breadcrumb"},"inLanguage":"pt-BR","potentialAction":[{"@type":"ReadAction","target":["https:\/\/ww16.ce.gov.br\/saude\/donalibania\/"]}]},{"@type":"BreadcrumbList","@id":"https:\/\/ww16.ce.gov.br\/saude\/donalibania\/#breadcrumb","itemListElement":[{"@type":"ListItem","position":1,"name":"In\u00edcio","item":"https:\/\/ww16.ce.gov.br\/saude\/"},{"@type":"ListItem","position":2,"name":"Dona Lib\u00e2nia | Principal"}]},{"@type":"WebSite","@id":"https:\/\/ww16.ce.gov.br\/saude\/#website","url":"https:\/\/ww16.ce.gov.br\/saude\/","name":"Secretaria da Sa\u00fade","description":"Secretaria da Sa\u00fade do Cear\u00e1","publisher":{"@id":"https:\/\/ww16.ce.gov.br\/saude\/#organization"},"potentialAction":[{"@type":"SearchAction","target":{"@type":"EntryPoint","urlTemplate":"https:\/\/ww16.ce.gov.br\/saude\/?s={search_term_string}"},"query-input":{"@type":"PropertyValueSpecification","valueRequired":true,"valueName":"search_term_string"}}],"inLanguage":"pt-BR"},{"@type":"Organization","@id":"https:\/\/ww16.ce.gov.br\/saude\/#organization","name":"Secretaria da Sa\u00fade","url":"https:\/\/ww16.ce.gov.br\/saude\/","logo":{"@type":"ImageObject","inLanguage":"pt-BR","@id":"https:\/\/ww16.ce.gov.br\/saude\/#\/schema\/logo\/image\/","url":"http:\/\/ww16.ce.gov.br\/saude\/wp-content\/uploads\/sites\/9\/2017\/11\/clara.png","contentUrl":"http:\/\/ww16.ce.gov.br\/saude\/wp-content\/uploads\/sites\/9\/2017\/11\/clara.png","width":559,"height":106,"caption":"Secretaria da Sa\u00fade"},"image":{"@id":"https:\/\/ww16.ce.gov.br\/saude\/#\/schema\/logo\/image\/"}}]}},"_links":{"self":[{"href":"https:\/\/ww16.ce.gov.br\/saude\/wp-json\/wp\/v2\/pages\/90317","targetHints":{"allow":["GET"]}}],"collection":[{"href":"https:\/\/ww16.ce.gov.br\/saude\/wp-json\/wp\/v2\/pages"}],"about":[{"href":"https:\/\/ww16.ce.gov.br\/saude\/wp-json\/wp\/v2\/types\/page"}],"author":[{"embeddable":true,"href":"https:\/\/ww16.ce.gov.br\/saude\/wp-json\/wp\/v2\/users\/12"}],"replies":[{"embeddable":true,"href":"https:\/\/ww16.ce.gov.br\/saude\/wp-json\/wp\/v2\/comments?post=90317"}],"version-history":[{"count":16,"href":"https:\/\/ww16.ce.gov.br\/saude\/wp-json\/wp\/v2\/pages\/90317\/revisions"}],"predecessor-version":[{"id":138900,"href":"https:\/\/ww16.ce.gov.br\/saude\/wp-json\/wp\/v2\/pages\/90317\/revisions\/138900"}],"wp:attachment":[{"href":"https:\/\/ww16.ce.gov.br\/saude\/wp-json\/wp\/v2\/media?parent=90317"}],"curies":[{"name":"wp","href":"https:\/\/api.w.org\/{rel}","templated":true}]}}