{"id":90288,"date":"2020-10-07T16:03:27","date_gmt":"2020-10-07T19:03:27","guid":{"rendered":"http:\/\/ww16.ce.gov.br\/saude\/?page_id=90288"},"modified":"2026-05-06T10:07:33","modified_gmt":"2026-05-06T13:07:33","slug":"saudemental","status":"publish","type":"page","link":"https:\/\/ww16.ce.gov.br\/saude\/saudemental\/","title":{"rendered":"Cuidados com a Sa\u00fade Mental (Lei 17.310\/20)"},"content":{"rendered":"<p><img loading=\"lazy\" decoding=\"async\" class=\"alignnone wp-image-105118 size-full\" src=\"https:\/\/ww16.ce.gov.br\/saude\/wp-content\/uploads\/sites\/64\/2022\/01\/saude-mental2.png\" alt=\"\" width=\"775\" height=\"151\" srcset=\"https:\/\/ww16.ce.gov.br\/saude\/wp-content\/uploads\/sites\/64\/2022\/01\/saude-mental2.png 775w, https:\/\/ww16.ce.gov.br\/saude\/wp-content\/uploads\/sites\/64\/2022\/01\/saude-mental2-600x117.png 600w, https:\/\/ww16.ce.gov.br\/saude\/wp-content\/uploads\/sites\/64\/2022\/01\/saude-mental2-768x150.png 768w\" sizes=\"auto, (max-width: 775px) 100vw, 775px\" \/><br \/>\n&nbsp;<\/p>\n<p>Em atendimento \u00e0 lei estadual 17.310\/20, disponibilizamos este espa\u00e7o para oferecer dicas e informes sobre cuidados com a sa\u00fade mental. O objetivo \u00e9 oferecer conte\u00fados sobre tratamentos dispon\u00edveis e dados sobre as entidades que atuam no atendimento \u00e0s pessoas com transtornos mentais, facilitando o acesso \u00e0s informa\u00e7\u00f5es.<br \/>\n&nbsp;<\/p>\n<ul class=\"ListaEst -Verde col1\" style=\"font-weight: bold\">\n<li><a href=\"https:\/\/imagens.seplag.ce.gov.br\/PDF\/20201006\/do20201006p01.pdf\" target=\"_blank\" rel=\"noopener noreferrer\">Confira a \u00edntegra da lei<\/a><\/li>\n<li><a href=\"https:\/\/ww16.ce.gov.br\/saude\/wp-content\/uploads\/sites\/64\/2022\/01\/cartaz_rede_psicossocial_20222601-1.pdf\" target=\"_blank\" rel=\"noopener noreferrer\">Rede de Aten\u00e7\u00e3o Psicossocial (Raps)<\/a><\/li>\n<li><a href=\"https:\/\/ww16.ce.gov.br\/saude\/wp-content\/uploads\/sites\/64\/2022\/01\/cartaz_rede_psicossocial_20222601-2.pdf\" target=\"_blank\" rel=\"noopener noreferrer\">De quem \u00e9 a responsabilidade pelo funcionamento dos servi\u00e7os?<\/a><\/li>\n<li><a href=\"https:\/\/ww16.ce.gov.br\/saude\/wp-content\/uploads\/sites\/64\/2022\/01\/cartaz_rede_psicossocial_20222801_3.pdf\" target=\"_blank\" rel=\"noopener noreferrer\">Fluxo de atendimento<\/a><\/li>\n<li><a href=\"https:\/\/ww16.ce.gov.br\/saude\/wp-content\/uploads\/sites\/64\/2022\/01\/cartaz_rede_psicossocial_20222601-4.pdf\" target=\"_blank\" rel=\"noopener noreferrer\">O que garante o acesso?<\/a><\/li>\n<\/ul>\n","protected":false},"excerpt":{"rendered":"<p>&nbsp; Em atendimento \u00e0 lei estadual 17.310\/20, disponibilizamos este espa\u00e7o para oferecer dicas e informes sobre cuidados com a sa\u00fade mental. O objetivo \u00e9 oferecer conte\u00fados sobre tratamentos dispon\u00edveis e dados sobre as entidades que atuam no atendimento \u00e0s pessoas com transtornos mentais, facilitando o acesso \u00e0s informa\u00e7\u00f5es. &nbsp; Confira a \u00edntegra da lei Rede [&hellip;]<\/p>\n","protected":false},"author":12,"featured_media":105118,"parent":0,"menu_order":0,"comment_status":"closed","ping_status":"closed","template":"page-download.php","meta":{"_acf_changed":false,"inline_featured_image":false,"footnotes":""},"class_list":["post-90288","page","type-page","status-publish","has-post-thumbnail","hentry"],"acf":[],"yoast_head":"<!-- This site is optimized with the Yoast SEO plugin v26.9 - https:\/\/yoast.com\/product\/yoast-seo-wordpress\/ -->\n<title>Cuidados com a Sa\u00fade Mental (Lei 17.310\/20) - Secretaria da Sa\u00fade do Cear\u00e1<\/title>\n<meta name=\"robots\" content=\"index, follow, max-snippet:-1, max-image-preview:large, max-video-preview:-1\" \/>\n<link rel=\"canonical\" href=\"https:\/\/ww16.ce.gov.br\/saude\/saudemental\/\" \/>\n<meta property=\"og:locale\" content=\"pt_BR\" \/>\n<meta property=\"og:type\" content=\"article\" \/>\n<meta property=\"og:title\" content=\"Cuidados com a Sa\u00fade Mental (Lei 17.310\/20) - Secretaria da Sa\u00fade do Cear\u00e1\" \/>\n<meta property=\"og:description\" content=\"&nbsp; Em atendimento \u00e0 lei estadual 17.310\/20, disponibilizamos este espa\u00e7o para oferecer dicas e informes sobre cuidados com a sa\u00fade mental. O objetivo \u00e9 oferecer conte\u00fados sobre tratamentos dispon\u00edveis e dados sobre as entidades que atuam no atendimento \u00e0s pessoas com transtornos mentais, facilitando o acesso \u00e0s informa\u00e7\u00f5es. &nbsp; Confira a \u00edntegra da lei Rede [&hellip;]\" \/>\n<meta property=\"og:url\" content=\"https:\/\/ww16.ce.gov.br\/saude\/saudemental\/\" \/>\n<meta property=\"og:site_name\" content=\"Secretaria da Sa\u00fade do Cear\u00e1\" \/>\n<meta property=\"article:modified_time\" content=\"2026-05-06T13:07:33+00:00\" \/>\n<meta property=\"og:image\" content=\"https:\/\/ww16.ce.gov.br\/saude\/wp-content\/uploads\/sites\/64\/2022\/01\/saude-mental2.png\" \/>\n\t<meta property=\"og:image:width\" content=\"775\" \/>\n\t<meta property=\"og:image:height\" content=\"151\" \/>\n\t<meta property=\"og:image:type\" content=\"image\/png\" \/>\n<meta name=\"twitter:card\" content=\"summary_large_image\" \/>\n<meta name=\"twitter:label1\" content=\"Est. reading time\" \/>\n\t<meta name=\"twitter:data1\" content=\"1 minuto\" \/>\n<script type=\"application\/ld+json\" class=\"yoast-schema-graph\">{\"@context\":\"https:\/\/schema.org\",\"@graph\":[{\"@type\":\"WebPage\",\"@id\":\"https:\/\/ww16.ce.gov.br\/saude\/saudemental\/\",\"url\":\"https:\/\/ww16.ce.gov.br\/saude\/saudemental\/\",\"name\":\"Cuidados com a Sa\u00fade Mental (Lei 17.310\/20) - Secretaria da Sa\u00fade do Cear\u00e1\",\"isPartOf\":{\"@id\":\"https:\/\/ww16.ce.gov.br\/saude\/#website\"},\"primaryImageOfPage\":{\"@id\":\"https:\/\/ww16.ce.gov.br\/saude\/saudemental\/#primaryimage\"},\"image\":{\"@id\":\"https:\/\/ww16.ce.gov.br\/saude\/saudemental\/#primaryimage\"},\"thumbnailUrl\":\"https:\/\/ww16.ce.gov.br\/saude\/wp-content\/uploads\/sites\/64\/2022\/01\/saude-mental2.png\",\"datePublished\":\"2020-10-07T19:03:27+00:00\",\"dateModified\":\"2026-05-06T13:07:33+00:00\",\"breadcrumb\":{\"@id\":\"https:\/\/ww16.ce.gov.br\/saude\/saudemental\/#breadcrumb\"},\"inLanguage\":\"pt-BR\",\"potentialAction\":[{\"@type\":\"ReadAction\",\"target\":[\"https:\/\/ww16.ce.gov.br\/saude\/saudemental\/\"]}]},{\"@type\":\"ImageObject\",\"inLanguage\":\"pt-BR\",\"@id\":\"https:\/\/ww16.ce.gov.br\/saude\/saudemental\/#primaryimage\",\"url\":\"https:\/\/ww16.ce.gov.br\/saude\/wp-content\/uploads\/sites\/64\/2022\/01\/saude-mental2.png\",\"contentUrl\":\"https:\/\/ww16.ce.gov.br\/saude\/wp-content\/uploads\/sites\/64\/2022\/01\/saude-mental2.png\",\"width\":775,\"height\":151},{\"@type\":\"BreadcrumbList\",\"@id\":\"https:\/\/ww16.ce.gov.br\/saude\/saudemental\/#breadcrumb\",\"itemListElement\":[{\"@type\":\"ListItem\",\"position\":1,\"name\":\"In\u00edcio\",\"item\":\"https:\/\/ww16.ce.gov.br\/saude\/\"},{\"@type\":\"ListItem\",\"position\":2,\"name\":\"Cuidados com a Sa\u00fade Mental (Lei 17.310\/20)\"}]},{\"@type\":\"WebSite\",\"@id\":\"https:\/\/ww16.ce.gov.br\/saude\/#website\",\"url\":\"https:\/\/ww16.ce.gov.br\/saude\/\",\"name\":\"Secretaria da Sa\u00fade\",\"description\":\"Secretaria da Sa\u00fade do Cear\u00e1\",\"publisher\":{\"@id\":\"https:\/\/ww16.ce.gov.br\/saude\/#organization\"},\"potentialAction\":[{\"@type\":\"SearchAction\",\"target\":{\"@type\":\"EntryPoint\",\"urlTemplate\":\"https:\/\/ww16.ce.gov.br\/saude\/?s={search_term_string}\"},\"query-input\":{\"@type\":\"PropertyValueSpecification\",\"valueRequired\":true,\"valueName\":\"search_term_string\"}}],\"inLanguage\":\"pt-BR\"},{\"@type\":\"Organization\",\"@id\":\"https:\/\/ww16.ce.gov.br\/saude\/#organization\",\"name\":\"Secretaria da Sa\u00fade\",\"url\":\"https:\/\/ww16.ce.gov.br\/saude\/\",\"logo\":{\"@type\":\"ImageObject\",\"inLanguage\":\"pt-BR\",\"@id\":\"https:\/\/ww16.ce.gov.br\/saude\/#\/schema\/logo\/image\/\",\"url\":\"http:\/\/ww16.ce.gov.br\/saude\/wp-content\/uploads\/sites\/9\/2017\/11\/clara.png\",\"contentUrl\":\"http:\/\/ww16.ce.gov.br\/saude\/wp-content\/uploads\/sites\/9\/2017\/11\/clara.png\",\"width\":559,\"height\":106,\"caption\":\"Secretaria da Sa\u00fade\"},\"image\":{\"@id\":\"https:\/\/ww16.ce.gov.br\/saude\/#\/schema\/logo\/image\/\"}}]}<\/script>\n<!-- \/ Yoast SEO plugin. -->","yoast_head_json":{"title":"Cuidados com a Sa\u00fade Mental (Lei 17.310\/20) - Secretaria da Sa\u00fade do Cear\u00e1","robots":{"index":"index","follow":"follow","max-snippet":"max-snippet:-1","max-image-preview":"max-image-preview:large","max-video-preview":"max-video-preview:-1"},"canonical":"https:\/\/ww16.ce.gov.br\/saude\/saudemental\/","og_locale":"pt_BR","og_type":"article","og_title":"Cuidados com a Sa\u00fade Mental (Lei 17.310\/20) - Secretaria da Sa\u00fade do Cear\u00e1","og_description":"&nbsp; Em atendimento \u00e0 lei estadual 17.310\/20, disponibilizamos este espa\u00e7o para oferecer dicas e informes sobre cuidados com a sa\u00fade mental. O objetivo \u00e9 oferecer conte\u00fados sobre tratamentos dispon\u00edveis e dados sobre as entidades que atuam no atendimento \u00e0s pessoas com transtornos mentais, facilitando o acesso \u00e0s informa\u00e7\u00f5es. &nbsp; Confira a \u00edntegra da lei Rede [&hellip;]","og_url":"https:\/\/ww16.ce.gov.br\/saude\/saudemental\/","og_site_name":"Secretaria da Sa\u00fade do Cear\u00e1","article_modified_time":"2026-05-06T13:07:33+00:00","og_image":[{"width":775,"height":151,"url":"https:\/\/ww16.ce.gov.br\/saude\/wp-content\/uploads\/sites\/64\/2022\/01\/saude-mental2.png","type":"image\/png"}],"twitter_card":"summary_large_image","twitter_misc":{"Est. reading time":"1 minuto"},"schema":{"@context":"https:\/\/schema.org","@graph":[{"@type":"WebPage","@id":"https:\/\/ww16.ce.gov.br\/saude\/saudemental\/","url":"https:\/\/ww16.ce.gov.br\/saude\/saudemental\/","name":"Cuidados com a Sa\u00fade Mental (Lei 17.310\/20) - Secretaria da Sa\u00fade do Cear\u00e1","isPartOf":{"@id":"https:\/\/ww16.ce.gov.br\/saude\/#website"},"primaryImageOfPage":{"@id":"https:\/\/ww16.ce.gov.br\/saude\/saudemental\/#primaryimage"},"image":{"@id":"https:\/\/ww16.ce.gov.br\/saude\/saudemental\/#primaryimage"},"thumbnailUrl":"https:\/\/ww16.ce.gov.br\/saude\/wp-content\/uploads\/sites\/64\/2022\/01\/saude-mental2.png","datePublished":"2020-10-07T19:03:27+00:00","dateModified":"2026-05-06T13:07:33+00:00","breadcrumb":{"@id":"https:\/\/ww16.ce.gov.br\/saude\/saudemental\/#breadcrumb"},"inLanguage":"pt-BR","potentialAction":[{"@type":"ReadAction","target":["https:\/\/ww16.ce.gov.br\/saude\/saudemental\/"]}]},{"@type":"ImageObject","inLanguage":"pt-BR","@id":"https:\/\/ww16.ce.gov.br\/saude\/saudemental\/#primaryimage","url":"https:\/\/ww16.ce.gov.br\/saude\/wp-content\/uploads\/sites\/64\/2022\/01\/saude-mental2.png","contentUrl":"https:\/\/ww16.ce.gov.br\/saude\/wp-content\/uploads\/sites\/64\/2022\/01\/saude-mental2.png","width":775,"height":151},{"@type":"BreadcrumbList","@id":"https:\/\/ww16.ce.gov.br\/saude\/saudemental\/#breadcrumb","itemListElement":[{"@type":"ListItem","position":1,"name":"In\u00edcio","item":"https:\/\/ww16.ce.gov.br\/saude\/"},{"@type":"ListItem","position":2,"name":"Cuidados com a Sa\u00fade Mental (Lei 17.310\/20)"}]},{"@type":"WebSite","@id":"https:\/\/ww16.ce.gov.br\/saude\/#website","url":"https:\/\/ww16.ce.gov.br\/saude\/","name":"Secretaria da Sa\u00fade","description":"Secretaria da Sa\u00fade do Cear\u00e1","publisher":{"@id":"https:\/\/ww16.ce.gov.br\/saude\/#organization"},"potentialAction":[{"@type":"SearchAction","target":{"@type":"EntryPoint","urlTemplate":"https:\/\/ww16.ce.gov.br\/saude\/?s={search_term_string}"},"query-input":{"@type":"PropertyValueSpecification","valueRequired":true,"valueName":"search_term_string"}}],"inLanguage":"pt-BR"},{"@type":"Organization","@id":"https:\/\/ww16.ce.gov.br\/saude\/#organization","name":"Secretaria da Sa\u00fade","url":"https:\/\/ww16.ce.gov.br\/saude\/","logo":{"@type":"ImageObject","inLanguage":"pt-BR","@id":"https:\/\/ww16.ce.gov.br\/saude\/#\/schema\/logo\/image\/","url":"http:\/\/ww16.ce.gov.br\/saude\/wp-content\/uploads\/sites\/9\/2017\/11\/clara.png","contentUrl":"http:\/\/ww16.ce.gov.br\/saude\/wp-content\/uploads\/sites\/9\/2017\/11\/clara.png","width":559,"height":106,"caption":"Secretaria da Sa\u00fade"},"image":{"@id":"https:\/\/ww16.ce.gov.br\/saude\/#\/schema\/logo\/image\/"}}]}},"_links":{"self":[{"href":"https:\/\/ww16.ce.gov.br\/saude\/wp-json\/wp\/v2\/pages\/90288","targetHints":{"allow":["GET"]}}],"collection":[{"href":"https:\/\/ww16.ce.gov.br\/saude\/wp-json\/wp\/v2\/pages"}],"about":[{"href":"https:\/\/ww16.ce.gov.br\/saude\/wp-json\/wp\/v2\/types\/page"}],"author":[{"embeddable":true,"href":"https:\/\/ww16.ce.gov.br\/saude\/wp-json\/wp\/v2\/users\/12"}],"replies":[{"embeddable":true,"href":"https:\/\/ww16.ce.gov.br\/saude\/wp-json\/wp\/v2\/comments?post=90288"}],"version-history":[{"count":17,"href":"https:\/\/ww16.ce.gov.br\/saude\/wp-json\/wp\/v2\/pages\/90288\/revisions"}],"predecessor-version":[{"id":110976,"href":"https:\/\/ww16.ce.gov.br\/saude\/wp-json\/wp\/v2\/pages\/90288\/revisions\/110976"}],"wp:featuredmedia":[{"embeddable":true,"href":"https:\/\/ww16.ce.gov.br\/saude\/wp-json\/wp\/v2\/media\/105118"}],"wp:attachment":[{"href":"https:\/\/ww16.ce.gov.br\/saude\/wp-json\/wp\/v2\/media?parent=90288"}],"curies":[{"name":"wp","href":"https:\/\/api.w.org\/{rel}","templated":true}]}}