{"id":77405,"date":"2019-02-11T14:56:24","date_gmt":"2019-02-11T17:56:24","guid":{"rendered":"http:\/\/ww16.ce.gov.br\/saude\/?page_id=77405"},"modified":"2021-06-14T15:26:05","modified_gmt":"2021-06-14T18:26:05","slug":"cihdottopo","status":"publish","type":"page","link":"https:\/\/ww16.ce.gov.br\/saude\/rede-sesa\/centraldetransplantes\/cihdottopo\/","title":{"rendered":"CIHDOTT\/ OPO"},"content":{"rendered":"<h4 class=\"-laranja\"><strong>Comiss\u00f5es Intra-Hospitalares de Doa\u00e7\u00e3o de \u00d3rg\u00e3os e Tecidos para Transplante (CIHDOTT)\/ Organiza\u00e7\u00e3o por Procura de \u00d3rg\u00e3os e Tecidos (OPO)<\/strong><\/h4>\n<p>&nbsp;<\/p>\n<p>A Organiza\u00e7\u00e3o de Procura de \u00d3rg\u00e3os e Tecidos \u2013 OPO se reportam a Central de Transplantes e atuam junto aos estabelecimentos de sa\u00fade de forma regionalizadas e metas estabelecidas para a detec\u00e7\u00e3o e demais procedimentos de viabiliza\u00e7\u00e3o de potencial doador de \u00f3rg\u00e3os e tecidos para transplantes e as Comiss\u00f5es Intra-Hospitalares de Doa\u00e7\u00e3o de \u00d3rg\u00e3os e Tecidos para Transplante \u2013 CIHDOTT organizam no \u00e2mbito hospitalar o processo de remo\u00e7\u00e3o de \u00f3rg\u00e3os e tecidos\u00a0 para fins de transplantes.<\/p>\n<p>&nbsp;<\/p>\n<p>OPO&#8217;s e CIHDOTT&#8217;s s\u00e3o respons\u00e1veis pelo desempenho da rede de aten\u00e7\u00e3o \u00e0 doa\u00e7\u00e3o de \u00f3rg\u00e3os e tecidos na sua \u00e1rea de abrang\u00eancia.<\/p>\n<p>&nbsp;<\/p>\n<p>Foram institu\u00eddas no Estado do Cear\u00e1, 18 CIHDOTT&#8217;s, 14 delas em Fortaleza, duas em Sobral e duas na Regi\u00e3o do Cariri e conta tamb\u00e9m com quatro OPO&#8217;s, sendo duas em Fortaleza, uma em Sobral e uma no Cariri.<\/p>\n<p>&nbsp;<\/p>\n<div class=\"SistemasExternos\">\n<table>\n<thead>\n<tr>\n<th width=\"50%\">Comiss\u00f5es Intra-Hospitalares de Doa\u00e7\u00e3o<br \/>\nde \u00d3rg\u00e3os e Tecidos para Transplante<\/th>\n<th width=\"30%\">Institui\u00e7\u00e3o<\/th>\n<th width=\"20%\">Telefone<\/th>\n<\/tr>\n<\/thead>\n<tbody><!-- sistema inicio IJF --><\/p>\n<tr>\n<td class=\"laranja\"><span>OPO &#8211; IJF\/ CIHDOTT<\/span><\/td>\n<td>\n<div>Instituto Dr. Jos\u00e9 Frota<\/div>\n<\/td>\n<td>\n<div>(85) 3255.5155<\/div>\n<\/td>\n<\/tr>\n<p><!-- sistema final IJF --><!-- sistema inicio HGF --><\/p>\n<tr>\n<td class=\"laranja\"><span>OPO &#8211; HGF\/ CIHDOTT<\/span><\/td>\n<td>\n<div>Hospital Geral de Fortaleza<\/div>\n<\/td>\n<td>\n<div>(85) 3265.6276<\/div>\n<\/td>\n<\/tr>\n<p><!-- sistema final HGF --><!-- sistema inicio SOBRAL --><\/p>\n<tr>\n<td class=\"laranja\"><span>OPO \u2013 Sobral \/ CIHDOTT<\/span><\/td>\n<td>\n<div>Santa Casa de Miseric\u00f3rdia de Sobral<\/div>\n<\/td>\n<td>\n<div>(88) 3112.0418<\/div>\n<\/td>\n<\/tr>\n<p><!-- sistema final SOBRAL --><!-- sistema inicio CARIRI --><\/p>\n<tr>\n<td class=\"laranja\"><span>OPO \u2013 Cariri \/ CIHDOTT<\/span><\/td>\n<td>\n<div>Hospital Regional do Cariri<\/div>\n<\/td>\n<td>\n<div>(88) 3566.3614<\/div>\n<\/td>\n<\/tr>\n<p><!-- sistema final CARIRI --><!-- sistema inicio HIAS --><\/p>\n<tr>\n<td class=\"laranja\"><span>CIHDOTT \u2013 HIAS<\/span><\/td>\n<td>\n<div>Hospital Infantil Albert Sabin<\/div>\n<\/td>\n<td>\n<div>(85) 3101.4268<\/div>\n<\/td>\n<\/tr>\n<p><!-- sistema final HIAS --><!-- sistema inicio HM --><\/p>\n<tr>\n<td class=\"laranja\"><span>CIHDOTT \u2013 HM<\/span><\/td>\n<td>\n<div>Hospital de Messejana Dr. Carlos Alberto Studart<\/div>\n<\/td>\n<td>\n<div>(85) 3101.4099<\/div>\n<\/td>\n<\/tr>\n<p><!-- sistema final HM --><!-- sistema inicio HGCC --><\/p>\n<tr>\n<td class=\"laranja\"><span>CIHDOTT \u2013 HGCC<\/span><\/td>\n<td>\n<div>Hospital Geral Dr. C\u00e9sar Cals<\/div>\n<\/td>\n<td>\n<div>(85) 3101.5340<\/div>\n<\/td>\n<\/tr>\n<p><!-- sistema final HGCC --><!-- sistema inicio HGWA --><\/p>\n<tr>\n<td class=\"laranja\"><span>CIHDOTT \u2013 HGWA<\/span><\/td>\n<td>\n<div>Hospital Geral Waldemar de Alc\u00e2ntara<\/div>\n<\/td>\n<td>\n<div>(85) 3216.8300<\/div>\n<\/td>\n<\/tr>\n<p><!-- sistema final HGWA --><!-- sistema inicio UNIMED --><\/p>\n<tr>\n<td class=\"laranja\"><span>CIHDOTT \u2013 Unimed<\/span><\/td>\n<td>\n<div>Hospital Regional Unimed<\/div>\n<\/td>\n<td>\n<div>(85) 3277.7195<\/div>\n<\/td>\n<\/tr>\n<p><!-- sistema final UNIMED --><!-- sistema inicio GASTROCLINICA --><\/p>\n<tr>\n<td class=\"laranja\"><span>CIHDOTT \u2013 Gastrocl\u00ednica<\/span><\/td>\n<td>\n<div>Hospital Gastrocl\u00ednica<\/div>\n<\/td>\n<td>\n<div>(85) 3486.8700<\/div>\n<\/td>\n<\/tr>\n<p><!-- sistema final GASTROCLINICA --><!-- sistema inicio SAO CARLOS --><\/p>\n<tr>\n<td class=\"laranja\"><span>CIHDOTT \u2013 S\u00e3o Carlos<\/span><\/td>\n<td>\n<div>Hospital S\u00e3o Carlos<\/div>\n<\/td>\n<td>\n<div>(85) 4009.3366<\/div>\n<\/td>\n<\/tr>\n<p><!-- sistema final SAO CARLOS --><!-- sistema inicio ANTONIO PRUDENTE --><\/p>\n<tr>\n<td class=\"laranja\"><span>CIHDOTT \u2013 Ant\u00f4nio Prudente<\/span><\/td>\n<td>\n<div>Hospital Ant\u00f4nio Prudente<\/div>\n<\/td>\n<td>\n<div>(85) 4002.3633<\/div>\n<\/td>\n<\/tr>\n<p><!-- sistema final ANTONIO PRUDENTE --><!-- sistema inicio MONTE KLINIKUM --><\/p>\n<tr>\n<td class=\"laranja\"><span>CIHDOTT \u2013 Monte Klinikum<\/span><\/td>\n<td>\n<div>Hospital Monte Klinikum<\/div>\n<\/td>\n<td>\n<div>(85) 4012.0012<\/div>\n<\/td>\n<\/tr>\n<p><!-- sistema final MONTE KLINIKUM --><!-- sistema inicio SAO CAMILO --><\/p>\n<tr>\n<td class=\"laranja\"><span>CIHDOTT \u2013 S\u00e3o Camilo<\/span><\/td>\n<td>\n<div>Hospital S\u00e3o Camilo Cura D&#8217;ars<\/div>\n<\/td>\n<td>\n<div>(85) 3464.7000<\/div>\n<\/td>\n<\/tr>\n<p><!-- sistema final SAO CAMILO --><!-- sistema inicio HUWC --><\/p>\n<tr>\n<td class=\"laranja\"><span>CIHDOTT \u2013 HUWC<\/span><\/td>\n<td>\n<div>Hospital Universidade Walter Cant\u00eddio<\/div>\n<\/td>\n<td>\n<div>(85) 3366.8167<\/div>\n<\/td>\n<\/tr>\n<p><!-- sistema final HUWC --><!-- sistema inicio MEAC --><\/p>\n<tr>\n<td class=\"laranja\"><span>CIHDOTT \u2013 MEAC<\/span><\/td>\n<td>\n<div>Maternidade Escola Assis Chateaubriand<\/div>\n<\/td>\n<td>\n<div>(85) 3366.8502<\/div>\n<\/td>\n<\/tr>\n<p><!-- sistema final MEAC --><!-- sistema inicio HRN --><\/p>\n<tr>\n<td class=\"laranja\"><span>CIHDOTT \u2013 HRN<\/span><\/td>\n<td>\n<div>Hospital Regional Norte<\/div>\n<\/td>\n<td>\n<div>(88) 3677.9300<\/div>\n<\/td>\n<\/tr>\n<p><!-- sistema final HRN --><!-- sistema inicio SAO VICENTE --><\/p>\n<tr>\n<td class=\"laranja\"><span>CIHDOTT \u2013 S\u00e3o Vicente de Paulo<\/span><\/td>\n<td>\n<div>Hospital Maternidade S\u00e3o Vicente Paulo<\/div>\n<\/td>\n<td>\n<div>(88) 3532.7100<\/div>\n<\/td>\n<\/tr>\n<\/table>\n<\/thead>\n<p><!-- sistema final SAO VICENTE --><br \/>\n&nbsp;<\/p>\n<p class=\"destacado\"><strong>Processo Doa\u00e7\u00e3o-Transplante<\/strong><\/p>\n<p>&nbsp;<\/p>\n<p>O processo doa\u00e7\u00e3o-transplante come\u00e7a com a identifica\u00e7\u00e3o dos potenciais doadores, segue com a realiza\u00e7\u00e3o dos testes de morte encef\u00e1lica, com a comunica\u00e7\u00e3o de morte aos familiares e com a notifica\u00e7\u00e3o aos profissionais respons\u00e1veis pela procura de doadores (OPO \/ CIHDOTT), os quais notificam o caso \u00e0 Central de Transplantes que inicia a log\u00edstica da doa\u00e7\u00e3o com a entrevista familiar para autoriza\u00e7\u00e3o da doa\u00e7\u00e3o. Ent\u00e3o \u00e9 feita a avalia\u00e7\u00e3o do potencial doador nos casos de autoriza\u00e7\u00e3o familiar e com os demais procedimentos. Durante todo esse processo, \u00e9 realizada a manuten\u00e7\u00e3o do potencial doador.<\/p>\n<p>&nbsp;<\/p>\n<p>A Central de Transplantes realiza a aloca\u00e7\u00e3o dos \u00f3rg\u00e3os e tecidos, por meio de programa do Minist\u00e9rio da Sa\u00fade (Sistema Informatizado de Gerenciamento \u2013 SIG), comunica as equipes de remo\u00e7\u00e3o e providencia o seu transporte at\u00e9 o hospital notificante e acompanha o resultado dos transplantes.<\/p>\n","protected":false},"excerpt":{"rendered":"<p>Comiss\u00f5es Intra-Hospitalares de Doa\u00e7\u00e3o de \u00d3rg\u00e3os e Tecidos para Transplante (CIHDOTT)\/ Organiza\u00e7\u00e3o por Procura de \u00d3rg\u00e3os e Tecidos (OPO) &nbsp; A Organiza\u00e7\u00e3o de Procura de \u00d3rg\u00e3os e Tecidos \u2013 OPO se reportam a Central de Transplantes e atuam junto aos estabelecimentos de sa\u00fade de forma regionalizadas e metas estabelecidas para a detec\u00e7\u00e3o e demais procedimentos [&hellip;]<\/p>\n","protected":false},"author":12,"featured_media":0,"parent":73633,"menu_order":0,"comment_status":"closed","ping_status":"closed","template":"","meta":{"_acf_changed":false,"inline_featured_image":false,"footnotes":""},"class_list":["post-77405","page","type-page","status-publish","hentry"],"acf":[],"yoast_head":"<!-- This site is optimized with the Yoast SEO plugin v26.9 - https:\/\/yoast.com\/product\/yoast-seo-wordpress\/ -->\n<title>CIHDOTT\/ OPO - Secretaria da Sa\u00fade do Cear\u00e1<\/title>\n<meta name=\"robots\" content=\"index, follow, max-snippet:-1, max-image-preview:large, max-video-preview:-1\" \/>\n<link rel=\"canonical\" href=\"https:\/\/ww16.ce.gov.br\/saude\/rede-sesa\/centraldetransplantes\/cihdottopo\/\" \/>\n<meta property=\"og:locale\" content=\"pt_BR\" \/>\n<meta property=\"og:type\" content=\"article\" \/>\n<meta property=\"og:title\" content=\"CIHDOTT\/ OPO - Secretaria da Sa\u00fade do Cear\u00e1\" \/>\n<meta property=\"og:description\" content=\"Comiss\u00f5es Intra-Hospitalares de Doa\u00e7\u00e3o de \u00d3rg\u00e3os e Tecidos para Transplante (CIHDOTT)\/ Organiza\u00e7\u00e3o por Procura de \u00d3rg\u00e3os e Tecidos (OPO) &nbsp; A Organiza\u00e7\u00e3o de Procura de \u00d3rg\u00e3os e Tecidos \u2013 OPO se reportam a Central de Transplantes e atuam junto aos estabelecimentos de sa\u00fade de forma regionalizadas e metas estabelecidas para a detec\u00e7\u00e3o e demais procedimentos [&hellip;]\" \/>\n<meta property=\"og:url\" content=\"https:\/\/ww16.ce.gov.br\/saude\/rede-sesa\/centraldetransplantes\/cihdottopo\/\" \/>\n<meta property=\"og:site_name\" content=\"Secretaria da Sa\u00fade do Cear\u00e1\" \/>\n<meta property=\"article:modified_time\" content=\"2021-06-14T18:26:05+00:00\" \/>\n<meta name=\"twitter:card\" content=\"summary_large_image\" \/>\n<meta name=\"twitter:label1\" content=\"Est. reading time\" \/>\n\t<meta name=\"twitter:data1\" content=\"2 minutos\" \/>\n<script type=\"application\/ld+json\" class=\"yoast-schema-graph\">{\"@context\":\"https:\/\/schema.org\",\"@graph\":[{\"@type\":\"WebPage\",\"@id\":\"https:\/\/ww16.ce.gov.br\/saude\/rede-sesa\/centraldetransplantes\/cihdottopo\/\",\"url\":\"https:\/\/ww16.ce.gov.br\/saude\/rede-sesa\/centraldetransplantes\/cihdottopo\/\",\"name\":\"CIHDOTT\/ OPO - Secretaria da Sa\u00fade do Cear\u00e1\",\"isPartOf\":{\"@id\":\"https:\/\/ww16.ce.gov.br\/saude\/#website\"},\"datePublished\":\"2019-02-11T17:56:24+00:00\",\"dateModified\":\"2021-06-14T18:26:05+00:00\",\"breadcrumb\":{\"@id\":\"https:\/\/ww16.ce.gov.br\/saude\/rede-sesa\/centraldetransplantes\/cihdottopo\/#breadcrumb\"},\"inLanguage\":\"pt-BR\",\"potentialAction\":[{\"@type\":\"ReadAction\",\"target\":[\"https:\/\/ww16.ce.gov.br\/saude\/rede-sesa\/centraldetransplantes\/cihdottopo\/\"]}]},{\"@type\":\"BreadcrumbList\",\"@id\":\"https:\/\/ww16.ce.gov.br\/saude\/rede-sesa\/centraldetransplantes\/cihdottopo\/#breadcrumb\",\"itemListElement\":[{\"@type\":\"ListItem\",\"position\":1,\"name\":\"In\u00edcio\",\"item\":\"https:\/\/ww16.ce.gov.br\/saude\/\"},{\"@type\":\"ListItem\",\"position\":2,\"name\":\"Rede Sesa\",\"item\":\"https:\/\/ww16.ce.gov.br\/saude\/rede-sesa\/\"},{\"@type\":\"ListItem\",\"position\":3,\"name\":\"Central de Transplantes do Estado\",\"item\":\"https:\/\/ww16.ce.gov.br\/saude\/?page_id=73633\"},{\"@type\":\"ListItem\",\"position\":4,\"name\":\"CIHDOTT\/ OPO\"}]},{\"@type\":\"WebSite\",\"@id\":\"https:\/\/ww16.ce.gov.br\/saude\/#website\",\"url\":\"https:\/\/ww16.ce.gov.br\/saude\/\",\"name\":\"Secretaria da Sa\u00fade\",\"description\":\"Secretaria da Sa\u00fade do Cear\u00e1\",\"publisher\":{\"@id\":\"https:\/\/ww16.ce.gov.br\/saude\/#organization\"},\"potentialAction\":[{\"@type\":\"SearchAction\",\"target\":{\"@type\":\"EntryPoint\",\"urlTemplate\":\"https:\/\/ww16.ce.gov.br\/saude\/?s={search_term_string}\"},\"query-input\":{\"@type\":\"PropertyValueSpecification\",\"valueRequired\":true,\"valueName\":\"search_term_string\"}}],\"inLanguage\":\"pt-BR\"},{\"@type\":\"Organization\",\"@id\":\"https:\/\/ww16.ce.gov.br\/saude\/#organization\",\"name\":\"Secretaria da Sa\u00fade\",\"url\":\"https:\/\/ww16.ce.gov.br\/saude\/\",\"logo\":{\"@type\":\"ImageObject\",\"inLanguage\":\"pt-BR\",\"@id\":\"https:\/\/ww16.ce.gov.br\/saude\/#\/schema\/logo\/image\/\",\"url\":\"http:\/\/ww16.ce.gov.br\/saude\/wp-content\/uploads\/sites\/9\/2017\/11\/clara.png\",\"contentUrl\":\"http:\/\/ww16.ce.gov.br\/saude\/wp-content\/uploads\/sites\/9\/2017\/11\/clara.png\",\"width\":559,\"height\":106,\"caption\":\"Secretaria da Sa\u00fade\"},\"image\":{\"@id\":\"https:\/\/ww16.ce.gov.br\/saude\/#\/schema\/logo\/image\/\"}}]}<\/script>\n<!-- \/ Yoast SEO plugin. -->","yoast_head_json":{"title":"CIHDOTT\/ OPO - Secretaria da Sa\u00fade do Cear\u00e1","robots":{"index":"index","follow":"follow","max-snippet":"max-snippet:-1","max-image-preview":"max-image-preview:large","max-video-preview":"max-video-preview:-1"},"canonical":"https:\/\/ww16.ce.gov.br\/saude\/rede-sesa\/centraldetransplantes\/cihdottopo\/","og_locale":"pt_BR","og_type":"article","og_title":"CIHDOTT\/ OPO - Secretaria da Sa\u00fade do Cear\u00e1","og_description":"Comiss\u00f5es Intra-Hospitalares de Doa\u00e7\u00e3o de \u00d3rg\u00e3os e Tecidos para Transplante (CIHDOTT)\/ Organiza\u00e7\u00e3o por Procura de \u00d3rg\u00e3os e Tecidos (OPO) &nbsp; A Organiza\u00e7\u00e3o de Procura de \u00d3rg\u00e3os e Tecidos \u2013 OPO se reportam a Central de Transplantes e atuam junto aos estabelecimentos de sa\u00fade de forma regionalizadas e metas estabelecidas para a detec\u00e7\u00e3o e demais procedimentos [&hellip;]","og_url":"https:\/\/ww16.ce.gov.br\/saude\/rede-sesa\/centraldetransplantes\/cihdottopo\/","og_site_name":"Secretaria da Sa\u00fade do Cear\u00e1","article_modified_time":"2021-06-14T18:26:05+00:00","twitter_card":"summary_large_image","twitter_misc":{"Est. reading time":"2 minutos"},"schema":{"@context":"https:\/\/schema.org","@graph":[{"@type":"WebPage","@id":"https:\/\/ww16.ce.gov.br\/saude\/rede-sesa\/centraldetransplantes\/cihdottopo\/","url":"https:\/\/ww16.ce.gov.br\/saude\/rede-sesa\/centraldetransplantes\/cihdottopo\/","name":"CIHDOTT\/ OPO - Secretaria da Sa\u00fade do Cear\u00e1","isPartOf":{"@id":"https:\/\/ww16.ce.gov.br\/saude\/#website"},"datePublished":"2019-02-11T17:56:24+00:00","dateModified":"2021-06-14T18:26:05+00:00","breadcrumb":{"@id":"https:\/\/ww16.ce.gov.br\/saude\/rede-sesa\/centraldetransplantes\/cihdottopo\/#breadcrumb"},"inLanguage":"pt-BR","potentialAction":[{"@type":"ReadAction","target":["https:\/\/ww16.ce.gov.br\/saude\/rede-sesa\/centraldetransplantes\/cihdottopo\/"]}]},{"@type":"BreadcrumbList","@id":"https:\/\/ww16.ce.gov.br\/saude\/rede-sesa\/centraldetransplantes\/cihdottopo\/#breadcrumb","itemListElement":[{"@type":"ListItem","position":1,"name":"In\u00edcio","item":"https:\/\/ww16.ce.gov.br\/saude\/"},{"@type":"ListItem","position":2,"name":"Rede Sesa","item":"https:\/\/ww16.ce.gov.br\/saude\/rede-sesa\/"},{"@type":"ListItem","position":3,"name":"Central de Transplantes do Estado","item":"https:\/\/ww16.ce.gov.br\/saude\/?page_id=73633"},{"@type":"ListItem","position":4,"name":"CIHDOTT\/ OPO"}]},{"@type":"WebSite","@id":"https:\/\/ww16.ce.gov.br\/saude\/#website","url":"https:\/\/ww16.ce.gov.br\/saude\/","name":"Secretaria da Sa\u00fade","description":"Secretaria da Sa\u00fade do Cear\u00e1","publisher":{"@id":"https:\/\/ww16.ce.gov.br\/saude\/#organization"},"potentialAction":[{"@type":"SearchAction","target":{"@type":"EntryPoint","urlTemplate":"https:\/\/ww16.ce.gov.br\/saude\/?s={search_term_string}"},"query-input":{"@type":"PropertyValueSpecification","valueRequired":true,"valueName":"search_term_string"}}],"inLanguage":"pt-BR"},{"@type":"Organization","@id":"https:\/\/ww16.ce.gov.br\/saude\/#organization","name":"Secretaria da Sa\u00fade","url":"https:\/\/ww16.ce.gov.br\/saude\/","logo":{"@type":"ImageObject","inLanguage":"pt-BR","@id":"https:\/\/ww16.ce.gov.br\/saude\/#\/schema\/logo\/image\/","url":"http:\/\/ww16.ce.gov.br\/saude\/wp-content\/uploads\/sites\/9\/2017\/11\/clara.png","contentUrl":"http:\/\/ww16.ce.gov.br\/saude\/wp-content\/uploads\/sites\/9\/2017\/11\/clara.png","width":559,"height":106,"caption":"Secretaria da Sa\u00fade"},"image":{"@id":"https:\/\/ww16.ce.gov.br\/saude\/#\/schema\/logo\/image\/"}}]}},"_links":{"self":[{"href":"https:\/\/ww16.ce.gov.br\/saude\/wp-json\/wp\/v2\/pages\/77405","targetHints":{"allow":["GET"]}}],"collection":[{"href":"https:\/\/ww16.ce.gov.br\/saude\/wp-json\/wp\/v2\/pages"}],"about":[{"href":"https:\/\/ww16.ce.gov.br\/saude\/wp-json\/wp\/v2\/types\/page"}],"author":[{"embeddable":true,"href":"https:\/\/ww16.ce.gov.br\/saude\/wp-json\/wp\/v2\/users\/12"}],"replies":[{"embeddable":true,"href":"https:\/\/ww16.ce.gov.br\/saude\/wp-json\/wp\/v2\/comments?post=77405"}],"version-history":[{"count":8,"href":"https:\/\/ww16.ce.gov.br\/saude\/wp-json\/wp\/v2\/pages\/77405\/revisions"}],"predecessor-version":[{"id":77423,"href":"https:\/\/ww16.ce.gov.br\/saude\/wp-json\/wp\/v2\/pages\/77405\/revisions\/77423"}],"up":[{"embeddable":true,"href":"https:\/\/ww16.ce.gov.br\/saude\/wp-json\/wp\/v2\/pages\/73633"}],"wp:attachment":[{"href":"https:\/\/ww16.ce.gov.br\/saude\/wp-json\/wp\/v2\/media?parent=77405"}],"curies":[{"name":"wp","href":"https:\/\/api.w.org\/{rel}","templated":true}]}}