{"id":73954,"date":"2018-11-06T15:02:08","date_gmt":"2018-11-06T18:02:08","guid":{"rendered":"http:\/\/ww16.ce.gov.br\/saude\/?page_id=73954"},"modified":"2018-11-06T16:12:46","modified_gmt":"2018-11-06T19:12:46","slug":"sinan","status":"publish","type":"page","link":"https:\/\/ww16.ce.gov.br\/saude\/tabnet-ceara\/sinan\/","title":{"rendered":"SINAN"},"content":{"rendered":"<h4 class=\"-laranja\"><strong>Sistema de Informa\u00e7\u00e3o de Agravos de Notifica\u00e7\u00e3o<\/strong><\/h4>\n<p>Os dados coletados no Estado s\u00e3o enviados ao DATASUS onde s\u00e3o disponibilizados posteriormente.<\/p>\n<p>&nbsp;<\/p>\n<p><strong>Doen\u00e7as e Agravos de Notifica\u00e7\u00e3o<\/strong><\/p>\n<p>&#8211; <a href=\"https:\/\/www2.datasus.gov.br\/DATASUS\/index.php?area=0203&amp;id=29878153\" target=\"_blank\" rel=\"noopener\">De 2007 em diante<\/a><\/p>\n<p>&#8211; <a href=\"https:\/\/www2.datasus.gov.br\/DATASUS\/index.php?area=0203&amp;id=30009921\" target=\"_blank\" rel=\"noopener\">2001 a 2006<\/a><\/p>\n","protected":false},"excerpt":{"rendered":"<p>Sistema de Informa\u00e7\u00e3o de Agravos de Notifica\u00e7\u00e3o Os dados coletados no Estado s\u00e3o enviados ao DATASUS onde s\u00e3o disponibilizados posteriormente. &nbsp; Doen\u00e7as e Agravos de Notifica\u00e7\u00e3o &#8211; De 2007 em diante &#8211; 2001 a 2006<\/p>\n","protected":false},"author":12,"featured_media":0,"parent":73927,"menu_order":0,"comment_status":"closed","ping_status":"closed","template":"","meta":{"_acf_changed":false,"inline_featured_image":false,"footnotes":""},"class_list":["post-73954","page","type-page","status-publish","hentry"],"acf":[],"yoast_head":"<!-- This site is optimized with the Yoast SEO plugin v26.9 - https:\/\/yoast.com\/product\/yoast-seo-wordpress\/ -->\n<title>SINAN - Secretaria da Sa\u00fade do Cear\u00e1<\/title>\n<meta name=\"robots\" content=\"index, follow, max-snippet:-1, max-image-preview:large, max-video-preview:-1\" \/>\n<link rel=\"canonical\" href=\"https:\/\/ww16.ce.gov.br\/saude\/tabnet-ceara\/sinan\/\" \/>\n<meta property=\"og:locale\" content=\"pt_BR\" \/>\n<meta property=\"og:type\" content=\"article\" \/>\n<meta property=\"og:title\" content=\"SINAN - Secretaria da Sa\u00fade do Cear\u00e1\" \/>\n<meta property=\"og:description\" content=\"Sistema de Informa\u00e7\u00e3o de Agravos de Notifica\u00e7\u00e3o Os dados coletados no Estado s\u00e3o enviados ao DATASUS onde s\u00e3o disponibilizados posteriormente. &nbsp; Doen\u00e7as e Agravos de Notifica\u00e7\u00e3o &#8211; De 2007 em diante &#8211; 2001 a 2006\" \/>\n<meta property=\"og:url\" content=\"https:\/\/ww16.ce.gov.br\/saude\/tabnet-ceara\/sinan\/\" \/>\n<meta property=\"og:site_name\" content=\"Secretaria da Sa\u00fade do Cear\u00e1\" \/>\n<meta property=\"article:modified_time\" content=\"2018-11-06T19:12:46+00:00\" \/>\n<meta name=\"twitter:card\" content=\"summary_large_image\" \/>\n<script type=\"application\/ld+json\" class=\"yoast-schema-graph\">{\"@context\":\"https:\/\/schema.org\",\"@graph\":[{\"@type\":\"WebPage\",\"@id\":\"https:\/\/ww16.ce.gov.br\/saude\/tabnet-ceara\/sinan\/\",\"url\":\"https:\/\/ww16.ce.gov.br\/saude\/tabnet-ceara\/sinan\/\",\"name\":\"SINAN - Secretaria da Sa\u00fade do Cear\u00e1\",\"isPartOf\":{\"@id\":\"https:\/\/ww16.ce.gov.br\/saude\/#website\"},\"datePublished\":\"2018-11-06T18:02:08+00:00\",\"dateModified\":\"2018-11-06T19:12:46+00:00\",\"breadcrumb\":{\"@id\":\"https:\/\/ww16.ce.gov.br\/saude\/tabnet-ceara\/sinan\/#breadcrumb\"},\"inLanguage\":\"pt-BR\",\"potentialAction\":[{\"@type\":\"ReadAction\",\"target\":[\"https:\/\/ww16.ce.gov.br\/saude\/tabnet-ceara\/sinan\/\"]}]},{\"@type\":\"BreadcrumbList\",\"@id\":\"https:\/\/ww16.ce.gov.br\/saude\/tabnet-ceara\/sinan\/#breadcrumb\",\"itemListElement\":[{\"@type\":\"ListItem\",\"position\":1,\"name\":\"In\u00edcio\",\"item\":\"https:\/\/ww16.ce.gov.br\/saude\/\"},{\"@type\":\"ListItem\",\"position\":2,\"name\":\"Tabnet &#8211; Cear\u00e1\",\"item\":\"https:\/\/ww16.ce.gov.br\/saude\/tabnet-ceara\/\"},{\"@type\":\"ListItem\",\"position\":3,\"name\":\"SINAN\"}]},{\"@type\":\"WebSite\",\"@id\":\"https:\/\/ww16.ce.gov.br\/saude\/#website\",\"url\":\"https:\/\/ww16.ce.gov.br\/saude\/\",\"name\":\"Secretaria da Sa\u00fade\",\"description\":\"Secretaria da Sa\u00fade do Cear\u00e1\",\"publisher\":{\"@id\":\"https:\/\/ww16.ce.gov.br\/saude\/#organization\"},\"potentialAction\":[{\"@type\":\"SearchAction\",\"target\":{\"@type\":\"EntryPoint\",\"urlTemplate\":\"https:\/\/ww16.ce.gov.br\/saude\/?s={search_term_string}\"},\"query-input\":{\"@type\":\"PropertyValueSpecification\",\"valueRequired\":true,\"valueName\":\"search_term_string\"}}],\"inLanguage\":\"pt-BR\"},{\"@type\":\"Organization\",\"@id\":\"https:\/\/ww16.ce.gov.br\/saude\/#organization\",\"name\":\"Secretaria da Sa\u00fade\",\"url\":\"https:\/\/ww16.ce.gov.br\/saude\/\",\"logo\":{\"@type\":\"ImageObject\",\"inLanguage\":\"pt-BR\",\"@id\":\"https:\/\/ww16.ce.gov.br\/saude\/#\/schema\/logo\/image\/\",\"url\":\"http:\/\/ww16.ce.gov.br\/saude\/wp-content\/uploads\/sites\/9\/2017\/11\/clara.png\",\"contentUrl\":\"http:\/\/ww16.ce.gov.br\/saude\/wp-content\/uploads\/sites\/9\/2017\/11\/clara.png\",\"width\":559,\"height\":106,\"caption\":\"Secretaria da Sa\u00fade\"},\"image\":{\"@id\":\"https:\/\/ww16.ce.gov.br\/saude\/#\/schema\/logo\/image\/\"}}]}<\/script>\n<!-- \/ Yoast SEO plugin. -->","yoast_head_json":{"title":"SINAN - Secretaria da Sa\u00fade do Cear\u00e1","robots":{"index":"index","follow":"follow","max-snippet":"max-snippet:-1","max-image-preview":"max-image-preview:large","max-video-preview":"max-video-preview:-1"},"canonical":"https:\/\/ww16.ce.gov.br\/saude\/tabnet-ceara\/sinan\/","og_locale":"pt_BR","og_type":"article","og_title":"SINAN - Secretaria da Sa\u00fade do Cear\u00e1","og_description":"Sistema de Informa\u00e7\u00e3o de Agravos de Notifica\u00e7\u00e3o Os dados coletados no Estado s\u00e3o enviados ao DATASUS onde s\u00e3o disponibilizados posteriormente. &nbsp; Doen\u00e7as e Agravos de Notifica\u00e7\u00e3o &#8211; De 2007 em diante &#8211; 2001 a 2006","og_url":"https:\/\/ww16.ce.gov.br\/saude\/tabnet-ceara\/sinan\/","og_site_name":"Secretaria da Sa\u00fade do Cear\u00e1","article_modified_time":"2018-11-06T19:12:46+00:00","twitter_card":"summary_large_image","schema":{"@context":"https:\/\/schema.org","@graph":[{"@type":"WebPage","@id":"https:\/\/ww16.ce.gov.br\/saude\/tabnet-ceara\/sinan\/","url":"https:\/\/ww16.ce.gov.br\/saude\/tabnet-ceara\/sinan\/","name":"SINAN - Secretaria da Sa\u00fade do Cear\u00e1","isPartOf":{"@id":"https:\/\/ww16.ce.gov.br\/saude\/#website"},"datePublished":"2018-11-06T18:02:08+00:00","dateModified":"2018-11-06T19:12:46+00:00","breadcrumb":{"@id":"https:\/\/ww16.ce.gov.br\/saude\/tabnet-ceara\/sinan\/#breadcrumb"},"inLanguage":"pt-BR","potentialAction":[{"@type":"ReadAction","target":["https:\/\/ww16.ce.gov.br\/saude\/tabnet-ceara\/sinan\/"]}]},{"@type":"BreadcrumbList","@id":"https:\/\/ww16.ce.gov.br\/saude\/tabnet-ceara\/sinan\/#breadcrumb","itemListElement":[{"@type":"ListItem","position":1,"name":"In\u00edcio","item":"https:\/\/ww16.ce.gov.br\/saude\/"},{"@type":"ListItem","position":2,"name":"Tabnet &#8211; Cear\u00e1","item":"https:\/\/ww16.ce.gov.br\/saude\/tabnet-ceara\/"},{"@type":"ListItem","position":3,"name":"SINAN"}]},{"@type":"WebSite","@id":"https:\/\/ww16.ce.gov.br\/saude\/#website","url":"https:\/\/ww16.ce.gov.br\/saude\/","name":"Secretaria da Sa\u00fade","description":"Secretaria da Sa\u00fade do Cear\u00e1","publisher":{"@id":"https:\/\/ww16.ce.gov.br\/saude\/#organization"},"potentialAction":[{"@type":"SearchAction","target":{"@type":"EntryPoint","urlTemplate":"https:\/\/ww16.ce.gov.br\/saude\/?s={search_term_string}"},"query-input":{"@type":"PropertyValueSpecification","valueRequired":true,"valueName":"search_term_string"}}],"inLanguage":"pt-BR"},{"@type":"Organization","@id":"https:\/\/ww16.ce.gov.br\/saude\/#organization","name":"Secretaria da Sa\u00fade","url":"https:\/\/ww16.ce.gov.br\/saude\/","logo":{"@type":"ImageObject","inLanguage":"pt-BR","@id":"https:\/\/ww16.ce.gov.br\/saude\/#\/schema\/logo\/image\/","url":"http:\/\/ww16.ce.gov.br\/saude\/wp-content\/uploads\/sites\/9\/2017\/11\/clara.png","contentUrl":"http:\/\/ww16.ce.gov.br\/saude\/wp-content\/uploads\/sites\/9\/2017\/11\/clara.png","width":559,"height":106,"caption":"Secretaria da Sa\u00fade"},"image":{"@id":"https:\/\/ww16.ce.gov.br\/saude\/#\/schema\/logo\/image\/"}}]}},"_links":{"self":[{"href":"https:\/\/ww16.ce.gov.br\/saude\/wp-json\/wp\/v2\/pages\/73954","targetHints":{"allow":["GET"]}}],"collection":[{"href":"https:\/\/ww16.ce.gov.br\/saude\/wp-json\/wp\/v2\/pages"}],"about":[{"href":"https:\/\/ww16.ce.gov.br\/saude\/wp-json\/wp\/v2\/types\/page"}],"author":[{"embeddable":true,"href":"https:\/\/ww16.ce.gov.br\/saude\/wp-json\/wp\/v2\/users\/12"}],"replies":[{"embeddable":true,"href":"https:\/\/ww16.ce.gov.br\/saude\/wp-json\/wp\/v2\/comments?post=73954"}],"version-history":[{"count":3,"href":"https:\/\/ww16.ce.gov.br\/saude\/wp-json\/wp\/v2\/pages\/73954\/revisions"}],"predecessor-version":[{"id":73982,"href":"https:\/\/ww16.ce.gov.br\/saude\/wp-json\/wp\/v2\/pages\/73954\/revisions\/73982"}],"up":[{"embeddable":true,"href":"https:\/\/ww16.ce.gov.br\/saude\/wp-json\/wp\/v2\/pages\/73927"}],"wp:attachment":[{"href":"https:\/\/ww16.ce.gov.br\/saude\/wp-json\/wp\/v2\/media?parent=73954"}],"curies":[{"name":"wp","href":"https:\/\/api.w.org\/{rel}","templated":true}]}}