{"id":73949,"date":"2018-11-06T14:53:30","date_gmt":"2018-11-06T17:53:30","guid":{"rendered":"http:\/\/ww16.ce.gov.br\/saude\/?page_id=73949"},"modified":"2018-11-06T15:52:20","modified_gmt":"2018-11-06T18:52:20","slug":"pni","status":"publish","type":"page","link":"https:\/\/ww16.ce.gov.br\/saude\/tabnet-ceara\/pni\/","title":{"rendered":"PNI"},"content":{"rendered":"<h4 class=\"-laranja\"><strong>Programa Nacional de Imuniza\u00e7\u00f5es<\/strong><\/h4>\n<p>&nbsp;<\/p>\n<p style=\"text-align: left\">Os dados coletados no Estado s\u00e3o enviados ao DATASUS onde s\u00e3o disponibilizados posteriormente.<\/p>\n<p>&nbsp;<\/p>\n<p><a href=\"https:\/\/tabnet.datasus.gov.br\/cgi\/deftohtm.exe?pni\/CNV\/CPNICE.def\" target=\"_blank\" rel=\"noopener\">Cobertura<\/a><\/p>\n<p>&nbsp;<\/p>\n<p><a href=\"https:\/\/tabnet.datasus.gov.br\/cgi\/deftohtm.exe?pni\/CNV\/DPNICE.def\" target=\"_blank\" rel=\"noopener\">Doses aplicadas<\/a><\/p>\n<p>&nbsp;<\/p>\n<p style=\"text-align: left\">\n","protected":false},"excerpt":{"rendered":"<p>Programa Nacional de Imuniza\u00e7\u00f5es &nbsp; Os dados coletados no Estado s\u00e3o enviados ao DATASUS onde s\u00e3o disponibilizados posteriormente. &nbsp; Cobertura &nbsp; Doses aplicadas &nbsp;<\/p>\n","protected":false},"author":12,"featured_media":0,"parent":73927,"menu_order":0,"comment_status":"closed","ping_status":"closed","template":"","meta":{"_acf_changed":false,"inline_featured_image":false,"footnotes":""},"class_list":["post-73949","page","type-page","status-publish","hentry"],"acf":[],"yoast_head":"<!-- This site is optimized with the Yoast SEO plugin v26.9 - https:\/\/yoast.com\/product\/yoast-seo-wordpress\/ -->\n<title>PNI - Secretaria da Sa\u00fade do Cear\u00e1<\/title>\n<meta name=\"robots\" content=\"index, follow, max-snippet:-1, max-image-preview:large, max-video-preview:-1\" \/>\n<link rel=\"canonical\" href=\"https:\/\/ww16.ce.gov.br\/saude\/tabnet-ceara\/pni\/\" \/>\n<meta property=\"og:locale\" content=\"pt_BR\" \/>\n<meta property=\"og:type\" content=\"article\" \/>\n<meta property=\"og:title\" content=\"PNI - Secretaria da Sa\u00fade do Cear\u00e1\" \/>\n<meta property=\"og:description\" content=\"Programa Nacional de Imuniza\u00e7\u00f5es &nbsp; Os dados coletados no Estado s\u00e3o enviados ao DATASUS onde s\u00e3o disponibilizados posteriormente. &nbsp; Cobertura &nbsp; Doses aplicadas &nbsp;\" \/>\n<meta property=\"og:url\" content=\"https:\/\/ww16.ce.gov.br\/saude\/tabnet-ceara\/pni\/\" \/>\n<meta property=\"og:site_name\" content=\"Secretaria da Sa\u00fade do Cear\u00e1\" \/>\n<meta property=\"article:modified_time\" content=\"2018-11-06T18:52:20+00:00\" \/>\n<meta name=\"twitter:card\" content=\"summary_large_image\" \/>\n<script type=\"application\/ld+json\" class=\"yoast-schema-graph\">{\"@context\":\"https:\/\/schema.org\",\"@graph\":[{\"@type\":\"WebPage\",\"@id\":\"https:\/\/ww16.ce.gov.br\/saude\/tabnet-ceara\/pni\/\",\"url\":\"https:\/\/ww16.ce.gov.br\/saude\/tabnet-ceara\/pni\/\",\"name\":\"PNI - Secretaria da Sa\u00fade do Cear\u00e1\",\"isPartOf\":{\"@id\":\"https:\/\/ww16.ce.gov.br\/saude\/#website\"},\"datePublished\":\"2018-11-06T17:53:30+00:00\",\"dateModified\":\"2018-11-06T18:52:20+00:00\",\"breadcrumb\":{\"@id\":\"https:\/\/ww16.ce.gov.br\/saude\/tabnet-ceara\/pni\/#breadcrumb\"},\"inLanguage\":\"pt-BR\",\"potentialAction\":[{\"@type\":\"ReadAction\",\"target\":[\"https:\/\/ww16.ce.gov.br\/saude\/tabnet-ceara\/pni\/\"]}]},{\"@type\":\"BreadcrumbList\",\"@id\":\"https:\/\/ww16.ce.gov.br\/saude\/tabnet-ceara\/pni\/#breadcrumb\",\"itemListElement\":[{\"@type\":\"ListItem\",\"position\":1,\"name\":\"In\u00edcio\",\"item\":\"https:\/\/ww16.ce.gov.br\/saude\/\"},{\"@type\":\"ListItem\",\"position\":2,\"name\":\"Tabnet &#8211; Cear\u00e1\",\"item\":\"https:\/\/ww16.ce.gov.br\/saude\/tabnet-ceara\/\"},{\"@type\":\"ListItem\",\"position\":3,\"name\":\"PNI\"}]},{\"@type\":\"WebSite\",\"@id\":\"https:\/\/ww16.ce.gov.br\/saude\/#website\",\"url\":\"https:\/\/ww16.ce.gov.br\/saude\/\",\"name\":\"Secretaria da Sa\u00fade\",\"description\":\"Secretaria da Sa\u00fade do Cear\u00e1\",\"publisher\":{\"@id\":\"https:\/\/ww16.ce.gov.br\/saude\/#organization\"},\"potentialAction\":[{\"@type\":\"SearchAction\",\"target\":{\"@type\":\"EntryPoint\",\"urlTemplate\":\"https:\/\/ww16.ce.gov.br\/saude\/?s={search_term_string}\"},\"query-input\":{\"@type\":\"PropertyValueSpecification\",\"valueRequired\":true,\"valueName\":\"search_term_string\"}}],\"inLanguage\":\"pt-BR\"},{\"@type\":\"Organization\",\"@id\":\"https:\/\/ww16.ce.gov.br\/saude\/#organization\",\"name\":\"Secretaria da Sa\u00fade\",\"url\":\"https:\/\/ww16.ce.gov.br\/saude\/\",\"logo\":{\"@type\":\"ImageObject\",\"inLanguage\":\"pt-BR\",\"@id\":\"https:\/\/ww16.ce.gov.br\/saude\/#\/schema\/logo\/image\/\",\"url\":\"http:\/\/ww16.ce.gov.br\/saude\/wp-content\/uploads\/sites\/9\/2017\/11\/clara.png\",\"contentUrl\":\"http:\/\/ww16.ce.gov.br\/saude\/wp-content\/uploads\/sites\/9\/2017\/11\/clara.png\",\"width\":559,\"height\":106,\"caption\":\"Secretaria da Sa\u00fade\"},\"image\":{\"@id\":\"https:\/\/ww16.ce.gov.br\/saude\/#\/schema\/logo\/image\/\"}}]}<\/script>\n<!-- \/ Yoast SEO plugin. -->","yoast_head_json":{"title":"PNI - Secretaria da Sa\u00fade do Cear\u00e1","robots":{"index":"index","follow":"follow","max-snippet":"max-snippet:-1","max-image-preview":"max-image-preview:large","max-video-preview":"max-video-preview:-1"},"canonical":"https:\/\/ww16.ce.gov.br\/saude\/tabnet-ceara\/pni\/","og_locale":"pt_BR","og_type":"article","og_title":"PNI - Secretaria da Sa\u00fade do Cear\u00e1","og_description":"Programa Nacional de Imuniza\u00e7\u00f5es &nbsp; Os dados coletados no Estado s\u00e3o enviados ao DATASUS onde s\u00e3o disponibilizados posteriormente. &nbsp; Cobertura &nbsp; Doses aplicadas &nbsp;","og_url":"https:\/\/ww16.ce.gov.br\/saude\/tabnet-ceara\/pni\/","og_site_name":"Secretaria da Sa\u00fade do Cear\u00e1","article_modified_time":"2018-11-06T18:52:20+00:00","twitter_card":"summary_large_image","schema":{"@context":"https:\/\/schema.org","@graph":[{"@type":"WebPage","@id":"https:\/\/ww16.ce.gov.br\/saude\/tabnet-ceara\/pni\/","url":"https:\/\/ww16.ce.gov.br\/saude\/tabnet-ceara\/pni\/","name":"PNI - Secretaria da Sa\u00fade do Cear\u00e1","isPartOf":{"@id":"https:\/\/ww16.ce.gov.br\/saude\/#website"},"datePublished":"2018-11-06T17:53:30+00:00","dateModified":"2018-11-06T18:52:20+00:00","breadcrumb":{"@id":"https:\/\/ww16.ce.gov.br\/saude\/tabnet-ceara\/pni\/#breadcrumb"},"inLanguage":"pt-BR","potentialAction":[{"@type":"ReadAction","target":["https:\/\/ww16.ce.gov.br\/saude\/tabnet-ceara\/pni\/"]}]},{"@type":"BreadcrumbList","@id":"https:\/\/ww16.ce.gov.br\/saude\/tabnet-ceara\/pni\/#breadcrumb","itemListElement":[{"@type":"ListItem","position":1,"name":"In\u00edcio","item":"https:\/\/ww16.ce.gov.br\/saude\/"},{"@type":"ListItem","position":2,"name":"Tabnet &#8211; Cear\u00e1","item":"https:\/\/ww16.ce.gov.br\/saude\/tabnet-ceara\/"},{"@type":"ListItem","position":3,"name":"PNI"}]},{"@type":"WebSite","@id":"https:\/\/ww16.ce.gov.br\/saude\/#website","url":"https:\/\/ww16.ce.gov.br\/saude\/","name":"Secretaria da Sa\u00fade","description":"Secretaria da Sa\u00fade do Cear\u00e1","publisher":{"@id":"https:\/\/ww16.ce.gov.br\/saude\/#organization"},"potentialAction":[{"@type":"SearchAction","target":{"@type":"EntryPoint","urlTemplate":"https:\/\/ww16.ce.gov.br\/saude\/?s={search_term_string}"},"query-input":{"@type":"PropertyValueSpecification","valueRequired":true,"valueName":"search_term_string"}}],"inLanguage":"pt-BR"},{"@type":"Organization","@id":"https:\/\/ww16.ce.gov.br\/saude\/#organization","name":"Secretaria da Sa\u00fade","url":"https:\/\/ww16.ce.gov.br\/saude\/","logo":{"@type":"ImageObject","inLanguage":"pt-BR","@id":"https:\/\/ww16.ce.gov.br\/saude\/#\/schema\/logo\/image\/","url":"http:\/\/ww16.ce.gov.br\/saude\/wp-content\/uploads\/sites\/9\/2017\/11\/clara.png","contentUrl":"http:\/\/ww16.ce.gov.br\/saude\/wp-content\/uploads\/sites\/9\/2017\/11\/clara.png","width":559,"height":106,"caption":"Secretaria da Sa\u00fade"},"image":{"@id":"https:\/\/ww16.ce.gov.br\/saude\/#\/schema\/logo\/image\/"}}]}},"_links":{"self":[{"href":"https:\/\/ww16.ce.gov.br\/saude\/wp-json\/wp\/v2\/pages\/73949","targetHints":{"allow":["GET"]}}],"collection":[{"href":"https:\/\/ww16.ce.gov.br\/saude\/wp-json\/wp\/v2\/pages"}],"about":[{"href":"https:\/\/ww16.ce.gov.br\/saude\/wp-json\/wp\/v2\/types\/page"}],"author":[{"embeddable":true,"href":"https:\/\/ww16.ce.gov.br\/saude\/wp-json\/wp\/v2\/users\/12"}],"replies":[{"embeddable":true,"href":"https:\/\/ww16.ce.gov.br\/saude\/wp-json\/wp\/v2\/comments?post=73949"}],"version-history":[{"count":5,"href":"https:\/\/ww16.ce.gov.br\/saude\/wp-json\/wp\/v2\/pages\/73949\/revisions"}],"predecessor-version":[{"id":73972,"href":"https:\/\/ww16.ce.gov.br\/saude\/wp-json\/wp\/v2\/pages\/73949\/revisions\/73972"}],"up":[{"embeddable":true,"href":"https:\/\/ww16.ce.gov.br\/saude\/wp-json\/wp\/v2\/pages\/73927"}],"wp:attachment":[{"href":"https:\/\/ww16.ce.gov.br\/saude\/wp-json\/wp\/v2\/media?parent=73949"}],"curies":[{"name":"wp","href":"https:\/\/api.w.org\/{rel}","templated":true}]}}