{"id":73934,"date":"2018-11-06T14:48:09","date_gmt":"2018-11-06T17:48:09","guid":{"rendered":"http:\/\/ww16.ce.gov.br\/saude\/?page_id=73934"},"modified":"2024-03-13T11:53:19","modified_gmt":"2024-03-13T14:53:19","slug":"sinasc","status":"publish","type":"page","link":"https:\/\/ww16.ce.gov.br\/saude\/tabnet-ceara\/sinasc\/","title":{"rendered":"SINASC"},"content":{"rendered":"<p>&nbsp;<\/p>\n<h4 class=\"-laranja\"><strong>Sistema de Informa\u00e7\u00f5es de Nascidos Vivos<\/strong><\/h4>\n<p>&nbsp;<\/p>\n<p>Os dados coletados no Estado s\u00e3o enviados ao DATASUS onde s\u00e3o disponibilizados posteriormente. Ser\u00e3o mantidas atualiza\u00e7\u00f5es mensais dos dados para um melhor acompanhamento da informa\u00e7\u00e3o. Por este motivo, as informa\u00e7\u00f5es de nascidos vivos est\u00e3o divididas em duas se\u00e7\u00f5es:<\/p>\n<p>&nbsp;<\/p>\n<p>&#8211; <a href=\"https:\/\/tabnet.datasus.gov.br\/cgi\/deftohtm.exe?sinasc\/cnv\/nvce.def\" target=\"_blank\" rel=\"noopener noreferrer\">At\u00e9 2022 (DATASUS)<\/a><\/p>\n<p>&#8211; <a href=\"https:\/\/extranet.saude.ce.gov.br\/tabulacao\/deftohtm.exe?sim\/nascido.def\" target=\"_blank\" rel=\"noopener noreferrer\">A partir de 2023<\/a><\/p>\n","protected":false},"excerpt":{"rendered":"<p>&nbsp; Sistema de Informa\u00e7\u00f5es de Nascidos Vivos &nbsp; Os dados coletados no Estado s\u00e3o enviados ao DATASUS onde s\u00e3o disponibilizados posteriormente. Ser\u00e3o mantidas atualiza\u00e7\u00f5es mensais dos dados para um melhor acompanhamento da informa\u00e7\u00e3o. Por este motivo, as informa\u00e7\u00f5es de nascidos vivos est\u00e3o divididas em duas se\u00e7\u00f5es: &nbsp; &#8211; At\u00e9 2022 (DATASUS) &#8211; A partir de [&hellip;]<\/p>\n","protected":false},"author":12,"featured_media":0,"parent":73927,"menu_order":0,"comment_status":"closed","ping_status":"closed","template":"","meta":{"_acf_changed":false,"inline_featured_image":false,"footnotes":""},"class_list":["post-73934","page","type-page","status-publish","hentry"],"acf":[],"yoast_head":"<!-- This site is optimized with the Yoast SEO plugin v26.9 - https:\/\/yoast.com\/product\/yoast-seo-wordpress\/ -->\n<title>SINASC - Secretaria da Sa\u00fade do Cear\u00e1<\/title>\n<meta name=\"robots\" content=\"index, follow, max-snippet:-1, max-image-preview:large, max-video-preview:-1\" \/>\n<link rel=\"canonical\" href=\"https:\/\/ww16.ce.gov.br\/saude\/tabnet-ceara\/sinasc\/\" \/>\n<meta property=\"og:locale\" content=\"pt_BR\" \/>\n<meta property=\"og:type\" content=\"article\" \/>\n<meta property=\"og:title\" content=\"SINASC - Secretaria da Sa\u00fade do Cear\u00e1\" \/>\n<meta property=\"og:description\" content=\"&nbsp; Sistema de Informa\u00e7\u00f5es de Nascidos Vivos &nbsp; Os dados coletados no Estado s\u00e3o enviados ao DATASUS onde s\u00e3o disponibilizados posteriormente. Ser\u00e3o mantidas atualiza\u00e7\u00f5es mensais dos dados para um melhor acompanhamento da informa\u00e7\u00e3o. Por este motivo, as informa\u00e7\u00f5es de nascidos vivos est\u00e3o divididas em duas se\u00e7\u00f5es: &nbsp; &#8211; At\u00e9 2022 (DATASUS) &#8211; A partir de [&hellip;]\" \/>\n<meta property=\"og:url\" content=\"https:\/\/ww16.ce.gov.br\/saude\/tabnet-ceara\/sinasc\/\" \/>\n<meta property=\"og:site_name\" content=\"Secretaria da Sa\u00fade do Cear\u00e1\" \/>\n<meta property=\"article:modified_time\" content=\"2024-03-13T14:53:19+00:00\" \/>\n<meta name=\"twitter:card\" content=\"summary_large_image\" \/>\n<meta name=\"twitter:label1\" content=\"Est. reading time\" \/>\n\t<meta name=\"twitter:data1\" content=\"1 minuto\" \/>\n<script type=\"application\/ld+json\" class=\"yoast-schema-graph\">{\"@context\":\"https:\/\/schema.org\",\"@graph\":[{\"@type\":\"WebPage\",\"@id\":\"https:\/\/ww16.ce.gov.br\/saude\/tabnet-ceara\/sinasc\/\",\"url\":\"https:\/\/ww16.ce.gov.br\/saude\/tabnet-ceara\/sinasc\/\",\"name\":\"SINASC - Secretaria da Sa\u00fade do Cear\u00e1\",\"isPartOf\":{\"@id\":\"https:\/\/ww16.ce.gov.br\/saude\/#website\"},\"datePublished\":\"2018-11-06T17:48:09+00:00\",\"dateModified\":\"2024-03-13T14:53:19+00:00\",\"breadcrumb\":{\"@id\":\"https:\/\/ww16.ce.gov.br\/saude\/tabnet-ceara\/sinasc\/#breadcrumb\"},\"inLanguage\":\"pt-BR\",\"potentialAction\":[{\"@type\":\"ReadAction\",\"target\":[\"https:\/\/ww16.ce.gov.br\/saude\/tabnet-ceara\/sinasc\/\"]}]},{\"@type\":\"BreadcrumbList\",\"@id\":\"https:\/\/ww16.ce.gov.br\/saude\/tabnet-ceara\/sinasc\/#breadcrumb\",\"itemListElement\":[{\"@type\":\"ListItem\",\"position\":1,\"name\":\"In\u00edcio\",\"item\":\"https:\/\/ww16.ce.gov.br\/saude\/\"},{\"@type\":\"ListItem\",\"position\":2,\"name\":\"Tabnet &#8211; Cear\u00e1\",\"item\":\"https:\/\/ww16.ce.gov.br\/saude\/tabnet-ceara\/\"},{\"@type\":\"ListItem\",\"position\":3,\"name\":\"SINASC\"}]},{\"@type\":\"WebSite\",\"@id\":\"https:\/\/ww16.ce.gov.br\/saude\/#website\",\"url\":\"https:\/\/ww16.ce.gov.br\/saude\/\",\"name\":\"Secretaria da Sa\u00fade\",\"description\":\"Secretaria da Sa\u00fade do Cear\u00e1\",\"publisher\":{\"@id\":\"https:\/\/ww16.ce.gov.br\/saude\/#organization\"},\"potentialAction\":[{\"@type\":\"SearchAction\",\"target\":{\"@type\":\"EntryPoint\",\"urlTemplate\":\"https:\/\/ww16.ce.gov.br\/saude\/?s={search_term_string}\"},\"query-input\":{\"@type\":\"PropertyValueSpecification\",\"valueRequired\":true,\"valueName\":\"search_term_string\"}}],\"inLanguage\":\"pt-BR\"},{\"@type\":\"Organization\",\"@id\":\"https:\/\/ww16.ce.gov.br\/saude\/#organization\",\"name\":\"Secretaria da Sa\u00fade\",\"url\":\"https:\/\/ww16.ce.gov.br\/saude\/\",\"logo\":{\"@type\":\"ImageObject\",\"inLanguage\":\"pt-BR\",\"@id\":\"https:\/\/ww16.ce.gov.br\/saude\/#\/schema\/logo\/image\/\",\"url\":\"http:\/\/ww16.ce.gov.br\/saude\/wp-content\/uploads\/sites\/9\/2017\/11\/clara.png\",\"contentUrl\":\"http:\/\/ww16.ce.gov.br\/saude\/wp-content\/uploads\/sites\/9\/2017\/11\/clara.png\",\"width\":559,\"height\":106,\"caption\":\"Secretaria da Sa\u00fade\"},\"image\":{\"@id\":\"https:\/\/ww16.ce.gov.br\/saude\/#\/schema\/logo\/image\/\"}}]}<\/script>\n<!-- \/ Yoast SEO plugin. -->","yoast_head_json":{"title":"SINASC - Secretaria da Sa\u00fade do Cear\u00e1","robots":{"index":"index","follow":"follow","max-snippet":"max-snippet:-1","max-image-preview":"max-image-preview:large","max-video-preview":"max-video-preview:-1"},"canonical":"https:\/\/ww16.ce.gov.br\/saude\/tabnet-ceara\/sinasc\/","og_locale":"pt_BR","og_type":"article","og_title":"SINASC - Secretaria da Sa\u00fade do Cear\u00e1","og_description":"&nbsp; Sistema de Informa\u00e7\u00f5es de Nascidos Vivos &nbsp; Os dados coletados no Estado s\u00e3o enviados ao DATASUS onde s\u00e3o disponibilizados posteriormente. Ser\u00e3o mantidas atualiza\u00e7\u00f5es mensais dos dados para um melhor acompanhamento da informa\u00e7\u00e3o. Por este motivo, as informa\u00e7\u00f5es de nascidos vivos est\u00e3o divididas em duas se\u00e7\u00f5es: &nbsp; &#8211; At\u00e9 2022 (DATASUS) &#8211; A partir de [&hellip;]","og_url":"https:\/\/ww16.ce.gov.br\/saude\/tabnet-ceara\/sinasc\/","og_site_name":"Secretaria da Sa\u00fade do Cear\u00e1","article_modified_time":"2024-03-13T14:53:19+00:00","twitter_card":"summary_large_image","twitter_misc":{"Est. reading time":"1 minuto"},"schema":{"@context":"https:\/\/schema.org","@graph":[{"@type":"WebPage","@id":"https:\/\/ww16.ce.gov.br\/saude\/tabnet-ceara\/sinasc\/","url":"https:\/\/ww16.ce.gov.br\/saude\/tabnet-ceara\/sinasc\/","name":"SINASC - Secretaria da Sa\u00fade do Cear\u00e1","isPartOf":{"@id":"https:\/\/ww16.ce.gov.br\/saude\/#website"},"datePublished":"2018-11-06T17:48:09+00:00","dateModified":"2024-03-13T14:53:19+00:00","breadcrumb":{"@id":"https:\/\/ww16.ce.gov.br\/saude\/tabnet-ceara\/sinasc\/#breadcrumb"},"inLanguage":"pt-BR","potentialAction":[{"@type":"ReadAction","target":["https:\/\/ww16.ce.gov.br\/saude\/tabnet-ceara\/sinasc\/"]}]},{"@type":"BreadcrumbList","@id":"https:\/\/ww16.ce.gov.br\/saude\/tabnet-ceara\/sinasc\/#breadcrumb","itemListElement":[{"@type":"ListItem","position":1,"name":"In\u00edcio","item":"https:\/\/ww16.ce.gov.br\/saude\/"},{"@type":"ListItem","position":2,"name":"Tabnet &#8211; Cear\u00e1","item":"https:\/\/ww16.ce.gov.br\/saude\/tabnet-ceara\/"},{"@type":"ListItem","position":3,"name":"SINASC"}]},{"@type":"WebSite","@id":"https:\/\/ww16.ce.gov.br\/saude\/#website","url":"https:\/\/ww16.ce.gov.br\/saude\/","name":"Secretaria da Sa\u00fade","description":"Secretaria da Sa\u00fade do Cear\u00e1","publisher":{"@id":"https:\/\/ww16.ce.gov.br\/saude\/#organization"},"potentialAction":[{"@type":"SearchAction","target":{"@type":"EntryPoint","urlTemplate":"https:\/\/ww16.ce.gov.br\/saude\/?s={search_term_string}"},"query-input":{"@type":"PropertyValueSpecification","valueRequired":true,"valueName":"search_term_string"}}],"inLanguage":"pt-BR"},{"@type":"Organization","@id":"https:\/\/ww16.ce.gov.br\/saude\/#organization","name":"Secretaria da Sa\u00fade","url":"https:\/\/ww16.ce.gov.br\/saude\/","logo":{"@type":"ImageObject","inLanguage":"pt-BR","@id":"https:\/\/ww16.ce.gov.br\/saude\/#\/schema\/logo\/image\/","url":"http:\/\/ww16.ce.gov.br\/saude\/wp-content\/uploads\/sites\/9\/2017\/11\/clara.png","contentUrl":"http:\/\/ww16.ce.gov.br\/saude\/wp-content\/uploads\/sites\/9\/2017\/11\/clara.png","width":559,"height":106,"caption":"Secretaria da Sa\u00fade"},"image":{"@id":"https:\/\/ww16.ce.gov.br\/saude\/#\/schema\/logo\/image\/"}}]}},"_links":{"self":[{"href":"https:\/\/ww16.ce.gov.br\/saude\/wp-json\/wp\/v2\/pages\/73934","targetHints":{"allow":["GET"]}}],"collection":[{"href":"https:\/\/ww16.ce.gov.br\/saude\/wp-json\/wp\/v2\/pages"}],"about":[{"href":"https:\/\/ww16.ce.gov.br\/saude\/wp-json\/wp\/v2\/types\/page"}],"author":[{"embeddable":true,"href":"https:\/\/ww16.ce.gov.br\/saude\/wp-json\/wp\/v2\/users\/12"}],"replies":[{"embeddable":true,"href":"https:\/\/ww16.ce.gov.br\/saude\/wp-json\/wp\/v2\/comments?post=73934"}],"version-history":[{"count":8,"href":"https:\/\/ww16.ce.gov.br\/saude\/wp-json\/wp\/v2\/pages\/73934\/revisions"}],"predecessor-version":[{"id":129350,"href":"https:\/\/ww16.ce.gov.br\/saude\/wp-json\/wp\/v2\/pages\/73934\/revisions\/129350"}],"up":[{"embeddable":true,"href":"https:\/\/ww16.ce.gov.br\/saude\/wp-json\/wp\/v2\/pages\/73927"}],"wp:attachment":[{"href":"https:\/\/ww16.ce.gov.br\/saude\/wp-json\/wp\/v2\/media?parent=73934"}],"curies":[{"name":"wp","href":"https:\/\/api.w.org\/{rel}","templated":true}]}}