{"id":73927,"date":"2018-11-06T14:46:53","date_gmt":"2018-11-06T17:46:53","guid":{"rendered":"http:\/\/ww16.ce.gov.br\/saude\/?page_id=73927"},"modified":"2018-11-20T13:51:07","modified_gmt":"2018-11-20T16:51:07","slug":"tabnet-ceara","status":"publish","type":"page","link":"https:\/\/ww16.ce.gov.br\/saude\/tabnet-ceara\/","title":{"rendered":"Tabnet &#8211; Cear\u00e1"},"content":{"rendered":"<h4 class=\"-laranja\"><strong>Tecnologia DATASUS<\/strong><\/h4>\n<p>&nbsp;<\/p>\n<p>O programa TabNet foi elaborado pelo DATASUS com a finalidade de permitir \u00e0s equipes t\u00e9cnicas do Minist\u00e9rio da Sa\u00fade, das Secretarias Estaduais de Sa\u00fade e das Secretarias Municipais de Sa\u00fade a realiza\u00e7\u00e3o de tabula\u00e7\u00f5es r\u00e1pidas sobre os arquivos .DBF, que constituem os componentes b\u00e1sicos dos Sistemas de Informa\u00e7\u00f5es do Sistema \u00danico de Sa\u00fade dentro de suas Intranets ou em seus sites Internet.<\/p>\n<p>&nbsp;<\/p>\n<p>Os seguintes requisitos foram considerados essenciais para permitir a ampla utiliza\u00e7\u00e3o do programa:<\/p>\n<p>&nbsp;<\/p>\n<p>&#8211; Ser suficientemente r\u00e1pido, de forma a permitir a tabula\u00e7\u00e3o de grandes massas de dados em servidores linha Intel, equipamentos de baixo custo.<\/p>\n<p>&nbsp;<\/p>\n<p>&#8211; Interface simples de intera\u00e7\u00e3o com o usu\u00e1rio concentrando todas as op\u00e7\u00f5es de tabula\u00e7\u00e3o em um \u00fanico question\u00e1rio &#8211; FORM (formul\u00e1rio HTML).<\/p>\n<p>&nbsp;<\/p>\n<p>&#8211; Forma aberta de inclus\u00e3o de novas defini\u00e7\u00f5es de arquivos e de tabelas de convers\u00e3o de vari\u00e1veis sem alterar o programa, de maneira a permitir que, no campo, as equipes t\u00e9cnicas das Secretarias de Sa\u00fade o utilizassem para realizar tabula\u00e7\u00f5es de outros tipos de .DBF.<\/p>\n<p>&nbsp;<\/p>\n<p>&#8211; Concatenar logicamente arquivos de anos ou meses diferentes produzindo s\u00e9ries hist\u00f3ricas dos dados.<\/p>\n<p>&nbsp;<\/p>\n<p>&#8211; Transferir para o usu\u00e1rio, via Intranet ou Internet, os dados no formato do TABWIN para permitir aos mesmos integrar em uma mesma planilha dados de bases diferentes, calcular indicadores, e produzir gr\u00e1ficos e mapas a partir dessas informa\u00e7\u00f5es.<\/p>\n<p>&nbsp;<\/p>\n<p class=\"destacado\"><strong>Indicadores:<\/strong><\/p>\n<p>&nbsp;<\/p>\n<p><a href=\"https:\/\/ww16.ce.gov.br\/saude\/tabnet-ceara\/pni\/\" target=\"_blank\" rel=\"noopener\">PNI &#8211; Programa Nacional de Imuniza\u00e7\u00f5es<\/a><\/p>\n<p>&nbsp;<\/p>\n<p><a href=\"https:\/\/ww16.ce.gov.br\/saude\/tabnet-ceara\/sia\/\" target=\"_blank\" rel=\"noopener\">SIA &#8211; Sistema de Informa\u00e7\u00f5es Ambulatoriais<\/a><\/p>\n<p>&nbsp;<\/p>\n<p><a href=\"https:\/\/ww16.ce.gov.br\/saude\/tabnet-ceara\/sih\/\" target=\"_blank\" rel=\"noopener\">SIH &#8211; Sistema de Informa\u00e7\u00f5es Hospitalares<\/a><\/p>\n<p>&nbsp;<\/p>\n<p><a href=\"https:\/\/ww16.ce.gov.br\/saude\/tabnet-ceara\/sim\/\" target=\"_blank\" rel=\"noopener\">SIM &#8211; Sistema de Informa\u00e7\u00e3o sobre Mortalidade<\/a><\/p>\n<p>&nbsp;<\/p>\n<p><a href=\"https:\/\/ww16.ce.gov.br\/saude\/tabnet-ceara\/sinasc\/\" target=\"_blank\" rel=\"noopener\">SINASC &#8211; Sistema de Informa\u00e7\u00f5es de Nascidos Vivos<\/a><\/p>\n<p>&nbsp;<\/p>\n<p><a href=\"https:\/\/ww16.ce.gov.br\/saude\/tabnet-ceara\/sinan\/\" target=\"_blank\" rel=\"noopener\">SINAN &#8211; Sistema de Informa\u00e7\u00f5es de Agravos de Notifica\u00e7\u00e3o<\/a><\/p>\n<p>&nbsp;<\/p>\n<p><a href=\"https:\/\/ww16.ce.gov.br\/saude\/tabnet-ceara\/siab\/\" target=\"_blank\" rel=\"noopener\">SIAB &#8211; Sistema de Informa\u00e7\u00f5es da Aten\u00e7\u00e3o B\u00e1sica<\/a><\/p>\n","protected":false},"excerpt":{"rendered":"<p>Tecnologia DATASUS &nbsp; O programa TabNet foi elaborado pelo DATASUS com a finalidade de permitir \u00e0s equipes t\u00e9cnicas do Minist\u00e9rio da Sa\u00fade, das Secretarias Estaduais de Sa\u00fade e das Secretarias Municipais de Sa\u00fade a realiza\u00e7\u00e3o de tabula\u00e7\u00f5es r\u00e1pidas sobre os arquivos .DBF, que constituem os componentes b\u00e1sicos dos Sistemas de Informa\u00e7\u00f5es do Sistema \u00danico de [&hellip;]<\/p>\n","protected":false},"author":12,"featured_media":0,"parent":0,"menu_order":0,"comment_status":"closed","ping_status":"closed","template":"","meta":{"_acf_changed":false,"inline_featured_image":false,"footnotes":""},"class_list":["post-73927","page","type-page","status-publish","hentry"],"acf":[],"yoast_head":"<!-- This site is optimized with the Yoast SEO plugin v26.9 - https:\/\/yoast.com\/product\/yoast-seo-wordpress\/ -->\n<title>Tabnet - Cear\u00e1 - Secretaria da Sa\u00fade do Cear\u00e1<\/title>\n<meta name=\"robots\" content=\"index, follow, max-snippet:-1, max-image-preview:large, max-video-preview:-1\" \/>\n<link rel=\"canonical\" href=\"https:\/\/ww16.ce.gov.br\/saude\/tabnet-ceara\/\" \/>\n<meta property=\"og:locale\" content=\"pt_BR\" \/>\n<meta property=\"og:type\" content=\"article\" \/>\n<meta property=\"og:title\" content=\"Tabnet - Cear\u00e1 - Secretaria da Sa\u00fade do Cear\u00e1\" \/>\n<meta property=\"og:description\" content=\"Tecnologia DATASUS &nbsp; O programa TabNet foi elaborado pelo DATASUS com a finalidade de permitir \u00e0s equipes t\u00e9cnicas do Minist\u00e9rio da Sa\u00fade, das Secretarias Estaduais de Sa\u00fade e das Secretarias Municipais de Sa\u00fade a realiza\u00e7\u00e3o de tabula\u00e7\u00f5es r\u00e1pidas sobre os arquivos .DBF, que constituem os componentes b\u00e1sicos dos Sistemas de Informa\u00e7\u00f5es do Sistema \u00danico de [&hellip;]\" \/>\n<meta property=\"og:url\" content=\"https:\/\/ww16.ce.gov.br\/saude\/tabnet-ceara\/\" \/>\n<meta property=\"og:site_name\" content=\"Secretaria da Sa\u00fade do Cear\u00e1\" \/>\n<meta property=\"article:modified_time\" content=\"2018-11-20T16:51:07+00:00\" \/>\n<meta name=\"twitter:card\" content=\"summary_large_image\" \/>\n<meta name=\"twitter:label1\" content=\"Est. reading time\" \/>\n\t<meta name=\"twitter:data1\" content=\"2 minutos\" \/>\n<script type=\"application\/ld+json\" class=\"yoast-schema-graph\">{\"@context\":\"https:\/\/schema.org\",\"@graph\":[{\"@type\":\"WebPage\",\"@id\":\"https:\/\/ww16.ce.gov.br\/saude\/tabnet-ceara\/\",\"url\":\"https:\/\/ww16.ce.gov.br\/saude\/tabnet-ceara\/\",\"name\":\"Tabnet - Cear\u00e1 - Secretaria da Sa\u00fade do Cear\u00e1\",\"isPartOf\":{\"@id\":\"https:\/\/ww16.ce.gov.br\/saude\/#website\"},\"datePublished\":\"2018-11-06T17:46:53+00:00\",\"dateModified\":\"2018-11-20T16:51:07+00:00\",\"breadcrumb\":{\"@id\":\"https:\/\/ww16.ce.gov.br\/saude\/tabnet-ceara\/#breadcrumb\"},\"inLanguage\":\"pt-BR\",\"potentialAction\":[{\"@type\":\"ReadAction\",\"target\":[\"https:\/\/ww16.ce.gov.br\/saude\/tabnet-ceara\/\"]}]},{\"@type\":\"BreadcrumbList\",\"@id\":\"https:\/\/ww16.ce.gov.br\/saude\/tabnet-ceara\/#breadcrumb\",\"itemListElement\":[{\"@type\":\"ListItem\",\"position\":1,\"name\":\"In\u00edcio\",\"item\":\"https:\/\/ww16.ce.gov.br\/saude\/\"},{\"@type\":\"ListItem\",\"position\":2,\"name\":\"Tabnet &#8211; Cear\u00e1\"}]},{\"@type\":\"WebSite\",\"@id\":\"https:\/\/ww16.ce.gov.br\/saude\/#website\",\"url\":\"https:\/\/ww16.ce.gov.br\/saude\/\",\"name\":\"Secretaria da Sa\u00fade\",\"description\":\"Secretaria da Sa\u00fade do Cear\u00e1\",\"publisher\":{\"@id\":\"https:\/\/ww16.ce.gov.br\/saude\/#organization\"},\"potentialAction\":[{\"@type\":\"SearchAction\",\"target\":{\"@type\":\"EntryPoint\",\"urlTemplate\":\"https:\/\/ww16.ce.gov.br\/saude\/?s={search_term_string}\"},\"query-input\":{\"@type\":\"PropertyValueSpecification\",\"valueRequired\":true,\"valueName\":\"search_term_string\"}}],\"inLanguage\":\"pt-BR\"},{\"@type\":\"Organization\",\"@id\":\"https:\/\/ww16.ce.gov.br\/saude\/#organization\",\"name\":\"Secretaria da Sa\u00fade\",\"url\":\"https:\/\/ww16.ce.gov.br\/saude\/\",\"logo\":{\"@type\":\"ImageObject\",\"inLanguage\":\"pt-BR\",\"@id\":\"https:\/\/ww16.ce.gov.br\/saude\/#\/schema\/logo\/image\/\",\"url\":\"http:\/\/ww16.ce.gov.br\/saude\/wp-content\/uploads\/sites\/9\/2017\/11\/clara.png\",\"contentUrl\":\"http:\/\/ww16.ce.gov.br\/saude\/wp-content\/uploads\/sites\/9\/2017\/11\/clara.png\",\"width\":559,\"height\":106,\"caption\":\"Secretaria da Sa\u00fade\"},\"image\":{\"@id\":\"https:\/\/ww16.ce.gov.br\/saude\/#\/schema\/logo\/image\/\"}}]}<\/script>\n<!-- \/ Yoast SEO plugin. -->","yoast_head_json":{"title":"Tabnet - Cear\u00e1 - Secretaria da Sa\u00fade do Cear\u00e1","robots":{"index":"index","follow":"follow","max-snippet":"max-snippet:-1","max-image-preview":"max-image-preview:large","max-video-preview":"max-video-preview:-1"},"canonical":"https:\/\/ww16.ce.gov.br\/saude\/tabnet-ceara\/","og_locale":"pt_BR","og_type":"article","og_title":"Tabnet - Cear\u00e1 - Secretaria da Sa\u00fade do Cear\u00e1","og_description":"Tecnologia DATASUS &nbsp; O programa TabNet foi elaborado pelo DATASUS com a finalidade de permitir \u00e0s equipes t\u00e9cnicas do Minist\u00e9rio da Sa\u00fade, das Secretarias Estaduais de Sa\u00fade e das Secretarias Municipais de Sa\u00fade a realiza\u00e7\u00e3o de tabula\u00e7\u00f5es r\u00e1pidas sobre os arquivos .DBF, que constituem os componentes b\u00e1sicos dos Sistemas de Informa\u00e7\u00f5es do Sistema \u00danico de [&hellip;]","og_url":"https:\/\/ww16.ce.gov.br\/saude\/tabnet-ceara\/","og_site_name":"Secretaria da Sa\u00fade do Cear\u00e1","article_modified_time":"2018-11-20T16:51:07+00:00","twitter_card":"summary_large_image","twitter_misc":{"Est. reading time":"2 minutos"},"schema":{"@context":"https:\/\/schema.org","@graph":[{"@type":"WebPage","@id":"https:\/\/ww16.ce.gov.br\/saude\/tabnet-ceara\/","url":"https:\/\/ww16.ce.gov.br\/saude\/tabnet-ceara\/","name":"Tabnet - Cear\u00e1 - Secretaria da Sa\u00fade do Cear\u00e1","isPartOf":{"@id":"https:\/\/ww16.ce.gov.br\/saude\/#website"},"datePublished":"2018-11-06T17:46:53+00:00","dateModified":"2018-11-20T16:51:07+00:00","breadcrumb":{"@id":"https:\/\/ww16.ce.gov.br\/saude\/tabnet-ceara\/#breadcrumb"},"inLanguage":"pt-BR","potentialAction":[{"@type":"ReadAction","target":["https:\/\/ww16.ce.gov.br\/saude\/tabnet-ceara\/"]}]},{"@type":"BreadcrumbList","@id":"https:\/\/ww16.ce.gov.br\/saude\/tabnet-ceara\/#breadcrumb","itemListElement":[{"@type":"ListItem","position":1,"name":"In\u00edcio","item":"https:\/\/ww16.ce.gov.br\/saude\/"},{"@type":"ListItem","position":2,"name":"Tabnet &#8211; Cear\u00e1"}]},{"@type":"WebSite","@id":"https:\/\/ww16.ce.gov.br\/saude\/#website","url":"https:\/\/ww16.ce.gov.br\/saude\/","name":"Secretaria da Sa\u00fade","description":"Secretaria da Sa\u00fade do Cear\u00e1","publisher":{"@id":"https:\/\/ww16.ce.gov.br\/saude\/#organization"},"potentialAction":[{"@type":"SearchAction","target":{"@type":"EntryPoint","urlTemplate":"https:\/\/ww16.ce.gov.br\/saude\/?s={search_term_string}"},"query-input":{"@type":"PropertyValueSpecification","valueRequired":true,"valueName":"search_term_string"}}],"inLanguage":"pt-BR"},{"@type":"Organization","@id":"https:\/\/ww16.ce.gov.br\/saude\/#organization","name":"Secretaria da Sa\u00fade","url":"https:\/\/ww16.ce.gov.br\/saude\/","logo":{"@type":"ImageObject","inLanguage":"pt-BR","@id":"https:\/\/ww16.ce.gov.br\/saude\/#\/schema\/logo\/image\/","url":"http:\/\/ww16.ce.gov.br\/saude\/wp-content\/uploads\/sites\/9\/2017\/11\/clara.png","contentUrl":"http:\/\/ww16.ce.gov.br\/saude\/wp-content\/uploads\/sites\/9\/2017\/11\/clara.png","width":559,"height":106,"caption":"Secretaria da Sa\u00fade"},"image":{"@id":"https:\/\/ww16.ce.gov.br\/saude\/#\/schema\/logo\/image\/"}}]}},"_links":{"self":[{"href":"https:\/\/ww16.ce.gov.br\/saude\/wp-json\/wp\/v2\/pages\/73927","targetHints":{"allow":["GET"]}}],"collection":[{"href":"https:\/\/ww16.ce.gov.br\/saude\/wp-json\/wp\/v2\/pages"}],"about":[{"href":"https:\/\/ww16.ce.gov.br\/saude\/wp-json\/wp\/v2\/types\/page"}],"author":[{"embeddable":true,"href":"https:\/\/ww16.ce.gov.br\/saude\/wp-json\/wp\/v2\/users\/12"}],"replies":[{"embeddable":true,"href":"https:\/\/ww16.ce.gov.br\/saude\/wp-json\/wp\/v2\/comments?post=73927"}],"version-history":[{"count":8,"href":"https:\/\/ww16.ce.gov.br\/saude\/wp-json\/wp\/v2\/pages\/73927\/revisions"}],"predecessor-version":[{"id":74410,"href":"https:\/\/ww16.ce.gov.br\/saude\/wp-json\/wp\/v2\/pages\/73927\/revisions\/74410"}],"wp:attachment":[{"href":"https:\/\/ww16.ce.gov.br\/saude\/wp-json\/wp\/v2\/media?parent=73927"}],"curies":[{"name":"wp","href":"https:\/\/api.w.org\/{rel}","templated":true}]}}