{"id":73605,"date":"2018-10-24T16:54:22","date_gmt":"2018-10-24T19:54:22","guid":{"rendered":"http:\/\/ww16.ce.gov.br\/saude\/?page_id=73605"},"modified":"2021-06-14T15:30:53","modified_gmt":"2021-06-14T18:30:53","slug":"transplantesdeorgaosetecidos","status":"publish","type":"page","link":"https:\/\/ww16.ce.gov.br\/saude\/rede-sesa\/centraldetransplantes\/transplantesdeorgaosetecidos\/","title":{"rendered":"Transplantes de \u00f3rg\u00e3os e tecidos"},"content":{"rendered":"<p>&nbsp;<\/p>\n<p>O Brasil tem hoje o maior sistema p\u00fablico de transplantes do mundo, no qual cerca de 95% dos procedimentos e cirurgias s\u00e3o feitos com recursos p\u00fablicos. <strong>O Estado do Cear\u00e1, anualmente, fica entre os estados que mais realizam transplantes de \u00f3rg\u00e3os no pa\u00eds, com recordes sucessivos<\/strong> e conta com 62 hospitais notificantes entre p\u00fablicos, privados e filantr\u00f3picos, cadastrados no Sistema Nacional de Transplantes\/ Minist\u00e9rio da Sa\u00fade.<\/p>\n<p>&nbsp;<\/p>\n<p>A Central de Transplantes do Cear\u00e1 funciona 24 horas, sete dias por semana, na sede da Secretaria da Sa\u00fade do Estado e coordena as atividades de transplantes no \u00e2mbito estadual, tendo como principais responsabilidades: regular a lista dos receptores de \u00f3rg\u00e3os e tecidos, receber notifica\u00e7\u00f5es de potenciais doadores com diagn\u00f3stico de morte encef\u00e1lica e articular a log\u00edstica que torna a cirurgia de transplante poss\u00edvel. Contribuindo desta forma para manter a esperan\u00e7a de quem aguarda por um \u00f3rg\u00e3o ou tecido para transplante.<\/p>\n<p>&nbsp;<\/p>\n<p>A Central de Transplantes comp\u00f5e a Coordenadoria de Regula\u00e7\u00e3o, Auditoria e Controle &#8211; Corac, da Secretaria da Sa\u00fade do Estado, e foi criada no dia 9 de junho de 1998, atrav\u00e9s da <a href=\"https:\/\/ww16.ce.gov.br\/saude\/wp-content\/uploads\/sites\/64\/2018\/06\/portaria_797_1998_sesa.pdf\">Portaria n.\u00ba 797\/98<\/a> da Sesa, obedecendo a determina\u00e7\u00e3o do Decreto Federal n\u00ba 2.268\/97 que regulamenta a Lei Federal 9434\/97.<\/p>\n<p>&nbsp;<\/p>\n<p><strong>Localiza\u00e7\u00e3o<\/strong><br \/>\nSecretaria da Sa\u00fade do Estado do Cear\u00e1<br \/>\nAv. Almirante Barroso, 600, Praia de Iracema.<br \/>\nCEP: 60.060-440<br \/>\nFortaleza, CE<\/p>\n<p>&nbsp;<\/p>\n<p><strong>Contatos:<\/strong> (85) 3101-5238 \/ 3101-5255<br \/>\n<strong>Fax: <\/strong>(85) 3252-1886<br \/>\n<strong>E-mail:<\/strong> cncdo@saude.ce.gov.br<\/p>\n<p>&nbsp;<\/p>\n<p>&nbsp;<\/p>\n<p class=\"destacado\"><strong>Centros Transplantadores<\/strong><\/p>\n<p>&nbsp;<\/p>\n<div class=\"SistemasExternos\">\n<table>\n<thead>\n<tr>\n<th width=\"30%\">\u00d3rg\u00e3o\/ Tecido<\/th>\n<th width=\"70%\">Unidades de Sa\u00fade<\/th>\n<\/tr>\n<\/thead>\n<tbody><!-- sistema inicio coracao --><\/p>\n<tr>\n<td class=\"laranja\">Cora\u00e7\u00e3o<\/td>\n<td>\n<div>Hospital Dr. Carlos Alberto Studart Gomes<br \/>\nHospital Monte Klinikum<br \/>\nHospital S\u00e3o Camilo Cura Dar\u2019s<\/div>\n<\/td>\n<\/tr>\n<p><!-- sistema final coracao --><!-- sistema inicio pulmao --><\/p>\n<tr>\n<td class=\"laranja\">Pulm\u00e3o<\/td>\n<td>\n<div>Hospital Dr. Carlos Alberto Studart Gomes<\/div>\n<\/td>\n<\/tr>\n<p><!-- sistema final pulmao --><!-- sistema inicio figado --><\/p>\n<tr>\n<td class=\"laranja\">F\u00edgado<\/td>\n<td>\n<div>Hospital Universit\u00e1rio Walter Cant\u00eddio<br \/>\nHospital Geral de Fortaleza<br \/>\nHospital S\u00e3o Carlos<br \/>\nHospital Monte Klinikum<br \/>\nHospital S\u00e3o Camilo Cura Dar\u2019s<\/div>\n<\/td>\n<\/tr>\n<p><!-- sistema final figado --><!-- sistema inicio rim --><\/p>\n<tr>\n<td class=\"laranja\">Rim<\/td>\n<td>\n<div>Hospital Universit\u00e1rio Walter Cant\u00eddio<br \/>\nHospital Geral de Fortaleza<br \/>\nHospital S\u00e3o Carlos<br \/>\nHospital Monte Klinikum<br \/>\nHospital S\u00e3o Camilo Cura Dar\u2019s<br \/>\nHospital Ant\u00f4nio Prudente<br \/>\nFunda\u00e7\u00e3o Leandro Bezerra de Menezes (Crato)<\/div>\n<\/td>\n<\/tr>\n<p><!-- sistema final rim --><!-- sistema inicio rim\/pancreas --><\/p>\n<tr>\n<td class=\"laranja\">Rim\/ P\u00e2ncreas<\/td>\n<td>\n<div>Hospital Universit\u00e1rio Walter Cant\u00eddio<br \/>\nHospital Geral de Fortaleza<\/div>\n<\/td>\n<\/tr>\n<p><!-- sistema final rim\/pancreas --><!-- sistema inicio pancreas isolado --><\/p>\n<tr>\n<td class=\"laranja\">P\u00e2ncreas isolado<\/td>\n<td>\n<div>Hospital Universit\u00e1rio Walter Cant\u00eddio<br \/>\nHospital Geral de Fortaleza<\/div>\n<\/td>\n<\/tr>\n<p><!-- sistema final pancreas isolado --><!-- sistema inicio medula ossea --><\/p>\n<tr>\n<td class=\"laranja\">Medula \u00d3ssea<\/td>\n<td>\n<div>Hospital Universit\u00e1rio Walter Cant\u00eddio<br \/>\nHospital Monte Klinikum<br \/>\nHospital Regional Unimed Fortaleza<br \/>\nHospital S\u00e3o Camilo Cura Dar\u2019s<br \/>\nHospital Antonio Prudente<\/div>\n<\/td>\n<\/tr>\n<p><!-- sistema final medula ossea --><!-- sistema inicio cornea --><\/p>\n<tr>\n<td class=\"laranja\">C\u00f3rnea<\/td>\n<td>\n<div>Biocl\u00ednica<br \/>\nCentro Cearense de Oftalmologia<br \/>\nCentro M\u00e9dico Oftalmol\u00f3gico<br \/>\nCentro Avan\u00e7ado de Retina e Catarata<br \/>\nHospital Geral de Fortaleza (HGF)<br \/>\nHospital Universit\u00e1rio Walter Cant\u00eddio<br \/>\nHospital de Olhos Leiria de Andrade<br \/>\nInstituto da Vis\u00e3o do Cear\u00e1<br \/>\nCl\u00ednica Neuza Rocha<br \/>\nOftalmocl\u00ednica<br \/>\nProntocl\u00ednica<br \/>\nCl\u00ednica Oftalmol\u00f3gica Hyder Carneiro \u2013 Provision<br \/>\nSociedade de Assist\u00eancia aos Cegos<br \/>\nOtalmolaser \u2013 Escola Cearense de Oftalmologia<br \/>\nSanta Casa de Miseric\u00f3rdia de Sobral<br \/>\nIOB \u2013 Instituto de Olhos de Barbalha<\/div>\n<\/td>\n<\/tr>\n<p><!-- sistema final cornea --><!-- sistema inicio valvas cardiacas --><\/p>\n<tr>\n<td class=\"laranja\">Valvas Card\u00edacas<\/td>\n<td>\n<div>Hospital Dr. Carlos Alberto Studart Gomes<br \/>\nHospital Regional Unimed Fortaleza<\/div>\n<\/td>\n<\/tr>\n<p><!-- sistema final valvas cardiacas --><!-- sistema inicio banco ocular --><\/p>\n<tr>\n<td class=\"laranja\">Banco de Tecido Ocular Humano<\/td>\n<td>\n<div>Banco de Olhos do Hospital Geral de Fortaleza<br \/>\nBanco de Olhos do Cear\u00e1 (Fortaleza)<br \/>\nBanco de Olhos da Santa Casa de Miseric\u00f3rdia de Sobral<\/div>\n<\/td>\n<\/tr>\n<p><!-- sistema final valvas banco ocular --><!-- sistema inicio banco de sangue --><\/p>\n<tr>\n<td class=\"laranja\">Banco de Sangue e Cord\u00e3o Umbilical e Placent\u00e1rio<\/td>\n<td>\n<div>Centro de Hematologia e Hemoterapia do Cear\u00e1 &#8211; Hemoce<\/div>\n<\/td>\n<\/tr>\n<p><!-- sistema final valvas banco de sangue --><!-- sistema inicio banco ocular --><\/p>\n<tr>\n<td class=\"laranja\">Banco de Tecido Ocular Humano<\/td>\n<td>\n<div>Banco de Olhos do Hospital Geral de Fortaleza<br \/>\nBanco de Olhos do Cear\u00e1 (Fortaleza)<br \/>\nBanco de Olhos da Santa Casa de Miseric\u00f3rdia de Sobral<\/div>\n<\/td>\n<\/tr>\n<p><!-- sistema final valvas banco ocular --><!-- sistema inicio laboratorio --><\/p>\n<tr>\n<td class=\"laranja\">Laborat\u00f3rio de HLA<\/td>\n<td>\n<div>Hemoce<br \/>\nCentro de Pesquisas em Doen\u00e7as Hepato Renais do Cear\u00e1<\/div>\n<\/td>\n<\/tr>\n<p><!-- sistema final valvas laboratorio --><\/tbody>\n<\/table>\n<\/div>\n","protected":false},"excerpt":{"rendered":"<p>&nbsp; O Brasil tem hoje o maior sistema p\u00fablico de transplantes do mundo, no qual cerca de 95% dos procedimentos e cirurgias s\u00e3o feitos com recursos p\u00fablicos. O Estado do Cear\u00e1, anualmente, fica entre os estados que mais realizam transplantes de \u00f3rg\u00e3os no pa\u00eds, com recordes sucessivos e conta com 62 hospitais notificantes entre p\u00fablicos, [&hellip;]<\/p>\n","protected":false},"author":12,"featured_media":0,"parent":73633,"menu_order":0,"comment_status":"closed","ping_status":"closed","template":"","meta":{"_acf_changed":false,"inline_featured_image":false,"footnotes":""},"class_list":["post-73605","page","type-page","status-publish","hentry"],"acf":[],"yoast_head":"<!-- This site is optimized with the Yoast SEO plugin v26.9 - https:\/\/yoast.com\/product\/yoast-seo-wordpress\/ -->\n<title>Transplantes de \u00f3rg\u00e3os e tecidos - Secretaria da Sa\u00fade do Cear\u00e1<\/title>\n<meta name=\"robots\" content=\"index, follow, max-snippet:-1, max-image-preview:large, max-video-preview:-1\" \/>\n<link rel=\"canonical\" href=\"https:\/\/ww16.ce.gov.br\/saude\/rede-sesa\/centraldetransplantes\/transplantesdeorgaosetecidos\/\" \/>\n<meta property=\"og:locale\" content=\"pt_BR\" \/>\n<meta property=\"og:type\" content=\"article\" \/>\n<meta property=\"og:title\" content=\"Transplantes de \u00f3rg\u00e3os e tecidos - Secretaria da Sa\u00fade do Cear\u00e1\" \/>\n<meta property=\"og:description\" content=\"&nbsp; O Brasil tem hoje o maior sistema p\u00fablico de transplantes do mundo, no qual cerca de 95% dos procedimentos e cirurgias s\u00e3o feitos com recursos p\u00fablicos. O Estado do Cear\u00e1, anualmente, fica entre os estados que mais realizam transplantes de \u00f3rg\u00e3os no pa\u00eds, com recordes sucessivos e conta com 62 hospitais notificantes entre p\u00fablicos, [&hellip;]\" \/>\n<meta property=\"og:url\" content=\"https:\/\/ww16.ce.gov.br\/saude\/rede-sesa\/centraldetransplantes\/transplantesdeorgaosetecidos\/\" \/>\n<meta property=\"og:site_name\" content=\"Secretaria da Sa\u00fade do Cear\u00e1\" \/>\n<meta property=\"article:modified_time\" content=\"2021-06-14T18:30:53+00:00\" \/>\n<meta name=\"twitter:card\" content=\"summary_large_image\" \/>\n<meta name=\"twitter:label1\" content=\"Est. reading time\" \/>\n\t<meta name=\"twitter:data1\" content=\"3 minutos\" \/>\n<script type=\"application\/ld+json\" class=\"yoast-schema-graph\">{\"@context\":\"https:\/\/schema.org\",\"@graph\":[{\"@type\":\"WebPage\",\"@id\":\"https:\/\/ww16.ce.gov.br\/saude\/rede-sesa\/centraldetransplantes\/transplantesdeorgaosetecidos\/\",\"url\":\"https:\/\/ww16.ce.gov.br\/saude\/rede-sesa\/centraldetransplantes\/transplantesdeorgaosetecidos\/\",\"name\":\"Transplantes de \u00f3rg\u00e3os e tecidos - Secretaria da Sa\u00fade do Cear\u00e1\",\"isPartOf\":{\"@id\":\"https:\/\/ww16.ce.gov.br\/saude\/#website\"},\"datePublished\":\"2018-10-24T19:54:22+00:00\",\"dateModified\":\"2021-06-14T18:30:53+00:00\",\"breadcrumb\":{\"@id\":\"https:\/\/ww16.ce.gov.br\/saude\/rede-sesa\/centraldetransplantes\/transplantesdeorgaosetecidos\/#breadcrumb\"},\"inLanguage\":\"pt-BR\",\"potentialAction\":[{\"@type\":\"ReadAction\",\"target\":[\"https:\/\/ww16.ce.gov.br\/saude\/rede-sesa\/centraldetransplantes\/transplantesdeorgaosetecidos\/\"]}]},{\"@type\":\"BreadcrumbList\",\"@id\":\"https:\/\/ww16.ce.gov.br\/saude\/rede-sesa\/centraldetransplantes\/transplantesdeorgaosetecidos\/#breadcrumb\",\"itemListElement\":[{\"@type\":\"ListItem\",\"position\":1,\"name\":\"In\u00edcio\",\"item\":\"https:\/\/ww16.ce.gov.br\/saude\/\"},{\"@type\":\"ListItem\",\"position\":2,\"name\":\"Rede Sesa\",\"item\":\"https:\/\/ww16.ce.gov.br\/saude\/rede-sesa\/\"},{\"@type\":\"ListItem\",\"position\":3,\"name\":\"Central de Transplantes do Estado\",\"item\":\"https:\/\/ww16.ce.gov.br\/saude\/?page_id=73633\"},{\"@type\":\"ListItem\",\"position\":4,\"name\":\"Transplantes de \u00f3rg\u00e3os e tecidos\"}]},{\"@type\":\"WebSite\",\"@id\":\"https:\/\/ww16.ce.gov.br\/saude\/#website\",\"url\":\"https:\/\/ww16.ce.gov.br\/saude\/\",\"name\":\"Secretaria da Sa\u00fade\",\"description\":\"Secretaria da Sa\u00fade do Cear\u00e1\",\"publisher\":{\"@id\":\"https:\/\/ww16.ce.gov.br\/saude\/#organization\"},\"potentialAction\":[{\"@type\":\"SearchAction\",\"target\":{\"@type\":\"EntryPoint\",\"urlTemplate\":\"https:\/\/ww16.ce.gov.br\/saude\/?s={search_term_string}\"},\"query-input\":{\"@type\":\"PropertyValueSpecification\",\"valueRequired\":true,\"valueName\":\"search_term_string\"}}],\"inLanguage\":\"pt-BR\"},{\"@type\":\"Organization\",\"@id\":\"https:\/\/ww16.ce.gov.br\/saude\/#organization\",\"name\":\"Secretaria da Sa\u00fade\",\"url\":\"https:\/\/ww16.ce.gov.br\/saude\/\",\"logo\":{\"@type\":\"ImageObject\",\"inLanguage\":\"pt-BR\",\"@id\":\"https:\/\/ww16.ce.gov.br\/saude\/#\/schema\/logo\/image\/\",\"url\":\"http:\/\/ww16.ce.gov.br\/saude\/wp-content\/uploads\/sites\/9\/2017\/11\/clara.png\",\"contentUrl\":\"http:\/\/ww16.ce.gov.br\/saude\/wp-content\/uploads\/sites\/9\/2017\/11\/clara.png\",\"width\":559,\"height\":106,\"caption\":\"Secretaria da Sa\u00fade\"},\"image\":{\"@id\":\"https:\/\/ww16.ce.gov.br\/saude\/#\/schema\/logo\/image\/\"}}]}<\/script>\n<!-- \/ Yoast SEO plugin. -->","yoast_head_json":{"title":"Transplantes de \u00f3rg\u00e3os e tecidos - Secretaria da Sa\u00fade do Cear\u00e1","robots":{"index":"index","follow":"follow","max-snippet":"max-snippet:-1","max-image-preview":"max-image-preview:large","max-video-preview":"max-video-preview:-1"},"canonical":"https:\/\/ww16.ce.gov.br\/saude\/rede-sesa\/centraldetransplantes\/transplantesdeorgaosetecidos\/","og_locale":"pt_BR","og_type":"article","og_title":"Transplantes de \u00f3rg\u00e3os e tecidos - Secretaria da Sa\u00fade do Cear\u00e1","og_description":"&nbsp; O Brasil tem hoje o maior sistema p\u00fablico de transplantes do mundo, no qual cerca de 95% dos procedimentos e cirurgias s\u00e3o feitos com recursos p\u00fablicos. O Estado do Cear\u00e1, anualmente, fica entre os estados que mais realizam transplantes de \u00f3rg\u00e3os no pa\u00eds, com recordes sucessivos e conta com 62 hospitais notificantes entre p\u00fablicos, [&hellip;]","og_url":"https:\/\/ww16.ce.gov.br\/saude\/rede-sesa\/centraldetransplantes\/transplantesdeorgaosetecidos\/","og_site_name":"Secretaria da Sa\u00fade do Cear\u00e1","article_modified_time":"2021-06-14T18:30:53+00:00","twitter_card":"summary_large_image","twitter_misc":{"Est. reading time":"3 minutos"},"schema":{"@context":"https:\/\/schema.org","@graph":[{"@type":"WebPage","@id":"https:\/\/ww16.ce.gov.br\/saude\/rede-sesa\/centraldetransplantes\/transplantesdeorgaosetecidos\/","url":"https:\/\/ww16.ce.gov.br\/saude\/rede-sesa\/centraldetransplantes\/transplantesdeorgaosetecidos\/","name":"Transplantes de \u00f3rg\u00e3os e tecidos - Secretaria da Sa\u00fade do Cear\u00e1","isPartOf":{"@id":"https:\/\/ww16.ce.gov.br\/saude\/#website"},"datePublished":"2018-10-24T19:54:22+00:00","dateModified":"2021-06-14T18:30:53+00:00","breadcrumb":{"@id":"https:\/\/ww16.ce.gov.br\/saude\/rede-sesa\/centraldetransplantes\/transplantesdeorgaosetecidos\/#breadcrumb"},"inLanguage":"pt-BR","potentialAction":[{"@type":"ReadAction","target":["https:\/\/ww16.ce.gov.br\/saude\/rede-sesa\/centraldetransplantes\/transplantesdeorgaosetecidos\/"]}]},{"@type":"BreadcrumbList","@id":"https:\/\/ww16.ce.gov.br\/saude\/rede-sesa\/centraldetransplantes\/transplantesdeorgaosetecidos\/#breadcrumb","itemListElement":[{"@type":"ListItem","position":1,"name":"In\u00edcio","item":"https:\/\/ww16.ce.gov.br\/saude\/"},{"@type":"ListItem","position":2,"name":"Rede Sesa","item":"https:\/\/ww16.ce.gov.br\/saude\/rede-sesa\/"},{"@type":"ListItem","position":3,"name":"Central de Transplantes do Estado","item":"https:\/\/ww16.ce.gov.br\/saude\/?page_id=73633"},{"@type":"ListItem","position":4,"name":"Transplantes de \u00f3rg\u00e3os e tecidos"}]},{"@type":"WebSite","@id":"https:\/\/ww16.ce.gov.br\/saude\/#website","url":"https:\/\/ww16.ce.gov.br\/saude\/","name":"Secretaria da Sa\u00fade","description":"Secretaria da Sa\u00fade do Cear\u00e1","publisher":{"@id":"https:\/\/ww16.ce.gov.br\/saude\/#organization"},"potentialAction":[{"@type":"SearchAction","target":{"@type":"EntryPoint","urlTemplate":"https:\/\/ww16.ce.gov.br\/saude\/?s={search_term_string}"},"query-input":{"@type":"PropertyValueSpecification","valueRequired":true,"valueName":"search_term_string"}}],"inLanguage":"pt-BR"},{"@type":"Organization","@id":"https:\/\/ww16.ce.gov.br\/saude\/#organization","name":"Secretaria da Sa\u00fade","url":"https:\/\/ww16.ce.gov.br\/saude\/","logo":{"@type":"ImageObject","inLanguage":"pt-BR","@id":"https:\/\/ww16.ce.gov.br\/saude\/#\/schema\/logo\/image\/","url":"http:\/\/ww16.ce.gov.br\/saude\/wp-content\/uploads\/sites\/9\/2017\/11\/clara.png","contentUrl":"http:\/\/ww16.ce.gov.br\/saude\/wp-content\/uploads\/sites\/9\/2017\/11\/clara.png","width":559,"height":106,"caption":"Secretaria da Sa\u00fade"},"image":{"@id":"https:\/\/ww16.ce.gov.br\/saude\/#\/schema\/logo\/image\/"}}]}},"_links":{"self":[{"href":"https:\/\/ww16.ce.gov.br\/saude\/wp-json\/wp\/v2\/pages\/73605","targetHints":{"allow":["GET"]}}],"collection":[{"href":"https:\/\/ww16.ce.gov.br\/saude\/wp-json\/wp\/v2\/pages"}],"about":[{"href":"https:\/\/ww16.ce.gov.br\/saude\/wp-json\/wp\/v2\/types\/page"}],"author":[{"embeddable":true,"href":"https:\/\/ww16.ce.gov.br\/saude\/wp-json\/wp\/v2\/users\/12"}],"replies":[{"embeddable":true,"href":"https:\/\/ww16.ce.gov.br\/saude\/wp-json\/wp\/v2\/comments?post=73605"}],"version-history":[{"count":5,"href":"https:\/\/ww16.ce.gov.br\/saude\/wp-json\/wp\/v2\/pages\/73605\/revisions"}],"predecessor-version":[{"id":77069,"href":"https:\/\/ww16.ce.gov.br\/saude\/wp-json\/wp\/v2\/pages\/73605\/revisions\/77069"}],"up":[{"embeddable":true,"href":"https:\/\/ww16.ce.gov.br\/saude\/wp-json\/wp\/v2\/pages\/73633"}],"wp:attachment":[{"href":"https:\/\/ww16.ce.gov.br\/saude\/wp-json\/wp\/v2\/media?parent=73605"}],"curies":[{"name":"wp","href":"https:\/\/api.w.org\/{rel}","templated":true}]}}