{"id":73391,"date":"2018-10-18T16:26:24","date_gmt":"2018-10-18T19:26:24","guid":{"rendered":"http:\/\/ww16.ce.gov.br\/saude\/?page_id=73391"},"modified":"2022-11-17T14:52:16","modified_gmt":"2022-11-17T17:52:16","slug":"doeleitehumano","status":"publish","type":"page","link":"https:\/\/ww16.ce.gov.br\/saude\/doeleitehumano\/","title":{"rendered":"Doe leite humano"},"content":{"rendered":"<p>A Secretaria da Sa\u00fade do Cear\u00e1 (Sesa) incentiva a doa\u00e7\u00e3o de leite humano, alimento fundamental para diminuir o tempo de interna\u00e7\u00e3o e fortalecer o desenvolvimento de beb\u00eas internados nas unidades de sa\u00fade ou que possuem alergia ao leite de vaca.<\/p>\n<p>&nbsp;<\/p>\n\n    <h3 class=\"titulo personalizado\">Onde doar leite humano no Cear\u00e1<\/h3>\n\n<h3 class=\"question__title\"><\/h3>\r\n\r\n<div class=\"tabheadequestion\">\r\n\r\n<button title=\"Clique para mostrar\/ocultar\" type=\"button\" class=\"BgLaranja  IconeSetaB tabheadequestion__tab\" data-tab=\"0\"> <strong>Superintend\u00eancia Regional de Fortaleza<\/strong> <\/button>             \r\n<div class=\"tabcontentquestion\" id=\"0\">\r\n<br>\r\n<br>\r\n<p>\r\n<strong>HOSPITAL GERAL DR. C\u00c9SAR CALS (HGCC) - Banco de Leite Humano<\/strong>\r\n<br>Av. Imperador, 545, Centro, Fortaleza <br> (85) 3125-9738 (WhatsApp)\r\n<br>\r\n<br>\r\n<strong>HOSPITAL GERAL DE FORTALEZA (HGF) - Banco de Leite Humano<\/strong>\r\n<br>Rua Riachuelo, 900 - Papicu, Fortaleza <br> (85) 3106-3846\r\n<br>\r\n<br>\r\n<strong>HOSPITAL INFANTIL ALBERT SABIN (Hias) - Banco de Leite Humano<\/strong>\r\n<br>Rua Tertuliano Sales, 544 B, Vila Uni\u00e3o, Fortaleza <br> (85) 3125-9315\/ 0800-3125-9316\r\n<br>\r\n<br>\r\n<strong>MATERNIDADE ESCOLA ASSIS CHATEAUBRIAND (MEAC) - Banco de Leite Humano<\/strong>\r\n<br>Rua Papi J\u00fanior, s\/n, Rodolfo Te\u00f3filo, Fortaleza <br> (85) 3366-8509\r\n<br>\r\n<br>\r\n<strong>HOSPITAL GERAL DR. WALDEMAR ALC\u00c2NTARA (HGWA) - Posto de Coleta de Leite Humano<\/strong>\r\n<br>Rua Dr. Pergentino Maia, 1559, Messejana, Fortaleza <br> (85) 3216-8325 | (85) 3216-8350\r\n<br>\r\n<br>\r\n<strong>HOSPITAL E MATERNIDADE DA POL\u00cdCIA MILITAR DO CEAR\u00c1 JOS\u00c9 MARTINIANO DE ALENCAR (HPM) - Posto de Coleta de Leite Humano<\/strong>\r\n<br>Rua Princesa Isabel, 1526, Centro, Fortaleza <br> (85) 3101-4976\r\n<br>\r\n<br>\r\n<\/p>\r\n<\/div>\r\n\r\n<button title=\"Clique para mostrar\/ocultar\" type=\"button\" class=\"BgLaranja  IconeSetaB tabheadequestion__tab\" data-tab=\"1\"> SUPERINTEND\u00caNCIA REGIONAL NORTE <\/button>\r\n<div class=\"tabcontentquestion\" id=\"1\">\r\n<br>\r\n<br>\r\n<p>\r\n<strong>HOSPITAL REGIONAL NORTE (HRN) - Banco de Leite Humano<\/strong>\r\n<br>Av. John Sanford, 1505, Dr. Jos\u00e9 Euclides Ferreira, Sobral <br> (88) 3677-9467 | (88) 98883-4079 (WhatsApp)\r\n<br>\r\n<br>\r\n<br>\r\n<\/p> <\/div>    \r\n\r\n<button title=\"Clique para mostrar\/ocultar\" type=\"button\" class=\"BgLaranja  IconeSetaB tabheadequestion__tab\" data-tab=\"2\"> SUPERINTEND\u00caNCIA REGIONAL DO SERT\u00c3O CENTRAL <\/button>\r\n<div class=\"tabcontentquestion\" id=\"2\">\r\n<br>\r\n<br>\r\n<p>\r\n<strong>Hospital e Maternidade Jesus Maria Jos\u00e9 - Banco de Leite Humano<\/strong><br>\r\nAv. Francisco Pinheiro de Almeida, 2268, Planalto Universit\u00e1rio, Quixad\u00e1 <br> (88) 3412-0681 \r\n<br>\r\n<br>\r\n<strong>Hospital Regional do Sert\u00e3o Central (HRSC) - Posto de Coleta de Leite Humano<\/strong><br>\r\nRodovia CE 060, Km 198, Estrada do Algod\u00e3o, Quixeramobim <br> (88) 3406-1421 | (88) 3406-1300 | (88) 98883.2813\r\n\r\n<\/p> <\/div>\r\n\r\n\r\n<button title=\"Clique para mostrar\/ocultar\" type=\"button\" class=\"BgLaranja  IconeSetaB tabheadequestion__tab\" data-tab=\"3\"> SUPERINTEND\u00caNCIA REGIONAL SUL <\/button>\r\n<div class=\"tabcontentquestion\" id=\"3\">\r\n<br>\r\n<br>\r\n<p>\r\n<strong>Hospital Maternidade S\u00e3o Lucas - Banco de Leite Humano<\/strong> <br>\r\nRua S\u00e3o Benedito, 243, S\u00e3o Miguel, Juazeiro do Norte<br>\r\n(88) 2131-5035\r\n<br>\r\n<br>\r\n<strong>Hospital e Maternidade S\u00e3o Vicente de Paulo - Banco de Leite Humano<\/strong><br>\r\nAv. Cel. Jo\u00e3o Coelho, 299, Centro, Barbalha <br>\r\n(88) 3532-7100\r\n<\/p> <\/div>\r\n                 \r\n                <\/div>\r\n        \r\n<p>&nbsp;<\/p>\r\n        <\/div>\r\n            <\/div>\r\n\n<div class=\"wrapper container\">\n\n    <h3 class=\"titulo personalizado\">Como armazenar o leite materno coletado para doa\u00e7\u00e3o<\/h3>\n\n<h3 class=\"question__title\"><\/h3>\r\n\r\n\r\n<img decoding=\"async\" src=\"https:\/\/ww16.ce.gov.br\/saude\/wp-content\/uploads\/sites\/64\/2020\/03\/Armazenar_leite_materno_1.png\" alt=\"1. Anote na tampa a data e a hora em que realizou a primeira coleta do leite.  2. Guarde imediatamente no freezer ou no congelador  o frasco fechado.  Observa\u00e7\u00e3o: Se o frasco n\u00e3o ficou cheio, voc\u00ea pode complet\u00e1-lo em outro momento.\" style=\"margin-bottom: 0\" \/>\r\n<img decoding=\"async\" src=\"https:\/\/ww16.ce.gov.br\/saude\/wp-content\/uploads\/sites\/64\/2020\/03\/Armazenar_leite_materno_2.png\" alt=\"Para completar o volume de leite no frasco j\u00e1 congelado siga os passo a seguir:\" style=\"margin: 0\" \/>\r\n<img decoding=\"async\" src=\"https:\/\/ww16.ce.gov.br\/saude\/wp-content\/uploads\/sites\/64\/2020\/03\/Armazenar_leite_materno_3.png\" alt=\"3. Pegue outro copo de vidro e ferva por 15 minutos. 4. Ap\u00f3s a fervura, escorra o copo com a abertura para baixo sobre um pano limpo, at\u00e9 secar.  5. Depois disso, fa\u00e7a a ordenha normalmente.\" style=\"margin: 0\" \/>\r\n<img decoding=\"async\" src=\"https:\/\/ww16.ce.gov.br\/saude\/wp-content\/uploads\/sites\/64\/2020\/03\/Armazenar_leite_materno_4.png\" alt=\"6. Coloque o leite rec\u00e9m-extra\u00eddo sobre o que j\u00e1 estava congelado at\u00e9 faltarem dois dedos para encher o frasco.  7. Guarde imediatamente o frasco no freezer ou no congelador. 8. Ap\u00f3s a extra\u00e7\u00e3o em que o frasco de vidro esteja completo, a m\u00e3e deve ligar para o Banco de Leite Humano.\" style=\"margin: 0\" \/>\r\n<img decoding=\"async\" src=\"https:\/\/ww16.ce.gov.br\/saude\/wp-content\/uploads\/sites\/64\/2020\/03\/Armazenar_leite_materno_5.png\" alt=\"Observa\u00e7\u00e3o: Se em 10 dias ap\u00f3s congelar o primeiro leite o frasco n\u00e3o estiver completo, a m\u00e3e tamb\u00e9m poder\u00e1 ligar para o Banco de Leite Humano e fazer a doa\u00e7\u00e3o.  Lembre-se: Qualquer quantidade \u00e9 importante.\" style=\"margin: 0\" \/>\r\n<img decoding=\"async\" src=\"https:\/\/ww16.ce.gov.br\/saude\/wp-content\/uploads\/sites\/64\/2020\/03\/Armazenar_leite_materno_6.png\" alt=\"Cear\u00e1. Governo do Estado. Secretaria da Sa\u00fade. www.saude.ce.gov.br instagram, facebook, youtube e linkedin:  @saudeceara\" style=\"margin: 0\" \/>\r\n\n<\/div>\n","protected":false},"excerpt":{"rendered":"<p>A Secretaria da Sa\u00fade do Cear\u00e1 (Sesa) incentiva a doa\u00e7\u00e3o de leite humano, alimento fundamental para diminuir o tempo de interna\u00e7\u00e3o e fortalecer o desenvolvimento de beb\u00eas internados nas unidades de sa\u00fade ou que possuem alergia ao leite de vaca. &nbsp;<\/p>\n","protected":false},"author":12,"featured_media":0,"parent":0,"menu_order":0,"comment_status":"closed","ping_status":"closed","template":"","meta":{"_acf_changed":false,"inline_featured_image":false,"footnotes":""},"class_list":["post-73391","page","type-page","status-publish","hentry"],"acf":[],"yoast_head":"<!-- This site is optimized with the Yoast SEO plugin v26.9 - https:\/\/yoast.com\/product\/yoast-seo-wordpress\/ -->\n<title>Doe leite humano - Secretaria da Sa\u00fade do Cear\u00e1<\/title>\n<meta name=\"robots\" content=\"index, follow, max-snippet:-1, max-image-preview:large, max-video-preview:-1\" \/>\n<link rel=\"canonical\" href=\"https:\/\/ww16.ce.gov.br\/saude\/doeleitehumano\/\" \/>\n<meta property=\"og:locale\" content=\"pt_BR\" \/>\n<meta property=\"og:type\" content=\"article\" \/>\n<meta property=\"og:title\" content=\"Doe leite humano - Secretaria da Sa\u00fade do Cear\u00e1\" \/>\n<meta property=\"og:description\" content=\"A Secretaria da Sa\u00fade do Cear\u00e1 (Sesa) incentiva a doa\u00e7\u00e3o de leite humano, alimento fundamental para diminuir o tempo de interna\u00e7\u00e3o e fortalecer o desenvolvimento de beb\u00eas internados nas unidades de sa\u00fade ou que possuem alergia ao leite de vaca. &nbsp;\" \/>\n<meta property=\"og:url\" content=\"https:\/\/ww16.ce.gov.br\/saude\/doeleitehumano\/\" \/>\n<meta property=\"og:site_name\" content=\"Secretaria da Sa\u00fade do Cear\u00e1\" \/>\n<meta property=\"article:modified_time\" content=\"2022-11-17T17:52:16+00:00\" \/>\n<meta name=\"twitter:card\" content=\"summary_large_image\" \/>\n<script type=\"application\/ld+json\" class=\"yoast-schema-graph\">{\"@context\":\"https:\/\/schema.org\",\"@graph\":[{\"@type\":\"WebPage\",\"@id\":\"https:\/\/ww16.ce.gov.br\/saude\/doeleitehumano\/\",\"url\":\"https:\/\/ww16.ce.gov.br\/saude\/doeleitehumano\/\",\"name\":\"Doe leite humano - Secretaria da Sa\u00fade do Cear\u00e1\",\"isPartOf\":{\"@id\":\"https:\/\/ww16.ce.gov.br\/saude\/#website\"},\"datePublished\":\"2018-10-18T19:26:24+00:00\",\"dateModified\":\"2022-11-17T17:52:16+00:00\",\"breadcrumb\":{\"@id\":\"https:\/\/ww16.ce.gov.br\/saude\/doeleitehumano\/#breadcrumb\"},\"inLanguage\":\"pt-BR\",\"potentialAction\":[{\"@type\":\"ReadAction\",\"target\":[\"https:\/\/ww16.ce.gov.br\/saude\/doeleitehumano\/\"]}]},{\"@type\":\"BreadcrumbList\",\"@id\":\"https:\/\/ww16.ce.gov.br\/saude\/doeleitehumano\/#breadcrumb\",\"itemListElement\":[{\"@type\":\"ListItem\",\"position\":1,\"name\":\"In\u00edcio\",\"item\":\"https:\/\/ww16.ce.gov.br\/saude\/\"},{\"@type\":\"ListItem\",\"position\":2,\"name\":\"Doe leite humano\"}]},{\"@type\":\"WebSite\",\"@id\":\"https:\/\/ww16.ce.gov.br\/saude\/#website\",\"url\":\"https:\/\/ww16.ce.gov.br\/saude\/\",\"name\":\"Secretaria da Sa\u00fade\",\"description\":\"Secretaria da Sa\u00fade do Cear\u00e1\",\"publisher\":{\"@id\":\"https:\/\/ww16.ce.gov.br\/saude\/#organization\"},\"potentialAction\":[{\"@type\":\"SearchAction\",\"target\":{\"@type\":\"EntryPoint\",\"urlTemplate\":\"https:\/\/ww16.ce.gov.br\/saude\/?s={search_term_string}\"},\"query-input\":{\"@type\":\"PropertyValueSpecification\",\"valueRequired\":true,\"valueName\":\"search_term_string\"}}],\"inLanguage\":\"pt-BR\"},{\"@type\":\"Organization\",\"@id\":\"https:\/\/ww16.ce.gov.br\/saude\/#organization\",\"name\":\"Secretaria da Sa\u00fade\",\"url\":\"https:\/\/ww16.ce.gov.br\/saude\/\",\"logo\":{\"@type\":\"ImageObject\",\"inLanguage\":\"pt-BR\",\"@id\":\"https:\/\/ww16.ce.gov.br\/saude\/#\/schema\/logo\/image\/\",\"url\":\"http:\/\/ww16.ce.gov.br\/saude\/wp-content\/uploads\/sites\/9\/2017\/11\/clara.png\",\"contentUrl\":\"http:\/\/ww16.ce.gov.br\/saude\/wp-content\/uploads\/sites\/9\/2017\/11\/clara.png\",\"width\":559,\"height\":106,\"caption\":\"Secretaria da Sa\u00fade\"},\"image\":{\"@id\":\"https:\/\/ww16.ce.gov.br\/saude\/#\/schema\/logo\/image\/\"}}]}<\/script>\n<!-- \/ Yoast SEO plugin. -->","yoast_head_json":{"title":"Doe leite humano - Secretaria da Sa\u00fade do Cear\u00e1","robots":{"index":"index","follow":"follow","max-snippet":"max-snippet:-1","max-image-preview":"max-image-preview:large","max-video-preview":"max-video-preview:-1"},"canonical":"https:\/\/ww16.ce.gov.br\/saude\/doeleitehumano\/","og_locale":"pt_BR","og_type":"article","og_title":"Doe leite humano - Secretaria da Sa\u00fade do Cear\u00e1","og_description":"A Secretaria da Sa\u00fade do Cear\u00e1 (Sesa) incentiva a doa\u00e7\u00e3o de leite humano, alimento fundamental para diminuir o tempo de interna\u00e7\u00e3o e fortalecer o desenvolvimento de beb\u00eas internados nas unidades de sa\u00fade ou que possuem alergia ao leite de vaca. &nbsp;","og_url":"https:\/\/ww16.ce.gov.br\/saude\/doeleitehumano\/","og_site_name":"Secretaria da Sa\u00fade do Cear\u00e1","article_modified_time":"2022-11-17T17:52:16+00:00","twitter_card":"summary_large_image","schema":{"@context":"https:\/\/schema.org","@graph":[{"@type":"WebPage","@id":"https:\/\/ww16.ce.gov.br\/saude\/doeleitehumano\/","url":"https:\/\/ww16.ce.gov.br\/saude\/doeleitehumano\/","name":"Doe leite humano - Secretaria da Sa\u00fade do Cear\u00e1","isPartOf":{"@id":"https:\/\/ww16.ce.gov.br\/saude\/#website"},"datePublished":"2018-10-18T19:26:24+00:00","dateModified":"2022-11-17T17:52:16+00:00","breadcrumb":{"@id":"https:\/\/ww16.ce.gov.br\/saude\/doeleitehumano\/#breadcrumb"},"inLanguage":"pt-BR","potentialAction":[{"@type":"ReadAction","target":["https:\/\/ww16.ce.gov.br\/saude\/doeleitehumano\/"]}]},{"@type":"BreadcrumbList","@id":"https:\/\/ww16.ce.gov.br\/saude\/doeleitehumano\/#breadcrumb","itemListElement":[{"@type":"ListItem","position":1,"name":"In\u00edcio","item":"https:\/\/ww16.ce.gov.br\/saude\/"},{"@type":"ListItem","position":2,"name":"Doe leite humano"}]},{"@type":"WebSite","@id":"https:\/\/ww16.ce.gov.br\/saude\/#website","url":"https:\/\/ww16.ce.gov.br\/saude\/","name":"Secretaria da Sa\u00fade","description":"Secretaria da Sa\u00fade do Cear\u00e1","publisher":{"@id":"https:\/\/ww16.ce.gov.br\/saude\/#organization"},"potentialAction":[{"@type":"SearchAction","target":{"@type":"EntryPoint","urlTemplate":"https:\/\/ww16.ce.gov.br\/saude\/?s={search_term_string}"},"query-input":{"@type":"PropertyValueSpecification","valueRequired":true,"valueName":"search_term_string"}}],"inLanguage":"pt-BR"},{"@type":"Organization","@id":"https:\/\/ww16.ce.gov.br\/saude\/#organization","name":"Secretaria da Sa\u00fade","url":"https:\/\/ww16.ce.gov.br\/saude\/","logo":{"@type":"ImageObject","inLanguage":"pt-BR","@id":"https:\/\/ww16.ce.gov.br\/saude\/#\/schema\/logo\/image\/","url":"http:\/\/ww16.ce.gov.br\/saude\/wp-content\/uploads\/sites\/9\/2017\/11\/clara.png","contentUrl":"http:\/\/ww16.ce.gov.br\/saude\/wp-content\/uploads\/sites\/9\/2017\/11\/clara.png","width":559,"height":106,"caption":"Secretaria da Sa\u00fade"},"image":{"@id":"https:\/\/ww16.ce.gov.br\/saude\/#\/schema\/logo\/image\/"}}]}},"_links":{"self":[{"href":"https:\/\/ww16.ce.gov.br\/saude\/wp-json\/wp\/v2\/pages\/73391","targetHints":{"allow":["GET"]}}],"collection":[{"href":"https:\/\/ww16.ce.gov.br\/saude\/wp-json\/wp\/v2\/pages"}],"about":[{"href":"https:\/\/ww16.ce.gov.br\/saude\/wp-json\/wp\/v2\/types\/page"}],"author":[{"embeddable":true,"href":"https:\/\/ww16.ce.gov.br\/saude\/wp-json\/wp\/v2\/users\/12"}],"replies":[{"embeddable":true,"href":"https:\/\/ww16.ce.gov.br\/saude\/wp-json\/wp\/v2\/comments?post=73391"}],"version-history":[{"count":57,"href":"https:\/\/ww16.ce.gov.br\/saude\/wp-json\/wp\/v2\/pages\/73391\/revisions"}],"predecessor-version":[{"id":110245,"href":"https:\/\/ww16.ce.gov.br\/saude\/wp-json\/wp\/v2\/pages\/73391\/revisions\/110245"}],"wp:attachment":[{"href":"https:\/\/ww16.ce.gov.br\/saude\/wp-json\/wp\/v2\/media?parent=73391"}],"curies":[{"name":"wp","href":"https:\/\/api.w.org\/{rel}","templated":true}]}}