{"id":67205,"date":"2018-02-08T15:38:25","date_gmt":"2018-02-08T18:38:25","guid":{"rendered":"http:\/\/www.ceara.gov.br\/?page_id=67205"},"modified":"2026-01-21T16:35:16","modified_gmt":"2026-01-21T19:35:16","slug":"comite-setorial-de-acesso-a-informacao","status":"publish","type":"page","link":"https:\/\/ww16.ce.gov.br\/saude\/acesso-a-informacao\/comite-setorial-de-acesso-a-informacao\/","title":{"rendered":"Comit\u00ea Setorial de Acesso \u00e0 Informa\u00e7\u00e3o"},"content":{"rendered":"<p>\u00a0<\/p>\n<h2 class=\"-laranja\"><strong>Comit\u00ea Setorial de Acesso \u00e0 Informa\u00e7\u00e3o<\/strong><\/h2>\n<p>\u00a0<\/p>\n<div class=\"Card Informativo BgBranco\">\n<p><strong>Jo\u00e9lia Rodrigues da Silva<\/strong><\/p>\n<p><em>Coordenadora de Desenvolvimento Institucional e Planejamento <\/em><\/p>\n<p><strong>Contato:<\/strong>\u00a0(85) 3101-5187<\/p>\n<p><strong>E-mail:<\/strong> joelia.rodrigues@saude.ce.gov.br<\/p>\n<\/div>\n<p>\u00a0<\/p>\n<div class=\"Card Informativo BgBranco\">\n<p><strong>M\u00e1rcia M\u00e1rcia Moror\u00f3 Monteiro Muniz<\/strong><\/p>\n<p><em>Ouvidora Setorial<\/em><\/p>\n<p><strong>Contato:<\/strong>\u00a0(85) 3101-5226<\/p>\n<p><strong>E-mail:\u00a0<\/strong>marcia.monteiro@saude.ce.gov.br<\/p>\n<\/div>\n<p>\u00a0<\/p>\n<div class=\"Card Informativo BgBranco\">\n<p><strong>Valniza Ara\u00fajo da Silva<\/strong><\/p>\n<p><em>Respons\u00e1vel pelo Servi\u00e7o de Informa\u00e7\u00e3o ao Cidad\u00e3o &#8211; SIC<\/em><\/p>\n<p><strong>Contato:\u00a0<\/strong>(85) 3101-5227<\/p>\n<p><strong>E-mail:\u00a0<\/strong>valniza.silva@saude.ce.gov.br<\/p>\n<\/div>\n<p>\u00a0<\/p>\n<div class=\"Card Informativo BgBranco\">\n<p><strong>K\u00e9lvia Maria Oliveira Borges<\/strong><\/p>\n<p><em>Assessora da Secretaria Executiva de Vigil\u00e2ncia em Sa\u00fade<\/em><\/p>\n<p><strong>Contato:\u00a0<\/strong>(85) 3101.5275<\/p>\n<p><strong>E-mail:\u00a0<\/strong>kelvia.oliveira@saude.ce.gov.br.<\/p>\n<\/div>\n\n\n<p><\/p>\n","protected":false},"excerpt":{"rendered":"<p>\u00a0 Comit\u00ea Setorial de Acesso \u00e0 Informa\u00e7\u00e3o \u00a0 Jo\u00e9lia Rodrigues da Silva Coordenadora de Desenvolvimento Institucional e Planejamento Contato:\u00a0(85) 3101-5187 E-mail: joelia.rodrigues@saude.ce.gov.br \u00a0 M\u00e1rcia M\u00e1rcia Moror\u00f3 Monteiro Muniz Ouvidora Setorial Contato:\u00a0(85) 3101-5226 E-mail:\u00a0marcia.monteiro@saude.ce.gov.br \u00a0 Valniza Ara\u00fajo da Silva Respons\u00e1vel pelo Servi\u00e7o de Informa\u00e7\u00e3o ao Cidad\u00e3o &#8211; SIC Contato:\u00a0(85) 3101-5227 E-mail:\u00a0valniza.silva@saude.ce.gov.br \u00a0 K\u00e9lvia Maria Oliveira Borges [&hellip;]<\/p>\n","protected":false},"author":12,"featured_media":0,"parent":67183,"menu_order":4,"comment_status":"closed","ping_status":"closed","template":"page-comite-setorial.php","meta":{"_acf_changed":false,"inline_featured_image":false,"footnotes":""},"class_list":["post-67205","page","type-page","status-publish","hentry"],"acf":[],"yoast_head":"<!-- This site is optimized with the Yoast SEO plugin v26.9 - https:\/\/yoast.com\/product\/yoast-seo-wordpress\/ -->\n<title>Comit\u00ea Setorial de Acesso \u00e0 Informa\u00e7\u00e3o - Secretaria da Sa\u00fade do Cear\u00e1<\/title>\n<meta name=\"robots\" content=\"index, follow, max-snippet:-1, max-image-preview:large, max-video-preview:-1\" \/>\n<link rel=\"canonical\" href=\"https:\/\/ww16.ce.gov.br\/saude\/acesso-a-informacao\/comite-setorial-de-acesso-a-informacao\/\" \/>\n<meta property=\"og:locale\" content=\"pt_BR\" \/>\n<meta property=\"og:type\" content=\"article\" \/>\n<meta property=\"og:title\" content=\"Comit\u00ea Setorial de Acesso \u00e0 Informa\u00e7\u00e3o - Secretaria da Sa\u00fade do Cear\u00e1\" \/>\n<meta property=\"og:description\" content=\"\u00a0 Comit\u00ea Setorial de Acesso \u00e0 Informa\u00e7\u00e3o \u00a0 Jo\u00e9lia Rodrigues da Silva Coordenadora de Desenvolvimento Institucional e Planejamento Contato:\u00a0(85) 3101-5187 E-mail: joelia.rodrigues@saude.ce.gov.br \u00a0 M\u00e1rcia M\u00e1rcia Moror\u00f3 Monteiro Muniz Ouvidora Setorial Contato:\u00a0(85) 3101-5226 E-mail:\u00a0marcia.monteiro@saude.ce.gov.br \u00a0 Valniza Ara\u00fajo da Silva Respons\u00e1vel pelo Servi\u00e7o de Informa\u00e7\u00e3o ao Cidad\u00e3o &#8211; SIC Contato:\u00a0(85) 3101-5227 E-mail:\u00a0valniza.silva@saude.ce.gov.br \u00a0 K\u00e9lvia Maria Oliveira Borges [&hellip;]\" \/>\n<meta property=\"og:url\" content=\"https:\/\/ww16.ce.gov.br\/saude\/acesso-a-informacao\/comite-setorial-de-acesso-a-informacao\/\" \/>\n<meta property=\"og:site_name\" content=\"Secretaria da Sa\u00fade do Cear\u00e1\" \/>\n<meta property=\"article:modified_time\" content=\"2026-01-21T19:35:16+00:00\" \/>\n<meta name=\"twitter:card\" content=\"summary_large_image\" \/>\n<meta name=\"twitter:label1\" content=\"Est. reading time\" \/>\n\t<meta name=\"twitter:data1\" content=\"1 minuto\" \/>\n<script type=\"application\/ld+json\" class=\"yoast-schema-graph\">{\"@context\":\"https:\/\/schema.org\",\"@graph\":[{\"@type\":\"WebPage\",\"@id\":\"https:\/\/ww16.ce.gov.br\/saude\/acesso-a-informacao\/comite-setorial-de-acesso-a-informacao\/\",\"url\":\"https:\/\/ww16.ce.gov.br\/saude\/acesso-a-informacao\/comite-setorial-de-acesso-a-informacao\/\",\"name\":\"Comit\u00ea Setorial de Acesso \u00e0 Informa\u00e7\u00e3o - Secretaria da Sa\u00fade do Cear\u00e1\",\"isPartOf\":{\"@id\":\"https:\/\/ww16.ce.gov.br\/saude\/#website\"},\"datePublished\":\"2018-02-08T18:38:25+00:00\",\"dateModified\":\"2026-01-21T19:35:16+00:00\",\"breadcrumb\":{\"@id\":\"https:\/\/ww16.ce.gov.br\/saude\/acesso-a-informacao\/comite-setorial-de-acesso-a-informacao\/#breadcrumb\"},\"inLanguage\":\"pt-BR\",\"potentialAction\":[{\"@type\":\"ReadAction\",\"target\":[\"https:\/\/ww16.ce.gov.br\/saude\/acesso-a-informacao\/comite-setorial-de-acesso-a-informacao\/\"]}]},{\"@type\":\"BreadcrumbList\",\"@id\":\"https:\/\/ww16.ce.gov.br\/saude\/acesso-a-informacao\/comite-setorial-de-acesso-a-informacao\/#breadcrumb\",\"itemListElement\":[{\"@type\":\"ListItem\",\"position\":1,\"name\":\"In\u00edcio\",\"item\":\"https:\/\/ww16.ce.gov.br\/saude\/\"},{\"@type\":\"ListItem\",\"position\":2,\"name\":\"Acesso \u00e0 Informa\u00e7\u00e3o\",\"item\":\"https:\/\/ww16.ce.gov.br\/saude\/acesso-a-informacao\/\"},{\"@type\":\"ListItem\",\"position\":3,\"name\":\"Comit\u00ea Setorial de Acesso \u00e0 Informa\u00e7\u00e3o\"}]},{\"@type\":\"WebSite\",\"@id\":\"https:\/\/ww16.ce.gov.br\/saude\/#website\",\"url\":\"https:\/\/ww16.ce.gov.br\/saude\/\",\"name\":\"Secretaria da Sa\u00fade\",\"description\":\"Secretaria da Sa\u00fade do Cear\u00e1\",\"publisher\":{\"@id\":\"https:\/\/ww16.ce.gov.br\/saude\/#organization\"},\"potentialAction\":[{\"@type\":\"SearchAction\",\"target\":{\"@type\":\"EntryPoint\",\"urlTemplate\":\"https:\/\/ww16.ce.gov.br\/saude\/?s={search_term_string}\"},\"query-input\":{\"@type\":\"PropertyValueSpecification\",\"valueRequired\":true,\"valueName\":\"search_term_string\"}}],\"inLanguage\":\"pt-BR\"},{\"@type\":\"Organization\",\"@id\":\"https:\/\/ww16.ce.gov.br\/saude\/#organization\",\"name\":\"Secretaria da Sa\u00fade\",\"url\":\"https:\/\/ww16.ce.gov.br\/saude\/\",\"logo\":{\"@type\":\"ImageObject\",\"inLanguage\":\"pt-BR\",\"@id\":\"https:\/\/ww16.ce.gov.br\/saude\/#\/schema\/logo\/image\/\",\"url\":\"http:\/\/ww16.ce.gov.br\/saude\/wp-content\/uploads\/sites\/9\/2017\/11\/clara.png\",\"contentUrl\":\"http:\/\/ww16.ce.gov.br\/saude\/wp-content\/uploads\/sites\/9\/2017\/11\/clara.png\",\"width\":559,\"height\":106,\"caption\":\"Secretaria da Sa\u00fade\"},\"image\":{\"@id\":\"https:\/\/ww16.ce.gov.br\/saude\/#\/schema\/logo\/image\/\"}}]}<\/script>\n<!-- \/ Yoast SEO plugin. -->","yoast_head_json":{"title":"Comit\u00ea Setorial de Acesso \u00e0 Informa\u00e7\u00e3o - Secretaria da Sa\u00fade do Cear\u00e1","robots":{"index":"index","follow":"follow","max-snippet":"max-snippet:-1","max-image-preview":"max-image-preview:large","max-video-preview":"max-video-preview:-1"},"canonical":"https:\/\/ww16.ce.gov.br\/saude\/acesso-a-informacao\/comite-setorial-de-acesso-a-informacao\/","og_locale":"pt_BR","og_type":"article","og_title":"Comit\u00ea Setorial de Acesso \u00e0 Informa\u00e7\u00e3o - Secretaria da Sa\u00fade do Cear\u00e1","og_description":"\u00a0 Comit\u00ea Setorial de Acesso \u00e0 Informa\u00e7\u00e3o \u00a0 Jo\u00e9lia Rodrigues da Silva Coordenadora de Desenvolvimento Institucional e Planejamento Contato:\u00a0(85) 3101-5187 E-mail: joelia.rodrigues@saude.ce.gov.br \u00a0 M\u00e1rcia M\u00e1rcia Moror\u00f3 Monteiro Muniz Ouvidora Setorial Contato:\u00a0(85) 3101-5226 E-mail:\u00a0marcia.monteiro@saude.ce.gov.br \u00a0 Valniza Ara\u00fajo da Silva Respons\u00e1vel pelo Servi\u00e7o de Informa\u00e7\u00e3o ao Cidad\u00e3o &#8211; SIC Contato:\u00a0(85) 3101-5227 E-mail:\u00a0valniza.silva@saude.ce.gov.br \u00a0 K\u00e9lvia Maria Oliveira Borges [&hellip;]","og_url":"https:\/\/ww16.ce.gov.br\/saude\/acesso-a-informacao\/comite-setorial-de-acesso-a-informacao\/","og_site_name":"Secretaria da Sa\u00fade do Cear\u00e1","article_modified_time":"2026-01-21T19:35:16+00:00","twitter_card":"summary_large_image","twitter_misc":{"Est. reading time":"1 minuto"},"schema":{"@context":"https:\/\/schema.org","@graph":[{"@type":"WebPage","@id":"https:\/\/ww16.ce.gov.br\/saude\/acesso-a-informacao\/comite-setorial-de-acesso-a-informacao\/","url":"https:\/\/ww16.ce.gov.br\/saude\/acesso-a-informacao\/comite-setorial-de-acesso-a-informacao\/","name":"Comit\u00ea Setorial de Acesso \u00e0 Informa\u00e7\u00e3o - Secretaria da Sa\u00fade do Cear\u00e1","isPartOf":{"@id":"https:\/\/ww16.ce.gov.br\/saude\/#website"},"datePublished":"2018-02-08T18:38:25+00:00","dateModified":"2026-01-21T19:35:16+00:00","breadcrumb":{"@id":"https:\/\/ww16.ce.gov.br\/saude\/acesso-a-informacao\/comite-setorial-de-acesso-a-informacao\/#breadcrumb"},"inLanguage":"pt-BR","potentialAction":[{"@type":"ReadAction","target":["https:\/\/ww16.ce.gov.br\/saude\/acesso-a-informacao\/comite-setorial-de-acesso-a-informacao\/"]}]},{"@type":"BreadcrumbList","@id":"https:\/\/ww16.ce.gov.br\/saude\/acesso-a-informacao\/comite-setorial-de-acesso-a-informacao\/#breadcrumb","itemListElement":[{"@type":"ListItem","position":1,"name":"In\u00edcio","item":"https:\/\/ww16.ce.gov.br\/saude\/"},{"@type":"ListItem","position":2,"name":"Acesso \u00e0 Informa\u00e7\u00e3o","item":"https:\/\/ww16.ce.gov.br\/saude\/acesso-a-informacao\/"},{"@type":"ListItem","position":3,"name":"Comit\u00ea Setorial de Acesso \u00e0 Informa\u00e7\u00e3o"}]},{"@type":"WebSite","@id":"https:\/\/ww16.ce.gov.br\/saude\/#website","url":"https:\/\/ww16.ce.gov.br\/saude\/","name":"Secretaria da Sa\u00fade","description":"Secretaria da Sa\u00fade do Cear\u00e1","publisher":{"@id":"https:\/\/ww16.ce.gov.br\/saude\/#organization"},"potentialAction":[{"@type":"SearchAction","target":{"@type":"EntryPoint","urlTemplate":"https:\/\/ww16.ce.gov.br\/saude\/?s={search_term_string}"},"query-input":{"@type":"PropertyValueSpecification","valueRequired":true,"valueName":"search_term_string"}}],"inLanguage":"pt-BR"},{"@type":"Organization","@id":"https:\/\/ww16.ce.gov.br\/saude\/#organization","name":"Secretaria da Sa\u00fade","url":"https:\/\/ww16.ce.gov.br\/saude\/","logo":{"@type":"ImageObject","inLanguage":"pt-BR","@id":"https:\/\/ww16.ce.gov.br\/saude\/#\/schema\/logo\/image\/","url":"http:\/\/ww16.ce.gov.br\/saude\/wp-content\/uploads\/sites\/9\/2017\/11\/clara.png","contentUrl":"http:\/\/ww16.ce.gov.br\/saude\/wp-content\/uploads\/sites\/9\/2017\/11\/clara.png","width":559,"height":106,"caption":"Secretaria da Sa\u00fade"},"image":{"@id":"https:\/\/ww16.ce.gov.br\/saude\/#\/schema\/logo\/image\/"}}]}},"_links":{"self":[{"href":"https:\/\/ww16.ce.gov.br\/saude\/wp-json\/wp\/v2\/pages\/67205","targetHints":{"allow":["GET"]}}],"collection":[{"href":"https:\/\/ww16.ce.gov.br\/saude\/wp-json\/wp\/v2\/pages"}],"about":[{"href":"https:\/\/ww16.ce.gov.br\/saude\/wp-json\/wp\/v2\/types\/page"}],"author":[{"embeddable":true,"href":"https:\/\/ww16.ce.gov.br\/saude\/wp-json\/wp\/v2\/users\/12"}],"replies":[{"embeddable":true,"href":"https:\/\/ww16.ce.gov.br\/saude\/wp-json\/wp\/v2\/comments?post=67205"}],"version-history":[{"count":12,"href":"https:\/\/ww16.ce.gov.br\/saude\/wp-json\/wp\/v2\/pages\/67205\/revisions"}],"predecessor-version":[{"id":150762,"href":"https:\/\/ww16.ce.gov.br\/saude\/wp-json\/wp\/v2\/pages\/67205\/revisions\/150762"}],"up":[{"embeddable":true,"href":"https:\/\/ww16.ce.gov.br\/saude\/wp-json\/wp\/v2\/pages\/67183"}],"wp:attachment":[{"href":"https:\/\/ww16.ce.gov.br\/saude\/wp-json\/wp\/v2\/media?parent=67205"}],"curies":[{"name":"wp","href":"https:\/\/api.w.org\/{rel}","templated":true}]}}