{"id":150782,"date":"2026-01-22T09:46:43","date_gmt":"2026-01-22T12:46:43","guid":{"rendered":"http:\/\/ww16.ce.gov.br\/saude\/?page_id=150782"},"modified":"2026-01-22T10:08:38","modified_gmt":"2026-01-22T13:08:38","slug":"a-secretaria","status":"publish","type":"page","link":"https:\/\/ww16.ce.gov.br\/saude\/a-secretaria\/","title":{"rendered":"A Secretaria"},"content":{"rendered":"\n<figure class=\"wp-block-image\"><img loading=\"lazy\" decoding=\"async\" width=\"775\" height=\"811\" src=\"https:\/\/ww16.ce.gov.br\/saude\/wp-content\/uploads\/sites\/64\/2021\/09\/fachada_sesa_set2021_.png\" alt=\"\" class=\"wp-image-101967\" srcset=\"https:\/\/ww16.ce.gov.br\/saude\/wp-content\/uploads\/sites\/64\/2021\/09\/fachada_sesa_set2021_.png 775w, https:\/\/ww16.ce.gov.br\/saude\/wp-content\/uploads\/sites\/64\/2021\/09\/fachada_sesa_set2021_-600x628.png 600w, https:\/\/ww16.ce.gov.br\/saude\/wp-content\/uploads\/sites\/64\/2021\/09\/fachada_sesa_set2021_-768x804.png 768w\" sizes=\"auto, (max-width: 775px) 100vw, 775px\" \/><\/figure>\n\n\n\n<p><\/p>\n\n\n\n<p>A <strong>Secretaria da Sa\u00fade do Cear\u00e1 (Sesa)<\/strong> \u00e9 um \u00f3rg\u00e3o da administra\u00e7\u00e3o direta do Governo Estadual. Gerencia no Estado o <strong>Sistema \u00danico de Sa\u00fade (SUS)<\/strong>.<\/p>\n\n\n\n<p class=\"destacado\"><strong>Miss\u00e3o<\/strong><\/p>\n\n\n\n<p>Promover a sa\u00fade e o bem-estar das pessoas, implementando pol\u00edticas p\u00fablicas pautadas na universalidade, integralidade e equidade.<\/p>\n\n\n\n<p class=\"destacado\"><strong>Vis\u00e3o<\/strong><\/p>\n\n\n\n<p>Ser reconhecida pelas pessoas como institui\u00e7\u00e3o de sa\u00fade acess\u00edvel, integrada, sustent\u00e1vel e com excel\u00eancia.<\/p>\n\n\n\n<p class=\"destacado\"><strong>Valores<\/strong><\/p>\n\n\n\n<p>a) Efici\u00eancia e Sustentabilidade;<br>b) Valoriza\u00e7\u00e3o das pessoas;<br>c) Comprometimento com o SUS;<br>d) Transpar\u00eancia;<br>e) Inova\u00e7\u00e3o e Conhecimento;<br>f) Humaniza\u00e7\u00e3o;<br>g) Inclus\u00e3o e diversidade;<br>h) \u00c9tica;<\/p>\n\n\n\n<p><\/p>\n\n\n\n<h3 class=\"wp-block-heading -laranja\">Hist\u00f3ria<\/h3>\n\n\n\n<p><\/p>\n\n\n\n<p>No dia 27 de junho de 1961, o ent\u00e3o governador do Cear\u00e1, Parsifal Barroso, dividiu a Secretaria de Educa\u00e7\u00e3o e Sa\u00fade em duas: Secretaria de Educa\u00e7\u00e3o e Cultura e Secretaria de Sa\u00fade e Assist\u00eancia. A lei que criou a Secretaria de Sa\u00fade e Assist\u00eancia foi a 5.427, publicada no Di\u00e1rio Oficial do Estado no dia 28 de junho de 1961.<\/p>\n\n\n\n<p>De l\u00e1 para c\u00e1, a expans\u00e3o da Sesa, reconhecendo o direito \u00e0 sa\u00fade e acompanhando as necessidades da popula\u00e7\u00e3o, \u00e9 uma realidade. O n\u00famero de hospitais e unidades que integram a rede estadual \u00e9 bem maior. De seis hospitais (Hospital Geral de Fortaleza, Hospital de Messejana Dr. Carlos Alberto Studart Gomes, Hospital Geral Dr. C\u00e9sar Cals, Hospital Infantil Albert Sabin, Hospital S\u00e3o Jos\u00e9, Hospital de Sa\u00fade Mental de Messejana), a rede cresceu para treze, sendo 9 em Fortaleza e 4 no interior do Estado. A amplia\u00e7\u00e3o come\u00e7ou com o Hospital Geral Dr. Waldemar Alc\u00e2ntara, que abriu as portas para a popula\u00e7\u00e3o em 2002.<\/p>\n\n\n\n<p>No dia 8 de abril de 2011, um marco hist\u00f3rico para a sa\u00fade p\u00fablica aconteceu: a inaugura\u00e7\u00e3o do primeiro hospital p\u00fablico estadual de alta complexidade no interior do Cear\u00e1, o Hospital Regional do Cariri, em Juazeiro do Norte. Com 294 leitos, foi constru\u00eddo pelo Governo do Estado para atender 1 milh\u00e3o e 400 mil habitantes das regi\u00f5es do Cariri e Centro Sul. No mesmo ano, em 1\u00ba de junho, a rede estadual, com gest\u00e3o direta pela Sesa, ganhou mais um hospital: o Hospital Geral da Pol\u00edcia Militar Jos\u00e9 Martiniano de Alencar saiu da Secretaria de Seguran\u00e7a e passou a ser da Secretaria da Sa\u00fade do Estado, ganhando estruturas novas com reforma e amplia\u00e7\u00e3o dos centros de imagem e cir\u00fargico, al\u00e9m da maternidade. Atrav\u00e9s de decreto do governador, atualmente o hospital \u00e9 gerenciado pela Sesa.<\/p>\n\n\n\n<p>Em 18 de janeiro de 2013, foi inaugurado o terceiro hospital p\u00fablico de alta complexidade no interior, constru\u00eddo pelo Governo do Cear\u00e1. O Hospital Regional Norte, em Sobral, atende a popula\u00e7\u00e3o dos 55 munic\u00edpios da regi\u00e3o. Em 2016, iniciou o funcionamento do terceiro hospital terci\u00e1rio no interior. Em Quixeramobim, o Hospital Regional Sert\u00e3o Central atende a popula\u00e7\u00e3o de 631.037 habitantes dos 20 munic\u00edpios desta regi\u00e3o de sa\u00fade \u2013 rede de assist\u00eancia.<\/p>\n\n\n\n<p>J\u00e1 em 2021, seguindo a premissa de proporcionar \u00e0 popula\u00e7\u00e3o de todas as cinco regi\u00f5es de sa\u00fade o acesso a hospitais regionais de alta complexidade, foi inaugurado o Hospital Regional do Vale do Jaguaribe (HRVJ), em Limoeiro do Norte. A unidade atende 550 mil cearenses dos 20 munic\u00edpios da regi\u00e3o.<\/p>\n\n\n\n<p>Al\u00e9m de hospitais, a rede de assist\u00eancia amplia e facilita o acesso a consultas, exames e cirurgias de m\u00e9dia complexidade. Tudo isso nas policl\u00ednicas regionais. S\u00e3o 22 em diferentes regi\u00f5es de sa\u00fade do Estado. Nelas, a popula\u00e7\u00e3o realiza, com dia e hor\u00e1rio marcados, consultas para especialistas em at\u00e9 13 \u00e1reas da medicina. Na policl\u00ednica, a mulher faz a consulta com o mastologista e tem garantido o exame de mamografia. Ou seja, o atendimento \u00e9 integral. No caso do homem, \u00e9 atendido pelo m\u00e9dico urologista e l\u00e1 mesmo \u00e9 encaminhado para exames e diagn\u00f3stico da pr\u00f3stata.<\/p>\n\n\n\n<p>A amplia\u00e7\u00e3o da rede de assist\u00eancia veio acompanhada de inova\u00e7\u00f5es tecnol\u00f3gicas. Um dos maiores exemplos de modernidade tecnol\u00f3gica est\u00e1 no Hospital Regional do Cariri. A popula\u00e7\u00e3o da regi\u00e3o, incluindo os moradores das regionais de Juazeiro do Norte, Crato, Brejo Santo, Iguatu e Ic\u00f3, n\u00e3o precisa se deslocar para a capital para ter acesso \u00e0 resson\u00e2ncia magn\u00e9tica. A primeira resson\u00e2ncia magn\u00e9tica na rede p\u00fablica do interior foi realizada no HRC no dia 6 de junho de 2011. At\u00e9 ent\u00e3o, somente o Hospital Geral de Fortaleza, na capital, fazia esse tipo de exame.<\/p>\n\n\n\n<p>Com a rede de assist\u00eancia ampliada, novos modelos de gest\u00e3o foram implantados, com destaque para os cons\u00f3rcios p\u00fablicos de sa\u00fade. Para fortalecer a regionaliza\u00e7\u00e3o e descentralizar a gest\u00e3o, em 2007, a Sesa marcou a hist\u00f3ria da sa\u00fade p\u00fablica. Os gestores municipais foram mobilizados para conhecer a in\u00e9dita estrat\u00e9gia de gest\u00e3o, assumindo, junto com o Governo do Estado, a gest\u00e3o e o custeio das novas unidades de sa\u00fade, entre elas as <a href=\"https:\/\/ww16.ce.gov.br\/saude\/2013\/08\/13\/onde-ficam-ceos-e-policlinicas-regionais\/\">policl\u00ednicas e os Centros de Especialidades Odontol\u00f3gicas (CEOs regionais)<\/a>. E o que era sonho para democratizar cada vez mais a sa\u00fade virou realidade: a gest\u00e3o das 22 policl\u00ednicas e dos 22 CEOs regionais <a href=\"https:\/\/ww16.ce.gov.br\/saude\/institucional\/regionalizacao\/\">\u00e9 atrav\u00e9s de cons\u00f3rcios p\u00fablicos de sa\u00fade<\/a>.<\/p>\n\n\n\n<p><\/p>\n\n\n\n<p><\/p>\n\n\n\n<div class=\"wp-block-buttons is-content-justification-center is-layout-flex wp-container-core-buttons-is-layout-16018d1d wp-block-buttons-is-layout-flex\">\n<div class=\"wp-block-button is-style-outline is-style-outline--1\"><a class=\"wp-block-button__link has-white-color has-text-color has-background has-link-color has-medium-font-size has-custom-font-size wp-element-button\" href=\"https:\/\/ww16.ce.gov.br\/saude\/rede-sesa\/\" style=\"border-top-left-radius:15px;border-top-right-radius:15px;border-bottom-left-radius:15px;border-bottom-right-radius:15px;background-color:#26a737\"><strong>Entenda a estrutura da Rede Sesa<\/strong><\/a><\/div>\n<\/div>\n\n\n\n<hr class=\"wp-block-separator has-alpha-channel-opacity\" \/>\n\n\n\n<p><\/p>\n\n\n\n<h3 class=\"wp-block-heading\">Mais informa\u00e7\u00f5es<\/h3>\n\n\n\n<p><\/p>\n\n\n\n<ul class=\"wp-block-list\">\n<li><a href=\"https:\/\/ww16.ce.gov.br\/saude\/institucional\/secretarios\/\">Secret\u00e1rios da Sa\u00fade do Estado do Cear\u00e1<\/a><\/li>\n\n\n\n<li><a href=\"https:\/\/ww16.ce.gov.br\/saude\/wp-content\/uploads\/sites\/9\/2020\/03\/Organograma_Sesa_2024.pdf\" target=\"_blank\" rel=\"noreferrer noopener\">Organograma da Secretaria da Sa\u00fade do Estado do Cear\u00e1<\/a><\/li>\n<\/ul>\n","protected":false},"excerpt":{"rendered":"<p>A Secretaria da Sa\u00fade do Cear\u00e1 (Sesa) \u00e9 um \u00f3rg\u00e3o da administra\u00e7\u00e3o direta do Governo Estadual. Gerencia no Estado o Sistema \u00danico de Sa\u00fade (SUS). Miss\u00e3o Promover a sa\u00fade e o bem-estar das pessoas, implementando pol\u00edticas p\u00fablicas pautadas na universalidade, integralidade e equidade. Vis\u00e3o Ser reconhecida pelas pessoas como institui\u00e7\u00e3o de sa\u00fade acess\u00edvel, integrada, sustent\u00e1vel [&hellip;]<\/p>\n","protected":false},"author":5,"featured_media":0,"parent":0,"menu_order":0,"comment_status":"closed","ping_status":"closed","template":"page-model-padrao.php","meta":{"_acf_changed":false,"inline_featured_image":false,"footnotes":""},"class_list":["post-150782","page","type-page","status-publish","hentry"],"acf":[],"yoast_head":"<!-- This site is optimized with the Yoast SEO plugin v26.9 - https:\/\/yoast.com\/product\/yoast-seo-wordpress\/ -->\n<title>A Secretaria - Secretaria da Sa\u00fade do Cear\u00e1<\/title>\n<meta name=\"robots\" content=\"index, follow, max-snippet:-1, max-image-preview:large, max-video-preview:-1\" \/>\n<link rel=\"canonical\" href=\"https:\/\/ww16.ce.gov.br\/saude\/a-secretaria\/\" \/>\n<meta property=\"og:locale\" content=\"pt_BR\" \/>\n<meta property=\"og:type\" content=\"article\" \/>\n<meta property=\"og:title\" content=\"A Secretaria - Secretaria da Sa\u00fade do Cear\u00e1\" \/>\n<meta property=\"og:description\" content=\"A Secretaria da Sa\u00fade do Cear\u00e1 (Sesa) \u00e9 um \u00f3rg\u00e3o da administra\u00e7\u00e3o direta do Governo Estadual. Gerencia no Estado o Sistema \u00danico de Sa\u00fade (SUS). Miss\u00e3o Promover a sa\u00fade e o bem-estar das pessoas, implementando pol\u00edticas p\u00fablicas pautadas na universalidade, integralidade e equidade. Vis\u00e3o Ser reconhecida pelas pessoas como institui\u00e7\u00e3o de sa\u00fade acess\u00edvel, integrada, sustent\u00e1vel [&hellip;]\" \/>\n<meta property=\"og:url\" content=\"https:\/\/ww16.ce.gov.br\/saude\/a-secretaria\/\" \/>\n<meta property=\"og:site_name\" content=\"Secretaria da Sa\u00fade do Cear\u00e1\" \/>\n<meta property=\"article:modified_time\" content=\"2026-01-22T13:08:38+00:00\" \/>\n<meta property=\"og:image\" content=\"http:\/\/ww16.ce.gov.br\/saude\/wp-content\/uploads\/sites\/64\/2021\/09\/fachada_sesa_set2021_.png\" \/>\n<meta name=\"twitter:card\" content=\"summary_large_image\" \/>\n<meta name=\"twitter:label1\" content=\"Est. reading time\" \/>\n\t<meta name=\"twitter:data1\" content=\"5 minutos\" \/>\n<script type=\"application\/ld+json\" class=\"yoast-schema-graph\">{\"@context\":\"https:\/\/schema.org\",\"@graph\":[{\"@type\":\"WebPage\",\"@id\":\"https:\/\/ww16.ce.gov.br\/saude\/a-secretaria\/\",\"url\":\"https:\/\/ww16.ce.gov.br\/saude\/a-secretaria\/\",\"name\":\"A Secretaria - Secretaria da Sa\u00fade do Cear\u00e1\",\"isPartOf\":{\"@id\":\"https:\/\/ww16.ce.gov.br\/saude\/#website\"},\"primaryImageOfPage\":{\"@id\":\"https:\/\/ww16.ce.gov.br\/saude\/a-secretaria\/#primaryimage\"},\"image\":{\"@id\":\"https:\/\/ww16.ce.gov.br\/saude\/a-secretaria\/#primaryimage\"},\"thumbnailUrl\":\"http:\/\/ww16.ce.gov.br\/saude\/wp-content\/uploads\/sites\/64\/2021\/09\/fachada_sesa_set2021_.png\",\"datePublished\":\"2026-01-22T12:46:43+00:00\",\"dateModified\":\"2026-01-22T13:08:38+00:00\",\"breadcrumb\":{\"@id\":\"https:\/\/ww16.ce.gov.br\/saude\/a-secretaria\/#breadcrumb\"},\"inLanguage\":\"pt-BR\",\"potentialAction\":[{\"@type\":\"ReadAction\",\"target\":[\"https:\/\/ww16.ce.gov.br\/saude\/a-secretaria\/\"]}]},{\"@type\":\"ImageObject\",\"inLanguage\":\"pt-BR\",\"@id\":\"https:\/\/ww16.ce.gov.br\/saude\/a-secretaria\/#primaryimage\",\"url\":\"https:\/\/ww16.ce.gov.br\/saude\/wp-content\/uploads\/sites\/64\/2021\/09\/fachada_sesa_set2021_.png\",\"contentUrl\":\"https:\/\/ww16.ce.gov.br\/saude\/wp-content\/uploads\/sites\/64\/2021\/09\/fachada_sesa_set2021_.png\",\"width\":775,\"height\":811},{\"@type\":\"BreadcrumbList\",\"@id\":\"https:\/\/ww16.ce.gov.br\/saude\/a-secretaria\/#breadcrumb\",\"itemListElement\":[{\"@type\":\"ListItem\",\"position\":1,\"name\":\"In\u00edcio\",\"item\":\"https:\/\/ww16.ce.gov.br\/saude\/\"},{\"@type\":\"ListItem\",\"position\":2,\"name\":\"A Secretaria\"}]},{\"@type\":\"WebSite\",\"@id\":\"https:\/\/ww16.ce.gov.br\/saude\/#website\",\"url\":\"https:\/\/ww16.ce.gov.br\/saude\/\",\"name\":\"Secretaria da Sa\u00fade\",\"description\":\"Secretaria da Sa\u00fade do Cear\u00e1\",\"publisher\":{\"@id\":\"https:\/\/ww16.ce.gov.br\/saude\/#organization\"},\"potentialAction\":[{\"@type\":\"SearchAction\",\"target\":{\"@type\":\"EntryPoint\",\"urlTemplate\":\"https:\/\/ww16.ce.gov.br\/saude\/?s={search_term_string}\"},\"query-input\":{\"@type\":\"PropertyValueSpecification\",\"valueRequired\":true,\"valueName\":\"search_term_string\"}}],\"inLanguage\":\"pt-BR\"},{\"@type\":\"Organization\",\"@id\":\"https:\/\/ww16.ce.gov.br\/saude\/#organization\",\"name\":\"Secretaria da Sa\u00fade\",\"url\":\"https:\/\/ww16.ce.gov.br\/saude\/\",\"logo\":{\"@type\":\"ImageObject\",\"inLanguage\":\"pt-BR\",\"@id\":\"https:\/\/ww16.ce.gov.br\/saude\/#\/schema\/logo\/image\/\",\"url\":\"http:\/\/ww16.ce.gov.br\/saude\/wp-content\/uploads\/sites\/9\/2017\/11\/clara.png\",\"contentUrl\":\"http:\/\/ww16.ce.gov.br\/saude\/wp-content\/uploads\/sites\/9\/2017\/11\/clara.png\",\"width\":559,\"height\":106,\"caption\":\"Secretaria da Sa\u00fade\"},\"image\":{\"@id\":\"https:\/\/ww16.ce.gov.br\/saude\/#\/schema\/logo\/image\/\"}}]}<\/script>\n<!-- \/ Yoast SEO plugin. -->","yoast_head_json":{"title":"A Secretaria - Secretaria da Sa\u00fade do Cear\u00e1","robots":{"index":"index","follow":"follow","max-snippet":"max-snippet:-1","max-image-preview":"max-image-preview:large","max-video-preview":"max-video-preview:-1"},"canonical":"https:\/\/ww16.ce.gov.br\/saude\/a-secretaria\/","og_locale":"pt_BR","og_type":"article","og_title":"A Secretaria - Secretaria da Sa\u00fade do Cear\u00e1","og_description":"A Secretaria da Sa\u00fade do Cear\u00e1 (Sesa) \u00e9 um \u00f3rg\u00e3o da administra\u00e7\u00e3o direta do Governo Estadual. Gerencia no Estado o Sistema \u00danico de Sa\u00fade (SUS). Miss\u00e3o Promover a sa\u00fade e o bem-estar das pessoas, implementando pol\u00edticas p\u00fablicas pautadas na universalidade, integralidade e equidade. Vis\u00e3o Ser reconhecida pelas pessoas como institui\u00e7\u00e3o de sa\u00fade acess\u00edvel, integrada, sustent\u00e1vel [&hellip;]","og_url":"https:\/\/ww16.ce.gov.br\/saude\/a-secretaria\/","og_site_name":"Secretaria da Sa\u00fade do Cear\u00e1","article_modified_time":"2026-01-22T13:08:38+00:00","og_image":[{"url":"http:\/\/ww16.ce.gov.br\/saude\/wp-content\/uploads\/sites\/64\/2021\/09\/fachada_sesa_set2021_.png","type":"","width":"","height":""}],"twitter_card":"summary_large_image","twitter_misc":{"Est. reading time":"5 minutos"},"schema":{"@context":"https:\/\/schema.org","@graph":[{"@type":"WebPage","@id":"https:\/\/ww16.ce.gov.br\/saude\/a-secretaria\/","url":"https:\/\/ww16.ce.gov.br\/saude\/a-secretaria\/","name":"A Secretaria - Secretaria da Sa\u00fade do Cear\u00e1","isPartOf":{"@id":"https:\/\/ww16.ce.gov.br\/saude\/#website"},"primaryImageOfPage":{"@id":"https:\/\/ww16.ce.gov.br\/saude\/a-secretaria\/#primaryimage"},"image":{"@id":"https:\/\/ww16.ce.gov.br\/saude\/a-secretaria\/#primaryimage"},"thumbnailUrl":"http:\/\/ww16.ce.gov.br\/saude\/wp-content\/uploads\/sites\/64\/2021\/09\/fachada_sesa_set2021_.png","datePublished":"2026-01-22T12:46:43+00:00","dateModified":"2026-01-22T13:08:38+00:00","breadcrumb":{"@id":"https:\/\/ww16.ce.gov.br\/saude\/a-secretaria\/#breadcrumb"},"inLanguage":"pt-BR","potentialAction":[{"@type":"ReadAction","target":["https:\/\/ww16.ce.gov.br\/saude\/a-secretaria\/"]}]},{"@type":"ImageObject","inLanguage":"pt-BR","@id":"https:\/\/ww16.ce.gov.br\/saude\/a-secretaria\/#primaryimage","url":"https:\/\/ww16.ce.gov.br\/saude\/wp-content\/uploads\/sites\/64\/2021\/09\/fachada_sesa_set2021_.png","contentUrl":"https:\/\/ww16.ce.gov.br\/saude\/wp-content\/uploads\/sites\/64\/2021\/09\/fachada_sesa_set2021_.png","width":775,"height":811},{"@type":"BreadcrumbList","@id":"https:\/\/ww16.ce.gov.br\/saude\/a-secretaria\/#breadcrumb","itemListElement":[{"@type":"ListItem","position":1,"name":"In\u00edcio","item":"https:\/\/ww16.ce.gov.br\/saude\/"},{"@type":"ListItem","position":2,"name":"A Secretaria"}]},{"@type":"WebSite","@id":"https:\/\/ww16.ce.gov.br\/saude\/#website","url":"https:\/\/ww16.ce.gov.br\/saude\/","name":"Secretaria da Sa\u00fade","description":"Secretaria da Sa\u00fade do Cear\u00e1","publisher":{"@id":"https:\/\/ww16.ce.gov.br\/saude\/#organization"},"potentialAction":[{"@type":"SearchAction","target":{"@type":"EntryPoint","urlTemplate":"https:\/\/ww16.ce.gov.br\/saude\/?s={search_term_string}"},"query-input":{"@type":"PropertyValueSpecification","valueRequired":true,"valueName":"search_term_string"}}],"inLanguage":"pt-BR"},{"@type":"Organization","@id":"https:\/\/ww16.ce.gov.br\/saude\/#organization","name":"Secretaria da Sa\u00fade","url":"https:\/\/ww16.ce.gov.br\/saude\/","logo":{"@type":"ImageObject","inLanguage":"pt-BR","@id":"https:\/\/ww16.ce.gov.br\/saude\/#\/schema\/logo\/image\/","url":"http:\/\/ww16.ce.gov.br\/saude\/wp-content\/uploads\/sites\/9\/2017\/11\/clara.png","contentUrl":"http:\/\/ww16.ce.gov.br\/saude\/wp-content\/uploads\/sites\/9\/2017\/11\/clara.png","width":559,"height":106,"caption":"Secretaria da Sa\u00fade"},"image":{"@id":"https:\/\/ww16.ce.gov.br\/saude\/#\/schema\/logo\/image\/"}}]}},"_links":{"self":[{"href":"https:\/\/ww16.ce.gov.br\/saude\/wp-json\/wp\/v2\/pages\/150782","targetHints":{"allow":["GET"]}}],"collection":[{"href":"https:\/\/ww16.ce.gov.br\/saude\/wp-json\/wp\/v2\/pages"}],"about":[{"href":"https:\/\/ww16.ce.gov.br\/saude\/wp-json\/wp\/v2\/types\/page"}],"author":[{"embeddable":true,"href":"https:\/\/ww16.ce.gov.br\/saude\/wp-json\/wp\/v2\/users\/5"}],"replies":[{"embeddable":true,"href":"https:\/\/ww16.ce.gov.br\/saude\/wp-json\/wp\/v2\/comments?post=150782"}],"version-history":[{"count":4,"href":"https:\/\/ww16.ce.gov.br\/saude\/wp-json\/wp\/v2\/pages\/150782\/revisions"}],"predecessor-version":[{"id":150796,"href":"https:\/\/ww16.ce.gov.br\/saude\/wp-json\/wp\/v2\/pages\/150782\/revisions\/150796"}],"wp:attachment":[{"href":"https:\/\/ww16.ce.gov.br\/saude\/wp-json\/wp\/v2\/media?parent=150782"}],"curies":[{"name":"wp","href":"https:\/\/api.w.org\/{rel}","templated":true}]}}