{"id":146055,"date":"2025-09-02T10:39:36","date_gmt":"2025-09-02T13:39:36","guid":{"rendered":"http:\/\/ww16.ce.gov.br\/saude\/?page_id=146055"},"modified":"2025-12-19T10:25:45","modified_gmt":"2025-12-19T13:25:45","slug":"convocacao-setembro-de-2025","status":"publish","type":"page","link":"https:\/\/ww16.ce.gov.br\/saude\/convocacao-setembro-de-2025\/","title":{"rendered":"Convoca\u00e7\u00e3o setembro de 2025"},"content":{"rendered":"<h3><\/h3>\n<h3><\/h3>\n<p>&nbsp;<\/p>\n<p>&nbsp;<\/p>\n<h3><\/h3>\n<h3><\/h3>\n<h3 class=\"-laranja\"><strong>Publica\u00e7\u00f5es<\/strong><\/h3>\n<p>&nbsp;<\/p>\n<p>&nbsp;<\/p>\n<p>&nbsp;<\/p>\n<ul class=\"ListaEst\">\n<li><a href=\"https:\/\/ww16.ce.gov.br\/saude\/wp-content\/uploads\/sites\/64\/2025\/12\/Lista-dos-candidatos-agendados-para-a-realizacao-da-etapa-de-POSSE-no-dia-23-de-dezembro-de-2025-terca-feira-\u2013-manha.pdf\">Lista dos candidatos agendados para a realiza\u00e7\u00e3o da etapa de POSSE no dia 23 de dezembro de 2025 (ter\u00e7a-feira \u2013 manh\u00e3)<\/a><\/li>\n<li><a href=\"https:\/\/ww16.ce.gov.br\/saude\/wp-content\/uploads\/sites\/64\/2025\/12\/Lista-dos-candidatos-agendados-para-a-realizacao-da-etapa-de-Pericia-Medica-no-dia-16-de-dezembro-de-2025-terca-feira-\u2013-tarde.pdf\">Lista dos candidatos agendados para a realiza\u00e7\u00e3o da etapa de Per\u00edcia M\u00e9dica no dia 16 de dezembro de 2025 (ter\u00e7a-feira \u2013 tarde)<\/a><\/li>\n<li><a href=\"https:\/\/ww16.ce.gov.br\/saude\/wp-content\/uploads\/sites\/64\/2025\/11\/Lista-dos-candidatos-agendados-para-a-realizacao-da-etapa-de-POSSE-no-dia-27-de-novembro-de-2025-quinta-feira-\u2013-tarde.pdf\">Lista dos candidatos agendados para a realiza\u00e7\u00e3o da etapa de POSSE no dia 27 de novembro de 2025 (quinta-feira \u2013 tarde)<\/a><\/li>\n<li><a href=\"https:\/\/ww16.ce.gov.br\/saude\/wp-content\/uploads\/sites\/64\/2025\/10\/Lista-de-candidatos-agendados-para-a-realizacao-da-etapa-de-ambientacao-no-dia-3-de-novembro-de-2025-segunda-feira-MANHA.pdf\">Lista de candidatos agendados para a realiza\u00e7\u00e3o da etapa de AMBIENTA\u00c7\u00c3O no dia 3 de novembro de 2025 (segunda-feira &#8211; MANH\u00c3)<\/a><\/li>\n<li><a href=\"https:\/\/ww16.ce.gov.br\/saude\/wp-content\/uploads\/sites\/64\/2025\/10\/Lista-dos-candidatos-agendados-para-a-realizacao-da-etapa-de-POSSE-no-dia-28-de-outubro-de-2025-terca-feira-\u2013-TURMA-2-1.pdf\">Lista dos candidatos agendados para a realiza\u00e7\u00e3o da etapa de POSSE no dia 28 de outubro de 2025 (ter\u00e7a-feira \u2013 TURMA 2)<\/a><\/li>\n<li><a href=\"https:\/\/ww16.ce.gov.br\/saude\/wp-content\/uploads\/sites\/64\/2025\/10\/Lista-dos-candidatos-agendados-para-a-realizacao-da-etapa-de-POSSE-no-dia-28-de-outubro-de-2025-terca-feira-\u2013-TURMA-1-1.pdf\">Lista dos candidatos agendados para a realiza\u00e7\u00e3o da etapa de POSSE no dia 28 de outubro de 2025 (ter\u00e7a-feira \u2013 TURMA 1)<\/a><\/li>\n<li><a href=\"https:\/\/ww16.ce.gov.br\/saude\/wp-content\/uploads\/sites\/64\/2025\/10\/Lista-dos-candidatos-agendados-para-a-realizacao-da-etapa-de-Pericia-Medica-no-dia-21-de-outubro-de-2025-terca-feira-\u2013-tarde.pdf\">Lista dos candidatos agendados para a realiza\u00e7\u00e3o da etapa de Per\u00edcia M\u00e9dica no dia 21 de outubro de 2025 (ter\u00e7a-feira \u2013 tarde)<\/a><\/li>\n<li><a href=\"https:\/\/ww16.ce.gov.br\/saude\/wp-content\/uploads\/sites\/64\/2025\/10\/Lista-dos-candidatos-agendados-para-a-realizacao-da-etapa-de-Pericia-Medica-no-dia-17-de-outubro-de-2025-sexta-feira-\u2013-tarde-Lista-corrigida-em-16102025.pdf\">Lista dos candidatos agendados para a realiza\u00e7\u00e3o da etapa de Per\u00edcia M\u00e9dica no dia 17 de outubro de 2025 (sexta-feira \u2013 tarde) &#8211; Lista corrigida em 16\/10\/2025<\/a><\/li>\n<li><a href=\"https:\/\/ww16.ce.gov.br\/saude\/wp-content\/uploads\/sites\/64\/2025\/10\/Lista-dos-candidatos-agendados-para-a-realizacao-da-etapa-de-Pericia-Medica-no-dia-16-de-outubro-de-2025-quinta-feira-\u2013-tarde.pdf\">Lista dos candidatos agendados para a realiza\u00e7\u00e3o da etapa de Per\u00edcia M\u00e9dica no dia 16 de outubro de 2025 (quinta-feira \u2013 tarde)<\/a><\/li>\n<li><a href=\"https:\/\/ww16.ce.gov.br\/saude\/wp-content\/uploads\/sites\/64\/2025\/10\/Lista-dos-candidatos-agendados-para-a-realizacao-da-etapa-de-Pericia-Medica-no-dia-16-de-outubro-de-2025-quinta-feira-\u2013-manha.pdf\">Lista dos candidatos agendados para a realiza\u00e7\u00e3o da etapa de Per\u00edcia M\u00e9dica no dia 16 de outubro de 2025 (quinta-feira \u2013 manh\u00e3)<\/a><\/li>\n<li><a href=\"https:\/\/ww16.ce.gov.br\/saude\/wp-content\/uploads\/sites\/64\/2025\/10\/Lista-dos-candidatos-agendados-para-a-realizacao-da-etapa-de-Pericia-Medica-no-dia-15-de-outubro-de-2025-quarta-feira-\u2013-tarde-Lista-corrigida-em-13102025.pdf\">Lista dos candidatos agendados para a realiza\u00e7\u00e3o da etapa de Per\u00edcia M\u00e9dica no dia 15 de outubro de 2025 (quarta-feira \u2013 tarde) &#8211; Lista corrigida em 13\/10\/2025<\/a><\/li>\n<li><a href=\"https:\/\/ww16.ce.gov.br\/saude\/wp-content\/uploads\/sites\/64\/2025\/10\/Lista-dos-candidatos-agendados-para-a-realizacao-da-etapa-de-Pericia-Medica-no-dia-15-de-outubro-de-2025-quarta-feira-\u2013-manha-Lista-corrigida-em-13102025.pdf\">Lista dos candidatos agendados para a realiza\u00e7\u00e3o da etapa de Per\u00edcia M\u00e9dica no dia 15 de outubro de 2025 (quarta-feira \u2013 manh\u00e3) &#8211; Lista corrigida em 13\/10\/2025<\/a><\/li>\n<li><a href=\"https:\/\/ww16.ce.gov.br\/saude\/wp-content\/uploads\/sites\/64\/2025\/10\/Lista-dos-candidatos-agendados-para-a-realizacao-da-etapa-de-Pericia-Medica-no-dia-14-de-outubro-de-2025-terca-feira-\u2013-manha.pdf\">Lista dos candidatos agendados para a realiza\u00e7\u00e3o da etapa de Per\u00edcia M\u00e9dica no dia 14 de outubro de 2025 (ter\u00e7a-feira \u2013 manh\u00e3)<\/a><\/li>\n<li><a href=\"https:\/\/ww16.ce.gov.br\/saude\/wp-content\/uploads\/sites\/64\/2025\/10\/Lista-dos-candidatos-agendados-para-a-realizacao-da-etapa-de-Pericia-Medica-no-dia-10-de-outubro-de-2025-sexta-feira-\u2013-tarde.pdf\">Lista dos candidatos agendados para a realiza\u00e7\u00e3o da etapa de Per\u00edcia M\u00e9dica no dia 10 de outubro de 2025 (sexta-feira \u2013 tarde)<\/a><\/li>\n<li><a href=\"https:\/\/ww16.ce.gov.br\/saude\/wp-content\/uploads\/sites\/64\/2025\/10\/Lista-dos-candidatos-agendados-para-a-realizacao-da-etapa-de-Pericia-Medica-no-dia-9-de-outubro-de-2025-quinta-feira-\u2013-tarde.pdf\">Lista dos candidatos agendados para a realiza\u00e7\u00e3o da etapa de Per\u00edcia M\u00e9dica no dia 9 de outubro de 2025 (quinta-feira \u2013 tarde)<\/a><\/li>\n<li><a href=\"https:\/\/ww16.ce.gov.br\/saude\/wp-content\/uploads\/sites\/64\/2025\/10\/Lista-dos-candidatos-agendados-para-a-realizacao-da-etapa-de-Pericia-Medica-no-dia-9-de-outubro-de-2025-quinta-feira-\u2013-manha.pdf\">Lista dos candidatos agendados para a realiza\u00e7\u00e3o da etapa de Per\u00edcia M\u00e9dica no dia 9 de outubro de 2025 (quinta-feira \u2013 manh\u00e3)<\/a><\/li>\n<li><a href=\"https:\/\/ww16.ce.gov.br\/saude\/wp-content\/uploads\/sites\/64\/2025\/10\/Lista-dos-candidatos-agendados-para-a-realizacao-da-etapa-de-Pericia-Medica-no-dia-08-de-outubro-de-2025-quarta-feira-\u2013-tarde.pdf\">Lista dos candidatos agendados para a realiza\u00e7\u00e3o da etapa de Per\u00edcia M\u00e9dica no dia 8 de outubro de 2025 (quarta-feira \u2013 tarde)<\/a><\/li>\n<li><a href=\"https:\/\/ww16.ce.gov.br\/saude\/wp-content\/uploads\/sites\/64\/2025\/10\/Lista-dos-candidatos-agendados-para-a-realizacao-da-etapa-de-Pericia-Medica-no-dia-08-de-outubro-de-2025-quarta-feira-\u2013-manha.pdf\">Lista dos candidatos agendados para a realiza\u00e7\u00e3o da etapa de Per\u00edcia M\u00e9dica no dia 8 de outubro de 2025 (quarta-feira \u2013 manh\u00e3)<\/a><\/li>\n<li><a href=\"https:\/\/ww16.ce.gov.br\/saude\/wp-content\/uploads\/sites\/64\/2025\/11\/Calendario-geral-\u2013-Convocacao-Setembro-2025-Atualizado-em-11112025.pdf\">Calend\u00e1rio geral \u2013 Convoca\u00e7\u00e3o Setembro 2025 &#8211; Atualizado em 11\/11\/<\/a><a href=\"https:\/\/ww16.ce.gov.br\/saude\/wp-content\/uploads\/sites\/64\/2025\/11\/Calendario-geral-\u2013-Convocacao-Setembro-2025-Atualizado-em-11112025.pdf\">2025<\/a><\/li>\n<li><a href=\"https:\/\/ww16.ce.gov.br\/saude\/wp-content\/uploads\/sites\/64\/2025\/09\/do20250930p03_compressed.pdf\">Ato de nomea\u00e7\u00e3o (DOE 30\/09\/2025)<\/a><\/li>\n<\/ul>\n<p>&nbsp;<\/p>\n<p>&nbsp;<\/p>\n<p>&nbsp;<\/p>\n<h3 class=\"-laranja\"><\/h3>\n<p>&nbsp;<\/p>\n<h3 class=\"-laranja\"><strong>Documenta\u00e7\u00f5es<\/strong><\/h3>\n<p>&nbsp;<\/p>\n<ul class=\"ListaEst\">\n<li><a href=\"https:\/\/ww16.ce.gov.br\/saude\/documentacoes\/\">Acesse aqui<\/a><\/li>\n<\/ul>\n<p>&nbsp;<\/p>\n<p>&nbsp;<\/p>\n<p>&nbsp;<\/p>\n<h3 class=\"-laranja\"><strong>Por dentro da Sesa<\/strong><\/h3>\n<p>&nbsp;<\/p>\n<ul class=\"ListaEst\">\n<li><a href=\"https:\/\/ww16.ce.gov.br\/saude\/wp-content\/uploads\/sites\/64\/2023\/10\/Codigo-de-Conduta-Etica-da-Sesa.pdf\">C\u00f3digo de Conduta \u00c9tica da Sesa<\/a><\/li>\n<li><a href=\"https:\/\/ww16.ce.gov.br\/saude\/wp-content\/uploads\/sites\/64\/2023\/10\/Manual-de-normas-e-procedimentos-Direitos-e-vantagens-dos-servidores.pdf\">Manual de normas e procedimentos: direitos e vantagens dos servidores<\/a><\/li>\n<li><a href=\"https:\/\/ww16.ce.gov.br\/saude\/wp-content\/uploads\/sites\/64\/2023\/10\/Estatuto-dos-Funcionarios-Publicos-Civis-do-Estado.pdf\">Estatuto dos Funcion\u00e1rios P\u00fablicos Civis do Estado<\/a><\/li>\n<li><a href=\"https:\/\/ww16.ce.gov.br\/saude\/wp-content\/uploads\/sites\/64\/2023\/10\/Organograma-da-Sesa.pdf\">Organograma da Sesa<\/a><\/li>\n<\/ul>\n<p>&nbsp;<\/p>\n<p>&nbsp;<\/p>\n","protected":false},"excerpt":{"rendered":"<p>&nbsp; &nbsp; Publica\u00e7\u00f5es &nbsp; &nbsp; &nbsp; Lista dos candidatos agendados para a realiza\u00e7\u00e3o da etapa de POSSE no dia 23 de dezembro de 2025 (ter\u00e7a-feira \u2013 manh\u00e3) Lista dos candidatos agendados para a realiza\u00e7\u00e3o da etapa de Per\u00edcia M\u00e9dica no dia 16 de dezembro de 2025 (ter\u00e7a-feira \u2013 tarde) Lista dos candidatos agendados para a [&hellip;]<\/p>\n","protected":false},"author":818,"featured_media":0,"parent":0,"menu_order":0,"comment_status":"closed","ping_status":"closed","template":"","meta":{"_acf_changed":false,"inline_featured_image":false,"footnotes":""},"class_list":["post-146055","page","type-page","status-publish","hentry"],"acf":[],"yoast_head":"<!-- This site is optimized with the Yoast SEO plugin v26.9 - https:\/\/yoast.com\/product\/yoast-seo-wordpress\/ -->\n<title>Convoca\u00e7\u00e3o setembro de 2025 - Secretaria da Sa\u00fade do Cear\u00e1<\/title>\n<meta name=\"robots\" content=\"index, follow, max-snippet:-1, max-image-preview:large, max-video-preview:-1\" \/>\n<link rel=\"canonical\" href=\"https:\/\/ww16.ce.gov.br\/saude\/convocacao-setembro-de-2025\/\" \/>\n<meta property=\"og:locale\" content=\"pt_BR\" \/>\n<meta property=\"og:type\" content=\"article\" \/>\n<meta property=\"og:title\" content=\"Convoca\u00e7\u00e3o setembro de 2025 - Secretaria da Sa\u00fade do Cear\u00e1\" \/>\n<meta property=\"og:description\" content=\"&nbsp; &nbsp; Publica\u00e7\u00f5es &nbsp; &nbsp; &nbsp; Lista dos candidatos agendados para a realiza\u00e7\u00e3o da etapa de POSSE no dia 23 de dezembro de 2025 (ter\u00e7a-feira \u2013 manh\u00e3) Lista dos candidatos agendados para a realiza\u00e7\u00e3o da etapa de Per\u00edcia M\u00e9dica no dia 16 de dezembro de 2025 (ter\u00e7a-feira \u2013 tarde) Lista dos candidatos agendados para a [&hellip;]\" \/>\n<meta property=\"og:url\" content=\"https:\/\/ww16.ce.gov.br\/saude\/convocacao-setembro-de-2025\/\" \/>\n<meta property=\"og:site_name\" content=\"Secretaria da Sa\u00fade do Cear\u00e1\" \/>\n<meta property=\"article:modified_time\" content=\"2025-12-19T13:25:45+00:00\" \/>\n<meta name=\"twitter:card\" content=\"summary_large_image\" \/>\n<meta name=\"twitter:label1\" content=\"Est. reading time\" \/>\n\t<meta name=\"twitter:data1\" content=\"3 minutos\" \/>\n<script type=\"application\/ld+json\" class=\"yoast-schema-graph\">{\"@context\":\"https:\/\/schema.org\",\"@graph\":[{\"@type\":\"WebPage\",\"@id\":\"https:\/\/ww16.ce.gov.br\/saude\/convocacao-setembro-de-2025\/\",\"url\":\"https:\/\/ww16.ce.gov.br\/saude\/convocacao-setembro-de-2025\/\",\"name\":\"Convoca\u00e7\u00e3o setembro de 2025 - Secretaria da Sa\u00fade do Cear\u00e1\",\"isPartOf\":{\"@id\":\"https:\/\/ww16.ce.gov.br\/saude\/#website\"},\"datePublished\":\"2025-09-02T13:39:36+00:00\",\"dateModified\":\"2025-12-19T13:25:45+00:00\",\"breadcrumb\":{\"@id\":\"https:\/\/ww16.ce.gov.br\/saude\/convocacao-setembro-de-2025\/#breadcrumb\"},\"inLanguage\":\"pt-BR\",\"potentialAction\":[{\"@type\":\"ReadAction\",\"target\":[\"https:\/\/ww16.ce.gov.br\/saude\/convocacao-setembro-de-2025\/\"]}]},{\"@type\":\"BreadcrumbList\",\"@id\":\"https:\/\/ww16.ce.gov.br\/saude\/convocacao-setembro-de-2025\/#breadcrumb\",\"itemListElement\":[{\"@type\":\"ListItem\",\"position\":1,\"name\":\"In\u00edcio\",\"item\":\"https:\/\/ww16.ce.gov.br\/saude\/\"},{\"@type\":\"ListItem\",\"position\":2,\"name\":\"Convoca\u00e7\u00e3o setembro de 2025\"}]},{\"@type\":\"WebSite\",\"@id\":\"https:\/\/ww16.ce.gov.br\/saude\/#website\",\"url\":\"https:\/\/ww16.ce.gov.br\/saude\/\",\"name\":\"Secretaria da Sa\u00fade\",\"description\":\"Secretaria da Sa\u00fade do Cear\u00e1\",\"publisher\":{\"@id\":\"https:\/\/ww16.ce.gov.br\/saude\/#organization\"},\"potentialAction\":[{\"@type\":\"SearchAction\",\"target\":{\"@type\":\"EntryPoint\",\"urlTemplate\":\"https:\/\/ww16.ce.gov.br\/saude\/?s={search_term_string}\"},\"query-input\":{\"@type\":\"PropertyValueSpecification\",\"valueRequired\":true,\"valueName\":\"search_term_string\"}}],\"inLanguage\":\"pt-BR\"},{\"@type\":\"Organization\",\"@id\":\"https:\/\/ww16.ce.gov.br\/saude\/#organization\",\"name\":\"Secretaria da Sa\u00fade\",\"url\":\"https:\/\/ww16.ce.gov.br\/saude\/\",\"logo\":{\"@type\":\"ImageObject\",\"inLanguage\":\"pt-BR\",\"@id\":\"https:\/\/ww16.ce.gov.br\/saude\/#\/schema\/logo\/image\/\",\"url\":\"http:\/\/ww16.ce.gov.br\/saude\/wp-content\/uploads\/sites\/9\/2017\/11\/clara.png\",\"contentUrl\":\"http:\/\/ww16.ce.gov.br\/saude\/wp-content\/uploads\/sites\/9\/2017\/11\/clara.png\",\"width\":559,\"height\":106,\"caption\":\"Secretaria da Sa\u00fade\"},\"image\":{\"@id\":\"https:\/\/ww16.ce.gov.br\/saude\/#\/schema\/logo\/image\/\"}}]}<\/script>\n<!-- \/ Yoast SEO plugin. -->","yoast_head_json":{"title":"Convoca\u00e7\u00e3o setembro de 2025 - Secretaria da Sa\u00fade do Cear\u00e1","robots":{"index":"index","follow":"follow","max-snippet":"max-snippet:-1","max-image-preview":"max-image-preview:large","max-video-preview":"max-video-preview:-1"},"canonical":"https:\/\/ww16.ce.gov.br\/saude\/convocacao-setembro-de-2025\/","og_locale":"pt_BR","og_type":"article","og_title":"Convoca\u00e7\u00e3o setembro de 2025 - Secretaria da Sa\u00fade do Cear\u00e1","og_description":"&nbsp; &nbsp; Publica\u00e7\u00f5es &nbsp; &nbsp; &nbsp; Lista dos candidatos agendados para a realiza\u00e7\u00e3o da etapa de POSSE no dia 23 de dezembro de 2025 (ter\u00e7a-feira \u2013 manh\u00e3) Lista dos candidatos agendados para a realiza\u00e7\u00e3o da etapa de Per\u00edcia M\u00e9dica no dia 16 de dezembro de 2025 (ter\u00e7a-feira \u2013 tarde) Lista dos candidatos agendados para a [&hellip;]","og_url":"https:\/\/ww16.ce.gov.br\/saude\/convocacao-setembro-de-2025\/","og_site_name":"Secretaria da Sa\u00fade do Cear\u00e1","article_modified_time":"2025-12-19T13:25:45+00:00","twitter_card":"summary_large_image","twitter_misc":{"Est. reading time":"3 minutos"},"schema":{"@context":"https:\/\/schema.org","@graph":[{"@type":"WebPage","@id":"https:\/\/ww16.ce.gov.br\/saude\/convocacao-setembro-de-2025\/","url":"https:\/\/ww16.ce.gov.br\/saude\/convocacao-setembro-de-2025\/","name":"Convoca\u00e7\u00e3o setembro de 2025 - Secretaria da Sa\u00fade do Cear\u00e1","isPartOf":{"@id":"https:\/\/ww16.ce.gov.br\/saude\/#website"},"datePublished":"2025-09-02T13:39:36+00:00","dateModified":"2025-12-19T13:25:45+00:00","breadcrumb":{"@id":"https:\/\/ww16.ce.gov.br\/saude\/convocacao-setembro-de-2025\/#breadcrumb"},"inLanguage":"pt-BR","potentialAction":[{"@type":"ReadAction","target":["https:\/\/ww16.ce.gov.br\/saude\/convocacao-setembro-de-2025\/"]}]},{"@type":"BreadcrumbList","@id":"https:\/\/ww16.ce.gov.br\/saude\/convocacao-setembro-de-2025\/#breadcrumb","itemListElement":[{"@type":"ListItem","position":1,"name":"In\u00edcio","item":"https:\/\/ww16.ce.gov.br\/saude\/"},{"@type":"ListItem","position":2,"name":"Convoca\u00e7\u00e3o setembro de 2025"}]},{"@type":"WebSite","@id":"https:\/\/ww16.ce.gov.br\/saude\/#website","url":"https:\/\/ww16.ce.gov.br\/saude\/","name":"Secretaria da Sa\u00fade","description":"Secretaria da Sa\u00fade do Cear\u00e1","publisher":{"@id":"https:\/\/ww16.ce.gov.br\/saude\/#organization"},"potentialAction":[{"@type":"SearchAction","target":{"@type":"EntryPoint","urlTemplate":"https:\/\/ww16.ce.gov.br\/saude\/?s={search_term_string}"},"query-input":{"@type":"PropertyValueSpecification","valueRequired":true,"valueName":"search_term_string"}}],"inLanguage":"pt-BR"},{"@type":"Organization","@id":"https:\/\/ww16.ce.gov.br\/saude\/#organization","name":"Secretaria da Sa\u00fade","url":"https:\/\/ww16.ce.gov.br\/saude\/","logo":{"@type":"ImageObject","inLanguage":"pt-BR","@id":"https:\/\/ww16.ce.gov.br\/saude\/#\/schema\/logo\/image\/","url":"http:\/\/ww16.ce.gov.br\/saude\/wp-content\/uploads\/sites\/9\/2017\/11\/clara.png","contentUrl":"http:\/\/ww16.ce.gov.br\/saude\/wp-content\/uploads\/sites\/9\/2017\/11\/clara.png","width":559,"height":106,"caption":"Secretaria da Sa\u00fade"},"image":{"@id":"https:\/\/ww16.ce.gov.br\/saude\/#\/schema\/logo\/image\/"}}]}},"_links":{"self":[{"href":"https:\/\/ww16.ce.gov.br\/saude\/wp-json\/wp\/v2\/pages\/146055","targetHints":{"allow":["GET"]}}],"collection":[{"href":"https:\/\/ww16.ce.gov.br\/saude\/wp-json\/wp\/v2\/pages"}],"about":[{"href":"https:\/\/ww16.ce.gov.br\/saude\/wp-json\/wp\/v2\/types\/page"}],"author":[{"embeddable":true,"href":"https:\/\/ww16.ce.gov.br\/saude\/wp-json\/wp\/v2\/users\/818"}],"replies":[{"embeddable":true,"href":"https:\/\/ww16.ce.gov.br\/saude\/wp-json\/wp\/v2\/comments?post=146055"}],"version-history":[{"count":29,"href":"https:\/\/ww16.ce.gov.br\/saude\/wp-json\/wp\/v2\/pages\/146055\/revisions"}],"predecessor-version":[{"id":149824,"href":"https:\/\/ww16.ce.gov.br\/saude\/wp-json\/wp\/v2\/pages\/146055\/revisions\/149824"}],"wp:attachment":[{"href":"https:\/\/ww16.ce.gov.br\/saude\/wp-json\/wp\/v2\/media?parent=146055"}],"curies":[{"name":"wp","href":"https:\/\/api.w.org\/{rel}","templated":true}]}}