{"id":135085,"date":"2024-08-30T12:26:18","date_gmt":"2024-08-30T15:26:18","guid":{"rendered":"http:\/\/ww16.ce.gov.br\/saude\/?page_id=135085"},"modified":"2024-08-30T12:59:53","modified_gmt":"2024-08-30T15:59:53","slug":"assistencia-farmaceutica","status":"publish","type":"page","link":"https:\/\/ww16.ce.gov.br\/saude\/assistencia-farmaceutica\/","title":{"rendered":"Assist\u00eancia Farmac\u00eautica"},"content":{"rendered":"<p>&nbsp;<\/p>\n<p>A <strong>Assist\u00eancia Farmac\u00eautica (AF)<\/strong> engloba um conjunto de a\u00e7\u00f5es voltadas \u00e0 promo\u00e7\u00e3o, prote\u00e7\u00e3o e recupera\u00e7\u00e3o da sa\u00fade, tanto individual como coletiva, tendo o medicamento como insumo essencial e visando ao seu acesso e ao seu uso racional.<\/p>\n<p>&nbsp;<\/p>\n<p>No \u00e2mbito do Sistema \u00danico de Sa\u00fade (SUS), em n\u00edvel ambulatorial, os medicamentos dispon\u00edveis para o tratamento de doen\u00e7as ou de agravos s\u00e3o aqueles padronizados na Rela\u00e7\u00e3o Nacional de Medicamentos (Rename) e na Rela\u00e7\u00e3o Estadual de Medicamentos (Resme). As responsabilidades das inst\u00e2ncias gestoras do SUS (Federal, Estadual e Municipal), em rela\u00e7\u00e3o aos medicamentos, est\u00e3o definidas em tr\u00eas componentes: B\u00e1sico, Estrat\u00e9gico e Especializado. O detalhamento das informa\u00e7\u00f5es de cada um deles pode ser encontrado no Guia de Estrutura\u00e7\u00e3o e Organiza\u00e7\u00e3o da Assist\u00eancia Farmac\u00eautica no Cear\u00e1.<\/p>\n<p>&nbsp;<\/p>\n<p>A estrutura\u00e7\u00e3o e a organiza\u00e7\u00e3o da Assist\u00eancia Farmac\u00eautica para a presta\u00e7\u00e3o de um servi\u00e7o efetivo e eficiente, garantindo o acesso universal e o uso racional de medicamentos, \u00e9 um dos maiores desafios vividos por gestores e profissionais que atuam no SUS, principalmente no contexto atual \u2013 em que novas tecnologias surgem a cada instante, ocasionando uma busca incessante por novos tratamentos e uso indiscriminado de medicamentos.<\/p>\n<p>&nbsp;<\/p>\n<p>Para a efetiva implementa\u00e7\u00e3o da Assist\u00eancia Farmac\u00eautica, \u00e9 fundamental ter como princ\u00edpio b\u00e1sico norteador o\u00a0<strong>CICLO DA ASSIST\u00caNCIA FARMAC\u00caUTICA<\/strong>, constitu\u00eddo pelas etapas de sele\u00e7\u00e3o, programa\u00e7\u00e3o, aquisi\u00e7\u00e3o, armazenamento, distribui\u00e7\u00e3o e dispensa\u00e7\u00e3o, com suas interfaces nas a\u00e7\u00f5es da aten\u00e7\u00e3o \u00e0 sa\u00fade.<\/p>\n<p>&nbsp;<\/p>\n<p>&nbsp;<\/p>\n<p>&nbsp;<\/p>\n<h3 class=\"-laranja\"><span style=\"color: #028245\"><strong>Fique por dentro<\/strong><\/span><\/h3>\n<p>&nbsp;<\/p>\n<p>&nbsp;<\/p>\n<div class=\"\">\n<div class=\"row\" style=\"text-align: center\">\n<div class=\"mp-6 ml-6 tp-4 tl-2 dt-2\">\n<p><a href=\"https:\/\/ww16.ce.gov.br\/saude\/assistenciafarmaceutica\/fiquepordentro\/infomacoes-acesso-medicamentos\/\" target=\"_blank\" rel=\"noopener noreferrer\"><br \/>\n<img decoding=\"async\" src=\"https:\/\/ww16.ce.gov.br\/saude\/wp-content\/uploads\/sites\/64\/2022\/03\/icon_copaf_medicamentos_importados_2.png\" alt=\"Imagem com o logo de medicamentos\" \/><\/a><\/p>\n<h3 style=\"font-size: small\">Acesso a medicamentos<\/h3>\n<\/div>\n<div class=\"mp-6 ml-6 tp-4 tl-2 dt-2\">\n<p><a href=\"https:\/\/ww16.ce.gov.br\/saude\/download\/relatorios-de-abastecimento-copaf\/\"><br \/>\n<img decoding=\"async\" src=\"https:\/\/ww16.ce.gov.br\/saude\/wp-content\/uploads\/sites\/64\/2020\/03\/icon_indicadores.png\" alt=\"Imagem com o icone de abastecimento\" \/><br \/>\n<\/a><\/p>\n<h3 style=\"font-size: small\">Relat\u00f3rio abastecimento<\/h3>\n<\/div>\n<div class=\"mp-6 ml-6 tp-4 tl-2 dt-2\">\n<p><a href=\"https:\/\/www.portalcompras.ce.gov.br\/compras\/menu-catalogo-de-itens\/\"><br \/>\n<img decoding=\"async\" src=\"https:\/\/ww16.ce.gov.br\/saude\/wp-content\/uploads\/sites\/64\/2020\/03\/icon_guia.png\" alt=\"Imagem com o logo de pote com leite\" \/><br \/>\n<\/a><\/p>\n<h3 style=\"font-size: small\">Compras<\/h3>\n<\/div>\n<div class=\"mp-6 ml-6 tp-4 tl-2 dt-2\">\n<p><a href=\"https:\/\/ww16.ce.gov.br\/saude\/fitoterapia\/\"><br \/>\n<img decoding=\"async\" src=\"https:\/\/ww16.ce.gov.br\/saude\/wp-content\/uploads\/sites\/64\/2020\/03\/icon_fitoterapia.png\" alt=\"Imagem com o logo da fitoterapia\" \/><br \/>\n<\/a><\/p>\n<h3 style=\"font-size: small\">Fitoterapia<\/h3>\n<\/div>\n<div class=\"mp-6 ml-6 tp-4 tl-2 dt-2\">\n<p><a href=\"https:\/\/ww16.ce.gov.br\/saude\/assistenciafarmaceutica\/fiquepordentro\/medicamentosimportados\/\" target=\"_blank\" rel=\"noopener noreferrer\"><br \/>\n<img decoding=\"async\" src=\"https:\/\/ww16.ce.gov.br\/saude\/wp-content\/uploads\/sites\/64\/2022\/03\/icon_hmjma_ambulatorio.png\" alt=\"Imagem com o logo de acesso a medicamentos\" \/><\/a><\/p>\n<h3 style=\"font-size: small\">Medicamentos<br \/>\nImportados<\/h3>\n<\/div>\n<div class=\"mp-6 ml-6 tp-4 tl-2 dt-2\">\n<p><a href=\"https:\/\/ww16.ce.gov.br\/saude\/assistenciafarmaceutica\/fiquepordentro\/judicializacao\/\"><br \/>\n<img decoding=\"async\" src=\"https:\/\/ww16.ce.gov.br\/saude\/wp-content\/uploads\/sites\/64\/2022\/02\/icon_judicializacao.png\" alt=\"Imagem com o logo de martelo de juiz\" \/><br \/>\n<\/a><\/p>\n<h3 style=\"font-size: small\">Judicializa\u00e7\u00e3o<\/h3>\n<\/div>\n<\/div>\n<\/div>\n","protected":false},"excerpt":{"rendered":"<p>&nbsp; A Assist\u00eancia Farmac\u00eautica (AF) engloba um conjunto de a\u00e7\u00f5es voltadas \u00e0 promo\u00e7\u00e3o, prote\u00e7\u00e3o e recupera\u00e7\u00e3o da sa\u00fade, tanto individual como coletiva, tendo o medicamento como insumo essencial e visando ao seu acesso e ao seu uso racional. &nbsp; No \u00e2mbito do Sistema \u00danico de Sa\u00fade (SUS), em n\u00edvel ambulatorial, os medicamentos dispon\u00edveis para o [&hellip;]<\/p>\n","protected":false},"author":767,"featured_media":0,"parent":0,"menu_order":0,"comment_status":"closed","ping_status":"closed","template":"","meta":{"_acf_changed":false,"inline_featured_image":false,"footnotes":""},"class_list":["post-135085","page","type-page","status-publish","hentry"],"acf":[],"yoast_head":"<!-- This site is optimized with the Yoast SEO plugin v26.9 - https:\/\/yoast.com\/product\/yoast-seo-wordpress\/ -->\n<title>Assist\u00eancia Farmac\u00eautica - Secretaria da Sa\u00fade do Cear\u00e1<\/title>\n<meta name=\"robots\" content=\"index, follow, max-snippet:-1, max-image-preview:large, max-video-preview:-1\" \/>\n<link rel=\"canonical\" href=\"https:\/\/ww16.ce.gov.br\/saude\/assistencia-farmaceutica\/\" \/>\n<meta property=\"og:locale\" content=\"pt_BR\" \/>\n<meta property=\"og:type\" content=\"article\" \/>\n<meta property=\"og:title\" content=\"Assist\u00eancia Farmac\u00eautica - Secretaria da Sa\u00fade do Cear\u00e1\" \/>\n<meta property=\"og:description\" content=\"&nbsp; A Assist\u00eancia Farmac\u00eautica (AF) engloba um conjunto de a\u00e7\u00f5es voltadas \u00e0 promo\u00e7\u00e3o, prote\u00e7\u00e3o e recupera\u00e7\u00e3o da sa\u00fade, tanto individual como coletiva, tendo o medicamento como insumo essencial e visando ao seu acesso e ao seu uso racional. &nbsp; No \u00e2mbito do Sistema \u00danico de Sa\u00fade (SUS), em n\u00edvel ambulatorial, os medicamentos dispon\u00edveis para o [&hellip;]\" \/>\n<meta property=\"og:url\" content=\"https:\/\/ww16.ce.gov.br\/saude\/assistencia-farmaceutica\/\" \/>\n<meta property=\"og:site_name\" content=\"Secretaria da Sa\u00fade do Cear\u00e1\" \/>\n<meta property=\"article:modified_time\" content=\"2024-08-30T15:59:53+00:00\" \/>\n<meta property=\"og:image\" content=\"http:\/\/ww16.ce.gov.br\/saude\/wp-content\/uploads\/sites\/64\/2022\/03\/icon_copaf_medicamentos_importados_2.png\" \/>\n<meta name=\"twitter:card\" content=\"summary_large_image\" \/>\n<meta name=\"twitter:label1\" content=\"Est. reading time\" \/>\n\t<meta name=\"twitter:data1\" content=\"3 minutos\" \/>\n<script type=\"application\/ld+json\" class=\"yoast-schema-graph\">{\"@context\":\"https:\/\/schema.org\",\"@graph\":[{\"@type\":\"WebPage\",\"@id\":\"https:\/\/ww16.ce.gov.br\/saude\/assistencia-farmaceutica\/\",\"url\":\"https:\/\/ww16.ce.gov.br\/saude\/assistencia-farmaceutica\/\",\"name\":\"Assist\u00eancia Farmac\u00eautica - Secretaria da Sa\u00fade do Cear\u00e1\",\"isPartOf\":{\"@id\":\"https:\/\/ww16.ce.gov.br\/saude\/#website\"},\"primaryImageOfPage\":{\"@id\":\"https:\/\/ww16.ce.gov.br\/saude\/assistencia-farmaceutica\/#primaryimage\"},\"image\":{\"@id\":\"https:\/\/ww16.ce.gov.br\/saude\/assistencia-farmaceutica\/#primaryimage\"},\"thumbnailUrl\":\"http:\/\/ww16.ce.gov.br\/saude\/wp-content\/uploads\/sites\/64\/2022\/03\/icon_copaf_medicamentos_importados_2.png\",\"datePublished\":\"2024-08-30T15:26:18+00:00\",\"dateModified\":\"2024-08-30T15:59:53+00:00\",\"breadcrumb\":{\"@id\":\"https:\/\/ww16.ce.gov.br\/saude\/assistencia-farmaceutica\/#breadcrumb\"},\"inLanguage\":\"pt-BR\",\"potentialAction\":[{\"@type\":\"ReadAction\",\"target\":[\"https:\/\/ww16.ce.gov.br\/saude\/assistencia-farmaceutica\/\"]}]},{\"@type\":\"ImageObject\",\"inLanguage\":\"pt-BR\",\"@id\":\"https:\/\/ww16.ce.gov.br\/saude\/assistencia-farmaceutica\/#primaryimage\",\"url\":\"http:\/\/ww16.ce.gov.br\/saude\/wp-content\/uploads\/sites\/64\/2022\/03\/icon_copaf_medicamentos_importados_2.png\",\"contentUrl\":\"http:\/\/ww16.ce.gov.br\/saude\/wp-content\/uploads\/sites\/64\/2022\/03\/icon_copaf_medicamentos_importados_2.png\"},{\"@type\":\"BreadcrumbList\",\"@id\":\"https:\/\/ww16.ce.gov.br\/saude\/assistencia-farmaceutica\/#breadcrumb\",\"itemListElement\":[{\"@type\":\"ListItem\",\"position\":1,\"name\":\"In\u00edcio\",\"item\":\"https:\/\/ww16.ce.gov.br\/saude\/\"},{\"@type\":\"ListItem\",\"position\":2,\"name\":\"Assist\u00eancia Farmac\u00eautica\"}]},{\"@type\":\"WebSite\",\"@id\":\"https:\/\/ww16.ce.gov.br\/saude\/#website\",\"url\":\"https:\/\/ww16.ce.gov.br\/saude\/\",\"name\":\"Secretaria da Sa\u00fade\",\"description\":\"Secretaria da Sa\u00fade do Cear\u00e1\",\"publisher\":{\"@id\":\"https:\/\/ww16.ce.gov.br\/saude\/#organization\"},\"potentialAction\":[{\"@type\":\"SearchAction\",\"target\":{\"@type\":\"EntryPoint\",\"urlTemplate\":\"https:\/\/ww16.ce.gov.br\/saude\/?s={search_term_string}\"},\"query-input\":{\"@type\":\"PropertyValueSpecification\",\"valueRequired\":true,\"valueName\":\"search_term_string\"}}],\"inLanguage\":\"pt-BR\"},{\"@type\":\"Organization\",\"@id\":\"https:\/\/ww16.ce.gov.br\/saude\/#organization\",\"name\":\"Secretaria da Sa\u00fade\",\"url\":\"https:\/\/ww16.ce.gov.br\/saude\/\",\"logo\":{\"@type\":\"ImageObject\",\"inLanguage\":\"pt-BR\",\"@id\":\"https:\/\/ww16.ce.gov.br\/saude\/#\/schema\/logo\/image\/\",\"url\":\"http:\/\/ww16.ce.gov.br\/saude\/wp-content\/uploads\/sites\/9\/2017\/11\/clara.png\",\"contentUrl\":\"http:\/\/ww16.ce.gov.br\/saude\/wp-content\/uploads\/sites\/9\/2017\/11\/clara.png\",\"width\":559,\"height\":106,\"caption\":\"Secretaria da Sa\u00fade\"},\"image\":{\"@id\":\"https:\/\/ww16.ce.gov.br\/saude\/#\/schema\/logo\/image\/\"}}]}<\/script>\n<!-- \/ Yoast SEO plugin. -->","yoast_head_json":{"title":"Assist\u00eancia Farmac\u00eautica - Secretaria da Sa\u00fade do Cear\u00e1","robots":{"index":"index","follow":"follow","max-snippet":"max-snippet:-1","max-image-preview":"max-image-preview:large","max-video-preview":"max-video-preview:-1"},"canonical":"https:\/\/ww16.ce.gov.br\/saude\/assistencia-farmaceutica\/","og_locale":"pt_BR","og_type":"article","og_title":"Assist\u00eancia Farmac\u00eautica - Secretaria da Sa\u00fade do Cear\u00e1","og_description":"&nbsp; A Assist\u00eancia Farmac\u00eautica (AF) engloba um conjunto de a\u00e7\u00f5es voltadas \u00e0 promo\u00e7\u00e3o, prote\u00e7\u00e3o e recupera\u00e7\u00e3o da sa\u00fade, tanto individual como coletiva, tendo o medicamento como insumo essencial e visando ao seu acesso e ao seu uso racional. &nbsp; No \u00e2mbito do Sistema \u00danico de Sa\u00fade (SUS), em n\u00edvel ambulatorial, os medicamentos dispon\u00edveis para o [&hellip;]","og_url":"https:\/\/ww16.ce.gov.br\/saude\/assistencia-farmaceutica\/","og_site_name":"Secretaria da Sa\u00fade do Cear\u00e1","article_modified_time":"2024-08-30T15:59:53+00:00","og_image":[{"url":"http:\/\/ww16.ce.gov.br\/saude\/wp-content\/uploads\/sites\/64\/2022\/03\/icon_copaf_medicamentos_importados_2.png","type":"","width":"","height":""}],"twitter_card":"summary_large_image","twitter_misc":{"Est. reading time":"3 minutos"},"schema":{"@context":"https:\/\/schema.org","@graph":[{"@type":"WebPage","@id":"https:\/\/ww16.ce.gov.br\/saude\/assistencia-farmaceutica\/","url":"https:\/\/ww16.ce.gov.br\/saude\/assistencia-farmaceutica\/","name":"Assist\u00eancia Farmac\u00eautica - Secretaria da Sa\u00fade do Cear\u00e1","isPartOf":{"@id":"https:\/\/ww16.ce.gov.br\/saude\/#website"},"primaryImageOfPage":{"@id":"https:\/\/ww16.ce.gov.br\/saude\/assistencia-farmaceutica\/#primaryimage"},"image":{"@id":"https:\/\/ww16.ce.gov.br\/saude\/assistencia-farmaceutica\/#primaryimage"},"thumbnailUrl":"http:\/\/ww16.ce.gov.br\/saude\/wp-content\/uploads\/sites\/64\/2022\/03\/icon_copaf_medicamentos_importados_2.png","datePublished":"2024-08-30T15:26:18+00:00","dateModified":"2024-08-30T15:59:53+00:00","breadcrumb":{"@id":"https:\/\/ww16.ce.gov.br\/saude\/assistencia-farmaceutica\/#breadcrumb"},"inLanguage":"pt-BR","potentialAction":[{"@type":"ReadAction","target":["https:\/\/ww16.ce.gov.br\/saude\/assistencia-farmaceutica\/"]}]},{"@type":"ImageObject","inLanguage":"pt-BR","@id":"https:\/\/ww16.ce.gov.br\/saude\/assistencia-farmaceutica\/#primaryimage","url":"http:\/\/ww16.ce.gov.br\/saude\/wp-content\/uploads\/sites\/64\/2022\/03\/icon_copaf_medicamentos_importados_2.png","contentUrl":"http:\/\/ww16.ce.gov.br\/saude\/wp-content\/uploads\/sites\/64\/2022\/03\/icon_copaf_medicamentos_importados_2.png"},{"@type":"BreadcrumbList","@id":"https:\/\/ww16.ce.gov.br\/saude\/assistencia-farmaceutica\/#breadcrumb","itemListElement":[{"@type":"ListItem","position":1,"name":"In\u00edcio","item":"https:\/\/ww16.ce.gov.br\/saude\/"},{"@type":"ListItem","position":2,"name":"Assist\u00eancia Farmac\u00eautica"}]},{"@type":"WebSite","@id":"https:\/\/ww16.ce.gov.br\/saude\/#website","url":"https:\/\/ww16.ce.gov.br\/saude\/","name":"Secretaria da Sa\u00fade","description":"Secretaria da Sa\u00fade do Cear\u00e1","publisher":{"@id":"https:\/\/ww16.ce.gov.br\/saude\/#organization"},"potentialAction":[{"@type":"SearchAction","target":{"@type":"EntryPoint","urlTemplate":"https:\/\/ww16.ce.gov.br\/saude\/?s={search_term_string}"},"query-input":{"@type":"PropertyValueSpecification","valueRequired":true,"valueName":"search_term_string"}}],"inLanguage":"pt-BR"},{"@type":"Organization","@id":"https:\/\/ww16.ce.gov.br\/saude\/#organization","name":"Secretaria da Sa\u00fade","url":"https:\/\/ww16.ce.gov.br\/saude\/","logo":{"@type":"ImageObject","inLanguage":"pt-BR","@id":"https:\/\/ww16.ce.gov.br\/saude\/#\/schema\/logo\/image\/","url":"http:\/\/ww16.ce.gov.br\/saude\/wp-content\/uploads\/sites\/9\/2017\/11\/clara.png","contentUrl":"http:\/\/ww16.ce.gov.br\/saude\/wp-content\/uploads\/sites\/9\/2017\/11\/clara.png","width":559,"height":106,"caption":"Secretaria da Sa\u00fade"},"image":{"@id":"https:\/\/ww16.ce.gov.br\/saude\/#\/schema\/logo\/image\/"}}]}},"_links":{"self":[{"href":"https:\/\/ww16.ce.gov.br\/saude\/wp-json\/wp\/v2\/pages\/135085","targetHints":{"allow":["GET"]}}],"collection":[{"href":"https:\/\/ww16.ce.gov.br\/saude\/wp-json\/wp\/v2\/pages"}],"about":[{"href":"https:\/\/ww16.ce.gov.br\/saude\/wp-json\/wp\/v2\/types\/page"}],"author":[{"embeddable":true,"href":"https:\/\/ww16.ce.gov.br\/saude\/wp-json\/wp\/v2\/users\/767"}],"replies":[{"embeddable":true,"href":"https:\/\/ww16.ce.gov.br\/saude\/wp-json\/wp\/v2\/comments?post=135085"}],"version-history":[{"count":16,"href":"https:\/\/ww16.ce.gov.br\/saude\/wp-json\/wp\/v2\/pages\/135085\/revisions"}],"predecessor-version":[{"id":135118,"href":"https:\/\/ww16.ce.gov.br\/saude\/wp-json\/wp\/v2\/pages\/135085\/revisions\/135118"}],"wp:attachment":[{"href":"https:\/\/ww16.ce.gov.br\/saude\/wp-json\/wp\/v2\/media?parent=135085"}],"curies":[{"name":"wp","href":"https:\/\/api.w.org\/{rel}","templated":true}]}}