{"id":134382,"date":"2024-08-08T13:17:29","date_gmt":"2024-08-08T16:17:29","guid":{"rendered":"http:\/\/ww16.ce.gov.br\/saude\/?page_id=134382"},"modified":"2025-05-27T16:32:07","modified_gmt":"2025-05-27T19:32:07","slug":"febre-oropouche","status":"publish","type":"page","link":"https:\/\/ww16.ce.gov.br\/saude\/febre-oropouche\/","title":{"rendered":""},"content":{"rendered":"<p><img loading=\"lazy\" decoding=\"async\" class=\"aligncenter wp-image-134426\" src=\"https:\/\/ww16.ce.gov.br\/saude\/wp-content\/uploads\/sites\/64\/2024\/08\/Topo-de-Materia-600x132.png\" alt=\"\" width=\"775\" height=\"171\" srcset=\"https:\/\/ww16.ce.gov.br\/saude\/wp-content\/uploads\/sites\/64\/2024\/08\/Topo-de-Materia-600x132.png 600w, https:\/\/ww16.ce.gov.br\/saude\/wp-content\/uploads\/sites\/64\/2024\/08\/Topo-de-Materia-768x169.png 768w, https:\/\/ww16.ce.gov.br\/saude\/wp-content\/uploads\/sites\/64\/2024\/08\/Topo-de-Materia.png 1080w\" sizes=\"auto, (max-width: 775px) 100vw, 775px\" \/><\/p>\n<p>&nbsp;<\/p>\n<h3 class=\"-laranja\"><span style=\"color: #028245\"><strong>Voc\u00ea sabe o que \u00e9?<\/strong><\/span><\/h3>\n<p>&nbsp;<\/p>\n<p style=\"text-align: justify\">A <strong>febre do Oropouche (FO)<\/strong> \u00e9 uma <strong>doen\u00e7a viral<\/strong> <strong>transmitida pelo inseto <em>Culicoides paraensis<\/em><\/strong>, conhecido como maruim, polvinha ou mosquito-p\u00f3lvora, entre outras denomina\u00e7\u00f5es.<\/p>\n<p>&nbsp;<\/p>\n<p>A doen\u00e7a \u00e9 considerada uma arbovirose, assim como a dengue e a chikungunya, por exemplo. Esse grupo de doen\u00e7as t\u00eam como caracter\u00edstica serem causadas por v\u00edrus e transmitidas principalmente por artr\u00f3podes, como mosquitos e carrapatos.<\/p>\n<p>&nbsp;<\/p>\n<p style=\"text-align: justify\">No Cear\u00e1, foram confirmados at\u00e9 agora, em 2024 e 2025, casos na regi\u00e3o do Maci\u00e7o do Baturit\u00e9, distribu\u00eddos nos munic\u00edpios de Pacoti, Aratuba, Capistrano, Palm\u00e1cia, Reden\u00e7\u00e3o e Mulungu e Baturit\u00e9.<\/p>\n<p>&nbsp;<\/p>\n<h3 class=\"-laranja\"><span style=\"color: #028245\"><strong>E essa doen\u00e7a \u00e9 nova?<\/strong><\/span><\/h3>\n<p>&nbsp;<\/p>\n<p style=\"text-align: justify\">\u00a0N\u00e3o! A febre do Oropouche n\u00e3o \u00e9 uma doen\u00e7a nova, mas o v\u00edrus, que era mais comum na regi\u00e3o Norte, est\u00e1 se expandindo para outros estados, como o Cear\u00e1.<\/p>\n<p>&nbsp;<\/p>\n<h3 class=\"-laranja\"><span style=\"color: #028245\"><strong>Quais s\u00e3o os sintomas?<\/strong><\/span><\/h3>\n<p>&nbsp;<\/p>\n<p style=\"text-align: justify\">Os mais comuns s\u00e3o febre, dor de cabe\u00e7a, v\u00f4mitos e dores musculares. Por\u00e9m, tontura, dor atr\u00e1s dos olhos, calafrios, fotofobia (intoler\u00e2ncia \u00e0 luz), dor lombar e n\u00e1useas tamb\u00e9m podem aparecer.<\/p>\n<p>&nbsp;<\/p>\n<p style=\"text-align: justify\">Os sintomas duram de dois a sete dias e s\u00e3o semelhantes aos de outras arboviroses, como a dengue. Por isso, o diagn\u00f3stico precisa ser feito por meio de exame laboratorial.<\/p>\n<p><img loading=\"lazy\" decoding=\"async\" class=\"aligncenter wp-image-134425\" style=\"letter-spacing: 0.02px;text-align: start\" src=\"https:\/\/ww16.ce.gov.br\/saude\/wp-content\/uploads\/sites\/64\/2024\/08\/Arte-tipo-topo-de-materia-600x132.png\" alt=\"\" width=\"775\" height=\"171\" srcset=\"https:\/\/ww16.ce.gov.br\/saude\/wp-content\/uploads\/sites\/64\/2024\/08\/Arte-tipo-topo-de-materia-600x132.png 600w, https:\/\/ww16.ce.gov.br\/saude\/wp-content\/uploads\/sites\/64\/2024\/08\/Arte-tipo-topo-de-materia-768x169.png 768w, https:\/\/ww16.ce.gov.br\/saude\/wp-content\/uploads\/sites\/64\/2024\/08\/Arte-tipo-topo-de-materia.png 1080w\" sizes=\"auto, (max-width: 775px) 100vw, 775px\" \/><\/p>\n<p>J\u00e1 foram relatadas complica\u00e7\u00f5es na gesta\u00e7\u00e3o devido \u00e0 <strong>transmiss\u00e3o do v\u00edrus para o feto<\/strong> (transmiss\u00e3o vertical), podendo ocasionar <strong>malforma\u00e7\u00f5es, anomalias cong\u00eanitas e abortamento<\/strong>.<\/p>\n<p>&nbsp;<\/p>\n<p>&nbsp;<\/p>\n<h3 class=\"-laranja\"><span style=\"color: #028245\"><strong>Em quais locais h\u00e1 mais risco de contrair a doen\u00e7a?<\/strong><\/span><\/h3>\n<p><img loading=\"lazy\" decoding=\"async\" class=\"aligncenter wp-image-134263\" src=\"https:\/\/ww16.ce.gov.br\/saude\/wp-content\/uploads\/sites\/64\/2024\/08\/WhatsApp-Image-2024-06-27-at-09.33.57-1-e1719495157934-1200x772-1-600x386.jpeg\" alt=\"\" width=\"775\" height=\"499\" srcset=\"https:\/\/ww16.ce.gov.br\/saude\/wp-content\/uploads\/sites\/64\/2024\/08\/WhatsApp-Image-2024-06-27-at-09.33.57-1-e1719495157934-1200x772-1-600x386.jpeg 600w, https:\/\/ww16.ce.gov.br\/saude\/wp-content\/uploads\/sites\/64\/2024\/08\/WhatsApp-Image-2024-06-27-at-09.33.57-1-e1719495157934-1200x772-1-768x494.jpeg 768w, https:\/\/ww16.ce.gov.br\/saude\/wp-content\/uploads\/sites\/64\/2024\/08\/WhatsApp-Image-2024-06-27-at-09.33.57-1-e1719495157934-1200x772-1.jpeg 1200w\" sizes=\"auto, (max-width: 775px) 100vw, 775px\" \/><\/p>\n<p>&nbsp;<\/p>\n<p style=\"text-align: justify\">No Cear\u00e1, os casos confirmados se concentram na regi\u00e3o do <strong>Maci\u00e7o do Baturit\u00e9<\/strong>, devido condi\u00e7\u00f5es ambientais que favorecem a prolifera\u00e7\u00e3o do inseto. Em sua maioria, as confirma\u00e7\u00f5es s\u00e3o de pacientes residentes em localidades da zona rural. <strong>Em 2025, especificamente no munic\u00edpio de Baturit\u00e9, a transmiss\u00e3o tamb\u00e9m foi observada na \u00e1rea urbana<\/strong>.<\/p>\n<p>&nbsp;<\/p>\n<p>Na <strong>zona rural<\/strong>, s\u00e3o consideradas \u00e1reas de maior risco: \u00e1reas baixas de encostas com \u00e1gua corrente utilizada para a agricultura; presen\u00e7a de planta\u00e7\u00f5es que geram sombreamento e ac\u00famulo de mat\u00e9ria org\u00e2nica, planta\u00e7\u00f5es de banana e chuchu junto a vegeta\u00e7\u00e3o natural; resid\u00eancias de alvenaria constru\u00eddas a menos de 5 metros das \u00e1reas de cultivo; locais protegidos de ventos fortes e com maior umidade do ar em rela\u00e7\u00e3o a \u00e1reas vizinhas.<\/p>\n<p>&nbsp;<\/p>\n<p>Por outro lado, na <strong>\u00e1rea urbana<\/strong>, localidades com presen\u00e7a de cria\u00e7\u00e3o de animais como galinhas e porcos, dep\u00f3sitos de mat\u00e9ria org\u00e2nica (fezes de animais, restos de folhas, frutos e alimentos), pequenas planta\u00e7\u00f5es de banana, outras \u00e1rvores frut\u00edferas em quintais e hortas em geral, s\u00e3o prop\u00edcias \u00e0 reprodu\u00e7\u00e3o do vetor.<\/p>\n<p>&nbsp;<\/p>\n<p><img loading=\"lazy\" decoding=\"async\" class=\"aligncenter wp-image-134474\" src=\"https:\/\/ww16.ce.gov.br\/saude\/wp-content\/uploads\/sites\/64\/2024\/08\/Arte-com-metodos-de-prevencao-1.png-Arte-tipo-topo-de-materia-1-600x1218.png\" alt=\"\" width=\"775\" height=\"1574\" srcset=\"https:\/\/ww16.ce.gov.br\/saude\/wp-content\/uploads\/sites\/64\/2024\/08\/Arte-com-metodos-de-prevencao-1.png-Arte-tipo-topo-de-materia-1-600x1218.png 600w, https:\/\/ww16.ce.gov.br\/saude\/wp-content\/uploads\/sites\/64\/2024\/08\/Arte-com-metodos-de-prevencao-1.png-Arte-tipo-topo-de-materia-1-768x1559.png 768w, https:\/\/ww16.ce.gov.br\/saude\/wp-content\/uploads\/sites\/64\/2024\/08\/Arte-com-metodos-de-prevencao-1.png-Arte-tipo-topo-de-materia-1-756x1536.png 756w, https:\/\/ww16.ce.gov.br\/saude\/wp-content\/uploads\/sites\/64\/2024\/08\/Arte-com-metodos-de-prevencao-1.png-Arte-tipo-topo-de-materia-1-1009x2048.png 1009w, https:\/\/ww16.ce.gov.br\/saude\/wp-content\/uploads\/sites\/64\/2024\/08\/Arte-com-metodos-de-prevencao-1.png-Arte-tipo-topo-de-materia-1.png 1080w\" sizes=\"auto, (max-width: 775px) 100vw, 775px\" \/><\/p>\n<h3 class=\"-laranja\"><span style=\"color: #028245\"><strong>E se eu estiver com sintomas?<\/strong><\/span><\/h3>\n<p>&nbsp;<\/p>\n<p>Em caso de sintomas (febre, dor de cabe\u00e7a, dor no corpo, v\u00f4mito, n\u00e1useas), o paciente deve procurar a unidade de sa\u00fade mais pr\u00f3xima.<\/p>\n<p>&nbsp;<\/p>\n<p>O atendimento \u00e9 fundamental para realiza\u00e7\u00e3o de exame e diagn\u00f3stico correto. Se confirmado, o paciente pode receber as orienta\u00e7\u00f5es corretas, al\u00e9m de gerar dados para a\u00e7\u00f5es locais da Vigil\u00e2ncia em Sa\u00fade.<\/p>\n<p>&nbsp;<\/p>\n<ul class=\"ListaEst\">\n<li><a href=\"https:\/\/ww16.ce.gov.br\/saude\/tag\/oropouche\/\" rel=\"noopener noreferrer\">Acesse not\u00edcias sobre a febre do Oropouche<\/a><\/li>\n<\/ul>\n","protected":false},"excerpt":{"rendered":"<p>&nbsp; Voc\u00ea sabe o que \u00e9? &nbsp; A febre do Oropouche (FO) \u00e9 uma doen\u00e7a viral transmitida pelo inseto Culicoides paraensis, conhecido como maruim, polvinha ou mosquito-p\u00f3lvora, entre outras denomina\u00e7\u00f5es. &nbsp; A doen\u00e7a \u00e9 considerada uma arbovirose, assim como a dengue e a chikungunya, por exemplo. Esse grupo de doen\u00e7as t\u00eam como caracter\u00edstica serem causadas [&hellip;]<\/p>\n","protected":false},"author":767,"featured_media":134263,"parent":0,"menu_order":0,"comment_status":"closed","ping_status":"closed","template":"","meta":{"_acf_changed":false,"inline_featured_image":false,"footnotes":""},"class_list":["post-134382","page","type-page","status-publish","has-post-thumbnail","hentry"],"acf":[],"yoast_head":"<!-- This site is optimized with the Yoast SEO plugin v26.9 - https:\/\/yoast.com\/product\/yoast-seo-wordpress\/ -->\n<title>Febre do Oropouche<\/title>\n<meta name=\"description\" content=\"Saiba mais sobre a doen\u00e7a, sintomas, formas de transmiss\u00e3o e tratamento. Nesta p\u00e1gina, a Sesa disponibiliza tamb\u00e9m notas, boletins e material educativo.\" \/>\n<meta name=\"robots\" content=\"index, follow, max-snippet:-1, max-image-preview:large, max-video-preview:-1\" \/>\n<link rel=\"canonical\" href=\"https:\/\/ww16.ce.gov.br\/saude\/febre-oropouche\/\" \/>\n<meta property=\"og:locale\" content=\"pt_BR\" \/>\n<meta property=\"og:type\" content=\"article\" \/>\n<meta property=\"og:title\" content=\"Febre do Oropouche\" \/>\n<meta property=\"og:description\" content=\"Saiba mais sobre a doen\u00e7a, sintomas, formas de transmiss\u00e3o e tratamento. Nesta p\u00e1gina, a Sesa disponibiliza tamb\u00e9m notas, boletins e material educativo.\" \/>\n<meta property=\"og:url\" content=\"https:\/\/ww16.ce.gov.br\/saude\/febre-oropouche\/\" \/>\n<meta property=\"og:site_name\" content=\"Secretaria da Sa\u00fade do Cear\u00e1\" \/>\n<meta property=\"article:modified_time\" content=\"2025-05-27T19:32:07+00:00\" \/>\n<meta property=\"og:image\" content=\"https:\/\/ww16.ce.gov.br\/saude\/wp-content\/uploads\/sites\/64\/2024\/08\/WhatsApp-Image-2024-06-27-at-09.33.57-1-e1719495157934-1200x772-1.jpeg\" \/>\n\t<meta property=\"og:image:width\" content=\"1200\" \/>\n\t<meta property=\"og:image:height\" content=\"772\" \/>\n\t<meta property=\"og:image:type\" content=\"image\/jpeg\" \/>\n<meta name=\"twitter:card\" content=\"summary_large_image\" \/>\n<meta name=\"twitter:label1\" content=\"Est. reading time\" \/>\n\t<meta name=\"twitter:data1\" content=\"4 minutos\" \/>\n<script type=\"application\/ld+json\" class=\"yoast-schema-graph\">{\"@context\":\"https:\/\/schema.org\",\"@graph\":[{\"@type\":\"WebPage\",\"@id\":\"https:\/\/ww16.ce.gov.br\/saude\/febre-oropouche\/\",\"url\":\"https:\/\/ww16.ce.gov.br\/saude\/febre-oropouche\/\",\"name\":\"Febre do Oropouche\",\"isPartOf\":{\"@id\":\"https:\/\/ww16.ce.gov.br\/saude\/#website\"},\"primaryImageOfPage\":{\"@id\":\"https:\/\/ww16.ce.gov.br\/saude\/febre-oropouche\/#primaryimage\"},\"image\":{\"@id\":\"https:\/\/ww16.ce.gov.br\/saude\/febre-oropouche\/#primaryimage\"},\"thumbnailUrl\":\"https:\/\/ww16.ce.gov.br\/saude\/wp-content\/uploads\/sites\/64\/2024\/08\/WhatsApp-Image-2024-06-27-at-09.33.57-1-e1719495157934-1200x772-1.jpeg\",\"datePublished\":\"2024-08-08T16:17:29+00:00\",\"dateModified\":\"2025-05-27T19:32:07+00:00\",\"description\":\"Saiba mais sobre a doen\u00e7a, sintomas, formas de transmiss\u00e3o e tratamento. Nesta p\u00e1gina, a Sesa disponibiliza tamb\u00e9m notas, boletins e material educativo.\",\"inLanguage\":\"pt-BR\",\"potentialAction\":[{\"@type\":\"ReadAction\",\"target\":[\"https:\/\/ww16.ce.gov.br\/saude\/febre-oropouche\/\"]}]},{\"@type\":\"ImageObject\",\"inLanguage\":\"pt-BR\",\"@id\":\"https:\/\/ww16.ce.gov.br\/saude\/febre-oropouche\/#primaryimage\",\"url\":\"https:\/\/ww16.ce.gov.br\/saude\/wp-content\/uploads\/sites\/64\/2024\/08\/WhatsApp-Image-2024-06-27-at-09.33.57-1-e1719495157934-1200x772-1.jpeg\",\"contentUrl\":\"https:\/\/ww16.ce.gov.br\/saude\/wp-content\/uploads\/sites\/64\/2024\/08\/WhatsApp-Image-2024-06-27-at-09.33.57-1-e1719495157934-1200x772-1.jpeg\",\"width\":1200,\"height\":772},{\"@type\":\"WebSite\",\"@id\":\"https:\/\/ww16.ce.gov.br\/saude\/#website\",\"url\":\"https:\/\/ww16.ce.gov.br\/saude\/\",\"name\":\"Secretaria da Sa\u00fade\",\"description\":\"Secretaria da Sa\u00fade do Cear\u00e1\",\"publisher\":{\"@id\":\"https:\/\/ww16.ce.gov.br\/saude\/#organization\"},\"potentialAction\":[{\"@type\":\"SearchAction\",\"target\":{\"@type\":\"EntryPoint\",\"urlTemplate\":\"https:\/\/ww16.ce.gov.br\/saude\/?s={search_term_string}\"},\"query-input\":{\"@type\":\"PropertyValueSpecification\",\"valueRequired\":true,\"valueName\":\"search_term_string\"}}],\"inLanguage\":\"pt-BR\"},{\"@type\":\"Organization\",\"@id\":\"https:\/\/ww16.ce.gov.br\/saude\/#organization\",\"name\":\"Secretaria da Sa\u00fade\",\"url\":\"https:\/\/ww16.ce.gov.br\/saude\/\",\"logo\":{\"@type\":\"ImageObject\",\"inLanguage\":\"pt-BR\",\"@id\":\"https:\/\/ww16.ce.gov.br\/saude\/#\/schema\/logo\/image\/\",\"url\":\"http:\/\/ww16.ce.gov.br\/saude\/wp-content\/uploads\/sites\/9\/2017\/11\/clara.png\",\"contentUrl\":\"http:\/\/ww16.ce.gov.br\/saude\/wp-content\/uploads\/sites\/9\/2017\/11\/clara.png\",\"width\":559,\"height\":106,\"caption\":\"Secretaria da Sa\u00fade\"},\"image\":{\"@id\":\"https:\/\/ww16.ce.gov.br\/saude\/#\/schema\/logo\/image\/\"}}]}<\/script>\n<!-- \/ Yoast SEO plugin. -->","yoast_head_json":{"title":"Febre do Oropouche","description":"Saiba mais sobre a doen\u00e7a, sintomas, formas de transmiss\u00e3o e tratamento. Nesta p\u00e1gina, a Sesa disponibiliza tamb\u00e9m notas, boletins e material educativo.","robots":{"index":"index","follow":"follow","max-snippet":"max-snippet:-1","max-image-preview":"max-image-preview:large","max-video-preview":"max-video-preview:-1"},"canonical":"https:\/\/ww16.ce.gov.br\/saude\/febre-oropouche\/","og_locale":"pt_BR","og_type":"article","og_title":"Febre do Oropouche","og_description":"Saiba mais sobre a doen\u00e7a, sintomas, formas de transmiss\u00e3o e tratamento. Nesta p\u00e1gina, a Sesa disponibiliza tamb\u00e9m notas, boletins e material educativo.","og_url":"https:\/\/ww16.ce.gov.br\/saude\/febre-oropouche\/","og_site_name":"Secretaria da Sa\u00fade do Cear\u00e1","article_modified_time":"2025-05-27T19:32:07+00:00","og_image":[{"width":1200,"height":772,"url":"https:\/\/ww16.ce.gov.br\/saude\/wp-content\/uploads\/sites\/64\/2024\/08\/WhatsApp-Image-2024-06-27-at-09.33.57-1-e1719495157934-1200x772-1.jpeg","type":"image\/jpeg"}],"twitter_card":"summary_large_image","twitter_misc":{"Est. reading time":"4 minutos"},"schema":{"@context":"https:\/\/schema.org","@graph":[{"@type":"WebPage","@id":"https:\/\/ww16.ce.gov.br\/saude\/febre-oropouche\/","url":"https:\/\/ww16.ce.gov.br\/saude\/febre-oropouche\/","name":"Febre do Oropouche","isPartOf":{"@id":"https:\/\/ww16.ce.gov.br\/saude\/#website"},"primaryImageOfPage":{"@id":"https:\/\/ww16.ce.gov.br\/saude\/febre-oropouche\/#primaryimage"},"image":{"@id":"https:\/\/ww16.ce.gov.br\/saude\/febre-oropouche\/#primaryimage"},"thumbnailUrl":"https:\/\/ww16.ce.gov.br\/saude\/wp-content\/uploads\/sites\/64\/2024\/08\/WhatsApp-Image-2024-06-27-at-09.33.57-1-e1719495157934-1200x772-1.jpeg","datePublished":"2024-08-08T16:17:29+00:00","dateModified":"2025-05-27T19:32:07+00:00","description":"Saiba mais sobre a doen\u00e7a, sintomas, formas de transmiss\u00e3o e tratamento. Nesta p\u00e1gina, a Sesa disponibiliza tamb\u00e9m notas, boletins e material educativo.","inLanguage":"pt-BR","potentialAction":[{"@type":"ReadAction","target":["https:\/\/ww16.ce.gov.br\/saude\/febre-oropouche\/"]}]},{"@type":"ImageObject","inLanguage":"pt-BR","@id":"https:\/\/ww16.ce.gov.br\/saude\/febre-oropouche\/#primaryimage","url":"https:\/\/ww16.ce.gov.br\/saude\/wp-content\/uploads\/sites\/64\/2024\/08\/WhatsApp-Image-2024-06-27-at-09.33.57-1-e1719495157934-1200x772-1.jpeg","contentUrl":"https:\/\/ww16.ce.gov.br\/saude\/wp-content\/uploads\/sites\/64\/2024\/08\/WhatsApp-Image-2024-06-27-at-09.33.57-1-e1719495157934-1200x772-1.jpeg","width":1200,"height":772},{"@type":"WebSite","@id":"https:\/\/ww16.ce.gov.br\/saude\/#website","url":"https:\/\/ww16.ce.gov.br\/saude\/","name":"Secretaria da Sa\u00fade","description":"Secretaria da Sa\u00fade do Cear\u00e1","publisher":{"@id":"https:\/\/ww16.ce.gov.br\/saude\/#organization"},"potentialAction":[{"@type":"SearchAction","target":{"@type":"EntryPoint","urlTemplate":"https:\/\/ww16.ce.gov.br\/saude\/?s={search_term_string}"},"query-input":{"@type":"PropertyValueSpecification","valueRequired":true,"valueName":"search_term_string"}}],"inLanguage":"pt-BR"},{"@type":"Organization","@id":"https:\/\/ww16.ce.gov.br\/saude\/#organization","name":"Secretaria da Sa\u00fade","url":"https:\/\/ww16.ce.gov.br\/saude\/","logo":{"@type":"ImageObject","inLanguage":"pt-BR","@id":"https:\/\/ww16.ce.gov.br\/saude\/#\/schema\/logo\/image\/","url":"http:\/\/ww16.ce.gov.br\/saude\/wp-content\/uploads\/sites\/9\/2017\/11\/clara.png","contentUrl":"http:\/\/ww16.ce.gov.br\/saude\/wp-content\/uploads\/sites\/9\/2017\/11\/clara.png","width":559,"height":106,"caption":"Secretaria da Sa\u00fade"},"image":{"@id":"https:\/\/ww16.ce.gov.br\/saude\/#\/schema\/logo\/image\/"}}]}},"_links":{"self":[{"href":"https:\/\/ww16.ce.gov.br\/saude\/wp-json\/wp\/v2\/pages\/134382","targetHints":{"allow":["GET"]}}],"collection":[{"href":"https:\/\/ww16.ce.gov.br\/saude\/wp-json\/wp\/v2\/pages"}],"about":[{"href":"https:\/\/ww16.ce.gov.br\/saude\/wp-json\/wp\/v2\/types\/page"}],"author":[{"embeddable":true,"href":"https:\/\/ww16.ce.gov.br\/saude\/wp-json\/wp\/v2\/users\/767"}],"replies":[{"embeddable":true,"href":"https:\/\/ww16.ce.gov.br\/saude\/wp-json\/wp\/v2\/comments?post=134382"}],"version-history":[{"count":22,"href":"https:\/\/ww16.ce.gov.br\/saude\/wp-json\/wp\/v2\/pages\/134382\/revisions"}],"predecessor-version":[{"id":141973,"href":"https:\/\/ww16.ce.gov.br\/saude\/wp-json\/wp\/v2\/pages\/134382\/revisions\/141973"}],"wp:featuredmedia":[{"embeddable":true,"href":"https:\/\/ww16.ce.gov.br\/saude\/wp-json\/wp\/v2\/media\/134263"}],"wp:attachment":[{"href":"https:\/\/ww16.ce.gov.br\/saude\/wp-json\/wp\/v2\/media?parent=134382"}],"curies":[{"name":"wp","href":"https:\/\/api.w.org\/{rel}","templated":true}]}}