{"id":132519,"date":"2024-06-18T17:56:05","date_gmt":"2024-06-18T20:56:05","guid":{"rendered":"http:\/\/ww16.ce.gov.br\/saude\/?page_id=132519"},"modified":"2026-03-05T14:35:05","modified_gmt":"2026-03-05T17:35:05","slug":"rede-ponto-de-luz","status":"publish","type":"page","link":"https:\/\/ww16.ce.gov.br\/saude\/rede-ponto-de-luz\/","title":{"rendered":"Rede Pontos de Luz"},"content":{"rendered":"\n<h3 class=\"wp-block-heading\"><\/h3>\n\n\n\n<h3 class=\"wp-block-heading\"><strong>Viol\u00eancia sexual \u00e9 crime.<\/strong><\/h3>\n\n\n\n<p>Voc\u00ea n\u00e3o est\u00e1 sozinho(a)!<br>Rede Pontos de Luz: para ouvir, orientar e cuidar.\u00a0<\/p>\n\n\n\n<h3 class=\"wp-block-heading destacado\"><strong>O que \u00e9?<\/strong><\/h3>\n\n\n\n<p>A Rede de Aten\u00e7\u00e3o \u00e0 Sa\u00fade das Pessoas em Situa\u00e7\u00e3o de Viol\u00eancia Sexual e Dom\u00e9stica (Rede Pontos de Luz) consiste em um conjunto de servi\u00e7os organizados para acolher as pessoas com diversas especificidades de situa\u00e7\u00f5es de viol\u00eancia, contemplando servi\u00e7os<br>ambulatoriais e hospitalares.<\/p>\n\n\n\n<h3 class=\"wp-block-heading\"><strong>Na regi\u00e3o de Sa\u00fade de Fortaleza, os seguintes servi\u00e7os da Rede Sesa s\u00e3o refer\u00eancia para o atendimento:<\/strong><\/h3>\n\n\n\n<ul class=\"wp-block-list\">\n<li>Hospital Geral de Fortaleza (HGF): Programa Flor de L\u00f3tus<\/li>\n\n\n\n<li>Hospital Infantil Albert Sabin (Hias): Ponto de Luz Hias<\/li>\n\n\n\n<li>Hospital Geral C\u00e9sar Cals (HGCC): Programa Vit\u00f3ria R\u00e9gia<\/li>\n\n\n\n<li>Hospital Regional Norte (HRN): Ponto de Luz HRN<\/li>\n<\/ul>\n\n\n\n<h3 class=\"wp-block-heading\"><strong>Na aten\u00e7\u00e3o aos pacientes, a Rede Pontos de Luz tem como pontos-chave:<\/strong><\/h3>\n\n\n\n<ul class=\"wp-block-list\">\n<li><strong>Acolhimento<\/strong> humanizado para que voc\u00ea seja ouvida(o) atentamente, sem julgamento, questionamento e\/ou preconceitos.<\/li>\n\n\n\n<li><strong>Confidencialidade<\/strong> <strong>e sigilo<\/strong> em um ambiente seguro e privativo para que voc\u00ea possa falar abertamente sobre as situa\u00e7\u00f5es vivenciadas, sem medo de julgamentos.<\/li>\n\n\n\n<li><strong>Equipe multiprofissional<\/strong> para um atendimento inegral.<\/li>\n\n\n\n<li><strong>Profilaxias<\/strong> para o acesso a preven\u00e7\u00e3o de gest\u00e3o indesejada e\/ou Infec\u00e7\u00f5es Sexualmente Transmiss\u00edveis.<\/li>\n\n\n\n<li><strong>Informa\u00e7\u00e3o e orienta\u00e7\u00e3o<\/strong> para que voc\u00ea possa conhecer sobre seus direitos e encaminhamentos necess\u00e1rios.<\/li>\n<\/ul>\n\n\n\n<h3 class=\"wp-block-heading\"><strong>Disque 100<\/strong><br>Secretaria Municipal de Direitos Humanos<\/h3>\n\n\n\n<h3 class=\"wp-block-heading\"><strong>Disque 180<\/strong><br>Central de Atendimento \u00e0 Mulher\u00a0<\/h3>\n\n\n\n<ul class=\"wp-block-list\">\n<li><a href=\"https:\/\/ww16.ce.gov.br\/saude\/wp-content\/uploads\/sites\/64\/2024\/06\/Folder-Rede-Ponto-de-Luz.pdf\">Folder Rede Pontos de Luz<\/a><\/li>\n\n\n\n<li><a href=\"https:\/\/ww16.ce.gov.br\/saude\/wp-content\/uploads\/sites\/64\/2022\/02\/Cuidado_a_Saude_da_Crianca_Adolescente_e_Mulher_em_Situacao_de_Violencia.pdf\">Cuidado a sa\u00fade da crian\u00e7a, adolescente e mulher em situa\u00e7\u00e3o de viol\u00eancia<\/a><\/li>\n<\/ul>\n\n\n\n<figure class=\"wp-block-image aligncenter\"><img loading=\"lazy\" decoding=\"async\" width=\"1200\" height=\"960\" src=\"https:\/\/ww16.ce.gov.br\/saude\/wp-content\/uploads\/sites\/64\/2024\/06\/Logo-Pnto_de_Luz-2022-02-1200x960.png\" alt=\"\" class=\"wp-image-132533\" srcset=\"https:\/\/ww16.ce.gov.br\/saude\/wp-content\/uploads\/sites\/64\/2024\/06\/Logo-Pnto_de_Luz-2022-02-1200x960.png 1200w, https:\/\/ww16.ce.gov.br\/saude\/wp-content\/uploads\/sites\/64\/2024\/06\/Logo-Pnto_de_Luz-2022-02-600x480.png 600w, https:\/\/ww16.ce.gov.br\/saude\/wp-content\/uploads\/sites\/64\/2024\/06\/Logo-Pnto_de_Luz-2022-02-768x614.png 768w, https:\/\/ww16.ce.gov.br\/saude\/wp-content\/uploads\/sites\/64\/2024\/06\/Logo-Pnto_de_Luz-2022-02-1536x1229.png 1536w, https:\/\/ww16.ce.gov.br\/saude\/wp-content\/uploads\/sites\/64\/2024\/06\/Logo-Pnto_de_Luz-2022-02-2048x1638.png 2048w\" sizes=\"auto, (max-width: 1200px) 100vw, 1200px\" \/><\/figure>\n\n\n\n<p><\/p>\n","protected":false},"excerpt":{"rendered":"<p>Viol\u00eancia sexual \u00e9 crime. Voc\u00ea n\u00e3o est\u00e1 sozinho(a)!Rede Pontos de Luz: para ouvir, orientar e cuidar.\u00a0 O que \u00e9? A Rede de Aten\u00e7\u00e3o \u00e0 Sa\u00fade das Pessoas em Situa\u00e7\u00e3o de Viol\u00eancia Sexual e Dom\u00e9stica (Rede Pontos de Luz) consiste em um conjunto de servi\u00e7os organizados para acolher as pessoas com diversas especificidades de situa\u00e7\u00f5es de [&hellip;]<\/p>\n","protected":false},"author":778,"featured_media":0,"parent":0,"menu_order":0,"comment_status":"closed","ping_status":"closed","template":"","meta":{"_acf_changed":false,"inline_featured_image":false,"footnotes":""},"class_list":["post-132519","page","type-page","status-publish","hentry"],"acf":[],"yoast_head":"<!-- This site is optimized with the Yoast SEO plugin v26.9 - https:\/\/yoast.com\/product\/yoast-seo-wordpress\/ -->\n<title>Rede Pontos de Luz - Secretaria da Sa\u00fade do Cear\u00e1<\/title>\n<meta name=\"robots\" content=\"index, follow, max-snippet:-1, max-image-preview:large, max-video-preview:-1\" \/>\n<link rel=\"canonical\" href=\"https:\/\/ww16.ce.gov.br\/saude\/rede-ponto-de-luz\/\" \/>\n<meta property=\"og:locale\" content=\"pt_BR\" \/>\n<meta property=\"og:type\" content=\"article\" \/>\n<meta property=\"og:title\" content=\"Rede Pontos de Luz - Secretaria da Sa\u00fade do Cear\u00e1\" \/>\n<meta property=\"og:description\" content=\"Viol\u00eancia sexual \u00e9 crime. Voc\u00ea n\u00e3o est\u00e1 sozinho(a)!Rede Pontos de Luz: para ouvir, orientar e cuidar.\u00a0 O que \u00e9? A Rede de Aten\u00e7\u00e3o \u00e0 Sa\u00fade das Pessoas em Situa\u00e7\u00e3o de Viol\u00eancia Sexual e Dom\u00e9stica (Rede Pontos de Luz) consiste em um conjunto de servi\u00e7os organizados para acolher as pessoas com diversas especificidades de situa\u00e7\u00f5es de [&hellip;]\" \/>\n<meta property=\"og:url\" content=\"https:\/\/ww16.ce.gov.br\/saude\/rede-ponto-de-luz\/\" \/>\n<meta property=\"og:site_name\" content=\"Secretaria da Sa\u00fade do Cear\u00e1\" \/>\n<meta property=\"article:modified_time\" content=\"2026-03-05T17:35:05+00:00\" \/>\n<meta property=\"og:image\" content=\"http:\/\/ww16.ce.gov.br\/saude\/wp-content\/uploads\/sites\/64\/2024\/06\/Logo-Pnto_de_Luz-2022-02-1200x960.png\" \/>\n<meta name=\"twitter:card\" content=\"summary_large_image\" \/>\n<meta name=\"twitter:label1\" content=\"Est. reading time\" \/>\n\t<meta name=\"twitter:data1\" content=\"2 minutos\" \/>\n<script type=\"application\/ld+json\" class=\"yoast-schema-graph\">{\"@context\":\"https:\/\/schema.org\",\"@graph\":[{\"@type\":\"WebPage\",\"@id\":\"https:\/\/ww16.ce.gov.br\/saude\/rede-ponto-de-luz\/\",\"url\":\"https:\/\/ww16.ce.gov.br\/saude\/rede-ponto-de-luz\/\",\"name\":\"Rede Pontos de Luz - Secretaria da Sa\u00fade do Cear\u00e1\",\"isPartOf\":{\"@id\":\"https:\/\/ww16.ce.gov.br\/saude\/#website\"},\"primaryImageOfPage\":{\"@id\":\"https:\/\/ww16.ce.gov.br\/saude\/rede-ponto-de-luz\/#primaryimage\"},\"image\":{\"@id\":\"https:\/\/ww16.ce.gov.br\/saude\/rede-ponto-de-luz\/#primaryimage\"},\"thumbnailUrl\":\"http:\/\/ww16.ce.gov.br\/saude\/wp-content\/uploads\/sites\/64\/2024\/06\/Logo-Pnto_de_Luz-2022-02-1200x960.png\",\"datePublished\":\"2024-06-18T20:56:05+00:00\",\"dateModified\":\"2026-03-05T17:35:05+00:00\",\"breadcrumb\":{\"@id\":\"https:\/\/ww16.ce.gov.br\/saude\/rede-ponto-de-luz\/#breadcrumb\"},\"inLanguage\":\"pt-BR\",\"potentialAction\":[{\"@type\":\"ReadAction\",\"target\":[\"https:\/\/ww16.ce.gov.br\/saude\/rede-ponto-de-luz\/\"]}]},{\"@type\":\"ImageObject\",\"inLanguage\":\"pt-BR\",\"@id\":\"https:\/\/ww16.ce.gov.br\/saude\/rede-ponto-de-luz\/#primaryimage\",\"url\":\"https:\/\/ww16.ce.gov.br\/saude\/wp-content\/uploads\/sites\/64\/2024\/06\/Logo-Pnto_de_Luz-2022-02.png\",\"contentUrl\":\"https:\/\/ww16.ce.gov.br\/saude\/wp-content\/uploads\/sites\/64\/2024\/06\/Logo-Pnto_de_Luz-2022-02.png\",\"width\":5334,\"height\":4267},{\"@type\":\"BreadcrumbList\",\"@id\":\"https:\/\/ww16.ce.gov.br\/saude\/rede-ponto-de-luz\/#breadcrumb\",\"itemListElement\":[{\"@type\":\"ListItem\",\"position\":1,\"name\":\"In\u00edcio\",\"item\":\"https:\/\/ww16.ce.gov.br\/saude\/\"},{\"@type\":\"ListItem\",\"position\":2,\"name\":\"Rede Pontos de Luz\"}]},{\"@type\":\"WebSite\",\"@id\":\"https:\/\/ww16.ce.gov.br\/saude\/#website\",\"url\":\"https:\/\/ww16.ce.gov.br\/saude\/\",\"name\":\"Secretaria da Sa\u00fade\",\"description\":\"Secretaria da Sa\u00fade do Cear\u00e1\",\"publisher\":{\"@id\":\"https:\/\/ww16.ce.gov.br\/saude\/#organization\"},\"potentialAction\":[{\"@type\":\"SearchAction\",\"target\":{\"@type\":\"EntryPoint\",\"urlTemplate\":\"https:\/\/ww16.ce.gov.br\/saude\/?s={search_term_string}\"},\"query-input\":{\"@type\":\"PropertyValueSpecification\",\"valueRequired\":true,\"valueName\":\"search_term_string\"}}],\"inLanguage\":\"pt-BR\"},{\"@type\":\"Organization\",\"@id\":\"https:\/\/ww16.ce.gov.br\/saude\/#organization\",\"name\":\"Secretaria da Sa\u00fade\",\"url\":\"https:\/\/ww16.ce.gov.br\/saude\/\",\"logo\":{\"@type\":\"ImageObject\",\"inLanguage\":\"pt-BR\",\"@id\":\"https:\/\/ww16.ce.gov.br\/saude\/#\/schema\/logo\/image\/\",\"url\":\"http:\/\/ww16.ce.gov.br\/saude\/wp-content\/uploads\/sites\/9\/2017\/11\/clara.png\",\"contentUrl\":\"http:\/\/ww16.ce.gov.br\/saude\/wp-content\/uploads\/sites\/9\/2017\/11\/clara.png\",\"width\":559,\"height\":106,\"caption\":\"Secretaria da Sa\u00fade\"},\"image\":{\"@id\":\"https:\/\/ww16.ce.gov.br\/saude\/#\/schema\/logo\/image\/\"}}]}<\/script>\n<!-- \/ Yoast SEO plugin. -->","yoast_head_json":{"title":"Rede Pontos de Luz - Secretaria da Sa\u00fade do Cear\u00e1","robots":{"index":"index","follow":"follow","max-snippet":"max-snippet:-1","max-image-preview":"max-image-preview:large","max-video-preview":"max-video-preview:-1"},"canonical":"https:\/\/ww16.ce.gov.br\/saude\/rede-ponto-de-luz\/","og_locale":"pt_BR","og_type":"article","og_title":"Rede Pontos de Luz - Secretaria da Sa\u00fade do Cear\u00e1","og_description":"Viol\u00eancia sexual \u00e9 crime. Voc\u00ea n\u00e3o est\u00e1 sozinho(a)!Rede Pontos de Luz: para ouvir, orientar e cuidar.\u00a0 O que \u00e9? A Rede de Aten\u00e7\u00e3o \u00e0 Sa\u00fade das Pessoas em Situa\u00e7\u00e3o de Viol\u00eancia Sexual e Dom\u00e9stica (Rede Pontos de Luz) consiste em um conjunto de servi\u00e7os organizados para acolher as pessoas com diversas especificidades de situa\u00e7\u00f5es de [&hellip;]","og_url":"https:\/\/ww16.ce.gov.br\/saude\/rede-ponto-de-luz\/","og_site_name":"Secretaria da Sa\u00fade do Cear\u00e1","article_modified_time":"2026-03-05T17:35:05+00:00","og_image":[{"url":"http:\/\/ww16.ce.gov.br\/saude\/wp-content\/uploads\/sites\/64\/2024\/06\/Logo-Pnto_de_Luz-2022-02-1200x960.png","type":"","width":"","height":""}],"twitter_card":"summary_large_image","twitter_misc":{"Est. reading time":"2 minutos"},"schema":{"@context":"https:\/\/schema.org","@graph":[{"@type":"WebPage","@id":"https:\/\/ww16.ce.gov.br\/saude\/rede-ponto-de-luz\/","url":"https:\/\/ww16.ce.gov.br\/saude\/rede-ponto-de-luz\/","name":"Rede Pontos de Luz - Secretaria da Sa\u00fade do Cear\u00e1","isPartOf":{"@id":"https:\/\/ww16.ce.gov.br\/saude\/#website"},"primaryImageOfPage":{"@id":"https:\/\/ww16.ce.gov.br\/saude\/rede-ponto-de-luz\/#primaryimage"},"image":{"@id":"https:\/\/ww16.ce.gov.br\/saude\/rede-ponto-de-luz\/#primaryimage"},"thumbnailUrl":"http:\/\/ww16.ce.gov.br\/saude\/wp-content\/uploads\/sites\/64\/2024\/06\/Logo-Pnto_de_Luz-2022-02-1200x960.png","datePublished":"2024-06-18T20:56:05+00:00","dateModified":"2026-03-05T17:35:05+00:00","breadcrumb":{"@id":"https:\/\/ww16.ce.gov.br\/saude\/rede-ponto-de-luz\/#breadcrumb"},"inLanguage":"pt-BR","potentialAction":[{"@type":"ReadAction","target":["https:\/\/ww16.ce.gov.br\/saude\/rede-ponto-de-luz\/"]}]},{"@type":"ImageObject","inLanguage":"pt-BR","@id":"https:\/\/ww16.ce.gov.br\/saude\/rede-ponto-de-luz\/#primaryimage","url":"https:\/\/ww16.ce.gov.br\/saude\/wp-content\/uploads\/sites\/64\/2024\/06\/Logo-Pnto_de_Luz-2022-02.png","contentUrl":"https:\/\/ww16.ce.gov.br\/saude\/wp-content\/uploads\/sites\/64\/2024\/06\/Logo-Pnto_de_Luz-2022-02.png","width":5334,"height":4267},{"@type":"BreadcrumbList","@id":"https:\/\/ww16.ce.gov.br\/saude\/rede-ponto-de-luz\/#breadcrumb","itemListElement":[{"@type":"ListItem","position":1,"name":"In\u00edcio","item":"https:\/\/ww16.ce.gov.br\/saude\/"},{"@type":"ListItem","position":2,"name":"Rede Pontos de Luz"}]},{"@type":"WebSite","@id":"https:\/\/ww16.ce.gov.br\/saude\/#website","url":"https:\/\/ww16.ce.gov.br\/saude\/","name":"Secretaria da Sa\u00fade","description":"Secretaria da Sa\u00fade do Cear\u00e1","publisher":{"@id":"https:\/\/ww16.ce.gov.br\/saude\/#organization"},"potentialAction":[{"@type":"SearchAction","target":{"@type":"EntryPoint","urlTemplate":"https:\/\/ww16.ce.gov.br\/saude\/?s={search_term_string}"},"query-input":{"@type":"PropertyValueSpecification","valueRequired":true,"valueName":"search_term_string"}}],"inLanguage":"pt-BR"},{"@type":"Organization","@id":"https:\/\/ww16.ce.gov.br\/saude\/#organization","name":"Secretaria da Sa\u00fade","url":"https:\/\/ww16.ce.gov.br\/saude\/","logo":{"@type":"ImageObject","inLanguage":"pt-BR","@id":"https:\/\/ww16.ce.gov.br\/saude\/#\/schema\/logo\/image\/","url":"http:\/\/ww16.ce.gov.br\/saude\/wp-content\/uploads\/sites\/9\/2017\/11\/clara.png","contentUrl":"http:\/\/ww16.ce.gov.br\/saude\/wp-content\/uploads\/sites\/9\/2017\/11\/clara.png","width":559,"height":106,"caption":"Secretaria da Sa\u00fade"},"image":{"@id":"https:\/\/ww16.ce.gov.br\/saude\/#\/schema\/logo\/image\/"}}]}},"_links":{"self":[{"href":"https:\/\/ww16.ce.gov.br\/saude\/wp-json\/wp\/v2\/pages\/132519","targetHints":{"allow":["GET"]}}],"collection":[{"href":"https:\/\/ww16.ce.gov.br\/saude\/wp-json\/wp\/v2\/pages"}],"about":[{"href":"https:\/\/ww16.ce.gov.br\/saude\/wp-json\/wp\/v2\/types\/page"}],"author":[{"embeddable":true,"href":"https:\/\/ww16.ce.gov.br\/saude\/wp-json\/wp\/v2\/users\/778"}],"replies":[{"embeddable":true,"href":"https:\/\/ww16.ce.gov.br\/saude\/wp-json\/wp\/v2\/comments?post=132519"}],"version-history":[{"count":21,"href":"https:\/\/ww16.ce.gov.br\/saude\/wp-json\/wp\/v2\/pages\/132519\/revisions"}],"predecessor-version":[{"id":150737,"href":"https:\/\/ww16.ce.gov.br\/saude\/wp-json\/wp\/v2\/pages\/132519\/revisions\/150737"}],"wp:attachment":[{"href":"https:\/\/ww16.ce.gov.br\/saude\/wp-json\/wp\/v2\/media?parent=132519"}],"curies":[{"name":"wp","href":"https:\/\/api.w.org\/{rel}","templated":true}]}}