{"id":126346,"date":"2023-12-21T14:00:01","date_gmt":"2023-12-21T17:00:01","guid":{"rendered":"http:\/\/ww16.ce.gov.br\/saude\/?page_id=126346"},"modified":"2024-03-22T14:52:59","modified_gmt":"2024-03-22T17:52:59","slug":"convocacao-dezembro-de-2023","status":"publish","type":"page","link":"https:\/\/ww16.ce.gov.br\/saude\/convocacao-dezembro-de-2023\/","title":{"rendered":"Convoca\u00e7\u00e3o dezembro de 2023"},"content":{"rendered":"<h4><\/h4>\n<p>&nbsp;<\/p>\n<h3 class=\"-laranja\"><strong>Publica\u00e7\u00f5es<\/strong><\/h3>\n<p>&nbsp;<\/p>\n<p>&nbsp;<\/p>\n<ul class=\"ListaEst\">\n<li><a href=\"https:\/\/ww16.ce.gov.br\/saude\/wp-content\/uploads\/sites\/64\/2020\/03\/LISTA-DE-POSSE-27_03-1.pdf\">Lista dos candidatos agendados para a realiza\u00e7\u00e3o da etapa de POSSE no dia 27 de mar\u00e7o de 2024 (quarta-feira \u2013 manh\u00e3 e tarde)<\/a><\/li>\n<li><a href=\"https:\/\/ww16.ce.gov.br\/saude\/wp-content\/uploads\/sites\/64\/2024\/03\/Lista-dos-candidatos-agendados-para-a-realizacao-da-etapa-de-Pericia-Medica-no-dia-26-de-marco-de-2024-terca-feira-manha.pdf\">Lista dos candidatos agendados para a realiza\u00e7\u00e3o da etapa de Per\u00edcia M\u00e9dica no dia 26 de mar\u00e7o de 2024 (ter\u00e7a-feira &#8211; manh\u00e3)<\/a><\/li>\n<li><a href=\"https:\/\/ww16.ce.gov.br\/saude\/wp-content\/uploads\/sites\/64\/2024\/03\/Lista-dos-candidatos-agendados-para-a-realizacao-da-etapa-de-Pericia-Medica-no-dia-26-de-marco-de-2024-terca-feira-tarde.pdf\">Lista dos candidatos agendados para a realiza\u00e7\u00e3o da etapa de Per\u00edcia M\u00e9dica no dia 26 de mar\u00e7o de 2024 (ter\u00e7a-feira &#8211; tarde)<\/a><\/li>\n<li><a href=\"https:\/\/ww16.ce.gov.br\/saude\/wp-content\/uploads\/sites\/64\/2024\/02\/Lista-dos-candidatos-agendados-para-a-realizacao-da-etapa-de-Pericia-Medica-no-dia-28-de-fevereiro-de-2024-quarta-feira-\u2013-manha.pdf\">Lista dos candidatos agendados para a realiza\u00e7\u00e3o da etapa de Per\u00edcia M\u00e9dica no dia 28 de fevereiro de 2024 (quarta-feira \u2013 manh\u00e3)<\/a><\/li>\n<li><a href=\"https:\/\/ww16.ce.gov.br\/saude\/wp-content\/uploads\/sites\/64\/2024\/02\/Lista-dos-candidatos-agendados-para-a-realizacao-da-etapa-de-POSSE-no-dia-27022024-terca-feira-tarde.pdf\">Lista dos candidatos agendados para a realiza\u00e7\u00e3o da etapa de POSSE no dia 27 de fevereiro de 2024 (ter\u00e7a-feira- tarde)<\/a><\/li>\n<li><a href=\"https:\/\/ww16.ce.gov.br\/saude\/wp-content\/uploads\/sites\/64\/2024\/02\/Lista-dos-candidatos-agendados-para-a-realizacao-da-etapa-de-Pericia-Medica-no-dia-23-de-fevereiro-de-2024-sexta-feira-\u2013-manha.pdf\">Lista dos candidatos agendados para a realiza\u00e7\u00e3o da etapa de Per\u00edcia M\u00e9dica no dia 23 de fevereiro de 2024 (sexta-feira \u2013 manh\u00e3)<\/a><\/li>\n<li><a href=\"https:\/\/ww16.ce.gov.br\/saude\/wp-content\/uploads\/sites\/64\/2024\/02\/Lista-dos-candidatos-agendados-para-a-realizacao-da-etapa-de-Pericia-Medica-no-dia-22-de-fevereiro-de-2024-quinta-feira-\u2013-manha.pdf\">Lista dos candidatos agendados para a realiza\u00e7\u00e3o da etapa de Per\u00edcia M\u00e9dica no dia 22 de fevereiro de 2024 (quinta-feira \u2013 manh\u00e3)<\/a><\/li>\n<li><a href=\"https:\/\/ww16.ce.gov.br\/saude\/wp-content\/uploads\/sites\/64\/2024\/01\/Ambientacao-dos-novos-servidores-da-Saude-\u2013-30.01.2024-TERCA-FEIRA_.pdf\">Ambienta\u00e7\u00e3o dos novos servidores da Sa\u00fade \u2013 30 de janeiro de 2024 (ter\u00e7a-feira)<\/a><\/li>\n<li><a href=\"https:\/\/ww16.ce.gov.br\/saude\/wp-content\/uploads\/sites\/64\/2024\/01\/Ambientacao-dos-novos-servidores-da-Saude-\u2013-29.01.2024-SEGUNDA-FEIRA.pdf\">Ambienta\u00e7\u00e3o dos novos servidores da Sa\u00fade \u2013 29 de janeiro de 2024 (segunda-feira)<\/a><\/li>\n<li><a href=\"https:\/\/ww16.ce.gov.br\/saude\/wp-content\/uploads\/sites\/64\/2024\/01\/Lista-dos-candidatos-agendados-para-a-realizacao-da-etapa-de-POSSE-no-dia-25-de-janeiro-de-2024-quinta-feira-manha-e-tarde.pdf\">Lista dos candidatos agendados para a realiza\u00e7\u00e3o da etapa de POSSE no dia 25 de janeiro de 2024 (quinta-feira &#8211; manh\u00e3 e tarde)<\/a><\/li>\n<li><a href=\"https:\/\/ww16.ce.gov.br\/saude\/wp-content\/uploads\/sites\/64\/2024\/01\/Lista-dos-candidatos-agendados-para-a-realizacao-da-etapa-de-POSSE-no-dia-24-de-janeiro-de-2024-quarta-feira-manha-e-tarde.pdf\">Lista dos candidatos agendados para a realiza\u00e7\u00e3o da etapa de POSSE no dia 24 de janeiro de 2024 (quarta-feira &#8211; manh\u00e3 e tarde)<\/a><\/li>\n<li><a href=\"https:\/\/ww16.ce.gov.br\/saude\/wp-content\/uploads\/sites\/64\/2024\/01\/Lista-dos-candidatos-agendados-para-a-realizacao-da-etapa-de-POSSE-no-dia-23-de-janeiro-de-2024-terca-feira-manha-e-tarde.pdf\">Lista dos candidatos agendados para a realiza\u00e7\u00e3o da etapa de POSSE no dia 23 de janeiro de 2024 (ter\u00e7a-feira &#8211; manh\u00e3 e tarde)<\/a><\/li>\n<li><a href=\"https:\/\/ww16.ce.gov.br\/saude\/wp-content\/uploads\/sites\/64\/2024\/01\/Lista-dos-candidatos-agendados-para-a-realizacao-da-etapa-de-POSSE-no-dia-22-de-janeiro-de-2024-segunda-feira-tarde.pdf\">Lista dos candidatos agendados para a realiza\u00e7\u00e3o da etapa de POSSE no dia 22 de janeiro de 2024 (segunda-feira &#8211; tarde)<\/a><\/li>\n<li><a href=\"https:\/\/ww16.ce.gov.br\/saude\/wp-content\/uploads\/sites\/64\/2024\/01\/Lista-dos-candidatos-agendados-para-a-realizacao-da-etapa-de-Pericia-Medica-no-dia-18-de-janeiro-de-2024-quinta-feira-\u2013-manha-e-tarde-1.pdf\">Lista dos candidatos agendados para a realiza\u00e7\u00e3o da etapa de Per\u00edcia M\u00e9dica no dia 18 de janeiro de 2024 (quinta-feira \u2013 manh\u00e3 e tarde)<\/a><\/li>\n<li><a href=\"https:\/\/ww16.ce.gov.br\/saude\/wp-content\/uploads\/sites\/64\/2024\/01\/Lista-dos-candidatos-agendados-para-a-realizacao-da-etapa-de-Pericia-Medica-no-dia-17-de-janeiro-de-2024-quarta-feira-\u2013-manha-e-tarde.pdf\">Lista dos candidatos agendados para a realiza\u00e7\u00e3o da etapa de Per\u00edcia M\u00e9dica no dia 17 de janeiro de 2024 (quarta-feira \u2013 manh\u00e3 e tarde)<\/a><\/li>\n<li><a href=\"https:\/\/ww16.ce.gov.br\/saude\/wp-content\/uploads\/sites\/64\/2024\/01\/Lista-dos-candidatos-agendados-para-a-realizacao-da-etapa-de-Pericia-Medica-no-dia-16-de-janeiro-de-2024-terca-feira-\u2013-manha-e-tarde.pdf\">Lista dos candidatos agendados para a realiza\u00e7\u00e3o da etapa de Per\u00edcia M\u00e9dica no dia 16 de janeiro de 2024 (ter\u00e7a-feira \u2013 manh\u00e3 e tarde)<\/a><\/li>\n<li><a href=\"https:\/\/ww16.ce.gov.br\/saude\/wp-content\/uploads\/sites\/64\/2024\/01\/Lista-dos-candidatos-agendados-para-a-realizacao-da-etapa-de-Pericia-Medica-no-dia-15-de-janeiro-de-2024-segunda-feira-\u2013-manha-e-tarde.pdf\">Lista dos candidatos agendados para a realiza\u00e7\u00e3o da etapa de Per\u00edcia M\u00e9dica no dia 15 de janeiro de 2024 (segunda-feira \u2013 manh\u00e3 e tarde)<\/a><\/li>\n<li><a href=\"https:\/\/ww16.ce.gov.br\/saude\/wp-content\/uploads\/sites\/64\/2024\/01\/Lista-dos-candidatos-agendados-para-a-realizacao-da-etapa-de-Pericia-Medica-no-dia-12-de-janeiro-de-2024-Sexta-Feira-\u2013-manha-e-tarde.pdf\">Lista dos candidatos agendados para a realiza\u00e7\u00e3o da etapa de Per\u00edcia M\u00e9dica no dia 12 de janeiro de 2024 (sexta-feira \u2013 manh\u00e3 e tarde)<\/a><\/li>\n<li><a href=\"https:\/\/ww16.ce.gov.br\/saude\/wp-content\/uploads\/sites\/64\/2024\/01\/Lista-dos-candidatos-agendados-para-a-realizacao-da-etapa-de-Pericia-Medica-no-dia-11-de-janeiro-de-2024-Quinta-Feira-\u2013-manha-e-tarde-1.pdf\">Lista dos candidatos agendados para a realiza\u00e7\u00e3o da etapa de Per\u00edcia M\u00e9dica no dia 11 de janeiro de 2024 (quinta-feira \u2013 manh\u00e3 e tarde)<\/a><\/li>\n<li><a href=\"https:\/\/ww16.ce.gov.br\/saude\/wp-content\/uploads\/sites\/64\/2024\/01\/Lista-dos-candidatos-agendados-para-a-realizacao-da-etapa-de-Pericia-Medica-no-dia-10-de-janeiro-de-2024-Quarta-Feira-\u2013-Manha-e-Tarde.pdf\">Lista dos candidatos agendados para a realiza\u00e7\u00e3o da etapa de Per\u00edcia M\u00e9dica no dia 10 de janeiro de 2024 (quarta-feira \u2013 manh\u00e3 e tarde)<\/a><\/li>\n<li><a href=\"https:\/\/ww16.ce.gov.br\/saude\/wp-content\/uploads\/sites\/64\/2024\/01\/Lista-dos-candidatos-agendados-para-a-realizacao-da-etapa-de-Pericia-Medica-no-dia-9-de-janeiro-de-2024-Terca-Feira-\u2013-Manha-e-Tarde-1.pdf\">Lista dos candidatos agendados para a realiza\u00e7\u00e3o da etapa de Per\u00edcia M\u00e9dica no dia 9 de janeiro de 2024 (ter\u00e7a-feira \u2013 manh\u00e3 e tarde)<\/a><\/li>\n<li><a href=\"https:\/\/ww16.ce.gov.br\/saude\/wp-content\/uploads\/sites\/64\/2024\/01\/AGENDAMENTO-PERICIA-MEDICA-08.01.2024.pdf\" rel=\"noopener noreferrer\">Lista dos candidatos agendados para a realiza\u00e7\u00e3o da etapa de Per\u00edcia M\u00e9dica no dia 8 de janeiro de 2024 (segunda-feira \u2013 manh\u00e3 e tarde)<\/a><\/li>\n<li><a href=\"https:\/\/ww16.ce.gov.br\/saude\/wp-content\/uploads\/sites\/64\/2024\/03\/Calendario-geral-convocacao-de-dezembro_1.pdf\">Calend\u00e1rio geral &#8211; convoca\u00e7\u00e3o dezembro<\/a><\/li>\n<li><a href=\"\/wp-content\/uploads\/sites\/64\/2020\/03\/do20231229p22.pdf\">Ato de nomea\u00e7\u00e3o &#8211; \u00e1reas m\u00e9dicas, assistencial e administrativas (DOE 29\/12\/23)<\/a><\/li>\n<\/ul>\n<p>&nbsp;<\/p>\n<h3 class=\"-laranja\"><strong>Documenta\u00e7\u00f5es<\/strong><\/h3>\n<p>&nbsp;<\/p>\n<ul class=\"ListaEst\">\n<li><a href=\"https:\/\/ww16.ce.gov.br\/saude\/documentacoes\/\">Acesse aqui<\/a><\/li>\n<\/ul>\n<p>&nbsp;<\/p>\n<h3 class=\"-laranja\"><strong>Por dentro da Sesa<\/strong><\/h3>\n<p>&nbsp;<\/p>\n<ul class=\"ListaEst\">\n<li><a href=\"https:\/\/ww16.ce.gov.br\/saude\/wp-content\/uploads\/sites\/64\/2023\/10\/Codigo-de-Conduta-Etica-da-Sesa.pdf\">C\u00f3digo de Conduta \u00c9tica da Sesa<\/a><\/li>\n<li><a href=\"https:\/\/ww16.ce.gov.br\/saude\/wp-content\/uploads\/sites\/64\/2023\/10\/Manual-de-normas-e-procedimentos-Direitos-e-vantagens-dos-servidores.pdf\">Manual de normas e procedimentos: Direitos e vantagens dos servidores<\/a><\/li>\n<li><a href=\"https:\/\/ww16.ce.gov.br\/saude\/wp-content\/uploads\/sites\/64\/2023\/10\/Estatuto-dos-Funcionarios-Publicos-Civis-do-Estado.pdf\">Estatuto dos Funcion\u00e1rios P\u00fablicos Civis do Estado<\/a><\/li>\n<li><a href=\"https:\/\/ww16.ce.gov.br\/saude\/wp-content\/uploads\/sites\/64\/2023\/10\/Organograma-da-Sesa.pdf\">Organograma da Sesa<\/a><\/li>\n<\/ul>\n","protected":false},"excerpt":{"rendered":"<p>&nbsp; Publica\u00e7\u00f5es &nbsp; &nbsp; Lista dos candidatos agendados para a realiza\u00e7\u00e3o da etapa de POSSE no dia 27 de mar\u00e7o de 2024 (quarta-feira \u2013 manh\u00e3 e tarde) Lista dos candidatos agendados para a realiza\u00e7\u00e3o da etapa de Per\u00edcia M\u00e9dica no dia 26 de mar\u00e7o de 2024 (ter\u00e7a-feira &#8211; manh\u00e3) Lista dos candidatos agendados para a [&hellip;]<\/p>\n","protected":false},"author":778,"featured_media":0,"parent":0,"menu_order":0,"comment_status":"closed","ping_status":"closed","template":"","meta":{"_acf_changed":false,"inline_featured_image":false,"footnotes":""},"class_list":["post-126346","page","type-page","status-publish","hentry"],"acf":[],"yoast_head":"<!-- This site is optimized with the Yoast SEO plugin v26.9 - https:\/\/yoast.com\/product\/yoast-seo-wordpress\/ -->\n<title>Convoca\u00e7\u00e3o dezembro de 2023 - Secretaria da Sa\u00fade do Cear\u00e1<\/title>\n<meta name=\"robots\" content=\"index, follow, max-snippet:-1, max-image-preview:large, max-video-preview:-1\" \/>\n<link rel=\"canonical\" href=\"https:\/\/ww16.ce.gov.br\/saude\/convocacao-dezembro-de-2023\/\" \/>\n<meta property=\"og:locale\" content=\"pt_BR\" \/>\n<meta property=\"og:type\" content=\"article\" \/>\n<meta property=\"og:title\" content=\"Convoca\u00e7\u00e3o dezembro de 2023 - Secretaria da Sa\u00fade do Cear\u00e1\" \/>\n<meta property=\"og:description\" content=\"&nbsp; Publica\u00e7\u00f5es &nbsp; &nbsp; Lista dos candidatos agendados para a realiza\u00e7\u00e3o da etapa de POSSE no dia 27 de mar\u00e7o de 2024 (quarta-feira \u2013 manh\u00e3 e tarde) Lista dos candidatos agendados para a realiza\u00e7\u00e3o da etapa de Per\u00edcia M\u00e9dica no dia 26 de mar\u00e7o de 2024 (ter\u00e7a-feira &#8211; manh\u00e3) Lista dos candidatos agendados para a [&hellip;]\" \/>\n<meta property=\"og:url\" content=\"https:\/\/ww16.ce.gov.br\/saude\/convocacao-dezembro-de-2023\/\" \/>\n<meta property=\"og:site_name\" content=\"Secretaria da Sa\u00fade do Cear\u00e1\" \/>\n<meta property=\"article:modified_time\" content=\"2024-03-22T17:52:59+00:00\" \/>\n<meta name=\"twitter:card\" content=\"summary_large_image\" \/>\n<meta name=\"twitter:label1\" content=\"Est. reading time\" \/>\n\t<meta name=\"twitter:data1\" content=\"3 minutos\" \/>\n<script type=\"application\/ld+json\" class=\"yoast-schema-graph\">{\"@context\":\"https:\/\/schema.org\",\"@graph\":[{\"@type\":\"WebPage\",\"@id\":\"https:\/\/ww16.ce.gov.br\/saude\/convocacao-dezembro-de-2023\/\",\"url\":\"https:\/\/ww16.ce.gov.br\/saude\/convocacao-dezembro-de-2023\/\",\"name\":\"Convoca\u00e7\u00e3o dezembro de 2023 - Secretaria da Sa\u00fade do Cear\u00e1\",\"isPartOf\":{\"@id\":\"https:\/\/ww16.ce.gov.br\/saude\/#website\"},\"datePublished\":\"2023-12-21T17:00:01+00:00\",\"dateModified\":\"2024-03-22T17:52:59+00:00\",\"breadcrumb\":{\"@id\":\"https:\/\/ww16.ce.gov.br\/saude\/convocacao-dezembro-de-2023\/#breadcrumb\"},\"inLanguage\":\"pt-BR\",\"potentialAction\":[{\"@type\":\"ReadAction\",\"target\":[\"https:\/\/ww16.ce.gov.br\/saude\/convocacao-dezembro-de-2023\/\"]}]},{\"@type\":\"BreadcrumbList\",\"@id\":\"https:\/\/ww16.ce.gov.br\/saude\/convocacao-dezembro-de-2023\/#breadcrumb\",\"itemListElement\":[{\"@type\":\"ListItem\",\"position\":1,\"name\":\"In\u00edcio\",\"item\":\"https:\/\/ww16.ce.gov.br\/saude\/\"},{\"@type\":\"ListItem\",\"position\":2,\"name\":\"Convoca\u00e7\u00e3o dezembro de 2023\"}]},{\"@type\":\"WebSite\",\"@id\":\"https:\/\/ww16.ce.gov.br\/saude\/#website\",\"url\":\"https:\/\/ww16.ce.gov.br\/saude\/\",\"name\":\"Secretaria da Sa\u00fade\",\"description\":\"Secretaria da Sa\u00fade do Cear\u00e1\",\"publisher\":{\"@id\":\"https:\/\/ww16.ce.gov.br\/saude\/#organization\"},\"potentialAction\":[{\"@type\":\"SearchAction\",\"target\":{\"@type\":\"EntryPoint\",\"urlTemplate\":\"https:\/\/ww16.ce.gov.br\/saude\/?s={search_term_string}\"},\"query-input\":{\"@type\":\"PropertyValueSpecification\",\"valueRequired\":true,\"valueName\":\"search_term_string\"}}],\"inLanguage\":\"pt-BR\"},{\"@type\":\"Organization\",\"@id\":\"https:\/\/ww16.ce.gov.br\/saude\/#organization\",\"name\":\"Secretaria da Sa\u00fade\",\"url\":\"https:\/\/ww16.ce.gov.br\/saude\/\",\"logo\":{\"@type\":\"ImageObject\",\"inLanguage\":\"pt-BR\",\"@id\":\"https:\/\/ww16.ce.gov.br\/saude\/#\/schema\/logo\/image\/\",\"url\":\"http:\/\/ww16.ce.gov.br\/saude\/wp-content\/uploads\/sites\/9\/2017\/11\/clara.png\",\"contentUrl\":\"http:\/\/ww16.ce.gov.br\/saude\/wp-content\/uploads\/sites\/9\/2017\/11\/clara.png\",\"width\":559,\"height\":106,\"caption\":\"Secretaria da Sa\u00fade\"},\"image\":{\"@id\":\"https:\/\/ww16.ce.gov.br\/saude\/#\/schema\/logo\/image\/\"}}]}<\/script>\n<!-- \/ Yoast SEO plugin. -->","yoast_head_json":{"title":"Convoca\u00e7\u00e3o dezembro de 2023 - Secretaria da Sa\u00fade do Cear\u00e1","robots":{"index":"index","follow":"follow","max-snippet":"max-snippet:-1","max-image-preview":"max-image-preview:large","max-video-preview":"max-video-preview:-1"},"canonical":"https:\/\/ww16.ce.gov.br\/saude\/convocacao-dezembro-de-2023\/","og_locale":"pt_BR","og_type":"article","og_title":"Convoca\u00e7\u00e3o dezembro de 2023 - Secretaria da Sa\u00fade do Cear\u00e1","og_description":"&nbsp; Publica\u00e7\u00f5es &nbsp; &nbsp; Lista dos candidatos agendados para a realiza\u00e7\u00e3o da etapa de POSSE no dia 27 de mar\u00e7o de 2024 (quarta-feira \u2013 manh\u00e3 e tarde) Lista dos candidatos agendados para a realiza\u00e7\u00e3o da etapa de Per\u00edcia M\u00e9dica no dia 26 de mar\u00e7o de 2024 (ter\u00e7a-feira &#8211; manh\u00e3) Lista dos candidatos agendados para a [&hellip;]","og_url":"https:\/\/ww16.ce.gov.br\/saude\/convocacao-dezembro-de-2023\/","og_site_name":"Secretaria da Sa\u00fade do Cear\u00e1","article_modified_time":"2024-03-22T17:52:59+00:00","twitter_card":"summary_large_image","twitter_misc":{"Est. reading time":"3 minutos"},"schema":{"@context":"https:\/\/schema.org","@graph":[{"@type":"WebPage","@id":"https:\/\/ww16.ce.gov.br\/saude\/convocacao-dezembro-de-2023\/","url":"https:\/\/ww16.ce.gov.br\/saude\/convocacao-dezembro-de-2023\/","name":"Convoca\u00e7\u00e3o dezembro de 2023 - Secretaria da Sa\u00fade do Cear\u00e1","isPartOf":{"@id":"https:\/\/ww16.ce.gov.br\/saude\/#website"},"datePublished":"2023-12-21T17:00:01+00:00","dateModified":"2024-03-22T17:52:59+00:00","breadcrumb":{"@id":"https:\/\/ww16.ce.gov.br\/saude\/convocacao-dezembro-de-2023\/#breadcrumb"},"inLanguage":"pt-BR","potentialAction":[{"@type":"ReadAction","target":["https:\/\/ww16.ce.gov.br\/saude\/convocacao-dezembro-de-2023\/"]}]},{"@type":"BreadcrumbList","@id":"https:\/\/ww16.ce.gov.br\/saude\/convocacao-dezembro-de-2023\/#breadcrumb","itemListElement":[{"@type":"ListItem","position":1,"name":"In\u00edcio","item":"https:\/\/ww16.ce.gov.br\/saude\/"},{"@type":"ListItem","position":2,"name":"Convoca\u00e7\u00e3o dezembro de 2023"}]},{"@type":"WebSite","@id":"https:\/\/ww16.ce.gov.br\/saude\/#website","url":"https:\/\/ww16.ce.gov.br\/saude\/","name":"Secretaria da Sa\u00fade","description":"Secretaria da Sa\u00fade do Cear\u00e1","publisher":{"@id":"https:\/\/ww16.ce.gov.br\/saude\/#organization"},"potentialAction":[{"@type":"SearchAction","target":{"@type":"EntryPoint","urlTemplate":"https:\/\/ww16.ce.gov.br\/saude\/?s={search_term_string}"},"query-input":{"@type":"PropertyValueSpecification","valueRequired":true,"valueName":"search_term_string"}}],"inLanguage":"pt-BR"},{"@type":"Organization","@id":"https:\/\/ww16.ce.gov.br\/saude\/#organization","name":"Secretaria da Sa\u00fade","url":"https:\/\/ww16.ce.gov.br\/saude\/","logo":{"@type":"ImageObject","inLanguage":"pt-BR","@id":"https:\/\/ww16.ce.gov.br\/saude\/#\/schema\/logo\/image\/","url":"http:\/\/ww16.ce.gov.br\/saude\/wp-content\/uploads\/sites\/9\/2017\/11\/clara.png","contentUrl":"http:\/\/ww16.ce.gov.br\/saude\/wp-content\/uploads\/sites\/9\/2017\/11\/clara.png","width":559,"height":106,"caption":"Secretaria da Sa\u00fade"},"image":{"@id":"https:\/\/ww16.ce.gov.br\/saude\/#\/schema\/logo\/image\/"}}]}},"_links":{"self":[{"href":"https:\/\/ww16.ce.gov.br\/saude\/wp-json\/wp\/v2\/pages\/126346","targetHints":{"allow":["GET"]}}],"collection":[{"href":"https:\/\/ww16.ce.gov.br\/saude\/wp-json\/wp\/v2\/pages"}],"about":[{"href":"https:\/\/ww16.ce.gov.br\/saude\/wp-json\/wp\/v2\/types\/page"}],"author":[{"embeddable":true,"href":"https:\/\/ww16.ce.gov.br\/saude\/wp-json\/wp\/v2\/users\/778"}],"replies":[{"embeddable":true,"href":"https:\/\/ww16.ce.gov.br\/saude\/wp-json\/wp\/v2\/comments?post=126346"}],"version-history":[{"count":50,"href":"https:\/\/ww16.ce.gov.br\/saude\/wp-json\/wp\/v2\/pages\/126346\/revisions"}],"predecessor-version":[{"id":129657,"href":"https:\/\/ww16.ce.gov.br\/saude\/wp-json\/wp\/v2\/pages\/126346\/revisions\/129657"}],"wp:attachment":[{"href":"https:\/\/ww16.ce.gov.br\/saude\/wp-json\/wp\/v2\/media?parent=126346"}],"curies":[{"name":"wp","href":"https:\/\/api.w.org\/{rel}","templated":true}]}}