{"id":126330,"date":"2023-12-21T13:36:39","date_gmt":"2023-12-21T16:36:39","guid":{"rendered":"http:\/\/ww16.ce.gov.br\/saude\/?page_id=126330"},"modified":"2025-06-18T10:28:30","modified_gmt":"2025-06-18T13:28:30","slug":"publicacoes-gerais","status":"publish","type":"page","link":"https:\/\/ww16.ce.gov.br\/saude\/publicacoes-gerais\/","title":{"rendered":"Publica\u00e7\u00f5es Gerais"},"content":{"rendered":"<p>&nbsp;<\/p>\n<p>&nbsp;<\/p>\n<ul class=\"ListaEst\">\n<li><a href=\"\/wp-content\/uploads\/sites\/64\/2020\/03\/INSTRUCAO-NORMATIVA-N-01_2022-SEPLAG.pdf\">Instru\u00e7\u00e3o Normativa 01\/2022\/Seplag (DOE 2 de janeiro de 2023)<\/a><\/li>\n<li><a href=\"https:\/\/ww16.ce.gov.br\/saude\/download\/doe-04-abril-2023\/\" target=\"_blank\" rel=\"noopener\">Lei n\u00ba 18.338 (DOE 4 de abril 2023)<\/a><\/li>\n<li><a href=\"https:\/\/ww16.ce.gov.br\/saude\/download\/doe-11-de-abril-de-2023\/\" target=\"_blank\" rel=\"noopener\">Portaria n\u00ba 150 (DOE 11 abril 2023)<\/a><\/li>\n<li><a href=\"https:\/\/ww16.ce.gov.br\/saude\/download\/doe-14-de-abril-de-2023\/\" target=\"_blank\" rel=\"noopener\">Decreto n\u00ba 35.387 (DOE 14 abril 2023)<\/a><\/li>\n<li><a href=\"https:\/\/ww16.ce.gov.br\/saude\/download\/doe-2-de-maio-de-2023\/\" target=\"_blank\" rel=\"noopener\">Decreto n\u00ba 35.409 (DOE 2 maio 2023)<\/a><\/li>\n<li><a href=\"https:\/\/ww16.ce.gov.br\/saude\/wp-content\/uploads\/sites\/64\/2024\/03\/Instrucao-Normativa-012023Seplag-DOE-9-de-maio-de-2023.pdf\">Instru\u00e7\u00e3o Normativa 01\/2023 \/Seplag (DOE 9 de maio de 2023)<\/a><\/li>\n<li><a href=\"\/wp-content\/uploads\/sites\/64\/2020\/03\/Portaria-821-2023.pdf\">Portaria n\u00ba 821 (DOE 28 de junho de 2023)<\/a><\/li>\n<li><a href=\"\/wp-content\/uploads\/sites\/64\/2020\/03\/DECRETO-35791.pdf\">Decreto 35.791 (DOE 20 de dezembro de 2023)<\/a><\/li>\n<li><a href=\"https:\/\/ww16.ce.gov.br\/saude\/wp-content\/uploads\/sites\/64\/2024\/04\/Prorrogacao-do-Concurso-Publico-DOE-de-7-de-marco-de-2024.pdf\">Prorroga\u00e7\u00e3o do Concurso P\u00fablico (DOE de 7 de mar\u00e7o de 2024)<\/a><\/li>\n<li><a href=\"https:\/\/ww16.ce.gov.br\/saude\/wp-content\/uploads\/sites\/64\/2024\/12\/Decreto-no-36.344-DOE-16-de-dezembro-de-2024-1.pdf\">Decreto n\u00ba 36.344 (DOE 16 de dezembro de 2024)<\/a><\/li>\n<li><a href=\"https:\/\/ww16.ce.gov.br\/saude\/wp-content\/uploads\/sites\/64\/2025\/06\/Decreto-no-36.671-DOE-12-de-junho-de-2025.pdf\">Decreto n\u00ba 36.671 (DOE 12 de junho de 2025)<\/a><\/li>\n<\/ul>\n","protected":false},"excerpt":{"rendered":"<p>&nbsp; &nbsp; Instru\u00e7\u00e3o Normativa 01\/2022\/Seplag (DOE 2 de janeiro de 2023) Lei n\u00ba 18.338 (DOE 4 de abril 2023) Portaria n\u00ba 150 (DOE 11 abril 2023) Decreto n\u00ba 35.387 (DOE 14 abril 2023) Decreto n\u00ba 35.409 (DOE 2 maio 2023) Instru\u00e7\u00e3o Normativa 01\/2023 \/Seplag (DOE 9 de maio de 2023) Portaria n\u00ba 821 (DOE 28 [&hellip;]<\/p>\n","protected":false},"author":778,"featured_media":0,"parent":0,"menu_order":0,"comment_status":"closed","ping_status":"closed","template":"","meta":{"_acf_changed":false,"inline_featured_image":false,"footnotes":""},"class_list":["post-126330","page","type-page","status-publish","hentry"],"acf":[],"yoast_head":"<!-- This site is optimized with the Yoast SEO plugin v26.9 - https:\/\/yoast.com\/product\/yoast-seo-wordpress\/ -->\n<title>Publica\u00e7\u00f5es Gerais - Secretaria da Sa\u00fade do Cear\u00e1<\/title>\n<meta name=\"robots\" content=\"index, follow, max-snippet:-1, max-image-preview:large, max-video-preview:-1\" \/>\n<link rel=\"canonical\" href=\"https:\/\/ww16.ce.gov.br\/saude\/publicacoes-gerais\/\" \/>\n<meta property=\"og:locale\" content=\"pt_BR\" \/>\n<meta property=\"og:type\" content=\"article\" \/>\n<meta property=\"og:title\" content=\"Publica\u00e7\u00f5es Gerais - Secretaria da Sa\u00fade do Cear\u00e1\" \/>\n<meta property=\"og:description\" content=\"&nbsp; &nbsp; Instru\u00e7\u00e3o Normativa 01\/2022\/Seplag (DOE 2 de janeiro de 2023) Lei n\u00ba 18.338 (DOE 4 de abril 2023) Portaria n\u00ba 150 (DOE 11 abril 2023) Decreto n\u00ba 35.387 (DOE 14 abril 2023) Decreto n\u00ba 35.409 (DOE 2 maio 2023) Instru\u00e7\u00e3o Normativa 01\/2023 \/Seplag (DOE 9 de maio de 2023) Portaria n\u00ba 821 (DOE 28 [&hellip;]\" \/>\n<meta property=\"og:url\" content=\"https:\/\/ww16.ce.gov.br\/saude\/publicacoes-gerais\/\" \/>\n<meta property=\"og:site_name\" content=\"Secretaria da Sa\u00fade do Cear\u00e1\" \/>\n<meta property=\"article:modified_time\" content=\"2025-06-18T13:28:30+00:00\" \/>\n<meta name=\"twitter:card\" content=\"summary_large_image\" \/>\n<meta name=\"twitter:label1\" content=\"Est. reading time\" \/>\n\t<meta name=\"twitter:data1\" content=\"1 minuto\" \/>\n<script type=\"application\/ld+json\" class=\"yoast-schema-graph\">{\"@context\":\"https:\/\/schema.org\",\"@graph\":[{\"@type\":\"WebPage\",\"@id\":\"https:\/\/ww16.ce.gov.br\/saude\/publicacoes-gerais\/\",\"url\":\"https:\/\/ww16.ce.gov.br\/saude\/publicacoes-gerais\/\",\"name\":\"Publica\u00e7\u00f5es Gerais - Secretaria da Sa\u00fade do Cear\u00e1\",\"isPartOf\":{\"@id\":\"https:\/\/ww16.ce.gov.br\/saude\/#website\"},\"datePublished\":\"2023-12-21T16:36:39+00:00\",\"dateModified\":\"2025-06-18T13:28:30+00:00\",\"breadcrumb\":{\"@id\":\"https:\/\/ww16.ce.gov.br\/saude\/publicacoes-gerais\/#breadcrumb\"},\"inLanguage\":\"pt-BR\",\"potentialAction\":[{\"@type\":\"ReadAction\",\"target\":[\"https:\/\/ww16.ce.gov.br\/saude\/publicacoes-gerais\/\"]}]},{\"@type\":\"BreadcrumbList\",\"@id\":\"https:\/\/ww16.ce.gov.br\/saude\/publicacoes-gerais\/#breadcrumb\",\"itemListElement\":[{\"@type\":\"ListItem\",\"position\":1,\"name\":\"In\u00edcio\",\"item\":\"https:\/\/ww16.ce.gov.br\/saude\/\"},{\"@type\":\"ListItem\",\"position\":2,\"name\":\"Publica\u00e7\u00f5es Gerais\"}]},{\"@type\":\"WebSite\",\"@id\":\"https:\/\/ww16.ce.gov.br\/saude\/#website\",\"url\":\"https:\/\/ww16.ce.gov.br\/saude\/\",\"name\":\"Secretaria da Sa\u00fade\",\"description\":\"Secretaria da Sa\u00fade do Cear\u00e1\",\"publisher\":{\"@id\":\"https:\/\/ww16.ce.gov.br\/saude\/#organization\"},\"potentialAction\":[{\"@type\":\"SearchAction\",\"target\":{\"@type\":\"EntryPoint\",\"urlTemplate\":\"https:\/\/ww16.ce.gov.br\/saude\/?s={search_term_string}\"},\"query-input\":{\"@type\":\"PropertyValueSpecification\",\"valueRequired\":true,\"valueName\":\"search_term_string\"}}],\"inLanguage\":\"pt-BR\"},{\"@type\":\"Organization\",\"@id\":\"https:\/\/ww16.ce.gov.br\/saude\/#organization\",\"name\":\"Secretaria da Sa\u00fade\",\"url\":\"https:\/\/ww16.ce.gov.br\/saude\/\",\"logo\":{\"@type\":\"ImageObject\",\"inLanguage\":\"pt-BR\",\"@id\":\"https:\/\/ww16.ce.gov.br\/saude\/#\/schema\/logo\/image\/\",\"url\":\"http:\/\/ww16.ce.gov.br\/saude\/wp-content\/uploads\/sites\/9\/2017\/11\/clara.png\",\"contentUrl\":\"http:\/\/ww16.ce.gov.br\/saude\/wp-content\/uploads\/sites\/9\/2017\/11\/clara.png\",\"width\":559,\"height\":106,\"caption\":\"Secretaria da Sa\u00fade\"},\"image\":{\"@id\":\"https:\/\/ww16.ce.gov.br\/saude\/#\/schema\/logo\/image\/\"}}]}<\/script>\n<!-- \/ Yoast SEO plugin. -->","yoast_head_json":{"title":"Publica\u00e7\u00f5es Gerais - Secretaria da Sa\u00fade do Cear\u00e1","robots":{"index":"index","follow":"follow","max-snippet":"max-snippet:-1","max-image-preview":"max-image-preview:large","max-video-preview":"max-video-preview:-1"},"canonical":"https:\/\/ww16.ce.gov.br\/saude\/publicacoes-gerais\/","og_locale":"pt_BR","og_type":"article","og_title":"Publica\u00e7\u00f5es Gerais - Secretaria da Sa\u00fade do Cear\u00e1","og_description":"&nbsp; &nbsp; Instru\u00e7\u00e3o Normativa 01\/2022\/Seplag (DOE 2 de janeiro de 2023) Lei n\u00ba 18.338 (DOE 4 de abril 2023) Portaria n\u00ba 150 (DOE 11 abril 2023) Decreto n\u00ba 35.387 (DOE 14 abril 2023) Decreto n\u00ba 35.409 (DOE 2 maio 2023) Instru\u00e7\u00e3o Normativa 01\/2023 \/Seplag (DOE 9 de maio de 2023) Portaria n\u00ba 821 (DOE 28 [&hellip;]","og_url":"https:\/\/ww16.ce.gov.br\/saude\/publicacoes-gerais\/","og_site_name":"Secretaria da Sa\u00fade do Cear\u00e1","article_modified_time":"2025-06-18T13:28:30+00:00","twitter_card":"summary_large_image","twitter_misc":{"Est. reading time":"1 minuto"},"schema":{"@context":"https:\/\/schema.org","@graph":[{"@type":"WebPage","@id":"https:\/\/ww16.ce.gov.br\/saude\/publicacoes-gerais\/","url":"https:\/\/ww16.ce.gov.br\/saude\/publicacoes-gerais\/","name":"Publica\u00e7\u00f5es Gerais - Secretaria da Sa\u00fade do Cear\u00e1","isPartOf":{"@id":"https:\/\/ww16.ce.gov.br\/saude\/#website"},"datePublished":"2023-12-21T16:36:39+00:00","dateModified":"2025-06-18T13:28:30+00:00","breadcrumb":{"@id":"https:\/\/ww16.ce.gov.br\/saude\/publicacoes-gerais\/#breadcrumb"},"inLanguage":"pt-BR","potentialAction":[{"@type":"ReadAction","target":["https:\/\/ww16.ce.gov.br\/saude\/publicacoes-gerais\/"]}]},{"@type":"BreadcrumbList","@id":"https:\/\/ww16.ce.gov.br\/saude\/publicacoes-gerais\/#breadcrumb","itemListElement":[{"@type":"ListItem","position":1,"name":"In\u00edcio","item":"https:\/\/ww16.ce.gov.br\/saude\/"},{"@type":"ListItem","position":2,"name":"Publica\u00e7\u00f5es Gerais"}]},{"@type":"WebSite","@id":"https:\/\/ww16.ce.gov.br\/saude\/#website","url":"https:\/\/ww16.ce.gov.br\/saude\/","name":"Secretaria da Sa\u00fade","description":"Secretaria da Sa\u00fade do Cear\u00e1","publisher":{"@id":"https:\/\/ww16.ce.gov.br\/saude\/#organization"},"potentialAction":[{"@type":"SearchAction","target":{"@type":"EntryPoint","urlTemplate":"https:\/\/ww16.ce.gov.br\/saude\/?s={search_term_string}"},"query-input":{"@type":"PropertyValueSpecification","valueRequired":true,"valueName":"search_term_string"}}],"inLanguage":"pt-BR"},{"@type":"Organization","@id":"https:\/\/ww16.ce.gov.br\/saude\/#organization","name":"Secretaria da Sa\u00fade","url":"https:\/\/ww16.ce.gov.br\/saude\/","logo":{"@type":"ImageObject","inLanguage":"pt-BR","@id":"https:\/\/ww16.ce.gov.br\/saude\/#\/schema\/logo\/image\/","url":"http:\/\/ww16.ce.gov.br\/saude\/wp-content\/uploads\/sites\/9\/2017\/11\/clara.png","contentUrl":"http:\/\/ww16.ce.gov.br\/saude\/wp-content\/uploads\/sites\/9\/2017\/11\/clara.png","width":559,"height":106,"caption":"Secretaria da Sa\u00fade"},"image":{"@id":"https:\/\/ww16.ce.gov.br\/saude\/#\/schema\/logo\/image\/"}}]}},"_links":{"self":[{"href":"https:\/\/ww16.ce.gov.br\/saude\/wp-json\/wp\/v2\/pages\/126330","targetHints":{"allow":["GET"]}}],"collection":[{"href":"https:\/\/ww16.ce.gov.br\/saude\/wp-json\/wp\/v2\/pages"}],"about":[{"href":"https:\/\/ww16.ce.gov.br\/saude\/wp-json\/wp\/v2\/types\/page"}],"author":[{"embeddable":true,"href":"https:\/\/ww16.ce.gov.br\/saude\/wp-json\/wp\/v2\/users\/778"}],"replies":[{"embeddable":true,"href":"https:\/\/ww16.ce.gov.br\/saude\/wp-json\/wp\/v2\/comments?post=126330"}],"version-history":[{"count":16,"href":"https:\/\/ww16.ce.gov.br\/saude\/wp-json\/wp\/v2\/pages\/126330\/revisions"}],"predecessor-version":[{"id":143854,"href":"https:\/\/ww16.ce.gov.br\/saude\/wp-json\/wp\/v2\/pages\/126330\/revisions\/143854"}],"wp:attachment":[{"href":"https:\/\/ww16.ce.gov.br\/saude\/wp-json\/wp\/v2\/media?parent=126330"}],"curies":[{"name":"wp","href":"https:\/\/api.w.org\/{rel}","templated":true}]}}