{"id":125691,"date":"2023-12-05T15:42:05","date_gmt":"2023-12-05T18:42:05","guid":{"rendered":"http:\/\/ww16.ce.gov.br\/saude\/?page_id=125691"},"modified":"2026-01-09T15:35:24","modified_gmt":"2026-01-09T18:35:24","slug":"documentacoes","status":"publish","type":"page","link":"https:\/\/ww16.ce.gov.br\/saude\/documentacoes\/","title":{"rendered":"Documenta\u00e7\u00f5es"},"content":{"rendered":"<p>&nbsp;<\/p>\n<p>&nbsp;<\/p>\n<ul class=\"ListaEst\">\n<li><a href=\"https:\/\/ww16.ce.gov.br\/saude\/formulario-de-envio-de-documentos\/\">Formul\u00e1rios para envio de documenta\u00e7\u00f5es<\/a><\/li>\n<li><a href=\"https:\/\/ww16.ce.gov.br\/saude\/wp-content\/uploads\/sites\/64\/2025\/05\/Maio_2025-Guia-do-Candidato.pdf\">Guia do Candidato<\/a><\/li>\n<li><a href=\"https:\/\/ww16.ce.gov.br\/saude\/wp-content\/uploads\/sites\/64\/2023\/09\/Ficha-para-cadastro-no-Sistema-de-Gestao-de-Pessoas-SGPSIGE-RH.pdf\">Ficha para cadastro no Sistema de Gest\u00e3o de Pessoas (SGPSIGE &#8211; RH)<\/a><\/li>\n<li><a href=\"\/wp-content\/uploads\/sites\/64\/2020\/03\/DADOS-PARA-CADASTRO-NO-SIGE-RH-DE-CONJUGE-E-DEPENDENTES.docx.pdf\">Ficha para cadastro no Sistema de Gest\u00e3o de Pessoas (SGP\/SIGE-RH) do(a) c\u00f4njuge e dependente, se houver<\/a><\/li>\n<li><a href=\"https:\/\/ww16.ce.gov.br\/saude\/wp-content\/uploads\/sites\/64\/2023\/09\/Declaracao-de-bens-e-valores-para-isentos-do-Imposto-de-Renda.pdf\">Declara\u00e7\u00e3o de bens e valores (para isentos do Imposto de Renda)<\/a><\/li>\n<li><a href=\"https:\/\/ww16.ce.gov.br\/saude\/wp-content\/uploads\/sites\/64\/2024\/12\/Declaracao-de-nao-participacao-de-quadro-de-Diretoria-Gerencia-2.pdf\">Declara\u00e7\u00e3o de n\u00e3o participa\u00e7\u00e3o de quadro de Diretoria\/Ger\u00eancia<\/a><\/li>\n<li><a href=\"\/wp-content\/uploads\/sites\/64\/2020\/03\/DECLARACAO-DE-NAO-ACUMULACAO-DE-CARGOS-E-EMPREGOS-PUBLICOS.pdf\">Declara\u00e7\u00e3o de n\u00e3o acumula\u00e7\u00e3o de cargos e empregos p\u00fablicos<\/a><\/li>\n<li><a href=\"https:\/\/ww16.ce.gov.br\/saude\/wp-content\/uploads\/sites\/64\/2024\/12\/Declaracao-de-compatibilidade-de-horarios.pdf\">Declara\u00e7\u00e3o de compatibilidade de hor\u00e1rios<\/a><\/li>\n<li><a href=\"https:\/\/ww16.ce.gov.br\/saude\/wp-content\/uploads\/sites\/64\/2023\/08\/Termo-de-Ciencia-Regimes-de-Previdencia-Social-e-Complementar-Vigentes-no-Estado-do-Ceara.pdf\">Termo de Ci\u00eancia sobre os Regimes de Previd\u00eancia Social e Complementar\u00a0<\/a><\/li>\n<li><a href=\"https:\/\/ww16.ce.gov.br\/saude\/wp-content\/uploads\/sites\/64\/2023\/08\/Formulario-Opcao-Regime-Tributario-PREV-CE-08042022.pdf\">Formul\u00e1rio de Op\u00e7\u00e3o Regime Tribut\u00e1rio <\/a><\/li>\n<li><a href=\"https:\/\/ww16.ce.gov.br\/saude\/wp-content\/uploads\/sites\/64\/2024\/12\/Declaracao-de-veracidade-das-informacoes-prestadas-e-documentos-apresentados-2.pdf\">Declara\u00e7\u00e3o de veracidade das informa\u00e7\u00f5es prestadas e documentos apresentados<\/a><\/li>\n<li><a href=\"\/wp-content\/uploads\/sites\/64\/2020\/03\/PERICIA-ADMISSIONAL-ANTECEDENTES-CLINICOS0001-1.pdf\" target=\"_blank\" rel=\"noopener\">Formul\u00e1rio de per\u00edcia admissional<\/a><\/li>\n<li><a href=\"https:\/\/ww16.ce.gov.br\/saude\/wp-content\/uploads\/sites\/64\/2024\/12\/Checklist-de-exames-para-pericia-medica.pdf\">Checklist de exames para per\u00edcia m\u00e9dica<\/a><\/li>\n<li><a href=\"https:\/\/ww16.ce.gov.br\/saude\/wp-content\/uploads\/sites\/64\/2026\/01\/Checklist-area-medica.pdf\">Checklist &#8211; \u00e1rea m\u00e9dica<\/a><\/li>\n<li><a href=\"https:\/\/ww16.ce.gov.br\/saude\/wp-content\/uploads\/sites\/64\/2026\/01\/Checklist-area-assistencial-e-administrativa.pdf\">Checklist &#8211; \u00e1reas assistencial e administrativa<\/a><\/li>\n<li><a href=\"https:\/\/ww16.ce.gov.br\/saude\/wp-content\/uploads\/sites\/64\/2023\/09\/Declaracao-de-desistencia-do-Concurso-Publico.pdf\">Declara\u00e7\u00e3o de desist\u00eancia do Concurso P\u00fablico<\/a><\/li>\n<li><a href=\"https:\/\/ww16.ce.gov.br\/saude\/wp-content\/uploads\/sites\/64\/2023\/08\/Requerimento-para-prorrogacao-de-posse.pdf\">Requerimento para prorroga\u00e7\u00e3o de posse ( assinatura digital ou reconhecida em firma)<\/a><\/li>\n<\/ul>\n","protected":false},"excerpt":{"rendered":"<p>&nbsp; &nbsp; Formul\u00e1rios para envio de documenta\u00e7\u00f5es Guia do Candidato Ficha para cadastro no Sistema de Gest\u00e3o de Pessoas (SGPSIGE &#8211; RH) Ficha para cadastro no Sistema de Gest\u00e3o de Pessoas (SGP\/SIGE-RH) do(a) c\u00f4njuge e dependente, se houver Declara\u00e7\u00e3o de bens e valores (para isentos do Imposto de Renda) Declara\u00e7\u00e3o de n\u00e3o participa\u00e7\u00e3o de quadro [&hellip;]<\/p>\n","protected":false},"author":778,"featured_media":0,"parent":0,"menu_order":0,"comment_status":"closed","ping_status":"closed","template":"","meta":{"_acf_changed":false,"inline_featured_image":false,"footnotes":""},"class_list":["post-125691","page","type-page","status-publish","hentry"],"acf":[],"yoast_head":"<!-- This site is optimized with the Yoast SEO plugin v26.9 - https:\/\/yoast.com\/product\/yoast-seo-wordpress\/ -->\n<title>Documenta\u00e7\u00f5es - Secretaria da Sa\u00fade do Cear\u00e1<\/title>\n<meta name=\"robots\" content=\"index, follow, max-snippet:-1, max-image-preview:large, max-video-preview:-1\" \/>\n<link rel=\"canonical\" href=\"https:\/\/ww16.ce.gov.br\/saude\/documentacoes\/\" \/>\n<meta property=\"og:locale\" content=\"pt_BR\" \/>\n<meta property=\"og:type\" content=\"article\" \/>\n<meta property=\"og:title\" content=\"Documenta\u00e7\u00f5es - Secretaria da Sa\u00fade do Cear\u00e1\" \/>\n<meta property=\"og:description\" content=\"&nbsp; &nbsp; Formul\u00e1rios para envio de documenta\u00e7\u00f5es Guia do Candidato Ficha para cadastro no Sistema de Gest\u00e3o de Pessoas (SGPSIGE &#8211; RH) Ficha para cadastro no Sistema de Gest\u00e3o de Pessoas (SGP\/SIGE-RH) do(a) c\u00f4njuge e dependente, se houver Declara\u00e7\u00e3o de bens e valores (para isentos do Imposto de Renda) Declara\u00e7\u00e3o de n\u00e3o participa\u00e7\u00e3o de quadro [&hellip;]\" \/>\n<meta property=\"og:url\" content=\"https:\/\/ww16.ce.gov.br\/saude\/documentacoes\/\" \/>\n<meta property=\"og:site_name\" content=\"Secretaria da Sa\u00fade do Cear\u00e1\" \/>\n<meta property=\"article:modified_time\" content=\"2026-01-09T18:35:24+00:00\" \/>\n<meta name=\"twitter:card\" content=\"summary_large_image\" \/>\n<meta name=\"twitter:label1\" content=\"Est. reading time\" \/>\n\t<meta name=\"twitter:data1\" content=\"1 minuto\" \/>\n<script type=\"application\/ld+json\" class=\"yoast-schema-graph\">{\"@context\":\"https:\/\/schema.org\",\"@graph\":[{\"@type\":\"WebPage\",\"@id\":\"https:\/\/ww16.ce.gov.br\/saude\/documentacoes\/\",\"url\":\"https:\/\/ww16.ce.gov.br\/saude\/documentacoes\/\",\"name\":\"Documenta\u00e7\u00f5es - Secretaria da Sa\u00fade do Cear\u00e1\",\"isPartOf\":{\"@id\":\"https:\/\/ww16.ce.gov.br\/saude\/#website\"},\"datePublished\":\"2023-12-05T18:42:05+00:00\",\"dateModified\":\"2026-01-09T18:35:24+00:00\",\"breadcrumb\":{\"@id\":\"https:\/\/ww16.ce.gov.br\/saude\/documentacoes\/#breadcrumb\"},\"inLanguage\":\"pt-BR\",\"potentialAction\":[{\"@type\":\"ReadAction\",\"target\":[\"https:\/\/ww16.ce.gov.br\/saude\/documentacoes\/\"]}]},{\"@type\":\"BreadcrumbList\",\"@id\":\"https:\/\/ww16.ce.gov.br\/saude\/documentacoes\/#breadcrumb\",\"itemListElement\":[{\"@type\":\"ListItem\",\"position\":1,\"name\":\"In\u00edcio\",\"item\":\"https:\/\/ww16.ce.gov.br\/saude\/\"},{\"@type\":\"ListItem\",\"position\":2,\"name\":\"Documenta\u00e7\u00f5es\"}]},{\"@type\":\"WebSite\",\"@id\":\"https:\/\/ww16.ce.gov.br\/saude\/#website\",\"url\":\"https:\/\/ww16.ce.gov.br\/saude\/\",\"name\":\"Secretaria da Sa\u00fade\",\"description\":\"Secretaria da Sa\u00fade do Cear\u00e1\",\"publisher\":{\"@id\":\"https:\/\/ww16.ce.gov.br\/saude\/#organization\"},\"potentialAction\":[{\"@type\":\"SearchAction\",\"target\":{\"@type\":\"EntryPoint\",\"urlTemplate\":\"https:\/\/ww16.ce.gov.br\/saude\/?s={search_term_string}\"},\"query-input\":{\"@type\":\"PropertyValueSpecification\",\"valueRequired\":true,\"valueName\":\"search_term_string\"}}],\"inLanguage\":\"pt-BR\"},{\"@type\":\"Organization\",\"@id\":\"https:\/\/ww16.ce.gov.br\/saude\/#organization\",\"name\":\"Secretaria da Sa\u00fade\",\"url\":\"https:\/\/ww16.ce.gov.br\/saude\/\",\"logo\":{\"@type\":\"ImageObject\",\"inLanguage\":\"pt-BR\",\"@id\":\"https:\/\/ww16.ce.gov.br\/saude\/#\/schema\/logo\/image\/\",\"url\":\"http:\/\/ww16.ce.gov.br\/saude\/wp-content\/uploads\/sites\/9\/2017\/11\/clara.png\",\"contentUrl\":\"http:\/\/ww16.ce.gov.br\/saude\/wp-content\/uploads\/sites\/9\/2017\/11\/clara.png\",\"width\":559,\"height\":106,\"caption\":\"Secretaria da Sa\u00fade\"},\"image\":{\"@id\":\"https:\/\/ww16.ce.gov.br\/saude\/#\/schema\/logo\/image\/\"}}]}<\/script>\n<!-- \/ Yoast SEO plugin. -->","yoast_head_json":{"title":"Documenta\u00e7\u00f5es - Secretaria da Sa\u00fade do Cear\u00e1","robots":{"index":"index","follow":"follow","max-snippet":"max-snippet:-1","max-image-preview":"max-image-preview:large","max-video-preview":"max-video-preview:-1"},"canonical":"https:\/\/ww16.ce.gov.br\/saude\/documentacoes\/","og_locale":"pt_BR","og_type":"article","og_title":"Documenta\u00e7\u00f5es - Secretaria da Sa\u00fade do Cear\u00e1","og_description":"&nbsp; &nbsp; Formul\u00e1rios para envio de documenta\u00e7\u00f5es Guia do Candidato Ficha para cadastro no Sistema de Gest\u00e3o de Pessoas (SGPSIGE &#8211; RH) Ficha para cadastro no Sistema de Gest\u00e3o de Pessoas (SGP\/SIGE-RH) do(a) c\u00f4njuge e dependente, se houver Declara\u00e7\u00e3o de bens e valores (para isentos do Imposto de Renda) Declara\u00e7\u00e3o de n\u00e3o participa\u00e7\u00e3o de quadro [&hellip;]","og_url":"https:\/\/ww16.ce.gov.br\/saude\/documentacoes\/","og_site_name":"Secretaria da Sa\u00fade do Cear\u00e1","article_modified_time":"2026-01-09T18:35:24+00:00","twitter_card":"summary_large_image","twitter_misc":{"Est. reading time":"1 minuto"},"schema":{"@context":"https:\/\/schema.org","@graph":[{"@type":"WebPage","@id":"https:\/\/ww16.ce.gov.br\/saude\/documentacoes\/","url":"https:\/\/ww16.ce.gov.br\/saude\/documentacoes\/","name":"Documenta\u00e7\u00f5es - Secretaria da Sa\u00fade do Cear\u00e1","isPartOf":{"@id":"https:\/\/ww16.ce.gov.br\/saude\/#website"},"datePublished":"2023-12-05T18:42:05+00:00","dateModified":"2026-01-09T18:35:24+00:00","breadcrumb":{"@id":"https:\/\/ww16.ce.gov.br\/saude\/documentacoes\/#breadcrumb"},"inLanguage":"pt-BR","potentialAction":[{"@type":"ReadAction","target":["https:\/\/ww16.ce.gov.br\/saude\/documentacoes\/"]}]},{"@type":"BreadcrumbList","@id":"https:\/\/ww16.ce.gov.br\/saude\/documentacoes\/#breadcrumb","itemListElement":[{"@type":"ListItem","position":1,"name":"In\u00edcio","item":"https:\/\/ww16.ce.gov.br\/saude\/"},{"@type":"ListItem","position":2,"name":"Documenta\u00e7\u00f5es"}]},{"@type":"WebSite","@id":"https:\/\/ww16.ce.gov.br\/saude\/#website","url":"https:\/\/ww16.ce.gov.br\/saude\/","name":"Secretaria da Sa\u00fade","description":"Secretaria da Sa\u00fade do Cear\u00e1","publisher":{"@id":"https:\/\/ww16.ce.gov.br\/saude\/#organization"},"potentialAction":[{"@type":"SearchAction","target":{"@type":"EntryPoint","urlTemplate":"https:\/\/ww16.ce.gov.br\/saude\/?s={search_term_string}"},"query-input":{"@type":"PropertyValueSpecification","valueRequired":true,"valueName":"search_term_string"}}],"inLanguage":"pt-BR"},{"@type":"Organization","@id":"https:\/\/ww16.ce.gov.br\/saude\/#organization","name":"Secretaria da Sa\u00fade","url":"https:\/\/ww16.ce.gov.br\/saude\/","logo":{"@type":"ImageObject","inLanguage":"pt-BR","@id":"https:\/\/ww16.ce.gov.br\/saude\/#\/schema\/logo\/image\/","url":"http:\/\/ww16.ce.gov.br\/saude\/wp-content\/uploads\/sites\/9\/2017\/11\/clara.png","contentUrl":"http:\/\/ww16.ce.gov.br\/saude\/wp-content\/uploads\/sites\/9\/2017\/11\/clara.png","width":559,"height":106,"caption":"Secretaria da Sa\u00fade"},"image":{"@id":"https:\/\/ww16.ce.gov.br\/saude\/#\/schema\/logo\/image\/"}}]}},"_links":{"self":[{"href":"https:\/\/ww16.ce.gov.br\/saude\/wp-json\/wp\/v2\/pages\/125691","targetHints":{"allow":["GET"]}}],"collection":[{"href":"https:\/\/ww16.ce.gov.br\/saude\/wp-json\/wp\/v2\/pages"}],"about":[{"href":"https:\/\/ww16.ce.gov.br\/saude\/wp-json\/wp\/v2\/types\/page"}],"author":[{"embeddable":true,"href":"https:\/\/ww16.ce.gov.br\/saude\/wp-json\/wp\/v2\/users\/778"}],"replies":[{"embeddable":true,"href":"https:\/\/ww16.ce.gov.br\/saude\/wp-json\/wp\/v2\/comments?post=125691"}],"version-history":[{"count":26,"href":"https:\/\/ww16.ce.gov.br\/saude\/wp-json\/wp\/v2\/pages\/125691\/revisions"}],"predecessor-version":[{"id":150431,"href":"https:\/\/ww16.ce.gov.br\/saude\/wp-json\/wp\/v2\/pages\/125691\/revisions\/150431"}],"wp:attachment":[{"href":"https:\/\/ww16.ce.gov.br\/saude\/wp-json\/wp\/v2\/media?parent=125691"}],"curies":[{"name":"wp","href":"https:\/\/api.w.org\/{rel}","templated":true}]}}