{"id":121782,"date":"2023-08-31T11:23:37","date_gmt":"2023-08-31T14:23:37","guid":{"rendered":"http:\/\/ww16.ce.gov.br\/saude\/?page_id=121782"},"modified":"2023-12-06T15:59:47","modified_gmt":"2023-12-06T18:59:47","slug":"convocacao-setembro-2023","status":"publish","type":"page","link":"https:\/\/ww16.ce.gov.br\/saude\/convocacao-setembro-2023\/","title":{"rendered":"Convoca\u00e7\u00e3o setembro de 2023"},"content":{"rendered":"<h3><span style=\"color: #ffffff\">&#8211;<\/span><\/h3>\n<h3 class=\"-laranja\"><strong>Publica\u00e7\u00f5es<\/strong><\/h3>\n<p>&nbsp;<\/p>\n<p>&nbsp;<\/p>\n<ul class=\"ListaEst\">\n<li><a href=\"\/wp-content\/uploads\/sites\/64\/2020\/03\/pericia-medica-dia-18_12.pdf\">Lista dos candidatos agendados para a realiza\u00e7\u00e3o da \u00daLTIMA etapa de PER\u00cdCIA M\u00c9DICA no dia 18\/12\/2023 (SEGUNDA-FEIRA \u2013 TARDE)<\/a><\/li>\n<li><a href=\"https:\/\/ww16.ce.gov.br\/saude\/wp-content\/uploads\/sites\/64\/2023\/11\/ATENCAO-PARA-MUDANCA-DE-DATA-Lista-dos-candidatos-agendados-para-a-realizacao-da-etapa-de-PERICIA-MEDICA-no-dia-24112023-SEXTA-FEIRA-\u2013-MANHA.pdf\">ATEN\u00c7\u00c3O PARA MUDAN\u00c7A DE DATA &#8211; Lista dos candidatos agendados para a realiza\u00e7\u00e3o da etapa de PER\u00cdCIA M\u00c9DICA no dia 24\/11\/2023 (SEXTA-FEIRA \u2013 MANH\u00c3)<\/a><\/li>\n<li><a href=\"https:\/\/ww16.ce.gov.br\/saude\/wp-content\/uploads\/sites\/64\/2023\/10\/Ambientacao-dos-novos-servidores-da-Saude-31102023-TERCA-FEIRA.pdf\">Ambienta\u00e7\u00e3o dos novos servidores da Sa\u00fade &#8211; 31\/10\/2023 (TER\u00c7A-FEIRA)<\/a><\/li>\n<li><a href=\"https:\/\/ww16.ce.gov.br\/saude\/wp-content\/uploads\/sites\/64\/2023\/10\/Ambientacao-dos-novos-servidores-da-Saude-30102023-SEGUNDA-FEIRA-MANHA-E-TARDE.pdf\">Ambienta\u00e7\u00e3o dos novos servidores da Sa\u00fade &#8211; 30\/10\/2023 (SEGUNDA-FEIRA)<\/a><\/li>\n<li><a href=\"https:\/\/ww16.ce.gov.br\/saude\/wp-content\/uploads\/sites\/64\/2023\/10\/Lista-dos-candidatos-agendados-para-a-realizacao-da-etapa-de-POSSE-no-dia-23102023-SEGUNDA-FEIRA-\u2013-MANHA-E-TARDE.pdf\">Lista dos candidatos agendados para a realiza\u00e7\u00e3o da etapa de POSSE no dia 23\/10\/2023 (SEGUNDA-FEIRA \u2013 MANH\u00c3 E TARDE)<\/a><\/li>\n<li><a href=\"https:\/\/ww16.ce.gov.br\/saude\/wp-content\/uploads\/sites\/64\/2023\/10\/Lista-dos-candidatos-agendados-para-a-realizacao-da-etapa-de-POSSE-no-dia-24102023-TERCA-FEIRA-\u2013-MANHA-E-TARDE.pdf\">Lista dos candidatos agendados para a realiza\u00e7\u00e3o da etapa de POSSE no dia 24\/10\/2023 (TER\u00c7A-FEIRA \u2013 MANH\u00c3 E TARDE)<\/a><\/li>\n<li><a href=\"https:\/\/ww16.ce.gov.br\/saude\/wp-content\/uploads\/sites\/64\/2023\/10\/Lista-dos-candidatos-agendados-para-a-realizacao-da-etapa-de-POSSE-no-dia-25102023-QUARTA-FEIRA-\u2013-MANHA-E-TARDE.pdf\">Lista dos candidatos agendados para a realiza\u00e7\u00e3o da etapa de POSSE no dia 25\/10\/2023 (QUARTA-FEIRA \u2013 MANH\u00c3 E TARDE)<\/a><\/li>\n<li><a href=\"https:\/\/ww16.ce.gov.br\/saude\/wp-content\/uploads\/sites\/64\/2023\/10\/Lista-dos-candidatos-agendados-para-a-realizacao-da-etapa-de-POSSE-no-dia-23102023-QUINTA-FEIRA-\u2013-MANHA-E-TARDE.pdf\">Lista dos candidatos agendados para a realiza\u00e7\u00e3o da etapa de POSSE no dia 26\/10\/2023 (QUINTA-FEIRA \u2013 MANH\u00c3 E TARDE)<\/a><\/li>\n<li><a href=\"https:\/\/ww16.ce.gov.br\/saude\/wp-content\/uploads\/sites\/64\/2023\/10\/Lista-dos-candidatos-agendados-para-a-realizacao-da-etapa-de-PERICIA-MEDICA-no-dia-11102023-QUARTA-FEIRA-\u2013-MANHA-E-TARDE-1.pdf\">Lista dos candidatos agendados para a realiza\u00e7\u00e3o da etapa de PER\u00cdCIA M\u00c9DICA no dia 11\/10\/2023 (QUARTA-FEIRA \u2013 MANH\u00c3 E TARDE)<\/a><\/li>\n<li><a href=\"https:\/\/ww16.ce.gov.br\/saude\/wp-content\/uploads\/sites\/64\/2023\/10\/Lista-dos-candidatos-agendados-para-a-realizacao-da-etapa-de-PERICIA-MEDICA-no-dia-10102023-TERCA-FEIRA-\u2013-MANHA-E-TARDE.pdf\">Lista dos candidatos agendados para a realiza\u00e7\u00e3o da etapa de PER\u00cdCIA M\u00c9DICA no dia 10\/10\/2023 (TER\u00c7A-FEIRA \u2013 MANH\u00c3 E TARDE)<\/a><\/li>\n<li><a href=\"https:\/\/ww16.ce.gov.br\/saude\/wp-content\/uploads\/sites\/64\/2023\/10\/Lista-dos-candidatos-agendados-para-a-realizacao-da-etapa-de-PERICIA-MEDICA-no-dia-09102023-SEGUNDA-FEIRA-\u2013-MANHA-E-TARDE-1.pdf\">Lista dos candidatos agendados para a realiza\u00e7\u00e3o da etapa de PER\u00cdCIA M\u00c9DICA no dia 09\/10\/2023 (SEGUNDA-FEIRA \u2013 MANH\u00c3 E TARDE)<\/a><\/li>\n<li><a href=\"https:\/\/ww16.ce.gov.br\/saude\/wp-content\/uploads\/sites\/64\/2023\/09\/Aviso-concursados-set.pdf\">Aviso importante: item 12 &#8211; Certid\u00e3o narrativa de inexist\u00eancia de CNPJ vinculada a CPF\u00a0<\/a><\/li>\n<li><a href=\"https:\/\/ww16.ce.gov.br\/saude\/wp-content\/uploads\/sites\/64\/2023\/10\/Lista-dos-candidatos-agendados-para-a-realizacao-da-etapa-de-PERICIA-MEDICA-no-dia-05102023-QUINTA-FEIRA-\u2013-MANHA-E-TARDE.pdf\">Lista dos candidatos agendados para a realiza\u00e7\u00e3o da etapa de PER\u00cdCIA M\u00c9DICA no dia 05\/10\/2023 (QUINTA-FEIRA \u2013 MANH\u00c3 E TARDE)<\/a><\/li>\n<li><a href=\"https:\/\/ww16.ce.gov.br\/saude\/wp-content\/uploads\/sites\/64\/2023\/10\/Lista-dos-candidatos-agendados-para-a-realizacao-da-etapa-de-PERICIA-MEDICA-no-dia-04102023-QUARTA-FEIRA-MANHA-E-TARDE-2.pdf\">Lista dos candidatos agendados para a realiza\u00e7\u00e3o da etapa de PER\u00cdCIA M\u00c9DICA no dia 04\/10\/2023 (QUARTA-FEIRA &#8211; MANH\u00c3 E TARDE) <\/a><\/li>\n<li><a href=\"https:\/\/ww16.ce.gov.br\/saude\/wp-content\/uploads\/sites\/64\/2023\/09\/Ato-de-Nomeacao-Area-Medica-e-Assistencial-DOE-29092023.pdf\">Ato de Nomea\u00e7\u00e3o &#8211; \u00c1reas m\u00e9dica e assistencial (DOE 29\/09\/2023)<\/a><\/li>\n<li><a href=\"https:\/\/ww16.ce.gov.br\/saude\/wp-content\/uploads\/sites\/64\/2023\/09\/Lista-dos-candidatos-agenda-dos-para-a-realizacao-da-etapa-de-PERICIA-MEDICA-no-dia-3-de-outubro.pdf\">Lista dos candidatos agendados para a realiza\u00e7\u00e3o da etapa de PER\u00cdCIA M\u00c9DICA no dia 03\/10\/2023 (TER\u00c7A-FEIRA &#8211; MANH\u00c3 E TARDE)<\/a><\/li>\n<li><a href=\"https:\/\/ww16.ce.gov.br\/saude\/wp-content\/uploads\/sites\/64\/2023\/09\/Lista-dos-candidatos-agendados-para-a-realizacao-da-etapa-de-PERICIA-MEDICA-no-dia-02102023-SEGUNDA-FEIRA-TARDE.pdf\">Lista dos candidatos agendados para a realiza\u00e7\u00e3o da etapa de PER\u00cdCIA M\u00c9DICA no dia 02\/10\/2023 (SEGUNDA-FEIRA &#8211; TARDE)<\/a><\/li>\n<li><a href=\"https:\/\/ww16.ce.gov.br\/saude\/wp-content\/uploads\/sites\/64\/2023\/09\/Calendario-geral-convocacao-de-setembro.pdf\">Calend\u00e1rio geral &#8211; convoca\u00e7\u00e3o de setembro<\/a><\/li>\n<li><a href=\"https:\/\/ww16.ce.gov.br\/saude\/wp-content\/uploads\/sites\/64\/2023\/09\/Edital-de-n-0212023-Convocacao-em-21-de-setembro-de-2023-DOE-21-setembro-2023.pdf\"><span class=\"selectable-text copyable-text\">Editais de n\u00ba 21\/2023 e n\u00ba 22\/2023 &#8211; Convoca\u00e7\u00e3o \u00e1reas assistencial e m\u00e9dica (DOE 21\/09\/2023<\/span>)<\/a><\/li>\n<\/ul>\n<p>&nbsp;<\/p>\n<h3 class=\"-laranja\"><strong>Documenta\u00e7\u00f5es<\/strong><\/h3>\n<p>&nbsp;<\/p>\n<ul class=\"ListaEst\">\n<li><a href=\"https:\/\/docs.google.com\/forms\/d\/e\/1FAIpQLSfbrY88dSOBNwACF0pfiIjFz6B8DdQgZf94iQ27s2TSrsSPUw\/viewform\">Formul\u00e1rio para envio de documentos<\/a><\/li>\n<\/ul>\n<p>&nbsp;<\/p>\n<h3 class=\"-laranja\"><strong>Por dentro da Sesa<\/strong><\/h3>\n<p>&nbsp;<\/p>\n<ul class=\"ListaEst\">\n<li><a href=\"https:\/\/ww16.ce.gov.br\/saude\/wp-content\/uploads\/sites\/64\/2023\/10\/Codigo-de-Conduta-Etica-da-Sesa.pdf\">C\u00f3digo de Conduta \u00c9tica da Sesa<\/a><\/li>\n<li><a href=\"https:\/\/ww16.ce.gov.br\/saude\/wp-content\/uploads\/sites\/64\/2023\/10\/Manual-de-normas-e-procedimentos-Direitos-e-vantagens-dos-servidores.pdf\">Manual de normas e procedimentos: Direitos e vantagens dos servidores<\/a><\/li>\n<li><a href=\"https:\/\/ww16.ce.gov.br\/saude\/wp-content\/uploads\/sites\/64\/2023\/10\/Estatuto-dos-Funcionarios-Publicos-Civis-do-Estado.pdf\">Estatuto dos Funcion\u00e1rios P\u00fablicos Civis do Estado<\/a><\/li>\n<li><a href=\"https:\/\/ww16.ce.gov.br\/saude\/wp-content\/uploads\/sites\/64\/2023\/10\/Organograma-da-Sesa.pdf\">Organograma da Sesa<\/a><\/li>\n<\/ul>\n","protected":false},"excerpt":{"rendered":"<p>&#8211; Publica\u00e7\u00f5es &nbsp; &nbsp; Lista dos candidatos agendados para a realiza\u00e7\u00e3o da \u00daLTIMA etapa de PER\u00cdCIA M\u00c9DICA no dia 18\/12\/2023 (SEGUNDA-FEIRA \u2013 TARDE) ATEN\u00c7\u00c3O PARA MUDAN\u00c7A DE DATA &#8211; Lista dos candidatos agendados para a realiza\u00e7\u00e3o da etapa de PER\u00cdCIA M\u00c9DICA no dia 24\/11\/2023 (SEXTA-FEIRA \u2013 MANH\u00c3) Ambienta\u00e7\u00e3o dos novos servidores da Sa\u00fade &#8211; 31\/10\/2023 [&hellip;]<\/p>\n","protected":false},"author":767,"featured_media":0,"parent":0,"menu_order":0,"comment_status":"closed","ping_status":"closed","template":"","meta":{"_acf_changed":false,"inline_featured_image":false,"footnotes":""},"class_list":["post-121782","page","type-page","status-publish","hentry"],"acf":[],"yoast_head":"<!-- This site is optimized with the Yoast SEO plugin v26.9 - https:\/\/yoast.com\/product\/yoast-seo-wordpress\/ -->\n<title>Convoca\u00e7\u00e3o setembro de 2023 - Secretaria da Sa\u00fade do Cear\u00e1<\/title>\n<meta name=\"robots\" content=\"index, follow, max-snippet:-1, max-image-preview:large, max-video-preview:-1\" \/>\n<link rel=\"canonical\" href=\"https:\/\/ww16.ce.gov.br\/saude\/convocacao-setembro-2023\/\" \/>\n<meta property=\"og:locale\" content=\"pt_BR\" \/>\n<meta property=\"og:type\" content=\"article\" \/>\n<meta property=\"og:title\" content=\"Convoca\u00e7\u00e3o setembro de 2023 - Secretaria da Sa\u00fade do Cear\u00e1\" \/>\n<meta property=\"og:description\" content=\"&#8211; Publica\u00e7\u00f5es &nbsp; &nbsp; Lista dos candidatos agendados para a realiza\u00e7\u00e3o da \u00daLTIMA etapa de PER\u00cdCIA M\u00c9DICA no dia 18\/12\/2023 (SEGUNDA-FEIRA \u2013 TARDE) ATEN\u00c7\u00c3O PARA MUDAN\u00c7A DE DATA &#8211; Lista dos candidatos agendados para a realiza\u00e7\u00e3o da etapa de PER\u00cdCIA M\u00c9DICA no dia 24\/11\/2023 (SEXTA-FEIRA \u2013 MANH\u00c3) Ambienta\u00e7\u00e3o dos novos servidores da Sa\u00fade &#8211; 31\/10\/2023 [&hellip;]\" \/>\n<meta property=\"og:url\" content=\"https:\/\/ww16.ce.gov.br\/saude\/convocacao-setembro-2023\/\" \/>\n<meta property=\"og:site_name\" content=\"Secretaria da Sa\u00fade do Cear\u00e1\" \/>\n<meta property=\"article:modified_time\" content=\"2023-12-06T18:59:47+00:00\" \/>\n<meta name=\"twitter:card\" content=\"summary_large_image\" \/>\n<meta name=\"twitter:label1\" content=\"Est. reading time\" \/>\n\t<meta name=\"twitter:data1\" content=\"2 minutos\" \/>\n<script type=\"application\/ld+json\" class=\"yoast-schema-graph\">{\"@context\":\"https:\/\/schema.org\",\"@graph\":[{\"@type\":\"WebPage\",\"@id\":\"https:\/\/ww16.ce.gov.br\/saude\/convocacao-setembro-2023\/\",\"url\":\"https:\/\/ww16.ce.gov.br\/saude\/convocacao-setembro-2023\/\",\"name\":\"Convoca\u00e7\u00e3o setembro de 2023 - Secretaria da Sa\u00fade do Cear\u00e1\",\"isPartOf\":{\"@id\":\"https:\/\/ww16.ce.gov.br\/saude\/#website\"},\"datePublished\":\"2023-08-31T14:23:37+00:00\",\"dateModified\":\"2023-12-06T18:59:47+00:00\",\"breadcrumb\":{\"@id\":\"https:\/\/ww16.ce.gov.br\/saude\/convocacao-setembro-2023\/#breadcrumb\"},\"inLanguage\":\"pt-BR\",\"potentialAction\":[{\"@type\":\"ReadAction\",\"target\":[\"https:\/\/ww16.ce.gov.br\/saude\/convocacao-setembro-2023\/\"]}]},{\"@type\":\"BreadcrumbList\",\"@id\":\"https:\/\/ww16.ce.gov.br\/saude\/convocacao-setembro-2023\/#breadcrumb\",\"itemListElement\":[{\"@type\":\"ListItem\",\"position\":1,\"name\":\"In\u00edcio\",\"item\":\"https:\/\/ww16.ce.gov.br\/saude\/\"},{\"@type\":\"ListItem\",\"position\":2,\"name\":\"Convoca\u00e7\u00e3o setembro de 2023\"}]},{\"@type\":\"WebSite\",\"@id\":\"https:\/\/ww16.ce.gov.br\/saude\/#website\",\"url\":\"https:\/\/ww16.ce.gov.br\/saude\/\",\"name\":\"Secretaria da Sa\u00fade\",\"description\":\"Secretaria da Sa\u00fade do Cear\u00e1\",\"publisher\":{\"@id\":\"https:\/\/ww16.ce.gov.br\/saude\/#organization\"},\"potentialAction\":[{\"@type\":\"SearchAction\",\"target\":{\"@type\":\"EntryPoint\",\"urlTemplate\":\"https:\/\/ww16.ce.gov.br\/saude\/?s={search_term_string}\"},\"query-input\":{\"@type\":\"PropertyValueSpecification\",\"valueRequired\":true,\"valueName\":\"search_term_string\"}}],\"inLanguage\":\"pt-BR\"},{\"@type\":\"Organization\",\"@id\":\"https:\/\/ww16.ce.gov.br\/saude\/#organization\",\"name\":\"Secretaria da Sa\u00fade\",\"url\":\"https:\/\/ww16.ce.gov.br\/saude\/\",\"logo\":{\"@type\":\"ImageObject\",\"inLanguage\":\"pt-BR\",\"@id\":\"https:\/\/ww16.ce.gov.br\/saude\/#\/schema\/logo\/image\/\",\"url\":\"http:\/\/ww16.ce.gov.br\/saude\/wp-content\/uploads\/sites\/9\/2017\/11\/clara.png\",\"contentUrl\":\"http:\/\/ww16.ce.gov.br\/saude\/wp-content\/uploads\/sites\/9\/2017\/11\/clara.png\",\"width\":559,\"height\":106,\"caption\":\"Secretaria da Sa\u00fade\"},\"image\":{\"@id\":\"https:\/\/ww16.ce.gov.br\/saude\/#\/schema\/logo\/image\/\"}}]}<\/script>\n<!-- \/ Yoast SEO plugin. -->","yoast_head_json":{"title":"Convoca\u00e7\u00e3o setembro de 2023 - Secretaria da Sa\u00fade do Cear\u00e1","robots":{"index":"index","follow":"follow","max-snippet":"max-snippet:-1","max-image-preview":"max-image-preview:large","max-video-preview":"max-video-preview:-1"},"canonical":"https:\/\/ww16.ce.gov.br\/saude\/convocacao-setembro-2023\/","og_locale":"pt_BR","og_type":"article","og_title":"Convoca\u00e7\u00e3o setembro de 2023 - Secretaria da Sa\u00fade do Cear\u00e1","og_description":"&#8211; Publica\u00e7\u00f5es &nbsp; &nbsp; Lista dos candidatos agendados para a realiza\u00e7\u00e3o da \u00daLTIMA etapa de PER\u00cdCIA M\u00c9DICA no dia 18\/12\/2023 (SEGUNDA-FEIRA \u2013 TARDE) ATEN\u00c7\u00c3O PARA MUDAN\u00c7A DE DATA &#8211; Lista dos candidatos agendados para a realiza\u00e7\u00e3o da etapa de PER\u00cdCIA M\u00c9DICA no dia 24\/11\/2023 (SEXTA-FEIRA \u2013 MANH\u00c3) Ambienta\u00e7\u00e3o dos novos servidores da Sa\u00fade &#8211; 31\/10\/2023 [&hellip;]","og_url":"https:\/\/ww16.ce.gov.br\/saude\/convocacao-setembro-2023\/","og_site_name":"Secretaria da Sa\u00fade do Cear\u00e1","article_modified_time":"2023-12-06T18:59:47+00:00","twitter_card":"summary_large_image","twitter_misc":{"Est. reading time":"2 minutos"},"schema":{"@context":"https:\/\/schema.org","@graph":[{"@type":"WebPage","@id":"https:\/\/ww16.ce.gov.br\/saude\/convocacao-setembro-2023\/","url":"https:\/\/ww16.ce.gov.br\/saude\/convocacao-setembro-2023\/","name":"Convoca\u00e7\u00e3o setembro de 2023 - Secretaria da Sa\u00fade do Cear\u00e1","isPartOf":{"@id":"https:\/\/ww16.ce.gov.br\/saude\/#website"},"datePublished":"2023-08-31T14:23:37+00:00","dateModified":"2023-12-06T18:59:47+00:00","breadcrumb":{"@id":"https:\/\/ww16.ce.gov.br\/saude\/convocacao-setembro-2023\/#breadcrumb"},"inLanguage":"pt-BR","potentialAction":[{"@type":"ReadAction","target":["https:\/\/ww16.ce.gov.br\/saude\/convocacao-setembro-2023\/"]}]},{"@type":"BreadcrumbList","@id":"https:\/\/ww16.ce.gov.br\/saude\/convocacao-setembro-2023\/#breadcrumb","itemListElement":[{"@type":"ListItem","position":1,"name":"In\u00edcio","item":"https:\/\/ww16.ce.gov.br\/saude\/"},{"@type":"ListItem","position":2,"name":"Convoca\u00e7\u00e3o setembro de 2023"}]},{"@type":"WebSite","@id":"https:\/\/ww16.ce.gov.br\/saude\/#website","url":"https:\/\/ww16.ce.gov.br\/saude\/","name":"Secretaria da Sa\u00fade","description":"Secretaria da Sa\u00fade do Cear\u00e1","publisher":{"@id":"https:\/\/ww16.ce.gov.br\/saude\/#organization"},"potentialAction":[{"@type":"SearchAction","target":{"@type":"EntryPoint","urlTemplate":"https:\/\/ww16.ce.gov.br\/saude\/?s={search_term_string}"},"query-input":{"@type":"PropertyValueSpecification","valueRequired":true,"valueName":"search_term_string"}}],"inLanguage":"pt-BR"},{"@type":"Organization","@id":"https:\/\/ww16.ce.gov.br\/saude\/#organization","name":"Secretaria da Sa\u00fade","url":"https:\/\/ww16.ce.gov.br\/saude\/","logo":{"@type":"ImageObject","inLanguage":"pt-BR","@id":"https:\/\/ww16.ce.gov.br\/saude\/#\/schema\/logo\/image\/","url":"http:\/\/ww16.ce.gov.br\/saude\/wp-content\/uploads\/sites\/9\/2017\/11\/clara.png","contentUrl":"http:\/\/ww16.ce.gov.br\/saude\/wp-content\/uploads\/sites\/9\/2017\/11\/clara.png","width":559,"height":106,"caption":"Secretaria da Sa\u00fade"},"image":{"@id":"https:\/\/ww16.ce.gov.br\/saude\/#\/schema\/logo\/image\/"}}]}},"_links":{"self":[{"href":"https:\/\/ww16.ce.gov.br\/saude\/wp-json\/wp\/v2\/pages\/121782","targetHints":{"allow":["GET"]}}],"collection":[{"href":"https:\/\/ww16.ce.gov.br\/saude\/wp-json\/wp\/v2\/pages"}],"about":[{"href":"https:\/\/ww16.ce.gov.br\/saude\/wp-json\/wp\/v2\/types\/page"}],"author":[{"embeddable":true,"href":"https:\/\/ww16.ce.gov.br\/saude\/wp-json\/wp\/v2\/users\/767"}],"replies":[{"embeddable":true,"href":"https:\/\/ww16.ce.gov.br\/saude\/wp-json\/wp\/v2\/comments?post=121782"}],"version-history":[{"count":65,"href":"https:\/\/ww16.ce.gov.br\/saude\/wp-json\/wp\/v2\/pages\/121782\/revisions"}],"predecessor-version":[{"id":126720,"href":"https:\/\/ww16.ce.gov.br\/saude\/wp-json\/wp\/v2\/pages\/121782\/revisions\/126720"}],"wp:attachment":[{"href":"https:\/\/ww16.ce.gov.br\/saude\/wp-json\/wp\/v2\/media?parent=121782"}],"curies":[{"name":"wp","href":"https:\/\/api.w.org\/{rel}","templated":true}]}}