{"id":121779,"date":"2023-08-31T11:23:12","date_gmt":"2023-08-31T14:23:12","guid":{"rendered":"http:\/\/ww16.ce.gov.br\/saude\/?page_id=121779"},"modified":"2023-08-31T11:46:17","modified_gmt":"2023-08-31T14:46:17","slug":"convocacao-maio-2023","status":"publish","type":"page","link":"https:\/\/ww16.ce.gov.br\/saude\/convocacao-maio-2023\/","title":{"rendered":"Convoca\u00e7\u00e3o maio de 2023"},"content":{"rendered":"<p>&nbsp;<\/p>\n<p>&nbsp;<\/p>\n<p><strong>28\/06\/2023 &#8211;\u00a0 MUDAN\u00c7A DE HOR\u00c1RIO DA SOLENIDADE DE POSSE: <\/strong>Informamos que o hor\u00e1rio previsto para a Solenidade de Posse dos Novos Servidores da Sa\u00fade passou por uma mudan\u00e7a e, agora, <strong>ser\u00e1 \u00e0s 18h<\/strong>. Demais informa\u00e7\u00f5es sobre data (29\/06) e local (Centro de Eventos) est\u00e3o mantidas.<\/p>\n<p>&nbsp;<\/p>\n<p><strong>27\/06\/2023 &#8211; <\/strong>Sobre a Integra\u00e7\u00e3o do novo servidor da Sa\u00fade: \u00e9 um treinamento voltado APENAS para o servidor empossado.<\/p>\n<p><strong>\u00a0 \u00a0 \u00a0 \u00a0 \u00a0 \u00a0 \u00a0 \u00a0 \u00a0 \u00a0 \u00a0 \u00a0 Local:<\/strong> Escola de Sa\u00fade P\u00fablica &#8211; Av. Ant\u00f4nio Justa, 3161 &#8211; Meireles<br \/>\n<strong>\u00a0 \u00a0 \u00a0 \u00a0 \u00a0 \u00a0 \u00a0 \u00a0 \u00a0 \u00a0 \u00a0 \u00a0 Hor\u00e1rio:<\/strong> 8h \u00e0s 17h<br \/>\n<strong>\u00a0 \u00a0 \u00a0 \u00a0 \u00a0 \u00a0 \u00a0 \u00a0 \u00a0 \u00a0 \u00a0 \u00a0 ATEN\u00c7\u00c3O:<\/strong> verificar em qual data da Integra\u00e7\u00e3o o seu nome encontra-se listado.<\/p>\n<p>&nbsp;<\/p>\n<p><strong>27\/06\/2023 &#8211; <\/strong><a style=\"font-family: Georgia, 'Times New Roman', 'Bitstream Charter', Times, serif;font-size: 16px\" href=\"https:\/\/ww16.ce.gov.br\/saude\/wp-content\/uploads\/sites\/64\/2023\/06\/INTEGRACAO_03JUL23.pdf\"><strong>Integra\u00e7\u00e3o dos novos servidores da Sa\u00fade &#8211; 03 de julho de 2023<\/strong><\/a><\/p>\n<p>&nbsp;<\/p>\n<p><strong>27\/06\/2023 &#8211; <\/strong><a style=\"font-family: Georgia, 'Times New Roman', 'Bitstream Charter', Times, serif;font-size: 16px\" href=\"https:\/\/ww16.ce.gov.br\/saude\/wp-content\/uploads\/sites\/64\/2023\/06\/INTEGRACAO_TURMA-30JUN23.pdf\"><strong>Integra\u00e7\u00e3o dos novos servidores da Sa\u00fade &#8211; 30 de junho de 2023<\/strong><\/a><\/p>\n<p>&nbsp;<\/p>\n<p><strong>27\/06\/2023 &#8211; A SOLENIDADE DE POSSE DOS NOVOS SERVIDORES DA SA\u00daDE<\/strong> acontecer\u00e1 segundo as instru\u00e7\u00f5es enviadas para o endere\u00e7o de e-mail daqueles que foram empossados at\u00e9 o dia 23 de junho de 2023. A confirma\u00e7\u00e3o de presen\u00e7a dever\u00e1 ser feita <strong>AT\u00c9 O DIA 28\/06\/2023,<\/strong> mediante resposta ao formul\u00e1rio enviado.<\/p>\n<p>&nbsp;<\/p>\n<p><strong>21\/06\/2023 &#8211; <\/strong><a style=\"font-family: Georgia, 'Times New Roman', 'Bitstream Charter', Times, serif;font-size: 16px\" href=\"https:\/\/ww16.ce.gov.br\/saude\/download\/agendamento-para-posse-dos-novos-estatutarios-23-06-2023\/\"><strong>Agendamento para posse dos novos estatut\u00e1rios (23\/06\/2023)<\/strong><\/a><\/p>\n<p>&nbsp;<\/p>\n<p><strong>19\/06\/2023 &#8211; <\/strong><a style=\"font-family: Georgia, 'Times New Roman', 'Bitstream Charter', Times, serif;font-size: 16px\" href=\"https:\/\/ww16.ce.gov.br\/saude\/download\/agendamento-para-posse-dos-novos-estatutarios-22-06-2023\/\"><strong>Agendamento para posse dos novos estatut\u00e1rios (22\/06\/2023)<\/strong><\/a><\/p>\n<p>&nbsp;<\/p>\n<p><strong>19\/06\/2023 &#8211; <\/strong><a style=\"font-family: Georgia, 'Times New Roman', 'Bitstream Charter', Times, serif;font-size: 16px\" href=\"https:\/\/ww16.ce.gov.br\/saude\/download\/agendamento-para-posse-dos-novos-estatutarios-21-06-2023\/\"><strong>Agendamento para posse dos novos estatut\u00e1rios (21\/06\/2023)<\/strong><\/a><\/p>\n<p>&nbsp;<\/p>\n<p><strong>19\/06\/2023 &#8211; <\/strong>Informamos aos candidatos nomeados que ser\u00e1 poss\u00edvel trazer, <strong>no m\u00e1ximo, 01 (um) acompanhante<\/strong>\u00a0no dia da posse. Pedimos que esse n\u00famero seja respeitado devido \u00e0 limita\u00e7\u00e3o de espa\u00e7o f\u00edsico do local reservado para esse momento.<\/p>\n<p>&nbsp;<\/p>\n<p><strong>16\/06\/2023 &#8211;\u00a0<\/strong><a style=\"font-family: Georgia, 'Times New Roman', 'Bitstream Charter', Times, serif;font-size: 16px\" href=\"https:\/\/ww16.ce.gov.br\/saude\/download\/agendamento-para-posse-dos-novos-estatutarios\/\"><strong>Agendamento para posse dos novos estatut\u00e1rios (20\/06\/2023)<\/strong><\/a><\/p>\n<p>&nbsp;<\/p>\n<p style=\"text-align: justify\"><strong>16\/06\/2023 &#8211;<\/strong> Tendo em vista a regra constitucional de <strong>acumula\u00e7\u00e3o de cargos p\u00fablicos<\/strong>, com permiss\u00e3o no art. 37, XVI, de cumula\u00e7\u00e3o de dois cargos de professor, de um cargo de professor com um cargo t\u00e9cnico-cient\u00edfico, e de dois cargos de profiss\u00f5es regulamentadas na \u00e1rea da sa\u00fade, informamos que os candidatos precisam entregar, at\u00e9 a data designada para posse, comprovante de desincompatibiliza\u00e7\u00e3o, sob pena de desclassifica\u00e7\u00e3o do concurso p\u00fablico. O comprovante deve ser enviado em PDF, EXCLUSIVAMENTE por meio do endere\u00e7o de e-mail: concursados.sesa@saude.ce.gov.br , com o t\u00edtulo: ACUMULA\u00c7\u00c3O DE CARGOS + SEU NOME COMPLETO.<\/p>\n<p>&nbsp;<\/p>\n<p style=\"text-align: justify\">Informamos que \u00e9 necess\u00e1rio, ainda, haver <strong>compatibilidade de hor\u00e1rios<\/strong> quanto \u00e0 eventual cumula\u00e7\u00e3o de cargos, n\u00e3o havendo possibilidade de modifica\u00e7\u00e3o do local de trabalho na unidade.<\/p>\n<p>&nbsp;<\/p>\n<p><strong>14\/06\/2023 &#8211;\u00a0<\/strong> Informamos que a data estabelecida para o in\u00edcio do <strong>efetivo exerc\u00edcio<\/strong> no local de trabalho ser\u00e1 dia <strong>03 de julho de 2023<\/strong>.<\/p>\n<p>&nbsp;<\/p>\n<p><strong>13\/06\/2023 &#8211;<\/strong> A <strong>posse<\/strong> est\u00e1 prevista para o per\u00edodo de 20 a 23 de junho de 2023, com <strong>data e hor\u00e1rio estabelecidos nominalmente<\/strong>, \u00e0 semelhan\u00e7a do que foi feito para a per\u00edcia m\u00e9dica. O agendamento ser\u00e1 divulgado em breve.<\/p>\n<p>&nbsp;<\/p>\n<p><strong>13\/06\/2023 &#8211;<\/strong> A <strong>defini\u00e7\u00e3o da lota\u00e7\u00e3o na unidade de sa\u00fade<\/strong> como servidor(a) estatut\u00e1rio(a) depender\u00e1 do cargo para o qual houve a aprova\u00e7\u00e3o, havendo mais de uma possibilidade para alguns cargos, j\u00e1 para outros, n\u00e3o. Destacando, ainda, que a lota\u00e7\u00e3o \u00e9 realizada a partir dos crit\u00e9rios de conveni\u00eancia e oportunidade da Administra\u00e7\u00e3o P\u00fablica. Esteja atento(a) aos informes enviados para o endere\u00e7o de e-mail informado no seu formul\u00e1rio.<\/p>\n<p>&nbsp;<\/p>\n<p><strong>07\/06\/2023 &#8211; <\/strong>Prezado(a) candidato(a),<\/p>\n<p>&nbsp;<\/p>\n<p>A <strong>data-limite para o envio dos documentos<\/strong> solicitados nos editais de convoca\u00e7\u00e3o de n\u00bas 0112023 (\u00c1rea M\u00e9dica), 0122023 (\u00c1rea Assistencial) e 0132023 (\u00c1rea Administrativa) &#8211; publicados no <a href=\"https:\/\/ww16.ce.gov.br\/saude\/download\/doe-24-de-maio-de-2023\/\">DOE de 24 de maio de 2023<\/a> &#8211; ser\u00e1 <strong>dia 12\/06\/2023 (segunda-feira)<\/strong>, tendo em vista a exist\u00eancia do feriado do dia 08 de junho e a op\u00e7\u00e3o pelo ponto facultativo pelo Governo do Estado, no dia 9 de junho.<\/p>\n<p>&nbsp;<\/p>\n<p><strong>Os documentos solicitados dever\u00e3o ser enviados at\u00e9 \u00e0s 23:59 do dia 12 de junho de 2023 considerando que os links dos formul\u00e1rios<\/strong> disponibilizados para tal envio <strong>ser\u00e3o desativados no site depois desse hor\u00e1rio<\/strong>.<\/p>\n<p>&nbsp;<\/p>\n<p>Aos candidatos que optarem pela desist\u00eancia do concurso, solicitamos preencher o documento referente a &#8220;<a href=\"https:\/\/ww16.ce.gov.br\/saude\/wp-content\/uploads\/sites\/64\/2023\/05\/DECLARACAO-DESISTENCIA-TOMAR-POSSE.pdf\">Declara\u00e7\u00e3o de Desist\u00eancia do Concurso P\u00fablico<\/a>&#8220;, dispon\u00edvel nesta p\u00e1gina, e envi\u00e1-lo \u00e0 Sesa por meio do endere\u00e7o de e-mail: concursados.sesa@saude.ce.gov.br.<\/p>\n<p>&nbsp;<\/p>\n<p><strong>06\/06\/2023<\/strong> &#8211; O(A)s candidato(a)s que j\u00e1 passaram pela etapa de per\u00edcia m\u00e9dica <strong>N\u00c3O PRECISAR\u00c3O SE DESLOCAR AT\u00c9 A SESA PARA ENTREGAR C\u00d3PIA DO LAUDO, NEM ENVI\u00c1-LA POR E-MAIL<\/strong>. A Sesa tem acesso a esses laudos via sistema. Uma vez aprovado(a) nessa etapa, a orienta\u00e7\u00e3o \u00e9 aguardar informa\u00e7\u00f5es quanto ao pr\u00f3ximo passo, o que seguir\u00e1 acontecendo por meio dos informes di\u00e1rios.<\/p>\n<p>&nbsp;<\/p>\n<p><strong>05\/06\/2023 &#8211;<\/strong>\u00a0Sobre o <strong>Requerimento de adiamento de posse<\/strong>: poder\u00e1 ser feito tanto presencialmente (no dia agendado para sua posse), como realizado por meio digital, sendo que, no segundo caso, deve ter <a href=\"https:\/\/www.gov.br\/pt-br\">assinatura eletr\u00f4nica<\/a> (https:\/\/www.gov.br\/pt-br) ou assinatura reconhecida em cart\u00f3rio a ser enviada para o endere\u00e7o de e-mail disponibilizado para o concurso (concursados.sesa@saude.ce.gov.br).<\/p>\n<p>&nbsp;<\/p>\n<p><strong>02\/06\/2023<\/strong> &#8211; Sobre a realiza\u00e7\u00e3o da per\u00edcia m\u00e9dica, favor atentar para as orienta\u00e7\u00f5es abaixo:<\/p>\n<p>&#8211; O atendimento somente ser\u00e1 realizado conforme o agendamento nominal divulgado no site da Secretaria da Sa\u00fade;<br \/>\n&#8211; O atendimento ser\u00e1 feito por ordem de chegada;<br \/>\n&#8211; Levar documento de identifica\u00e7\u00e3o original e com foto;<br \/>\n&#8211; Levar os resultados dos exames m\u00e9dicos solicitados nos editais n\u00bas 011\/2023, 012\/2023 e 013\/2023 publicados no DOE do dia 24 de maio de 2023 ;<br \/>\n&#8211; Levar o <a href=\"https:\/\/ww16.ce.gov.br\/saude\/wp-content\/uploads\/sites\/64\/2020\/03\/FORMULARIO-DE-PERICIA-ADMISSIONAL.pdf\">Formul\u00e1rio de Per\u00edcia M\u00e9dica Admissional<\/a> (encontra-se na lista \u201cDocumenta\u00e7\u00f5es\u201d disponibilizada no site), devidamente impresso e preenchido;<br \/>\n&#8211; Endere\u00e7o do local da per\u00edcia: Av. Oliveira Paiva, 941 \u2013 Bl. C \u2013 Bairro Cidade dos Funcion\u00e1rios \u2013 Fortaleza \/ Cear\u00e1.<\/p>\n<p>&nbsp;<\/p>\n<ul class=\"ListaEst\">\n<li><a href=\"https:\/\/ww16.ce.gov.br\/saude\/download\/lista-dos-candidatos-agendados-para-a-realizacao-da-etapa-de-pericia-medica-no-dia-14-06-2023-quarta-feira-tarde\/\">Lista dos candidatos agendados para a realiza\u00e7\u00e3o da etapa de PER\u00cdCIA M\u00c9DICA NO DIA 14\/06\/2023 (QUARTA-FEIRA) &#8211; TARDE<\/a><\/li>\n<li><a href=\"https:\/\/ww16.ce.gov.br\/saude\/download\/lista-dos-candidatos-agendados-para-a-realizacao-da-etapa-de-pericia-medica-no-dia-14-06-2023-quarta-feira\/\">Lista dos candidatos agendados para a realiza\u00e7\u00e3o da etapa de PER\u00cdCIA M\u00c9DICA NO DIA 14\/06\/2023 (QUARTA-FEIRA) &#8211; MANH\u00c3<\/a><\/li>\n<li><a href=\"https:\/\/ww16.ce.gov.br\/saude\/download\/lista-dos-candidatos-agendados-para-a-realizacao-da-etapa-de-pericia-medica-no-dia-13-06-2023-terca-feira\/\">Lista dos candidatos agendados para a realiza\u00e7\u00e3o da etapa de PER\u00cdCIA M\u00c9DICA NO DIA 13\/06\/2023 (TER\u00c7A-FEIRA)<\/a><\/li>\n<li><a href=\"https:\/\/ww16.ce.gov.br\/saude\/download\/lista-extra-dos-candidatos-agendados-para-a-realizacao-da-etapa-de-pericia-medica-no-dia-12-06-2023-segunda-feira\/\">Lista EXTRA dos candidatos agendados para a realiza\u00e7\u00e3o da etapa de PER\u00cdCIA M\u00c9DICA NO DIA 12\/06\/2023 (SEGUNDA-FEIRA)<\/a><\/li>\n<li><a href=\"https:\/\/ww16.ce.gov.br\/saude\/download\/lista-dos-candidatos-agendados-para-a-realizacao-da-etapa-de-pericia-medica-no-dia-12-06-2023-segunda-feira\/\">Lista dos candidatos agendados para a realiza\u00e7\u00e3o da etapa de PER\u00cdCIA M\u00c9DICA NO DIA 12\/06\/2023 (SEGUNDA-FEIRA)<\/a><\/li>\n<li><a href=\"https:\/\/ww16.ce.gov.br\/saude\/download\/lista-dos-candidatos-agendados-para-a-realizacao-da-etapa-de-pericia-medica-no-dia-07-06-2023-quarta-feira\/\">Lista dos candidatos agendados para a realiza\u00e7\u00e3o da etapa de PER\u00cdCIA M\u00c9DICA NO DIA 07\/06\/2023 (QUARTA-FEIRA)<\/a><\/li>\n<li><a href=\"https:\/\/ww16.ce.gov.br\/saude\/download\/lista-dos-candidatos-agendados-para-a-realizacao-da-etapa-de-pericia-medica-no-dia-06-06-2023-terca-feira\/\">Lista dos candidatos agendados para a realiza\u00e7\u00e3o da etapa de PER\u00cdCIA M\u00c9DICA NO DIA 06\/06\/2023 (TER\u00c7A-FEIRA)<\/a><\/li>\n<li><a style=\"font-family: Georgia, 'Times New Roman', 'Bitstream Charter', Times, serif;font-size: 16px\" href=\"https:\/\/ww16.ce.gov.br\/saude\/download\/lista-dos-candidatos-agendados-para-a-realizacao-da-etapa-de-pericia-medica-no-dia-05-06-2023-segunda-feira\/\" target=\"_blank\" rel=\"noopener\"><strong><span style=\"font-weight: 400\">Lista dos candidatos agendados para a realiza\u00e7\u00e3o da etapa de PER\u00cdCIA M\u00c9DICA NO DIA 05\/06\/2023 (SEGUNDA-FEIRA)<\/span><\/strong><\/a><\/li>\n<\/ul>\n<p>&nbsp;<\/p>\n<p><strong>02\/06\/2023<\/strong> &#8211; O agendamento da data do dia 06\/06\/2023 dever\u00e1 ser divulgado na segunda-feira, dia 5 de junho de 2023.<\/p>\n<p>&nbsp;<\/p>\n<p><strong>01\/06\/2023 &#8211; <\/strong>Aviso: sobre o envio de documentos por meio do formul\u00e1rio disponibilizado, esclarecemos que o envio da certid\u00e3o de conclus\u00e3o do Ensino M\u00e9dio tamb\u00e9m se aplica aos cargos de ensino t\u00e9cnico.<\/p>\n<p>&nbsp;<\/p>\n<p><strong>01\/06\/2023 &#8211;<\/strong> Inclus\u00e3o do dia 16 de junho no per\u00edodo previsto para a realiza\u00e7\u00e3o da per\u00edcia m\u00e9dica. Para os candidatos convocados no Di\u00e1rio Oficial do Estado (DOE), publicado em 24 de maio de 2023, a realiza\u00e7\u00e3o da per\u00edcia ser\u00e1 de <strong>5 a 7 de junho de 2023<\/strong> e de <strong>12 a 16 de junho de 2023<\/strong>, conforme agendamento individual a ser disponibilizado neste site.<\/p>\n<p>&nbsp;<\/p>\n<p><strong>31\/05\/2023 &#8211; <\/strong>Publica\u00e7\u00e3o no Di\u00e1rio Oficial do Estado do Cear\u00e1 (DOE) com a nomea\u00e7\u00e3o dos 592 novos estatut\u00e1rios aprovados no concurso.<\/p>\n<p>&nbsp;<\/p>\n<ul class=\"ListaEst\">\n<li><a href=\"https:\/\/ww16.ce.gov.br\/saude\/download\/doe-31-05-2023-nomeacao-592-estatutarios\/\" target=\"_blank\" rel=\"noopener\"><strong><span style=\"font-weight: 400\">Di\u00e1rio Oficial do Estado do Cear\u00e1 (DOE)<\/span><\/strong> de 31 de maio de 2023<\/a><\/li>\n<\/ul>\n<p>&nbsp;<\/p>\n<p><strong>30\/05\/2023 &#8211;<\/strong> Informe sobre abertura de conta no Bradesco: a\u00a0conta banc\u00e1ria que deve ser aberta junto ao Bradesco <strong>N\u00c3O<\/strong> pode ser na modalidade digital, feita pelo aplicativo; <strong>deve ser aberta junto a uma ag\u00eancia banc\u00e1ria<\/strong>, de forma presencial. A modalidade aceita pelo sistema da Seplag \u00e9 a de conta corrente.<\/p>\n<p>&nbsp;<\/p>\n<p><strong>30\/05\/2023 &#8211;<\/strong> A data da posse dos m\u00e9dicos nomeados no <strong>Di\u00e1rio Oficial do Estado (DOE) de 19 de maio de 2023<\/strong>\u00a0ser\u00e1 no dia <strong>7 de junho no hor\u00e1rio de\u00a0 8h30 \u00e0s 11h30 e das 13h30 \u00e0s 16h30,<\/strong>\u00a0junto \u00e0 Coordenadoria de Gest\u00e3o Estrat\u00e9gica e Desenvolvimento de Pessoas (Cogep) na sede administrativa da Secretaria da Sa\u00fade, localizada na Av. Almirante Barroso, 600 &#8211; Praia de Iracema.<\/p>\n<p>&nbsp;<\/p>\n<p><strong>24\/05\/2023 &#8211;<\/strong> Para os candidatos convocados no Di\u00e1rio Oficial do Estado (DOE), publicado em 24 de maio de 2023, a primeira etapa, de <strong>exames e entrega de documenta\u00e7\u00e3o<\/strong>, segue at\u00e9 o pr\u00f3ximo <strong>dia 2 de junho. <\/strong>A realiza\u00e7\u00e3o da per\u00edcia m\u00e9dica ser\u00e1 de <strong>5 a 7 de junho de 2023<\/strong> e de <strong>12 a 15 de junho de 2023<\/strong>, conforme agendamento individual a ser disponibilizado neste site.<\/p>\n<p>&nbsp;<\/p>\n<p><strong>19\/05\/2023 &#8211;<\/strong> Para os candidatos nomeados no <strong>Di\u00e1rio Oficial do Estado (DOE), de 19 de maio de 2023<\/strong>, a primeira etapa, de <strong>exames e entrega de documenta\u00e7\u00e3o<\/strong>, segue at\u00e9 o pr\u00f3ximo <strong>dia 28 de maio. <\/strong>A realiza\u00e7\u00e3o da per\u00edcia m\u00e9dica ser\u00e1 no dia <strong>29 de maio,<\/strong>\u00a0no per\u00edodo da manh\u00e3, das <strong>8h \u00e0s 10h<\/strong>.<\/p>\n<p>&nbsp;<\/p>\n<h3><strong>Publica\u00e7\u00f5es<\/strong><\/h3>\n<p>&nbsp;<\/p>\n<ul class=\"ListaEst\">\n<li><a href=\"https:\/\/ww16.ce.gov.br\/saude\/download\/doe-31-05-2023-nomeacao-592-estatutarios\/\" target=\"_blank\" rel=\"noopener\"><span style=\"font-size: large\">Ato de Nomea\u00e7\u00e3o \u00c1rea M\u00e9dica, \u00c1rea Assistencial e \u00c1rea Administrativa (DOE 31 maio 2023)<\/span><\/a><\/li>\n<li><a href=\"https:\/\/ww16.ce.gov.br\/saude\/download\/doe-24-de-maio-de-2023\/\" target=\"_blank\" rel=\"noopener\"><span style=\"font-size: large\">Edital de n\u00ba 0132023 \/ Convoca\u00e7\u00e3o \u00c1rea Administrativa em 10 de maio de 2023 (DOE 24 maio 2023)<\/span><\/a><\/li>\n<li><a href=\"https:\/\/ww16.ce.gov.br\/saude\/download\/doe-24-de-maio-de-2023\/\" target=\"_blank\" rel=\"noopener\"><span style=\"font-size: large\">Edital n\u00ba 0122023 \/ Convoca\u00e7\u00e3o \u00c1rea Assistencial em 10 de maio de 2023 (DOE 24 maio 2023)<\/span><\/a><\/li>\n<li><a href=\"https:\/\/ww16.ce.gov.br\/saude\/download\/doe-24-de-maio-de-2023\/\" target=\"_blank\" rel=\"noopener\"><span style=\"font-size: large\">Edital n\u00ba 0112023 \/ Convoca\u00e7\u00e3o \u00c1rea M\u00e9dica em 10 de maio de 2023 (DOE 24 maio 2023)<\/span><\/a><\/li>\n<li><a href=\"https:\/\/ww16.ce.gov.br\/saude\/download\/doe-19-maio-de-2023\/\" target=\"_blank\" rel=\"noopener\"><span style=\"font-size: large\">Ato Nomea\u00e7\u00e3o \u00c1rea M\u00e9dica em 19 maio 2023 (DOE 19 maio 2023)<\/span><\/a><\/li>\n<\/ul>\n","protected":false},"excerpt":{"rendered":"<p>&nbsp; &nbsp; 28\/06\/2023 &#8211;\u00a0 MUDAN\u00c7A DE HOR\u00c1RIO DA SOLENIDADE DE POSSE: Informamos que o hor\u00e1rio previsto para a Solenidade de Posse dos Novos Servidores da Sa\u00fade passou por uma mudan\u00e7a e, agora, ser\u00e1 \u00e0s 18h. Demais informa\u00e7\u00f5es sobre data (29\/06) e local (Centro de Eventos) est\u00e3o mantidas. &nbsp; 27\/06\/2023 &#8211; Sobre a Integra\u00e7\u00e3o do novo [&hellip;]<\/p>\n","protected":false},"author":767,"featured_media":0,"parent":0,"menu_order":0,"comment_status":"closed","ping_status":"closed","template":"","meta":{"_acf_changed":false,"inline_featured_image":false,"footnotes":""},"class_list":["post-121779","page","type-page","status-publish","hentry"],"acf":[],"yoast_head":"<!-- This site is optimized with the Yoast SEO plugin v26.9 - https:\/\/yoast.com\/product\/yoast-seo-wordpress\/ -->\n<title>Convoca\u00e7\u00e3o maio de 2023 - Secretaria da Sa\u00fade do Cear\u00e1<\/title>\n<meta name=\"robots\" content=\"index, follow, max-snippet:-1, max-image-preview:large, max-video-preview:-1\" \/>\n<link rel=\"canonical\" href=\"https:\/\/ww16.ce.gov.br\/saude\/convocacao-maio-2023\/\" \/>\n<meta property=\"og:locale\" content=\"pt_BR\" \/>\n<meta property=\"og:type\" content=\"article\" \/>\n<meta property=\"og:title\" content=\"Convoca\u00e7\u00e3o maio de 2023 - Secretaria da Sa\u00fade do Cear\u00e1\" \/>\n<meta property=\"og:description\" content=\"&nbsp; &nbsp; 28\/06\/2023 &#8211;\u00a0 MUDAN\u00c7A DE HOR\u00c1RIO DA SOLENIDADE DE POSSE: Informamos que o hor\u00e1rio previsto para a Solenidade de Posse dos Novos Servidores da Sa\u00fade passou por uma mudan\u00e7a e, agora, ser\u00e1 \u00e0s 18h. Demais informa\u00e7\u00f5es sobre data (29\/06) e local (Centro de Eventos) est\u00e3o mantidas. &nbsp; 27\/06\/2023 &#8211; Sobre a Integra\u00e7\u00e3o do novo [&hellip;]\" \/>\n<meta property=\"og:url\" content=\"https:\/\/ww16.ce.gov.br\/saude\/convocacao-maio-2023\/\" \/>\n<meta property=\"og:site_name\" content=\"Secretaria da Sa\u00fade do Cear\u00e1\" \/>\n<meta property=\"article:modified_time\" content=\"2023-08-31T14:46:17+00:00\" \/>\n<meta name=\"twitter:card\" content=\"summary_large_image\" \/>\n<meta name=\"twitter:label1\" content=\"Est. reading time\" \/>\n\t<meta name=\"twitter:data1\" content=\"8 minutos\" \/>\n<script type=\"application\/ld+json\" class=\"yoast-schema-graph\">{\"@context\":\"https:\/\/schema.org\",\"@graph\":[{\"@type\":\"WebPage\",\"@id\":\"https:\/\/ww16.ce.gov.br\/saude\/convocacao-maio-2023\/\",\"url\":\"https:\/\/ww16.ce.gov.br\/saude\/convocacao-maio-2023\/\",\"name\":\"Convoca\u00e7\u00e3o maio de 2023 - Secretaria da Sa\u00fade do Cear\u00e1\",\"isPartOf\":{\"@id\":\"https:\/\/ww16.ce.gov.br\/saude\/#website\"},\"datePublished\":\"2023-08-31T14:23:12+00:00\",\"dateModified\":\"2023-08-31T14:46:17+00:00\",\"breadcrumb\":{\"@id\":\"https:\/\/ww16.ce.gov.br\/saude\/convocacao-maio-2023\/#breadcrumb\"},\"inLanguage\":\"pt-BR\",\"potentialAction\":[{\"@type\":\"ReadAction\",\"target\":[\"https:\/\/ww16.ce.gov.br\/saude\/convocacao-maio-2023\/\"]}]},{\"@type\":\"BreadcrumbList\",\"@id\":\"https:\/\/ww16.ce.gov.br\/saude\/convocacao-maio-2023\/#breadcrumb\",\"itemListElement\":[{\"@type\":\"ListItem\",\"position\":1,\"name\":\"In\u00edcio\",\"item\":\"https:\/\/ww16.ce.gov.br\/saude\/\"},{\"@type\":\"ListItem\",\"position\":2,\"name\":\"Convoca\u00e7\u00e3o maio de 2023\"}]},{\"@type\":\"WebSite\",\"@id\":\"https:\/\/ww16.ce.gov.br\/saude\/#website\",\"url\":\"https:\/\/ww16.ce.gov.br\/saude\/\",\"name\":\"Secretaria da Sa\u00fade\",\"description\":\"Secretaria da Sa\u00fade do Cear\u00e1\",\"publisher\":{\"@id\":\"https:\/\/ww16.ce.gov.br\/saude\/#organization\"},\"potentialAction\":[{\"@type\":\"SearchAction\",\"target\":{\"@type\":\"EntryPoint\",\"urlTemplate\":\"https:\/\/ww16.ce.gov.br\/saude\/?s={search_term_string}\"},\"query-input\":{\"@type\":\"PropertyValueSpecification\",\"valueRequired\":true,\"valueName\":\"search_term_string\"}}],\"inLanguage\":\"pt-BR\"},{\"@type\":\"Organization\",\"@id\":\"https:\/\/ww16.ce.gov.br\/saude\/#organization\",\"name\":\"Secretaria da Sa\u00fade\",\"url\":\"https:\/\/ww16.ce.gov.br\/saude\/\",\"logo\":{\"@type\":\"ImageObject\",\"inLanguage\":\"pt-BR\",\"@id\":\"https:\/\/ww16.ce.gov.br\/saude\/#\/schema\/logo\/image\/\",\"url\":\"http:\/\/ww16.ce.gov.br\/saude\/wp-content\/uploads\/sites\/9\/2017\/11\/clara.png\",\"contentUrl\":\"http:\/\/ww16.ce.gov.br\/saude\/wp-content\/uploads\/sites\/9\/2017\/11\/clara.png\",\"width\":559,\"height\":106,\"caption\":\"Secretaria da Sa\u00fade\"},\"image\":{\"@id\":\"https:\/\/ww16.ce.gov.br\/saude\/#\/schema\/logo\/image\/\"}}]}<\/script>\n<!-- \/ Yoast SEO plugin. -->","yoast_head_json":{"title":"Convoca\u00e7\u00e3o maio de 2023 - Secretaria da Sa\u00fade do Cear\u00e1","robots":{"index":"index","follow":"follow","max-snippet":"max-snippet:-1","max-image-preview":"max-image-preview:large","max-video-preview":"max-video-preview:-1"},"canonical":"https:\/\/ww16.ce.gov.br\/saude\/convocacao-maio-2023\/","og_locale":"pt_BR","og_type":"article","og_title":"Convoca\u00e7\u00e3o maio de 2023 - Secretaria da Sa\u00fade do Cear\u00e1","og_description":"&nbsp; &nbsp; 28\/06\/2023 &#8211;\u00a0 MUDAN\u00c7A DE HOR\u00c1RIO DA SOLENIDADE DE POSSE: Informamos que o hor\u00e1rio previsto para a Solenidade de Posse dos Novos Servidores da Sa\u00fade passou por uma mudan\u00e7a e, agora, ser\u00e1 \u00e0s 18h. Demais informa\u00e7\u00f5es sobre data (29\/06) e local (Centro de Eventos) est\u00e3o mantidas. &nbsp; 27\/06\/2023 &#8211; Sobre a Integra\u00e7\u00e3o do novo [&hellip;]","og_url":"https:\/\/ww16.ce.gov.br\/saude\/convocacao-maio-2023\/","og_site_name":"Secretaria da Sa\u00fade do Cear\u00e1","article_modified_time":"2023-08-31T14:46:17+00:00","twitter_card":"summary_large_image","twitter_misc":{"Est. reading time":"8 minutos"},"schema":{"@context":"https:\/\/schema.org","@graph":[{"@type":"WebPage","@id":"https:\/\/ww16.ce.gov.br\/saude\/convocacao-maio-2023\/","url":"https:\/\/ww16.ce.gov.br\/saude\/convocacao-maio-2023\/","name":"Convoca\u00e7\u00e3o maio de 2023 - Secretaria da Sa\u00fade do Cear\u00e1","isPartOf":{"@id":"https:\/\/ww16.ce.gov.br\/saude\/#website"},"datePublished":"2023-08-31T14:23:12+00:00","dateModified":"2023-08-31T14:46:17+00:00","breadcrumb":{"@id":"https:\/\/ww16.ce.gov.br\/saude\/convocacao-maio-2023\/#breadcrumb"},"inLanguage":"pt-BR","potentialAction":[{"@type":"ReadAction","target":["https:\/\/ww16.ce.gov.br\/saude\/convocacao-maio-2023\/"]}]},{"@type":"BreadcrumbList","@id":"https:\/\/ww16.ce.gov.br\/saude\/convocacao-maio-2023\/#breadcrumb","itemListElement":[{"@type":"ListItem","position":1,"name":"In\u00edcio","item":"https:\/\/ww16.ce.gov.br\/saude\/"},{"@type":"ListItem","position":2,"name":"Convoca\u00e7\u00e3o maio de 2023"}]},{"@type":"WebSite","@id":"https:\/\/ww16.ce.gov.br\/saude\/#website","url":"https:\/\/ww16.ce.gov.br\/saude\/","name":"Secretaria da Sa\u00fade","description":"Secretaria da Sa\u00fade do Cear\u00e1","publisher":{"@id":"https:\/\/ww16.ce.gov.br\/saude\/#organization"},"potentialAction":[{"@type":"SearchAction","target":{"@type":"EntryPoint","urlTemplate":"https:\/\/ww16.ce.gov.br\/saude\/?s={search_term_string}"},"query-input":{"@type":"PropertyValueSpecification","valueRequired":true,"valueName":"search_term_string"}}],"inLanguage":"pt-BR"},{"@type":"Organization","@id":"https:\/\/ww16.ce.gov.br\/saude\/#organization","name":"Secretaria da Sa\u00fade","url":"https:\/\/ww16.ce.gov.br\/saude\/","logo":{"@type":"ImageObject","inLanguage":"pt-BR","@id":"https:\/\/ww16.ce.gov.br\/saude\/#\/schema\/logo\/image\/","url":"http:\/\/ww16.ce.gov.br\/saude\/wp-content\/uploads\/sites\/9\/2017\/11\/clara.png","contentUrl":"http:\/\/ww16.ce.gov.br\/saude\/wp-content\/uploads\/sites\/9\/2017\/11\/clara.png","width":559,"height":106,"caption":"Secretaria da Sa\u00fade"},"image":{"@id":"https:\/\/ww16.ce.gov.br\/saude\/#\/schema\/logo\/image\/"}}]}},"_links":{"self":[{"href":"https:\/\/ww16.ce.gov.br\/saude\/wp-json\/wp\/v2\/pages\/121779","targetHints":{"allow":["GET"]}}],"collection":[{"href":"https:\/\/ww16.ce.gov.br\/saude\/wp-json\/wp\/v2\/pages"}],"about":[{"href":"https:\/\/ww16.ce.gov.br\/saude\/wp-json\/wp\/v2\/types\/page"}],"author":[{"embeddable":true,"href":"https:\/\/ww16.ce.gov.br\/saude\/wp-json\/wp\/v2\/users\/767"}],"replies":[{"embeddable":true,"href":"https:\/\/ww16.ce.gov.br\/saude\/wp-json\/wp\/v2\/comments?post=121779"}],"version-history":[{"count":6,"href":"https:\/\/ww16.ce.gov.br\/saude\/wp-json\/wp\/v2\/pages\/121779\/revisions"}],"predecessor-version":[{"id":121792,"href":"https:\/\/ww16.ce.gov.br\/saude\/wp-json\/wp\/v2\/pages\/121779\/revisions\/121792"}],"wp:attachment":[{"href":"https:\/\/ww16.ce.gov.br\/saude\/wp-json\/wp\/v2\/media?parent=121779"}],"curies":[{"name":"wp","href":"https:\/\/api.w.org\/{rel}","templated":true}]}}