{"id":118358,"date":"2023-05-23T13:27:44","date_gmt":"2023-05-23T16:27:44","guid":{"rendered":"http:\/\/ww16.ce.gov.br\/saude\/?page_id=118358"},"modified":"2023-06-02T15:45:43","modified_gmt":"2023-06-02T18:45:43","slug":"guia-para-atendimento-de-pessoas-surdas-ou-com-deficiencia-auditiva","status":"publish","type":"page","link":"https:\/\/ww16.ce.gov.br\/saude\/guia-para-atendimento-de-pessoas-surdas-ou-com-deficiencia-auditiva\/","title":{"rendered":"Guia para Atendimento de Pessoas Surdas ou com Defici\u00eancia Auditiva"},"content":{"rendered":"<h1><strong>Guia para Atendimento de Pessoas Surdas<br \/>\nou com Defici\u00eancia Auditiva<\/strong><\/h1>\n<p>&nbsp;<\/p>\n<ul class=\"ListaEst\">\n<li><a href=\"https:\/\/ww16.ce.gov.br\/saude\/wp-content\/uploads\/sites\/64\/2023\/05\/GUIA-ATENDIMENTO-SURDOS-MOBILE.pdf\" rel=\"noopener noreferrer\">Guia para Atendimento de Pessoas Surdas ou com Defici\u00eancia Auditiva (vers\u00e3o digital)<\/a><\/li>\n<\/ul>\n<ul class=\"ListaEst\">\n<li><a href=\"https:\/\/ww16.ce.gov.br\/saude\/wp-content\/uploads\/sites\/64\/2023\/05\/GUIA-ATENDIMENTO-SURDOS-IMPRESSAO.pdf\" rel=\"noopener noreferrer\">Guia para Atendimento de Pessoas Surdas ou com Defici\u00eancia Auditiva (vers\u00e3o para impress\u00e3o)<\/a><\/li>\n<\/ul>\n<ul class=\"ListaEst\">\n<li><a href=\"https:\/\/ww16.ce.gov.br\/saude\/videos-guia-para-atendimento-de-pessoas-surdas-ou-com-deficiencia-auditiva\/\" rel=\"noopener noreferrer\">Tradu\u00e7\u00f5es em v\u00eddeo<\/a><\/li>\n<\/ul>\n","protected":false},"excerpt":{"rendered":"<p>Guia para Atendimento de Pessoas Surdas ou com Defici\u00eancia Auditiva &nbsp; Guia para Atendimento de Pessoas Surdas ou com Defici\u00eancia Auditiva (vers\u00e3o digital) Guia para Atendimento de Pessoas Surdas ou com Defici\u00eancia Auditiva (vers\u00e3o para impress\u00e3o) Tradu\u00e7\u00f5es em v\u00eddeo<\/p>\n","protected":false},"author":628,"featured_media":0,"parent":0,"menu_order":0,"comment_status":"closed","ping_status":"closed","template":"","meta":{"_acf_changed":false,"inline_featured_image":false,"footnotes":""},"class_list":["post-118358","page","type-page","status-publish","hentry"],"acf":[],"yoast_head":"<!-- This site is optimized with the Yoast SEO plugin v26.9 - https:\/\/yoast.com\/product\/yoast-seo-wordpress\/ -->\n<title>Guia para Atendimento de Pessoas Surdas ou com Defici\u00eancia Auditiva - Secretaria da Sa\u00fade do Cear\u00e1<\/title>\n<meta name=\"robots\" content=\"index, follow, max-snippet:-1, max-image-preview:large, max-video-preview:-1\" \/>\n<link rel=\"canonical\" href=\"https:\/\/ww16.ce.gov.br\/saude\/guia-para-atendimento-de-pessoas-surdas-ou-com-deficiencia-auditiva\/\" \/>\n<meta property=\"og:locale\" content=\"pt_BR\" \/>\n<meta property=\"og:type\" content=\"article\" \/>\n<meta property=\"og:title\" content=\"Guia para Atendimento de Pessoas Surdas ou com Defici\u00eancia Auditiva - Secretaria da Sa\u00fade do Cear\u00e1\" \/>\n<meta property=\"og:description\" content=\"Guia para Atendimento de Pessoas Surdas ou com Defici\u00eancia Auditiva &nbsp; Guia para Atendimento de Pessoas Surdas ou com Defici\u00eancia Auditiva (vers\u00e3o digital) Guia para Atendimento de Pessoas Surdas ou com Defici\u00eancia Auditiva (vers\u00e3o para impress\u00e3o) Tradu\u00e7\u00f5es em v\u00eddeo\" \/>\n<meta property=\"og:url\" content=\"https:\/\/ww16.ce.gov.br\/saude\/guia-para-atendimento-de-pessoas-surdas-ou-com-deficiencia-auditiva\/\" \/>\n<meta property=\"og:site_name\" content=\"Secretaria da Sa\u00fade do Cear\u00e1\" \/>\n<meta property=\"article:modified_time\" content=\"2023-06-02T18:45:43+00:00\" \/>\n<meta name=\"twitter:card\" content=\"summary_large_image\" \/>\n<meta name=\"twitter:label1\" content=\"Est. reading time\" \/>\n\t<meta name=\"twitter:data1\" content=\"1 minuto\" \/>\n<script type=\"application\/ld+json\" class=\"yoast-schema-graph\">{\"@context\":\"https:\/\/schema.org\",\"@graph\":[{\"@type\":\"WebPage\",\"@id\":\"https:\/\/ww16.ce.gov.br\/saude\/guia-para-atendimento-de-pessoas-surdas-ou-com-deficiencia-auditiva\/\",\"url\":\"https:\/\/ww16.ce.gov.br\/saude\/guia-para-atendimento-de-pessoas-surdas-ou-com-deficiencia-auditiva\/\",\"name\":\"Guia para Atendimento de Pessoas Surdas ou com Defici\u00eancia Auditiva - Secretaria da Sa\u00fade do Cear\u00e1\",\"isPartOf\":{\"@id\":\"https:\/\/ww16.ce.gov.br\/saude\/#website\"},\"datePublished\":\"2023-05-23T16:27:44+00:00\",\"dateModified\":\"2023-06-02T18:45:43+00:00\",\"breadcrumb\":{\"@id\":\"https:\/\/ww16.ce.gov.br\/saude\/guia-para-atendimento-de-pessoas-surdas-ou-com-deficiencia-auditiva\/#breadcrumb\"},\"inLanguage\":\"pt-BR\",\"potentialAction\":[{\"@type\":\"ReadAction\",\"target\":[\"https:\/\/ww16.ce.gov.br\/saude\/guia-para-atendimento-de-pessoas-surdas-ou-com-deficiencia-auditiva\/\"]}]},{\"@type\":\"BreadcrumbList\",\"@id\":\"https:\/\/ww16.ce.gov.br\/saude\/guia-para-atendimento-de-pessoas-surdas-ou-com-deficiencia-auditiva\/#breadcrumb\",\"itemListElement\":[{\"@type\":\"ListItem\",\"position\":1,\"name\":\"In\u00edcio\",\"item\":\"https:\/\/ww16.ce.gov.br\/saude\/\"},{\"@type\":\"ListItem\",\"position\":2,\"name\":\"Guia para Atendimento de Pessoas Surdas ou com Defici\u00eancia Auditiva\"}]},{\"@type\":\"WebSite\",\"@id\":\"https:\/\/ww16.ce.gov.br\/saude\/#website\",\"url\":\"https:\/\/ww16.ce.gov.br\/saude\/\",\"name\":\"Secretaria da Sa\u00fade\",\"description\":\"Secretaria da Sa\u00fade do Cear\u00e1\",\"publisher\":{\"@id\":\"https:\/\/ww16.ce.gov.br\/saude\/#organization\"},\"potentialAction\":[{\"@type\":\"SearchAction\",\"target\":{\"@type\":\"EntryPoint\",\"urlTemplate\":\"https:\/\/ww16.ce.gov.br\/saude\/?s={search_term_string}\"},\"query-input\":{\"@type\":\"PropertyValueSpecification\",\"valueRequired\":true,\"valueName\":\"search_term_string\"}}],\"inLanguage\":\"pt-BR\"},{\"@type\":\"Organization\",\"@id\":\"https:\/\/ww16.ce.gov.br\/saude\/#organization\",\"name\":\"Secretaria da Sa\u00fade\",\"url\":\"https:\/\/ww16.ce.gov.br\/saude\/\",\"logo\":{\"@type\":\"ImageObject\",\"inLanguage\":\"pt-BR\",\"@id\":\"https:\/\/ww16.ce.gov.br\/saude\/#\/schema\/logo\/image\/\",\"url\":\"http:\/\/ww16.ce.gov.br\/saude\/wp-content\/uploads\/sites\/9\/2017\/11\/clara.png\",\"contentUrl\":\"http:\/\/ww16.ce.gov.br\/saude\/wp-content\/uploads\/sites\/9\/2017\/11\/clara.png\",\"width\":559,\"height\":106,\"caption\":\"Secretaria da Sa\u00fade\"},\"image\":{\"@id\":\"https:\/\/ww16.ce.gov.br\/saude\/#\/schema\/logo\/image\/\"}}]}<\/script>\n<!-- \/ Yoast SEO plugin. -->","yoast_head_json":{"title":"Guia para Atendimento de Pessoas Surdas ou com Defici\u00eancia Auditiva - Secretaria da Sa\u00fade do Cear\u00e1","robots":{"index":"index","follow":"follow","max-snippet":"max-snippet:-1","max-image-preview":"max-image-preview:large","max-video-preview":"max-video-preview:-1"},"canonical":"https:\/\/ww16.ce.gov.br\/saude\/guia-para-atendimento-de-pessoas-surdas-ou-com-deficiencia-auditiva\/","og_locale":"pt_BR","og_type":"article","og_title":"Guia para Atendimento de Pessoas Surdas ou com Defici\u00eancia Auditiva - Secretaria da Sa\u00fade do Cear\u00e1","og_description":"Guia para Atendimento de Pessoas Surdas ou com Defici\u00eancia Auditiva &nbsp; Guia para Atendimento de Pessoas Surdas ou com Defici\u00eancia Auditiva (vers\u00e3o digital) Guia para Atendimento de Pessoas Surdas ou com Defici\u00eancia Auditiva (vers\u00e3o para impress\u00e3o) Tradu\u00e7\u00f5es em v\u00eddeo","og_url":"https:\/\/ww16.ce.gov.br\/saude\/guia-para-atendimento-de-pessoas-surdas-ou-com-deficiencia-auditiva\/","og_site_name":"Secretaria da Sa\u00fade do Cear\u00e1","article_modified_time":"2023-06-02T18:45:43+00:00","twitter_card":"summary_large_image","twitter_misc":{"Est. reading time":"1 minuto"},"schema":{"@context":"https:\/\/schema.org","@graph":[{"@type":"WebPage","@id":"https:\/\/ww16.ce.gov.br\/saude\/guia-para-atendimento-de-pessoas-surdas-ou-com-deficiencia-auditiva\/","url":"https:\/\/ww16.ce.gov.br\/saude\/guia-para-atendimento-de-pessoas-surdas-ou-com-deficiencia-auditiva\/","name":"Guia para Atendimento de Pessoas Surdas ou com Defici\u00eancia Auditiva - Secretaria da Sa\u00fade do Cear\u00e1","isPartOf":{"@id":"https:\/\/ww16.ce.gov.br\/saude\/#website"},"datePublished":"2023-05-23T16:27:44+00:00","dateModified":"2023-06-02T18:45:43+00:00","breadcrumb":{"@id":"https:\/\/ww16.ce.gov.br\/saude\/guia-para-atendimento-de-pessoas-surdas-ou-com-deficiencia-auditiva\/#breadcrumb"},"inLanguage":"pt-BR","potentialAction":[{"@type":"ReadAction","target":["https:\/\/ww16.ce.gov.br\/saude\/guia-para-atendimento-de-pessoas-surdas-ou-com-deficiencia-auditiva\/"]}]},{"@type":"BreadcrumbList","@id":"https:\/\/ww16.ce.gov.br\/saude\/guia-para-atendimento-de-pessoas-surdas-ou-com-deficiencia-auditiva\/#breadcrumb","itemListElement":[{"@type":"ListItem","position":1,"name":"In\u00edcio","item":"https:\/\/ww16.ce.gov.br\/saude\/"},{"@type":"ListItem","position":2,"name":"Guia para Atendimento de Pessoas Surdas ou com Defici\u00eancia Auditiva"}]},{"@type":"WebSite","@id":"https:\/\/ww16.ce.gov.br\/saude\/#website","url":"https:\/\/ww16.ce.gov.br\/saude\/","name":"Secretaria da Sa\u00fade","description":"Secretaria da Sa\u00fade do Cear\u00e1","publisher":{"@id":"https:\/\/ww16.ce.gov.br\/saude\/#organization"},"potentialAction":[{"@type":"SearchAction","target":{"@type":"EntryPoint","urlTemplate":"https:\/\/ww16.ce.gov.br\/saude\/?s={search_term_string}"},"query-input":{"@type":"PropertyValueSpecification","valueRequired":true,"valueName":"search_term_string"}}],"inLanguage":"pt-BR"},{"@type":"Organization","@id":"https:\/\/ww16.ce.gov.br\/saude\/#organization","name":"Secretaria da Sa\u00fade","url":"https:\/\/ww16.ce.gov.br\/saude\/","logo":{"@type":"ImageObject","inLanguage":"pt-BR","@id":"https:\/\/ww16.ce.gov.br\/saude\/#\/schema\/logo\/image\/","url":"http:\/\/ww16.ce.gov.br\/saude\/wp-content\/uploads\/sites\/9\/2017\/11\/clara.png","contentUrl":"http:\/\/ww16.ce.gov.br\/saude\/wp-content\/uploads\/sites\/9\/2017\/11\/clara.png","width":559,"height":106,"caption":"Secretaria da Sa\u00fade"},"image":{"@id":"https:\/\/ww16.ce.gov.br\/saude\/#\/schema\/logo\/image\/"}}]}},"_links":{"self":[{"href":"https:\/\/ww16.ce.gov.br\/saude\/wp-json\/wp\/v2\/pages\/118358","targetHints":{"allow":["GET"]}}],"collection":[{"href":"https:\/\/ww16.ce.gov.br\/saude\/wp-json\/wp\/v2\/pages"}],"about":[{"href":"https:\/\/ww16.ce.gov.br\/saude\/wp-json\/wp\/v2\/types\/page"}],"author":[{"embeddable":true,"href":"https:\/\/ww16.ce.gov.br\/saude\/wp-json\/wp\/v2\/users\/628"}],"replies":[{"embeddable":true,"href":"https:\/\/ww16.ce.gov.br\/saude\/wp-json\/wp\/v2\/comments?post=118358"}],"version-history":[{"count":6,"href":"https:\/\/ww16.ce.gov.br\/saude\/wp-json\/wp\/v2\/pages\/118358\/revisions"}],"predecessor-version":[{"id":118839,"href":"https:\/\/ww16.ce.gov.br\/saude\/wp-json\/wp\/v2\/pages\/118358\/revisions\/118839"}],"wp:attachment":[{"href":"https:\/\/ww16.ce.gov.br\/saude\/wp-json\/wp\/v2\/media?parent=118358"}],"curies":[{"name":"wp","href":"https:\/\/api.w.org\/{rel}","templated":true}]}}