{"id":118168,"date":"2023-05-17T11:40:31","date_gmt":"2023-05-17T14:40:31","guid":{"rendered":"http:\/\/ww16.ce.gov.br\/saude\/?page_id=118168"},"modified":"2023-05-17T11:40:31","modified_gmt":"2023-05-17T14:40:31","slug":"notas-explicativas","status":"publish","type":"page","link":"https:\/\/ww16.ce.gov.br\/saude\/cuidarmelhor\/servico\/publicacoes\/notas-explicativas\/","title":{"rendered":"Notas explicativas"},"content":{"rendered":"<p>&nbsp;<\/p>\n<h2><strong>Notas explicativas<\/strong><\/h2>\n<p>&nbsp;<\/p>\n<ul class=\"ListaEst col2\">\n<li><a href=\"https:\/\/ww16.ce.gov.br\/saude\/wp-content\/uploads\/sites\/64\/2020\/03\/Nota_Explicativa_n_001_2022_Programa_Cuidar_Melhor-1.pdf\" target=\"_blank\" rel=\"noopener noreferrer\">Indicadores de esfor\u00e7o do Programa Cuidar Melhor &#8211; 2021<\/a><\/li>\n<li><a href=\"https:\/\/ww16.ce.gov.br\/saude\/wp-content\/uploads\/sites\/64\/2020\/03\/Nota_Explicativa_n_002_2022_Programa_Cuidar_Melhor-1.pdf\" target=\"_blank\" rel=\"noopener noreferrer\">Metodologia para c\u00e1lculo do indicador sint\u00e9tico &#8211; 2021<\/a><\/li>\n<li><a href=\"https:\/\/ww16.ce.gov.br\/saude\/wp-content\/uploads\/sites\/64\/2020\/03\/Nota_Explicativa_n_003_2022_Programa_Cuidar_Melhor-1.pdf\" target=\"_blank\" rel=\"noopener noreferrer\">Premia\u00e7\u00e3o do Programa Cuidar Melhor<\/a><\/li>\n<\/ul>\n","protected":false},"excerpt":{"rendered":"<p>&nbsp; Notas explicativas &nbsp; Indicadores de esfor\u00e7o do Programa Cuidar Melhor &#8211; 2021 Metodologia para c\u00e1lculo do indicador sint\u00e9tico &#8211; 2021 Premia\u00e7\u00e3o do Programa Cuidar Melhor<\/p>\n","protected":false},"author":520,"featured_media":0,"parent":96097,"menu_order":0,"comment_status":"closed","ping_status":"closed","template":"","meta":{"_acf_changed":false,"inline_featured_image":false,"footnotes":""},"class_list":["post-118168","page","type-page","status-publish","hentry"],"acf":[],"yoast_head":"<!-- This site is optimized with the Yoast SEO plugin v26.9 - https:\/\/yoast.com\/product\/yoast-seo-wordpress\/ -->\n<title>Notas explicativas - Secretaria da Sa\u00fade do Cear\u00e1<\/title>\n<meta name=\"robots\" content=\"index, follow, max-snippet:-1, max-image-preview:large, max-video-preview:-1\" \/>\n<link rel=\"canonical\" href=\"https:\/\/ww16.ce.gov.br\/saude\/cuidarmelhor\/servico\/publicacoes\/notas-explicativas\/\" \/>\n<meta property=\"og:locale\" content=\"pt_BR\" \/>\n<meta property=\"og:type\" content=\"article\" \/>\n<meta property=\"og:title\" content=\"Notas explicativas - Secretaria da Sa\u00fade do Cear\u00e1\" \/>\n<meta property=\"og:description\" content=\"&nbsp; Notas explicativas &nbsp; Indicadores de esfor\u00e7o do Programa Cuidar Melhor &#8211; 2021 Metodologia para c\u00e1lculo do indicador sint\u00e9tico &#8211; 2021 Premia\u00e7\u00e3o do Programa Cuidar Melhor\" \/>\n<meta property=\"og:url\" content=\"https:\/\/ww16.ce.gov.br\/saude\/cuidarmelhor\/servico\/publicacoes\/notas-explicativas\/\" \/>\n<meta property=\"og:site_name\" content=\"Secretaria da Sa\u00fade do Cear\u00e1\" \/>\n<meta name=\"twitter:card\" content=\"summary_large_image\" \/>\n<script type=\"application\/ld+json\" class=\"yoast-schema-graph\">{\"@context\":\"https:\/\/schema.org\",\"@graph\":[{\"@type\":\"WebPage\",\"@id\":\"https:\/\/ww16.ce.gov.br\/saude\/cuidarmelhor\/servico\/publicacoes\/notas-explicativas\/\",\"url\":\"https:\/\/ww16.ce.gov.br\/saude\/cuidarmelhor\/servico\/publicacoes\/notas-explicativas\/\",\"name\":\"Notas explicativas - Secretaria da Sa\u00fade do Cear\u00e1\",\"isPartOf\":{\"@id\":\"https:\/\/ww16.ce.gov.br\/saude\/#website\"},\"datePublished\":\"2023-05-17T14:40:31+00:00\",\"breadcrumb\":{\"@id\":\"https:\/\/ww16.ce.gov.br\/saude\/cuidarmelhor\/servico\/publicacoes\/notas-explicativas\/#breadcrumb\"},\"inLanguage\":\"pt-BR\",\"potentialAction\":[{\"@type\":\"ReadAction\",\"target\":[\"https:\/\/ww16.ce.gov.br\/saude\/cuidarmelhor\/servico\/publicacoes\/notas-explicativas\/\"]}]},{\"@type\":\"BreadcrumbList\",\"@id\":\"https:\/\/ww16.ce.gov.br\/saude\/cuidarmelhor\/servico\/publicacoes\/notas-explicativas\/#breadcrumb\",\"itemListElement\":[{\"@type\":\"ListItem\",\"position\":1,\"name\":\"In\u00edcio\",\"item\":\"https:\/\/ww16.ce.gov.br\/saude\/\"},{\"@type\":\"ListItem\",\"position\":2,\"name\":\"Cuidar Melhor | Principal\",\"item\":\"https:\/\/ww16.ce.gov.br\/saude\/cuidarmelhor\/\"},{\"@type\":\"ListItem\",\"position\":3,\"name\":\"Cuidar Melhor | Servi\u00e7o\",\"item\":\"https:\/\/ww16.ce.gov.br\/saude\/cuidarmelhor\/servico\/\"},{\"@type\":\"ListItem\",\"position\":4,\"name\":\"Cuidar Melhor | Publica\u00e7\u00f5es\",\"item\":\"https:\/\/ww16.ce.gov.br\/saude\/cuidarmelhor\/servico\/publicacoes\/\"},{\"@type\":\"ListItem\",\"position\":5,\"name\":\"Notas explicativas\"}]},{\"@type\":\"WebSite\",\"@id\":\"https:\/\/ww16.ce.gov.br\/saude\/#website\",\"url\":\"https:\/\/ww16.ce.gov.br\/saude\/\",\"name\":\"Secretaria da Sa\u00fade\",\"description\":\"Secretaria da Sa\u00fade do Cear\u00e1\",\"publisher\":{\"@id\":\"https:\/\/ww16.ce.gov.br\/saude\/#organization\"},\"potentialAction\":[{\"@type\":\"SearchAction\",\"target\":{\"@type\":\"EntryPoint\",\"urlTemplate\":\"https:\/\/ww16.ce.gov.br\/saude\/?s={search_term_string}\"},\"query-input\":{\"@type\":\"PropertyValueSpecification\",\"valueRequired\":true,\"valueName\":\"search_term_string\"}}],\"inLanguage\":\"pt-BR\"},{\"@type\":\"Organization\",\"@id\":\"https:\/\/ww16.ce.gov.br\/saude\/#organization\",\"name\":\"Secretaria da Sa\u00fade\",\"url\":\"https:\/\/ww16.ce.gov.br\/saude\/\",\"logo\":{\"@type\":\"ImageObject\",\"inLanguage\":\"pt-BR\",\"@id\":\"https:\/\/ww16.ce.gov.br\/saude\/#\/schema\/logo\/image\/\",\"url\":\"http:\/\/ww16.ce.gov.br\/saude\/wp-content\/uploads\/sites\/9\/2017\/11\/clara.png\",\"contentUrl\":\"http:\/\/ww16.ce.gov.br\/saude\/wp-content\/uploads\/sites\/9\/2017\/11\/clara.png\",\"width\":559,\"height\":106,\"caption\":\"Secretaria da Sa\u00fade\"},\"image\":{\"@id\":\"https:\/\/ww16.ce.gov.br\/saude\/#\/schema\/logo\/image\/\"}}]}<\/script>\n<!-- \/ Yoast SEO plugin. -->","yoast_head_json":{"title":"Notas explicativas - Secretaria da Sa\u00fade do Cear\u00e1","robots":{"index":"index","follow":"follow","max-snippet":"max-snippet:-1","max-image-preview":"max-image-preview:large","max-video-preview":"max-video-preview:-1"},"canonical":"https:\/\/ww16.ce.gov.br\/saude\/cuidarmelhor\/servico\/publicacoes\/notas-explicativas\/","og_locale":"pt_BR","og_type":"article","og_title":"Notas explicativas - Secretaria da Sa\u00fade do Cear\u00e1","og_description":"&nbsp; Notas explicativas &nbsp; Indicadores de esfor\u00e7o do Programa Cuidar Melhor &#8211; 2021 Metodologia para c\u00e1lculo do indicador sint\u00e9tico &#8211; 2021 Premia\u00e7\u00e3o do Programa Cuidar Melhor","og_url":"https:\/\/ww16.ce.gov.br\/saude\/cuidarmelhor\/servico\/publicacoes\/notas-explicativas\/","og_site_name":"Secretaria da Sa\u00fade do Cear\u00e1","twitter_card":"summary_large_image","schema":{"@context":"https:\/\/schema.org","@graph":[{"@type":"WebPage","@id":"https:\/\/ww16.ce.gov.br\/saude\/cuidarmelhor\/servico\/publicacoes\/notas-explicativas\/","url":"https:\/\/ww16.ce.gov.br\/saude\/cuidarmelhor\/servico\/publicacoes\/notas-explicativas\/","name":"Notas explicativas - Secretaria da Sa\u00fade do Cear\u00e1","isPartOf":{"@id":"https:\/\/ww16.ce.gov.br\/saude\/#website"},"datePublished":"2023-05-17T14:40:31+00:00","breadcrumb":{"@id":"https:\/\/ww16.ce.gov.br\/saude\/cuidarmelhor\/servico\/publicacoes\/notas-explicativas\/#breadcrumb"},"inLanguage":"pt-BR","potentialAction":[{"@type":"ReadAction","target":["https:\/\/ww16.ce.gov.br\/saude\/cuidarmelhor\/servico\/publicacoes\/notas-explicativas\/"]}]},{"@type":"BreadcrumbList","@id":"https:\/\/ww16.ce.gov.br\/saude\/cuidarmelhor\/servico\/publicacoes\/notas-explicativas\/#breadcrumb","itemListElement":[{"@type":"ListItem","position":1,"name":"In\u00edcio","item":"https:\/\/ww16.ce.gov.br\/saude\/"},{"@type":"ListItem","position":2,"name":"Cuidar Melhor | Principal","item":"https:\/\/ww16.ce.gov.br\/saude\/cuidarmelhor\/"},{"@type":"ListItem","position":3,"name":"Cuidar Melhor | Servi\u00e7o","item":"https:\/\/ww16.ce.gov.br\/saude\/cuidarmelhor\/servico\/"},{"@type":"ListItem","position":4,"name":"Cuidar Melhor | Publica\u00e7\u00f5es","item":"https:\/\/ww16.ce.gov.br\/saude\/cuidarmelhor\/servico\/publicacoes\/"},{"@type":"ListItem","position":5,"name":"Notas explicativas"}]},{"@type":"WebSite","@id":"https:\/\/ww16.ce.gov.br\/saude\/#website","url":"https:\/\/ww16.ce.gov.br\/saude\/","name":"Secretaria da Sa\u00fade","description":"Secretaria da Sa\u00fade do Cear\u00e1","publisher":{"@id":"https:\/\/ww16.ce.gov.br\/saude\/#organization"},"potentialAction":[{"@type":"SearchAction","target":{"@type":"EntryPoint","urlTemplate":"https:\/\/ww16.ce.gov.br\/saude\/?s={search_term_string}"},"query-input":{"@type":"PropertyValueSpecification","valueRequired":true,"valueName":"search_term_string"}}],"inLanguage":"pt-BR"},{"@type":"Organization","@id":"https:\/\/ww16.ce.gov.br\/saude\/#organization","name":"Secretaria da Sa\u00fade","url":"https:\/\/ww16.ce.gov.br\/saude\/","logo":{"@type":"ImageObject","inLanguage":"pt-BR","@id":"https:\/\/ww16.ce.gov.br\/saude\/#\/schema\/logo\/image\/","url":"http:\/\/ww16.ce.gov.br\/saude\/wp-content\/uploads\/sites\/9\/2017\/11\/clara.png","contentUrl":"http:\/\/ww16.ce.gov.br\/saude\/wp-content\/uploads\/sites\/9\/2017\/11\/clara.png","width":559,"height":106,"caption":"Secretaria da Sa\u00fade"},"image":{"@id":"https:\/\/ww16.ce.gov.br\/saude\/#\/schema\/logo\/image\/"}}]}},"_links":{"self":[{"href":"https:\/\/ww16.ce.gov.br\/saude\/wp-json\/wp\/v2\/pages\/118168","targetHints":{"allow":["GET"]}}],"collection":[{"href":"https:\/\/ww16.ce.gov.br\/saude\/wp-json\/wp\/v2\/pages"}],"about":[{"href":"https:\/\/ww16.ce.gov.br\/saude\/wp-json\/wp\/v2\/types\/page"}],"author":[{"embeddable":true,"href":"https:\/\/ww16.ce.gov.br\/saude\/wp-json\/wp\/v2\/users\/520"}],"replies":[{"embeddable":true,"href":"https:\/\/ww16.ce.gov.br\/saude\/wp-json\/wp\/v2\/comments?post=118168"}],"version-history":[{"count":1,"href":"https:\/\/ww16.ce.gov.br\/saude\/wp-json\/wp\/v2\/pages\/118168\/revisions"}],"predecessor-version":[{"id":118173,"href":"https:\/\/ww16.ce.gov.br\/saude\/wp-json\/wp\/v2\/pages\/118168\/revisions\/118173"}],"up":[{"embeddable":true,"href":"https:\/\/ww16.ce.gov.br\/saude\/wp-json\/wp\/v2\/pages\/96097"}],"wp:attachment":[{"href":"https:\/\/ww16.ce.gov.br\/saude\/wp-json\/wp\/v2\/media?parent=118168"}],"curies":[{"name":"wp","href":"https:\/\/api.w.org\/{rel}","templated":true}]}}