{"id":117310,"date":"2023-04-26T09:49:22","date_gmt":"2023-04-26T12:49:22","guid":{"rendered":"http:\/\/ww16.ce.gov.br\/saude\/?page_id=117310"},"modified":"2025-12-18T14:49:10","modified_gmt":"2025-12-18T17:49:10","slug":"concursados","status":"publish","type":"page","link":"https:\/\/ww16.ce.gov.br\/saude\/concursados\/","title":{"rendered":"Concursados"},"content":{"rendered":"<h2><\/h2>\n<h2><span style=\"color: #028245\"><strong>Concursados<\/strong><\/span><\/h2>\n<h3><\/h3>\n<p>&nbsp;<\/p>\n<h3><strong>Importante<\/strong><\/h3>\n<p>As datas programadas para as etapas de ingresso dos novos estatut\u00e1rios ser\u00e3o divulgadas no site da Secretaria de Sa\u00fade, por meio desta p\u00e1gina. Fique atento! D\u00favidas podem ser tiradas por e-mail. Para agilizar a resposta, direcione sua d\u00favida conforme abaixo:<\/p>\n<p>&#8211; D\u00favidas sobre ADIAMENTO DE POSSE: <strong>adiamento.sesa@saude.ce.gov.br<\/strong><br \/>\n&#8211; D\u00favidas sobre PER\u00cdCIA M\u00c9DICA: <strong>pericia.sesa@saude.ce.gov.br<\/strong><br \/>\n&#8211; D\u00favidas sobre DOCUMENTA\u00c7\u00d5ES: <strong>documentos.sesa@saude.ce.gov.br<\/strong><br \/>\n&#8211; D\u00favidas gerais: <strong>concursados.sesa@saude.ce.gov.br<\/strong><\/p>\n<p>&nbsp;<\/p>\n<p>&nbsp;<\/p>\n<ul class=\"ListaEst\">\n<li><a href=\"https:\/\/ww16.ce.gov.br\/saude\/convocacao-dezembro-de-2025\/\">Convoca\u00e7\u00e3o dezembro de 2025<\/a><\/li>\n<li><a href=\"https:\/\/ww16.ce.gov.br\/saude\/convocacao-setembro-de-2025\/\">Convoca\u00e7\u00e3o setembro de 2025<\/a><\/li>\n<li><a href=\"https:\/\/ww16.ce.gov.br\/saude\/convocacao-maio-de-2025\/\">Convoca\u00e7\u00e3o maio de 2025<\/a><\/li>\n<li><a href=\"https:\/\/ww16.ce.gov.br\/saude\/convocacao-dezembro-de-2024\/\">Convoca\u00e7\u00e3o dezembro de 2024<\/a><\/li>\n<li><a href=\"https:\/\/ww16.ce.gov.br\/saude\/convocacao-setembro-de-2024\/\">Convoca\u00e7\u00e3o setembro de 2024<\/a><\/li>\n<li><a href=\"https:\/\/ww16.ce.gov.br\/saude\/convocacao-maio-de-2024\/\">Convoca\u00e7\u00e3o maio de 2024<\/a><\/li>\n<li><a href=\"https:\/\/ww16.ce.gov.br\/saude\/convocacao-medicos-cardiologistas\/\">Convoca\u00e7\u00e3o M\u00e9dicos Cardiologistas 2024<\/a><\/li>\n<li><a href=\"https:\/\/ww16.ce.gov.br\/saude\/convocacao-dezembro-de-2023\/\">Convoca\u00e7\u00e3o dezembro de 2023<\/a><\/li>\n<li><a href=\"www.saude.ce.gov.br\/convocacao-setembro-2023\/\" rel=\"noopener noreferrer\">Convoca\u00e7\u00e3o setembro de 2023<\/a><\/li>\n<li><a href=\"https:\/\/ww16.ce.gov.br\/saude\/convocacao-maio-2023\/\" rel=\"noopener noreferrer\">Convoca\u00e7\u00e3o maio de 2023<\/a><\/li>\n<\/ul>\n<p>&nbsp;<\/p>\n<p>&nbsp;<\/p>\n<h3 class=\"-laranja\"><span style=\"color: #028245\"><strong>Perguntas Frequentes<\/strong><\/span><\/h3>\n<p>&nbsp;<\/p>\n<ul class=\"ListaEst\">\n<li><a href=\"https:\/\/ww16.ce.gov.br\/saude\/wp-content\/uploads\/sites\/64\/2024\/02\/Acesse-aqui.pdf\">Acesse aqui<\/a><\/li>\n<\/ul>\n<h3><\/h3>\n<p>&nbsp;<\/p>\n<p>&nbsp;<\/p>\n<h3 class=\"-laranja\"><span style=\"color: #028245\"><strong>Documenta\u00e7\u00f5es<\/strong><\/span><\/h3>\n<p>&nbsp;<\/p>\n<ul class=\"ListaEst\">\n<li><a href=\"https:\/\/ww16.ce.gov.br\/saude\/documentacoes\/\" rel=\"noopener noreferrer\">Acesse aqui<\/a><\/li>\n<\/ul>\n<h3><\/h3>\n<p>&nbsp;<\/p>\n<p>&nbsp;<\/p>\n<h3 class=\"-laranja\"><span style=\"color: #028245\"><strong>Publica\u00e7\u00f5es Gerais<\/strong><\/span><\/h3>\n<p>&nbsp;<\/p>\n<ul class=\"ListaEst\">\n<li><a href=\"https:\/\/ww16.ce.gov.br\/saude\/publicacoes-gerais\/\" rel=\"noopener noreferrer\">Acesse aqui<\/a><\/li>\n<\/ul>\n<h3><\/h3>\n<p>&nbsp;<\/p>\n","protected":false},"excerpt":{"rendered":"<p>Concursados &nbsp; Importante As datas programadas para as etapas de ingresso dos novos estatut\u00e1rios ser\u00e3o divulgadas no site da Secretaria de Sa\u00fade, por meio desta p\u00e1gina. Fique atento! D\u00favidas podem ser tiradas por e-mail. Para agilizar a resposta, direcione sua d\u00favida conforme abaixo: &#8211; D\u00favidas sobre ADIAMENTO DE POSSE: adiamento.sesa@saude.ce.gov.br &#8211; D\u00favidas sobre PER\u00cdCIA M\u00c9DICA: [&hellip;]<\/p>\n","protected":false},"author":520,"featured_media":0,"parent":0,"menu_order":0,"comment_status":"closed","ping_status":"closed","template":"","meta":{"_acf_changed":false,"inline_featured_image":false,"footnotes":""},"class_list":["post-117310","page","type-page","status-publish","hentry"],"acf":[],"yoast_head":"<!-- This site is optimized with the Yoast SEO plugin v26.9 - https:\/\/yoast.com\/product\/yoast-seo-wordpress\/ -->\n<title>Concursados - Secretaria da Sa\u00fade do Cear\u00e1<\/title>\n<meta name=\"robots\" content=\"index, follow, max-snippet:-1, max-image-preview:large, max-video-preview:-1\" \/>\n<link rel=\"canonical\" href=\"https:\/\/ww16.ce.gov.br\/saude\/concursados\/\" \/>\n<meta property=\"og:locale\" content=\"pt_BR\" \/>\n<meta property=\"og:type\" content=\"article\" \/>\n<meta property=\"og:title\" content=\"Concursados - Secretaria da Sa\u00fade do Cear\u00e1\" \/>\n<meta property=\"og:description\" content=\"Concursados &nbsp; Importante As datas programadas para as etapas de ingresso dos novos estatut\u00e1rios ser\u00e3o divulgadas no site da Secretaria de Sa\u00fade, por meio desta p\u00e1gina. Fique atento! D\u00favidas podem ser tiradas por e-mail. Para agilizar a resposta, direcione sua d\u00favida conforme abaixo: &#8211; D\u00favidas sobre ADIAMENTO DE POSSE: adiamento.sesa@saude.ce.gov.br &#8211; D\u00favidas sobre PER\u00cdCIA M\u00c9DICA: [&hellip;]\" \/>\n<meta property=\"og:url\" content=\"https:\/\/ww16.ce.gov.br\/saude\/concursados\/\" \/>\n<meta property=\"og:site_name\" content=\"Secretaria da Sa\u00fade do Cear\u00e1\" \/>\n<meta property=\"article:modified_time\" content=\"2025-12-18T17:49:10+00:00\" \/>\n<meta name=\"twitter:card\" content=\"summary_large_image\" \/>\n<meta name=\"twitter:label1\" content=\"Est. reading time\" \/>\n\t<meta name=\"twitter:data1\" content=\"1 minuto\" \/>\n<script type=\"application\/ld+json\" class=\"yoast-schema-graph\">{\"@context\":\"https:\/\/schema.org\",\"@graph\":[{\"@type\":\"WebPage\",\"@id\":\"https:\/\/ww16.ce.gov.br\/saude\/concursados\/\",\"url\":\"https:\/\/ww16.ce.gov.br\/saude\/concursados\/\",\"name\":\"Concursados - Secretaria da Sa\u00fade do Cear\u00e1\",\"isPartOf\":{\"@id\":\"https:\/\/ww16.ce.gov.br\/saude\/#website\"},\"datePublished\":\"2023-04-26T12:49:22+00:00\",\"dateModified\":\"2025-12-18T17:49:10+00:00\",\"breadcrumb\":{\"@id\":\"https:\/\/ww16.ce.gov.br\/saude\/concursados\/#breadcrumb\"},\"inLanguage\":\"pt-BR\",\"potentialAction\":[{\"@type\":\"ReadAction\",\"target\":[\"https:\/\/ww16.ce.gov.br\/saude\/concursados\/\"]}]},{\"@type\":\"BreadcrumbList\",\"@id\":\"https:\/\/ww16.ce.gov.br\/saude\/concursados\/#breadcrumb\",\"itemListElement\":[{\"@type\":\"ListItem\",\"position\":1,\"name\":\"In\u00edcio\",\"item\":\"https:\/\/ww16.ce.gov.br\/saude\/\"},{\"@type\":\"ListItem\",\"position\":2,\"name\":\"Concursados\"}]},{\"@type\":\"WebSite\",\"@id\":\"https:\/\/ww16.ce.gov.br\/saude\/#website\",\"url\":\"https:\/\/ww16.ce.gov.br\/saude\/\",\"name\":\"Secretaria da Sa\u00fade\",\"description\":\"Secretaria da Sa\u00fade do Cear\u00e1\",\"publisher\":{\"@id\":\"https:\/\/ww16.ce.gov.br\/saude\/#organization\"},\"potentialAction\":[{\"@type\":\"SearchAction\",\"target\":{\"@type\":\"EntryPoint\",\"urlTemplate\":\"https:\/\/ww16.ce.gov.br\/saude\/?s={search_term_string}\"},\"query-input\":{\"@type\":\"PropertyValueSpecification\",\"valueRequired\":true,\"valueName\":\"search_term_string\"}}],\"inLanguage\":\"pt-BR\"},{\"@type\":\"Organization\",\"@id\":\"https:\/\/ww16.ce.gov.br\/saude\/#organization\",\"name\":\"Secretaria da Sa\u00fade\",\"url\":\"https:\/\/ww16.ce.gov.br\/saude\/\",\"logo\":{\"@type\":\"ImageObject\",\"inLanguage\":\"pt-BR\",\"@id\":\"https:\/\/ww16.ce.gov.br\/saude\/#\/schema\/logo\/image\/\",\"url\":\"http:\/\/ww16.ce.gov.br\/saude\/wp-content\/uploads\/sites\/9\/2017\/11\/clara.png\",\"contentUrl\":\"http:\/\/ww16.ce.gov.br\/saude\/wp-content\/uploads\/sites\/9\/2017\/11\/clara.png\",\"width\":559,\"height\":106,\"caption\":\"Secretaria da Sa\u00fade\"},\"image\":{\"@id\":\"https:\/\/ww16.ce.gov.br\/saude\/#\/schema\/logo\/image\/\"}}]}<\/script>\n<!-- \/ Yoast SEO plugin. -->","yoast_head_json":{"title":"Concursados - Secretaria da Sa\u00fade do Cear\u00e1","robots":{"index":"index","follow":"follow","max-snippet":"max-snippet:-1","max-image-preview":"max-image-preview:large","max-video-preview":"max-video-preview:-1"},"canonical":"https:\/\/ww16.ce.gov.br\/saude\/concursados\/","og_locale":"pt_BR","og_type":"article","og_title":"Concursados - Secretaria da Sa\u00fade do Cear\u00e1","og_description":"Concursados &nbsp; Importante As datas programadas para as etapas de ingresso dos novos estatut\u00e1rios ser\u00e3o divulgadas no site da Secretaria de Sa\u00fade, por meio desta p\u00e1gina. Fique atento! D\u00favidas podem ser tiradas por e-mail. Para agilizar a resposta, direcione sua d\u00favida conforme abaixo: &#8211; D\u00favidas sobre ADIAMENTO DE POSSE: adiamento.sesa@saude.ce.gov.br &#8211; D\u00favidas sobre PER\u00cdCIA M\u00c9DICA: [&hellip;]","og_url":"https:\/\/ww16.ce.gov.br\/saude\/concursados\/","og_site_name":"Secretaria da Sa\u00fade do Cear\u00e1","article_modified_time":"2025-12-18T17:49:10+00:00","twitter_card":"summary_large_image","twitter_misc":{"Est. reading time":"1 minuto"},"schema":{"@context":"https:\/\/schema.org","@graph":[{"@type":"WebPage","@id":"https:\/\/ww16.ce.gov.br\/saude\/concursados\/","url":"https:\/\/ww16.ce.gov.br\/saude\/concursados\/","name":"Concursados - Secretaria da Sa\u00fade do Cear\u00e1","isPartOf":{"@id":"https:\/\/ww16.ce.gov.br\/saude\/#website"},"datePublished":"2023-04-26T12:49:22+00:00","dateModified":"2025-12-18T17:49:10+00:00","breadcrumb":{"@id":"https:\/\/ww16.ce.gov.br\/saude\/concursados\/#breadcrumb"},"inLanguage":"pt-BR","potentialAction":[{"@type":"ReadAction","target":["https:\/\/ww16.ce.gov.br\/saude\/concursados\/"]}]},{"@type":"BreadcrumbList","@id":"https:\/\/ww16.ce.gov.br\/saude\/concursados\/#breadcrumb","itemListElement":[{"@type":"ListItem","position":1,"name":"In\u00edcio","item":"https:\/\/ww16.ce.gov.br\/saude\/"},{"@type":"ListItem","position":2,"name":"Concursados"}]},{"@type":"WebSite","@id":"https:\/\/ww16.ce.gov.br\/saude\/#website","url":"https:\/\/ww16.ce.gov.br\/saude\/","name":"Secretaria da Sa\u00fade","description":"Secretaria da Sa\u00fade do Cear\u00e1","publisher":{"@id":"https:\/\/ww16.ce.gov.br\/saude\/#organization"},"potentialAction":[{"@type":"SearchAction","target":{"@type":"EntryPoint","urlTemplate":"https:\/\/ww16.ce.gov.br\/saude\/?s={search_term_string}"},"query-input":{"@type":"PropertyValueSpecification","valueRequired":true,"valueName":"search_term_string"}}],"inLanguage":"pt-BR"},{"@type":"Organization","@id":"https:\/\/ww16.ce.gov.br\/saude\/#organization","name":"Secretaria da Sa\u00fade","url":"https:\/\/ww16.ce.gov.br\/saude\/","logo":{"@type":"ImageObject","inLanguage":"pt-BR","@id":"https:\/\/ww16.ce.gov.br\/saude\/#\/schema\/logo\/image\/","url":"http:\/\/ww16.ce.gov.br\/saude\/wp-content\/uploads\/sites\/9\/2017\/11\/clara.png","contentUrl":"http:\/\/ww16.ce.gov.br\/saude\/wp-content\/uploads\/sites\/9\/2017\/11\/clara.png","width":559,"height":106,"caption":"Secretaria da Sa\u00fade"},"image":{"@id":"https:\/\/ww16.ce.gov.br\/saude\/#\/schema\/logo\/image\/"}}]}},"_links":{"self":[{"href":"https:\/\/ww16.ce.gov.br\/saude\/wp-json\/wp\/v2\/pages\/117310","targetHints":{"allow":["GET"]}}],"collection":[{"href":"https:\/\/ww16.ce.gov.br\/saude\/wp-json\/wp\/v2\/pages"}],"about":[{"href":"https:\/\/ww16.ce.gov.br\/saude\/wp-json\/wp\/v2\/types\/page"}],"author":[{"embeddable":true,"href":"https:\/\/ww16.ce.gov.br\/saude\/wp-json\/wp\/v2\/users\/520"}],"replies":[{"embeddable":true,"href":"https:\/\/ww16.ce.gov.br\/saude\/wp-json\/wp\/v2\/comments?post=117310"}],"version-history":[{"count":159,"href":"https:\/\/ww16.ce.gov.br\/saude\/wp-json\/wp\/v2\/pages\/117310\/revisions"}],"predecessor-version":[{"id":149793,"href":"https:\/\/ww16.ce.gov.br\/saude\/wp-json\/wp\/v2\/pages\/117310\/revisions\/149793"}],"wp:attachment":[{"href":"https:\/\/ww16.ce.gov.br\/saude\/wp-json\/wp\/v2\/media?parent=117310"}],"curies":[{"name":"wp","href":"https:\/\/api.w.org\/{rel}","templated":true}]}}