{"id":112506,"date":"2022-11-16T14:22:41","date_gmt":"2022-11-16T17:22:41","guid":{"rendered":"http:\/\/ww16.ce.gov.br\/saude\/?page_id=112506"},"modified":"2023-04-18T15:14:04","modified_gmt":"2023-04-18T18:14:04","slug":"premiacao-concurso-municipio-inovador","status":"publish","type":"page","link":"https:\/\/ww16.ce.gov.br\/saude\/premiacao-concurso-municipio-inovador\/","title":{"rendered":"Premia\u00e7\u00e3o &#8211; Concurso Munic\u00edpio Inovador"},"content":{"rendered":"<h2><strong>Premia\u00e7\u00e3o &#8211; Concurso Munic\u00edpio Inovador<\/strong><\/h2>\n<p>&nbsp;<\/p>\n<p>Concurso Munic\u00edpio Inovador \u00e9 uma iniciativa de est\u00edmulo \u00e0s <strong>boas pr\u00e1ticas de inova\u00e7\u00e3o em sa\u00fade<\/strong>, cujos objetivos s\u00e3o: incentivar a implanta\u00e7\u00e3o e a implementa\u00e7\u00e3o de inova\u00e7\u00f5es na melhoria da qualidade dos servi\u00e7os p\u00fablicos de sa\u00fade prestados aos cidad\u00e3os nos munic\u00edpios cearenses, assim como a produ\u00e7\u00e3o de resultados positivos e eficientes para o servi\u00e7o p\u00fablico; promover o reconhecimento e a valoriza\u00e7\u00e3o das a\u00e7\u00f5es de aten\u00e7\u00e3o integral \u00e0 sa\u00fade em benef\u00edcio da comunidade; disseminar solu\u00e7\u00f5es inovadoras que inspirem ou sirvam de refer\u00eancia para outras iniciativas, colaborando para o fortalecimento da capacidade da sa\u00fade municipal e dos princ\u00edpios democr\u00e1ticos.<\/p>\n<p>&nbsp;<\/p>\n<p><strong>Em 2021, foram premiados 10 (dez) munic\u00edpios\/pr\u00e1ticas:<\/strong><\/p>\n<p><strong>Icapu\u00ed<\/strong> &#8211; Pr\u00e1tica: Monitoramento vacinal em tempo real; <strong><br \/>\nS\u00e3o Gon\u00e7alo do Amarante<\/strong> &#8211; Pr\u00e1tica: Implanta\u00e7\u00e3o do servi\u00e7o de aten\u00e7\u00e3o \u00e0 sa\u00fade da pessoa idosa;<br \/>\n<strong>Eus\u00e9bio<\/strong> &#8211; Pr\u00e1tica: A\u00e7\u00f5es inovadoras na APS em tempos de pandemia covid-19;<br \/>\n<strong> Cruz<\/strong> &#8211; Pr\u00e1tica: Vantagens do uso da homeopatia no manejo de pacientes hipertensos e diab\u00e9ticos em Cai\u00e7ara;<br \/>\n<strong>Mucambo<\/strong> &#8211; Pr\u00e1tica: Estrat\u00e9gia de fortalecimento da sa\u00fade materna infantil;<br \/>\n<strong>Abaiara<\/strong> &#8211; Pr\u00e1tica: Projeto m\u00e3e nota 10 &#8211; compromisso no acompanhamento a sa\u00fade da crian\u00e7a;<br \/>\n<strong>Jaguaribe<\/strong> &#8211; Pr\u00e1tica: Redu\u00e7\u00e3o da mortalidade infantil;<br \/>\n<strong>Saboeiro<\/strong> &#8211; Pr\u00e1tica: Sa\u00fade na \u00e1rea;<br \/>\n<strong>Quixer\u00e9<\/strong> &#8211; Pr\u00e1tica: Projeto Viva Saud\u00e1vel Quixer\u00e9;<br \/>\n<strong>Fortim<\/strong> &#8211; Pr\u00e1tica: Navegando no mundo da sa\u00fade bucal.<br \/>\n&nbsp;<\/p>\n<ul class=\"ListaEst\">\n<li><a href=\"https:\/\/ww16.ce.gov.br\/saude\/wp-content\/uploads\/sites\/64\/2020\/03\/cuidar-melhor-edital-2-concurso-municipio-inovador-03-11-22-ATUALIZADO__.pdf\">Edital N\u00ba11 &#8211; 2022 | 2\u00ba Concurso Munic\u00edpio Inovador<\/a><\/li>\n<li><a href=\"https:\/\/ww16.ce.gov.br\/saude\/wp-content\/uploads\/sites\/64\/2020\/03\/EDITAL-011-2022-2o-CONCURSO-MUNICIPIO-INOVADOR-1.pdf\" target=\"_blank\" rel=\"noopener\">Edital N\u00ba11 &#8211; 2022 | 2\u00ba Concurso Munic\u00edpio Inovador (Vers\u00e3o DOE)<\/a><\/li>\n<li><a href=\"https:\/\/digital.saude.ce.gov.br\/municipio-inovador\/#\/\">Inscri\u00e7\u00f5es Concurso Munic\u00edpio Inovador (finalizadas)\u00a0<\/a><\/li>\n<\/ul>\n<p><strong>\u2022 <\/strong><a href=\"https:\/\/ww16.ce.gov.br\/saude\/wp-content\/uploads\/sites\/64\/2020\/03\/2o-CONCURSO-MUNICIPIO-INOVADOR-DO-PROGRAMA-CUIDAR-MELHOR-CEARA-2023-PRATICAS-INOVADORAS-HOMOLOGADAS_NAO-HOMOLOGADAS.pdf\" target=\"_blank\" rel=\"noopener\"><strong>Resultado | Inscri\u00e7\u00f5es homologadas<\/strong><\/a><\/p>\n<p><strong>\u2022 <\/strong><a href=\"https:\/\/ww16.ce.gov.br\/saude\/wp-content\/uploads\/sites\/64\/2020\/03\/CMH.pdf\" target=\"_blank\" rel=\"noopener\"><strong>Resultado final | Inscri\u00e7\u00f5es homologadas (p\u00f3s-recursos)<\/strong><\/a><\/p>\n<p><strong>\u2022 <\/strong><a href=\"https:\/\/ww16.ce.gov.br\/saude\/wp-content\/uploads\/sites\/64\/2020\/03\/RESULTADO-CLASSIFICATORIO-PRELIMINAR-PARA-SEGUNDA-ETAPA-2023.pdf\" target=\"_blank\" rel=\"noopener\"><strong>Resultado classificat\u00f3rio preliminar para segunda etapa de avalia\u00e7\u00e3o<\/strong><\/a><\/p>\n<p><strong>\u2022 <\/strong><a href=\"https:\/\/ww16.ce.gov.br\/saude\/wp-content\/uploads\/sites\/64\/2020\/03\/Resultado-Classificatorio-Definitivo-para-a-Segunda-Etapa-de-Avaliacao.pdf\" target=\"_blank\" rel=\"noopener\"><strong>Resultado classificat\u00f3rio definitivo para a segunda etapa de avalia\u00e7\u00e3o<\/strong><\/a><\/p>\n<p><strong>\u2022 <\/strong><a href=\"https:\/\/ww16.ce.gov.br\/saude\/wp-content\/uploads\/sites\/64\/2020\/03\/Lista-Atualizada.pdf\" target=\"_blank\" rel=\"noopener\"><strong>Cronograma da segunda etapa de avalia\u00e7\u00e3o<\/strong><\/a><\/p>\n<p><strong>\u2022 <\/strong><a href=\"https:\/\/ww16.ce.gov.br\/saude\/wp-content\/uploads\/sites\/64\/2020\/03\/Resultado-Preliminar-Segunda-Etapa-Concurso-Municipio-Inovador-2023.pdf\" target=\"_blank\" rel=\"noopener\"><strong>Resultado preliminar da segunda etapa de avalia\u00e7\u00e3o<\/strong><\/a><\/p>\n<p><strong>\u2022 <\/strong><a href=\"https:\/\/ww16.ce.gov.br\/saude\/wp-content\/uploads\/sites\/64\/2020\/03\/Result-1-1.pdf\" target=\"_blank\" rel=\"noopener\"><strong>Resultado final da segunda etapa de avalia\u00e7\u00e3o<\/strong><\/a><\/p>\n","protected":false},"excerpt":{"rendered":"<p>Premia\u00e7\u00e3o &#8211; Concurso Munic\u00edpio Inovador &nbsp; Concurso Munic\u00edpio Inovador \u00e9 uma iniciativa de est\u00edmulo \u00e0s boas pr\u00e1ticas de inova\u00e7\u00e3o em sa\u00fade, cujos objetivos s\u00e3o: incentivar a implanta\u00e7\u00e3o e a implementa\u00e7\u00e3o de inova\u00e7\u00f5es na melhoria da qualidade dos servi\u00e7os p\u00fablicos de sa\u00fade prestados aos cidad\u00e3os nos munic\u00edpios cearenses, assim como a produ\u00e7\u00e3o de resultados positivos e [&hellip;]<\/p>\n","protected":false},"author":520,"featured_media":0,"parent":0,"menu_order":0,"comment_status":"closed","ping_status":"closed","template":"","meta":{"_acf_changed":false,"inline_featured_image":false,"footnotes":""},"class_list":["post-112506","page","type-page","status-publish","hentry"],"acf":[],"yoast_head":"<!-- This site is optimized with the Yoast SEO plugin v26.9 - https:\/\/yoast.com\/product\/yoast-seo-wordpress\/ -->\n<title>Premia\u00e7\u00e3o - Concurso Munic\u00edpio Inovador - Secretaria da Sa\u00fade do Cear\u00e1<\/title>\n<meta name=\"robots\" content=\"index, follow, max-snippet:-1, max-image-preview:large, max-video-preview:-1\" \/>\n<link rel=\"canonical\" href=\"https:\/\/ww16.ce.gov.br\/saude\/premiacao-concurso-municipio-inovador\/\" \/>\n<meta property=\"og:locale\" content=\"pt_BR\" \/>\n<meta property=\"og:type\" content=\"article\" \/>\n<meta property=\"og:title\" content=\"Premia\u00e7\u00e3o - Concurso Munic\u00edpio Inovador - Secretaria da Sa\u00fade do Cear\u00e1\" \/>\n<meta property=\"og:description\" content=\"Premia\u00e7\u00e3o &#8211; Concurso Munic\u00edpio Inovador &nbsp; Concurso Munic\u00edpio Inovador \u00e9 uma iniciativa de est\u00edmulo \u00e0s boas pr\u00e1ticas de inova\u00e7\u00e3o em sa\u00fade, cujos objetivos s\u00e3o: incentivar a implanta\u00e7\u00e3o e a implementa\u00e7\u00e3o de inova\u00e7\u00f5es na melhoria da qualidade dos servi\u00e7os p\u00fablicos de sa\u00fade prestados aos cidad\u00e3os nos munic\u00edpios cearenses, assim como a produ\u00e7\u00e3o de resultados positivos e [&hellip;]\" \/>\n<meta property=\"og:url\" content=\"https:\/\/ww16.ce.gov.br\/saude\/premiacao-concurso-municipio-inovador\/\" \/>\n<meta property=\"og:site_name\" content=\"Secretaria da Sa\u00fade do Cear\u00e1\" \/>\n<meta property=\"article:modified_time\" content=\"2023-04-18T18:14:04+00:00\" \/>\n<meta name=\"twitter:card\" content=\"summary_large_image\" \/>\n<meta name=\"twitter:label1\" content=\"Est. reading time\" \/>\n\t<meta name=\"twitter:data1\" content=\"2 minutos\" \/>\n<script type=\"application\/ld+json\" class=\"yoast-schema-graph\">{\"@context\":\"https:\/\/schema.org\",\"@graph\":[{\"@type\":\"WebPage\",\"@id\":\"https:\/\/ww16.ce.gov.br\/saude\/premiacao-concurso-municipio-inovador\/\",\"url\":\"https:\/\/ww16.ce.gov.br\/saude\/premiacao-concurso-municipio-inovador\/\",\"name\":\"Premia\u00e7\u00e3o - Concurso Munic\u00edpio Inovador - Secretaria da Sa\u00fade do Cear\u00e1\",\"isPartOf\":{\"@id\":\"https:\/\/ww16.ce.gov.br\/saude\/#website\"},\"datePublished\":\"2022-11-16T17:22:41+00:00\",\"dateModified\":\"2023-04-18T18:14:04+00:00\",\"breadcrumb\":{\"@id\":\"https:\/\/ww16.ce.gov.br\/saude\/premiacao-concurso-municipio-inovador\/#breadcrumb\"},\"inLanguage\":\"pt-BR\",\"potentialAction\":[{\"@type\":\"ReadAction\",\"target\":[\"https:\/\/ww16.ce.gov.br\/saude\/premiacao-concurso-municipio-inovador\/\"]}]},{\"@type\":\"BreadcrumbList\",\"@id\":\"https:\/\/ww16.ce.gov.br\/saude\/premiacao-concurso-municipio-inovador\/#breadcrumb\",\"itemListElement\":[{\"@type\":\"ListItem\",\"position\":1,\"name\":\"In\u00edcio\",\"item\":\"https:\/\/ww16.ce.gov.br\/saude\/\"},{\"@type\":\"ListItem\",\"position\":2,\"name\":\"Premia\u00e7\u00e3o &#8211; Concurso Munic\u00edpio Inovador\"}]},{\"@type\":\"WebSite\",\"@id\":\"https:\/\/ww16.ce.gov.br\/saude\/#website\",\"url\":\"https:\/\/ww16.ce.gov.br\/saude\/\",\"name\":\"Secretaria da Sa\u00fade\",\"description\":\"Secretaria da Sa\u00fade do Cear\u00e1\",\"publisher\":{\"@id\":\"https:\/\/ww16.ce.gov.br\/saude\/#organization\"},\"potentialAction\":[{\"@type\":\"SearchAction\",\"target\":{\"@type\":\"EntryPoint\",\"urlTemplate\":\"https:\/\/ww16.ce.gov.br\/saude\/?s={search_term_string}\"},\"query-input\":{\"@type\":\"PropertyValueSpecification\",\"valueRequired\":true,\"valueName\":\"search_term_string\"}}],\"inLanguage\":\"pt-BR\"},{\"@type\":\"Organization\",\"@id\":\"https:\/\/ww16.ce.gov.br\/saude\/#organization\",\"name\":\"Secretaria da Sa\u00fade\",\"url\":\"https:\/\/ww16.ce.gov.br\/saude\/\",\"logo\":{\"@type\":\"ImageObject\",\"inLanguage\":\"pt-BR\",\"@id\":\"https:\/\/ww16.ce.gov.br\/saude\/#\/schema\/logo\/image\/\",\"url\":\"http:\/\/ww16.ce.gov.br\/saude\/wp-content\/uploads\/sites\/9\/2017\/11\/clara.png\",\"contentUrl\":\"http:\/\/ww16.ce.gov.br\/saude\/wp-content\/uploads\/sites\/9\/2017\/11\/clara.png\",\"width\":559,\"height\":106,\"caption\":\"Secretaria da Sa\u00fade\"},\"image\":{\"@id\":\"https:\/\/ww16.ce.gov.br\/saude\/#\/schema\/logo\/image\/\"}}]}<\/script>\n<!-- \/ Yoast SEO plugin. -->","yoast_head_json":{"title":"Premia\u00e7\u00e3o - Concurso Munic\u00edpio Inovador - Secretaria da Sa\u00fade do Cear\u00e1","robots":{"index":"index","follow":"follow","max-snippet":"max-snippet:-1","max-image-preview":"max-image-preview:large","max-video-preview":"max-video-preview:-1"},"canonical":"https:\/\/ww16.ce.gov.br\/saude\/premiacao-concurso-municipio-inovador\/","og_locale":"pt_BR","og_type":"article","og_title":"Premia\u00e7\u00e3o - Concurso Munic\u00edpio Inovador - Secretaria da Sa\u00fade do Cear\u00e1","og_description":"Premia\u00e7\u00e3o &#8211; Concurso Munic\u00edpio Inovador &nbsp; Concurso Munic\u00edpio Inovador \u00e9 uma iniciativa de est\u00edmulo \u00e0s boas pr\u00e1ticas de inova\u00e7\u00e3o em sa\u00fade, cujos objetivos s\u00e3o: incentivar a implanta\u00e7\u00e3o e a implementa\u00e7\u00e3o de inova\u00e7\u00f5es na melhoria da qualidade dos servi\u00e7os p\u00fablicos de sa\u00fade prestados aos cidad\u00e3os nos munic\u00edpios cearenses, assim como a produ\u00e7\u00e3o de resultados positivos e [&hellip;]","og_url":"https:\/\/ww16.ce.gov.br\/saude\/premiacao-concurso-municipio-inovador\/","og_site_name":"Secretaria da Sa\u00fade do Cear\u00e1","article_modified_time":"2023-04-18T18:14:04+00:00","twitter_card":"summary_large_image","twitter_misc":{"Est. reading time":"2 minutos"},"schema":{"@context":"https:\/\/schema.org","@graph":[{"@type":"WebPage","@id":"https:\/\/ww16.ce.gov.br\/saude\/premiacao-concurso-municipio-inovador\/","url":"https:\/\/ww16.ce.gov.br\/saude\/premiacao-concurso-municipio-inovador\/","name":"Premia\u00e7\u00e3o - Concurso Munic\u00edpio Inovador - Secretaria da Sa\u00fade do Cear\u00e1","isPartOf":{"@id":"https:\/\/ww16.ce.gov.br\/saude\/#website"},"datePublished":"2022-11-16T17:22:41+00:00","dateModified":"2023-04-18T18:14:04+00:00","breadcrumb":{"@id":"https:\/\/ww16.ce.gov.br\/saude\/premiacao-concurso-municipio-inovador\/#breadcrumb"},"inLanguage":"pt-BR","potentialAction":[{"@type":"ReadAction","target":["https:\/\/ww16.ce.gov.br\/saude\/premiacao-concurso-municipio-inovador\/"]}]},{"@type":"BreadcrumbList","@id":"https:\/\/ww16.ce.gov.br\/saude\/premiacao-concurso-municipio-inovador\/#breadcrumb","itemListElement":[{"@type":"ListItem","position":1,"name":"In\u00edcio","item":"https:\/\/ww16.ce.gov.br\/saude\/"},{"@type":"ListItem","position":2,"name":"Premia\u00e7\u00e3o &#8211; Concurso Munic\u00edpio Inovador"}]},{"@type":"WebSite","@id":"https:\/\/ww16.ce.gov.br\/saude\/#website","url":"https:\/\/ww16.ce.gov.br\/saude\/","name":"Secretaria da Sa\u00fade","description":"Secretaria da Sa\u00fade do Cear\u00e1","publisher":{"@id":"https:\/\/ww16.ce.gov.br\/saude\/#organization"},"potentialAction":[{"@type":"SearchAction","target":{"@type":"EntryPoint","urlTemplate":"https:\/\/ww16.ce.gov.br\/saude\/?s={search_term_string}"},"query-input":{"@type":"PropertyValueSpecification","valueRequired":true,"valueName":"search_term_string"}}],"inLanguage":"pt-BR"},{"@type":"Organization","@id":"https:\/\/ww16.ce.gov.br\/saude\/#organization","name":"Secretaria da Sa\u00fade","url":"https:\/\/ww16.ce.gov.br\/saude\/","logo":{"@type":"ImageObject","inLanguage":"pt-BR","@id":"https:\/\/ww16.ce.gov.br\/saude\/#\/schema\/logo\/image\/","url":"http:\/\/ww16.ce.gov.br\/saude\/wp-content\/uploads\/sites\/9\/2017\/11\/clara.png","contentUrl":"http:\/\/ww16.ce.gov.br\/saude\/wp-content\/uploads\/sites\/9\/2017\/11\/clara.png","width":559,"height":106,"caption":"Secretaria da Sa\u00fade"},"image":{"@id":"https:\/\/ww16.ce.gov.br\/saude\/#\/schema\/logo\/image\/"}}]}},"_links":{"self":[{"href":"https:\/\/ww16.ce.gov.br\/saude\/wp-json\/wp\/v2\/pages\/112506","targetHints":{"allow":["GET"]}}],"collection":[{"href":"https:\/\/ww16.ce.gov.br\/saude\/wp-json\/wp\/v2\/pages"}],"about":[{"href":"https:\/\/ww16.ce.gov.br\/saude\/wp-json\/wp\/v2\/types\/page"}],"author":[{"embeddable":true,"href":"https:\/\/ww16.ce.gov.br\/saude\/wp-json\/wp\/v2\/users\/520"}],"replies":[{"embeddable":true,"href":"https:\/\/ww16.ce.gov.br\/saude\/wp-json\/wp\/v2\/comments?post=112506"}],"version-history":[{"count":29,"href":"https:\/\/ww16.ce.gov.br\/saude\/wp-json\/wp\/v2\/pages\/112506\/revisions"}],"predecessor-version":[{"id":117139,"href":"https:\/\/ww16.ce.gov.br\/saude\/wp-json\/wp\/v2\/pages\/112506\/revisions\/117139"}],"wp:attachment":[{"href":"https:\/\/ww16.ce.gov.br\/saude\/wp-json\/wp\/v2\/media?parent=112506"}],"curies":[{"name":"wp","href":"https:\/\/api.w.org\/{rel}","templated":true}]}}