{"id":106501,"date":"2022-03-01T12:29:42","date_gmt":"2022-03-01T15:29:42","guid":{"rendered":"http:\/\/ww16.ce.gov.br\/saude\/?page_id=106501"},"modified":"2025-11-04T15:31:38","modified_gmt":"2025-11-04T18:31:38","slug":"regionalizacao","status":"publish","type":"page","link":"https:\/\/ww16.ce.gov.br\/saude\/institucional\/regionalizacao\/","title":{"rendered":"Regionaliza\u00e7\u00e3o"},"content":{"rendered":"<h1><strong>Regionaliza\u00e7\u00e3o<\/strong><\/h1>\n<p><img loading=\"lazy\" decoding=\"async\" class=\"alignnone wp-image-106502 size-full\" src=\"https:\/\/ww16.ce.gov.br\/saude\/wp-content\/uploads\/sites\/64\/2022\/03\/mapa_completo_ceara_regioes.png\" alt=\"\" width=\"2817\" height=\"2376\" srcset=\"https:\/\/ww16.ce.gov.br\/saude\/wp-content\/uploads\/sites\/64\/2022\/03\/mapa_completo_ceara_regioes.png 2817w, https:\/\/ww16.ce.gov.br\/saude\/wp-content\/uploads\/sites\/64\/2022\/03\/mapa_completo_ceara_regioes-600x506.png 600w, https:\/\/ww16.ce.gov.br\/saude\/wp-content\/uploads\/sites\/64\/2022\/03\/mapa_completo_ceara_regioes-1200x1012.png 1200w, https:\/\/ww16.ce.gov.br\/saude\/wp-content\/uploads\/sites\/64\/2022\/03\/mapa_completo_ceara_regioes-768x648.png 768w, https:\/\/ww16.ce.gov.br\/saude\/wp-content\/uploads\/sites\/64\/2022\/03\/mapa_completo_ceara_regioes-1536x1296.png 1536w, https:\/\/ww16.ce.gov.br\/saude\/wp-content\/uploads\/sites\/64\/2022\/03\/mapa_completo_ceara_regioes-2048x1727.png 2048w\" sizes=\"auto, (max-width: 2817px) 100vw, 2817px\" \/><\/p>\n<ul class=\"ListaEst\">\n<li><a href=\"https:\/\/ww16.ce.gov.br\/saude\/wp-content\/uploads\/sites\/64\/2022\/03\/mapa_ceara_completo_20220403.pdf\" target=\"_blank\" rel=\"noopener noreferrer\">Confira o Mapa Completo da Regionaliza\u00e7\u00e3o<\/a><\/li>\n<li><a href=\"https:\/\/ww16.ce.gov.br\/saude\/rede-sesa\/\">Conhe\u00e7a a estrutura da Rede Sesa<\/a><\/li>\n<\/ul>\n<h3 class=\"-laranja\" style=\"text-align: justify\"><strong>Superintend\u00eancias Regionais<\/strong><\/h3>\n<p>&nbsp;<\/p>\n<p style=\"text-align: justify\"><strong>As Superintend\u00eancias est\u00e3o distribu\u00eddas em cinco regi\u00f5es: Fortaleza, Norte, Cariri, Sert\u00e3o Central, Litoral Leste\/Jaguaribe<\/strong>. Todas s\u00e3o respons\u00e1veis por implementar as pol\u00edticas de sa\u00fade do Estado, organizando processos e articulando atores-chaves em um modelo de governan\u00e7a compartilhada. Al\u00e9m disso, tamb\u00e9m \u00e9 fun\u00e7\u00e3o de cada uma implantar as diretrizes do Plano Regional de Sa\u00fade (PRS), conforme a Lei Estadual 17.006\/2019; coordenar e monitorar a gest\u00e3o or\u00e7ament\u00e1ria, financeira, cont\u00e1bil, patrimonial, documental e de recursos humanos necess\u00e1rios ao funcionamento da regi\u00e3o sob sua compet\u00eancia. As Superintend\u00eancias podem representar a Secretaria da Sa\u00fade do Cear\u00e1 (Sesa) em assembleias dos Cons\u00f3rcios P\u00fablicos de Sa\u00fade.<\/p>\n<p>&nbsp;<\/p>\n<p style=\"text-align: justify\">Outras responsabilidades das Superintend\u00eancias s\u00e3o: emitir pareceres sobre os projetos e as demandas que tenham por objeto a\u00e7\u00f5es voltadas para aten\u00e7\u00e3o ambulatorial especializada, para a redes de urg\u00eancias e emerg\u00eancias e de aten\u00e7\u00e3o \u00e0 sa\u00fade bucal; emitir parecer para credenciamento\/habilita\u00e7\u00e3o de servi\u00e7os relacionados \u00e0 Aten\u00e7\u00e3o Hospitalar a partir da necessidade regional; emitir parecer no processo de habilita\u00e7\u00e3o e cadastramento das equipes de sa\u00fade bucal e de servi\u00e7os especializados em Odontologia regionais e municipais; emitir parecer t\u00e9cnico quanto \u00e0 habilita\u00e7\u00e3o dos Centros de Reabilita\u00e7\u00e3o (CER) e de servi\u00e7os de aten\u00e7\u00e3o \u00e0 pessoa com defici\u00eancia; emitir parecer t\u00e9cnico em processos de pessoa com necessidades especiais, com vista a concess\u00e3o em unidades especializadas de \u00d3rteses, Pr\u00f3teses e Materiais (OPM) especiais; promover o aprendizado organizacional das equipes de trabalho de sua \u00e1rea de compet\u00eancia; realizar a gest\u00e3o dos processos e a an\u00e1lise de desempenho dos resultados da \u00e1rea, alinhados aos objetivos organizacionais e \u00e0s melhores pr\u00e1ticas de gest\u00e3o; e desempenhar outras atividades correlatas ou que lhe forem determinadas ou delegadas pela gest\u00e3o da Sesa.<\/p>\n<p>&nbsp;<\/p>\n<h3 class=\"-laranja\" style=\"text-align: justify\"><strong>\u00c1rea Descentralizada de Sa\u00fade<\/strong><\/h3>\n<p>&nbsp;<\/p>\n<p style=\"text-align: justify\">O Cear\u00e1 possui 17 \u00c1reas Descentralizadas de Sa\u00fade, com <strong>sedes em Fortaleza, Quixad\u00e1, Limoeiro do Norte, Sobral e Juazeiro do Norte<\/strong>, contemplando as cinco Regi\u00f5es de Sa\u00fade. \u00c0s coordenadorias das ADSs compete: coordenar, articular e organizar o sistema de sa\u00fade na \u00c1rea; promover a articula\u00e7\u00e3o interinstitucional no \u00e2mbito da ADS; apoiar a Superintend\u00eancia no processo de contratualiza\u00e7\u00e3o dos servi\u00e7os de sa\u00fade da Rede Sesa e demais pontos de aten\u00e7\u00e3o da ADS; colaborar no gerenciamento do Sistema de Regula\u00e7\u00e3o Regional; avaliar, acompanhar, monitorar e estabelecer coopera\u00e7\u00e3o t\u00e9cnica com a gest\u00e3o municipal; colaborar no processo de normatiza\u00e7\u00e3o, auditoria e controle do Sistema de Regula\u00e7\u00e3o no \u00e2mbito da Regi\u00e3o de Sa\u00fade; acompanhar, monitorar e avaliar o cumprimento dos Indicadores das pactua\u00e7\u00f5es da Sesa no \u00e2mbito da ADS; colaborar com o processo de discuss\u00e3o e pactua\u00e7\u00e3o nas Comiss\u00f5es Intergestores Regionais (CIR) no \u00e2mbito da Regi\u00e3o de Sa\u00fade; promover o aprendizado organizacional das equipes de trabalho de sua \u00e1rea de compet\u00eancia; realizar a gest\u00e3o dos processos e a an\u00e1lise de desempenho dos resultados da \u00e1rea, alinhados aos objetivos organizacionais e \u00e0s melhores pr\u00e1ticas de gest\u00e3o; e desempenhar outras atividades correlatas ou que lhe forem determinadas ou delegadas pela gest\u00e3o da pasta.<\/p>\n<p>&nbsp;<\/p>\n<p style=\"text-align: justify\">As ADSs est\u00e3o situadas em: <strong>Acara\u00fa, Aracati, Baturit\u00e9, Brejo Santo, Camocim, Canind\u00e9, Cascavel, Caucaia, Crate\u00fas, Crato, Ic\u00f3, Iguatu, Itapipoca, Maracana\u00fa, Russas, Tau\u00e1 e Tiangu\u00e1.<\/strong><\/p>\n<p>&nbsp;<\/p>\n<ul class=\"ListaEst\" style=\"text-align: justify\">\n<li><a href=\"https:\/\/ww16.ce.gov.br\/saude\/wp-content\/uploads\/sites\/64\/2020\/03\/lista_sr_ads_20220203-1.pdf\" target=\"_blank\" rel=\"noopener noreferrer\">Confira a lista de munic\u00edpios de cada ADS<\/a><\/li>\n<li><a href=\"https:\/\/ww16.ce.gov.br\/saude\/wp-content\/uploads\/sites\/64\/2024\/03\/Contatos-das-ADS-1.pdf\">Contatos das ADS<\/a><\/li>\n<\/ul>\n<p>&nbsp;<\/p>\n<h3 class=\"-laranja\" style=\"text-align: justify\"><strong>Cons\u00f3rcios P\u00fablicos de Sa\u00fade<\/strong><\/h3>\n<p>&nbsp;<\/p>\n<ul>\n<li style=\"list-style-type: none\">\n<ul>\n<li style=\"list-style-type: none\"><\/li>\n<\/ul>\n<\/li>\n<\/ul>\n<ul>\n<li style=\"list-style-type: none\">\n<ul>\n<li style=\"list-style-type: none\">\n<ul class=\"ListaEst\" style=\"text-align: justify\">\n<li><a href=\"https:\/\/ww16.ce.gov.br\/saude\/consorcios-publicos\/\" target=\"_blank\" rel=\"noopener noreferrer\">Confira a p\u00e1gina dos Cons\u00f3rcios P\u00fablicos<\/a><\/li>\n<\/ul>\n<\/li>\n<\/ul>\n<\/li>\n<\/ul>\n<p>&nbsp;<\/p>\n<p style=\"text-align: justify\">Os Cons\u00f3rcios garantem, observados os limites constitucionais e legais determinados pelos entes que se consorciam, a presta\u00e7\u00e3o de servi\u00e7os e a\u00e7\u00f5es de acordo com os objetivos estabelecidos nos contratos de Programa e de Rateio.<\/p>\n<p>&nbsp;<\/p>\n<p style=\"text-align: justify\">\u00c9 dever dos Cons\u00f3rcios promover o uso racional de recursos, produtos, servi\u00e7os e tecnologias; administrar os recursos em obedi\u00eancia \u00e0s normas da Administra\u00e7\u00e3o P\u00fablica, \u00e0 gest\u00e3o fiscal, ao direito p\u00fablico e \u00e0 Lei dos Cons\u00f3rcios quanto \u00e0 realiza\u00e7\u00e3o de licita\u00e7\u00e3o e \u00e0 celebra\u00e7\u00e3o de contratos.<\/p>\n<p>&nbsp;<\/p>\n<p style=\"text-align: justify\">\u00c9 obriga\u00e7\u00e3o, ainda, respeitar a Lei de Responsabilidade Fiscal e os limites de endividamento, por meio de empr\u00e9stimos obtidos pelos entes da Federa\u00e7\u00e3o. Por fim, os cons\u00f3rcios submetem-se \u00e0 fiscaliza\u00e7\u00e3o cont\u00e1bil, operacional e patrimonial pelos \u00f3rg\u00e3os de controle competentes.<\/p>\n<p>&nbsp;<\/p>\n<p style=\"text-align: justify\">As responsabilidades dos entes federados, quando se consorciam, devem estar bem definidas no Protocolo de Inten\u00e7\u00f5es.<\/p>\n<p>&nbsp;<\/p>\n<p style=\"text-align: justify\"><strong>Responsabilidades do Estado:<\/strong><\/p>\n<p>&nbsp;<\/p>\n<p>&nbsp;<\/p>\n<p style=\"text-align: justify\">&#8211; Assegurar parte dos recursos financeiros estaduais, previstos no Plano de Desenvolvimento e Investimento (PDI), para o desenvolvimento, a implanta\u00e7\u00e3o e a manuten\u00e7\u00e3o dos Cons\u00f3rcios;<br \/>\n&#8211; Articular a\u00e7\u00f5es intersetoriais com \u00f3rg\u00e3os da Administra\u00e7\u00e3o P\u00fablica Federal e Estadual, que favore\u00e7am a operacionaliza\u00e7\u00e3o dos Cons\u00f3rcios;<br \/>\n&#8211; Captar recursos federais, junto ao Minist\u00e9rio da Sa\u00fade e a outros \u00f3rg\u00e3os financiadores, para o desenvolvimento, a implanta\u00e7\u00e3o e a manuten\u00e7\u00e3o dos Cons\u00f3rcios;<br \/>\n&#8211; Dar suporte t\u00e9cnico e jur\u00eddico na implanta\u00e7\u00e3o, no acompanhamento e no desenvolvimento dos Cons\u00f3rcios;<br \/>\n&#8211; Ceder recursos humanos, financeiros, materiais, equipamentos;<br \/>\n&#8211; Estabelecer procedimentos administrativos e financeiros para assegurar o repasse sistem\u00e1tico de recursos de custeio de fonte do Tesouro Estadual que garantam a execu\u00e7\u00e3o dos servi\u00e7os e do funcionamento dos Cons\u00f3rcios P\u00fablicos;<br \/>\n&#8211; Inserir no Or\u00e7amento Estadual e no Plano Estadual de Sa\u00fade a cria\u00e7\u00e3o, o desenvolvimento, a implanta\u00e7\u00e3o e a manuten\u00e7\u00e3o dos Cons\u00f3rcios.<\/p>\n<p>&nbsp;<\/p>\n<p style=\"text-align: justify\"><strong>O Governo do Estado assumiu a responsabilidade de:<\/strong><\/p>\n<p>&nbsp;<\/p>\n<p style=\"text-align: justify\">&#8211; Construir e equipar 22 Centros de Especialidades Odontol\u00f3gicas (CEOs)<br \/>\n&#8211; Construir e equipar 22 policl\u00ednicas<br \/>\n&#8211; Repassar 40% do custeio destas unidades, que ser\u00e3o cedidas aos Cons\u00f3rcios e ficar\u00e3o sob sua gest\u00e3o consorciada.<\/p>\n<p>&nbsp;<\/p>\n<p style=\"text-align: justify\"><strong>Responsabilidades dos munic\u00edpios:<\/strong><\/p>\n<p>&nbsp;<\/p>\n<p style=\"text-align: justify\">&#8211; Assegurar parte dos recursos financeiros municipais para o desenvolvimento, a implanta\u00e7\u00e3o e a manuten\u00e7\u00e3o dos Cons\u00f3rcios;<br \/>\n&#8211; Dar suporte t\u00e9cnico e jur\u00eddico na implanta\u00e7\u00e3o, acompanhamento e desenvolvimento dos Cons\u00f3rcios;<br \/>\n&#8211; Captar recursos federais junto ao Minist\u00e9rio da Sa\u00fade e a outros \u00f3rg\u00e3os financiadores para o desenvolvimento, a implanta\u00e7\u00e3o e a manuten\u00e7\u00e3o dos Cons\u00f3rcios;<br \/>\n&#8211; Estabelecer procedimentos administrativos e financeiros para assegurar os repasses dos recursos financeiros para o funcionamento dos Cons\u00f3rcios;<br \/>\n&#8211; Ceder recursos humanos, financeiros, materiais, equipamentos;<br \/>\n&#8211; Inserir no or\u00e7amento e no plano municipal a cria\u00e7\u00e3o, o desenvolvimento, a implanta\u00e7\u00e3o e manuten\u00e7\u00e3o dos Cons\u00f3rcios P\u00fablicos de Sa\u00fade.<\/p>\n<p>&nbsp;<\/p>\n<p style=\"text-align: justify\"><strong>Ranking da Transpar\u00eancia dos Cons\u00f3rcios P\u00fablicos de Sa\u00fade do Estado do Cear\u00e1:<\/strong><\/p>\n<p>&nbsp;<\/p>\n<p style=\"text-align: justify\">A avalia\u00e7\u00e3o dos Cons\u00f3rcios P\u00fablicos foi realizada seguindo rigorosamente os crit\u00e9rios estabelecidos pela Portaria Conjunta n.\u00ba 01\/2020 SESA\/CGE e pelas orienta\u00e7\u00f5es da Controladoria e Ouvidoria Geral do Estado do Cear\u00e1 (CGE).<\/p>\n<p>&nbsp;<\/p>\n<p style=\"text-align: justify\">A iniciativa reflete o esfor\u00e7o conjunto entre a Sesa e a CGE, para fortalecer a cultura de transpar\u00eancia e controle social no \u00e2mbito dos cons\u00f3rcios p\u00fablicos de sa\u00fade.<\/p>\n<p>&nbsp;<\/p>\n<p style=\"text-align: justify\">O ranking \u00e9 divulgado semestralmente, apresentando as pontua\u00e7\u00f5es atribu\u00eddas com base nos requisitos definidos pela portaria.<\/p>\n<p>&nbsp;<\/p>\n<p>&nbsp;<\/p>\n<h3 class=\"-laranja\" style=\"text-align: justify\"><strong>Planos de Sa\u00fade Regionais 2023\/2027<\/strong><\/h3>\n<p>&nbsp;<\/p>\n<ul>\n<li style=\"list-style-type: none\">\n<ul>\n<li style=\"list-style-type: none\">\n<ul class=\"ListaEst\" style=\"text-align: justify\">\n<li><a href=\"https:\/\/ww16.ce.gov.br\/saude\/wp-content\/uploads\/sites\/64\/2023\/08\/PSR_SOBRAL_FINAL.pdf\">Sobral<\/a><\/li>\n<li><a href=\"https:\/\/ww16.ce.gov.br\/saude\/wp-content\/uploads\/sites\/64\/2023\/08\/PSR_SERTAO_CENTRAL_FINAL.pdf\">Sert\u00e3o Central<\/a><\/li>\n<li><a href=\"https:\/\/ww16.ce.gov.br\/saude\/wp-content\/uploads\/sites\/64\/2023\/08\/PSR_LITORAL_LESTE_FINAL.pdf\">Litoral Leste<\/a><\/li>\n<li><a href=\"https:\/\/ww16.ce.gov.br\/saude\/wp-content\/uploads\/sites\/64\/2023\/08\/PSR_FORTALEZA_FINAL.pdf\">Fortaleza<\/a><\/li>\n<li><a href=\"https:\/\/ww16.ce.gov.br\/saude\/wp-content\/uploads\/sites\/64\/2023\/08\/PSR_CARIRI_FINAL.pdf\">Cariri<\/a><\/li>\n<\/ul>\n<\/li>\n<\/ul>\n<\/li>\n<\/ul>\n<p style=\"text-align: justify\">\n","protected":false},"excerpt":{"rendered":"<p>Regionaliza\u00e7\u00e3o Confira o Mapa Completo da Regionaliza\u00e7\u00e3o Conhe\u00e7a a estrutura da Rede Sesa Superintend\u00eancias Regionais &nbsp; As Superintend\u00eancias est\u00e3o distribu\u00eddas em cinco regi\u00f5es: Fortaleza, Norte, Cariri, Sert\u00e3o Central, Litoral Leste\/Jaguaribe. Todas s\u00e3o respons\u00e1veis por implementar as pol\u00edticas de sa\u00fade do Estado, organizando processos e articulando atores-chaves em um modelo de governan\u00e7a compartilhada. Al\u00e9m disso, tamb\u00e9m [&hellip;]<\/p>\n","protected":false},"author":12,"featured_media":0,"parent":52,"menu_order":0,"comment_status":"closed","ping_status":"closed","template":"","meta":{"_acf_changed":false,"inline_featured_image":false,"footnotes":""},"class_list":["post-106501","page","type-page","status-publish","hentry"],"acf":[],"yoast_head":"<!-- This site is optimized with the Yoast SEO plugin v26.9 - https:\/\/yoast.com\/product\/yoast-seo-wordpress\/ -->\n<title>Regionaliza\u00e7\u00e3o - Secretaria da Sa\u00fade do Cear\u00e1<\/title>\n<meta name=\"robots\" content=\"index, follow, max-snippet:-1, max-image-preview:large, max-video-preview:-1\" \/>\n<link rel=\"canonical\" href=\"https:\/\/ww16.ce.gov.br\/saude\/institucional\/regionalizacao\/\" \/>\n<meta property=\"og:locale\" content=\"pt_BR\" \/>\n<meta property=\"og:type\" content=\"article\" \/>\n<meta property=\"og:title\" content=\"Regionaliza\u00e7\u00e3o - Secretaria da Sa\u00fade do Cear\u00e1\" \/>\n<meta property=\"og:description\" content=\"Regionaliza\u00e7\u00e3o Confira o Mapa Completo da Regionaliza\u00e7\u00e3o Conhe\u00e7a a estrutura da Rede Sesa Superintend\u00eancias Regionais &nbsp; As Superintend\u00eancias est\u00e3o distribu\u00eddas em cinco regi\u00f5es: Fortaleza, Norte, Cariri, Sert\u00e3o Central, Litoral Leste\/Jaguaribe. Todas s\u00e3o respons\u00e1veis por implementar as pol\u00edticas de sa\u00fade do Estado, organizando processos e articulando atores-chaves em um modelo de governan\u00e7a compartilhada. Al\u00e9m disso, tamb\u00e9m [&hellip;]\" \/>\n<meta property=\"og:url\" content=\"https:\/\/ww16.ce.gov.br\/saude\/institucional\/regionalizacao\/\" \/>\n<meta property=\"og:site_name\" content=\"Secretaria da Sa\u00fade do Cear\u00e1\" \/>\n<meta property=\"article:modified_time\" content=\"2025-11-04T18:31:38+00:00\" \/>\n<meta property=\"og:image\" content=\"http:\/\/ww16.ce.gov.br\/saude\/wp-content\/uploads\/sites\/64\/2022\/03\/mapa_completo_ceara_regioes.png\" \/>\n<meta name=\"twitter:card\" content=\"summary_large_image\" \/>\n<meta name=\"twitter:label1\" content=\"Est. reading time\" \/>\n\t<meta name=\"twitter:data1\" content=\"6 minutos\" \/>\n<script type=\"application\/ld+json\" class=\"yoast-schema-graph\">{\"@context\":\"https:\/\/schema.org\",\"@graph\":[{\"@type\":\"WebPage\",\"@id\":\"https:\/\/ww16.ce.gov.br\/saude\/institucional\/regionalizacao\/\",\"url\":\"https:\/\/ww16.ce.gov.br\/saude\/institucional\/regionalizacao\/\",\"name\":\"Regionaliza\u00e7\u00e3o - Secretaria da Sa\u00fade do Cear\u00e1\",\"isPartOf\":{\"@id\":\"https:\/\/ww16.ce.gov.br\/saude\/#website\"},\"primaryImageOfPage\":{\"@id\":\"https:\/\/ww16.ce.gov.br\/saude\/institucional\/regionalizacao\/#primaryimage\"},\"image\":{\"@id\":\"https:\/\/ww16.ce.gov.br\/saude\/institucional\/regionalizacao\/#primaryimage\"},\"thumbnailUrl\":\"http:\/\/ww16.ce.gov.br\/saude\/wp-content\/uploads\/sites\/64\/2022\/03\/mapa_completo_ceara_regioes.png\",\"datePublished\":\"2022-03-01T15:29:42+00:00\",\"dateModified\":\"2025-11-04T18:31:38+00:00\",\"breadcrumb\":{\"@id\":\"https:\/\/ww16.ce.gov.br\/saude\/institucional\/regionalizacao\/#breadcrumb\"},\"inLanguage\":\"pt-BR\",\"potentialAction\":[{\"@type\":\"ReadAction\",\"target\":[\"https:\/\/ww16.ce.gov.br\/saude\/institucional\/regionalizacao\/\"]}]},{\"@type\":\"ImageObject\",\"inLanguage\":\"pt-BR\",\"@id\":\"https:\/\/ww16.ce.gov.br\/saude\/institucional\/regionalizacao\/#primaryimage\",\"url\":\"http:\/\/ww16.ce.gov.br\/saude\/wp-content\/uploads\/sites\/64\/2022\/03\/mapa_completo_ceara_regioes.png\",\"contentUrl\":\"http:\/\/ww16.ce.gov.br\/saude\/wp-content\/uploads\/sites\/64\/2022\/03\/mapa_completo_ceara_regioes.png\"},{\"@type\":\"BreadcrumbList\",\"@id\":\"https:\/\/ww16.ce.gov.br\/saude\/institucional\/regionalizacao\/#breadcrumb\",\"itemListElement\":[{\"@type\":\"ListItem\",\"position\":1,\"name\":\"In\u00edcio\",\"item\":\"https:\/\/ww16.ce.gov.br\/saude\/\"},{\"@type\":\"ListItem\",\"position\":2,\"name\":\"Institucional\",\"item\":\"https:\/\/ww16.ce.gov.br\/saude\/institucional\/\"},{\"@type\":\"ListItem\",\"position\":3,\"name\":\"Regionaliza\u00e7\u00e3o\"}]},{\"@type\":\"WebSite\",\"@id\":\"https:\/\/ww16.ce.gov.br\/saude\/#website\",\"url\":\"https:\/\/ww16.ce.gov.br\/saude\/\",\"name\":\"Secretaria da Sa\u00fade\",\"description\":\"Secretaria da Sa\u00fade do Cear\u00e1\",\"publisher\":{\"@id\":\"https:\/\/ww16.ce.gov.br\/saude\/#organization\"},\"potentialAction\":[{\"@type\":\"SearchAction\",\"target\":{\"@type\":\"EntryPoint\",\"urlTemplate\":\"https:\/\/ww16.ce.gov.br\/saude\/?s={search_term_string}\"},\"query-input\":{\"@type\":\"PropertyValueSpecification\",\"valueRequired\":true,\"valueName\":\"search_term_string\"}}],\"inLanguage\":\"pt-BR\"},{\"@type\":\"Organization\",\"@id\":\"https:\/\/ww16.ce.gov.br\/saude\/#organization\",\"name\":\"Secretaria da Sa\u00fade\",\"url\":\"https:\/\/ww16.ce.gov.br\/saude\/\",\"logo\":{\"@type\":\"ImageObject\",\"inLanguage\":\"pt-BR\",\"@id\":\"https:\/\/ww16.ce.gov.br\/saude\/#\/schema\/logo\/image\/\",\"url\":\"http:\/\/ww16.ce.gov.br\/saude\/wp-content\/uploads\/sites\/9\/2017\/11\/clara.png\",\"contentUrl\":\"http:\/\/ww16.ce.gov.br\/saude\/wp-content\/uploads\/sites\/9\/2017\/11\/clara.png\",\"width\":559,\"height\":106,\"caption\":\"Secretaria da Sa\u00fade\"},\"image\":{\"@id\":\"https:\/\/ww16.ce.gov.br\/saude\/#\/schema\/logo\/image\/\"}}]}<\/script>\n<!-- \/ Yoast SEO plugin. -->","yoast_head_json":{"title":"Regionaliza\u00e7\u00e3o - Secretaria da Sa\u00fade do Cear\u00e1","robots":{"index":"index","follow":"follow","max-snippet":"max-snippet:-1","max-image-preview":"max-image-preview:large","max-video-preview":"max-video-preview:-1"},"canonical":"https:\/\/ww16.ce.gov.br\/saude\/institucional\/regionalizacao\/","og_locale":"pt_BR","og_type":"article","og_title":"Regionaliza\u00e7\u00e3o - Secretaria da Sa\u00fade do Cear\u00e1","og_description":"Regionaliza\u00e7\u00e3o Confira o Mapa Completo da Regionaliza\u00e7\u00e3o Conhe\u00e7a a estrutura da Rede Sesa Superintend\u00eancias Regionais &nbsp; As Superintend\u00eancias est\u00e3o distribu\u00eddas em cinco regi\u00f5es: Fortaleza, Norte, Cariri, Sert\u00e3o Central, Litoral Leste\/Jaguaribe. Todas s\u00e3o respons\u00e1veis por implementar as pol\u00edticas de sa\u00fade do Estado, organizando processos e articulando atores-chaves em um modelo de governan\u00e7a compartilhada. Al\u00e9m disso, tamb\u00e9m [&hellip;]","og_url":"https:\/\/ww16.ce.gov.br\/saude\/institucional\/regionalizacao\/","og_site_name":"Secretaria da Sa\u00fade do Cear\u00e1","article_modified_time":"2025-11-04T18:31:38+00:00","og_image":[{"url":"http:\/\/ww16.ce.gov.br\/saude\/wp-content\/uploads\/sites\/64\/2022\/03\/mapa_completo_ceara_regioes.png","type":"","width":"","height":""}],"twitter_card":"summary_large_image","twitter_misc":{"Est. reading time":"6 minutos"},"schema":{"@context":"https:\/\/schema.org","@graph":[{"@type":"WebPage","@id":"https:\/\/ww16.ce.gov.br\/saude\/institucional\/regionalizacao\/","url":"https:\/\/ww16.ce.gov.br\/saude\/institucional\/regionalizacao\/","name":"Regionaliza\u00e7\u00e3o - Secretaria da Sa\u00fade do Cear\u00e1","isPartOf":{"@id":"https:\/\/ww16.ce.gov.br\/saude\/#website"},"primaryImageOfPage":{"@id":"https:\/\/ww16.ce.gov.br\/saude\/institucional\/regionalizacao\/#primaryimage"},"image":{"@id":"https:\/\/ww16.ce.gov.br\/saude\/institucional\/regionalizacao\/#primaryimage"},"thumbnailUrl":"http:\/\/ww16.ce.gov.br\/saude\/wp-content\/uploads\/sites\/64\/2022\/03\/mapa_completo_ceara_regioes.png","datePublished":"2022-03-01T15:29:42+00:00","dateModified":"2025-11-04T18:31:38+00:00","breadcrumb":{"@id":"https:\/\/ww16.ce.gov.br\/saude\/institucional\/regionalizacao\/#breadcrumb"},"inLanguage":"pt-BR","potentialAction":[{"@type":"ReadAction","target":["https:\/\/ww16.ce.gov.br\/saude\/institucional\/regionalizacao\/"]}]},{"@type":"ImageObject","inLanguage":"pt-BR","@id":"https:\/\/ww16.ce.gov.br\/saude\/institucional\/regionalizacao\/#primaryimage","url":"http:\/\/ww16.ce.gov.br\/saude\/wp-content\/uploads\/sites\/64\/2022\/03\/mapa_completo_ceara_regioes.png","contentUrl":"http:\/\/ww16.ce.gov.br\/saude\/wp-content\/uploads\/sites\/64\/2022\/03\/mapa_completo_ceara_regioes.png"},{"@type":"BreadcrumbList","@id":"https:\/\/ww16.ce.gov.br\/saude\/institucional\/regionalizacao\/#breadcrumb","itemListElement":[{"@type":"ListItem","position":1,"name":"In\u00edcio","item":"https:\/\/ww16.ce.gov.br\/saude\/"},{"@type":"ListItem","position":2,"name":"Institucional","item":"https:\/\/ww16.ce.gov.br\/saude\/institucional\/"},{"@type":"ListItem","position":3,"name":"Regionaliza\u00e7\u00e3o"}]},{"@type":"WebSite","@id":"https:\/\/ww16.ce.gov.br\/saude\/#website","url":"https:\/\/ww16.ce.gov.br\/saude\/","name":"Secretaria da Sa\u00fade","description":"Secretaria da Sa\u00fade do Cear\u00e1","publisher":{"@id":"https:\/\/ww16.ce.gov.br\/saude\/#organization"},"potentialAction":[{"@type":"SearchAction","target":{"@type":"EntryPoint","urlTemplate":"https:\/\/ww16.ce.gov.br\/saude\/?s={search_term_string}"},"query-input":{"@type":"PropertyValueSpecification","valueRequired":true,"valueName":"search_term_string"}}],"inLanguage":"pt-BR"},{"@type":"Organization","@id":"https:\/\/ww16.ce.gov.br\/saude\/#organization","name":"Secretaria da Sa\u00fade","url":"https:\/\/ww16.ce.gov.br\/saude\/","logo":{"@type":"ImageObject","inLanguage":"pt-BR","@id":"https:\/\/ww16.ce.gov.br\/saude\/#\/schema\/logo\/image\/","url":"http:\/\/ww16.ce.gov.br\/saude\/wp-content\/uploads\/sites\/9\/2017\/11\/clara.png","contentUrl":"http:\/\/ww16.ce.gov.br\/saude\/wp-content\/uploads\/sites\/9\/2017\/11\/clara.png","width":559,"height":106,"caption":"Secretaria da Sa\u00fade"},"image":{"@id":"https:\/\/ww16.ce.gov.br\/saude\/#\/schema\/logo\/image\/"}}]}},"_links":{"self":[{"href":"https:\/\/ww16.ce.gov.br\/saude\/wp-json\/wp\/v2\/pages\/106501","targetHints":{"allow":["GET"]}}],"collection":[{"href":"https:\/\/ww16.ce.gov.br\/saude\/wp-json\/wp\/v2\/pages"}],"about":[{"href":"https:\/\/ww16.ce.gov.br\/saude\/wp-json\/wp\/v2\/types\/page"}],"author":[{"embeddable":true,"href":"https:\/\/ww16.ce.gov.br\/saude\/wp-json\/wp\/v2\/users\/12"}],"replies":[{"embeddable":true,"href":"https:\/\/ww16.ce.gov.br\/saude\/wp-json\/wp\/v2\/comments?post=106501"}],"version-history":[{"count":36,"href":"https:\/\/ww16.ce.gov.br\/saude\/wp-json\/wp\/v2\/pages\/106501\/revisions"}],"predecessor-version":[{"id":148343,"href":"https:\/\/ww16.ce.gov.br\/saude\/wp-json\/wp\/v2\/pages\/106501\/revisions\/148343"}],"up":[{"embeddable":true,"href":"https:\/\/ww16.ce.gov.br\/saude\/wp-json\/wp\/v2\/pages\/52"}],"wp:attachment":[{"href":"https:\/\/ww16.ce.gov.br\/saude\/wp-json\/wp\/v2\/media?parent=106501"}],"curies":[{"name":"wp","href":"https:\/\/api.w.org\/{rel}","templated":true}]}}