{"id":106357,"date":"2022-02-25T11:14:18","date_gmt":"2022-02-25T14:14:18","guid":{"rendered":"http:\/\/ww16.ce.gov.br\/saude\/?page_id=106357"},"modified":"2022-05-24T14:59:34","modified_gmt":"2022-05-24T17:59:34","slug":"judicializacao","status":"publish","type":"page","link":"https:\/\/ww16.ce.gov.br\/saude\/assistenciafarmaceutica\/fiquepordentro\/judicializacao\/","title":{"rendered":"Copaf | Judicializa\u00e7\u00e3o"},"content":{"rendered":"<h3><strong>Judicializa\u00e7\u00e3o<\/strong><\/h3>\n<p>&nbsp;<br \/>\n&nbsp;<br \/>\n&nbsp;<\/p>\n<ul class=\"ListaEst col2\">\n<li><a href=\"https:\/\/ww16.ce.gov.br\/saude\/wp-content\/uploads\/sites\/64\/2018\/06\/MANUAL-DESJUDICIALIZACAO-DA-SAUDE-TJ-CE.pdf\" target=\"_blank\" rel=\"noopener noreferrer\">Manual desjudicializa\u00e7\u00e3o da Sa\u00fade &#8211; TJCE<\/a><\/li>\n<li><a href=\"https:\/\/ww16.ce.gov.br\/saude\/wp-content\/uploads\/sites\/64\/2020\/03\/2-LEI-No-14313-DE-21-DE-MARCO-DE-2022.pdf\" target=\"_blank\" rel=\"noopener noreferrer\">Lei 14313 de 21\/03\/2022<\/a><\/li>\n<li><a href=\"https:\/\/ww16.ce.gov.br\/saude\/wp-content\/uploads\/sites\/64\/2020\/03\/1-LEI-No-12401-DE-28-DE-ABRIL-DE-2011.pdf\" target=\"_blank\" rel=\"noopener noreferrer\">Lei 12401 de 28\/04\/2022<\/a><\/li>\n<\/ul>\n","protected":false},"excerpt":{"rendered":"<p>Judicializa\u00e7\u00e3o &nbsp; &nbsp; &nbsp; Manual desjudicializa\u00e7\u00e3o da Sa\u00fade &#8211; TJCE Lei 14313 de 21\/03\/2022 Lei 12401 de 28\/04\/2022<\/p>\n","protected":false},"author":12,"featured_media":0,"parent":100499,"menu_order":0,"comment_status":"closed","ping_status":"closed","template":"","meta":{"_acf_changed":false,"inline_featured_image":false,"footnotes":""},"class_list":["post-106357","page","type-page","status-publish","hentry"],"acf":[],"yoast_head":"<!-- This site is optimized with the Yoast SEO plugin v26.9 - https:\/\/yoast.com\/product\/yoast-seo-wordpress\/ -->\n<title>Copaf | Judicializa\u00e7\u00e3o - Secretaria da Sa\u00fade do Cear\u00e1<\/title>\n<meta name=\"robots\" content=\"index, follow, max-snippet:-1, max-image-preview:large, max-video-preview:-1\" \/>\n<link rel=\"canonical\" href=\"https:\/\/ww16.ce.gov.br\/saude\/assistenciafarmaceutica\/fiquepordentro\/judicializacao\/\" \/>\n<meta property=\"og:locale\" content=\"pt_BR\" \/>\n<meta property=\"og:type\" content=\"article\" \/>\n<meta property=\"og:title\" content=\"Copaf | Judicializa\u00e7\u00e3o - Secretaria da Sa\u00fade do Cear\u00e1\" \/>\n<meta property=\"og:description\" content=\"Judicializa\u00e7\u00e3o &nbsp; &nbsp; &nbsp; Manual desjudicializa\u00e7\u00e3o da Sa\u00fade &#8211; TJCE Lei 14313 de 21\/03\/2022 Lei 12401 de 28\/04\/2022\" \/>\n<meta property=\"og:url\" content=\"https:\/\/ww16.ce.gov.br\/saude\/assistenciafarmaceutica\/fiquepordentro\/judicializacao\/\" \/>\n<meta property=\"og:site_name\" content=\"Secretaria da Sa\u00fade do Cear\u00e1\" \/>\n<meta property=\"article:modified_time\" content=\"2022-05-24T17:59:34+00:00\" \/>\n<meta name=\"twitter:card\" content=\"summary_large_image\" \/>\n<script type=\"application\/ld+json\" class=\"yoast-schema-graph\">{\"@context\":\"https:\/\/schema.org\",\"@graph\":[{\"@type\":\"WebPage\",\"@id\":\"https:\/\/ww16.ce.gov.br\/saude\/assistenciafarmaceutica\/fiquepordentro\/judicializacao\/\",\"url\":\"https:\/\/ww16.ce.gov.br\/saude\/assistenciafarmaceutica\/fiquepordentro\/judicializacao\/\",\"name\":\"Copaf | Judicializa\u00e7\u00e3o - Secretaria da Sa\u00fade do Cear\u00e1\",\"isPartOf\":{\"@id\":\"https:\/\/ww16.ce.gov.br\/saude\/#website\"},\"datePublished\":\"2022-02-25T14:14:18+00:00\",\"dateModified\":\"2022-05-24T17:59:34+00:00\",\"breadcrumb\":{\"@id\":\"https:\/\/ww16.ce.gov.br\/saude\/assistenciafarmaceutica\/fiquepordentro\/judicializacao\/#breadcrumb\"},\"inLanguage\":\"pt-BR\",\"potentialAction\":[{\"@type\":\"ReadAction\",\"target\":[\"https:\/\/ww16.ce.gov.br\/saude\/assistenciafarmaceutica\/fiquepordentro\/judicializacao\/\"]}]},{\"@type\":\"BreadcrumbList\",\"@id\":\"https:\/\/ww16.ce.gov.br\/saude\/assistenciafarmaceutica\/fiquepordentro\/judicializacao\/#breadcrumb\",\"itemListElement\":[{\"@type\":\"ListItem\",\"position\":1,\"name\":\"In\u00edcio\",\"item\":\"https:\/\/ww16.ce.gov.br\/saude\/\"},{\"@type\":\"ListItem\",\"position\":2,\"name\":\"COPAF | Principal\",\"item\":\"https:\/\/ww16.ce.gov.br\/saude\/?page_id=100491\"},{\"@type\":\"ListItem\",\"position\":3,\"name\":\"COPAF | Fique por dentro\",\"item\":\"https:\/\/ww16.ce.gov.br\/saude\/assistenciafarmaceutica\/fiquepordentro\/\"},{\"@type\":\"ListItem\",\"position\":4,\"name\":\"Copaf | Judicializa\u00e7\u00e3o\"}]},{\"@type\":\"WebSite\",\"@id\":\"https:\/\/ww16.ce.gov.br\/saude\/#website\",\"url\":\"https:\/\/ww16.ce.gov.br\/saude\/\",\"name\":\"Secretaria da Sa\u00fade\",\"description\":\"Secretaria da Sa\u00fade do Cear\u00e1\",\"publisher\":{\"@id\":\"https:\/\/ww16.ce.gov.br\/saude\/#organization\"},\"potentialAction\":[{\"@type\":\"SearchAction\",\"target\":{\"@type\":\"EntryPoint\",\"urlTemplate\":\"https:\/\/ww16.ce.gov.br\/saude\/?s={search_term_string}\"},\"query-input\":{\"@type\":\"PropertyValueSpecification\",\"valueRequired\":true,\"valueName\":\"search_term_string\"}}],\"inLanguage\":\"pt-BR\"},{\"@type\":\"Organization\",\"@id\":\"https:\/\/ww16.ce.gov.br\/saude\/#organization\",\"name\":\"Secretaria da Sa\u00fade\",\"url\":\"https:\/\/ww16.ce.gov.br\/saude\/\",\"logo\":{\"@type\":\"ImageObject\",\"inLanguage\":\"pt-BR\",\"@id\":\"https:\/\/ww16.ce.gov.br\/saude\/#\/schema\/logo\/image\/\",\"url\":\"http:\/\/ww16.ce.gov.br\/saude\/wp-content\/uploads\/sites\/9\/2017\/11\/clara.png\",\"contentUrl\":\"http:\/\/ww16.ce.gov.br\/saude\/wp-content\/uploads\/sites\/9\/2017\/11\/clara.png\",\"width\":559,\"height\":106,\"caption\":\"Secretaria da Sa\u00fade\"},\"image\":{\"@id\":\"https:\/\/ww16.ce.gov.br\/saude\/#\/schema\/logo\/image\/\"}}]}<\/script>\n<!-- \/ Yoast SEO plugin. -->","yoast_head_json":{"title":"Copaf | Judicializa\u00e7\u00e3o - Secretaria da Sa\u00fade do Cear\u00e1","robots":{"index":"index","follow":"follow","max-snippet":"max-snippet:-1","max-image-preview":"max-image-preview:large","max-video-preview":"max-video-preview:-1"},"canonical":"https:\/\/ww16.ce.gov.br\/saude\/assistenciafarmaceutica\/fiquepordentro\/judicializacao\/","og_locale":"pt_BR","og_type":"article","og_title":"Copaf | Judicializa\u00e7\u00e3o - Secretaria da Sa\u00fade do Cear\u00e1","og_description":"Judicializa\u00e7\u00e3o &nbsp; &nbsp; &nbsp; Manual desjudicializa\u00e7\u00e3o da Sa\u00fade &#8211; TJCE Lei 14313 de 21\/03\/2022 Lei 12401 de 28\/04\/2022","og_url":"https:\/\/ww16.ce.gov.br\/saude\/assistenciafarmaceutica\/fiquepordentro\/judicializacao\/","og_site_name":"Secretaria da Sa\u00fade do Cear\u00e1","article_modified_time":"2022-05-24T17:59:34+00:00","twitter_card":"summary_large_image","schema":{"@context":"https:\/\/schema.org","@graph":[{"@type":"WebPage","@id":"https:\/\/ww16.ce.gov.br\/saude\/assistenciafarmaceutica\/fiquepordentro\/judicializacao\/","url":"https:\/\/ww16.ce.gov.br\/saude\/assistenciafarmaceutica\/fiquepordentro\/judicializacao\/","name":"Copaf | Judicializa\u00e7\u00e3o - Secretaria da Sa\u00fade do Cear\u00e1","isPartOf":{"@id":"https:\/\/ww16.ce.gov.br\/saude\/#website"},"datePublished":"2022-02-25T14:14:18+00:00","dateModified":"2022-05-24T17:59:34+00:00","breadcrumb":{"@id":"https:\/\/ww16.ce.gov.br\/saude\/assistenciafarmaceutica\/fiquepordentro\/judicializacao\/#breadcrumb"},"inLanguage":"pt-BR","potentialAction":[{"@type":"ReadAction","target":["https:\/\/ww16.ce.gov.br\/saude\/assistenciafarmaceutica\/fiquepordentro\/judicializacao\/"]}]},{"@type":"BreadcrumbList","@id":"https:\/\/ww16.ce.gov.br\/saude\/assistenciafarmaceutica\/fiquepordentro\/judicializacao\/#breadcrumb","itemListElement":[{"@type":"ListItem","position":1,"name":"In\u00edcio","item":"https:\/\/ww16.ce.gov.br\/saude\/"},{"@type":"ListItem","position":2,"name":"COPAF | Principal","item":"https:\/\/ww16.ce.gov.br\/saude\/?page_id=100491"},{"@type":"ListItem","position":3,"name":"COPAF | Fique por dentro","item":"https:\/\/ww16.ce.gov.br\/saude\/assistenciafarmaceutica\/fiquepordentro\/"},{"@type":"ListItem","position":4,"name":"Copaf | Judicializa\u00e7\u00e3o"}]},{"@type":"WebSite","@id":"https:\/\/ww16.ce.gov.br\/saude\/#website","url":"https:\/\/ww16.ce.gov.br\/saude\/","name":"Secretaria da Sa\u00fade","description":"Secretaria da Sa\u00fade do Cear\u00e1","publisher":{"@id":"https:\/\/ww16.ce.gov.br\/saude\/#organization"},"potentialAction":[{"@type":"SearchAction","target":{"@type":"EntryPoint","urlTemplate":"https:\/\/ww16.ce.gov.br\/saude\/?s={search_term_string}"},"query-input":{"@type":"PropertyValueSpecification","valueRequired":true,"valueName":"search_term_string"}}],"inLanguage":"pt-BR"},{"@type":"Organization","@id":"https:\/\/ww16.ce.gov.br\/saude\/#organization","name":"Secretaria da Sa\u00fade","url":"https:\/\/ww16.ce.gov.br\/saude\/","logo":{"@type":"ImageObject","inLanguage":"pt-BR","@id":"https:\/\/ww16.ce.gov.br\/saude\/#\/schema\/logo\/image\/","url":"http:\/\/ww16.ce.gov.br\/saude\/wp-content\/uploads\/sites\/9\/2017\/11\/clara.png","contentUrl":"http:\/\/ww16.ce.gov.br\/saude\/wp-content\/uploads\/sites\/9\/2017\/11\/clara.png","width":559,"height":106,"caption":"Secretaria da Sa\u00fade"},"image":{"@id":"https:\/\/ww16.ce.gov.br\/saude\/#\/schema\/logo\/image\/"}}]}},"_links":{"self":[{"href":"https:\/\/ww16.ce.gov.br\/saude\/wp-json\/wp\/v2\/pages\/106357","targetHints":{"allow":["GET"]}}],"collection":[{"href":"https:\/\/ww16.ce.gov.br\/saude\/wp-json\/wp\/v2\/pages"}],"about":[{"href":"https:\/\/ww16.ce.gov.br\/saude\/wp-json\/wp\/v2\/types\/page"}],"author":[{"embeddable":true,"href":"https:\/\/ww16.ce.gov.br\/saude\/wp-json\/wp\/v2\/users\/12"}],"replies":[{"embeddable":true,"href":"https:\/\/ww16.ce.gov.br\/saude\/wp-json\/wp\/v2\/comments?post=106357"}],"version-history":[{"count":3,"href":"https:\/\/ww16.ce.gov.br\/saude\/wp-json\/wp\/v2\/pages\/106357\/revisions"}],"predecessor-version":[{"id":109308,"href":"https:\/\/ww16.ce.gov.br\/saude\/wp-json\/wp\/v2\/pages\/106357\/revisions\/109308"}],"up":[{"embeddable":true,"href":"https:\/\/ww16.ce.gov.br\/saude\/wp-json\/wp\/v2\/pages\/100499"}],"wp:attachment":[{"href":"https:\/\/ww16.ce.gov.br\/saude\/wp-json\/wp\/v2\/media?parent=106357"}],"curies":[{"name":"wp","href":"https:\/\/api.w.org\/{rel}","templated":true}]}}