{"id":106186,"date":"2022-02-22T16:02:37","date_gmt":"2022-02-22T19:02:37","guid":{"rendered":"http:\/\/ww16.ce.gov.br\/saude\/?page_id=106186"},"modified":"2022-06-08T15:17:20","modified_gmt":"2022-06-08T18:17:20","slug":"politica-assistencia-farmaceutica","status":"publish","type":"page","link":"https:\/\/ww16.ce.gov.br\/saude\/assistenciafarmaceutica\/fiquepordentro\/politica-assistencia-farmaceutica\/","title":{"rendered":"Copaf | Politica Estadual de Assist\u00eancia Farmac\u00eautica"},"content":{"rendered":"<h3><strong>Politica Estadual de Assist\u00eancia Farmac\u00eautica<\/strong><\/h3>\n<p>&nbsp;<\/p>\n<p>A Pol\u00edtica Estadual de Assist\u00eancia Farmac\u00eautica (Peaf) \u00e9 uma das estrat\u00e9gias da Secretaria da Sa\u00fade do Cear\u00e1 (Sesa) para a consolida\u00e7\u00e3o de a\u00e7\u00f5es voltadas \u00e0 promo\u00e7\u00e3o, prote\u00e7\u00e3o e recupera\u00e7\u00e3o da sa\u00fade, tanto individual quanto coletiva, tendo como eixo central o cuidado farmac\u00eautico ao cidad\u00e3o cearense.<br \/>\n&nbsp;<\/p>\n<p>A Peaf foi elaborada pela Secretaria Executiva de Pol\u00edticas de Sa\u00fade (Sepos), por meio da Coordenadoria de Pol\u00edticas de Assist\u00eancia Farmac\u00eautica (Copaf), em parceria com o Grupo Condutor, constitu\u00eddo por diversas institui\u00e7\u00f5es e entidades governamentais e n\u00e3o governamentais. O documento foi aprovado em dezembro de 2021 pelo Conselho Estadual de Sa\u00fade do Cear\u00e1 (Cesau-CE) por meio da Resolu\u00e7\u00e3o 55\/2021.<br \/>\n&nbsp;<\/p>\n<p>A efetiva\u00e7\u00e3o de direitos sociais exige a implementa\u00e7\u00e3o de pol\u00edticas p\u00fablicas. A transpar\u00eancia em direitos e pol\u00edticas, bem como a cont\u00ednua difus\u00e3o de informa\u00e7\u00e3o, \u00e9 essencial para a melhor organiza\u00e7\u00e3o do Sistema \u00danico de Sa\u00fade (SUS). Nesse contexto, foi constru\u00edda a Pol\u00edtica Estadual de Assist\u00eancia Farmac\u00eautica no Cear\u00e1 \u2013 um grande avan\u00e7o para a sa\u00fade p\u00fablica por ser um tema de extrema relev\u00e2ncia e transversalidade.<br \/>\n&nbsp;<\/p>\n<p>A Peaf visa fortalecer a Assist\u00eancia Farmac\u00eautica em todos os n\u00edveis de aten\u00e7\u00e3o (prim\u00e1rio, secund\u00e1rio e terci\u00e1rio), objetivando a organiza\u00e7\u00e3o e a amplia\u00e7\u00e3o do acesso a medicamentos, de promo\u00e7\u00e3o do uso racional, de estrutura\u00e7\u00e3o do cuidado farmac\u00eautico, de organiza\u00e7\u00e3o da infraestrutura e de mecanismos de governan\u00e7a, de um financiamento adequado com uma gest\u00e3o democr\u00e1tica e participativa.<\/p>\n","protected":false},"excerpt":{"rendered":"<p>Politica Estadual de Assist\u00eancia Farmac\u00eautica &nbsp; A Pol\u00edtica Estadual de Assist\u00eancia Farmac\u00eautica (Peaf) \u00e9 uma das estrat\u00e9gias da Secretaria da Sa\u00fade do Cear\u00e1 (Sesa) para a consolida\u00e7\u00e3o de a\u00e7\u00f5es voltadas \u00e0 promo\u00e7\u00e3o, prote\u00e7\u00e3o e recupera\u00e7\u00e3o da sa\u00fade, tanto individual quanto coletiva, tendo como eixo central o cuidado farmac\u00eautico ao cidad\u00e3o cearense. &nbsp; A Peaf foi [&hellip;]<\/p>\n","protected":false},"author":12,"featured_media":0,"parent":100499,"menu_order":0,"comment_status":"closed","ping_status":"closed","template":"","meta":{"_acf_changed":false,"inline_featured_image":false,"footnotes":""},"class_list":["post-106186","page","type-page","status-publish","hentry"],"acf":[],"yoast_head":"<!-- This site is optimized with the Yoast SEO plugin v26.9 - https:\/\/yoast.com\/product\/yoast-seo-wordpress\/ -->\n<title>Copaf | Politica Estadual de Assist\u00eancia Farmac\u00eautica - Secretaria da Sa\u00fade do Cear\u00e1<\/title>\n<meta name=\"robots\" content=\"index, follow, max-snippet:-1, max-image-preview:large, max-video-preview:-1\" \/>\n<link rel=\"canonical\" href=\"https:\/\/ww16.ce.gov.br\/saude\/assistenciafarmaceutica\/fiquepordentro\/politica-assistencia-farmaceutica\/\" \/>\n<meta property=\"og:locale\" content=\"pt_BR\" \/>\n<meta property=\"og:type\" content=\"article\" \/>\n<meta property=\"og:title\" content=\"Copaf | Politica Estadual de Assist\u00eancia Farmac\u00eautica - Secretaria da Sa\u00fade do Cear\u00e1\" \/>\n<meta property=\"og:description\" content=\"Politica Estadual de Assist\u00eancia Farmac\u00eautica &nbsp; A Pol\u00edtica Estadual de Assist\u00eancia Farmac\u00eautica (Peaf) \u00e9 uma das estrat\u00e9gias da Secretaria da Sa\u00fade do Cear\u00e1 (Sesa) para a consolida\u00e7\u00e3o de a\u00e7\u00f5es voltadas \u00e0 promo\u00e7\u00e3o, prote\u00e7\u00e3o e recupera\u00e7\u00e3o da sa\u00fade, tanto individual quanto coletiva, tendo como eixo central o cuidado farmac\u00eautico ao cidad\u00e3o cearense. &nbsp; A Peaf foi [&hellip;]\" \/>\n<meta property=\"og:url\" content=\"https:\/\/ww16.ce.gov.br\/saude\/assistenciafarmaceutica\/fiquepordentro\/politica-assistencia-farmaceutica\/\" \/>\n<meta property=\"og:site_name\" content=\"Secretaria da Sa\u00fade do Cear\u00e1\" \/>\n<meta property=\"article:modified_time\" content=\"2022-06-08T18:17:20+00:00\" \/>\n<meta name=\"twitter:card\" content=\"summary_large_image\" \/>\n<meta name=\"twitter:label1\" content=\"Est. reading time\" \/>\n\t<meta name=\"twitter:data1\" content=\"1 minuto\" \/>\n<script type=\"application\/ld+json\" class=\"yoast-schema-graph\">{\"@context\":\"https:\/\/schema.org\",\"@graph\":[{\"@type\":\"WebPage\",\"@id\":\"https:\/\/ww16.ce.gov.br\/saude\/assistenciafarmaceutica\/fiquepordentro\/politica-assistencia-farmaceutica\/\",\"url\":\"https:\/\/ww16.ce.gov.br\/saude\/assistenciafarmaceutica\/fiquepordentro\/politica-assistencia-farmaceutica\/\",\"name\":\"Copaf | Politica Estadual de Assist\u00eancia Farmac\u00eautica - Secretaria da Sa\u00fade do Cear\u00e1\",\"isPartOf\":{\"@id\":\"https:\/\/ww16.ce.gov.br\/saude\/#website\"},\"datePublished\":\"2022-02-22T19:02:37+00:00\",\"dateModified\":\"2022-06-08T18:17:20+00:00\",\"breadcrumb\":{\"@id\":\"https:\/\/ww16.ce.gov.br\/saude\/assistenciafarmaceutica\/fiquepordentro\/politica-assistencia-farmaceutica\/#breadcrumb\"},\"inLanguage\":\"pt-BR\",\"potentialAction\":[{\"@type\":\"ReadAction\",\"target\":[\"https:\/\/ww16.ce.gov.br\/saude\/assistenciafarmaceutica\/fiquepordentro\/politica-assistencia-farmaceutica\/\"]}]},{\"@type\":\"BreadcrumbList\",\"@id\":\"https:\/\/ww16.ce.gov.br\/saude\/assistenciafarmaceutica\/fiquepordentro\/politica-assistencia-farmaceutica\/#breadcrumb\",\"itemListElement\":[{\"@type\":\"ListItem\",\"position\":1,\"name\":\"In\u00edcio\",\"item\":\"https:\/\/ww16.ce.gov.br\/saude\/\"},{\"@type\":\"ListItem\",\"position\":2,\"name\":\"COPAF | Principal\",\"item\":\"https:\/\/ww16.ce.gov.br\/saude\/?page_id=100491\"},{\"@type\":\"ListItem\",\"position\":3,\"name\":\"COPAF | Fique por dentro\",\"item\":\"https:\/\/ww16.ce.gov.br\/saude\/assistenciafarmaceutica\/fiquepordentro\/\"},{\"@type\":\"ListItem\",\"position\":4,\"name\":\"Copaf | Politica Estadual de Assist\u00eancia Farmac\u00eautica\"}]},{\"@type\":\"WebSite\",\"@id\":\"https:\/\/ww16.ce.gov.br\/saude\/#website\",\"url\":\"https:\/\/ww16.ce.gov.br\/saude\/\",\"name\":\"Secretaria da Sa\u00fade\",\"description\":\"Secretaria da Sa\u00fade do Cear\u00e1\",\"publisher\":{\"@id\":\"https:\/\/ww16.ce.gov.br\/saude\/#organization\"},\"potentialAction\":[{\"@type\":\"SearchAction\",\"target\":{\"@type\":\"EntryPoint\",\"urlTemplate\":\"https:\/\/ww16.ce.gov.br\/saude\/?s={search_term_string}\"},\"query-input\":{\"@type\":\"PropertyValueSpecification\",\"valueRequired\":true,\"valueName\":\"search_term_string\"}}],\"inLanguage\":\"pt-BR\"},{\"@type\":\"Organization\",\"@id\":\"https:\/\/ww16.ce.gov.br\/saude\/#organization\",\"name\":\"Secretaria da Sa\u00fade\",\"url\":\"https:\/\/ww16.ce.gov.br\/saude\/\",\"logo\":{\"@type\":\"ImageObject\",\"inLanguage\":\"pt-BR\",\"@id\":\"https:\/\/ww16.ce.gov.br\/saude\/#\/schema\/logo\/image\/\",\"url\":\"http:\/\/ww16.ce.gov.br\/saude\/wp-content\/uploads\/sites\/9\/2017\/11\/clara.png\",\"contentUrl\":\"http:\/\/ww16.ce.gov.br\/saude\/wp-content\/uploads\/sites\/9\/2017\/11\/clara.png\",\"width\":559,\"height\":106,\"caption\":\"Secretaria da Sa\u00fade\"},\"image\":{\"@id\":\"https:\/\/ww16.ce.gov.br\/saude\/#\/schema\/logo\/image\/\"}}]}<\/script>\n<!-- \/ Yoast SEO plugin. -->","yoast_head_json":{"title":"Copaf | Politica Estadual de Assist\u00eancia Farmac\u00eautica - Secretaria da Sa\u00fade do Cear\u00e1","robots":{"index":"index","follow":"follow","max-snippet":"max-snippet:-1","max-image-preview":"max-image-preview:large","max-video-preview":"max-video-preview:-1"},"canonical":"https:\/\/ww16.ce.gov.br\/saude\/assistenciafarmaceutica\/fiquepordentro\/politica-assistencia-farmaceutica\/","og_locale":"pt_BR","og_type":"article","og_title":"Copaf | Politica Estadual de Assist\u00eancia Farmac\u00eautica - Secretaria da Sa\u00fade do Cear\u00e1","og_description":"Politica Estadual de Assist\u00eancia Farmac\u00eautica &nbsp; A Pol\u00edtica Estadual de Assist\u00eancia Farmac\u00eautica (Peaf) \u00e9 uma das estrat\u00e9gias da Secretaria da Sa\u00fade do Cear\u00e1 (Sesa) para a consolida\u00e7\u00e3o de a\u00e7\u00f5es voltadas \u00e0 promo\u00e7\u00e3o, prote\u00e7\u00e3o e recupera\u00e7\u00e3o da sa\u00fade, tanto individual quanto coletiva, tendo como eixo central o cuidado farmac\u00eautico ao cidad\u00e3o cearense. &nbsp; A Peaf foi [&hellip;]","og_url":"https:\/\/ww16.ce.gov.br\/saude\/assistenciafarmaceutica\/fiquepordentro\/politica-assistencia-farmaceutica\/","og_site_name":"Secretaria da Sa\u00fade do Cear\u00e1","article_modified_time":"2022-06-08T18:17:20+00:00","twitter_card":"summary_large_image","twitter_misc":{"Est. reading time":"1 minuto"},"schema":{"@context":"https:\/\/schema.org","@graph":[{"@type":"WebPage","@id":"https:\/\/ww16.ce.gov.br\/saude\/assistenciafarmaceutica\/fiquepordentro\/politica-assistencia-farmaceutica\/","url":"https:\/\/ww16.ce.gov.br\/saude\/assistenciafarmaceutica\/fiquepordentro\/politica-assistencia-farmaceutica\/","name":"Copaf | Politica Estadual de Assist\u00eancia Farmac\u00eautica - Secretaria da Sa\u00fade do Cear\u00e1","isPartOf":{"@id":"https:\/\/ww16.ce.gov.br\/saude\/#website"},"datePublished":"2022-02-22T19:02:37+00:00","dateModified":"2022-06-08T18:17:20+00:00","breadcrumb":{"@id":"https:\/\/ww16.ce.gov.br\/saude\/assistenciafarmaceutica\/fiquepordentro\/politica-assistencia-farmaceutica\/#breadcrumb"},"inLanguage":"pt-BR","potentialAction":[{"@type":"ReadAction","target":["https:\/\/ww16.ce.gov.br\/saude\/assistenciafarmaceutica\/fiquepordentro\/politica-assistencia-farmaceutica\/"]}]},{"@type":"BreadcrumbList","@id":"https:\/\/ww16.ce.gov.br\/saude\/assistenciafarmaceutica\/fiquepordentro\/politica-assistencia-farmaceutica\/#breadcrumb","itemListElement":[{"@type":"ListItem","position":1,"name":"In\u00edcio","item":"https:\/\/ww16.ce.gov.br\/saude\/"},{"@type":"ListItem","position":2,"name":"COPAF | Principal","item":"https:\/\/ww16.ce.gov.br\/saude\/?page_id=100491"},{"@type":"ListItem","position":3,"name":"COPAF | Fique por dentro","item":"https:\/\/ww16.ce.gov.br\/saude\/assistenciafarmaceutica\/fiquepordentro\/"},{"@type":"ListItem","position":4,"name":"Copaf | Politica Estadual de Assist\u00eancia Farmac\u00eautica"}]},{"@type":"WebSite","@id":"https:\/\/ww16.ce.gov.br\/saude\/#website","url":"https:\/\/ww16.ce.gov.br\/saude\/","name":"Secretaria da Sa\u00fade","description":"Secretaria da Sa\u00fade do Cear\u00e1","publisher":{"@id":"https:\/\/ww16.ce.gov.br\/saude\/#organization"},"potentialAction":[{"@type":"SearchAction","target":{"@type":"EntryPoint","urlTemplate":"https:\/\/ww16.ce.gov.br\/saude\/?s={search_term_string}"},"query-input":{"@type":"PropertyValueSpecification","valueRequired":true,"valueName":"search_term_string"}}],"inLanguage":"pt-BR"},{"@type":"Organization","@id":"https:\/\/ww16.ce.gov.br\/saude\/#organization","name":"Secretaria da Sa\u00fade","url":"https:\/\/ww16.ce.gov.br\/saude\/","logo":{"@type":"ImageObject","inLanguage":"pt-BR","@id":"https:\/\/ww16.ce.gov.br\/saude\/#\/schema\/logo\/image\/","url":"http:\/\/ww16.ce.gov.br\/saude\/wp-content\/uploads\/sites\/9\/2017\/11\/clara.png","contentUrl":"http:\/\/ww16.ce.gov.br\/saude\/wp-content\/uploads\/sites\/9\/2017\/11\/clara.png","width":559,"height":106,"caption":"Secretaria da Sa\u00fade"},"image":{"@id":"https:\/\/ww16.ce.gov.br\/saude\/#\/schema\/logo\/image\/"}}]}},"_links":{"self":[{"href":"https:\/\/ww16.ce.gov.br\/saude\/wp-json\/wp\/v2\/pages\/106186","targetHints":{"allow":["GET"]}}],"collection":[{"href":"https:\/\/ww16.ce.gov.br\/saude\/wp-json\/wp\/v2\/pages"}],"about":[{"href":"https:\/\/ww16.ce.gov.br\/saude\/wp-json\/wp\/v2\/types\/page"}],"author":[{"embeddable":true,"href":"https:\/\/ww16.ce.gov.br\/saude\/wp-json\/wp\/v2\/users\/12"}],"replies":[{"embeddable":true,"href":"https:\/\/ww16.ce.gov.br\/saude\/wp-json\/wp\/v2\/comments?post=106186"}],"version-history":[{"count":21,"href":"https:\/\/ww16.ce.gov.br\/saude\/wp-json\/wp\/v2\/pages\/106186\/revisions"}],"predecessor-version":[{"id":109893,"href":"https:\/\/ww16.ce.gov.br\/saude\/wp-json\/wp\/v2\/pages\/106186\/revisions\/109893"}],"up":[{"embeddable":true,"href":"https:\/\/ww16.ce.gov.br\/saude\/wp-json\/wp\/v2\/pages\/100499"}],"wp:attachment":[{"href":"https:\/\/ww16.ce.gov.br\/saude\/wp-json\/wp\/v2\/media?parent=106186"}],"curies":[{"name":"wp","href":"https:\/\/api.w.org\/{rel}","templated":true}]}}