{"id":100691,"date":"2021-08-20T09:54:42","date_gmt":"2021-08-20T12:54:42","guid":{"rendered":"http:\/\/ww16.ce.gov.br\/saude\/?page_id=100691"},"modified":"2023-02-09T11:15:31","modified_gmt":"2023-02-09T14:15:31","slug":"fitoterapia","status":"publish","type":"page","link":"https:\/\/ww16.ce.gov.br\/saude\/fitoterapia\/","title":{"rendered":"Copaf | Fitoterapia"},"content":{"rendered":"<h1><strong>Fitoterapia<\/strong><\/h1>\n<p>&nbsp;<\/p>\n<p>A Fitoterapia do Estado do Cear\u00e1 foi institucionalizada em 1997 com a cria\u00e7\u00e3o do Centro Estadual de Fitoterapia por meio do Programa Estadual de Fitoterapia. Em 2007, foi criado o N\u00facleo de Fitoter\u00e1picos (Nufito) da Coordenadoria de Assist\u00eancia Farmac\u00eautica. Em 2020, a Fitoterapia passou a fazer parte da Coordenadora de Pol\u00edticas de Assist\u00eancia Farmac\u00eautica (Copaf) da Secretaria Executiva de Pol\u00edticas de Sa\u00fade (Sepos).<\/p>\n<p>&nbsp;<\/p>\n<p>Os objetivos da Fitoterapia do Estado do Cear\u00e1 s\u00e3o: instalar Farm\u00e1cias Vivas nos munic\u00edpios cearenses; capacitar recursos humanos; fornecer orienta\u00e7\u00f5es agron\u00f4micas e farmac\u00eauticas \u00e0s organiza\u00e7\u00f5es governamentais e n\u00e3o governamentais, al\u00e9m de atender a popula\u00e7\u00e3o do Sistema \u00danico de Sa\u00fade (SUS).<\/p>\n<p>&nbsp;<\/p>\n<p>A amplia\u00e7\u00e3o das a\u00e7\u00f5es de Fitoterapia nos munic\u00edpios cearenses, com a implanta\u00e7\u00e3o e\/ou implementa\u00e7\u00e3o de Hortos de Plantas Medicinais e Farm\u00e1cias Vivas I, II e III, est\u00e1 em conson\u00e2ncia com a meta do PPA da Fitoterapia, que \u00e9 garantir a implanta\u00e7\u00e3o de servi\u00e7os especializados em Fitoterapia nas Regi\u00f5es de Sa\u00fade do Cear\u00e1.<\/p>\n<p>&nbsp;<\/p>\n<h3 class=\"-laranja\"><strong>Farm\u00e1cia Viva no Cear\u00e1<\/strong><\/h3>\n<p>&nbsp;<\/p>\n<p>O marco hist\u00f3rico do desenvolvimento da Fitoterapia no Estado do Cear\u00e1 foi a cria\u00e7\u00e3o das Farm\u00e1cias Vivas, programa de assist\u00eancia social farmac\u00eautica baseado no emprego cient\u00edfico de plantas medicinais e fitoter\u00e1picos, uma idealiza\u00e7\u00e3o do professor Francisco Jos\u00e9 de Abreu Matos, em 1983, sob a influ\u00eancia da Organiza\u00e7\u00e3o Mundial de Sa\u00fade (OMS).<\/p>\n<p>&nbsp;<\/p>\n<p>As Farm\u00e1cias Vivas s\u00e3o unidades farmac\u00eauticas implantadas para atender as comunidades, em que compreende todas as etapas, desde o cultivo, a coleta, o processamento, o armazenamento de plantas medicinais, a manipula\u00e7\u00e3o e a dispensa\u00e7\u00e3o de prepara\u00e7\u00f5es magistrais e as oficinais de plantas medicinais e fitoter\u00e1picos.<\/p>\n<p>&nbsp;<\/p>\n<p>Em 7 de outubro de 1999 foi promulgada a Lei Estadual N\u00ba 12.951, que disp\u00f5e sobre a implanta\u00e7\u00e3o da Fitoterapia em Sa\u00fade P\u00fablica no Estado do Cear\u00e1, por meio da implanta\u00e7\u00e3o de unidades de Farm\u00e1cias Vivas. As disposi\u00e7\u00f5es do Regulamento T\u00e9cnico desta lei, Decreto N\u00ba 30.016, de 30 de dezembro de 2009, se aplicam ao cultivo, ao manejo, \u00e0 coleta, ao processamento, ao beneficiamento, ao armazenamento e \u00e0 distribui\u00e7\u00e3o de plantas medicinais; \u00e0 orienta\u00e7\u00e3o para a prepara\u00e7\u00e3o de rem\u00e9dios de origem vegetal (prepara\u00e7\u00f5es extempor\u00e2neas), bem como \u00e0 prepara\u00e7\u00e3o de fitoter\u00e1picos e sua dispensa\u00e7\u00e3o no \u00e2mbito do SUS no Cear\u00e1, em conson\u00e2ncia com a Pol\u00edtica Nacional de Pr\u00e1ticas Integrativas e Complementares do SUS e a Pol\u00edtica Nacional de Plantas Medicinais, que objetiva garantir \u00e0 popula\u00e7\u00e3o brasileira o acesso seguro e o uso racional de plantas medicinais e fitoter\u00e1picos.<\/p>\n<p>&nbsp;<\/p>\n<p>Em 2012, o Comit\u00ea Estadual de Fitoterapia selecionou 30 plantas medicinais para integrar o elenco de uso nas Farm\u00e1cias Vivas do Estado do Cear\u00e1, fazendo parte da Rela\u00e7\u00e3o de Plantas Medicinais \u2013 Replame\/CE (Portaria 275\/2012).<\/p>\n<p>&nbsp;<\/p>\n<p>&nbsp;<\/p>\n<h4><strong>a) Objetivos da Farm\u00e1cia Viva<\/strong><\/h4>\n<p>Trazer \u00e0 comunidade, especialmente \u00e0s mais carentes, acesso \u00e0 terap\u00eautica em \u00e0 sa\u00fade baseada no uso de plantas medicinais e fitoter\u00e1picos. Preservar o conhecimento tradicional e as esp\u00e9cies nativas da regi\u00e3o, al\u00e9m de suprir a car\u00eancia de alternativas para a melhoria da sa\u00fade da popula\u00e7\u00e3o e a integra\u00e7\u00e3o dos conhecimentos populares aos resultados de pesquisas acad\u00eamicas com adequa\u00e7\u00e3o \u00e0s diferen\u00e7as regionais.<\/p>\n<p>&nbsp;<\/p>\n<h4><strong>b) Modelos de Farm\u00e1cias Vivas<\/strong><\/h4>\n<p>A metodologia utilizada para implanta\u00e7\u00e3o de uma unidade de Farm\u00e1cia Viva pode ser realizada por meio de tr\u00eas n\u00edveis de complexidade:<\/p>\n<p>&nbsp;<\/p>\n<p><strong>FARM\u00c1CIA VIVA I \u2013 <\/strong> neste modelo, s\u00e3o instaladas hortas de plantas medicinais em unidades de Farm\u00e1cias Vivas comunit\u00e1rias e\/ou unidades b\u00e1sicas de sa\u00fade do SUS, tornando acess\u00edvel \u00e0 popula\u00e7\u00e3o assistida pela equipe de sa\u00fade, de forma segura, a planta medicinal in natura, bem como orienta\u00e7\u00f5es sobre a correta prepara\u00e7\u00e3o e a indica\u00e7\u00e3o dos rem\u00e9dios caseiros;<\/p>\n<p>&nbsp;<\/p>\n<p><strong>FARM\u00c1CIA VIVA II \u2013 <\/strong>neste modelo, a Farm\u00e1cia Viva deve possuir uma estrutura de processamento de mat\u00e9ria prima vegetal para que, al\u00e9m das atividades previstas no modelo I, seja capaz de realizar a produ\u00e7\u00e3o e a dispensa\u00e7\u00e3o de plantas medicinais secas (droga vegetal), de forma a tornar acess\u00edvel \u00e0 comunidade a planta medicinal seca\/droga vegetal.<\/p>\n<p>A mat\u00e9ria-prima vegetal ser\u00e1 submetida \u00e0s opera\u00e7\u00f5es prim\u00e1rias em \u00e1reas espec\u00edficas, de acordo com as Boas Pr\u00e1ticas de Processamento (BPP), e poder\u00e1 tamb\u00e9m ser produzida por meio do desenvolvimento da agricultura familiar credenciada.<\/p>\n<p>&nbsp;<\/p>\n<p><strong>FARM\u00c1CIA VIVA III \u2013 <\/strong> al\u00e9m das atividades realizadas nos modelos I e II, neste ocorre a prepara\u00e7\u00e3o de \u201cfitoter\u00e1picos padronizados\u201d, preparados de acordo com as Boas Pr\u00e1ticas de Prepara\u00e7\u00e3o de Fitoter\u00e1picos (BPPF), objetivando o abastecimento de unidades p\u00fablicas de sa\u00fade.<\/p>\n<p>&nbsp;<\/p>\n<h3 class=\"-laranja\"><strong>Hortos de refer\u00eancia<\/strong><\/h3>\n<p>&nbsp;<\/p>\n<p>No nosso Estado, contamos com o <strong>horto matriz (Horto de Plantas Medicinais Professor Francisco Jos\u00e9 de Abreu Matos do Projeto Farm\u00e1cias Vivas da Universidade Federal do Cear\u00e1)<\/strong> e com o <strong>horto oficial (Horto de Plantas Medicinais da Secretaria da Sa\u00fade do Cear\u00e1)<\/strong>. Por meio de conv\u00eanio entre estes dois setores, os trabalhos s\u00e3o desenvolvidos de maneira integrada, por meio dos quais s\u00e3o repassadas mudas certificadas de plantas medicinais, bem como importante apoio t\u00e9cnico-cient\u00edfico para a implanta\u00e7\u00e3o e a implementa\u00e7\u00e3o de unidades de Farm\u00e1cias Vivas nos munic\u00edpios cearenses.<\/p>\n<p>&nbsp;<\/p>\n<h3 class=\"-laranja\"><strong>Hortos dos munic\u00edpios<\/strong><\/h3>\n<p>&nbsp;<\/p>\n<p>Os hortos municipais recebem as mudas certificadas dos hortos de refer\u00eancia e tem como objetivo principal produzir mat\u00e9ria-prima para a prepara\u00e7\u00e3o de fitoter\u00e1picos das Farm\u00e1cia viva III e para os servi\u00e7os farmac\u00eauticos das Farm\u00e1cias Vivas I e II.<\/p>\n<p>&nbsp;<\/p>\n<h3 class=\"-laranja\"><strong>Requisitos M\u00ednimos para Implanta\u00e7\u00e3o do Horto Medicinal<\/strong><\/h3>\n<p>&nbsp;<\/p>\n<p>As \u00e1reas dos hortos devem ter, no m\u00ednimo, 50m\u00b2, ser planas, cercadas ou muradas, longe de esgotos ou c\u00f3rregos contaminados. \u00c9 preciso ter uma fonte de \u00e1gua pr\u00f3xima.<br \/>\nOs canteiros devem ter tamanho de acordo com o tamanho da \u00e1rea dispon\u00edvel pelo munic\u00edpio, onde a extens\u00e3o padr\u00e3o \u00e9 de um metro de largura por dez metros de comprimento.<\/p>\n<p>&nbsp;<\/p>\n<ul class=\"ListaEst col1\">\n<li><a href=\"https:\/\/ww16.ce.gov.br\/saude\/wp-content\/uploads\/sites\/64\/2020\/03\/Relacao_estadual_de_plantas_medicinais_20212008.docx.pdf\" target=\"_blank\" rel=\"noopener noreferrer\">Rela\u00e7\u00e3o Estadual de Plantas Medicinais (Replame)<\/a><\/li>\n<li><a href=\"https:\/\/ww16.ce.gov.br\/saude\/wp-content\/uploads\/sites\/64\/2020\/03\/Cordel-da-Farmacia.pdf\" target=\"_blank\" rel=\"noopener noreferrer\">Cordel da Farm\u00e1cia<\/a><\/li>\n<li><a href=\"https:\/\/ww16.ce.gov.br\/saude\/wp-content\/uploads\/sites\/64\/2020\/03\/E-book-Farmacia-Viva.pdf\" target=\"_blank\" rel=\"noopener noreferrer\">E-book | As Farm\u00e1cias Vivas no ciclo da Assist\u00eancia Farmac\u00eautica: hist\u00f3rico e evolu\u00e7\u00e3o<\/a><\/li>\n<\/ul>\n","protected":false},"excerpt":{"rendered":"<p>Fitoterapia &nbsp; A Fitoterapia do Estado do Cear\u00e1 foi institucionalizada em 1997 com a cria\u00e7\u00e3o do Centro Estadual de Fitoterapia por meio do Programa Estadual de Fitoterapia. Em 2007, foi criado o N\u00facleo de Fitoter\u00e1picos (Nufito) da Coordenadoria de Assist\u00eancia Farmac\u00eautica. Em 2020, a Fitoterapia passou a fazer parte da Coordenadora de Pol\u00edticas de Assist\u00eancia [&hellip;]<\/p>\n","protected":false},"author":12,"featured_media":0,"parent":0,"menu_order":0,"comment_status":"closed","ping_status":"closed","template":"","meta":{"_acf_changed":false,"inline_featured_image":false,"footnotes":""},"class_list":["post-100691","page","type-page","status-publish","hentry"],"acf":[],"yoast_head":"<!-- This site is optimized with the Yoast SEO plugin v26.9 - https:\/\/yoast.com\/product\/yoast-seo-wordpress\/ -->\n<title>Copaf | Fitoterapia - Secretaria da Sa\u00fade do Cear\u00e1<\/title>\n<meta name=\"robots\" content=\"index, follow, max-snippet:-1, max-image-preview:large, max-video-preview:-1\" \/>\n<link rel=\"canonical\" href=\"https:\/\/ww16.ce.gov.br\/saude\/fitoterapia\/\" \/>\n<meta property=\"og:locale\" content=\"pt_BR\" \/>\n<meta property=\"og:type\" content=\"article\" \/>\n<meta property=\"og:title\" content=\"Copaf | Fitoterapia - Secretaria da Sa\u00fade do Cear\u00e1\" \/>\n<meta property=\"og:description\" content=\"Fitoterapia &nbsp; A Fitoterapia do Estado do Cear\u00e1 foi institucionalizada em 1997 com a cria\u00e7\u00e3o do Centro Estadual de Fitoterapia por meio do Programa Estadual de Fitoterapia. Em 2007, foi criado o N\u00facleo de Fitoter\u00e1picos (Nufito) da Coordenadoria de Assist\u00eancia Farmac\u00eautica. Em 2020, a Fitoterapia passou a fazer parte da Coordenadora de Pol\u00edticas de Assist\u00eancia [&hellip;]\" \/>\n<meta property=\"og:url\" content=\"https:\/\/ww16.ce.gov.br\/saude\/fitoterapia\/\" \/>\n<meta property=\"og:site_name\" content=\"Secretaria da Sa\u00fade do Cear\u00e1\" \/>\n<meta property=\"article:modified_time\" content=\"2023-02-09T14:15:31+00:00\" \/>\n<meta name=\"twitter:card\" content=\"summary_large_image\" \/>\n<meta name=\"twitter:label1\" content=\"Est. reading time\" \/>\n\t<meta name=\"twitter:data1\" content=\"5 minutos\" \/>\n<script type=\"application\/ld+json\" class=\"yoast-schema-graph\">{\"@context\":\"https:\/\/schema.org\",\"@graph\":[{\"@type\":\"WebPage\",\"@id\":\"https:\/\/ww16.ce.gov.br\/saude\/fitoterapia\/\",\"url\":\"https:\/\/ww16.ce.gov.br\/saude\/fitoterapia\/\",\"name\":\"Copaf | Fitoterapia - Secretaria da Sa\u00fade do Cear\u00e1\",\"isPartOf\":{\"@id\":\"https:\/\/ww16.ce.gov.br\/saude\/#website\"},\"datePublished\":\"2021-08-20T12:54:42+00:00\",\"dateModified\":\"2023-02-09T14:15:31+00:00\",\"breadcrumb\":{\"@id\":\"https:\/\/ww16.ce.gov.br\/saude\/fitoterapia\/#breadcrumb\"},\"inLanguage\":\"pt-BR\",\"potentialAction\":[{\"@type\":\"ReadAction\",\"target\":[\"https:\/\/ww16.ce.gov.br\/saude\/fitoterapia\/\"]}]},{\"@type\":\"BreadcrumbList\",\"@id\":\"https:\/\/ww16.ce.gov.br\/saude\/fitoterapia\/#breadcrumb\",\"itemListElement\":[{\"@type\":\"ListItem\",\"position\":1,\"name\":\"In\u00edcio\",\"item\":\"https:\/\/ww16.ce.gov.br\/saude\/\"},{\"@type\":\"ListItem\",\"position\":2,\"name\":\"Copaf | Fitoterapia\"}]},{\"@type\":\"WebSite\",\"@id\":\"https:\/\/ww16.ce.gov.br\/saude\/#website\",\"url\":\"https:\/\/ww16.ce.gov.br\/saude\/\",\"name\":\"Secretaria da Sa\u00fade\",\"description\":\"Secretaria da Sa\u00fade do Cear\u00e1\",\"publisher\":{\"@id\":\"https:\/\/ww16.ce.gov.br\/saude\/#organization\"},\"potentialAction\":[{\"@type\":\"SearchAction\",\"target\":{\"@type\":\"EntryPoint\",\"urlTemplate\":\"https:\/\/ww16.ce.gov.br\/saude\/?s={search_term_string}\"},\"query-input\":{\"@type\":\"PropertyValueSpecification\",\"valueRequired\":true,\"valueName\":\"search_term_string\"}}],\"inLanguage\":\"pt-BR\"},{\"@type\":\"Organization\",\"@id\":\"https:\/\/ww16.ce.gov.br\/saude\/#organization\",\"name\":\"Secretaria da Sa\u00fade\",\"url\":\"https:\/\/ww16.ce.gov.br\/saude\/\",\"logo\":{\"@type\":\"ImageObject\",\"inLanguage\":\"pt-BR\",\"@id\":\"https:\/\/ww16.ce.gov.br\/saude\/#\/schema\/logo\/image\/\",\"url\":\"http:\/\/ww16.ce.gov.br\/saude\/wp-content\/uploads\/sites\/9\/2017\/11\/clara.png\",\"contentUrl\":\"http:\/\/ww16.ce.gov.br\/saude\/wp-content\/uploads\/sites\/9\/2017\/11\/clara.png\",\"width\":559,\"height\":106,\"caption\":\"Secretaria da Sa\u00fade\"},\"image\":{\"@id\":\"https:\/\/ww16.ce.gov.br\/saude\/#\/schema\/logo\/image\/\"}}]}<\/script>\n<!-- \/ Yoast SEO plugin. -->","yoast_head_json":{"title":"Copaf | Fitoterapia - Secretaria da Sa\u00fade do Cear\u00e1","robots":{"index":"index","follow":"follow","max-snippet":"max-snippet:-1","max-image-preview":"max-image-preview:large","max-video-preview":"max-video-preview:-1"},"canonical":"https:\/\/ww16.ce.gov.br\/saude\/fitoterapia\/","og_locale":"pt_BR","og_type":"article","og_title":"Copaf | Fitoterapia - Secretaria da Sa\u00fade do Cear\u00e1","og_description":"Fitoterapia &nbsp; A Fitoterapia do Estado do Cear\u00e1 foi institucionalizada em 1997 com a cria\u00e7\u00e3o do Centro Estadual de Fitoterapia por meio do Programa Estadual de Fitoterapia. Em 2007, foi criado o N\u00facleo de Fitoter\u00e1picos (Nufito) da Coordenadoria de Assist\u00eancia Farmac\u00eautica. Em 2020, a Fitoterapia passou a fazer parte da Coordenadora de Pol\u00edticas de Assist\u00eancia [&hellip;]","og_url":"https:\/\/ww16.ce.gov.br\/saude\/fitoterapia\/","og_site_name":"Secretaria da Sa\u00fade do Cear\u00e1","article_modified_time":"2023-02-09T14:15:31+00:00","twitter_card":"summary_large_image","twitter_misc":{"Est. reading time":"5 minutos"},"schema":{"@context":"https:\/\/schema.org","@graph":[{"@type":"WebPage","@id":"https:\/\/ww16.ce.gov.br\/saude\/fitoterapia\/","url":"https:\/\/ww16.ce.gov.br\/saude\/fitoterapia\/","name":"Copaf | Fitoterapia - Secretaria da Sa\u00fade do Cear\u00e1","isPartOf":{"@id":"https:\/\/ww16.ce.gov.br\/saude\/#website"},"datePublished":"2021-08-20T12:54:42+00:00","dateModified":"2023-02-09T14:15:31+00:00","breadcrumb":{"@id":"https:\/\/ww16.ce.gov.br\/saude\/fitoterapia\/#breadcrumb"},"inLanguage":"pt-BR","potentialAction":[{"@type":"ReadAction","target":["https:\/\/ww16.ce.gov.br\/saude\/fitoterapia\/"]}]},{"@type":"BreadcrumbList","@id":"https:\/\/ww16.ce.gov.br\/saude\/fitoterapia\/#breadcrumb","itemListElement":[{"@type":"ListItem","position":1,"name":"In\u00edcio","item":"https:\/\/ww16.ce.gov.br\/saude\/"},{"@type":"ListItem","position":2,"name":"Copaf | Fitoterapia"}]},{"@type":"WebSite","@id":"https:\/\/ww16.ce.gov.br\/saude\/#website","url":"https:\/\/ww16.ce.gov.br\/saude\/","name":"Secretaria da Sa\u00fade","description":"Secretaria da Sa\u00fade do Cear\u00e1","publisher":{"@id":"https:\/\/ww16.ce.gov.br\/saude\/#organization"},"potentialAction":[{"@type":"SearchAction","target":{"@type":"EntryPoint","urlTemplate":"https:\/\/ww16.ce.gov.br\/saude\/?s={search_term_string}"},"query-input":{"@type":"PropertyValueSpecification","valueRequired":true,"valueName":"search_term_string"}}],"inLanguage":"pt-BR"},{"@type":"Organization","@id":"https:\/\/ww16.ce.gov.br\/saude\/#organization","name":"Secretaria da Sa\u00fade","url":"https:\/\/ww16.ce.gov.br\/saude\/","logo":{"@type":"ImageObject","inLanguage":"pt-BR","@id":"https:\/\/ww16.ce.gov.br\/saude\/#\/schema\/logo\/image\/","url":"http:\/\/ww16.ce.gov.br\/saude\/wp-content\/uploads\/sites\/9\/2017\/11\/clara.png","contentUrl":"http:\/\/ww16.ce.gov.br\/saude\/wp-content\/uploads\/sites\/9\/2017\/11\/clara.png","width":559,"height":106,"caption":"Secretaria da Sa\u00fade"},"image":{"@id":"https:\/\/ww16.ce.gov.br\/saude\/#\/schema\/logo\/image\/"}}]}},"_links":{"self":[{"href":"https:\/\/ww16.ce.gov.br\/saude\/wp-json\/wp\/v2\/pages\/100691","targetHints":{"allow":["GET"]}}],"collection":[{"href":"https:\/\/ww16.ce.gov.br\/saude\/wp-json\/wp\/v2\/pages"}],"about":[{"href":"https:\/\/ww16.ce.gov.br\/saude\/wp-json\/wp\/v2\/types\/page"}],"author":[{"embeddable":true,"href":"https:\/\/ww16.ce.gov.br\/saude\/wp-json\/wp\/v2\/users\/12"}],"replies":[{"embeddable":true,"href":"https:\/\/ww16.ce.gov.br\/saude\/wp-json\/wp\/v2\/comments?post=100691"}],"version-history":[{"count":23,"href":"https:\/\/ww16.ce.gov.br\/saude\/wp-json\/wp\/v2\/pages\/100691\/revisions"}],"predecessor-version":[{"id":113311,"href":"https:\/\/ww16.ce.gov.br\/saude\/wp-json\/wp\/v2\/pages\/100691\/revisions\/113311"}],"wp:attachment":[{"href":"https:\/\/ww16.ce.gov.br\/saude\/wp-json\/wp\/v2\/media?parent=100691"}],"curies":[{"name":"wp","href":"https:\/\/api.w.org\/{rel}","templated":true}]}}