{"id":64988,"date":"2025-02-21T11:00:26","date_gmt":"2025-02-21T14:00:26","guid":{"rendered":"http:\/\/ww16.ce.gov.br\/protecaoanimal\/?page_id=64988"},"modified":"2026-04-30T15:51:29","modified_gmt":"2026-04-30T18:51:29","slug":"imprensa-2-2","status":"publish","type":"page","link":"https:\/\/ww16.ce.gov.br\/protecaoanimal\/imprensa-2-2\/","title":{"rendered":"Bem-vindo \u00e0 Ouvidoria da Secretaria da Prote\u00e7\u00e3o Animal do Estado do Cear\u00e1"},"content":{"rendered":"\n<div class=\"wp-block-group is-vertical is-layout-flex wp-container-core-group-is-layout-8cf370e7 wp-block-group-is-layout-flex\">\n<p style=\"text-align: justify\">\u00a0 A Ouvidoria Setorial da Secretaria da Prote\u00e7\u00e3o Animal (SEPA) busca atuar como um guardi\u00e3o da transpar\u00eancia e da participa\u00e7\u00e3o social, garantindo o anonimato e a seguran\u00e7a dos usu\u00e1rios ao manifestarem suas opini\u00f5es e reclama\u00e7\u00f5es, estabelecendo um di\u00e1logo construtivo e cont\u00ednuo com a sociedade, para que contribua substancialmente para o avan\u00e7o da prote\u00e7\u00e3o e bem-estar dos animais no Cear\u00e1.<\/p>\n<p style=\"text-align: justify\"><strong>Contato:<\/strong><br \/>Ouvidora: Eraldo Accioly<br \/>Telefone: (85) 3108-1013<br \/>E-mail: ouvidoria@protecaoanimal.ce.gov.br<\/p>\n<p style=\"text-align: justify\"><strong>Relat\u00f3rio de Gest\u00e3o da Ouvidoria<\/strong><\/p>\n<p style=\"text-align: justify\">\u00a0\u00a0\u00a0\u00a0\u00a0\u00a0\u00a0\u00a0\u00a0\u00a0\u00a0 Considerando o\u00a0Decreto Estadual n\u00ba. 30.474\/2011, as Ouvidorias Setoriais do Poder Executivo Estadual devem apresentar relat\u00f3rios no que concerne aos resultados das suas atividades no \u00e2mbito do Sistema Estadual de Ouvidoria.<\/p>\n<p style=\"text-align: justify\">\u00a0\u00a0\u00a0\u00a0\u00a0\u00a0\u00a0\u00a0\u00a0\u00a0\u00a0 Nesse contexto, a Ouvidoria Setorial explana como se deu a atua\u00e7\u00e3o anual, assim como indica recomenda\u00e7\u00f5es, contribuindo para uma gest\u00e3o efetiva, \u00e9tica e transparente e para a melhoria da presta\u00e7\u00e3o de servi\u00e7os que visam o avan\u00e7o da prote\u00e7\u00e3o e bem-estar dos animais.<br \/><br \/><\/p>\n<\/div>\n\n\n\n<div class=\"wp-block-cegovbr-mural-materiais-card-arquivos-multiplos\"><div class=\"ckc-card-arquivos-multiplos\"><h3 class=\"ckc-card-arquivos-multiplos-title\">Relat\u00f3rio de Gest\u00e3o de Ouvidoria 2023 &#8211; Secretaria da Prote\u00e7\u00e3o Animal<\/h3><div class=\"ckc-card-arquivos-multiplos-files\"><ul class=\"ckc-file-list list-group\"><li><a href=\"https:\/\/ww16.ce.gov.br\/protecaoanimal\/wp-content\/uploads\/sites\/17\/2026\/04\/RELATORIO-DE-GESTAO-DE-OUVIDORIA-SEPA-2023.pdf\" target=\"_blank\" rel=\"noopener noreferrer\"><span class=\"material-symbols-outlined\">download<\/span><span class=\"ckc-file-name\">RELATORIO-DE-GESTAO-DE-OUVIDORIA-SEPA-2023<\/span><\/a><\/li><\/ul><\/div><\/div><\/div>\n\n\n\n<div class=\"wp-block-cegovbr-mural-materiais-card-arquivos-multiplos\"><div class=\"ckc-card-arquivos-multiplos\"><h3 class=\"ckc-card-arquivos-multiplos-title\">Relat\u00f3rio de Gest\u00e3o de Ouvidoria 2024 &#8211; Secretaria da Prote\u00e7\u00e3o Animal<\/h3><div class=\"ckc-card-arquivos-multiplos-files\"><ul class=\"ckc-file-list list-group\"><li><a href=\"https:\/\/ww16.ce.gov.br\/protecaoanimal\/wp-content\/uploads\/sites\/17\/2025\/02\/Relatorio-de-Gestao-de-Ouvidoria-2024-Secretaria-da-Protecao-Animal.pdf\" target=\"_blank\" rel=\"noopener noreferrer\"><span class=\"material-symbols-outlined\">download<\/span><span class=\"ckc-file-name\">Relat\u00f3rio de Gest\u00e3o de Ouvidoria 2024 &#8211; Secretaria da Prote\u00e7\u00e3o Animal<\/span><\/a><\/li><\/ul><\/div><\/div><\/div>\n\n\n\n<div class=\"wp-block-cegovbr-mural-materiais-card-arquivos-multiplos\"><div class=\"ckc-card-arquivos-multiplos\"><h3 class=\"ckc-card-arquivos-multiplos-title\">Relat\u00f3rio de Gest\u00e3o de Ouvidoria 2025 &#8211; Secretaria da Prote\u00e7\u00e3o Animal<\/h3><div class=\"ckc-card-arquivos-multiplos-files\"><ul class=\"ckc-file-list list-group\"><li><a href=\"https:\/\/ww16.ce.gov.br\/protecaoanimal\/wp-content\/uploads\/sites\/17\/2026\/04\/RELATORIO-OUVIDORIA-ANUAL-2025.pdf\" target=\"_blank\" rel=\"noopener noreferrer\"><span class=\"material-symbols-outlined\">download<\/span><span class=\"ckc-file-name\">RELATORIO-OUVIDORIA-ANUAL-2025<\/span><\/a><\/li><\/ul><\/div><\/div><\/div>\n\n\n\n<p><strong>Fun\u00e7\u00f5es da Ouvidoria:<\/strong><\/p>\n\n\n\n<figure class=\"wp-block-image size-full\"><img loading=\"lazy\" decoding=\"async\" width=\"600\" height=\"357\" src=\"https:\/\/ww16.ce.gov.br\/protecaoanimal\/wp-content\/uploads\/sites\/17\/2026\/04\/COMUNICADO-24-600x357-1.png\" alt=\"\" class=\"wp-image-65683\" \/><\/figure>\n","protected":false},"excerpt":{"rendered":"<p>\u00a0 A Ouvidoria Setorial da Secretaria da Prote\u00e7\u00e3o Animal (SEPA) busca atuar como um guardi\u00e3o da transpar\u00eancia e da participa\u00e7\u00e3o social, garantindo o anonimato e a seguran\u00e7a dos usu\u00e1rios ao manifestarem suas opini\u00f5es e reclama\u00e7\u00f5es, estabelecendo um di\u00e1logo construtivo e cont\u00ednuo com a sociedade, para que contribua substancialmente para o avan\u00e7o da prote\u00e7\u00e3o e bem-estar [&hellip;]<\/p>\n","protected":false},"author":835,"featured_media":0,"parent":0,"menu_order":0,"comment_status":"closed","ping_status":"closed","template":"","meta":{"_acf_changed":false,"inline_featured_image":false,"footnotes":""},"class_list":["post-64988","page","type-page","status-publish","hentry"],"acf":[],"yoast_head":"<!-- This site is optimized with the Yoast SEO plugin v26.9 - https:\/\/yoast.com\/product\/yoast-seo-wordpress\/ -->\n<title>Bem-vindo \u00e0 Ouvidoria da Secretaria da Prote\u00e7\u00e3o Animal do Estado do Cear\u00e1 - Secretaria de Prote\u00e7\u00e3o Animal<\/title>\n<meta name=\"robots\" content=\"index, follow, max-snippet:-1, max-image-preview:large, max-video-preview:-1\" \/>\n<link rel=\"canonical\" href=\"https:\/\/ww16.ce.gov.br\/protecaoanimal\/imprensa-2-2\/\" \/>\n<meta property=\"og:locale\" content=\"pt_BR\" \/>\n<meta property=\"og:type\" content=\"article\" \/>\n<meta property=\"og:title\" content=\"Bem-vindo \u00e0 Ouvidoria da Secretaria da Prote\u00e7\u00e3o Animal do Estado do Cear\u00e1 - Secretaria de Prote\u00e7\u00e3o Animal\" \/>\n<meta property=\"og:description\" content=\"\u00a0 A Ouvidoria Setorial da Secretaria da Prote\u00e7\u00e3o Animal (SEPA) busca atuar como um guardi\u00e3o da transpar\u00eancia e da participa\u00e7\u00e3o social, garantindo o anonimato e a seguran\u00e7a dos usu\u00e1rios ao manifestarem suas opini\u00f5es e reclama\u00e7\u00f5es, estabelecendo um di\u00e1logo construtivo e cont\u00ednuo com a sociedade, para que contribua substancialmente para o avan\u00e7o da prote\u00e7\u00e3o e bem-estar [&hellip;]\" \/>\n<meta property=\"og:url\" content=\"https:\/\/ww16.ce.gov.br\/protecaoanimal\/imprensa-2-2\/\" \/>\n<meta property=\"og:site_name\" content=\"Secretaria de Prote\u00e7\u00e3o Animal\" \/>\n<meta property=\"article:modified_time\" content=\"2026-04-30T18:51:29+00:00\" \/>\n<meta property=\"og:image\" content=\"https:\/\/ww16.ce.gov.br\/protecaoanimal\/wp-content\/uploads\/sites\/17\/2026\/04\/COMUNICADO-24-600x357-1.png\" \/>\n\t<meta property=\"og:image:width\" content=\"600\" \/>\n\t<meta property=\"og:image:height\" content=\"357\" \/>\n\t<meta property=\"og:image:type\" content=\"image\/png\" \/>\n<meta name=\"twitter:card\" content=\"summary_large_image\" \/>\n<meta name=\"twitter:label1\" content=\"Est. reading time\" \/>\n\t<meta name=\"twitter:data1\" content=\"2 minutos\" \/>\n<script type=\"application\/ld+json\" class=\"yoast-schema-graph\">{\"@context\":\"https:\/\/schema.org\",\"@graph\":[{\"@type\":\"WebPage\",\"@id\":\"https:\/\/ww16.ce.gov.br\/protecaoanimal\/imprensa-2-2\/\",\"url\":\"https:\/\/ww16.ce.gov.br\/protecaoanimal\/imprensa-2-2\/\",\"name\":\"Bem-vindo \u00e0 Ouvidoria da Secretaria da Prote\u00e7\u00e3o Animal do Estado do Cear\u00e1 - Secretaria de Prote\u00e7\u00e3o Animal\",\"isPartOf\":{\"@id\":\"https:\/\/ww16.ce.gov.br\/protecaoanimal\/#website\"},\"primaryImageOfPage\":{\"@id\":\"https:\/\/ww16.ce.gov.br\/protecaoanimal\/imprensa-2-2\/#primaryimage\"},\"image\":{\"@id\":\"https:\/\/ww16.ce.gov.br\/protecaoanimal\/imprensa-2-2\/#primaryimage\"},\"thumbnailUrl\":\"https:\/\/ww16.ce.gov.br\/protecaoanimal\/wp-content\/uploads\/sites\/17\/2026\/04\/COMUNICADO-24-600x357-1.png\",\"datePublished\":\"2025-02-21T14:00:26+00:00\",\"dateModified\":\"2026-04-30T18:51:29+00:00\",\"breadcrumb\":{\"@id\":\"https:\/\/ww16.ce.gov.br\/protecaoanimal\/imprensa-2-2\/#breadcrumb\"},\"inLanguage\":\"pt-BR\",\"potentialAction\":[{\"@type\":\"ReadAction\",\"target\":[\"https:\/\/ww16.ce.gov.br\/protecaoanimal\/imprensa-2-2\/\"]}]},{\"@type\":\"ImageObject\",\"inLanguage\":\"pt-BR\",\"@id\":\"https:\/\/ww16.ce.gov.br\/protecaoanimal\/imprensa-2-2\/#primaryimage\",\"url\":\"https:\/\/ww16.ce.gov.br\/protecaoanimal\/wp-content\/uploads\/sites\/17\/2026\/04\/COMUNICADO-24-600x357-1.png\",\"contentUrl\":\"https:\/\/ww16.ce.gov.br\/protecaoanimal\/wp-content\/uploads\/sites\/17\/2026\/04\/COMUNICADO-24-600x357-1.png\",\"width\":600,\"height\":357},{\"@type\":\"BreadcrumbList\",\"@id\":\"https:\/\/ww16.ce.gov.br\/protecaoanimal\/imprensa-2-2\/#breadcrumb\",\"itemListElement\":[{\"@type\":\"ListItem\",\"position\":1,\"name\":\"In\u00edcio\",\"item\":\"https:\/\/ww16.ce.gov.br\/protecaoanimal\/\"},{\"@type\":\"ListItem\",\"position\":2,\"name\":\"Bem-vindo \u00e0 Ouvidoria da Secretaria da Prote\u00e7\u00e3o Animal do Estado do Cear\u00e1\"}]},{\"@type\":\"WebSite\",\"@id\":\"https:\/\/ww16.ce.gov.br\/protecaoanimal\/#website\",\"url\":\"https:\/\/ww16.ce.gov.br\/protecaoanimal\/\",\"name\":\"Secretaria de Prote\u00e7\u00e3o Animal\",\"description\":\"Modelo Padr\u00e3o do Estado\",\"potentialAction\":[{\"@type\":\"SearchAction\",\"target\":{\"@type\":\"EntryPoint\",\"urlTemplate\":\"https:\/\/ww16.ce.gov.br\/protecaoanimal\/?s={search_term_string}\"},\"query-input\":{\"@type\":\"PropertyValueSpecification\",\"valueRequired\":true,\"valueName\":\"search_term_string\"}}],\"inLanguage\":\"pt-BR\"}]}<\/script>\n<!-- \/ Yoast SEO plugin. -->","yoast_head_json":{"title":"Bem-vindo \u00e0 Ouvidoria da Secretaria da Prote\u00e7\u00e3o Animal do Estado do Cear\u00e1 - Secretaria de Prote\u00e7\u00e3o Animal","robots":{"index":"index","follow":"follow","max-snippet":"max-snippet:-1","max-image-preview":"max-image-preview:large","max-video-preview":"max-video-preview:-1"},"canonical":"https:\/\/ww16.ce.gov.br\/protecaoanimal\/imprensa-2-2\/","og_locale":"pt_BR","og_type":"article","og_title":"Bem-vindo \u00e0 Ouvidoria da Secretaria da Prote\u00e7\u00e3o Animal do Estado do Cear\u00e1 - Secretaria de Prote\u00e7\u00e3o Animal","og_description":"\u00a0 A Ouvidoria Setorial da Secretaria da Prote\u00e7\u00e3o Animal (SEPA) busca atuar como um guardi\u00e3o da transpar\u00eancia e da participa\u00e7\u00e3o social, garantindo o anonimato e a seguran\u00e7a dos usu\u00e1rios ao manifestarem suas opini\u00f5es e reclama\u00e7\u00f5es, estabelecendo um di\u00e1logo construtivo e cont\u00ednuo com a sociedade, para que contribua substancialmente para o avan\u00e7o da prote\u00e7\u00e3o e bem-estar [&hellip;]","og_url":"https:\/\/ww16.ce.gov.br\/protecaoanimal\/imprensa-2-2\/","og_site_name":"Secretaria de Prote\u00e7\u00e3o Animal","article_modified_time":"2026-04-30T18:51:29+00:00","og_image":[{"width":600,"height":357,"url":"https:\/\/ww16.ce.gov.br\/protecaoanimal\/wp-content\/uploads\/sites\/17\/2026\/04\/COMUNICADO-24-600x357-1.png","type":"image\/png"}],"twitter_card":"summary_large_image","twitter_misc":{"Est. reading time":"2 minutos"},"schema":{"@context":"https:\/\/schema.org","@graph":[{"@type":"WebPage","@id":"https:\/\/ww16.ce.gov.br\/protecaoanimal\/imprensa-2-2\/","url":"https:\/\/ww16.ce.gov.br\/protecaoanimal\/imprensa-2-2\/","name":"Bem-vindo \u00e0 Ouvidoria da Secretaria da Prote\u00e7\u00e3o Animal do Estado do Cear\u00e1 - Secretaria de Prote\u00e7\u00e3o Animal","isPartOf":{"@id":"https:\/\/ww16.ce.gov.br\/protecaoanimal\/#website"},"primaryImageOfPage":{"@id":"https:\/\/ww16.ce.gov.br\/protecaoanimal\/imprensa-2-2\/#primaryimage"},"image":{"@id":"https:\/\/ww16.ce.gov.br\/protecaoanimal\/imprensa-2-2\/#primaryimage"},"thumbnailUrl":"https:\/\/ww16.ce.gov.br\/protecaoanimal\/wp-content\/uploads\/sites\/17\/2026\/04\/COMUNICADO-24-600x357-1.png","datePublished":"2025-02-21T14:00:26+00:00","dateModified":"2026-04-30T18:51:29+00:00","breadcrumb":{"@id":"https:\/\/ww16.ce.gov.br\/protecaoanimal\/imprensa-2-2\/#breadcrumb"},"inLanguage":"pt-BR","potentialAction":[{"@type":"ReadAction","target":["https:\/\/ww16.ce.gov.br\/protecaoanimal\/imprensa-2-2\/"]}]},{"@type":"ImageObject","inLanguage":"pt-BR","@id":"https:\/\/ww16.ce.gov.br\/protecaoanimal\/imprensa-2-2\/#primaryimage","url":"https:\/\/ww16.ce.gov.br\/protecaoanimal\/wp-content\/uploads\/sites\/17\/2026\/04\/COMUNICADO-24-600x357-1.png","contentUrl":"https:\/\/ww16.ce.gov.br\/protecaoanimal\/wp-content\/uploads\/sites\/17\/2026\/04\/COMUNICADO-24-600x357-1.png","width":600,"height":357},{"@type":"BreadcrumbList","@id":"https:\/\/ww16.ce.gov.br\/protecaoanimal\/imprensa-2-2\/#breadcrumb","itemListElement":[{"@type":"ListItem","position":1,"name":"In\u00edcio","item":"https:\/\/ww16.ce.gov.br\/protecaoanimal\/"},{"@type":"ListItem","position":2,"name":"Bem-vindo \u00e0 Ouvidoria da Secretaria da Prote\u00e7\u00e3o Animal do Estado do Cear\u00e1"}]},{"@type":"WebSite","@id":"https:\/\/ww16.ce.gov.br\/protecaoanimal\/#website","url":"https:\/\/ww16.ce.gov.br\/protecaoanimal\/","name":"Secretaria de Prote\u00e7\u00e3o Animal","description":"Modelo Padr\u00e3o do Estado","potentialAction":[{"@type":"SearchAction","target":{"@type":"EntryPoint","urlTemplate":"https:\/\/ww16.ce.gov.br\/protecaoanimal\/?s={search_term_string}"},"query-input":{"@type":"PropertyValueSpecification","valueRequired":true,"valueName":"search_term_string"}}],"inLanguage":"pt-BR"}]}},"_links":{"self":[{"href":"https:\/\/ww16.ce.gov.br\/protecaoanimal\/wp-json\/wp\/v2\/pages\/64988","targetHints":{"allow":["GET"]}}],"collection":[{"href":"https:\/\/ww16.ce.gov.br\/protecaoanimal\/wp-json\/wp\/v2\/pages"}],"about":[{"href":"https:\/\/ww16.ce.gov.br\/protecaoanimal\/wp-json\/wp\/v2\/types\/page"}],"author":[{"embeddable":true,"href":"https:\/\/ww16.ce.gov.br\/protecaoanimal\/wp-json\/wp\/v2\/users\/835"}],"replies":[{"embeddable":true,"href":"https:\/\/ww16.ce.gov.br\/protecaoanimal\/wp-json\/wp\/v2\/comments?post=64988"}],"version-history":[{"count":11,"href":"https:\/\/ww16.ce.gov.br\/protecaoanimal\/wp-json\/wp\/v2\/pages\/64988\/revisions"}],"predecessor-version":[{"id":65687,"href":"https:\/\/ww16.ce.gov.br\/protecaoanimal\/wp-json\/wp\/v2\/pages\/64988\/revisions\/65687"}],"wp:attachment":[{"href":"https:\/\/ww16.ce.gov.br\/protecaoanimal\/wp-json\/wp\/v2\/media?parent=64988"}],"curies":[{"name":"wp","href":"https:\/\/api.w.org\/{rel}","templated":true}]}}