{"id":64305,"date":"2024-03-13T16:15:18","date_gmt":"2024-03-13T19:15:18","guid":{"rendered":"http:\/\/ww16.ce.gov.br\/protecaoanimal\/?page_id=64305"},"modified":"2024-06-13T18:05:57","modified_gmt":"2024-06-13T21:05:57","slug":"editais","status":"publish","type":"page","link":"https:\/\/ww16.ce.gov.br\/protecaoanimal\/editais\/","title":{"rendered":"EDITAIS SEPA"},"content":{"rendered":"<p>&nbsp;<\/p>\n<div class=\"row\">\n<p><img loading=\"lazy\" decoding=\"async\" class=\" wp-image-64333 aligncenter\" src=\"https:\/\/ww16.ce.gov.br\/protecaoanimal\/wp-content\/uploads\/sites\/17\/2024\/03\/site-sepa-v2-600x338.png\" alt=\"\" width=\"614\" height=\"346\" srcset=\"https:\/\/ww16.ce.gov.br\/protecaoanimal\/wp-content\/uploads\/sites\/17\/2024\/03\/site-sepa-v2-600x338.png 600w, https:\/\/ww16.ce.gov.br\/protecaoanimal\/wp-content\/uploads\/sites\/17\/2024\/03\/site-sepa-v2-1200x675.png 1200w, https:\/\/ww16.ce.gov.br\/protecaoanimal\/wp-content\/uploads\/sites\/17\/2024\/03\/site-sepa-v2-768x432.png 768w, https:\/\/ww16.ce.gov.br\/protecaoanimal\/wp-content\/uploads\/sites\/17\/2024\/03\/site-sepa-v2-1536x864.png 1536w, https:\/\/ww16.ce.gov.br\/protecaoanimal\/wp-content\/uploads\/sites\/17\/2024\/03\/site-sepa-v2.png 1920w\" sizes=\"auto, (max-width: 614px) 100vw, 614px\" \/><\/p>\n<\/div>\n<p>&nbsp;<\/p>\n<p style=\"text-align: justify\"><strong>Secretaria da Prote\u00e7\u00e3o Animal (Sepa) lan\u00e7a dois programas de fomento das pol\u00edticas p\u00fablicas da causa animal no estado, cujo investimento soma mais de cinco milh\u00f5es.<\/strong><\/p>\n<p>&nbsp;<\/p>\n<p style=\"text-align: justify\">O Programa de Apoio a Abrigos, que ter\u00e1 o aporte total de at\u00e9 R$ 1.980.000,00 (um milh\u00e3o novecentos e oitenta mil reais), \u00e9 voltado para organiza\u00e7\u00f5es e entidades protetoras de animais e est\u00e1 dividido em tr\u00eas editais.<\/p>\n<p>&nbsp;<\/p>\n<p style=\"text-align: justify\"><strong>O primeiro \u00e9 o Edital de Chamamento P\u00fablico n\u00ba001\/2024 , com valor de incentivo de R$ 1.620.000,00 (um milh\u00e3o seiscentos e vinte mil reais), direcionado para credenciar at\u00e9 09 (nove) institui\u00e7\u00f5es protetoras de animais dom\u00e9sticos.<\/strong><\/p>\n<p style=\"text-align: justify\"><a href=\"https:\/\/ww16.ce.gov.br\/protecaoanimal\/wp-content\/uploads\/sites\/17\/2024\/03\/Edital-de-Chamamento-Publico-no0012024.pdf\">?Edital de Chamamento P\u00fablico n\u00ba001\/2024<\/a><\/p>\n<p><a href=\"https:\/\/ww16.ce.gov.br\/protecaoanimal\/wp-content\/uploads\/sites\/17\/2024\/03\/ANEXO-III-FICHA-DE-INSCRICAO.docx\">?Anexo III &#8211; Ficha de inscri\u00e7\u00e3o<\/a><\/p>\n<p><a href=\"https:\/\/ww16.ce.gov.br\/protecaoanimal\/wp-content\/uploads\/sites\/17\/2024\/03\/ANEXO-IV-PLANO-DE-TRABALHO.docx\">?Anexo IV &#8211; Plano de trabalho<\/a><\/p>\n<p><a href=\"https:\/\/ww16.ce.gov.br\/protecaoanimal\/wp-content\/uploads\/sites\/17\/2024\/03\/ANEXO-V-DECLARACAO-DE-NAO-IMPEDIMENTO.docx\">?Anexo V &#8211; Declara\u00e7\u00e3o de n\u00e3o impedimento<\/a><\/p>\n<p><a href=\"https:\/\/ww16.ce.gov.br\/protecaoanimal\/2024\/05\/27\/resultado-da-habilitacao-do-programa-pataceara\/\">?Resultado do <\/a><a href=\"https:\/\/ww16.ce.gov.br\/protecaoanimal\/2024\/05\/27\/resultado-da-habilitacao-do-programa-pataceara\/\">Edital de Chamamento P\u00fablico n\u00ba001\/2024<\/a><\/p>\n<p><a href=\"https:\/\/ww16.ce.gov.br\/protecaoanimal\/editais-3\/\">? RECURSOS<\/a><\/p>\n<p><a href=\"https:\/\/ww16.ce.gov.br\/protecaoanimal\/editais-3\/\">? Aviso de provimento de recurso<\/a><\/p>\n<p><a href=\"https:\/\/ww16.ce.gov.br\/protecaoanimal\/editais-3\/\">? Aviso de convoca\u00e7\u00e3o para plano de trabalho<\/a><\/p>\n<p>&nbsp;<\/p>\n<p style=\"text-align: justify\"><strong>J\u00e1 o segundo \u00e9 o Edital de Credenciamento n\u00ba 002\/2024 , visando\u00a0 credenciar 1 (uma) institui\u00e7\u00e3o que atue como abrigo ou entidade protetora de animais de grande porte (equinos), cujo valor total de recursos disponibilizados ser\u00e1 de at\u00e9 R$ 180.000,00 (cento e oitenta e mil reais).<\/strong><\/p>\n<p style=\"text-align: justify\"><a href=\"https:\/\/ww16.ce.gov.br\/protecaoanimal\/wp-content\/uploads\/sites\/17\/2024\/03\/Edital-Ch-Publica-Abrigos-Animais-de-Grande-Porte-Minuta.pdf\">?Edital de Credenciamento n\u00ba 002\/2024<\/a><\/p>\n<p><a href=\"https:\/\/ww16.ce.gov.br\/protecaoanimal\/wp-content\/uploads\/sites\/17\/2024\/03\/ANEXO-III-FICHA-DE-INSCRICAO-grande-porte.docx\">?Anexo III &#8211; Ficha de inscri\u00e7\u00e3o<\/a><\/p>\n<p><a href=\"https:\/\/ww16.ce.gov.br\/protecaoanimal\/wp-content\/uploads\/sites\/17\/2024\/03\/ANEXO-IV-PLANO-DE-TRABALHO-grande-porte.docx\">?Anexo IV &#8211; Plano de trabalho<\/a><\/p>\n<p><a href=\"https:\/\/ww16.ce.gov.br\/protecaoanimal\/wp-content\/uploads\/sites\/17\/2024\/03\/ANEXO-V-DECLARACAO-DE-NAO-IMPEDIMENTO-grande-porte.docx\">?Anexo V &#8211; Declara\u00e7\u00e3o de n\u00e3o impedimento<\/a><\/p>\n<p><a href=\"https:\/\/ww16.ce.gov.br\/protecaoanimal\/2024\/05\/27\/resultado-da-habilitacao-do-programa-pataceara\/\">?Resultado do <\/a><a href=\"https:\/\/ww16.ce.gov.br\/protecaoanimal\/2024\/05\/27\/resultado-da-habilitacao-do-programa-pataceara\/\">Edital de Chamamento P\u00fablico n\u00ba002\/2024<\/a><\/p>\n<p>&nbsp;<\/p>\n<p style=\"text-align: justify\"><strong>O terceiro e \u00faltimo edital do Programa de Apoio a Abrigos, \u00e9 o Edital de Credenciamento n\u00ba 003\/2024, para institui\u00e7\u00f5es que atendem animais silvestres, onde ser\u00e1 credenciada 1 (uma) institui\u00e7\u00e3o e, tamb\u00e9m, o valor de total de recursos disponibilizados ser\u00e1 de at\u00e9 R$ 180.000,00 (cento e oitenta e mil reais).<\/strong><\/p>\n<p style=\"text-align: justify\"><a href=\"https:\/\/ww16.ce.gov.br\/protecaoanimal\/wp-content\/uploads\/sites\/17\/2024\/03\/Edital-Ch-Publica-Entidades-Animais-Silvestres-Versao-20.02.pdf\">?Edital de Credenciamento n\u00ba 003\/2024<\/a><\/p>\n<p><a href=\"https:\/\/ww16.ce.gov.br\/protecaoanimal\/wp-content\/uploads\/sites\/17\/2024\/03\/ANEXO-III-FICHA-DE-INSCRICAO-silvestres.docx\">?Anexo III &#8211; Ficha de inscri\u00e7\u00e3o<\/a><\/p>\n<p><a href=\"https:\/\/ww16.ce.gov.br\/protecaoanimal\/wp-content\/uploads\/sites\/17\/2024\/03\/ANEXO-IV-PLANO-DE-TRABALHO-silvestres.docx\">?Anexo IV &#8211; Plano de trabalho<\/a><\/p>\n<p><a href=\"https:\/\/ww16.ce.gov.br\/protecaoanimal\/wp-content\/uploads\/sites\/17\/2024\/03\/ANEXO-V-DECLARACAO-DE-NAO-IMPEDIMENTO-silvestres.docx\">?Anexo V &#8211; Declara\u00e7\u00e3o de n\u00e3o impedimento<\/a><\/p>\n<p><a href=\"https:\/\/ww16.ce.gov.br\/protecaoanimal\/2024\/05\/27\/resultado-da-habilitacao-do-programa-pataceara\/\">?Resultado do <\/a><a href=\"https:\/\/ww16.ce.gov.br\/protecaoanimal\/2024\/05\/27\/resultado-da-habilitacao-do-programa-pataceara\/\">Edital de Chamamento P\u00fablico n\u00ba003\/2024<\/a><\/p>\n<p><a href=\"https:\/\/ww16.ce.gov.br\/protecaoanimal\/editais-3\/\">? Aviso de convoca\u00e7\u00e3o para plano de trabalho<\/a><\/p>\n<p>&nbsp;<\/p>\n<p style=\"text-align: justify\"><strong>Programa de Fortalecimento da Assist\u00eancia M\u00e9dico-Veterin\u00e1ria Gratuita<\/strong><\/p>\n<p>&nbsp;<\/p>\n<p style=\"text-align: justify\">A primeira etapa do Programa de Fortalecimento da Assist\u00eancia M\u00e9dico-Veterin\u00e1ria Gratuita acontece por meio do <a href=\"https:\/\/www.centec.org.br\/credenciamento-de-clinicas-veterinarias-edital-centec-009-2024\/\">Edital de Credenciamento n\u00ba 009\/2024<\/a>, que ir\u00e1 credenciar at\u00e9 42 (quarenta e duas) cl\u00ednicas em todo o Estado do Cear\u00e1, que prestar\u00e3o diversos servi\u00e7os como castra\u00e7\u00e3o, consultas, exames (p. ex. hemograma, imagem), cirurgias gerais, etc.<\/p>\n<p>&nbsp;<\/p>\n<p style=\"text-align: justify\">O programa conta com o investimento de R$ 3.111.966,67 (tr\u00eas milh\u00f5es, cento e onze mil, novecentos e sessenta e seis reais e sessenta e sete centavos), e visa oferecer, em prol dos tutores de animais inscritos no Cadastro \u00danico \u2013 Cad\u00danico do Governo Federal, bem como dos protetores de animais regularmente cadastrados nos sistemas mantidos pela Secretaria da Prote\u00e7\u00e3o Animal, o servi\u00e7o m\u00e9dico-veterin\u00e1rio gratuito.<\/p>\n<p>&nbsp;<\/p>\n<p style=\"text-align: justify\">A sele\u00e7\u00e3o das cl\u00ednicas ser\u00e1 feita mediante rigoroso crit\u00e9rio de sele\u00e7\u00e3o tomando como base os requisitos t\u00e9cnicos estabelecidos e elencados no edital que avaliar\u00e3o a capacidade quantitativa e qualitativa de cada cl\u00ednica.<\/p>\n<p>&nbsp;<\/p>\n<p style=\"text-align: justify\">O acesso aos procedimentos pelo p\u00fablico ser\u00e1 feito mediante cadastro pr\u00e9vio na Secretaria da Prote\u00e7\u00e3o Animal, e os atendimentos ser\u00e3o direcionados via sistema pr\u00f3prio desta secretaria, com acesso em seu site.<\/p>\n<p>&nbsp;<\/p>\n<p style=\"text-align: justify\"><strong>Para realiza\u00e7\u00e3o do cadastro como Protetor de animais ser\u00e1 necess\u00e1rio atender a pelo menos um dos seguintes requisitos:<\/strong><\/p>\n<p>&nbsp;<\/p>\n<p style=\"text-align: justify\">?Renda de at\u00e9 02 sal\u00e1rios-m\u00ednimos e declara\u00e7\u00e3o de hipossufici\u00eancia de incapacidade de custear atendimentos veterin\u00e1rios sem o comprometimento do sustento pr\u00f3prio e\/ou da fam\u00edlia;<\/p>\n<p>&nbsp;<\/p>\n<p style=\"text-align: justify\">?Declara\u00e7\u00e3o de veterin\u00e1rio, devidamente registrado no CRMV, informando que o benefici\u00e1rio atua como protetor de animais no estado do Cear\u00e1.<\/p>\n<p>&nbsp;<\/p>\n<p>?Mediante visita, aferi\u00e7\u00e3o e atesto de servidores da Sepa, solicitada pelo cidad\u00e3o, via e-mail: <a href=\"mailto:contato@protecaoanimal.ce.gov.br\">contato@protecaoanimal.ce.gov.br<\/a><\/p>\n<p>&nbsp;<\/p>\n<p>&nbsp;<\/p>\n<p>&nbsp;<\/p>\n<p>&nbsp;<\/p>\n<div class=\"row\">\n<p style=\"text-align: justify\"><img loading=\"lazy\" decoding=\"async\" class=\" wp-image-277 aligncenter\" src=\"https:\/\/ww16.ce.gov.br\/protecaoanimal\/wp-content\/uploads\/sites\/17\/2023\/09\/bg-bottom-menu-600x9.png\" alt=\"\" width=\"1200\" height=\"18\" srcset=\"https:\/\/ww16.ce.gov.br\/protecaoanimal\/wp-content\/uploads\/sites\/17\/2023\/09\/bg-bottom-menu-600x9.png 600w, https:\/\/ww16.ce.gov.br\/protecaoanimal\/wp-content\/uploads\/sites\/17\/2023\/09\/bg-bottom-menu-1200x18.png 1200w, https:\/\/ww16.ce.gov.br\/protecaoanimal\/wp-content\/uploads\/sites\/17\/2023\/09\/bg-bottom-menu-768x11.png 768w, https:\/\/ww16.ce.gov.br\/protecaoanimal\/wp-content\/uploads\/sites\/17\/2023\/09\/bg-bottom-menu-1536x23.png 1536w, https:\/\/ww16.ce.gov.br\/protecaoanimal\/wp-content\/uploads\/sites\/17\/2023\/09\/bg-bottom-menu-2048x30.png 2048w\" sizes=\"auto, (max-width: 1200px) 100vw, 1200px\" \/><\/p>\n<p style=\"text-align: justify\">\n<\/div>\n","protected":false},"excerpt":{"rendered":"<p>&nbsp; &nbsp; Secretaria da Prote\u00e7\u00e3o Animal (Sepa) lan\u00e7a dois programas de fomento das pol\u00edticas p\u00fablicas da causa animal no estado, cujo investimento soma mais de cinco milh\u00f5es. &nbsp; O Programa de Apoio a Abrigos, que ter\u00e1 o aporte total de at\u00e9 R$ 1.980.000,00 (um milh\u00e3o novecentos e oitenta mil reais), \u00e9 voltado para organiza\u00e7\u00f5es e [&hellip;]<\/p>\n","protected":false},"author":690,"featured_media":64397,"parent":0,"menu_order":0,"comment_status":"closed","ping_status":"closed","template":"","meta":{"_acf_changed":false,"inline_featured_image":false,"footnotes":""},"class_list":["post-64305","page","type-page","status-publish","has-post-thumbnail","hentry"],"acf":[],"yoast_head":"<!-- This site is optimized with the Yoast SEO plugin v26.9 - https:\/\/yoast.com\/product\/yoast-seo-wordpress\/ -->\n<title>EDITAIS SEPA - Secretaria de Prote\u00e7\u00e3o Animal<\/title>\n<meta name=\"description\" content=\"Secretaria da Prote\u00e7\u00e3o Animal (Sepa) lan\u00e7a dois programas de fomento das pol\u00edticas p\u00fablicas da causa animal no estado, cujo investimento soma mais de cinco milh\u00f5es.\" \/>\n<meta name=\"robots\" content=\"index, follow, max-snippet:-1, max-image-preview:large, max-video-preview:-1\" \/>\n<link rel=\"canonical\" href=\"https:\/\/ww16.ce.gov.br\/protecaoanimal\/editais\/\" \/>\n<meta property=\"og:locale\" content=\"pt_BR\" \/>\n<meta property=\"og:type\" content=\"article\" \/>\n<meta property=\"og:title\" content=\"EDITAIS SEPA - Secretaria de Prote\u00e7\u00e3o Animal\" \/>\n<meta property=\"og:description\" content=\"Secretaria da Prote\u00e7\u00e3o Animal (Sepa) lan\u00e7a dois programas de fomento das pol\u00edticas p\u00fablicas da causa animal no estado, cujo investimento soma mais de cinco milh\u00f5es.\" \/>\n<meta property=\"og:url\" content=\"https:\/\/ww16.ce.gov.br\/protecaoanimal\/editais\/\" \/>\n<meta property=\"og:site_name\" content=\"Secretaria de Prote\u00e7\u00e3o Animal\" \/>\n<meta property=\"article:modified_time\" content=\"2024-06-13T21:05:57+00:00\" \/>\n<meta property=\"og:image\" content=\"https:\/\/ww16.ce.gov.br\/protecaoanimal\/wp-content\/uploads\/sites\/17\/2024\/03\/site-sepa-v1-1-1.png\" \/>\n\t<meta property=\"og:image:width\" content=\"1920\" \/>\n\t<meta property=\"og:image:height\" content=\"1080\" \/>\n\t<meta property=\"og:image:type\" content=\"image\/png\" \/>\n<meta name=\"twitter:card\" content=\"summary_large_image\" \/>\n<meta name=\"twitter:label1\" content=\"Est. reading time\" \/>\n\t<meta name=\"twitter:data1\" content=\"4 minutos\" \/>\n<script type=\"application\/ld+json\" class=\"yoast-schema-graph\">{\"@context\":\"https:\/\/schema.org\",\"@graph\":[{\"@type\":\"WebPage\",\"@id\":\"https:\/\/ww16.ce.gov.br\/protecaoanimal\/editais\/\",\"url\":\"https:\/\/ww16.ce.gov.br\/protecaoanimal\/editais\/\",\"name\":\"EDITAIS SEPA - Secretaria de Prote\u00e7\u00e3o Animal\",\"isPartOf\":{\"@id\":\"https:\/\/ww16.ce.gov.br\/protecaoanimal\/#website\"},\"primaryImageOfPage\":{\"@id\":\"https:\/\/ww16.ce.gov.br\/protecaoanimal\/editais\/#primaryimage\"},\"image\":{\"@id\":\"https:\/\/ww16.ce.gov.br\/protecaoanimal\/editais\/#primaryimage\"},\"thumbnailUrl\":\"https:\/\/ww16.ce.gov.br\/protecaoanimal\/wp-content\/uploads\/sites\/17\/2024\/03\/site-sepa-v1-1-1.png\",\"datePublished\":\"2024-03-13T19:15:18+00:00\",\"dateModified\":\"2024-06-13T21:05:57+00:00\",\"description\":\"Secretaria da Prote\u00e7\u00e3o Animal (Sepa) lan\u00e7a dois programas de fomento das pol\u00edticas p\u00fablicas da causa animal no estado, cujo investimento soma mais de cinco milh\u00f5es.\",\"breadcrumb\":{\"@id\":\"https:\/\/ww16.ce.gov.br\/protecaoanimal\/editais\/#breadcrumb\"},\"inLanguage\":\"pt-BR\",\"potentialAction\":[{\"@type\":\"ReadAction\",\"target\":[\"https:\/\/ww16.ce.gov.br\/protecaoanimal\/editais\/\"]}]},{\"@type\":\"ImageObject\",\"inLanguage\":\"pt-BR\",\"@id\":\"https:\/\/ww16.ce.gov.br\/protecaoanimal\/editais\/#primaryimage\",\"url\":\"https:\/\/ww16.ce.gov.br\/protecaoanimal\/wp-content\/uploads\/sites\/17\/2024\/03\/site-sepa-v1-1-1.png\",\"contentUrl\":\"https:\/\/ww16.ce.gov.br\/protecaoanimal\/wp-content\/uploads\/sites\/17\/2024\/03\/site-sepa-v1-1-1.png\",\"width\":1920,\"height\":1080},{\"@type\":\"BreadcrumbList\",\"@id\":\"https:\/\/ww16.ce.gov.br\/protecaoanimal\/editais\/#breadcrumb\",\"itemListElement\":[{\"@type\":\"ListItem\",\"position\":1,\"name\":\"In\u00edcio\",\"item\":\"https:\/\/ww16.ce.gov.br\/protecaoanimal\/\"},{\"@type\":\"ListItem\",\"position\":2,\"name\":\"EDITAIS SEPA\"}]},{\"@type\":\"WebSite\",\"@id\":\"https:\/\/ww16.ce.gov.br\/protecaoanimal\/#website\",\"url\":\"https:\/\/ww16.ce.gov.br\/protecaoanimal\/\",\"name\":\"Secretaria de Prote\u00e7\u00e3o Animal\",\"description\":\"Modelo Padr\u00e3o do Estado\",\"potentialAction\":[{\"@type\":\"SearchAction\",\"target\":{\"@type\":\"EntryPoint\",\"urlTemplate\":\"https:\/\/ww16.ce.gov.br\/protecaoanimal\/?s={search_term_string}\"},\"query-input\":{\"@type\":\"PropertyValueSpecification\",\"valueRequired\":true,\"valueName\":\"search_term_string\"}}],\"inLanguage\":\"pt-BR\"}]}<\/script>\n<!-- \/ Yoast SEO plugin. -->","yoast_head_json":{"title":"EDITAIS SEPA - Secretaria de Prote\u00e7\u00e3o Animal","description":"Secretaria da Prote\u00e7\u00e3o Animal (Sepa) lan\u00e7a dois programas de fomento das pol\u00edticas p\u00fablicas da causa animal no estado, cujo investimento soma mais de cinco milh\u00f5es.","robots":{"index":"index","follow":"follow","max-snippet":"max-snippet:-1","max-image-preview":"max-image-preview:large","max-video-preview":"max-video-preview:-1"},"canonical":"https:\/\/ww16.ce.gov.br\/protecaoanimal\/editais\/","og_locale":"pt_BR","og_type":"article","og_title":"EDITAIS SEPA - Secretaria de Prote\u00e7\u00e3o Animal","og_description":"Secretaria da Prote\u00e7\u00e3o Animal (Sepa) lan\u00e7a dois programas de fomento das pol\u00edticas p\u00fablicas da causa animal no estado, cujo investimento soma mais de cinco milh\u00f5es.","og_url":"https:\/\/ww16.ce.gov.br\/protecaoanimal\/editais\/","og_site_name":"Secretaria de Prote\u00e7\u00e3o Animal","article_modified_time":"2024-06-13T21:05:57+00:00","og_image":[{"width":1920,"height":1080,"url":"https:\/\/ww16.ce.gov.br\/protecaoanimal\/wp-content\/uploads\/sites\/17\/2024\/03\/site-sepa-v1-1-1.png","type":"image\/png"}],"twitter_card":"summary_large_image","twitter_misc":{"Est. reading time":"4 minutos"},"schema":{"@context":"https:\/\/schema.org","@graph":[{"@type":"WebPage","@id":"https:\/\/ww16.ce.gov.br\/protecaoanimal\/editais\/","url":"https:\/\/ww16.ce.gov.br\/protecaoanimal\/editais\/","name":"EDITAIS SEPA - Secretaria de Prote\u00e7\u00e3o Animal","isPartOf":{"@id":"https:\/\/ww16.ce.gov.br\/protecaoanimal\/#website"},"primaryImageOfPage":{"@id":"https:\/\/ww16.ce.gov.br\/protecaoanimal\/editais\/#primaryimage"},"image":{"@id":"https:\/\/ww16.ce.gov.br\/protecaoanimal\/editais\/#primaryimage"},"thumbnailUrl":"https:\/\/ww16.ce.gov.br\/protecaoanimal\/wp-content\/uploads\/sites\/17\/2024\/03\/site-sepa-v1-1-1.png","datePublished":"2024-03-13T19:15:18+00:00","dateModified":"2024-06-13T21:05:57+00:00","description":"Secretaria da Prote\u00e7\u00e3o Animal (Sepa) lan\u00e7a dois programas de fomento das pol\u00edticas p\u00fablicas da causa animal no estado, cujo investimento soma mais de cinco milh\u00f5es.","breadcrumb":{"@id":"https:\/\/ww16.ce.gov.br\/protecaoanimal\/editais\/#breadcrumb"},"inLanguage":"pt-BR","potentialAction":[{"@type":"ReadAction","target":["https:\/\/ww16.ce.gov.br\/protecaoanimal\/editais\/"]}]},{"@type":"ImageObject","inLanguage":"pt-BR","@id":"https:\/\/ww16.ce.gov.br\/protecaoanimal\/editais\/#primaryimage","url":"https:\/\/ww16.ce.gov.br\/protecaoanimal\/wp-content\/uploads\/sites\/17\/2024\/03\/site-sepa-v1-1-1.png","contentUrl":"https:\/\/ww16.ce.gov.br\/protecaoanimal\/wp-content\/uploads\/sites\/17\/2024\/03\/site-sepa-v1-1-1.png","width":1920,"height":1080},{"@type":"BreadcrumbList","@id":"https:\/\/ww16.ce.gov.br\/protecaoanimal\/editais\/#breadcrumb","itemListElement":[{"@type":"ListItem","position":1,"name":"In\u00edcio","item":"https:\/\/ww16.ce.gov.br\/protecaoanimal\/"},{"@type":"ListItem","position":2,"name":"EDITAIS SEPA"}]},{"@type":"WebSite","@id":"https:\/\/ww16.ce.gov.br\/protecaoanimal\/#website","url":"https:\/\/ww16.ce.gov.br\/protecaoanimal\/","name":"Secretaria de Prote\u00e7\u00e3o Animal","description":"Modelo Padr\u00e3o do Estado","potentialAction":[{"@type":"SearchAction","target":{"@type":"EntryPoint","urlTemplate":"https:\/\/ww16.ce.gov.br\/protecaoanimal\/?s={search_term_string}"},"query-input":{"@type":"PropertyValueSpecification","valueRequired":true,"valueName":"search_term_string"}}],"inLanguage":"pt-BR"}]}},"_links":{"self":[{"href":"https:\/\/ww16.ce.gov.br\/protecaoanimal\/wp-json\/wp\/v2\/pages\/64305","targetHints":{"allow":["GET"]}}],"collection":[{"href":"https:\/\/ww16.ce.gov.br\/protecaoanimal\/wp-json\/wp\/v2\/pages"}],"about":[{"href":"https:\/\/ww16.ce.gov.br\/protecaoanimal\/wp-json\/wp\/v2\/types\/page"}],"author":[{"embeddable":true,"href":"https:\/\/ww16.ce.gov.br\/protecaoanimal\/wp-json\/wp\/v2\/users\/690"}],"replies":[{"embeddable":true,"href":"https:\/\/ww16.ce.gov.br\/protecaoanimal\/wp-json\/wp\/v2\/comments?post=64305"}],"version-history":[{"count":39,"href":"https:\/\/ww16.ce.gov.br\/protecaoanimal\/wp-json\/wp\/v2\/pages\/64305\/revisions"}],"predecessor-version":[{"id":64643,"href":"https:\/\/ww16.ce.gov.br\/protecaoanimal\/wp-json\/wp\/v2\/pages\/64305\/revisions\/64643"}],"wp:featuredmedia":[{"embeddable":true,"href":"https:\/\/ww16.ce.gov.br\/protecaoanimal\/wp-json\/wp\/v2\/media\/64397"}],"wp:attachment":[{"href":"https:\/\/ww16.ce.gov.br\/protecaoanimal\/wp-json\/wp\/v2\/media?parent=64305"}],"curies":[{"name":"wp","href":"https:\/\/api.w.org\/{rel}","templated":true}]}}