{"id":63142,"date":"2018-03-29T12:43:23","date_gmt":"2018-03-29T15:43:23","guid":{"rendered":"http:\/\/www.casacivil.ce.gov.br\/?page_id=63142"},"modified":"2024-06-24T17:57:22","modified_gmt":"2024-06-24T20:57:22","slug":"acesso-a-informacao","status":"publish","type":"page","link":"https:\/\/ww16.ce.gov.br\/protecaoanimal\/acesso-a-informacao\/","title":{"rendered":"Acesso \u00e0 Informa\u00e7\u00e3o"},"content":{"rendered":"<h2 class=\"-laranja\" style=\"text-align: justify\"><strong>Acesso \u00e0 Informa\u00e7\u00e3o<\/strong><\/h2>\n<p style=\"text-align: justify\"><img decoding=\"async\" class=\"alignnone size-full wp-image-67220\" src=\"https:\/\/www.gabgov.ce.gov.br\/wp-content\/uploads\/sites\/2\/2018\/02\/banner-acesso-informacao3.png\" alt=\"\" width=\"100%\" \/><\/p>\n<p style=\"text-align: justify\">A Lei Estadual de Acesso \u00e0 Informa\u00e7\u00e3o, Lei n\u00ba 15.175\/2012, institui como princ\u00edpio fundamental que o acesso \u00e0 informa\u00e7\u00e3o p\u00fablica \u00e9 a regra e o sigilo a exce\u00e7\u00e3o. Sua san\u00e7\u00e3o representa mais um importante passo para a consolida\u00e7\u00e3o do regime democr\u00e1tico e para o fortalecimento das pol\u00edticas de transpar\u00eancia p\u00fablica. A legisla\u00e7\u00e3o estadual vem\u00a0complementar, no \u00e2mbito do Cear\u00e1, a Lei Geral de Acesso \u00e0 Informa\u00e7\u00e3o, Lei n\u00ba 12.527\/2011.<\/p>\n<p style=\"text-align: justify\">A mencionada Lei Estadual e o Decreto Estadual n\u00b0 31.199\/2013 determinam um rol m\u00ednimo de informa\u00e7\u00f5es que devem estar divulgadas proativamente (transpar\u00eancia ativa) nos s\u00edtios institucionais dos \u00f3rg\u00e3os e entidades, listadas nesta p\u00e1gina. As informa\u00e7\u00f5es de interesse do cidad\u00e3o que n\u00e3o estejam dispon\u00edveis na forma ativa, podem ser solicitadas clicando nos links dispon\u00edveis na guia &#8220;Fale Conosco&#8221; (transpar\u00eancia passiva).<\/p>\n<ul class=\"ListaDecorada\">\n<li style=\"text-align: justify\"><a href=\"https:\/\/www.ceara.gov.br\/wp-content\/uploads\/2017\/01\/lei-de-acesso-a-informacao.pdf\">Conhe\u00e7a a \u00edntegra da Lei Estadual de Acesso \u00e0 Informa\u00e7\u00e3o &#8211; n\u00ba 15.175<\/a><\/li>\n<li style=\"text-align: justify\"><a href=\"https:\/\/www.cgu.gov.br\/acessoainformacaogov\/acesso-informacao-brasil\/legislacao-integra-texto-completo.asp\">Conhe\u00e7a a \u00edntegra da lei federal<\/a><\/li>\n<li style=\"text-align: justify\"><a href=\"https:\/\/www.transparencia.ce.gov.br\/\">Acesse o Portal da Transpar\u00eancia<\/a><\/li>\n<li style=\"text-align: justify\"><a href=\"https:\/\/www.ouvidoria.ce.gov.br\/\">Contate a Ouvidoria<\/a><\/li>\n<\/ul>\n<p>&nbsp;<\/p>\n","protected":false},"excerpt":{"rendered":"<p>Acesso \u00e0 Informa\u00e7\u00e3o A Lei Estadual de Acesso \u00e0 Informa\u00e7\u00e3o, Lei n\u00ba 15.175\/2012, institui como princ\u00edpio fundamental que o acesso \u00e0 informa\u00e7\u00e3o p\u00fablica \u00e9 a regra e o sigilo a exce\u00e7\u00e3o. Sua san\u00e7\u00e3o representa mais um importante passo para a consolida\u00e7\u00e3o do regime democr\u00e1tico e para o fortalecimento das pol\u00edticas de transpar\u00eancia p\u00fablica. A legisla\u00e7\u00e3o [&hellip;]<\/p>\n","protected":false},"author":12,"featured_media":0,"parent":0,"menu_order":0,"comment_status":"closed","ping_status":"closed","template":"pagina-lista-filhas.php","meta":{"_acf_changed":false,"inline_featured_image":false,"footnotes":""},"class_list":["post-63142","page","type-page","status-publish","hentry"],"acf":[],"yoast_head":"<!-- This site is optimized with the Yoast SEO plugin v26.9 - https:\/\/yoast.com\/product\/yoast-seo-wordpress\/ -->\n<title>Acesso \u00e0 Informa\u00e7\u00e3o - Secretaria de Prote\u00e7\u00e3o Animal<\/title>\n<meta name=\"description\" content=\"A Lei Estadual de Acesso \u00e0 Informa\u00e7\u00e3o, Lei n\u00ba 15.175\/2012, institui como princ\u00edpio fundamental que o acesso \u00e0 informa\u00e7\u00e3o p\u00fablica \u00e9 a regra e o sigilo a exce\u00e7\u00e3o. Sua san\u00e7\u00e3o representa mais um importante passo para a consolida\u00e7\u00e3o do regime democr\u00e1tico e para o fortalecimento das pol\u00edticas de transpar\u00eancia p\u00fablica. A legisla\u00e7\u00e3o estadual vem\u00a0complementar, no \u00e2mbito do Cear\u00e1, a Lei Geral de Acesso \u00e0 Informa\u00e7\u00e3o, Lei n\u00ba 12.527\/2011.A mencionada Lei Estadual e o Decreto Estadual n\u00b0 31.199\/2013 determinam um rol m\u00ednimo de informa\u00e7\u00f5es que devem estar divulgadas proativamente (transpar\u00eancia ativa) nos s\u00edtios institucionais dos \u00f3rg\u00e3os e entidades, listadas nesta p\u00e1gina. As informa\u00e7\u00f5es de interesse do cidad\u00e3o que n\u00e3o estejam dispon\u00edveis na forma ativa, podem ser solicitadas clicando nos links dispon\u00edveis na guia &quot;Fale Conosco&quot; (transpar\u00eancia passiva).\" \/>\n<meta name=\"robots\" content=\"index, follow, max-snippet:-1, max-image-preview:large, max-video-preview:-1\" \/>\n<link rel=\"canonical\" href=\"https:\/\/ww16.ce.gov.br\/protecaoanimal\/acesso-a-informacao\/\" \/>\n<meta property=\"og:locale\" content=\"pt_BR\" \/>\n<meta property=\"og:type\" content=\"article\" \/>\n<meta property=\"og:title\" content=\"Acesso \u00e0 Informa\u00e7\u00e3o - Secretaria de Prote\u00e7\u00e3o Animal\" \/>\n<meta property=\"og:description\" content=\"A Lei Estadual de Acesso \u00e0 Informa\u00e7\u00e3o, Lei n\u00ba 15.175\/2012, institui como princ\u00edpio fundamental que o acesso \u00e0 informa\u00e7\u00e3o p\u00fablica \u00e9 a regra e o sigilo a exce\u00e7\u00e3o. Sua san\u00e7\u00e3o representa mais um importante passo para a consolida\u00e7\u00e3o do regime democr\u00e1tico e para o fortalecimento das pol\u00edticas de transpar\u00eancia p\u00fablica. A legisla\u00e7\u00e3o estadual vem\u00a0complementar, no \u00e2mbito do Cear\u00e1, a Lei Geral de Acesso \u00e0 Informa\u00e7\u00e3o, Lei n\u00ba 12.527\/2011.A mencionada Lei Estadual e o Decreto Estadual n\u00b0 31.199\/2013 determinam um rol m\u00ednimo de informa\u00e7\u00f5es que devem estar divulgadas proativamente (transpar\u00eancia ativa) nos s\u00edtios institucionais dos \u00f3rg\u00e3os e entidades, listadas nesta p\u00e1gina. As informa\u00e7\u00f5es de interesse do cidad\u00e3o que n\u00e3o estejam dispon\u00edveis na forma ativa, podem ser solicitadas clicando nos links dispon\u00edveis na guia &quot;Fale Conosco&quot; (transpar\u00eancia passiva).\" \/>\n<meta property=\"og:url\" content=\"https:\/\/ww16.ce.gov.br\/protecaoanimal\/acesso-a-informacao\/\" \/>\n<meta property=\"og:site_name\" content=\"Secretaria de Prote\u00e7\u00e3o Animal\" \/>\n<meta property=\"article:modified_time\" content=\"2024-06-24T20:57:22+00:00\" \/>\n<meta property=\"og:image\" content=\"http:\/\/www.gabgov.ce.gov.br\/wp-content\/uploads\/sites\/2\/2018\/02\/banner-acesso-informacao3.png\" \/>\n<meta name=\"twitter:card\" content=\"summary_large_image\" \/>\n<meta name=\"twitter:label1\" content=\"Est. reading time\" \/>\n\t<meta name=\"twitter:data1\" content=\"2 minutos\" \/>\n<script type=\"application\/ld+json\" class=\"yoast-schema-graph\">{\"@context\":\"https:\/\/schema.org\",\"@graph\":[{\"@type\":\"WebPage\",\"@id\":\"https:\/\/ww16.ce.gov.br\/protecaoanimal\/acesso-a-informacao\/\",\"url\":\"https:\/\/ww16.ce.gov.br\/protecaoanimal\/acesso-a-informacao\/\",\"name\":\"Acesso \u00e0 Informa\u00e7\u00e3o - Secretaria de Prote\u00e7\u00e3o Animal\",\"isPartOf\":{\"@id\":\"https:\/\/ww16.ce.gov.br\/protecaoanimal\/#website\"},\"primaryImageOfPage\":{\"@id\":\"https:\/\/ww16.ce.gov.br\/protecaoanimal\/acesso-a-informacao\/#primaryimage\"},\"image\":{\"@id\":\"https:\/\/ww16.ce.gov.br\/protecaoanimal\/acesso-a-informacao\/#primaryimage\"},\"thumbnailUrl\":\"http:\/\/www.gabgov.ce.gov.br\/wp-content\/uploads\/sites\/2\/2018\/02\/banner-acesso-informacao3.png\",\"datePublished\":\"2018-03-29T15:43:23+00:00\",\"dateModified\":\"2024-06-24T20:57:22+00:00\",\"description\":\"A Lei Estadual de Acesso \u00e0 Informa\u00e7\u00e3o, Lei n\u00ba 15.175\/2012, institui como princ\u00edpio fundamental que o acesso \u00e0 informa\u00e7\u00e3o p\u00fablica \u00e9 a regra e o sigilo a exce\u00e7\u00e3o. Sua san\u00e7\u00e3o representa mais um importante passo para a consolida\u00e7\u00e3o do regime democr\u00e1tico e para o fortalecimento das pol\u00edticas de transpar\u00eancia p\u00fablica. A legisla\u00e7\u00e3o estadual vem\u00a0complementar, no \u00e2mbito do Cear\u00e1, a Lei Geral de Acesso \u00e0 Informa\u00e7\u00e3o, Lei n\u00ba 12.527\/2011.A mencionada Lei Estadual e o Decreto Estadual n\u00b0 31.199\/2013 determinam um rol m\u00ednimo de informa\u00e7\u00f5es que devem estar divulgadas proativamente (transpar\u00eancia ativa) nos s\u00edtios institucionais dos \u00f3rg\u00e3os e entidades, listadas nesta p\u00e1gina. As informa\u00e7\u00f5es de interesse do cidad\u00e3o que n\u00e3o estejam dispon\u00edveis na forma ativa, podem ser solicitadas clicando nos links dispon\u00edveis na guia \\\"Fale Conosco\\\" (transpar\u00eancia passiva).\",\"breadcrumb\":{\"@id\":\"https:\/\/ww16.ce.gov.br\/protecaoanimal\/acesso-a-informacao\/#breadcrumb\"},\"inLanguage\":\"pt-BR\",\"potentialAction\":[{\"@type\":\"ReadAction\",\"target\":[\"https:\/\/ww16.ce.gov.br\/protecaoanimal\/acesso-a-informacao\/\"]}]},{\"@type\":\"ImageObject\",\"inLanguage\":\"pt-BR\",\"@id\":\"https:\/\/ww16.ce.gov.br\/protecaoanimal\/acesso-a-informacao\/#primaryimage\",\"url\":\"http:\/\/www.gabgov.ce.gov.br\/wp-content\/uploads\/sites\/2\/2018\/02\/banner-acesso-informacao3.png\",\"contentUrl\":\"http:\/\/www.gabgov.ce.gov.br\/wp-content\/uploads\/sites\/2\/2018\/02\/banner-acesso-informacao3.png\"},{\"@type\":\"BreadcrumbList\",\"@id\":\"https:\/\/ww16.ce.gov.br\/protecaoanimal\/acesso-a-informacao\/#breadcrumb\",\"itemListElement\":[{\"@type\":\"ListItem\",\"position\":1,\"name\":\"In\u00edcio\",\"item\":\"https:\/\/ww16.ce.gov.br\/protecaoanimal\/\"},{\"@type\":\"ListItem\",\"position\":2,\"name\":\"Acesso \u00e0 Informa\u00e7\u00e3o\"}]},{\"@type\":\"WebSite\",\"@id\":\"https:\/\/ww16.ce.gov.br\/protecaoanimal\/#website\",\"url\":\"https:\/\/ww16.ce.gov.br\/protecaoanimal\/\",\"name\":\"Secretaria de Prote\u00e7\u00e3o Animal\",\"description\":\"Modelo Padr\u00e3o do Estado\",\"potentialAction\":[{\"@type\":\"SearchAction\",\"target\":{\"@type\":\"EntryPoint\",\"urlTemplate\":\"https:\/\/ww16.ce.gov.br\/protecaoanimal\/?s={search_term_string}\"},\"query-input\":{\"@type\":\"PropertyValueSpecification\",\"valueRequired\":true,\"valueName\":\"search_term_string\"}}],\"inLanguage\":\"pt-BR\"}]}<\/script>\n<!-- \/ Yoast SEO plugin. -->","yoast_head_json":{"title":"Acesso \u00e0 Informa\u00e7\u00e3o - Secretaria de Prote\u00e7\u00e3o Animal","description":"A Lei Estadual de Acesso \u00e0 Informa\u00e7\u00e3o, Lei n\u00ba 15.175\/2012, institui como princ\u00edpio fundamental que o acesso \u00e0 informa\u00e7\u00e3o p\u00fablica \u00e9 a regra e o sigilo a exce\u00e7\u00e3o. Sua san\u00e7\u00e3o representa mais um importante passo para a consolida\u00e7\u00e3o do regime democr\u00e1tico e para o fortalecimento das pol\u00edticas de transpar\u00eancia p\u00fablica. A legisla\u00e7\u00e3o estadual vem\u00a0complementar, no \u00e2mbito do Cear\u00e1, a Lei Geral de Acesso \u00e0 Informa\u00e7\u00e3o, Lei n\u00ba 12.527\/2011.A mencionada Lei Estadual e o Decreto Estadual n\u00b0 31.199\/2013 determinam um rol m\u00ednimo de informa\u00e7\u00f5es que devem estar divulgadas proativamente (transpar\u00eancia ativa) nos s\u00edtios institucionais dos \u00f3rg\u00e3os e entidades, listadas nesta p\u00e1gina. As informa\u00e7\u00f5es de interesse do cidad\u00e3o que n\u00e3o estejam dispon\u00edveis na forma ativa, podem ser solicitadas clicando nos links dispon\u00edveis na guia \"Fale Conosco\" (transpar\u00eancia passiva).","robots":{"index":"index","follow":"follow","max-snippet":"max-snippet:-1","max-image-preview":"max-image-preview:large","max-video-preview":"max-video-preview:-1"},"canonical":"https:\/\/ww16.ce.gov.br\/protecaoanimal\/acesso-a-informacao\/","og_locale":"pt_BR","og_type":"article","og_title":"Acesso \u00e0 Informa\u00e7\u00e3o - Secretaria de Prote\u00e7\u00e3o Animal","og_description":"A Lei Estadual de Acesso \u00e0 Informa\u00e7\u00e3o, Lei n\u00ba 15.175\/2012, institui como princ\u00edpio fundamental que o acesso \u00e0 informa\u00e7\u00e3o p\u00fablica \u00e9 a regra e o sigilo a exce\u00e7\u00e3o. Sua san\u00e7\u00e3o representa mais um importante passo para a consolida\u00e7\u00e3o do regime democr\u00e1tico e para o fortalecimento das pol\u00edticas de transpar\u00eancia p\u00fablica. A legisla\u00e7\u00e3o estadual vem\u00a0complementar, no \u00e2mbito do Cear\u00e1, a Lei Geral de Acesso \u00e0 Informa\u00e7\u00e3o, Lei n\u00ba 12.527\/2011.A mencionada Lei Estadual e o Decreto Estadual n\u00b0 31.199\/2013 determinam um rol m\u00ednimo de informa\u00e7\u00f5es que devem estar divulgadas proativamente (transpar\u00eancia ativa) nos s\u00edtios institucionais dos \u00f3rg\u00e3os e entidades, listadas nesta p\u00e1gina. As informa\u00e7\u00f5es de interesse do cidad\u00e3o que n\u00e3o estejam dispon\u00edveis na forma ativa, podem ser solicitadas clicando nos links dispon\u00edveis na guia \"Fale Conosco\" (transpar\u00eancia passiva).","og_url":"https:\/\/ww16.ce.gov.br\/protecaoanimal\/acesso-a-informacao\/","og_site_name":"Secretaria de Prote\u00e7\u00e3o Animal","article_modified_time":"2024-06-24T20:57:22+00:00","og_image":[{"url":"http:\/\/www.gabgov.ce.gov.br\/wp-content\/uploads\/sites\/2\/2018\/02\/banner-acesso-informacao3.png","type":"","width":"","height":""}],"twitter_card":"summary_large_image","twitter_misc":{"Est. reading time":"2 minutos"},"schema":{"@context":"https:\/\/schema.org","@graph":[{"@type":"WebPage","@id":"https:\/\/ww16.ce.gov.br\/protecaoanimal\/acesso-a-informacao\/","url":"https:\/\/ww16.ce.gov.br\/protecaoanimal\/acesso-a-informacao\/","name":"Acesso \u00e0 Informa\u00e7\u00e3o - Secretaria de Prote\u00e7\u00e3o Animal","isPartOf":{"@id":"https:\/\/ww16.ce.gov.br\/protecaoanimal\/#website"},"primaryImageOfPage":{"@id":"https:\/\/ww16.ce.gov.br\/protecaoanimal\/acesso-a-informacao\/#primaryimage"},"image":{"@id":"https:\/\/ww16.ce.gov.br\/protecaoanimal\/acesso-a-informacao\/#primaryimage"},"thumbnailUrl":"http:\/\/www.gabgov.ce.gov.br\/wp-content\/uploads\/sites\/2\/2018\/02\/banner-acesso-informacao3.png","datePublished":"2018-03-29T15:43:23+00:00","dateModified":"2024-06-24T20:57:22+00:00","description":"A Lei Estadual de Acesso \u00e0 Informa\u00e7\u00e3o, Lei n\u00ba 15.175\/2012, institui como princ\u00edpio fundamental que o acesso \u00e0 informa\u00e7\u00e3o p\u00fablica \u00e9 a regra e o sigilo a exce\u00e7\u00e3o. Sua san\u00e7\u00e3o representa mais um importante passo para a consolida\u00e7\u00e3o do regime democr\u00e1tico e para o fortalecimento das pol\u00edticas de transpar\u00eancia p\u00fablica. A legisla\u00e7\u00e3o estadual vem\u00a0complementar, no \u00e2mbito do Cear\u00e1, a Lei Geral de Acesso \u00e0 Informa\u00e7\u00e3o, Lei n\u00ba 12.527\/2011.A mencionada Lei Estadual e o Decreto Estadual n\u00b0 31.199\/2013 determinam um rol m\u00ednimo de informa\u00e7\u00f5es que devem estar divulgadas proativamente (transpar\u00eancia ativa) nos s\u00edtios institucionais dos \u00f3rg\u00e3os e entidades, listadas nesta p\u00e1gina. As informa\u00e7\u00f5es de interesse do cidad\u00e3o que n\u00e3o estejam dispon\u00edveis na forma ativa, podem ser solicitadas clicando nos links dispon\u00edveis na guia \"Fale Conosco\" (transpar\u00eancia passiva).","breadcrumb":{"@id":"https:\/\/ww16.ce.gov.br\/protecaoanimal\/acesso-a-informacao\/#breadcrumb"},"inLanguage":"pt-BR","potentialAction":[{"@type":"ReadAction","target":["https:\/\/ww16.ce.gov.br\/protecaoanimal\/acesso-a-informacao\/"]}]},{"@type":"ImageObject","inLanguage":"pt-BR","@id":"https:\/\/ww16.ce.gov.br\/protecaoanimal\/acesso-a-informacao\/#primaryimage","url":"http:\/\/www.gabgov.ce.gov.br\/wp-content\/uploads\/sites\/2\/2018\/02\/banner-acesso-informacao3.png","contentUrl":"http:\/\/www.gabgov.ce.gov.br\/wp-content\/uploads\/sites\/2\/2018\/02\/banner-acesso-informacao3.png"},{"@type":"BreadcrumbList","@id":"https:\/\/ww16.ce.gov.br\/protecaoanimal\/acesso-a-informacao\/#breadcrumb","itemListElement":[{"@type":"ListItem","position":1,"name":"In\u00edcio","item":"https:\/\/ww16.ce.gov.br\/protecaoanimal\/"},{"@type":"ListItem","position":2,"name":"Acesso \u00e0 Informa\u00e7\u00e3o"}]},{"@type":"WebSite","@id":"https:\/\/ww16.ce.gov.br\/protecaoanimal\/#website","url":"https:\/\/ww16.ce.gov.br\/protecaoanimal\/","name":"Secretaria de Prote\u00e7\u00e3o Animal","description":"Modelo Padr\u00e3o do Estado","potentialAction":[{"@type":"SearchAction","target":{"@type":"EntryPoint","urlTemplate":"https:\/\/ww16.ce.gov.br\/protecaoanimal\/?s={search_term_string}"},"query-input":{"@type":"PropertyValueSpecification","valueRequired":true,"valueName":"search_term_string"}}],"inLanguage":"pt-BR"}]}},"_links":{"self":[{"href":"https:\/\/ww16.ce.gov.br\/protecaoanimal\/wp-json\/wp\/v2\/pages\/63142","targetHints":{"allow":["GET"]}}],"collection":[{"href":"https:\/\/ww16.ce.gov.br\/protecaoanimal\/wp-json\/wp\/v2\/pages"}],"about":[{"href":"https:\/\/ww16.ce.gov.br\/protecaoanimal\/wp-json\/wp\/v2\/types\/page"}],"author":[{"embeddable":true,"href":"https:\/\/ww16.ce.gov.br\/protecaoanimal\/wp-json\/wp\/v2\/users\/12"}],"replies":[{"embeddable":true,"href":"https:\/\/ww16.ce.gov.br\/protecaoanimal\/wp-json\/wp\/v2\/comments?post=63142"}],"version-history":[{"count":3,"href":"https:\/\/ww16.ce.gov.br\/protecaoanimal\/wp-json\/wp\/v2\/pages\/63142\/revisions"}],"predecessor-version":[{"id":65673,"href":"https:\/\/ww16.ce.gov.br\/protecaoanimal\/wp-json\/wp\/v2\/pages\/63142\/revisions\/65673"}],"wp:attachment":[{"href":"https:\/\/ww16.ce.gov.br\/protecaoanimal\/wp-json\/wp\/v2\/media?parent=63142"}],"curies":[{"name":"wp","href":"https:\/\/api.w.org\/{rel}","templated":true}]}}