{"id":52,"date":"2017-11-20T17:43:28","date_gmt":"2017-11-20T19:43:28","guid":{"rendered":"http:\/\/www.ceara.gov.br\/protecaoanimal\/?page_id=52"},"modified":"2025-06-18T11:46:43","modified_gmt":"2025-06-18T14:46:43","slug":"institucional","status":"publish","type":"page","link":"https:\/\/ww16.ce.gov.br\/protecaoanimal\/institucional\/","title":{"rendered":"Institucional"},"content":{"rendered":"<div class=\"row\">\n<h2 style=\"text-align: justify\"><em><strong>S\u00e3o algumas compet\u00eancias da Sepa:<\/strong><\/em><\/h2>\n<p>&nbsp;<\/p>\n<\/div>\n<div class=\"row\">\n<p><span style=\"letter-spacing: 0.02px;text-align: justify\">Promover o fortalecimento da assist\u00eancia m\u00e9dico-veterin\u00e1ria na capital e no interior do Estado do Cear\u00e1 a animais de pequeno e de grande porte, mediante a constru\u00e7\u00e3o, a opera\u00e7\u00e3o e a gest\u00e3o de estruturas, equipamentos e pessoal capacitado;<\/span><\/p>\n<p style=\"text-align: justify\">Executar pol\u00edticas de controle populacional de animais na capital e no interior, por meio de programas de castra\u00e7\u00e3o disponibilizados por unidades m\u00f3veis e fixas (hospitais, cl\u00ednicas e cong\u00eaneres);<\/p>\n<p style=\"text-align: justify\">Desenvolver a\u00e7\u00f5es e pol\u00edticas de monitoramento e preven\u00e7\u00e3o de maus-tratos contra animais dom\u00e9sticos e silvestres, incluindo a cria\u00e7\u00e3o e a coordena\u00e7\u00e3o de projetos educacionais de conscientiza\u00e7\u00e3o ambiental;<\/p>\n<p style=\"text-align: justify\">Realizar educa\u00e7\u00e3o ambiental como instrumento de conscientiza\u00e7\u00e3o contra os maus-tratos, conserva\u00e7\u00e3o e manejo de esp\u00e9cies, preven\u00e7\u00e3o e combate ao tr\u00e1fico de animais silvestres;<\/p>\n<p style=\"text-align: justify\">Produzir e divulgar material educativo, relacionado \u00e0 prote\u00e7\u00e3o e \u00e0 defesa dos animais;<\/p>\n<p style=\"text-align: justify\">Realizar a Semana de Prote\u00e7\u00e3o Animal \u2013 SEPA.<\/p>\n<p style=\"text-align: justify\"><img loading=\"lazy\" decoding=\"async\" class=\" wp-image-277 aligncenter\" src=\"https:\/\/ww16.ce.gov.br\/protecaoanimal\/wp-content\/uploads\/sites\/17\/2023\/09\/bg-bottom-menu-600x9.png\" alt=\"\" width=\"1200\" height=\"18\" srcset=\"https:\/\/ww16.ce.gov.br\/protecaoanimal\/wp-content\/uploads\/sites\/17\/2023\/09\/bg-bottom-menu-600x9.png 600w, https:\/\/ww16.ce.gov.br\/protecaoanimal\/wp-content\/uploads\/sites\/17\/2023\/09\/bg-bottom-menu-1200x18.png 1200w, https:\/\/ww16.ce.gov.br\/protecaoanimal\/wp-content\/uploads\/sites\/17\/2023\/09\/bg-bottom-menu-768x11.png 768w, https:\/\/ww16.ce.gov.br\/protecaoanimal\/wp-content\/uploads\/sites\/17\/2023\/09\/bg-bottom-menu-1536x23.png 1536w, https:\/\/ww16.ce.gov.br\/protecaoanimal\/wp-content\/uploads\/sites\/17\/2023\/09\/bg-bottom-menu-2048x30.png 2048w\" sizes=\"auto, (max-width: 1200px) 100vw, 1200px\" \/><\/p>\n<p style=\"text-align: justify\">\n<\/div>\n","protected":false},"excerpt":{"rendered":"<p>S\u00e3o algumas compet\u00eancias da Sepa: &nbsp; Promover o fortalecimento da assist\u00eancia m\u00e9dico-veterin\u00e1ria na capital e no interior do Estado do Cear\u00e1 a animais de pequeno e de grande porte, mediante a constru\u00e7\u00e3o, a opera\u00e7\u00e3o e a gest\u00e3o de estruturas, equipamentos e pessoal capacitado; Executar pol\u00edticas de controle populacional de animais na capital e no interior, [&hellip;]<\/p>\n","protected":false},"author":38,"featured_media":0,"parent":0,"menu_order":0,"comment_status":"closed","ping_status":"closed","template":"","meta":{"_acf_changed":false,"inline_featured_image":false,"footnotes":""},"class_list":["post-52","page","type-page","status-publish","hentry"],"acf":[],"yoast_head":"<!-- This site is optimized with the Yoast SEO plugin v26.9 - https:\/\/yoast.com\/product\/yoast-seo-wordpress\/ -->\n<title>Institucional - Secretaria de Prote\u00e7\u00e3o Animal<\/title>\n<meta name=\"robots\" content=\"index, follow, max-snippet:-1, max-image-preview:large, max-video-preview:-1\" \/>\n<link rel=\"canonical\" href=\"https:\/\/ww16.ce.gov.br\/protecaoanimal\/institucional\/\" \/>\n<meta property=\"og:locale\" content=\"pt_BR\" \/>\n<meta property=\"og:type\" content=\"article\" \/>\n<meta property=\"og:title\" content=\"Institucional - Secretaria de Prote\u00e7\u00e3o Animal\" \/>\n<meta property=\"og:description\" content=\"S\u00e3o algumas compet\u00eancias da Sepa: &nbsp; Promover o fortalecimento da assist\u00eancia m\u00e9dico-veterin\u00e1ria na capital e no interior do Estado do Cear\u00e1 a animais de pequeno e de grande porte, mediante a constru\u00e7\u00e3o, a opera\u00e7\u00e3o e a gest\u00e3o de estruturas, equipamentos e pessoal capacitado; Executar pol\u00edticas de controle populacional de animais na capital e no interior, [&hellip;]\" \/>\n<meta property=\"og:url\" content=\"https:\/\/ww16.ce.gov.br\/protecaoanimal\/institucional\/\" \/>\n<meta property=\"og:site_name\" content=\"Secretaria de Prote\u00e7\u00e3o Animal\" \/>\n<meta property=\"article:modified_time\" content=\"2025-06-18T14:46:43+00:00\" \/>\n<meta property=\"og:image\" content=\"http:\/\/ww16.ce.gov.br\/protecaoanimal\/wp-content\/uploads\/sites\/17\/2023\/09\/bg-bottom-menu-600x9.png\" \/>\n<meta name=\"twitter:card\" content=\"summary_large_image\" \/>\n<meta name=\"twitter:label1\" content=\"Est. reading time\" \/>\n\t<meta name=\"twitter:data1\" content=\"1 minuto\" \/>\n<script type=\"application\/ld+json\" class=\"yoast-schema-graph\">{\"@context\":\"https:\/\/schema.org\",\"@graph\":[{\"@type\":\"WebPage\",\"@id\":\"https:\/\/ww16.ce.gov.br\/protecaoanimal\/institucional\/\",\"url\":\"https:\/\/ww16.ce.gov.br\/protecaoanimal\/institucional\/\",\"name\":\"Institucional - Secretaria de Prote\u00e7\u00e3o Animal\",\"isPartOf\":{\"@id\":\"https:\/\/ww16.ce.gov.br\/protecaoanimal\/#website\"},\"primaryImageOfPage\":{\"@id\":\"https:\/\/ww16.ce.gov.br\/protecaoanimal\/institucional\/#primaryimage\"},\"image\":{\"@id\":\"https:\/\/ww16.ce.gov.br\/protecaoanimal\/institucional\/#primaryimage\"},\"thumbnailUrl\":\"http:\/\/ww16.ce.gov.br\/protecaoanimal\/wp-content\/uploads\/sites\/17\/2023\/09\/bg-bottom-menu-600x9.png\",\"datePublished\":\"2017-11-20T19:43:28+00:00\",\"dateModified\":\"2025-06-18T14:46:43+00:00\",\"breadcrumb\":{\"@id\":\"https:\/\/ww16.ce.gov.br\/protecaoanimal\/institucional\/#breadcrumb\"},\"inLanguage\":\"pt-BR\",\"potentialAction\":[{\"@type\":\"ReadAction\",\"target\":[\"https:\/\/ww16.ce.gov.br\/protecaoanimal\/institucional\/\"]}]},{\"@type\":\"ImageObject\",\"inLanguage\":\"pt-BR\",\"@id\":\"https:\/\/ww16.ce.gov.br\/protecaoanimal\/institucional\/#primaryimage\",\"url\":\"http:\/\/ww16.ce.gov.br\/protecaoanimal\/wp-content\/uploads\/sites\/17\/2023\/09\/bg-bottom-menu-600x9.png\",\"contentUrl\":\"http:\/\/ww16.ce.gov.br\/protecaoanimal\/wp-content\/uploads\/sites\/17\/2023\/09\/bg-bottom-menu-600x9.png\"},{\"@type\":\"BreadcrumbList\",\"@id\":\"https:\/\/ww16.ce.gov.br\/protecaoanimal\/institucional\/#breadcrumb\",\"itemListElement\":[{\"@type\":\"ListItem\",\"position\":1,\"name\":\"In\u00edcio\",\"item\":\"https:\/\/ww16.ce.gov.br\/protecaoanimal\/\"},{\"@type\":\"ListItem\",\"position\":2,\"name\":\"Institucional\"}]},{\"@type\":\"WebSite\",\"@id\":\"https:\/\/ww16.ce.gov.br\/protecaoanimal\/#website\",\"url\":\"https:\/\/ww16.ce.gov.br\/protecaoanimal\/\",\"name\":\"Secretaria de Prote\u00e7\u00e3o Animal\",\"description\":\"Modelo Padr\u00e3o do Estado\",\"potentialAction\":[{\"@type\":\"SearchAction\",\"target\":{\"@type\":\"EntryPoint\",\"urlTemplate\":\"https:\/\/ww16.ce.gov.br\/protecaoanimal\/?s={search_term_string}\"},\"query-input\":{\"@type\":\"PropertyValueSpecification\",\"valueRequired\":true,\"valueName\":\"search_term_string\"}}],\"inLanguage\":\"pt-BR\"}]}<\/script>\n<!-- \/ Yoast SEO plugin. -->","yoast_head_json":{"title":"Institucional - Secretaria de Prote\u00e7\u00e3o Animal","robots":{"index":"index","follow":"follow","max-snippet":"max-snippet:-1","max-image-preview":"max-image-preview:large","max-video-preview":"max-video-preview:-1"},"canonical":"https:\/\/ww16.ce.gov.br\/protecaoanimal\/institucional\/","og_locale":"pt_BR","og_type":"article","og_title":"Institucional - Secretaria de Prote\u00e7\u00e3o Animal","og_description":"S\u00e3o algumas compet\u00eancias da Sepa: &nbsp; Promover o fortalecimento da assist\u00eancia m\u00e9dico-veterin\u00e1ria na capital e no interior do Estado do Cear\u00e1 a animais de pequeno e de grande porte, mediante a constru\u00e7\u00e3o, a opera\u00e7\u00e3o e a gest\u00e3o de estruturas, equipamentos e pessoal capacitado; Executar pol\u00edticas de controle populacional de animais na capital e no interior, [&hellip;]","og_url":"https:\/\/ww16.ce.gov.br\/protecaoanimal\/institucional\/","og_site_name":"Secretaria de Prote\u00e7\u00e3o Animal","article_modified_time":"2025-06-18T14:46:43+00:00","og_image":[{"url":"http:\/\/ww16.ce.gov.br\/protecaoanimal\/wp-content\/uploads\/sites\/17\/2023\/09\/bg-bottom-menu-600x9.png","type":"","width":"","height":""}],"twitter_card":"summary_large_image","twitter_misc":{"Est. reading time":"1 minuto"},"schema":{"@context":"https:\/\/schema.org","@graph":[{"@type":"WebPage","@id":"https:\/\/ww16.ce.gov.br\/protecaoanimal\/institucional\/","url":"https:\/\/ww16.ce.gov.br\/protecaoanimal\/institucional\/","name":"Institucional - Secretaria de Prote\u00e7\u00e3o Animal","isPartOf":{"@id":"https:\/\/ww16.ce.gov.br\/protecaoanimal\/#website"},"primaryImageOfPage":{"@id":"https:\/\/ww16.ce.gov.br\/protecaoanimal\/institucional\/#primaryimage"},"image":{"@id":"https:\/\/ww16.ce.gov.br\/protecaoanimal\/institucional\/#primaryimage"},"thumbnailUrl":"http:\/\/ww16.ce.gov.br\/protecaoanimal\/wp-content\/uploads\/sites\/17\/2023\/09\/bg-bottom-menu-600x9.png","datePublished":"2017-11-20T19:43:28+00:00","dateModified":"2025-06-18T14:46:43+00:00","breadcrumb":{"@id":"https:\/\/ww16.ce.gov.br\/protecaoanimal\/institucional\/#breadcrumb"},"inLanguage":"pt-BR","potentialAction":[{"@type":"ReadAction","target":["https:\/\/ww16.ce.gov.br\/protecaoanimal\/institucional\/"]}]},{"@type":"ImageObject","inLanguage":"pt-BR","@id":"https:\/\/ww16.ce.gov.br\/protecaoanimal\/institucional\/#primaryimage","url":"http:\/\/ww16.ce.gov.br\/protecaoanimal\/wp-content\/uploads\/sites\/17\/2023\/09\/bg-bottom-menu-600x9.png","contentUrl":"http:\/\/ww16.ce.gov.br\/protecaoanimal\/wp-content\/uploads\/sites\/17\/2023\/09\/bg-bottom-menu-600x9.png"},{"@type":"BreadcrumbList","@id":"https:\/\/ww16.ce.gov.br\/protecaoanimal\/institucional\/#breadcrumb","itemListElement":[{"@type":"ListItem","position":1,"name":"In\u00edcio","item":"https:\/\/ww16.ce.gov.br\/protecaoanimal\/"},{"@type":"ListItem","position":2,"name":"Institucional"}]},{"@type":"WebSite","@id":"https:\/\/ww16.ce.gov.br\/protecaoanimal\/#website","url":"https:\/\/ww16.ce.gov.br\/protecaoanimal\/","name":"Secretaria de Prote\u00e7\u00e3o Animal","description":"Modelo Padr\u00e3o do Estado","potentialAction":[{"@type":"SearchAction","target":{"@type":"EntryPoint","urlTemplate":"https:\/\/ww16.ce.gov.br\/protecaoanimal\/?s={search_term_string}"},"query-input":{"@type":"PropertyValueSpecification","valueRequired":true,"valueName":"search_term_string"}}],"inLanguage":"pt-BR"}]}},"_links":{"self":[{"href":"https:\/\/ww16.ce.gov.br\/protecaoanimal\/wp-json\/wp\/v2\/pages\/52","targetHints":{"allow":["GET"]}}],"collection":[{"href":"https:\/\/ww16.ce.gov.br\/protecaoanimal\/wp-json\/wp\/v2\/pages"}],"about":[{"href":"https:\/\/ww16.ce.gov.br\/protecaoanimal\/wp-json\/wp\/v2\/types\/page"}],"author":[{"embeddable":true,"href":"https:\/\/ww16.ce.gov.br\/protecaoanimal\/wp-json\/wp\/v2\/users\/38"}],"replies":[{"embeddable":true,"href":"https:\/\/ww16.ce.gov.br\/protecaoanimal\/wp-json\/wp\/v2\/comments?post=52"}],"version-history":[{"count":64,"href":"https:\/\/ww16.ce.gov.br\/protecaoanimal\/wp-json\/wp\/v2\/pages\/52\/revisions"}],"predecessor-version":[{"id":65282,"href":"https:\/\/ww16.ce.gov.br\/protecaoanimal\/wp-json\/wp\/v2\/pages\/52\/revisions\/65282"}],"wp:attachment":[{"href":"https:\/\/ww16.ce.gov.br\/protecaoanimal\/wp-json\/wp\/v2\/media?parent=52"}],"curies":[{"name":"wp","href":"https:\/\/api.w.org\/{rel}","templated":true}]}}