{"id":75870,"date":"2026-05-13T16:01:19","date_gmt":"2026-05-13T19:01:19","guid":{"rendered":"https:\/\/ww16.ce.gov.br\/pefoce\/?page_id=75870"},"modified":"2026-05-13T16:01:23","modified_gmt":"2026-05-13T19:01:23","slug":"relatorios-da-ouvidoria","status":"publish","type":"page","link":"https:\/\/ww16.ce.gov.br\/pefoce\/relatorios-da-ouvidoria\/","title":{"rendered":"Relat\u00f3rios da Ouvidoria"},"content":{"rendered":"\n<p><a href=\"https:\/\/ww16.ce.gov.br\/pefoce\/wp-content\/uploads\/sites\/57\/2025\/06\/RELATORIO_PEFOCE_assinado.pdf\" target=\"_blank\" rel=\"noreferrer noopener\">RELAT\u00d3RIO SIC 2024<\/a><\/p>\n\n\n\n<p><a href=\"https:\/\/ww16.ce.gov.br\/pefoce\/wp-content\/uploads\/sites\/57\/2025\/03\/Relatorio-de-Gestao-de-Ouvidoria-da-Pefoce_Exercicio-2024.pdf\" target=\"_blank\" rel=\"noreferrer noopener\">RELAT\u00d3RIO DE OUVIDORIA 2024<\/a><\/p>\n\n\n\n<p><a href=\"https:\/\/ww16.ce.gov.br\/pefoce\/wp-content\/uploads\/sites\/57\/2024\/04\/Relatorio-de-Gestao-Transparencia-2023-OUVIDORIA-1.pdf\" target=\"_blank\" rel=\"noreferrer noopener\">RELAT\u00d3RIO SIC 2023<\/a><\/p>\n\n\n\n<p><a href=\"https:\/\/ww16.ce.gov.br\/pefoce\/wp-content\/uploads\/sites\/57\/2024\/02\/Ouvidoria-2023.pdf\" target=\"_blank\" rel=\"noreferrer noopener\">RELAT\u00d3RIO DE OUVIDORIA 2023<\/a><\/p>\n\n\n\n<p><a href=\"https:\/\/ww16.ce.gov.br\/pefoce\/wp-content\/uploads\/sites\/57\/2023\/03\/OUVIDORIA-1.pdf\" target=\"_blank\" rel=\"noreferrer noopener\">RELAT\u00d3RIO SIC 2022<\/a><\/p>\n\n\n\n<p><a href=\"https:\/\/ww16.ce.gov.br\/pefoce\/wp-content\/uploads\/sites\/57\/2023\/03\/OUVIDORIA.pdf\" target=\"_blank\" rel=\"noreferrer noopener\">RELAT\u00d3RIO DE OUVIDORIA 2022<\/a><\/p>\n\n\n\n<p><a href=\"https:\/\/ww16.ce.gov.br\/pefoce\/wp-content\/uploads\/sites\/57\/2022\/03\/Relatorio-sic-2021-digitalizado.pdf\" target=\"_blank\" rel=\"noreferrer noopener\">RELAT\u00d3RIO SIC 2021<\/a><\/p>\n\n\n\n<p><a href=\"https:\/\/ww16.ce.gov.br\/pefoce\/wp-content\/uploads\/sites\/57\/2022\/02\/RELATORIO-DA-OUVIDORIA-PEFOCE-2021.pdf\" target=\"_blank\" rel=\"noreferrer noopener\">RELAT\u00d3RIO DE OUVIDORIA 2021<\/a><\/p>\n\n\n\n<p><a href=\"https:\/\/ww16.ce.gov.br\/pefoce\/wp-content\/uploads\/sites\/57\/2021\/02\/Relatorio-de-SIC-2020-digitalizado.pdf\" target=\"_blank\" rel=\"noreferrer noopener\">RELAT\u00d3RIO SIC 2020<\/a><\/p>\n\n\n\n<p><a href=\"https:\/\/ww16.ce.gov.br\/pefoce\/wp-content\/uploads\/sites\/57\/2021\/02\/Relatorio-Ouvidoria-2020-digitalizado.pdf\" target=\"_blank\" rel=\"noreferrer noopener\">RELAT\u00d3RIO DE OUVIDORIA 2020<\/a><\/p>\n\n\n\n<p><a href=\"https:\/\/ww16.ce.gov.br\/pefoce\/wp-content\/uploads\/sites\/57\/2020\/08\/Relat%C3%B3rio-de-Monitoramento.pdf\" target=\"_blank\" rel=\"noreferrer noopener\">RELAT\u00d3RIO SIC<\/a><\/p>\n\n\n\n<p><a href=\"https:\/\/ww16.ce.gov.br\/pefoce\/wp-content\/uploads\/sites\/57\/2020\/08\/Relat%C3%B3rio-de-Ouvidoria-2019.pdf\" target=\"_blank\" rel=\"noreferrer noopener\">RELAT\u00d3RIO DE OUVIDORIA 2019<\/a><\/p>\n\n\n\n<p><\/p>\n","protected":false},"excerpt":{"rendered":"<p>RELAT\u00d3RIO SIC 2024 RELAT\u00d3RIO DE OUVIDORIA 2024 RELAT\u00d3RIO SIC 2023 RELAT\u00d3RIO DE OUVIDORIA 2023 RELAT\u00d3RIO SIC 2022 RELAT\u00d3RIO DE OUVIDORIA 2022 RELAT\u00d3RIO SIC 2021 RELAT\u00d3RIO DE OUVIDORIA 2021 RELAT\u00d3RIO SIC 2020 RELAT\u00d3RIO DE OUVIDORIA 2020 RELAT\u00d3RIO SIC RELAT\u00d3RIO DE OUVIDORIA 2019<\/p>\n","protected":false},"author":59,"featured_media":0,"parent":0,"menu_order":0,"comment_status":"closed","ping_status":"closed","template":"","meta":{"_acf_changed":false,"inline_featured_image":false,"footnotes":""},"class_list":["post-75870","page","type-page","status-publish","hentry"],"acf":[],"yoast_head":"<!-- This site is optimized with the Yoast SEO plugin v26.9 - https:\/\/yoast.com\/product\/yoast-seo-wordpress\/ -->\n<title>Relat\u00f3rios da Ouvidoria - PEFOCE<\/title>\n<meta name=\"robots\" content=\"index, follow, max-snippet:-1, max-image-preview:large, max-video-preview:-1\" \/>\n<link rel=\"canonical\" href=\"https:\/\/ww16.ce.gov.br\/pefoce\/relatorios-da-ouvidoria\/\" \/>\n<meta property=\"og:locale\" content=\"pt_BR\" \/>\n<meta property=\"og:type\" content=\"article\" \/>\n<meta property=\"og:title\" content=\"Relat\u00f3rios da Ouvidoria - PEFOCE\" \/>\n<meta property=\"og:description\" content=\"RELAT\u00d3RIO SIC 2024 RELAT\u00d3RIO DE OUVIDORIA 2024 RELAT\u00d3RIO SIC 2023 RELAT\u00d3RIO DE OUVIDORIA 2023 RELAT\u00d3RIO SIC 2022 RELAT\u00d3RIO DE OUVIDORIA 2022 RELAT\u00d3RIO SIC 2021 RELAT\u00d3RIO DE OUVIDORIA 2021 RELAT\u00d3RIO SIC 2020 RELAT\u00d3RIO DE OUVIDORIA 2020 RELAT\u00d3RIO SIC RELAT\u00d3RIO DE OUVIDORIA 2019\" \/>\n<meta property=\"og:url\" content=\"https:\/\/ww16.ce.gov.br\/pefoce\/relatorios-da-ouvidoria\/\" \/>\n<meta property=\"og:site_name\" content=\"PEFOCE\" \/>\n<meta property=\"article:modified_time\" content=\"2026-05-13T19:01:23+00:00\" \/>\n<meta name=\"twitter:card\" content=\"summary_large_image\" \/>\n<meta name=\"twitter:label1\" content=\"Est. reading time\" \/>\n\t<meta name=\"twitter:data1\" content=\"1 minuto\" \/>\n<script type=\"application\/ld+json\" class=\"yoast-schema-graph\">{\"@context\":\"https:\/\/schema.org\",\"@graph\":[{\"@type\":\"WebPage\",\"@id\":\"https:\/\/ww16.ce.gov.br\/pefoce\/relatorios-da-ouvidoria\/\",\"url\":\"https:\/\/ww16.ce.gov.br\/pefoce\/relatorios-da-ouvidoria\/\",\"name\":\"Relat\u00f3rios da Ouvidoria - PEFOCE\",\"isPartOf\":{\"@id\":\"https:\/\/ww16.ce.gov.br\/pefoce\/#website\"},\"datePublished\":\"2026-05-13T19:01:19+00:00\",\"dateModified\":\"2026-05-13T19:01:23+00:00\",\"breadcrumb\":{\"@id\":\"https:\/\/ww16.ce.gov.br\/pefoce\/relatorios-da-ouvidoria\/#breadcrumb\"},\"inLanguage\":\"pt-BR\",\"potentialAction\":[{\"@type\":\"ReadAction\",\"target\":[\"https:\/\/ww16.ce.gov.br\/pefoce\/relatorios-da-ouvidoria\/\"]}]},{\"@type\":\"BreadcrumbList\",\"@id\":\"https:\/\/ww16.ce.gov.br\/pefoce\/relatorios-da-ouvidoria\/#breadcrumb\",\"itemListElement\":[{\"@type\":\"ListItem\",\"position\":1,\"name\":\"In\u00edcio\",\"item\":\"https:\/\/ww16.ce.gov.br\/pefoce\/\"},{\"@type\":\"ListItem\",\"position\":2,\"name\":\"Relat\u00f3rios da Ouvidoria\"}]},{\"@type\":\"WebSite\",\"@id\":\"https:\/\/ww16.ce.gov.br\/pefoce\/#website\",\"url\":\"https:\/\/ww16.ce.gov.br\/pefoce\/\",\"name\":\"Per\u00edcia Forense\",\"description\":\"Portal PEFOCE\",\"publisher\":{\"@id\":\"https:\/\/ww16.ce.gov.br\/pefoce\/#organization\"},\"potentialAction\":[{\"@type\":\"SearchAction\",\"target\":{\"@type\":\"EntryPoint\",\"urlTemplate\":\"https:\/\/ww16.ce.gov.br\/pefoce\/?s={search_term_string}\"},\"query-input\":{\"@type\":\"PropertyValueSpecification\",\"valueRequired\":true,\"valueName\":\"search_term_string\"}}],\"inLanguage\":\"pt-BR\"},{\"@type\":\"Organization\",\"@id\":\"https:\/\/ww16.ce.gov.br\/pefoce\/#organization\",\"name\":\"Per\u00edcia Forense\",\"url\":\"https:\/\/ww16.ce.gov.br\/pefoce\/\",\"logo\":{\"@type\":\"ImageObject\",\"inLanguage\":\"pt-BR\",\"@id\":\"https:\/\/ww16.ce.gov.br\/pefoce\/#\/schema\/logo\/image\/\",\"url\":\"http:\/\/ww16.ce.gov.br\/pefoce\/wp-content\/uploads\/sites\/28\/2018\/04\/pefoce-clara.png\",\"contentUrl\":\"http:\/\/ww16.ce.gov.br\/pefoce\/wp-content\/uploads\/sites\/28\/2018\/04\/pefoce-clara.png\",\"width\":559,\"height\":106,\"caption\":\"Per\u00edcia Forense\"},\"image\":{\"@id\":\"https:\/\/ww16.ce.gov.br\/pefoce\/#\/schema\/logo\/image\/\"}}]}<\/script>\n<!-- \/ Yoast SEO plugin. -->","yoast_head_json":{"title":"Relat\u00f3rios da Ouvidoria - PEFOCE","robots":{"index":"index","follow":"follow","max-snippet":"max-snippet:-1","max-image-preview":"max-image-preview:large","max-video-preview":"max-video-preview:-1"},"canonical":"https:\/\/ww16.ce.gov.br\/pefoce\/relatorios-da-ouvidoria\/","og_locale":"pt_BR","og_type":"article","og_title":"Relat\u00f3rios da Ouvidoria - PEFOCE","og_description":"RELAT\u00d3RIO SIC 2024 RELAT\u00d3RIO DE OUVIDORIA 2024 RELAT\u00d3RIO SIC 2023 RELAT\u00d3RIO DE OUVIDORIA 2023 RELAT\u00d3RIO SIC 2022 RELAT\u00d3RIO DE OUVIDORIA 2022 RELAT\u00d3RIO SIC 2021 RELAT\u00d3RIO DE OUVIDORIA 2021 RELAT\u00d3RIO SIC 2020 RELAT\u00d3RIO DE OUVIDORIA 2020 RELAT\u00d3RIO SIC RELAT\u00d3RIO DE OUVIDORIA 2019","og_url":"https:\/\/ww16.ce.gov.br\/pefoce\/relatorios-da-ouvidoria\/","og_site_name":"PEFOCE","article_modified_time":"2026-05-13T19:01:23+00:00","twitter_card":"summary_large_image","twitter_misc":{"Est. reading time":"1 minuto"},"schema":{"@context":"https:\/\/schema.org","@graph":[{"@type":"WebPage","@id":"https:\/\/ww16.ce.gov.br\/pefoce\/relatorios-da-ouvidoria\/","url":"https:\/\/ww16.ce.gov.br\/pefoce\/relatorios-da-ouvidoria\/","name":"Relat\u00f3rios da Ouvidoria - PEFOCE","isPartOf":{"@id":"https:\/\/ww16.ce.gov.br\/pefoce\/#website"},"datePublished":"2026-05-13T19:01:19+00:00","dateModified":"2026-05-13T19:01:23+00:00","breadcrumb":{"@id":"https:\/\/ww16.ce.gov.br\/pefoce\/relatorios-da-ouvidoria\/#breadcrumb"},"inLanguage":"pt-BR","potentialAction":[{"@type":"ReadAction","target":["https:\/\/ww16.ce.gov.br\/pefoce\/relatorios-da-ouvidoria\/"]}]},{"@type":"BreadcrumbList","@id":"https:\/\/ww16.ce.gov.br\/pefoce\/relatorios-da-ouvidoria\/#breadcrumb","itemListElement":[{"@type":"ListItem","position":1,"name":"In\u00edcio","item":"https:\/\/ww16.ce.gov.br\/pefoce\/"},{"@type":"ListItem","position":2,"name":"Relat\u00f3rios da Ouvidoria"}]},{"@type":"WebSite","@id":"https:\/\/ww16.ce.gov.br\/pefoce\/#website","url":"https:\/\/ww16.ce.gov.br\/pefoce\/","name":"Per\u00edcia Forense","description":"Portal PEFOCE","publisher":{"@id":"https:\/\/ww16.ce.gov.br\/pefoce\/#organization"},"potentialAction":[{"@type":"SearchAction","target":{"@type":"EntryPoint","urlTemplate":"https:\/\/ww16.ce.gov.br\/pefoce\/?s={search_term_string}"},"query-input":{"@type":"PropertyValueSpecification","valueRequired":true,"valueName":"search_term_string"}}],"inLanguage":"pt-BR"},{"@type":"Organization","@id":"https:\/\/ww16.ce.gov.br\/pefoce\/#organization","name":"Per\u00edcia Forense","url":"https:\/\/ww16.ce.gov.br\/pefoce\/","logo":{"@type":"ImageObject","inLanguage":"pt-BR","@id":"https:\/\/ww16.ce.gov.br\/pefoce\/#\/schema\/logo\/image\/","url":"http:\/\/ww16.ce.gov.br\/pefoce\/wp-content\/uploads\/sites\/28\/2018\/04\/pefoce-clara.png","contentUrl":"http:\/\/ww16.ce.gov.br\/pefoce\/wp-content\/uploads\/sites\/28\/2018\/04\/pefoce-clara.png","width":559,"height":106,"caption":"Per\u00edcia Forense"},"image":{"@id":"https:\/\/ww16.ce.gov.br\/pefoce\/#\/schema\/logo\/image\/"}}]}},"_links":{"self":[{"href":"https:\/\/ww16.ce.gov.br\/pefoce\/wp-json\/wp\/v2\/pages\/75870","targetHints":{"allow":["GET"]}}],"collection":[{"href":"https:\/\/ww16.ce.gov.br\/pefoce\/wp-json\/wp\/v2\/pages"}],"about":[{"href":"https:\/\/ww16.ce.gov.br\/pefoce\/wp-json\/wp\/v2\/types\/page"}],"author":[{"embeddable":true,"href":"https:\/\/ww16.ce.gov.br\/pefoce\/wp-json\/wp\/v2\/users\/59"}],"replies":[{"embeddable":true,"href":"https:\/\/ww16.ce.gov.br\/pefoce\/wp-json\/wp\/v2\/comments?post=75870"}],"version-history":[{"count":1,"href":"https:\/\/ww16.ce.gov.br\/pefoce\/wp-json\/wp\/v2\/pages\/75870\/revisions"}],"predecessor-version":[{"id":75872,"href":"https:\/\/ww16.ce.gov.br\/pefoce\/wp-json\/wp\/v2\/pages\/75870\/revisions\/75872"}],"wp:attachment":[{"href":"https:\/\/ww16.ce.gov.br\/pefoce\/wp-json\/wp\/v2\/media?parent=75870"}],"curies":[{"name":"wp","href":"https:\/\/api.w.org\/{rel}","templated":true}]}}