{"id":75641,"date":"2026-02-12T10:14:59","date_gmt":"2026-02-12T13:14:59","guid":{"rendered":"http:\/\/ww16.ce.gov.br\/pefoce\/?page_id=75641"},"modified":"2026-02-12T11:00:44","modified_gmt":"2026-02-12T14:00:44","slug":"quem-e-quem","status":"publish","type":"page","link":"https:\/\/ww16.ce.gov.br\/pefoce\/quem-e-quem\/","title":{"rendered":"Quem \u00e9 quem"},"content":{"rendered":"<div class=\"secretarios-container\"><div class=\"destaque-governo\" style=\"margin-bottom: 1.25rem;\"><div class=\"perfil-redes-sociais\"><img decoding=\"async\" src=\"https:\/\/ww16.ce.gov.br\/pefoce\/wp-content\/uploads\/sites\/57\/2018\/01\/WhatsApp-Image-2025-04-14-at-11.42.06.jpeg\" alt=\"J\u00falio Torres\" class=\"governo-foto\"><div class=\"governo-redes-sociais\"><\/div><\/div><div class=\"governo-bio\"><div class=\"governo-orgao\">Perito-Geral<\/div><h3 class=\"governo-nome\">J\u00falio Torres<\/h3><div class=\"governo-bio-texto\"><p>O perito legista J\u00falio Torres atua na Per\u00edcia Forense do Estado do Cear\u00e1 (Pefoce) desde 2006, onde construiu uma ampla trajet\u00f3ria t\u00e9cnica e de gest\u00e3o. Ao longo de sua carreira, atuou como Perito em diversos setores nas \u00e1reas de Laborat\u00f3rios Forenses, sempre desempenhando um trabalho t\u00e9cnico diferenciado, destacamos as atua\u00e7\u00f5es nos Laborat\u00f3rios de Toxicologia, Biologia e Bioqu\u00edmica e N\u00facleo de DNA Forense, contribuindo para o aprimoramento dos servi\u00e7os. J\u00falio Torres desempenhou fun\u00e7\u00f5es estrat\u00e9gicas na \u00e1rea da gest\u00e3o, como a supervisor dos N\u00facleo de Biologia e Bioqu\u00edmica Forense, e em seguida do N\u00facleo de Per\u00edcia em DNA Forense; coordenou a Coordenadoria de An\u00e1lises Laboratoriais Forenses (Calf), contribuindo diretamente para o aprimoramento das atividades laboratoriais da institui\u00e7\u00e3o. Formado em Farm\u00e1cia pela Universidade Federal do Cear\u00e1 (UFC), possui especializa\u00e7\u00e3o em An\u00e1lises Cl\u00ednicas e Toxicol\u00f3gicas e experi\u00eancia consolidada na \u00e1rea de Gen\u00e9tica, com \u00eanfase em Gen\u00e9tica Forense. Sua atua\u00e7\u00e3o \u00e9 marcada pelo compromisso com a ci\u00eancia e a qualidade dos servi\u00e7os prestados \u00e0 sociedade cearense. J\u00falio Torres tamb\u00e9m tem participa\u00e7\u00e3o ativa na produ\u00e7\u00e3o cient\u00edfica, com artigos publicados e apresenta\u00e7\u00f5es em congressos nacionais sobre temas relevantes, como \u201cPerfil \u00e9tnico da popula\u00e7\u00e3o do Cear\u00e1 baseado em marcadores STRs do Cromossomo Y\u201d; \u201cColeta de vest\u00edgios em crimes sexuais\u201d, al\u00e9m de estudos na \u00e1rea de DNA Forense e pr\u00e1ticas laboratoriais. \u00c9 vice-presidente (Regi\u00e3o Nordeste) do Conselho Nacional dos Dirigentes de Pol\u00edcia Cient\u00edfica (CONDPC) e professor da Disciplina de Gen\u00e9tica Forense da Academia Estadual de Seguran\u00e7a P\u00fablica do Cear\u00e1 (Aesp\/CE). Como perito-geral da Pefoce, refor\u00e7a o compromisso com a excel\u00eancia, a inova\u00e7\u00e3o e o fortalecimento da per\u00edcia criminal no Estado do Cear\u00e1.<\/p>\n<\/div><\/div><\/div><div class=\"destaque-governo layout-alternating\" style=\"margin-bottom: 1.25rem;\"><div class=\"perfil-redes-sociais\"><img decoding=\"async\" src=\"https:\/\/ww16.ce.gov.br\/pefoce\/wp-content\/uploads\/sites\/57\/2026\/02\/WhatsApp-Image-2025-04-14-at-11.36.38-768x496-1.jpeg\" alt=\"\u00c1tila Einstein\" class=\"governo-foto\"><div class=\"governo-redes-sociais\"><\/div><\/div><div class=\"governo-bio\"><div class=\"governo-orgao\">Perito-Geral Adjunto<\/div><h3 class=\"governo-nome\">\u00c1tila Einstein<\/h3><div class=\"governo-bio-texto\"><p>\u00c1tila\u00a0 Einstein \u00e9 o atual Perito-Geral Adjunto da Per\u00edcia Forense do Estado do Cear\u00e1 (Pefoce). Com uma trajet\u00f3ria profissional abrangente em \u00e1reas estrat\u00e9gicas, como per\u00edcia criminal, ci\u00eancia da computa\u00e7\u00e3o, finan\u00e7as e administra\u00e7\u00e3o p\u00fablica, \u00e9 graduado em Inform\u00e1tica,Mestre em Economia pela Universidade Federal do Cear\u00e1 (UFC) e Mestre em Ci\u00eancia da Computa\u00e7\u00e3o pela Universidade Estadual do Cear\u00e1 (UECE). Possui MBA Executivo em Gest\u00e3o Financeira, al\u00e9m de especializa\u00e7\u00f5es em Per\u00edcia Criminal e em Gest\u00e3o de Seguran\u00e7a P\u00fablica. \u00c9 graduando em Direito e t\u00e9cnico em Inform\u00e1tica Industrial pelo antigo ETFCe (atual IFCE).<br \/>\nPossui diversas certifica\u00e7\u00f5es profissionais, entre elas: certifica\u00e7\u00f5es Microsoft em Sistemas Operacionais e Gerenciamento de Banco de Dados; certifica\u00e7\u00f5es da ANBIMA (CPA-10 e CPA-20); e certifica\u00e7\u00e3o CGRPPS pela APIMEC. Atua tamb\u00e9m como membro do Comit\u00ea de Investimentos da CEPrevCom, contribuindo com sua expertise na \u00e1rea de finan\u00e7as p\u00fablicas e previdenci\u00e1rias.<br \/>\nAl\u00e9m da atua\u00e7\u00e3o na Pefoce, tem experi\u00eancia como professor universit\u00e1rio nas \u00e1reas de Ci\u00eancia da Computa\u00e7\u00e3o, Finan\u00e7as e Contabilidade. No \u00e2mbito da Pefoce, exerceu a fun\u00e7\u00e3o de Secret\u00e1rio Executivo (denomina\u00e7\u00e3o antiga de Diretor de Planejamento e Gest\u00e3o Interna \u2013 DPGI) no per\u00edodo de 2017 a 2018.<br \/>\nCom trajet\u00f3ria marcada pela interdisciplinaridade, \u00c1tila Oliveira re\u00fane compet\u00eancias t\u00e9cnicas e gerenciais que fortalecem a atua\u00e7\u00e3o da Pefoce no campo da seguran\u00e7a p\u00fablica e da per\u00edcia criminal no Estado do Cear\u00e1.<\/p>\n<\/div><\/div><\/div><div class=\"destaque-governo\" style=\"margin-bottom: 1.25rem;\"><div class=\"perfil-redes-sociais\"><img decoding=\"async\" src=\"https:\/\/ww16.ce.gov.br\/pefoce\/wp-content\/uploads\/sites\/57\/2026\/02\/WhatsApp-Image-2025-04-15-at-08.23.05-600x800-1.jpeg\" alt=\"Manuela C\u00e2ndido\" class=\"governo-foto\"><div class=\"governo-redes-sociais\"><\/div><\/div><div class=\"governo-bio\"><div class=\"governo-orgao\">Diretora de Planejamento e Gest\u00e3o Inter&#8230;<\/div><h3 class=\"governo-nome\">Manuela C\u00e2ndido<\/h3><div class=\"governo-bio-texto\"><p>Perita criminal da \u00e1rea de Qu\u00edmica desde 2013, aprovada no concurso da Per\u00edcia Forense do Estado do Cear\u00e1 (Pefoce), Manuela C\u00e2ndido possui ampla forma\u00e7\u00e3o acad\u00eamica e vasta experi\u00eancia em per\u00edcia forense e gest\u00e3o p\u00fablica.<br \/>\n\u00c9 graduada em Qu\u00edmica Industrial pela Universidade Federal do Cear\u00e1 (UFC) e mestre em Qu\u00edmica pela mesma institui\u00e7\u00e3o, em parceria com a Universidade de S\u00e3o Paulo (USP) \u2013 campus Ribeir\u00e3o Preto. Especializou-se em per\u00edcia de explosivos, com forma\u00e7\u00e3o t\u00e9cnica na \u00e1rea, atuando no N\u00facleo de Qu\u00edmica Forense da Pefoce.<br \/>\nIniciou sua trajet\u00f3ria em cargos de gest\u00e3o em 2017, quando assumiu a Coordenadoria de An\u00e1lises Laboratoriais Forenses (Calf), sendo respons\u00e1vel pela coordena\u00e7\u00e3o e supervis\u00e3o dos laborat\u00f3rios periciais do Estado do Cear\u00e1 at\u00e9 2020.<br \/>\nEntre 2021 e 2022, atuou como diretora de Pesquisa e Avalia\u00e7\u00e3o de Pol\u00edticas de Seguran\u00e7a P\u00fablica na Superintend\u00eancia de Pesquisa e Estrat\u00e9gia de Seguran\u00e7a P\u00fablica (Supesp), onde conduziu pesquisas e acompanhou pol\u00edticas p\u00fablicas estrat\u00e9gicas voltadas \u00e0 melhoria dos indicadores criminais no Estado. Durante esse per\u00edodo, colaborou diretamente com o desenvolvimento do Programa Integrado de Preven\u00e7\u00e3o e Redu\u00e7\u00e3o da Viol\u00eancia (PReVio), iniciativa baseada em evid\u00eancias do Governo do Cear\u00e1.<br \/>\nDesde 2023, exerce o cargo de Diretora de Planejamento e Gest\u00e3o Interna da Pefoce, sendo respons\u00e1vel pela coordena\u00e7\u00e3o estrat\u00e9gica, planejamento institucional e aprimoramento dos processos administrativos da institui\u00e7\u00e3o.<\/p>\n<\/div><\/div><\/div><div class=\"div-listagem-cards-secretarios\"><div class=\"div-lista-cards secretarios-grid\"><\/div><\/div><\/div>","protected":false},"excerpt":{"rendered":"","protected":false},"author":59,"featured_media":0,"parent":0,"menu_order":0,"comment_status":"closed","ping_status":"closed","template":"page-secretarios.php","meta":{"_acf_changed":false,"inline_featured_image":false,"footnotes":""},"class_list":["post-75641","page","type-page","status-publish","hentry"],"acf":[],"yoast_head":"<!-- This site is optimized with the Yoast SEO plugin v26.9 - https:\/\/yoast.com\/product\/yoast-seo-wordpress\/ -->\n<title>Quem \u00e9 quem - PEFOCE<\/title>\n<meta name=\"robots\" content=\"index, follow, max-snippet:-1, max-image-preview:large, max-video-preview:-1\" \/>\n<link rel=\"canonical\" href=\"https:\/\/ww16.ce.gov.br\/pefoce\/quem-e-quem\/\" \/>\n<meta property=\"og:locale\" content=\"pt_BR\" \/>\n<meta property=\"og:type\" content=\"article\" \/>\n<meta property=\"og:title\" content=\"Quem \u00e9 quem - PEFOCE\" \/>\n<meta property=\"og:url\" content=\"https:\/\/ww16.ce.gov.br\/pefoce\/quem-e-quem\/\" \/>\n<meta property=\"og:site_name\" content=\"PEFOCE\" \/>\n<meta property=\"article:modified_time\" content=\"2026-02-12T14:00:44+00:00\" \/>\n<meta name=\"twitter:card\" content=\"summary_large_image\" \/>\n<script type=\"application\/ld+json\" class=\"yoast-schema-graph\">{\"@context\":\"https:\/\/schema.org\",\"@graph\":[{\"@type\":\"WebPage\",\"@id\":\"https:\/\/ww16.ce.gov.br\/pefoce\/quem-e-quem\/\",\"url\":\"https:\/\/ww16.ce.gov.br\/pefoce\/quem-e-quem\/\",\"name\":\"Quem \u00e9 quem - PEFOCE\",\"isPartOf\":{\"@id\":\"https:\/\/ww16.ce.gov.br\/pefoce\/#website\"},\"datePublished\":\"2026-02-12T13:14:59+00:00\",\"dateModified\":\"2026-02-12T14:00:44+00:00\",\"breadcrumb\":{\"@id\":\"https:\/\/ww16.ce.gov.br\/pefoce\/quem-e-quem\/#breadcrumb\"},\"inLanguage\":\"pt-BR\",\"potentialAction\":[{\"@type\":\"ReadAction\",\"target\":[\"https:\/\/ww16.ce.gov.br\/pefoce\/quem-e-quem\/\"]}]},{\"@type\":\"BreadcrumbList\",\"@id\":\"https:\/\/ww16.ce.gov.br\/pefoce\/quem-e-quem\/#breadcrumb\",\"itemListElement\":[{\"@type\":\"ListItem\",\"position\":1,\"name\":\"In\u00edcio\",\"item\":\"https:\/\/ww16.ce.gov.br\/pefoce\/\"},{\"@type\":\"ListItem\",\"position\":2,\"name\":\"Quem \u00e9 quem\"}]},{\"@type\":\"WebSite\",\"@id\":\"https:\/\/ww16.ce.gov.br\/pefoce\/#website\",\"url\":\"https:\/\/ww16.ce.gov.br\/pefoce\/\",\"name\":\"Per\u00edcia Forense\",\"description\":\"Portal PEFOCE\",\"publisher\":{\"@id\":\"https:\/\/ww16.ce.gov.br\/pefoce\/#organization\"},\"potentialAction\":[{\"@type\":\"SearchAction\",\"target\":{\"@type\":\"EntryPoint\",\"urlTemplate\":\"https:\/\/ww16.ce.gov.br\/pefoce\/?s={search_term_string}\"},\"query-input\":{\"@type\":\"PropertyValueSpecification\",\"valueRequired\":true,\"valueName\":\"search_term_string\"}}],\"inLanguage\":\"pt-BR\"},{\"@type\":\"Organization\",\"@id\":\"https:\/\/ww16.ce.gov.br\/pefoce\/#organization\",\"name\":\"Per\u00edcia Forense\",\"url\":\"https:\/\/ww16.ce.gov.br\/pefoce\/\",\"logo\":{\"@type\":\"ImageObject\",\"inLanguage\":\"pt-BR\",\"@id\":\"https:\/\/ww16.ce.gov.br\/pefoce\/#\/schema\/logo\/image\/\",\"url\":\"http:\/\/ww16.ce.gov.br\/pefoce\/wp-content\/uploads\/sites\/28\/2018\/04\/pefoce-clara.png\",\"contentUrl\":\"http:\/\/ww16.ce.gov.br\/pefoce\/wp-content\/uploads\/sites\/28\/2018\/04\/pefoce-clara.png\",\"width\":559,\"height\":106,\"caption\":\"Per\u00edcia Forense\"},\"image\":{\"@id\":\"https:\/\/ww16.ce.gov.br\/pefoce\/#\/schema\/logo\/image\/\"}}]}<\/script>\n<!-- \/ Yoast SEO plugin. -->","yoast_head_json":{"title":"Quem \u00e9 quem - PEFOCE","robots":{"index":"index","follow":"follow","max-snippet":"max-snippet:-1","max-image-preview":"max-image-preview:large","max-video-preview":"max-video-preview:-1"},"canonical":"https:\/\/ww16.ce.gov.br\/pefoce\/quem-e-quem\/","og_locale":"pt_BR","og_type":"article","og_title":"Quem \u00e9 quem - PEFOCE","og_url":"https:\/\/ww16.ce.gov.br\/pefoce\/quem-e-quem\/","og_site_name":"PEFOCE","article_modified_time":"2026-02-12T14:00:44+00:00","twitter_card":"summary_large_image","schema":{"@context":"https:\/\/schema.org","@graph":[{"@type":"WebPage","@id":"https:\/\/ww16.ce.gov.br\/pefoce\/quem-e-quem\/","url":"https:\/\/ww16.ce.gov.br\/pefoce\/quem-e-quem\/","name":"Quem \u00e9 quem - PEFOCE","isPartOf":{"@id":"https:\/\/ww16.ce.gov.br\/pefoce\/#website"},"datePublished":"2026-02-12T13:14:59+00:00","dateModified":"2026-02-12T14:00:44+00:00","breadcrumb":{"@id":"https:\/\/ww16.ce.gov.br\/pefoce\/quem-e-quem\/#breadcrumb"},"inLanguage":"pt-BR","potentialAction":[{"@type":"ReadAction","target":["https:\/\/ww16.ce.gov.br\/pefoce\/quem-e-quem\/"]}]},{"@type":"BreadcrumbList","@id":"https:\/\/ww16.ce.gov.br\/pefoce\/quem-e-quem\/#breadcrumb","itemListElement":[{"@type":"ListItem","position":1,"name":"In\u00edcio","item":"https:\/\/ww16.ce.gov.br\/pefoce\/"},{"@type":"ListItem","position":2,"name":"Quem \u00e9 quem"}]},{"@type":"WebSite","@id":"https:\/\/ww16.ce.gov.br\/pefoce\/#website","url":"https:\/\/ww16.ce.gov.br\/pefoce\/","name":"Per\u00edcia Forense","description":"Portal PEFOCE","publisher":{"@id":"https:\/\/ww16.ce.gov.br\/pefoce\/#organization"},"potentialAction":[{"@type":"SearchAction","target":{"@type":"EntryPoint","urlTemplate":"https:\/\/ww16.ce.gov.br\/pefoce\/?s={search_term_string}"},"query-input":{"@type":"PropertyValueSpecification","valueRequired":true,"valueName":"search_term_string"}}],"inLanguage":"pt-BR"},{"@type":"Organization","@id":"https:\/\/ww16.ce.gov.br\/pefoce\/#organization","name":"Per\u00edcia Forense","url":"https:\/\/ww16.ce.gov.br\/pefoce\/","logo":{"@type":"ImageObject","inLanguage":"pt-BR","@id":"https:\/\/ww16.ce.gov.br\/pefoce\/#\/schema\/logo\/image\/","url":"http:\/\/ww16.ce.gov.br\/pefoce\/wp-content\/uploads\/sites\/28\/2018\/04\/pefoce-clara.png","contentUrl":"http:\/\/ww16.ce.gov.br\/pefoce\/wp-content\/uploads\/sites\/28\/2018\/04\/pefoce-clara.png","width":559,"height":106,"caption":"Per\u00edcia Forense"},"image":{"@id":"https:\/\/ww16.ce.gov.br\/pefoce\/#\/schema\/logo\/image\/"}}]}},"_links":{"self":[{"href":"https:\/\/ww16.ce.gov.br\/pefoce\/wp-json\/wp\/v2\/pages\/75641","targetHints":{"allow":["GET"]}}],"collection":[{"href":"https:\/\/ww16.ce.gov.br\/pefoce\/wp-json\/wp\/v2\/pages"}],"about":[{"href":"https:\/\/ww16.ce.gov.br\/pefoce\/wp-json\/wp\/v2\/types\/page"}],"author":[{"embeddable":true,"href":"https:\/\/ww16.ce.gov.br\/pefoce\/wp-json\/wp\/v2\/users\/59"}],"replies":[{"embeddable":true,"href":"https:\/\/ww16.ce.gov.br\/pefoce\/wp-json\/wp\/v2\/comments?post=75641"}],"version-history":[{"count":10,"href":"https:\/\/ww16.ce.gov.br\/pefoce\/wp-json\/wp\/v2\/pages\/75641\/revisions"}],"predecessor-version":[{"id":75682,"href":"https:\/\/ww16.ce.gov.br\/pefoce\/wp-json\/wp\/v2\/pages\/75641\/revisions\/75682"}],"wp:attachment":[{"href":"https:\/\/ww16.ce.gov.br\/pefoce\/wp-json\/wp\/v2\/media?parent=75641"}],"curies":[{"name":"wp","href":"https:\/\/api.w.org\/{rel}","templated":true}]}}