{"id":74151,"date":"2025-03-07T09:21:06","date_gmt":"2025-03-07T12:21:06","guid":{"rendered":"http:\/\/ww16.ce.gov.br\/pefoce\/?page_id=74151"},"modified":"2025-10-30T13:16:57","modified_gmt":"2025-10-30T16:16:57","slug":"boletin-semanal","status":"publish","type":"page","link":"https:\/\/ww16.ce.gov.br\/pefoce\/boletin-semanal\/","title":{"rendered":"Boletim Semanal"},"content":{"rendered":"<p><a href=\"https:\/\/ww16.ce.gov.br\/pefoce\/wp-content\/uploads\/sites\/57\/2025\/10\/72o-INFORMATIVO-INTERNO.pdf\">EDI\u00c7\u00c3O 72<\/a><\/p>\n<p><a href=\"https:\/\/ww16.ce.gov.br\/pefoce\/wp-content\/uploads\/sites\/57\/2025\/10\/71o-INFORMATIVO-INTERNO.pdf\">EDI\u00c7\u00c3O 71<\/a><\/p>\n<p><a href=\"https:\/\/ww16.ce.gov.br\/pefoce\/wp-content\/uploads\/sites\/57\/2025\/10\/70o-INFORMATIVO-INTERNO.pdf\">EDI\u00c7\u00c3O 70<\/a><\/p>\n<p><a href=\"https:\/\/ww16.ce.gov.br\/pefoce\/wp-content\/uploads\/sites\/57\/2025\/10\/69o-INFORMATIVO-INTERNO.pdf\">EDI\u00c7\u00c3O 69<\/a><\/p>\n<p><a href=\"https:\/\/ww16.ce.gov.br\/pefoce\/wp-content\/uploads\/sites\/57\/2025\/10\/68o-INFORMATIVO-INTERNO.pdf\">EDI\u00c7\u00c3O 68<\/a><\/p>\n<p><a href=\"https:\/\/ww16.ce.gov.br\/pefoce\/wp-content\/uploads\/sites\/57\/2025\/10\/67o-INFORMATIVO-INTERNO.pdf\">EDI\u00c7\u00c3O 67<\/a><\/p>\n<p><a href=\"https:\/\/ww16.ce.gov.br\/pefoce\/wp-content\/uploads\/sites\/57\/2025\/10\/66o-INFORMATIVO-INTERNO.pdf\">EDI\u00c7\u00c3O 66<\/a><\/p>\n<p><a href=\"https:\/\/ww16.ce.gov.br\/pefoce\/wp-content\/uploads\/sites\/57\/2025\/10\/65o-INFORMATIVO-INTERNO.pdf\">EDI\u00c7\u00c3O 65<\/a><\/p>\n<p><a href=\"https:\/\/ww16.ce.gov.br\/pefoce\/wp-content\/uploads\/sites\/57\/2025\/10\/64o-INFORMATIVO-INTERNO.pdf\">EDI\u00c7\u00c3O 64<\/a><\/p>\n<p><a href=\"https:\/\/ww16.ce.gov.br\/pefoce\/wp-content\/uploads\/sites\/57\/2025\/10\/63o-INFORMATIVO-INTERNO.pdf\">EDI\u00c7\u00c3O 63<\/a><\/p>\n<p><a href=\"https:\/\/ww16.ce.gov.br\/pefoce\/wp-content\/uploads\/sites\/57\/2025\/10\/62o-INFORMATIVO-INTERNO.pdf\">EDI\u00c7\u00c3O 62<\/a><\/p>\n<p><a href=\"https:\/\/ww16.ce.gov.br\/pefoce\/wp-content\/uploads\/sites\/57\/2025\/10\/61o-INFORMATIVO-INTERNO.pdf\">EDI\u00c7\u00c3O 61<\/a><\/p>\n<p><a href=\"https:\/\/ww16.ce.gov.br\/pefoce\/wp-content\/uploads\/sites\/57\/2025\/10\/60o-INFORMATIVO-INTERNO.pdf\">EDI\u00c7\u00c3O 60<\/a><\/p>\n<p><a href=\"https:\/\/ww16.ce.gov.br\/pefoce\/wp-content\/uploads\/sites\/57\/2025\/10\/59o-INFORMATIVO-INTERNO.pdf\">EDI\u00c7\u00c3O 59<\/a><\/p>\n<p><a href=\"https:\/\/ww16.ce.gov.br\/pefoce\/wp-content\/uploads\/sites\/57\/2025\/10\/58o-INFORMATIVO-INTERNO.pdf\">EDI\u00c7\u00c3O 58<\/a><\/p>\n<p><a href=\"https:\/\/ww16.ce.gov.br\/pefoce\/wp-content\/uploads\/sites\/57\/2025\/10\/57o-INFORMATIVO-INTERNO.pdf\">EDI\u00c7\u00c3O 57<\/a><\/p>\n<p><a href=\"https:\/\/ww16.ce.gov.br\/pefoce\/wp-content\/uploads\/sites\/57\/2025\/10\/56o-INFORMATIVO-INTERNO.pdf\">EDI\u00c7\u00c3O 56<\/a><\/p>\n<p><a href=\"https:\/\/ww16.ce.gov.br\/pefoce\/wp-content\/uploads\/sites\/57\/2025\/10\/55o-INFORMATIVO-INTERNO-1.pdf\">EDI\u00c7\u00c3O 55<\/a><\/p>\n<p><a href=\"https:\/\/ww16.ce.gov.br\/pefoce\/wp-content\/uploads\/sites\/57\/2025\/10\/54o-INFORMATIVO-INTERNO.pdf\">EDI\u00c7\u00c3O 54<\/a><\/p>\n<p><a href=\"https:\/\/ww16.ce.gov.br\/pefoce\/wp-content\/uploads\/sites\/57\/2025\/10\/53o-INFORMATIVO-INTERNO.pdf\">EDI\u00c7\u00c3O 53<\/a><\/p>\n<p><a href=\"https:\/\/ww16.ce.gov.br\/pefoce\/wp-content\/uploads\/sites\/57\/2025\/06\/52o-INFORMATIVO-INTERNO.pdf\">EDI\u00c7\u00c3O 52<\/a><\/p>\n<p><a href=\"https:\/\/ww16.ce.gov.br\/pefoce\/wp-content\/uploads\/sites\/57\/2025\/06\/51o-INFORMATIVO-INTERNO.pdf\">EDI\u00c7\u00c3O 51<\/a><\/p>\n<p><a href=\"https:\/\/ww16.ce.gov.br\/pefoce\/wp-content\/uploads\/sites\/57\/2025\/06\/50o-INFORMATIVO-INTERNO.pdf\">EDI\u00c7\u00c3O 50<\/a><\/p>\n<p><a href=\"https:\/\/ww16.ce.gov.br\/pefoce\/wp-content\/uploads\/sites\/57\/2025\/06\/49\u00b0-INFORMATIVO-INTERNO.pdf\">EDI\u00c7\u00c3O 49<\/a><\/p>\n<p><a href=\"https:\/\/ww16.ce.gov.br\/pefoce\/wp-content\/uploads\/sites\/57\/2025\/06\/48\u00b0-INFORMATIVO-INTERNO.pdf\">EDI\u00c7\u00c3O 48<\/a><\/p>\n<p><a href=\"https:\/\/ww16.ce.gov.br\/pefoce\/wp-content\/uploads\/sites\/57\/2025\/06\/47\u00b0-INFORMATIVO-INTERNO.pdf\">EDI\u00c7\u00c3O 47<\/a><\/p>\n<p><a href=\"https:\/\/ww16.ce.gov.br\/pefoce\/wp-content\/uploads\/sites\/57\/2025\/06\/46\u00b0-INFORMATIVO-INTERNO.pdf\">EDI\u00c7\u00c3O 46<\/a><\/p>\n<p><a href=\"https:\/\/ww16.ce.gov.br\/pefoce\/wp-content\/uploads\/sites\/57\/2025\/06\/45\u00b0-INFORMATIVO-INTERNO.pdf\">EDI\u00c7\u00c3O 45<\/a><\/p>\n<p><a href=\"https:\/\/ww16.ce.gov.br\/pefoce\/wp-content\/uploads\/sites\/57\/2025\/06\/44\u00b0-INFORMATIVO-INTERNO-1.pdf\">EDI\u00c7\u00c3O 44<\/a><\/p>\n<p><a href=\"https:\/\/ww16.ce.gov.br\/pefoce\/wp-content\/uploads\/sites\/57\/2025\/06\/43\u00b0-INFORMATIVO-INTERNO-1.pdf\">EDI\u00c7\u00c3O 43<\/a><\/p>\n<p><a href=\"https:\/\/ww16.ce.gov.br\/pefoce\/wp-content\/uploads\/sites\/57\/2025\/06\/42\u00b0-INFORMATIVO-INTERNO.pdf\">EDI\u00c7\u00c3O 42<\/a><\/p>\n<p><a href=\"https:\/\/ww16.ce.gov.br\/pefoce\/wp-content\/uploads\/sites\/57\/2025\/06\/41\u00b0-INFORMATIVO-INTERNO.pdf\">EDI\u00c7\u00c3O 41<\/a><\/p>\n<p><a href=\"https:\/\/ww16.ce.gov.br\/pefoce\/wp-content\/uploads\/sites\/57\/2025\/06\/40\u00b0-INFORMATIVO-INTERNO.pdf\">EDI\u00c7\u00c3O 40<\/a><\/p>\n<p><a href=\"https:\/\/ww16.ce.gov.br\/pefoce\/wp-content\/uploads\/sites\/57\/2025\/06\/39\u00b0-INFORMATIVO-INTERNO.pdf\">EDI\u00c7\u00c3O 39<\/a><\/p>\n<p><a href=\"https:\/\/ww16.ce.gov.br\/pefoce\/wp-content\/uploads\/sites\/57\/2025\/06\/38\u00b0-INFORMATIVO-INTERNO.pdf\">EDI\u00c7\u00c3O 38<\/a><\/p>\n<p><a href=\"https:\/\/ww16.ce.gov.br\/pefoce\/wp-content\/uploads\/sites\/57\/2025\/06\/37\u00b0-INFORMATIVO-INTERNO.pdf\">EDI\u00c7\u00c3O 37<\/a><\/p>\n<p><a href=\"https:\/\/ww16.ce.gov.br\/pefoce\/wp-content\/uploads\/sites\/57\/2025\/06\/36-\u00b0-INFORMATIVO-INTERNO.pdf\">EDI\u00c7\u00c3O 36<\/a><\/p>\n<p><a href=\"https:\/\/ww16.ce.gov.br\/pefoce\/wp-content\/uploads\/sites\/57\/2025\/06\/35-\u00b0-INFORMATIVO-INTERNO.pdf\">EDI\u00c7\u00c3O 35<\/a><\/p>\n<p><a href=\"https:\/\/ww16.ce.gov.br\/pefoce\/wp-content\/uploads\/sites\/57\/2025\/06\/34-\u00b0-INFORMATIVO-INTERNO.pdf\">EDI\u00c7\u00c3O 34<\/a><\/p>\n<p><a href=\"https:\/\/ww16.ce.gov.br\/pefoce\/wp-content\/uploads\/sites\/57\/2025\/06\/33-\u00b0-INFORMATIVO-INTERNO.pdf\">EDI\u00c7\u00c3O 33<\/a><\/p>\n<p><a href=\"https:\/\/ww16.ce.gov.br\/pefoce\/wp-content\/uploads\/sites\/57\/2025\/06\/32-\u00b0-INFORMATIVO-INTERNO.pdf\">EDI\u00c7\u00c3O 32<\/a><\/p>\n<p><a href=\"https:\/\/ww16.ce.gov.br\/pefoce\/wp-content\/uploads\/sites\/57\/2025\/06\/31-\u00b0-INFORMATIVO-INTERNO.pdf\">EDI\u00c7\u00c3O 31<\/a><\/p>\n<p><a href=\"https:\/\/ww16.ce.gov.br\/pefoce\/wp-content\/uploads\/sites\/57\/2025\/06\/30-\u00b0-INFORMATIVO-INTERNO.pdf\">EDI\u00c7\u00c3O 30<\/a><\/p>\n<p><a href=\"https:\/\/ww16.ce.gov.br\/pefoce\/wp-content\/uploads\/sites\/57\/2025\/06\/29\u00b0-INFORMATIVO-INTERNO.pdf\">EDI\u00c7\u00c3O 29<\/a><\/p>\n<p><a href=\"https:\/\/ww16.ce.gov.br\/pefoce\/wp-content\/uploads\/sites\/57\/2025\/06\/28\u00b0-INFORMATIVO-INTERNO.pdf\">EDI\u00c7\u00c3O 28<\/a><\/p>\n<p><a href=\"https:\/\/ww16.ce.gov.br\/pefoce\/wp-content\/uploads\/sites\/57\/2025\/06\/27\u00b0-INFORMATIVO-INTERNO.pdf\">EDI\u00c7\u00c3O 27<\/a><\/p>\n<p><a href=\"https:\/\/ww16.ce.gov.br\/pefoce\/wp-content\/uploads\/sites\/57\/2025\/06\/26\u00b0-INFORMATIVO-INTERNO.pdf\">EDI\u00c7\u00c3O 26<\/a><\/p>\n<p><a href=\"https:\/\/ww16.ce.gov.br\/pefoce\/wp-content\/uploads\/sites\/57\/2025\/06\/25\u00b0-INFORMATIVO-INTERNO.pdf\">EDI\u00c7\u00c3O 25<\/a><\/p>\n<p><a href=\"https:\/\/ww16.ce.gov.br\/pefoce\/wp-content\/uploads\/sites\/57\/2025\/06\/24\u00b0-INFORMATIVO-INTERNO-2.pdf\">EDI\u00c7\u00c3O 24<\/a><\/p>\n<p><a href=\"https:\/\/ww16.ce.gov.br\/pefoce\/wp-content\/uploads\/sites\/57\/2025\/06\/23\u00b0-INFORMATIVO-INTERNO-1.pdf\">EDI\u00c7\u00c3O 23<\/a><\/p>\n<p><a href=\"https:\/\/ww16.ce.gov.br\/pefoce\/wp-content\/uploads\/sites\/57\/2025\/06\/Copia-de-22\u00b0-INFORMATIVO-INTERNO.pdf\">EDI\u00c7\u00c3O 22<\/a><\/p>\n<p><a href=\"https:\/\/ww16.ce.gov.br\/pefoce\/wp-content\/uploads\/sites\/57\/2025\/06\/21\u00b0-INFORMATIVO-INTERNO.pdf\">EDI\u00c7\u00c3O 21<\/a><\/p>\n<p><a href=\"https:\/\/ww16.ce.gov.br\/pefoce\/wp-content\/uploads\/sites\/57\/2025\/06\/20\u00b0-INFORMATIVO-INTERNO.pdf\">EDI\u00c7\u00c3O 20<\/a><\/p>\n<p><a href=\"https:\/\/ww16.ce.gov.br\/pefoce\/wp-content\/uploads\/sites\/57\/2025\/06\/19\u00b0-INFORMATIVO-INTERNO.pdf\">EDI\u00c7\u00c3O 19<\/a><\/p>\n<p><a href=\"https:\/\/ww16.ce.gov.br\/pefoce\/wp-content\/uploads\/sites\/57\/2025\/06\/18\u00b0-INFORMATIVO-INTERNO-2.pdf\">EDI\u00c7\u00c3O 18<\/a><\/p>\n<p><a href=\"https:\/\/ww16.ce.gov.br\/pefoce\/wp-content\/uploads\/sites\/57\/2025\/06\/17\u00b0-INFORMATIVO-INTERNO.pdf\">EDI\u00c7\u00c3O 17<\/a><\/p>\n<p><a href=\"https:\/\/ww16.ce.gov.br\/pefoce\/wp-content\/uploads\/sites\/57\/2025\/06\/16\u00b0-INFORMATIVO-INTERNO.pdf\">EDI\u00c7\u00c3O 16<\/a><\/p>\n<p><a href=\"https:\/\/ww16.ce.gov.br\/pefoce\/wp-content\/uploads\/sites\/57\/2025\/06\/15\u00b0-INFORMATIVO-INTERNO.pdf\">EDI\u00c7\u00c3O 15<\/a><\/p>\n<p><a href=\"https:\/\/ww16.ce.gov.br\/pefoce\/wp-content\/uploads\/sites\/57\/2025\/06\/14\u00b0-INFORMATIVO-INTERNO.pdf\">EDI\u00c7\u00c3O 14<\/a><\/p>\n<p><a href=\"https:\/\/ww16.ce.gov.br\/pefoce\/wp-content\/uploads\/sites\/57\/2025\/06\/13\u00b0-INFORMATIVO-INTERNO.pdf\">EDI\u00c7\u00c3O 13<\/a><\/p>\n<p><a href=\"https:\/\/ww16.ce.gov.br\/pefoce\/wp-content\/uploads\/sites\/57\/2025\/06\/12\u00b0-INFORMATIVO-INTERNO.pdf\">EDI\u00c7\u00c3O 12<\/a><\/p>\n<p><a href=\"https:\/\/ww16.ce.gov.br\/pefoce\/wp-content\/uploads\/sites\/57\/2025\/06\/11\u00b0-INFORMATIVO-INTERNO.pdf\">EDI\u00c7\u00c3O 11<\/a><\/p>\n<p><a href=\"https:\/\/ww16.ce.gov.br\/pefoce\/wp-content\/uploads\/sites\/57\/2025\/06\/10\u00b0-INFORMATIVO-INTERNO.pdf\">EDI\u00c7\u00c3O 10<\/a><\/p>\n<p><a href=\"https:\/\/ww16.ce.gov.br\/pefoce\/wp-content\/uploads\/sites\/57\/2025\/06\/9\u00b0-INFORMATIVO-INTERNO.pdf\">EDI\u00c7\u00c3O 09<\/a><\/p>\n<p><a href=\"https:\/\/ww16.ce.gov.br\/pefoce\/wp-content\/uploads\/sites\/57\/2025\/06\/8\u00b0-INFORMATIVO-INTERNO.pdf\">EDI\u00c7\u00c3O 08<\/a><\/p>\n<p><a href=\"https:\/\/ww16.ce.gov.br\/pefoce\/wp-content\/uploads\/sites\/57\/2025\/06\/7\u00b0-INFORMATIVO-INTERNO.pdf\">EDI\u00c7\u00c3O 07<\/a><\/p>\n<p><a href=\"https:\/\/ww16.ce.gov.br\/pefoce\/wp-content\/uploads\/sites\/57\/2025\/06\/6\u00b0-INFORMATIVO-INTERNO.pdf\">EDI\u00c7\u00c3O 06<\/a><\/p>\n<p><a href=\"https:\/\/ww16.ce.gov.br\/pefoce\/wp-content\/uploads\/sites\/57\/2025\/06\/5\u00b0-INFORMATIVO-INTERNO.pdf\">EDI\u00c7\u00c3O 05<\/a><\/p>\n<p><a href=\"https:\/\/ww16.ce.gov.br\/pefoce\/wp-content\/uploads\/sites\/57\/2025\/06\/4\u00b0-INFORMATIVO-INTERNO.pdf\">EDI\u00c7\u00c3O 04<\/a><\/p>\n<p><a href=\"https:\/\/ww16.ce.gov.br\/pefoce\/wp-content\/uploads\/sites\/57\/2025\/06\/3\u00b0-INFORMATIVO-INTERNO.pdf\">EDI\u00c7\u00c3O 03<\/a><\/p>\n<p><a href=\"https:\/\/ww16.ce.gov.br\/pefoce\/wp-content\/uploads\/sites\/57\/2025\/06\/2\u00b0-INFORMATIVO-INTERNO.pdf\">EDI\u00c7\u00c3O 02<\/a><\/p>\n<p><a href=\"https:\/\/ww16.ce.gov.br\/pefoce\/wp-content\/uploads\/sites\/57\/2025\/06\/INFORMATIVO-INTERNO.pdf\">EDI\u00c7\u00c3O 01<\/a><\/p>\n<p>&nbsp;<\/p>\n<p>&nbsp;<\/p>\n<p>&nbsp;<\/p>\n","protected":false},"excerpt":{"rendered":"<p>EDI\u00c7\u00c3O 72 EDI\u00c7\u00c3O 71 EDI\u00c7\u00c3O 70 EDI\u00c7\u00c3O 69 EDI\u00c7\u00c3O 68 EDI\u00c7\u00c3O 67 EDI\u00c7\u00c3O 66 EDI\u00c7\u00c3O 65 EDI\u00c7\u00c3O 64 EDI\u00c7\u00c3O 63 EDI\u00c7\u00c3O 62 EDI\u00c7\u00c3O 61 EDI\u00c7\u00c3O 60 EDI\u00c7\u00c3O 59 EDI\u00c7\u00c3O 58 EDI\u00c7\u00c3O 57 EDI\u00c7\u00c3O 56 EDI\u00c7\u00c3O 55 EDI\u00c7\u00c3O 54 EDI\u00c7\u00c3O 53 EDI\u00c7\u00c3O 52 EDI\u00c7\u00c3O 51 EDI\u00c7\u00c3O 50 EDI\u00c7\u00c3O 49 EDI\u00c7\u00c3O 48 EDI\u00c7\u00c3O 47 EDI\u00c7\u00c3O 46 EDI\u00c7\u00c3O [&hellip;]<\/p>\n","protected":false},"author":610,"featured_media":0,"parent":0,"menu_order":0,"comment_status":"closed","ping_status":"closed","template":"","meta":{"_acf_changed":false,"inline_featured_image":false,"footnotes":""},"class_list":["post-74151","page","type-page","status-publish","hentry"],"acf":[],"yoast_head":"<!-- This site is optimized with the Yoast SEO plugin v26.9 - https:\/\/yoast.com\/product\/yoast-seo-wordpress\/ -->\n<title>Boletim Semanal - PEFOCE<\/title>\n<meta name=\"robots\" content=\"index, follow, max-snippet:-1, max-image-preview:large, max-video-preview:-1\" \/>\n<link rel=\"canonical\" href=\"https:\/\/ww16.ce.gov.br\/pefoce\/boletin-semanal\/\" \/>\n<meta property=\"og:locale\" content=\"pt_BR\" \/>\n<meta property=\"og:type\" content=\"article\" \/>\n<meta property=\"og:title\" content=\"Boletim Semanal - PEFOCE\" \/>\n<meta property=\"og:description\" content=\"EDI\u00c7\u00c3O 72 EDI\u00c7\u00c3O 71 EDI\u00c7\u00c3O 70 EDI\u00c7\u00c3O 69 EDI\u00c7\u00c3O 68 EDI\u00c7\u00c3O 67 EDI\u00c7\u00c3O 66 EDI\u00c7\u00c3O 65 EDI\u00c7\u00c3O 64 EDI\u00c7\u00c3O 63 EDI\u00c7\u00c3O 62 EDI\u00c7\u00c3O 61 EDI\u00c7\u00c3O 60 EDI\u00c7\u00c3O 59 EDI\u00c7\u00c3O 58 EDI\u00c7\u00c3O 57 EDI\u00c7\u00c3O 56 EDI\u00c7\u00c3O 55 EDI\u00c7\u00c3O 54 EDI\u00c7\u00c3O 53 EDI\u00c7\u00c3O 52 EDI\u00c7\u00c3O 51 EDI\u00c7\u00c3O 50 EDI\u00c7\u00c3O 49 EDI\u00c7\u00c3O 48 EDI\u00c7\u00c3O 47 EDI\u00c7\u00c3O 46 EDI\u00c7\u00c3O [&hellip;]\" \/>\n<meta property=\"og:url\" content=\"https:\/\/ww16.ce.gov.br\/pefoce\/boletin-semanal\/\" \/>\n<meta property=\"og:site_name\" content=\"PEFOCE\" \/>\n<meta property=\"article:modified_time\" content=\"2025-10-30T16:16:57+00:00\" \/>\n<meta name=\"twitter:card\" content=\"summary_large_image\" \/>\n<meta name=\"twitter:label1\" content=\"Est. reading time\" \/>\n\t<meta name=\"twitter:data1\" content=\"1 minuto\" \/>\n<script type=\"application\/ld+json\" class=\"yoast-schema-graph\">{\"@context\":\"https:\/\/schema.org\",\"@graph\":[{\"@type\":\"WebPage\",\"@id\":\"https:\/\/ww16.ce.gov.br\/pefoce\/boletin-semanal\/\",\"url\":\"https:\/\/ww16.ce.gov.br\/pefoce\/boletin-semanal\/\",\"name\":\"Boletim Semanal - PEFOCE\",\"isPartOf\":{\"@id\":\"https:\/\/ww16.ce.gov.br\/pefoce\/#website\"},\"datePublished\":\"2025-03-07T12:21:06+00:00\",\"dateModified\":\"2025-10-30T16:16:57+00:00\",\"breadcrumb\":{\"@id\":\"https:\/\/ww16.ce.gov.br\/pefoce\/boletin-semanal\/#breadcrumb\"},\"inLanguage\":\"pt-BR\",\"potentialAction\":[{\"@type\":\"ReadAction\",\"target\":[\"https:\/\/ww16.ce.gov.br\/pefoce\/boletin-semanal\/\"]}]},{\"@type\":\"BreadcrumbList\",\"@id\":\"https:\/\/ww16.ce.gov.br\/pefoce\/boletin-semanal\/#breadcrumb\",\"itemListElement\":[{\"@type\":\"ListItem\",\"position\":1,\"name\":\"In\u00edcio\",\"item\":\"https:\/\/ww16.ce.gov.br\/pefoce\/\"},{\"@type\":\"ListItem\",\"position\":2,\"name\":\"Boletim Semanal\"}]},{\"@type\":\"WebSite\",\"@id\":\"https:\/\/ww16.ce.gov.br\/pefoce\/#website\",\"url\":\"https:\/\/ww16.ce.gov.br\/pefoce\/\",\"name\":\"Per\u00edcia Forense\",\"description\":\"Portal PEFOCE\",\"publisher\":{\"@id\":\"https:\/\/ww16.ce.gov.br\/pefoce\/#organization\"},\"potentialAction\":[{\"@type\":\"SearchAction\",\"target\":{\"@type\":\"EntryPoint\",\"urlTemplate\":\"https:\/\/ww16.ce.gov.br\/pefoce\/?s={search_term_string}\"},\"query-input\":{\"@type\":\"PropertyValueSpecification\",\"valueRequired\":true,\"valueName\":\"search_term_string\"}}],\"inLanguage\":\"pt-BR\"},{\"@type\":\"Organization\",\"@id\":\"https:\/\/ww16.ce.gov.br\/pefoce\/#organization\",\"name\":\"Per\u00edcia Forense\",\"url\":\"https:\/\/ww16.ce.gov.br\/pefoce\/\",\"logo\":{\"@type\":\"ImageObject\",\"inLanguage\":\"pt-BR\",\"@id\":\"https:\/\/ww16.ce.gov.br\/pefoce\/#\/schema\/logo\/image\/\",\"url\":\"http:\/\/ww16.ce.gov.br\/pefoce\/wp-content\/uploads\/sites\/28\/2018\/04\/pefoce-clara.png\",\"contentUrl\":\"http:\/\/ww16.ce.gov.br\/pefoce\/wp-content\/uploads\/sites\/28\/2018\/04\/pefoce-clara.png\",\"width\":559,\"height\":106,\"caption\":\"Per\u00edcia Forense\"},\"image\":{\"@id\":\"https:\/\/ww16.ce.gov.br\/pefoce\/#\/schema\/logo\/image\/\"}}]}<\/script>\n<!-- \/ Yoast SEO plugin. -->","yoast_head_json":{"title":"Boletim Semanal - PEFOCE","robots":{"index":"index","follow":"follow","max-snippet":"max-snippet:-1","max-image-preview":"max-image-preview:large","max-video-preview":"max-video-preview:-1"},"canonical":"https:\/\/ww16.ce.gov.br\/pefoce\/boletin-semanal\/","og_locale":"pt_BR","og_type":"article","og_title":"Boletim Semanal - PEFOCE","og_description":"EDI\u00c7\u00c3O 72 EDI\u00c7\u00c3O 71 EDI\u00c7\u00c3O 70 EDI\u00c7\u00c3O 69 EDI\u00c7\u00c3O 68 EDI\u00c7\u00c3O 67 EDI\u00c7\u00c3O 66 EDI\u00c7\u00c3O 65 EDI\u00c7\u00c3O 64 EDI\u00c7\u00c3O 63 EDI\u00c7\u00c3O 62 EDI\u00c7\u00c3O 61 EDI\u00c7\u00c3O 60 EDI\u00c7\u00c3O 59 EDI\u00c7\u00c3O 58 EDI\u00c7\u00c3O 57 EDI\u00c7\u00c3O 56 EDI\u00c7\u00c3O 55 EDI\u00c7\u00c3O 54 EDI\u00c7\u00c3O 53 EDI\u00c7\u00c3O 52 EDI\u00c7\u00c3O 51 EDI\u00c7\u00c3O 50 EDI\u00c7\u00c3O 49 EDI\u00c7\u00c3O 48 EDI\u00c7\u00c3O 47 EDI\u00c7\u00c3O 46 EDI\u00c7\u00c3O [&hellip;]","og_url":"https:\/\/ww16.ce.gov.br\/pefoce\/boletin-semanal\/","og_site_name":"PEFOCE","article_modified_time":"2025-10-30T16:16:57+00:00","twitter_card":"summary_large_image","twitter_misc":{"Est. reading time":"1 minuto"},"schema":{"@context":"https:\/\/schema.org","@graph":[{"@type":"WebPage","@id":"https:\/\/ww16.ce.gov.br\/pefoce\/boletin-semanal\/","url":"https:\/\/ww16.ce.gov.br\/pefoce\/boletin-semanal\/","name":"Boletim Semanal - PEFOCE","isPartOf":{"@id":"https:\/\/ww16.ce.gov.br\/pefoce\/#website"},"datePublished":"2025-03-07T12:21:06+00:00","dateModified":"2025-10-30T16:16:57+00:00","breadcrumb":{"@id":"https:\/\/ww16.ce.gov.br\/pefoce\/boletin-semanal\/#breadcrumb"},"inLanguage":"pt-BR","potentialAction":[{"@type":"ReadAction","target":["https:\/\/ww16.ce.gov.br\/pefoce\/boletin-semanal\/"]}]},{"@type":"BreadcrumbList","@id":"https:\/\/ww16.ce.gov.br\/pefoce\/boletin-semanal\/#breadcrumb","itemListElement":[{"@type":"ListItem","position":1,"name":"In\u00edcio","item":"https:\/\/ww16.ce.gov.br\/pefoce\/"},{"@type":"ListItem","position":2,"name":"Boletim Semanal"}]},{"@type":"WebSite","@id":"https:\/\/ww16.ce.gov.br\/pefoce\/#website","url":"https:\/\/ww16.ce.gov.br\/pefoce\/","name":"Per\u00edcia Forense","description":"Portal PEFOCE","publisher":{"@id":"https:\/\/ww16.ce.gov.br\/pefoce\/#organization"},"potentialAction":[{"@type":"SearchAction","target":{"@type":"EntryPoint","urlTemplate":"https:\/\/ww16.ce.gov.br\/pefoce\/?s={search_term_string}"},"query-input":{"@type":"PropertyValueSpecification","valueRequired":true,"valueName":"search_term_string"}}],"inLanguage":"pt-BR"},{"@type":"Organization","@id":"https:\/\/ww16.ce.gov.br\/pefoce\/#organization","name":"Per\u00edcia Forense","url":"https:\/\/ww16.ce.gov.br\/pefoce\/","logo":{"@type":"ImageObject","inLanguage":"pt-BR","@id":"https:\/\/ww16.ce.gov.br\/pefoce\/#\/schema\/logo\/image\/","url":"http:\/\/ww16.ce.gov.br\/pefoce\/wp-content\/uploads\/sites\/28\/2018\/04\/pefoce-clara.png","contentUrl":"http:\/\/ww16.ce.gov.br\/pefoce\/wp-content\/uploads\/sites\/28\/2018\/04\/pefoce-clara.png","width":559,"height":106,"caption":"Per\u00edcia Forense"},"image":{"@id":"https:\/\/ww16.ce.gov.br\/pefoce\/#\/schema\/logo\/image\/"}}]}},"_links":{"self":[{"href":"https:\/\/ww16.ce.gov.br\/pefoce\/wp-json\/wp\/v2\/pages\/74151","targetHints":{"allow":["GET"]}}],"collection":[{"href":"https:\/\/ww16.ce.gov.br\/pefoce\/wp-json\/wp\/v2\/pages"}],"about":[{"href":"https:\/\/ww16.ce.gov.br\/pefoce\/wp-json\/wp\/v2\/types\/page"}],"author":[{"embeddable":true,"href":"https:\/\/ww16.ce.gov.br\/pefoce\/wp-json\/wp\/v2\/users\/610"}],"replies":[{"embeddable":true,"href":"https:\/\/ww16.ce.gov.br\/pefoce\/wp-json\/wp\/v2\/comments?post=74151"}],"version-history":[{"count":13,"href":"https:\/\/ww16.ce.gov.br\/pefoce\/wp-json\/wp\/v2\/pages\/74151\/revisions"}],"predecessor-version":[{"id":74734,"href":"https:\/\/ww16.ce.gov.br\/pefoce\/wp-json\/wp\/v2\/pages\/74151\/revisions\/74734"}],"wp:attachment":[{"href":"https:\/\/ww16.ce.gov.br\/pefoce\/wp-json\/wp\/v2\/media?parent=74151"}],"curies":[{"name":"wp","href":"https:\/\/api.w.org\/{rel}","templated":true}]}}