{"id":74038,"date":"2025-01-23T15:40:53","date_gmt":"2025-01-23T18:40:53","guid":{"rendered":"http:\/\/ww16.ce.gov.br\/pefoce\/?page_id=74038"},"modified":"2025-01-24T08:57:03","modified_gmt":"2025-01-24T11:57:03","slug":"revistas-eletronicas-pericia-forense-pefoce-em-cena","status":"publish","type":"page","link":"https:\/\/ww16.ce.gov.br\/pefoce\/revistas-eletronicas-pericia-forense-pefoce-em-cena\/","title":{"rendered":"Revistas Eletr\u00f4nicas &#8211; Per\u00edcia Forense: Pefoce em Cena"},"content":{"rendered":"<div>\n<div style=\"padding: 20px;text-align: center\">\n<a href=\"https:\/\/ww16.ce.gov.br\/pefoce\/wp-content\/uploads\/sites\/57\/2025\/01\/Revista-Eletronica-Pefoce-em-Cena-Ano01-No01.pdf\"><img loading=\"lazy\" decoding=\"async\" class=\"\" src=\"https:\/\/ww16.ce.gov.br\/pefoce\/wp-content\/uploads\/sites\/57\/2025\/01\/Capa-da-Revista.png\" alt=\"Capa Revista Eletr\u00f4nica - Ano 01 - N\u00ba. 01\" width=\"294\" height=\"416\" \/><\/a><\/p>\n<h4 style=\"font-size: 15px;color: green\">Revista Eletr\u00f4nica &#8211; Ano 01 &#8211; N\u00ba 01<\/h4>\n<\/div>\n<\/div>\n<p style=\"text-align: center\"><strong style=\"color: orange\"> Clique nas capas para acessar as revistas <\/strong><\/p>\n","protected":false},"excerpt":{"rendered":"<p>Revista Eletr\u00f4nica &#8211; Ano 01 &#8211; N\u00ba 01 Clique nas capas para acessar as revistas<\/p>\n","protected":false},"author":108,"featured_media":0,"parent":0,"menu_order":0,"comment_status":"closed","ping_status":"closed","template":"","meta":{"_acf_changed":false,"inline_featured_image":false,"footnotes":""},"class_list":["post-74038","page","type-page","status-publish","hentry"],"acf":[],"yoast_head":"<!-- This site is optimized with the Yoast SEO plugin v26.9 - https:\/\/yoast.com\/product\/yoast-seo-wordpress\/ -->\n<title>Revistas Eletr\u00f4nicas - Per\u00edcia Forense: Pefoce em Cena - PEFOCE<\/title>\n<meta name=\"robots\" content=\"index, follow, max-snippet:-1, max-image-preview:large, max-video-preview:-1\" \/>\n<link rel=\"canonical\" href=\"https:\/\/ww16.ce.gov.br\/pefoce\/revistas-eletronicas-pericia-forense-pefoce-em-cena\/\" \/>\n<meta property=\"og:locale\" content=\"pt_BR\" \/>\n<meta property=\"og:type\" content=\"article\" \/>\n<meta property=\"og:title\" content=\"Revistas Eletr\u00f4nicas - Per\u00edcia Forense: Pefoce em Cena - PEFOCE\" \/>\n<meta property=\"og:description\" content=\"Revista Eletr\u00f4nica &#8211; Ano 01 &#8211; N\u00ba 01 Clique nas capas para acessar as revistas\" \/>\n<meta property=\"og:url\" content=\"https:\/\/ww16.ce.gov.br\/pefoce\/revistas-eletronicas-pericia-forense-pefoce-em-cena\/\" \/>\n<meta property=\"og:site_name\" content=\"PEFOCE\" \/>\n<meta property=\"article:modified_time\" content=\"2025-01-24T11:57:03+00:00\" \/>\n<meta property=\"og:image\" content=\"http:\/\/ww16.ce.gov.br\/pefoce\/wp-content\/uploads\/sites\/57\/2025\/01\/Capa-da-Revista.png\" \/>\n<meta name=\"twitter:card\" content=\"summary_large_image\" \/>\n<meta name=\"twitter:label1\" content=\"Est. reading time\" \/>\n\t<meta name=\"twitter:data1\" content=\"1 minuto\" \/>\n<script type=\"application\/ld+json\" class=\"yoast-schema-graph\">{\"@context\":\"https:\/\/schema.org\",\"@graph\":[{\"@type\":\"WebPage\",\"@id\":\"https:\/\/ww16.ce.gov.br\/pefoce\/revistas-eletronicas-pericia-forense-pefoce-em-cena\/\",\"url\":\"https:\/\/ww16.ce.gov.br\/pefoce\/revistas-eletronicas-pericia-forense-pefoce-em-cena\/\",\"name\":\"Revistas Eletr\u00f4nicas - Per\u00edcia Forense: Pefoce em Cena - PEFOCE\",\"isPartOf\":{\"@id\":\"https:\/\/ww16.ce.gov.br\/pefoce\/#website\"},\"primaryImageOfPage\":{\"@id\":\"https:\/\/ww16.ce.gov.br\/pefoce\/revistas-eletronicas-pericia-forense-pefoce-em-cena\/#primaryimage\"},\"image\":{\"@id\":\"https:\/\/ww16.ce.gov.br\/pefoce\/revistas-eletronicas-pericia-forense-pefoce-em-cena\/#primaryimage\"},\"thumbnailUrl\":\"http:\/\/ww16.ce.gov.br\/pefoce\/wp-content\/uploads\/sites\/57\/2025\/01\/Capa-da-Revista.png\",\"datePublished\":\"2025-01-23T18:40:53+00:00\",\"dateModified\":\"2025-01-24T11:57:03+00:00\",\"breadcrumb\":{\"@id\":\"https:\/\/ww16.ce.gov.br\/pefoce\/revistas-eletronicas-pericia-forense-pefoce-em-cena\/#breadcrumb\"},\"inLanguage\":\"pt-BR\",\"potentialAction\":[{\"@type\":\"ReadAction\",\"target\":[\"https:\/\/ww16.ce.gov.br\/pefoce\/revistas-eletronicas-pericia-forense-pefoce-em-cena\/\"]}]},{\"@type\":\"ImageObject\",\"inLanguage\":\"pt-BR\",\"@id\":\"https:\/\/ww16.ce.gov.br\/pefoce\/revistas-eletronicas-pericia-forense-pefoce-em-cena\/#primaryimage\",\"url\":\"http:\/\/ww16.ce.gov.br\/pefoce\/wp-content\/uploads\/sites\/57\/2025\/01\/Capa-da-Revista.png\",\"contentUrl\":\"http:\/\/ww16.ce.gov.br\/pefoce\/wp-content\/uploads\/sites\/57\/2025\/01\/Capa-da-Revista.png\"},{\"@type\":\"BreadcrumbList\",\"@id\":\"https:\/\/ww16.ce.gov.br\/pefoce\/revistas-eletronicas-pericia-forense-pefoce-em-cena\/#breadcrumb\",\"itemListElement\":[{\"@type\":\"ListItem\",\"position\":1,\"name\":\"In\u00edcio\",\"item\":\"https:\/\/ww16.ce.gov.br\/pefoce\/\"},{\"@type\":\"ListItem\",\"position\":2,\"name\":\"Revistas Eletr\u00f4nicas &#8211; Per\u00edcia Forense: Pefoce em Cena\"}]},{\"@type\":\"WebSite\",\"@id\":\"https:\/\/ww16.ce.gov.br\/pefoce\/#website\",\"url\":\"https:\/\/ww16.ce.gov.br\/pefoce\/\",\"name\":\"Per\u00edcia Forense\",\"description\":\"Portal PEFOCE\",\"publisher\":{\"@id\":\"https:\/\/ww16.ce.gov.br\/pefoce\/#organization\"},\"potentialAction\":[{\"@type\":\"SearchAction\",\"target\":{\"@type\":\"EntryPoint\",\"urlTemplate\":\"https:\/\/ww16.ce.gov.br\/pefoce\/?s={search_term_string}\"},\"query-input\":{\"@type\":\"PropertyValueSpecification\",\"valueRequired\":true,\"valueName\":\"search_term_string\"}}],\"inLanguage\":\"pt-BR\"},{\"@type\":\"Organization\",\"@id\":\"https:\/\/ww16.ce.gov.br\/pefoce\/#organization\",\"name\":\"Per\u00edcia Forense\",\"url\":\"https:\/\/ww16.ce.gov.br\/pefoce\/\",\"logo\":{\"@type\":\"ImageObject\",\"inLanguage\":\"pt-BR\",\"@id\":\"https:\/\/ww16.ce.gov.br\/pefoce\/#\/schema\/logo\/image\/\",\"url\":\"http:\/\/ww16.ce.gov.br\/pefoce\/wp-content\/uploads\/sites\/28\/2018\/04\/pefoce-clara.png\",\"contentUrl\":\"http:\/\/ww16.ce.gov.br\/pefoce\/wp-content\/uploads\/sites\/28\/2018\/04\/pefoce-clara.png\",\"width\":559,\"height\":106,\"caption\":\"Per\u00edcia Forense\"},\"image\":{\"@id\":\"https:\/\/ww16.ce.gov.br\/pefoce\/#\/schema\/logo\/image\/\"}}]}<\/script>\n<!-- \/ Yoast SEO plugin. -->","yoast_head_json":{"title":"Revistas Eletr\u00f4nicas - Per\u00edcia Forense: Pefoce em Cena - PEFOCE","robots":{"index":"index","follow":"follow","max-snippet":"max-snippet:-1","max-image-preview":"max-image-preview:large","max-video-preview":"max-video-preview:-1"},"canonical":"https:\/\/ww16.ce.gov.br\/pefoce\/revistas-eletronicas-pericia-forense-pefoce-em-cena\/","og_locale":"pt_BR","og_type":"article","og_title":"Revistas Eletr\u00f4nicas - Per\u00edcia Forense: Pefoce em Cena - PEFOCE","og_description":"Revista Eletr\u00f4nica &#8211; Ano 01 &#8211; N\u00ba 01 Clique nas capas para acessar as revistas","og_url":"https:\/\/ww16.ce.gov.br\/pefoce\/revistas-eletronicas-pericia-forense-pefoce-em-cena\/","og_site_name":"PEFOCE","article_modified_time":"2025-01-24T11:57:03+00:00","og_image":[{"url":"http:\/\/ww16.ce.gov.br\/pefoce\/wp-content\/uploads\/sites\/57\/2025\/01\/Capa-da-Revista.png","type":"","width":"","height":""}],"twitter_card":"summary_large_image","twitter_misc":{"Est. reading time":"1 minuto"},"schema":{"@context":"https:\/\/schema.org","@graph":[{"@type":"WebPage","@id":"https:\/\/ww16.ce.gov.br\/pefoce\/revistas-eletronicas-pericia-forense-pefoce-em-cena\/","url":"https:\/\/ww16.ce.gov.br\/pefoce\/revistas-eletronicas-pericia-forense-pefoce-em-cena\/","name":"Revistas Eletr\u00f4nicas - Per\u00edcia Forense: Pefoce em Cena - PEFOCE","isPartOf":{"@id":"https:\/\/ww16.ce.gov.br\/pefoce\/#website"},"primaryImageOfPage":{"@id":"https:\/\/ww16.ce.gov.br\/pefoce\/revistas-eletronicas-pericia-forense-pefoce-em-cena\/#primaryimage"},"image":{"@id":"https:\/\/ww16.ce.gov.br\/pefoce\/revistas-eletronicas-pericia-forense-pefoce-em-cena\/#primaryimage"},"thumbnailUrl":"http:\/\/ww16.ce.gov.br\/pefoce\/wp-content\/uploads\/sites\/57\/2025\/01\/Capa-da-Revista.png","datePublished":"2025-01-23T18:40:53+00:00","dateModified":"2025-01-24T11:57:03+00:00","breadcrumb":{"@id":"https:\/\/ww16.ce.gov.br\/pefoce\/revistas-eletronicas-pericia-forense-pefoce-em-cena\/#breadcrumb"},"inLanguage":"pt-BR","potentialAction":[{"@type":"ReadAction","target":["https:\/\/ww16.ce.gov.br\/pefoce\/revistas-eletronicas-pericia-forense-pefoce-em-cena\/"]}]},{"@type":"ImageObject","inLanguage":"pt-BR","@id":"https:\/\/ww16.ce.gov.br\/pefoce\/revistas-eletronicas-pericia-forense-pefoce-em-cena\/#primaryimage","url":"http:\/\/ww16.ce.gov.br\/pefoce\/wp-content\/uploads\/sites\/57\/2025\/01\/Capa-da-Revista.png","contentUrl":"http:\/\/ww16.ce.gov.br\/pefoce\/wp-content\/uploads\/sites\/57\/2025\/01\/Capa-da-Revista.png"},{"@type":"BreadcrumbList","@id":"https:\/\/ww16.ce.gov.br\/pefoce\/revistas-eletronicas-pericia-forense-pefoce-em-cena\/#breadcrumb","itemListElement":[{"@type":"ListItem","position":1,"name":"In\u00edcio","item":"https:\/\/ww16.ce.gov.br\/pefoce\/"},{"@type":"ListItem","position":2,"name":"Revistas Eletr\u00f4nicas &#8211; Per\u00edcia Forense: Pefoce em Cena"}]},{"@type":"WebSite","@id":"https:\/\/ww16.ce.gov.br\/pefoce\/#website","url":"https:\/\/ww16.ce.gov.br\/pefoce\/","name":"Per\u00edcia Forense","description":"Portal PEFOCE","publisher":{"@id":"https:\/\/ww16.ce.gov.br\/pefoce\/#organization"},"potentialAction":[{"@type":"SearchAction","target":{"@type":"EntryPoint","urlTemplate":"https:\/\/ww16.ce.gov.br\/pefoce\/?s={search_term_string}"},"query-input":{"@type":"PropertyValueSpecification","valueRequired":true,"valueName":"search_term_string"}}],"inLanguage":"pt-BR"},{"@type":"Organization","@id":"https:\/\/ww16.ce.gov.br\/pefoce\/#organization","name":"Per\u00edcia Forense","url":"https:\/\/ww16.ce.gov.br\/pefoce\/","logo":{"@type":"ImageObject","inLanguage":"pt-BR","@id":"https:\/\/ww16.ce.gov.br\/pefoce\/#\/schema\/logo\/image\/","url":"http:\/\/ww16.ce.gov.br\/pefoce\/wp-content\/uploads\/sites\/28\/2018\/04\/pefoce-clara.png","contentUrl":"http:\/\/ww16.ce.gov.br\/pefoce\/wp-content\/uploads\/sites\/28\/2018\/04\/pefoce-clara.png","width":559,"height":106,"caption":"Per\u00edcia Forense"},"image":{"@id":"https:\/\/ww16.ce.gov.br\/pefoce\/#\/schema\/logo\/image\/"}}]}},"_links":{"self":[{"href":"https:\/\/ww16.ce.gov.br\/pefoce\/wp-json\/wp\/v2\/pages\/74038","targetHints":{"allow":["GET"]}}],"collection":[{"href":"https:\/\/ww16.ce.gov.br\/pefoce\/wp-json\/wp\/v2\/pages"}],"about":[{"href":"https:\/\/ww16.ce.gov.br\/pefoce\/wp-json\/wp\/v2\/types\/page"}],"author":[{"embeddable":true,"href":"https:\/\/ww16.ce.gov.br\/pefoce\/wp-json\/wp\/v2\/users\/108"}],"replies":[{"embeddable":true,"href":"https:\/\/ww16.ce.gov.br\/pefoce\/wp-json\/wp\/v2\/comments?post=74038"}],"version-history":[{"count":21,"href":"https:\/\/ww16.ce.gov.br\/pefoce\/wp-json\/wp\/v2\/pages\/74038\/revisions"}],"predecessor-version":[{"id":74066,"href":"https:\/\/ww16.ce.gov.br\/pefoce\/wp-json\/wp\/v2\/pages\/74038\/revisions\/74066"}],"wp:attachment":[{"href":"https:\/\/ww16.ce.gov.br\/pefoce\/wp-json\/wp\/v2\/media?parent=74038"}],"curies":[{"name":"wp","href":"https:\/\/api.w.org\/{rel}","templated":true}]}}