{"id":73649,"date":"2024-07-25T15:03:07","date_gmt":"2024-07-25T18:03:07","guid":{"rendered":"http:\/\/ww16.ce.gov.br\/pefoce\/?page_id=73649"},"modified":"2025-03-31T13:06:45","modified_gmt":"2025-03-31T16:06:45","slug":"emitir-dae-pefoce-2-2","status":"publish","type":"page","link":"https:\/\/ww16.ce.gov.br\/pefoce\/emitir-dae-pefoce-2-2\/","title":{"rendered":"Emiss\u00e3o de DAE PEFOCE"},"content":{"rendered":"<p><!--more--><\/p>\n<div class=\"dt-6\">\n<h2 class=\"-laranja\"><\/h2>\n<p>&nbsp;<\/p>\n<hr \/>\n\n\n<div class=\"dt-6\">\r\n  <h2 class=\"-laranja\"><strong>Pefoce - Emiss\u00e3o de DAE<\/strong><\/h2>\r\n  <br\/>\r\n\r\n  <!-- DIV RG  -->\r\n  <p>Para DAE referente <b>EMISS\u00c3O DA SEGUNDA VIA EM DIANTE DE IDENTIDADE<\/b> favor acessar o link <a href=\"https:\/\/cidadao.sspds.ce.gov.br\/DAE\/emitirRG\"> https:\/\/cidadao.sspds.ce.gov.br\/DAE\/emitirRG<\/a>.<\/p>\r\n  <br\/>\r\n  <hr\/>\r\n  <br\/>\r\n  <!-- DIV SOLICITANTE  -->\r\n  <div class=\"destacado\">\r\n    <h3 class=\"-laranja\">Dados Solicitante<\/h3><br>\r\n    <table class=\"mceItemTable\">\r\n      <tbody>\r\n        <tr>\r\n          <td>\r\n            <label for=\"tipoSolicitante\">Tipo<\/label>\r\n          <\/td>\r\n          <td>\r\n            <select name=\"daeEmitir.tipoSolicitante\" id=\"tipoSolicitante\">\r\n              <option value=\"2\">CNPJ<\/option>\r\n              <option value=\"3\" selected=\"\">CPF<\/option>\r\n            <\/select>\r\n          <\/td>\r\n        <\/tr>\r\n        <tr>\r\n          <td>\r\n            <label for=\"codigoSolicitante\">CPF\/CNPJ<\/label>\r\n          <\/td>\r\n          <td>\r\n            <input name=\"daeEmitir.codigoSolicitante\" id=\"codigoSolicitante\" maxlength=\"18\" value=\"\" type=\"text\">\r\n          <\/td>\r\n        <\/tr>\r\n        <tr>\r\n          <td>\r\n            <label for=\"nomeDestinatario\">Nome<\/label>\r\n          <\/td>\r\n          <td>\r\n            <input name=\"daeEmitir.nomeSolicitante\" id=\"nomeSolicitante\" maxlength=\"60\" value=\"\" style=\"text-transform: uppercase;\" mce_style=\"text-transform: uppercase;\" type=\"text\">\r\n          <\/td>\r\n        <\/tr>\r\n      <\/tbody>\r\n    <\/table>\r\n  <\/div>\r\n  <!-- -->\r\n  <br\/>\r\n  <hr\/>\r\n  <br\/>\r\n  <!-- DIV TAXA -->\r\n  <div class=\"destacado\">\r\n    <h3 class=\"-laranja\">Dados Solicita\u00e7\u00e3o<\/h3>\r\n    <br>\r\n    <input name=\"daeEmitir.codigoProduto\" id=\"codigoProduto\" value=\"\" type=\"hidden\">\r\n    <table class=\"mceItemTable\">\r\n      <tbody>               \r\n        <tr><td colspan=\"2\"><hr><\/td><\/tr>\r\n        <tr>\r\n          <td>\r\n            <input name=\"daeEmitir.selecaoProduto\" id=\"selecaoProduto\" value=\"63091\" onclick=\"document.getElementById('codigoProduto').value=this.value\" type=\"radio\">\r\n          <\/td>\r\n          <td>\r\n            <p>SEGUNDA VIA DE LAUDO PERICIAL RELACIONADO \u00c0 OCORR\u00caNCIA DE TR\u00c2NSITO QUE ENVOLVA VE\u00cdCULO OFICIAL.<br>R$ <strong>60,30<\/strong><\/p>\r\n          <\/td>\r\n        <\/tr>\r\n        <tr>\r\n          <td colspan=\"2\"><hr><\/td>\r\n        <\/tr>\r\n        <tr>\r\n          <td><input name=\"daeEmitir.selecaoProduto\" id=\"selecaoProduto\" value=\"63092\" onclick=\"document.getElementById('codigoProduto').value=this.value\" type=\"radio\"><\/td>\r\n          <td><p>SEGUNDA VIA DE LAUDO PERICIAL RELACIONADO A PROCEDIMENTO INVESTIGATIVO DE QUALQUER NATUREZA, DESDE QUE J\u00c1 SE ENCONTRE NA FASE PROCESSUAL E N\u00c3O TENHA CAR\u00c1TER SIGILOSO.<br><strong>R$ 60,30<\/strong><\/p><\/td>\r\n        <\/tr>\r\n        <tr>\r\n          <td colspan=\"2\"><hr><\/td>\r\n        <\/tr>\r\n        <tr>\r\n          <td><input name=\"daeEmitir.selecaoProduto\" id=\"selecaoProduto\" value=\"63093\" onclick=\"document.getElementById('codigoProduto').value=this.value\" type=\"radio\"><\/td>\r\n          <td><p>PRIMEIRA VIA DE LAUDO PERICIAL RELACIONADO \u00c0 OCORR\u00caNCIA DE TR\u00c2NSITO QUE N\u00c3O RESULTOU EM V\u00cdTIMAS FATAIS (SOMENTE DANOS MATERIAIS E\/OU LES\u00d5ES LEVES), SEM O PROCEDIMENTO INVESTIGATIVO ABERTO.<br><strong>R$ 512,53<\/strong><\/p><\/td>\r\n        <\/tr>\r\n        <tr>\r\n          <td colspan=\"2\"><hr><\/td>\r\n        <\/tr>\r\n        <tr>\r\n          <td>\r\n            <input name=\"daeEmitir.selecaoProduto\" id=\"selecaoProduto\" value=\"63094\" onclick=\"document.getElementById('codigoProduto').value=this.value\" type=\"radio\">\r\n          <\/td>\r\n          <td><p>PRIMEIRA VIA DE LAUDO PERICIAL RELACIONADO A LOCAIS DE INC\u00caNDIO N\u00c3O CRIMINOSO, DE NATUREZA EL\u00c9TRICA OU SIMILAR.<br><strong>R$ 512,53<\/strong><\/p><\/td>\r\n        <\/tr>\r\n        <tr>\r\n          <td colspan=\"2\"><hr><\/td>\r\n        <\/tr>\r\n        <tr>\r\n          <td><input name=\"daeEmitir.selecaoProduto\" id=\"selecaoProduto\" value=\"63095\" onclick=\"document.getElementById('codigoProduto').value=this.value\" type=\"radio\"><\/td>\r\n          <td><p>REALIZA\u00c7\u00c3O DE PER\u00cdCIA E EMISS\u00c3O DO RESPECTIVO LAUDO PERICIAL RELACIONADO A PER\u00cdCIAS M\u00c9DICO-LEGAIS PARA EFEITOS DE SEGURO DPVAT.<br><strong>R$ 150,75<\/strong><\/p><\/td>\r\n        <\/tr>\r\n        <tr><td colspan=\"2\"><hr><\/td><\/tr>\r\n        <tr>\r\n          <td colspan=\"2\">\r\n            <button style=\"width:150px;\" onclick=\"window.open('https:\/\/blog.pefoce.ce.gov.br\/emitirdae\/dae_visualizar.php?tipoSolicitante='+document.getElementById('tipoSolicitante').value+'&amp;codigoSolicitante='+document.getElementById('codigoSolicitante').value + '&amp;nomeSolicitante='+document.getElementById('nomeSolicitante').value+'&amp;codigoProduto='+document.getElementById('codigoProduto').value+'');document.getElementById('codigoSolicitante').value='';document.getElementById('nomeSolicitante').value='';\">GERAR DAE<\/button>\r\n          <\/td>\r\n        <\/tr>\r\n      <\/tbody>\r\n    <\/table>\r\n  <\/div>\r\n  <!-- -->\r\n  <br \/>\r\n  <hr \/>\r\n  <br \/>\r\n  <!-- DIV RG  -->\r\n  <h2 class=\"-laranja\">Outras Taxas<\/h2>\r\n  <p>Para DAE rerente outras taxas favor acessar o link <a href=\"https:\/\/www.sefaz.ce.gov.br\/content\/aplicacao\/internet\/servicos_online\/dae\/taxas\/default.asp\">EMISS\u00c3O DE DAE - TAXAS<\/a>.\r\n  <br \/>\r\n  <br \/>\r\n  <!-- -->\r\n<\/div>\n<p><!-- DIV SOLICITANTE --><\/p>\n<div class=\"destacado\"><\/div>\n<p><!-- --><\/p>\n<hr \/>\n<\/div>\n<p><!--more--><\/p>\n<p>&nbsp;<\/p>\n<p class=\"caption\" style=\"text-align: justify;\"><strong><span class=\"Apple-style-span\">Identidade Civil<\/span><\/strong><\/p>\n<p style=\"text-align: justify;\">\u00c9 o documento emitido para os cidad\u00e3os nascidos e registrados no Brasil e para nascidos no exterior, que sejam filhos de brasileiros.<\/p>\n<p style=\"text-align: justify;\">Serve para confirmar a identidade da pessoa e para solicita\u00e7\u00e3o de outros documentos. O RG \u00e9 v\u00e1lido em todo territ\u00f3rio nacional.<\/p>\n<p>&nbsp;<\/p>\n<p class=\"caption\" style=\"text-align: justify;\"><strong><span class=\"Apple-style-span\">Segunda Via da Identidade Civil<\/span><\/strong><\/p>\n<p style=\"text-align: justify;\">A Per\u00edcia Forense comunica que, desde de 01 de janeiro de 2016, atendendo a lei n\u00ba 15.838 de 27 de julho, a segunda via da identidade\u00a0civil passou a ser cobrada.<\/p>\n<p style=\"text-align: justify;\">O valor da segunda via \u00e9 de R$ 65,91 para solicita\u00e7\u00e3o.<\/p>\n<p>&nbsp;<\/p>\n<p style=\"text-align: justify;\"><strong>Documenta\u00e7\u00e3o necess\u00e1ria<\/strong><\/p>\n<p class=\"caption\" style=\"text-align: justify;\">Apresentar original leg\u00edvel ou c\u00f3pia autenticada da Certid\u00e3o de Nascimento ou Casamento, se a pessoa for casada, e fornecer uma c\u00f3pia simples deste documento.<\/p>\n<p>&nbsp;<\/p>\n<p><strong>Endere\u00e7os para atendimento em Fortaleza:<\/strong><\/p>\n<p style=\"text-align: justify;\"><span class=\"caption\">Coordenadoria de Identifica\u00e7\u00e3o Humana e Per\u00edcias Biom\u00e9tricas (CIHPB) &#8211; Vapt Vupt do Ant\u00f4nio Bezerra<\/span><\/p>\n<p style=\"text-align: justify;\"><span class=\"caption\"><i><\/i>Rua Dem\u00e9trio de Menezes, 3750, Ant\u00f4nio Bezerra (ao lado do Terminal de \u00d4nibus do Ant\u00f4nio Bezerra)<\/span><\/p>\n<p style=\"text-align: justify;\"><span class=\"caption\">Cep 60356-550 \/ Fortaleza-CE<\/span><\/p>\n<p>Telefones:<\/p>\n<p class=\"caption\" style=\"text-align: justify;\">(85) 3101.2244 \/ 3101.2246<\/p>\n<p>&nbsp;<\/p>\n<p style=\"text-align: justify;\" align=\"justify\"><span class=\"Apple-style-span\">Vapt Vupt Messejana: <\/span><\/p>\n<p style=\"text-align: justify;\" align=\"justify\">Avenida Jornalista Tomaz Coelho, 408.<\/p>\n<p style=\"text-align: justify;\" align=\"justify\">Telefone: (85) 3218.5200<\/p>\n<p style=\"text-align: justify;\" align=\"justify\"><span class=\"Apple-style-span\">Casa do Cidad\u00e3o<\/span> &#8211; Shopping Benfica:<\/p>\n<p style=\"text-align: justify;\" align=\"justify\">Avenida Carapinima, 2200.<\/p>\n<p style=\"text-align: justify;\" align=\"justify\">Telefone: (85) 3101.2248<\/p>\n<p style=\"text-align: justify;\" align=\"justify\"><span class=\"Apple-style-span\">Posto de Identifica\u00e7\u00e3o Conjunto S\u00e3o Francisco<\/span>:<\/p>\n<p style=\"text-align: justify;\" align=\"justify\">Rua Ilha do Bote, 377.<\/p>\n<p style=\"text-align: justify;\" align=\"justify\">Telefone: (85) 3101.2729<\/p>\n<p style=\"text-align: justify;\" align=\"justify\"><span class=\"Apple-style-span\">Posto de Identifica\u00e7\u00e3o Assembleia Legislativa<\/span>:<\/p>\n<p style=\"text-align: justify;\" align=\"justify\">Avenida Pontes Vieira, 2119, esquina com Rua Barbosa de Freitas.<\/p>\n<p style=\"text-align: justify;\" align=\"justify\">Telefone: (85) 3277.2782 ou (85) 3277.2786<\/p>\n<p>&nbsp;<\/p>\n<p><strong>Hor\u00e1rio para atendimento:<\/strong><\/p>\n<p style=\"text-align: justify;\"><span class=\"caption\"><strong>Segunda a Sexta:<\/strong><\/span><\/p>\n<p style=\"text-align: justify;\"><span class=\"caption\"><br \/>\n08h00 as 17h00 para Atendimento e Entrega de Carteira<\/span><\/p>\n<p style=\"text-align: justify;\"><span class=\"caption\">08h00 as 17h00 para distribui\u00e7\u00e3o de senha;<\/span><\/p>\n<p>&nbsp;<\/p>\n<p>&nbsp;<\/p>\n<p style=\"text-align: justify;\">Para a emiss\u00e3o do Documento de Arrecada\u00e7\u00e3o Estadual (DAE), o cidad\u00e3o deve acessar nosso portal e preencher o campo ao lado. Ap\u00f3s o pagamento, dentro de um prazo m\u00e1ximo de 48h, o cidad\u00e3o poder\u00e1 dar entrada na sua solicita\u00e7\u00e3o pretendida. Para mais informa\u00e7\u00f5es, segue o Di\u00e1rio Oficial de 30 de julho de 2015 (pag. 27 a 33) onde constam todas as informa\u00e7\u00f5es acerca do fato. DOE:<a href=\"https:\/\/www.pefoce.ce.gov.br\/wp-content\/uploads\/sites\/57\/2018\/02\/lei15838.pdf\">LEI15838<\/a><\/p>\n<p>&nbsp;<\/p>\n","protected":false},"excerpt":{"rendered":"","protected":false},"author":108,"featured_media":0,"parent":0,"menu_order":0,"comment_status":"closed","ping_status":"closed","template":"","meta":{"_acf_changed":false,"inline_featured_image":false,"footnotes":""},"class_list":["post-73649","page","type-page","status-publish","hentry"],"acf":[],"yoast_head":"<!-- This site is optimized with the Yoast SEO plugin v26.9 - https:\/\/yoast.com\/product\/yoast-seo-wordpress\/ -->\n<title>Emiss\u00e3o de DAE PEFOCE - PEFOCE<\/title>\n<meta name=\"robots\" content=\"index, follow, max-snippet:-1, max-image-preview:large, max-video-preview:-1\" \/>\n<link rel=\"canonical\" href=\"https:\/\/ww16.ce.gov.br\/pefoce\/emitir-dae-pefoce-2-2\/\" \/>\n<meta property=\"og:locale\" content=\"pt_BR\" \/>\n<meta property=\"og:type\" content=\"article\" \/>\n<meta property=\"og:title\" content=\"Emiss\u00e3o de DAE PEFOCE - PEFOCE\" \/>\n<meta property=\"og:url\" content=\"https:\/\/ww16.ce.gov.br\/pefoce\/emitir-dae-pefoce-2-2\/\" \/>\n<meta property=\"og:site_name\" content=\"PEFOCE\" \/>\n<meta property=\"article:modified_time\" content=\"2025-03-31T16:06:45+00:00\" \/>\n<meta name=\"twitter:card\" content=\"summary_large_image\" \/>\n<meta name=\"twitter:label1\" content=\"Est. reading time\" \/>\n\t<meta name=\"twitter:data1\" content=\"2 minutos\" \/>\n<script type=\"application\/ld+json\" class=\"yoast-schema-graph\">{\"@context\":\"https:\/\/schema.org\",\"@graph\":[{\"@type\":\"WebPage\",\"@id\":\"https:\/\/ww16.ce.gov.br\/pefoce\/emitir-dae-pefoce-2-2\/\",\"url\":\"https:\/\/ww16.ce.gov.br\/pefoce\/emitir-dae-pefoce-2-2\/\",\"name\":\"Emiss\u00e3o de DAE PEFOCE - PEFOCE\",\"isPartOf\":{\"@id\":\"https:\/\/ww16.ce.gov.br\/pefoce\/#website\"},\"datePublished\":\"2024-07-25T18:03:07+00:00\",\"dateModified\":\"2025-03-31T16:06:45+00:00\",\"breadcrumb\":{\"@id\":\"https:\/\/ww16.ce.gov.br\/pefoce\/emitir-dae-pefoce-2-2\/#breadcrumb\"},\"inLanguage\":\"pt-BR\",\"potentialAction\":[{\"@type\":\"ReadAction\",\"target\":[\"https:\/\/ww16.ce.gov.br\/pefoce\/emitir-dae-pefoce-2-2\/\"]}]},{\"@type\":\"BreadcrumbList\",\"@id\":\"https:\/\/ww16.ce.gov.br\/pefoce\/emitir-dae-pefoce-2-2\/#breadcrumb\",\"itemListElement\":[{\"@type\":\"ListItem\",\"position\":1,\"name\":\"In\u00edcio\",\"item\":\"https:\/\/ww16.ce.gov.br\/pefoce\/\"},{\"@type\":\"ListItem\",\"position\":2,\"name\":\"Emiss\u00e3o de DAE PEFOCE\"}]},{\"@type\":\"WebSite\",\"@id\":\"https:\/\/ww16.ce.gov.br\/pefoce\/#website\",\"url\":\"https:\/\/ww16.ce.gov.br\/pefoce\/\",\"name\":\"Per\u00edcia Forense\",\"description\":\"Portal PEFOCE\",\"publisher\":{\"@id\":\"https:\/\/ww16.ce.gov.br\/pefoce\/#organization\"},\"potentialAction\":[{\"@type\":\"SearchAction\",\"target\":{\"@type\":\"EntryPoint\",\"urlTemplate\":\"https:\/\/ww16.ce.gov.br\/pefoce\/?s={search_term_string}\"},\"query-input\":{\"@type\":\"PropertyValueSpecification\",\"valueRequired\":true,\"valueName\":\"search_term_string\"}}],\"inLanguage\":\"pt-BR\"},{\"@type\":\"Organization\",\"@id\":\"https:\/\/ww16.ce.gov.br\/pefoce\/#organization\",\"name\":\"Per\u00edcia Forense\",\"url\":\"https:\/\/ww16.ce.gov.br\/pefoce\/\",\"logo\":{\"@type\":\"ImageObject\",\"inLanguage\":\"pt-BR\",\"@id\":\"https:\/\/ww16.ce.gov.br\/pefoce\/#\/schema\/logo\/image\/\",\"url\":\"http:\/\/ww16.ce.gov.br\/pefoce\/wp-content\/uploads\/sites\/28\/2018\/04\/pefoce-clara.png\",\"contentUrl\":\"http:\/\/ww16.ce.gov.br\/pefoce\/wp-content\/uploads\/sites\/28\/2018\/04\/pefoce-clara.png\",\"width\":559,\"height\":106,\"caption\":\"Per\u00edcia Forense\"},\"image\":{\"@id\":\"https:\/\/ww16.ce.gov.br\/pefoce\/#\/schema\/logo\/image\/\"}}]}<\/script>\n<!-- \/ Yoast SEO plugin. -->","yoast_head_json":{"title":"Emiss\u00e3o de DAE PEFOCE - PEFOCE","robots":{"index":"index","follow":"follow","max-snippet":"max-snippet:-1","max-image-preview":"max-image-preview:large","max-video-preview":"max-video-preview:-1"},"canonical":"https:\/\/ww16.ce.gov.br\/pefoce\/emitir-dae-pefoce-2-2\/","og_locale":"pt_BR","og_type":"article","og_title":"Emiss\u00e3o de DAE PEFOCE - PEFOCE","og_url":"https:\/\/ww16.ce.gov.br\/pefoce\/emitir-dae-pefoce-2-2\/","og_site_name":"PEFOCE","article_modified_time":"2025-03-31T16:06:45+00:00","twitter_card":"summary_large_image","twitter_misc":{"Est. reading time":"2 minutos"},"schema":{"@context":"https:\/\/schema.org","@graph":[{"@type":"WebPage","@id":"https:\/\/ww16.ce.gov.br\/pefoce\/emitir-dae-pefoce-2-2\/","url":"https:\/\/ww16.ce.gov.br\/pefoce\/emitir-dae-pefoce-2-2\/","name":"Emiss\u00e3o de DAE PEFOCE - PEFOCE","isPartOf":{"@id":"https:\/\/ww16.ce.gov.br\/pefoce\/#website"},"datePublished":"2024-07-25T18:03:07+00:00","dateModified":"2025-03-31T16:06:45+00:00","breadcrumb":{"@id":"https:\/\/ww16.ce.gov.br\/pefoce\/emitir-dae-pefoce-2-2\/#breadcrumb"},"inLanguage":"pt-BR","potentialAction":[{"@type":"ReadAction","target":["https:\/\/ww16.ce.gov.br\/pefoce\/emitir-dae-pefoce-2-2\/"]}]},{"@type":"BreadcrumbList","@id":"https:\/\/ww16.ce.gov.br\/pefoce\/emitir-dae-pefoce-2-2\/#breadcrumb","itemListElement":[{"@type":"ListItem","position":1,"name":"In\u00edcio","item":"https:\/\/ww16.ce.gov.br\/pefoce\/"},{"@type":"ListItem","position":2,"name":"Emiss\u00e3o de DAE PEFOCE"}]},{"@type":"WebSite","@id":"https:\/\/ww16.ce.gov.br\/pefoce\/#website","url":"https:\/\/ww16.ce.gov.br\/pefoce\/","name":"Per\u00edcia Forense","description":"Portal PEFOCE","publisher":{"@id":"https:\/\/ww16.ce.gov.br\/pefoce\/#organization"},"potentialAction":[{"@type":"SearchAction","target":{"@type":"EntryPoint","urlTemplate":"https:\/\/ww16.ce.gov.br\/pefoce\/?s={search_term_string}"},"query-input":{"@type":"PropertyValueSpecification","valueRequired":true,"valueName":"search_term_string"}}],"inLanguage":"pt-BR"},{"@type":"Organization","@id":"https:\/\/ww16.ce.gov.br\/pefoce\/#organization","name":"Per\u00edcia Forense","url":"https:\/\/ww16.ce.gov.br\/pefoce\/","logo":{"@type":"ImageObject","inLanguage":"pt-BR","@id":"https:\/\/ww16.ce.gov.br\/pefoce\/#\/schema\/logo\/image\/","url":"http:\/\/ww16.ce.gov.br\/pefoce\/wp-content\/uploads\/sites\/28\/2018\/04\/pefoce-clara.png","contentUrl":"http:\/\/ww16.ce.gov.br\/pefoce\/wp-content\/uploads\/sites\/28\/2018\/04\/pefoce-clara.png","width":559,"height":106,"caption":"Per\u00edcia Forense"},"image":{"@id":"https:\/\/ww16.ce.gov.br\/pefoce\/#\/schema\/logo\/image\/"}}]}},"_links":{"self":[{"href":"https:\/\/ww16.ce.gov.br\/pefoce\/wp-json\/wp\/v2\/pages\/73649","targetHints":{"allow":["GET"]}}],"collection":[{"href":"https:\/\/ww16.ce.gov.br\/pefoce\/wp-json\/wp\/v2\/pages"}],"about":[{"href":"https:\/\/ww16.ce.gov.br\/pefoce\/wp-json\/wp\/v2\/types\/page"}],"author":[{"embeddable":true,"href":"https:\/\/ww16.ce.gov.br\/pefoce\/wp-json\/wp\/v2\/users\/108"}],"replies":[{"embeddable":true,"href":"https:\/\/ww16.ce.gov.br\/pefoce\/wp-json\/wp\/v2\/comments?post=73649"}],"version-history":[{"count":9,"href":"https:\/\/ww16.ce.gov.br\/pefoce\/wp-json\/wp\/v2\/pages\/73649\/revisions"}],"predecessor-version":[{"id":74211,"href":"https:\/\/ww16.ce.gov.br\/pefoce\/wp-json\/wp\/v2\/pages\/73649\/revisions\/74211"}],"wp:attachment":[{"href":"https:\/\/ww16.ce.gov.br\/pefoce\/wp-json\/wp\/v2\/media?parent=73649"}],"curies":[{"name":"wp","href":"https:\/\/api.w.org\/{rel}","templated":true}]}}