{"id":73104,"date":"2023-12-05T13:22:09","date_gmt":"2023-12-05T16:22:09","guid":{"rendered":"http:\/\/ww16.ce.gov.br\/pefoce\/?page_id=73104"},"modified":"2023-12-05T13:24:04","modified_gmt":"2023-12-05T16:24:04","slug":"concurso-2021","status":"publish","type":"page","link":"https:\/\/ww16.ce.gov.br\/pefoce\/concurso-2021\/","title":{"rendered":"Concurso 2021"},"content":{"rendered":"\n<table id=\"tablepress-1\" class=\"tablepress tablepress-id-1\">\n<tbody class=\"row-striping row-hover\">\n<tr class=\"row-1\">\n\t<td class=\"column-1\"><p style='font: 1em \"OpenSans-Light\", Helvetica, Arial, sans-serif'>04\/11\/2023<\/p><\/td><td class=\"column-2\"><span style=\"vertical-align: middle\">Edital n\u00ba61 - Convoca\u00e7\u00e3o Matr\u00edcula Curso de Forma\u00e7\u00e3o Profissional<\/span><\/td><td class=\"column-3\"><a style='font: 1em \"OpenSans-Light\", Helvetica, Arial, sans-serif' href=\"https:\/\/ww16.ce.gov.br\/pefoce\/wp-content\/uploads\/sites\/57\/2023\/12\/do20231130p04_Convocacao-2.pdf\" rel=\"noopener\" target=\"_blank\">Edital<\/a><\/td>\n<\/tr>\n<tr class=\"row-2\">\n\t<td class=\"column-1\"><p style='font: 1em \"OpenSans-Light\", Helvetica, Arial, sans-serif'>04\/12\/2023<\/p><\/td><td class=\"column-2\"><span style='font: 1em \"OpenSans-Light\", Helvetica, Arial, sans-serif'>Matr\u00edcula<\/span><\/td><td class=\"column-3\"><a style='font: 1em \"OpenSans-Light\", Helvetica, Arial, sans-serif' href=\"https:\/\/www.aesp.ce.gov.br\/2023\/12\/01\/concurso-pefoce-convocacao-dos-candidatos-para-matricula\/\" rel=\"noopener\" target=\"_blank\">Matr\u00edcula<\/a><\/td>\n<\/tr>\n<tr class=\"row-3\">\n\t<td class=\"column-1\"><p style='font: 1em \"OpenSans-Light\", Helvetica, Arial, sans-serif'>12\/12\/2023<\/p><\/td><td class=\"column-2\"><span style=\"vertical-align: middle\">Edital n\u00ba61 - Convoca\u00e7\u00e3o Matr\u00edcula Curso de Forma\u00e7\u00e3o Profissional- Republica\u00e7\u00e3o<\/span><\/td><td class=\"column-3\"><a style='font: 1em \"OpenSans-Light\", Helvetica, Arial, sans-serif' href=\"https:\/\/ww16.ce.gov.br\/pefoce\/wp-content\/uploads\/sites\/57\/2023\/12\/Edital61Repub_do20231212p03.pdf\" rel=\"noopener\" target=\"_blank\">Edital<\/a><\/td>\n<\/tr>\n<tr class=\"row-4\">\n\t<td class=\"column-1\"><p style='font: 1em \"OpenSans-Light\", Helvetica, Arial, sans-serif'>13\/12\/2023<\/p><\/td><td class=\"column-2\"><span style=\"vertical-align: middle\">Homologa\u00e7\u00e3o da 1\u00aa chamada para o Curso de Forma\u00e7\u00e3o da Turma 2<\/span><\/td><td class=\"column-3\"><a style='font: 1em \"OpenSans-Light\", Helvetica, Arial, sans-serif' href=\"https:\/\/www.aesp.ce.gov.br\/wp-content\/uploads\/sites\/29\/2023\/12\/MATRICULAS-HOMOLOGADAS-PEFOCE.pdf\" rel=\"noopener\" target=\"_blank\">Comunicado<\/a><\/td>\n<\/tr>\n<tr class=\"row-5\">\n\t<td class=\"column-1\"><p style='font: 1em \"OpenSans-Light\", Helvetica, Arial, sans-serif'>22\/12\/2023<\/p><\/td><td class=\"column-2\"><span style=\"vertical-align: middle\">Edital n\u00ba62 - Matr\u00edcula de Candidatos Remanescentes<\/span><\/td><td class=\"column-3\"><a style='font: 1em \"OpenSans-Light\", Helvetica, Arial, sans-serif' href=\"https:\/\/ww16.ce.gov.br\/pefoce\/wp-content\/uploads\/sites\/57\/2023\/12\/Edital62_10011007431202326.pdf\" rel=\"noopener\" target=\"_blank\">Edital<\/a><\/td>\n<\/tr>\n<tr class=\"row-6\">\n\t<td class=\"column-1\"><p style='font: 1em \"OpenSans-Light\", Helvetica, Arial, sans-serif'>29\/12\/2023<\/p><\/td><td class=\"column-2\"><span style=\"vertical-align: middle\">Concurso<\/span><\/td><td class=\"column-3\"><a style='font: 1em \"OpenSans-Light\", Helvetica, Arial, sans-serif' href=\"https:\/\/www.aesp.ce.gov.br\/2023\/12\/29\/aesp-ce-torna-publica-a-homologacao-da-2a-chamada-de-matriculas-dos-candidatos-convocados-para-a-2a-turma-do-curso-de-formacao-e-treinamento-profissional-da-pefoce\/\" rel=\"noopener\" target=\"_blank\">Comunicado<\/a><\/td>\n<\/tr>\n<tr class=\"row-7\">\n\t<td class=\"column-1\"><p style='font: 1em \"OpenSans-Light\", Helvetica, Arial, sans-serif'>12\/01\/2024<\/p><\/td><td class=\"column-2\"><span style=\"vertical-align: middle\">Edital n\u00ba 64 - Convoca\u00e7\u00e3o de Candidatos Remanescentes - 3a Chamada<\/span><\/td><td class=\"column-3\"><a style='font: 1em \"OpenSans-Light\", Helvetica, Arial, sans-serif' href=\"https:\/\/ww16.ce.gov.br\/pefoce\/wp-content\/uploads\/sites\/57\/2024\/01\/Edital_64_Remanescentes.pdf\" rel=\"noopener\" target=\"_blank\">Edital<\/a><\/td>\n<\/tr>\n<tr class=\"row-8\">\n\t<td class=\"column-1\"><p style='font: 1em \"OpenSans-Light\", Helvetica, Arial, sans-serif'>19\/01\/2024<\/p><\/td><td class=\"column-2\"><span style=\"vertical-align: middle\">Homologa\u00e7\u00e3o da 3\u00aa chamada para o Curso de Forma\u00e7\u00e3o da Turma 2<\/span><\/td><td class=\"column-3\"><a style='font: 1em \"OpenSans-Light\", Helvetica, Arial, sans-serif' href=\"https:\/\/ww16.ce.gov.br\/pefoce\/wp-content\/uploads\/sites\/57\/2024\/01\/MATRICULAS_HOMOLOGADAS_PEFOCE_-_EDITAL_64_assinado.pdf\" rel=\"noopener\" target=\"_blank\">Comunicado<\/a><\/td>\n<\/tr>\n<tr class=\"row-9\">\n\t<td class=\"column-1\"><p style='font: 1em \"OpenSans-Light\", Helvetica, Arial, sans-serif'>11\/03\/2024<\/p><\/td><td class=\"column-2\"><span style=\"vertical-align: middle\">Edital n\u00ba 72 - Edital de Convoca\u00e7\u00e3o para o Exame Toxicol\u00f3gico<\/span><\/td><td class=\"column-3\"><a style='font: 1em \"OpenSans-Light\", Helvetica, Arial, sans-serif' href=\"https:\/\/ww16.ce.gov.br\/pefoce\/wp-content\/uploads\/sites\/57\/2024\/03\/EDITAL-No-72-do20240308p02.pdf\" rel=\"noopener\" target=\"_blank\">Edital<\/a><\/td>\n<\/tr>\n<\/tbody>\n<\/table>\n<!-- #tablepress-1 from cache -->\n","protected":false},"excerpt":{"rendered":"","protected":false},"author":108,"featured_media":0,"parent":0,"menu_order":0,"comment_status":"closed","ping_status":"closed","template":"","meta":{"_acf_changed":false,"inline_featured_image":false,"footnotes":""},"class_list":["post-73104","page","type-page","status-publish","hentry"],"acf":[],"yoast_head":"<!-- This site is optimized with the Yoast SEO plugin v26.9 - https:\/\/yoast.com\/product\/yoast-seo-wordpress\/ -->\n<title>Concurso 2021 - PEFOCE<\/title>\n<meta name=\"robots\" content=\"index, follow, max-snippet:-1, max-image-preview:large, max-video-preview:-1\" \/>\n<link rel=\"canonical\" href=\"https:\/\/ww16.ce.gov.br\/pefoce\/concurso-2021\/\" \/>\n<meta property=\"og:locale\" content=\"pt_BR\" \/>\n<meta property=\"og:type\" content=\"article\" \/>\n<meta property=\"og:title\" content=\"Concurso 2021 - PEFOCE\" \/>\n<meta property=\"og:url\" content=\"https:\/\/ww16.ce.gov.br\/pefoce\/concurso-2021\/\" \/>\n<meta property=\"og:site_name\" content=\"PEFOCE\" \/>\n<meta property=\"article:modified_time\" content=\"2023-12-05T16:24:04+00:00\" \/>\n<meta name=\"twitter:card\" content=\"summary_large_image\" \/>\n<meta name=\"twitter:label1\" content=\"Est. reading time\" \/>\n\t<meta name=\"twitter:data1\" content=\"1 minuto\" \/>\n<script type=\"application\/ld+json\" class=\"yoast-schema-graph\">{\"@context\":\"https:\/\/schema.org\",\"@graph\":[{\"@type\":\"WebPage\",\"@id\":\"https:\/\/ww16.ce.gov.br\/pefoce\/concurso-2021\/\",\"url\":\"https:\/\/ww16.ce.gov.br\/pefoce\/concurso-2021\/\",\"name\":\"Concurso 2021 - PEFOCE\",\"isPartOf\":{\"@id\":\"https:\/\/ww16.ce.gov.br\/pefoce\/#website\"},\"datePublished\":\"2023-12-05T16:22:09+00:00\",\"dateModified\":\"2023-12-05T16:24:04+00:00\",\"breadcrumb\":{\"@id\":\"https:\/\/ww16.ce.gov.br\/pefoce\/concurso-2021\/#breadcrumb\"},\"inLanguage\":\"pt-BR\",\"potentialAction\":[{\"@type\":\"ReadAction\",\"target\":[\"https:\/\/ww16.ce.gov.br\/pefoce\/concurso-2021\/\"]}]},{\"@type\":\"BreadcrumbList\",\"@id\":\"https:\/\/ww16.ce.gov.br\/pefoce\/concurso-2021\/#breadcrumb\",\"itemListElement\":[{\"@type\":\"ListItem\",\"position\":1,\"name\":\"In\u00edcio\",\"item\":\"https:\/\/ww16.ce.gov.br\/pefoce\/\"},{\"@type\":\"ListItem\",\"position\":2,\"name\":\"Concurso 2021\"}]},{\"@type\":\"WebSite\",\"@id\":\"https:\/\/ww16.ce.gov.br\/pefoce\/#website\",\"url\":\"https:\/\/ww16.ce.gov.br\/pefoce\/\",\"name\":\"Per\u00edcia Forense\",\"description\":\"Portal PEFOCE\",\"publisher\":{\"@id\":\"https:\/\/ww16.ce.gov.br\/pefoce\/#organization\"},\"potentialAction\":[{\"@type\":\"SearchAction\",\"target\":{\"@type\":\"EntryPoint\",\"urlTemplate\":\"https:\/\/ww16.ce.gov.br\/pefoce\/?s={search_term_string}\"},\"query-input\":{\"@type\":\"PropertyValueSpecification\",\"valueRequired\":true,\"valueName\":\"search_term_string\"}}],\"inLanguage\":\"pt-BR\"},{\"@type\":\"Organization\",\"@id\":\"https:\/\/ww16.ce.gov.br\/pefoce\/#organization\",\"name\":\"Per\u00edcia Forense\",\"url\":\"https:\/\/ww16.ce.gov.br\/pefoce\/\",\"logo\":{\"@type\":\"ImageObject\",\"inLanguage\":\"pt-BR\",\"@id\":\"https:\/\/ww16.ce.gov.br\/pefoce\/#\/schema\/logo\/image\/\",\"url\":\"http:\/\/ww16.ce.gov.br\/pefoce\/wp-content\/uploads\/sites\/28\/2018\/04\/pefoce-clara.png\",\"contentUrl\":\"http:\/\/ww16.ce.gov.br\/pefoce\/wp-content\/uploads\/sites\/28\/2018\/04\/pefoce-clara.png\",\"width\":559,\"height\":106,\"caption\":\"Per\u00edcia Forense\"},\"image\":{\"@id\":\"https:\/\/ww16.ce.gov.br\/pefoce\/#\/schema\/logo\/image\/\"}}]}<\/script>\n<!-- \/ Yoast SEO plugin. -->","yoast_head_json":{"title":"Concurso 2021 - PEFOCE","robots":{"index":"index","follow":"follow","max-snippet":"max-snippet:-1","max-image-preview":"max-image-preview:large","max-video-preview":"max-video-preview:-1"},"canonical":"https:\/\/ww16.ce.gov.br\/pefoce\/concurso-2021\/","og_locale":"pt_BR","og_type":"article","og_title":"Concurso 2021 - PEFOCE","og_url":"https:\/\/ww16.ce.gov.br\/pefoce\/concurso-2021\/","og_site_name":"PEFOCE","article_modified_time":"2023-12-05T16:24:04+00:00","twitter_card":"summary_large_image","twitter_misc":{"Est. reading time":"1 minuto"},"schema":{"@context":"https:\/\/schema.org","@graph":[{"@type":"WebPage","@id":"https:\/\/ww16.ce.gov.br\/pefoce\/concurso-2021\/","url":"https:\/\/ww16.ce.gov.br\/pefoce\/concurso-2021\/","name":"Concurso 2021 - PEFOCE","isPartOf":{"@id":"https:\/\/ww16.ce.gov.br\/pefoce\/#website"},"datePublished":"2023-12-05T16:22:09+00:00","dateModified":"2023-12-05T16:24:04+00:00","breadcrumb":{"@id":"https:\/\/ww16.ce.gov.br\/pefoce\/concurso-2021\/#breadcrumb"},"inLanguage":"pt-BR","potentialAction":[{"@type":"ReadAction","target":["https:\/\/ww16.ce.gov.br\/pefoce\/concurso-2021\/"]}]},{"@type":"BreadcrumbList","@id":"https:\/\/ww16.ce.gov.br\/pefoce\/concurso-2021\/#breadcrumb","itemListElement":[{"@type":"ListItem","position":1,"name":"In\u00edcio","item":"https:\/\/ww16.ce.gov.br\/pefoce\/"},{"@type":"ListItem","position":2,"name":"Concurso 2021"}]},{"@type":"WebSite","@id":"https:\/\/ww16.ce.gov.br\/pefoce\/#website","url":"https:\/\/ww16.ce.gov.br\/pefoce\/","name":"Per\u00edcia Forense","description":"Portal PEFOCE","publisher":{"@id":"https:\/\/ww16.ce.gov.br\/pefoce\/#organization"},"potentialAction":[{"@type":"SearchAction","target":{"@type":"EntryPoint","urlTemplate":"https:\/\/ww16.ce.gov.br\/pefoce\/?s={search_term_string}"},"query-input":{"@type":"PropertyValueSpecification","valueRequired":true,"valueName":"search_term_string"}}],"inLanguage":"pt-BR"},{"@type":"Organization","@id":"https:\/\/ww16.ce.gov.br\/pefoce\/#organization","name":"Per\u00edcia Forense","url":"https:\/\/ww16.ce.gov.br\/pefoce\/","logo":{"@type":"ImageObject","inLanguage":"pt-BR","@id":"https:\/\/ww16.ce.gov.br\/pefoce\/#\/schema\/logo\/image\/","url":"http:\/\/ww16.ce.gov.br\/pefoce\/wp-content\/uploads\/sites\/28\/2018\/04\/pefoce-clara.png","contentUrl":"http:\/\/ww16.ce.gov.br\/pefoce\/wp-content\/uploads\/sites\/28\/2018\/04\/pefoce-clara.png","width":559,"height":106,"caption":"Per\u00edcia Forense"},"image":{"@id":"https:\/\/ww16.ce.gov.br\/pefoce\/#\/schema\/logo\/image\/"}}]}},"_links":{"self":[{"href":"https:\/\/ww16.ce.gov.br\/pefoce\/wp-json\/wp\/v2\/pages\/73104","targetHints":{"allow":["GET"]}}],"collection":[{"href":"https:\/\/ww16.ce.gov.br\/pefoce\/wp-json\/wp\/v2\/pages"}],"about":[{"href":"https:\/\/ww16.ce.gov.br\/pefoce\/wp-json\/wp\/v2\/types\/page"}],"author":[{"embeddable":true,"href":"https:\/\/ww16.ce.gov.br\/pefoce\/wp-json\/wp\/v2\/users\/108"}],"replies":[{"embeddable":true,"href":"https:\/\/ww16.ce.gov.br\/pefoce\/wp-json\/wp\/v2\/comments?post=73104"}],"version-history":[{"count":3,"href":"https:\/\/ww16.ce.gov.br\/pefoce\/wp-json\/wp\/v2\/pages\/73104\/revisions"}],"predecessor-version":[{"id":73112,"href":"https:\/\/ww16.ce.gov.br\/pefoce\/wp-json\/wp\/v2\/pages\/73104\/revisions\/73112"}],"wp:attachment":[{"href":"https:\/\/ww16.ce.gov.br\/pefoce\/wp-json\/wp\/v2\/media?parent=73104"}],"curies":[{"name":"wp","href":"https:\/\/api.w.org\/{rel}","templated":true}]}}