{"id":71822,"date":"2022-10-18T16:54:57","date_gmt":"2022-10-18T19:54:57","guid":{"rendered":"http:\/\/ww16.ce.gov.br\/pefoce\/?page_id=71822"},"modified":"2022-11-26T07:18:38","modified_gmt":"2022-11-26T10:18:38","slug":"1o-workshop-da-pericia-forense-do-estado-do-ceara","status":"publish","type":"page","link":"https:\/\/ww16.ce.gov.br\/pefoce\/1o-workshop-da-pericia-forense-do-estado-do-ceara\/","title":{"rendered":"1\u00ba Workshop da Per\u00edcia Forense do Estado do Cear\u00e1"},"content":{"rendered":"<h1><strong><a>Descri\u00e7\u00e3o do Evento<\/a><\/strong><\/h1>\n<h4 style=\"text-align: justify\">A Per\u00edcia Forense do Estado do Cear\u00e1 (Pefoce) vai realizar seu 1\u00ba Workshop. O evento contar\u00e1 com mesas redondas, apresenta\u00e7\u00f5es tem\u00e1ticas e com palestras de grandes nomes relacionados \u00e0 per\u00edcia criminal oficial no Brasil. A programa\u00e7\u00e3o \u00e9 destinada aos servidores da Pefoce, policiais civis, demais for\u00e7as de seguran\u00e7a, Minist\u00e9rio P\u00fablico, Defensoria P\u00fablica e Poder Judici\u00e1rio.<\/h4>\n<h4 style=\"text-align: justify\">O evento ter\u00e1 como enfoque as atribui\u00e7\u00f5es t\u00e9cnico-cient\u00edficas da Pefoce, enquanto \u00f3rg\u00e3o p\u00fablico respons\u00e1vel pelas atividades de pol\u00edcia cient\u00edfica, atuando na elabora\u00e7\u00e3o de provas com fins jur\u00eddico-criminais. Na ocasi\u00e3o, tamb\u00e9m estar\u00e3o presentes representantes do Poder Judici\u00e1rio, do Minist\u00e9rio P\u00fablico, da Defensoria P\u00fablica e for\u00e7as de seguran\u00e7a p\u00fablica, com vistas \u00e0 promo\u00e7\u00e3o de debates integrativos de alto n\u00edvel entre todas as institui\u00e7\u00f5es diretamente ligadas \u00e0 persecu\u00e7\u00e3o penal.<\/h4>\n<p>&nbsp;<\/p>\n<div>\n<p style=\"text-align: center\"><img loading=\"lazy\" decoding=\"async\" class=\"aligncenter wp-image-71829 aligncenter\" src=\"https:\/\/ww16.ce.gov.br\/pefoce\/wp-content\/uploads\/sites\/57\/2022\/10\/WorkShop-600x302.png\" alt=\"\" width=\"900\" height=\"453\" srcset=\"https:\/\/ww16.ce.gov.br\/pefoce\/wp-content\/uploads\/sites\/57\/2022\/10\/WorkShop-600x302.png 600w, https:\/\/ww16.ce.gov.br\/pefoce\/wp-content\/uploads\/sites\/57\/2022\/10\/WorkShop-768x386.png 768w, https:\/\/ww16.ce.gov.br\/pefoce\/wp-content\/uploads\/sites\/57\/2022\/10\/WorkShop.png 1074w\" sizes=\"auto, (max-width: 900px) 100vw, 900px\" \/><\/p>\n<\/div>\n<div>\n<h2><strong><a>Per\u00edodo:<\/a><\/strong><\/h2>\n<h4 style=\"text-align: justify\">De 29 Novembro a 1 de Dezembro de 2022 \u2022 das 8h\u00a0 \u00e0s 18h.<\/h4>\n<h4 style=\"text-align: justify\">Evento presencial no COMANDO DE PREVEN\u00c7\u00c3O E APOIO \u00c0S COMUNIDADES (COPAC) &#8211; PMCE<\/h4>\n<\/div>\n<div>\n<h2><strong><a>Local do Evento<\/a><\/strong><\/h2>\n<h4 style=\"text-align: justify\">COMANDO DE PREVEN\u00c7\u00c3O E APOIO \u00c0S COMUNIDADES (COPAC) &#8211; PMCE<\/h4>\n<h4 style=\"text-align: justify\">Av. Vicente de castro, 1355 &#8211; Cais do Porto<\/h4>\n<h4 style=\"text-align: justify\">Fortaleza &#8211; Cear\u00e1<\/h4>\n<p>&nbsp;<\/p>\n<\/div>\n<div>\n<p style=\"text-align: justify\"><a class=\"btn-map w-button\" href=\"https:\/\/www.google.com\/maps\/place\/COMANDO+DE+PREVEN%C3%87%C3%83O+E+APOIO+%C3%80S+COMUNIDADES+(COPAC)+-+PMCE\/@-3.7115126,-38.4723559,17z\/data=!4m13!1m7!3m6!1s0x7c747f0481bb385:0x5404cce09d21bc24!2sAv.+Vicente+de+Castro,+1355+-+Cais+do+Porto,+Fortaleza+-+CE,+60180-410!3b1!8m2!3d-3.7120438!4d-38.4725688!3m4!1s0x7c74761f16457f5:0x9b06a0e6b614eb6b!8m2!3d-3.7115904!4d-38.4726527\" target=\"_blank\" rel=\"noopener\"><button>VER NO MAPA<\/button><\/a><\/p>\n<\/div>\n<div>\n<h2><\/h2>\n<h2><strong><a>Inscri\u00e7\u00f5es<\/a><\/strong><\/h2>\n<h3 style=\"text-align: justify\">As inscri\u00e7\u00f5es e certifica\u00e7\u00f5es ser\u00e3o realizadas pela\u00a0<b>Academia Estadual de Seguran\u00e7a P\u00fablica &#8211; AESP|CE.<\/b><\/h3>\n<\/div>\n<div>\n<h3>Contamos com a sua presen\u00e7a.<\/h3>\n<\/div>\n<p>&nbsp;<\/p>\n<p style=\"text-align: center\"><a href=\"https:\/\/matricula.aesp.ce.gov.br\/sismatAesp\/index.php\/start\/beginning\" target=\"_blank\" rel=\"nofollow noopener noreferrer\"><button>Clique na imagem para ser direcionado ao servi\u00e7o de inscri\u00e7\u00e3o:<\/button><\/a><\/p>\n<p style=\"text-align: center\"><a href=\"https:\/\/matricula.aesp.ce.gov.br\/sismatAesp\/index.php\/start\/beginning\" target=\"_blank\" rel=\"nofollow noopener noreferrer\"><img loading=\"lazy\" decoding=\"async\" class=\"aligncenter wp-image-71851\" src=\"https:\/\/ww16.ce.gov.br\/pefoce\/wp-content\/uploads\/sites\/57\/2022\/10\/MAtriculas-AESP-600x61.png\" alt=\"\" width=\"1191\" height=\"121\" srcset=\"https:\/\/ww16.ce.gov.br\/pefoce\/wp-content\/uploads\/sites\/57\/2022\/10\/MAtriculas-AESP-600x61.png 600w, https:\/\/ww16.ce.gov.br\/pefoce\/wp-content\/uploads\/sites\/57\/2022\/10\/MAtriculas-AESP-768x78.png 768w, https:\/\/ww16.ce.gov.br\/pefoce\/wp-content\/uploads\/sites\/57\/2022\/10\/MAtriculas-AESP.png 994w\" sizes=\"auto, (max-width: 1191px) 100vw, 1191px\" \/><\/a><\/p>\n<p>&nbsp;<\/p>\n<div>\n<h1><strong><a>Trabalhos aprovados para apresenta\u00e7\u00e3o<\/a><\/strong><\/h1>\n<h3 style=\"text-align: justify\"><strong><a>NOTAS EXPLICATIVAS:<\/a><\/strong> Os trabalhos selecionados pela Comiss\u00e3o Avaliadora, que ser\u00e3o apresentados em sess\u00e3o de comunica\u00e7\u00e3o oral, tamb\u00e9m dever\u00e3o ser expostos em forma de p\u00f4ster.<\/h3>\n<p>&nbsp;<\/p>\n<p style=\"text-align: center\"><a href=\"https:\/\/ww16.ce.gov.br\/pefoce\/wp-content\/uploads\/sites\/57\/2022\/11\/TRABALHOS-CIENTIFICOS-WORKSHOP_APROVADOS.pdf\"><button>Clique no icone para baixar a rela\u00e7\u00e3o dos trabalhos aprovados.<\/button><\/a><\/p>\n<p style=\"text-align: center\"><a href=\"https:\/\/ww16.ce.gov.br\/pefoce\/wp-content\/uploads\/sites\/57\/2022\/11\/TRABALHOS-CIENTIFICOS-WORKSHOP_APROVADOS.pdf\"><img loading=\"lazy\" decoding=\"async\" class=\"aligncenter wp-image-72078\" src=\"https:\/\/ww16.ce.gov.br\/pefoce\/wp-content\/uploads\/sites\/57\/2022\/11\/ficheiro-pdf.png\" alt=\"TRABALHOS CIENT\u00cdFICOS WORKSHOP_APROVADOS\" width=\"132\" height=\"132\" \/><\/a><\/p>\n<\/div>\n<div>\n<h3 style=\"text-align: justify\">Para os trabalhos aprovados e apresentados na forma de p\u00f4ster durante as Sess\u00f5es de P\u00f4steres do evento, foram estabelecidas as seguintes normas:<\/h3>\n<p>&nbsp;<\/p>\n<p style=\"text-align: justify\">\u25cf Os p\u00f4steres dever\u00e3o possuir tamanho A0 (90 cm de largura e 120 cm de altura) e tamanho de fonte que seja poss\u00edvel leitura \u00e0 dist\u00e2ncia m\u00ednima de 1m;<br \/>\n\u25cf A produ\u00e7\u00e3o do p\u00f4ster e entrega no dia do evento \u00e9 de responsabilidade do autor que inscreveu o trabalho;<br \/>\n\u25cf Somente receber\u00e1 certificado de apresenta\u00e7\u00e3o o trabalho efetivamente exposto e apresentado presencialmente pelo autor no dia e hor\u00e1rio especificados para a avalia\u00e7\u00e3o por parte da Comiss\u00e3o Avaliadora.<\/p>\n<p>&nbsp;<\/p>\n<\/div>\n<div>\n<h3 style=\"text-align: justify\">D\u00favidas entre em contato atrav\u00e9s do e-mail: trabalho.cientifico@pefoce.ce.gov.br<\/h3>\n<\/div>\n<div>\n<h1><strong><a>Programa\u00e7\u00e3o &#8211;\u00a029 de novembro de 2022.<\/a><\/strong><\/h1>\n<h2><strong><a>Cronograma<\/a><\/strong><\/h2>\n<p><img loading=\"lazy\" decoding=\"async\" class=\"aligncenter wp-image-72043 size-full\" style=\"letter-spacing: 0.02px\" src=\"https:\/\/ww16.ce.gov.br\/pefoce\/wp-content\/uploads\/sites\/57\/2022\/11\/1-dia-2.png\" alt=\"Programa\u00e7\u00e3o dai 29 de novembro\" width=\"833\" height=\"701\" srcset=\"https:\/\/ww16.ce.gov.br\/pefoce\/wp-content\/uploads\/sites\/57\/2022\/11\/1-dia-2.png 833w, https:\/\/ww16.ce.gov.br\/pefoce\/wp-content\/uploads\/sites\/57\/2022\/11\/1-dia-2-600x505.png 600w, https:\/\/ww16.ce.gov.br\/pefoce\/wp-content\/uploads\/sites\/57\/2022\/11\/1-dia-2-768x646.png 768w\" sizes=\"auto, (max-width: 833px) 100vw, 833px\" \/><\/p>\n<h2><strong><a>Palestrante<\/a><\/strong><\/h2>\n<p style=\"text-align: center\"><img loading=\"lazy\" decoding=\"async\" class=\"aligncenter wp-image-72050\" src=\"https:\/\/ww16.ce.gov.br\/pefoce\/wp-content\/uploads\/sites\/57\/2022\/11\/Palestante-29-11-2022.jpeg\" alt=\"\" width=\"620\" height=\"850\" \/><\/p>\n<h2><strong><a>Mesa Redonda<\/a><\/strong><\/h2>\n<p style=\"text-align: center\"><img decoding=\"async\" src=\"https:\/\/ww16.ce.gov.br\/pefoce\/wp-content\/uploads\/sites\/57\/2022\/11\/1118823b-9ec8-45ad-ac50-e8255787fab7.jpg\" alt=\"\" width=\"620\" \/><\/p>\n<p>&nbsp;<\/p>\n<h1><strong><a>Programa\u00e7\u00e3o &#8211; 30 de novembro de 2022.<\/a><\/strong><\/h1>\n<h2><strong><a>Cronograma<\/a><\/strong><\/h2>\n<p><img loading=\"lazy\" decoding=\"async\" class=\"aligncenter wp-image-72044 size-full aligncenter\" style=\"font-family: Georgia, 'Times New Roman', 'Bitstream Charter', Times, serif;font-size: 16px;letter-spacing: normal\" src=\"https:\/\/ww16.ce.gov.br\/pefoce\/wp-content\/uploads\/sites\/57\/2022\/11\/2-dia-2.png\" alt=\"\" width=\"833\" height=\"701\" \/><\/p>\n<h2><strong><a>Palestrantes<\/a><\/strong><\/h2>\n<p style=\"text-align: center\"><img decoding=\"async\" class=\"aligncenter\" src=\"https:\/\/ww16.ce.gov.br\/pefoce\/wp-content\/uploads\/sites\/57\/2022\/11\/Palestrante-1-20-11-2022-600x829.jpeg\" alt=\"\" width=\"620\" \/><\/p>\n<p>&nbsp;<\/p>\n<p style=\"text-align: center\"><img decoding=\"async\" class=\"aligncenter\" src=\"https:\/\/ww16.ce.gov.br\/pefoce\/wp-content\/uploads\/sites\/57\/2022\/11\/palestrante-1-30-11-2022-600x829.jpeg\" alt=\"\" width=\"620\" \/><\/p>\n<p>&nbsp;<\/p>\n<p style=\"text-align: center\"><img decoding=\"async\" class=\"alignnone size-medium wp-image-72058\" src=\"https:\/\/ww16.ce.gov.br\/pefoce\/wp-content\/uploads\/sites\/57\/2022\/11\/palestrante-2-30-11-2022-600x829.jpeg\" alt=\"\" width=\"620\" srcset=\"https:\/\/ww16.ce.gov.br\/pefoce\/wp-content\/uploads\/sites\/57\/2022\/11\/palestrante-2-30-11-2022-600x829.jpeg 600w, https:\/\/ww16.ce.gov.br\/pefoce\/wp-content\/uploads\/sites\/57\/2022\/11\/palestrante-2-30-11-2022-768x1061.jpeg 768w, https:\/\/ww16.ce.gov.br\/pefoce\/wp-content\/uploads\/sites\/57\/2022\/11\/palestrante-2-30-11-2022-1112x1536.jpeg 1112w, https:\/\/ww16.ce.gov.br\/pefoce\/wp-content\/uploads\/sites\/57\/2022\/11\/palestrante-2-30-11-2022.jpeg 1158w\" sizes=\"(max-width: 600px) 100vw, 600px\" \/><\/p>\n<p style=\"text-align: center\"><img decoding=\"async\" src=\"https:\/\/ww16.ce.gov.br\/pefoce\/wp-content\/uploads\/sites\/57\/2022\/11\/palestrante-2-30-11-2022-2-600x829.jpeg\" alt=\"\" width=\"620\" \/><\/p>\n<h2><strong><a>Mesa Redonda<\/a><\/strong><\/h2>\n<p style=\"text-align: center\"><img decoding=\"async\" class=\"aligncenter\" src=\"https:\/\/ww16.ce.gov.br\/pefoce\/wp-content\/uploads\/sites\/57\/2022\/11\/mesa-redonda-30-11-2022-1-600x829.jpeg\" alt=\"\" width=\"620\" \/><\/p>\n<p>&nbsp;<\/p>\n<h1><strong><a>Programa\u00e7\u00e3o &#8211; 01 de dezembro de 2022.<\/a><\/strong><\/h1>\n<h2><strong><a>Cronograma<\/a><\/strong><\/h2>\n<p><img loading=\"lazy\" decoding=\"async\" class=\"aligncenter wp-image-72045 size-full aligncenter\" style=\"font-family: Georgia, 'Times New Roman', 'Bitstream Charter', Times, serif;font-size: 16px;letter-spacing: normal\" src=\"https:\/\/ww16.ce.gov.br\/pefoce\/wp-content\/uploads\/sites\/57\/2022\/11\/3-dia-2.png\" alt=\"\" width=\"833\" height=\"701\" \/><\/p>\n<h2><strong><a>Palestrantes<\/a><\/strong><\/h2>\n<p style=\"text-align: center\"><img decoding=\"async\" class=\"aligncenter\" src=\"https:\/\/ww16.ce.gov.br\/pefoce\/wp-content\/uploads\/sites\/57\/2022\/11\/Palestrante-1-01-12-2022-600x829.jpeg\" alt=\"\" width=\"620\" \/><\/p>\n<p>&nbsp;<\/p>\n<p style=\"text-align: center\"><img decoding=\"async\" class=\"aligncenter\" src=\"https:\/\/ww16.ce.gov.br\/pefoce\/wp-content\/uploads\/sites\/57\/2022\/11\/palestrante-2-011-12-2022-600x829.jpeg\" alt=\"\" width=\"620\" \/><\/p>\n<p>&nbsp;<\/p>\n<p style=\"text-align: center\"><img decoding=\"async\" class=\"aligncenter\" src=\"https:\/\/ww16.ce.gov.br\/pefoce\/wp-content\/uploads\/sites\/57\/2022\/11\/palestrant-1-01-12-2022-600x829.jpeg\" alt=\"\" width=\"620\" \/><\/p>\n<p>&nbsp;<\/p>\n<p style=\"text-align: center\"><img decoding=\"async\" class=\"aligncenter\" src=\"https:\/\/ww16.ce.gov.br\/pefoce\/wp-content\/uploads\/sites\/57\/2022\/11\/palestrante-2-01-12-2022-600x829.jpeg\" alt=\"\" width=\"620\" \/><\/p>\n<h2><strong><a>Mesa Redonda<\/a><\/strong><\/h2>\n<p style=\"text-align: center\"><img decoding=\"async\" src=\"https:\/\/ww16.ce.gov.br\/pefoce\/wp-content\/uploads\/sites\/57\/2022\/11\/Mesa-redonda-01-12-2022-1-600x829.jpeg\" alt=\"\" \/><\/p>\n<\/div>\n<div>\n<h1 style=\"text-align: center\">Realiza\u00e7\u00e3o<\/h1>\n<div style=\"text-align: center\"><img decoding=\"async\" src=\"https:\/\/images.sympla.com.br\/633212c1c3648.PNG\" \/><\/div>\n<\/div>\n","protected":false},"excerpt":{"rendered":"<p>Descri\u00e7\u00e3o do Evento A Per\u00edcia Forense do Estado do Cear\u00e1 (Pefoce) vai realizar seu 1\u00ba Workshop. O evento contar\u00e1 com mesas redondas, apresenta\u00e7\u00f5es tem\u00e1ticas e com palestras de grandes nomes relacionados \u00e0 per\u00edcia criminal oficial no Brasil. A programa\u00e7\u00e3o \u00e9 destinada aos servidores da Pefoce, policiais civis, demais for\u00e7as de seguran\u00e7a, Minist\u00e9rio P\u00fablico, Defensoria P\u00fablica [&hellip;]<\/p>\n","protected":false},"author":108,"featured_media":0,"parent":0,"menu_order":0,"comment_status":"closed","ping_status":"closed","template":"","meta":{"_acf_changed":false,"inline_featured_image":false,"footnotes":""},"class_list":["post-71822","page","type-page","status-publish","hentry"],"acf":[],"yoast_head":"<!-- This site is optimized with the Yoast SEO plugin v26.9 - https:\/\/yoast.com\/product\/yoast-seo-wordpress\/ -->\n<title>1\u00ba Workshop da Per\u00edcia Forense do Estado do Cear\u00e1 - PEFOCE<\/title>\n<meta name=\"robots\" content=\"index, follow, max-snippet:-1, max-image-preview:large, max-video-preview:-1\" \/>\n<link rel=\"canonical\" href=\"https:\/\/ww16.ce.gov.br\/pefoce\/1o-workshop-da-pericia-forense-do-estado-do-ceara\/\" \/>\n<meta property=\"og:locale\" content=\"pt_BR\" \/>\n<meta property=\"og:type\" content=\"article\" \/>\n<meta property=\"og:title\" content=\"1\u00ba Workshop da Per\u00edcia Forense do Estado do Cear\u00e1 - PEFOCE\" \/>\n<meta property=\"og:description\" content=\"Descri\u00e7\u00e3o do Evento A Per\u00edcia Forense do Estado do Cear\u00e1 (Pefoce) vai realizar seu 1\u00ba Workshop. O evento contar\u00e1 com mesas redondas, apresenta\u00e7\u00f5es tem\u00e1ticas e com palestras de grandes nomes relacionados \u00e0 per\u00edcia criminal oficial no Brasil. A programa\u00e7\u00e3o \u00e9 destinada aos servidores da Pefoce, policiais civis, demais for\u00e7as de seguran\u00e7a, Minist\u00e9rio P\u00fablico, Defensoria P\u00fablica [&hellip;]\" \/>\n<meta property=\"og:url\" content=\"https:\/\/ww16.ce.gov.br\/pefoce\/1o-workshop-da-pericia-forense-do-estado-do-ceara\/\" \/>\n<meta property=\"og:site_name\" content=\"PEFOCE\" \/>\n<meta property=\"article:modified_time\" content=\"2022-11-26T10:18:38+00:00\" \/>\n<meta property=\"og:image\" content=\"http:\/\/ww16.ce.gov.br\/pefoce\/wp-content\/uploads\/sites\/57\/2022\/10\/WorkShop-600x302.png\" \/>\n<meta name=\"twitter:card\" content=\"summary_large_image\" \/>\n<meta name=\"twitter:label1\" content=\"Est. reading time\" \/>\n\t<meta name=\"twitter:data1\" content=\"6 minutos\" \/>\n<script type=\"application\/ld+json\" class=\"yoast-schema-graph\">{\"@context\":\"https:\/\/schema.org\",\"@graph\":[{\"@type\":\"WebPage\",\"@id\":\"https:\/\/ww16.ce.gov.br\/pefoce\/1o-workshop-da-pericia-forense-do-estado-do-ceara\/\",\"url\":\"https:\/\/ww16.ce.gov.br\/pefoce\/1o-workshop-da-pericia-forense-do-estado-do-ceara\/\",\"name\":\"1\u00ba Workshop da Per\u00edcia Forense do Estado do Cear\u00e1 - PEFOCE\",\"isPartOf\":{\"@id\":\"https:\/\/ww16.ce.gov.br\/pefoce\/#website\"},\"primaryImageOfPage\":{\"@id\":\"https:\/\/ww16.ce.gov.br\/pefoce\/1o-workshop-da-pericia-forense-do-estado-do-ceara\/#primaryimage\"},\"image\":{\"@id\":\"https:\/\/ww16.ce.gov.br\/pefoce\/1o-workshop-da-pericia-forense-do-estado-do-ceara\/#primaryimage\"},\"thumbnailUrl\":\"http:\/\/ww16.ce.gov.br\/pefoce\/wp-content\/uploads\/sites\/57\/2022\/10\/WorkShop-600x302.png\",\"datePublished\":\"2022-10-18T19:54:57+00:00\",\"dateModified\":\"2022-11-26T10:18:38+00:00\",\"breadcrumb\":{\"@id\":\"https:\/\/ww16.ce.gov.br\/pefoce\/1o-workshop-da-pericia-forense-do-estado-do-ceara\/#breadcrumb\"},\"inLanguage\":\"pt-BR\",\"potentialAction\":[{\"@type\":\"ReadAction\",\"target\":[\"https:\/\/ww16.ce.gov.br\/pefoce\/1o-workshop-da-pericia-forense-do-estado-do-ceara\/\"]}]},{\"@type\":\"ImageObject\",\"inLanguage\":\"pt-BR\",\"@id\":\"https:\/\/ww16.ce.gov.br\/pefoce\/1o-workshop-da-pericia-forense-do-estado-do-ceara\/#primaryimage\",\"url\":\"http:\/\/ww16.ce.gov.br\/pefoce\/wp-content\/uploads\/sites\/57\/2022\/10\/WorkShop-600x302.png\",\"contentUrl\":\"http:\/\/ww16.ce.gov.br\/pefoce\/wp-content\/uploads\/sites\/57\/2022\/10\/WorkShop-600x302.png\"},{\"@type\":\"BreadcrumbList\",\"@id\":\"https:\/\/ww16.ce.gov.br\/pefoce\/1o-workshop-da-pericia-forense-do-estado-do-ceara\/#breadcrumb\",\"itemListElement\":[{\"@type\":\"ListItem\",\"position\":1,\"name\":\"In\u00edcio\",\"item\":\"https:\/\/ww16.ce.gov.br\/pefoce\/\"},{\"@type\":\"ListItem\",\"position\":2,\"name\":\"1\u00ba Workshop da Per\u00edcia Forense do Estado do Cear\u00e1\"}]},{\"@type\":\"WebSite\",\"@id\":\"https:\/\/ww16.ce.gov.br\/pefoce\/#website\",\"url\":\"https:\/\/ww16.ce.gov.br\/pefoce\/\",\"name\":\"Per\u00edcia Forense\",\"description\":\"Portal PEFOCE\",\"publisher\":{\"@id\":\"https:\/\/ww16.ce.gov.br\/pefoce\/#organization\"},\"potentialAction\":[{\"@type\":\"SearchAction\",\"target\":{\"@type\":\"EntryPoint\",\"urlTemplate\":\"https:\/\/ww16.ce.gov.br\/pefoce\/?s={search_term_string}\"},\"query-input\":{\"@type\":\"PropertyValueSpecification\",\"valueRequired\":true,\"valueName\":\"search_term_string\"}}],\"inLanguage\":\"pt-BR\"},{\"@type\":\"Organization\",\"@id\":\"https:\/\/ww16.ce.gov.br\/pefoce\/#organization\",\"name\":\"Per\u00edcia Forense\",\"url\":\"https:\/\/ww16.ce.gov.br\/pefoce\/\",\"logo\":{\"@type\":\"ImageObject\",\"inLanguage\":\"pt-BR\",\"@id\":\"https:\/\/ww16.ce.gov.br\/pefoce\/#\/schema\/logo\/image\/\",\"url\":\"http:\/\/ww16.ce.gov.br\/pefoce\/wp-content\/uploads\/sites\/28\/2018\/04\/pefoce-clara.png\",\"contentUrl\":\"http:\/\/ww16.ce.gov.br\/pefoce\/wp-content\/uploads\/sites\/28\/2018\/04\/pefoce-clara.png\",\"width\":559,\"height\":106,\"caption\":\"Per\u00edcia Forense\"},\"image\":{\"@id\":\"https:\/\/ww16.ce.gov.br\/pefoce\/#\/schema\/logo\/image\/\"}}]}<\/script>\n<!-- \/ Yoast SEO plugin. -->","yoast_head_json":{"title":"1\u00ba Workshop da Per\u00edcia Forense do Estado do Cear\u00e1 - PEFOCE","robots":{"index":"index","follow":"follow","max-snippet":"max-snippet:-1","max-image-preview":"max-image-preview:large","max-video-preview":"max-video-preview:-1"},"canonical":"https:\/\/ww16.ce.gov.br\/pefoce\/1o-workshop-da-pericia-forense-do-estado-do-ceara\/","og_locale":"pt_BR","og_type":"article","og_title":"1\u00ba Workshop da Per\u00edcia Forense do Estado do Cear\u00e1 - PEFOCE","og_description":"Descri\u00e7\u00e3o do Evento A Per\u00edcia Forense do Estado do Cear\u00e1 (Pefoce) vai realizar seu 1\u00ba Workshop. O evento contar\u00e1 com mesas redondas, apresenta\u00e7\u00f5es tem\u00e1ticas e com palestras de grandes nomes relacionados \u00e0 per\u00edcia criminal oficial no Brasil. A programa\u00e7\u00e3o \u00e9 destinada aos servidores da Pefoce, policiais civis, demais for\u00e7as de seguran\u00e7a, Minist\u00e9rio P\u00fablico, Defensoria P\u00fablica [&hellip;]","og_url":"https:\/\/ww16.ce.gov.br\/pefoce\/1o-workshop-da-pericia-forense-do-estado-do-ceara\/","og_site_name":"PEFOCE","article_modified_time":"2022-11-26T10:18:38+00:00","og_image":[{"url":"http:\/\/ww16.ce.gov.br\/pefoce\/wp-content\/uploads\/sites\/57\/2022\/10\/WorkShop-600x302.png","type":"","width":"","height":""}],"twitter_card":"summary_large_image","twitter_misc":{"Est. reading time":"6 minutos"},"schema":{"@context":"https:\/\/schema.org","@graph":[{"@type":"WebPage","@id":"https:\/\/ww16.ce.gov.br\/pefoce\/1o-workshop-da-pericia-forense-do-estado-do-ceara\/","url":"https:\/\/ww16.ce.gov.br\/pefoce\/1o-workshop-da-pericia-forense-do-estado-do-ceara\/","name":"1\u00ba Workshop da Per\u00edcia Forense do Estado do Cear\u00e1 - PEFOCE","isPartOf":{"@id":"https:\/\/ww16.ce.gov.br\/pefoce\/#website"},"primaryImageOfPage":{"@id":"https:\/\/ww16.ce.gov.br\/pefoce\/1o-workshop-da-pericia-forense-do-estado-do-ceara\/#primaryimage"},"image":{"@id":"https:\/\/ww16.ce.gov.br\/pefoce\/1o-workshop-da-pericia-forense-do-estado-do-ceara\/#primaryimage"},"thumbnailUrl":"http:\/\/ww16.ce.gov.br\/pefoce\/wp-content\/uploads\/sites\/57\/2022\/10\/WorkShop-600x302.png","datePublished":"2022-10-18T19:54:57+00:00","dateModified":"2022-11-26T10:18:38+00:00","breadcrumb":{"@id":"https:\/\/ww16.ce.gov.br\/pefoce\/1o-workshop-da-pericia-forense-do-estado-do-ceara\/#breadcrumb"},"inLanguage":"pt-BR","potentialAction":[{"@type":"ReadAction","target":["https:\/\/ww16.ce.gov.br\/pefoce\/1o-workshop-da-pericia-forense-do-estado-do-ceara\/"]}]},{"@type":"ImageObject","inLanguage":"pt-BR","@id":"https:\/\/ww16.ce.gov.br\/pefoce\/1o-workshop-da-pericia-forense-do-estado-do-ceara\/#primaryimage","url":"http:\/\/ww16.ce.gov.br\/pefoce\/wp-content\/uploads\/sites\/57\/2022\/10\/WorkShop-600x302.png","contentUrl":"http:\/\/ww16.ce.gov.br\/pefoce\/wp-content\/uploads\/sites\/57\/2022\/10\/WorkShop-600x302.png"},{"@type":"BreadcrumbList","@id":"https:\/\/ww16.ce.gov.br\/pefoce\/1o-workshop-da-pericia-forense-do-estado-do-ceara\/#breadcrumb","itemListElement":[{"@type":"ListItem","position":1,"name":"In\u00edcio","item":"https:\/\/ww16.ce.gov.br\/pefoce\/"},{"@type":"ListItem","position":2,"name":"1\u00ba Workshop da Per\u00edcia Forense do Estado do Cear\u00e1"}]},{"@type":"WebSite","@id":"https:\/\/ww16.ce.gov.br\/pefoce\/#website","url":"https:\/\/ww16.ce.gov.br\/pefoce\/","name":"Per\u00edcia Forense","description":"Portal PEFOCE","publisher":{"@id":"https:\/\/ww16.ce.gov.br\/pefoce\/#organization"},"potentialAction":[{"@type":"SearchAction","target":{"@type":"EntryPoint","urlTemplate":"https:\/\/ww16.ce.gov.br\/pefoce\/?s={search_term_string}"},"query-input":{"@type":"PropertyValueSpecification","valueRequired":true,"valueName":"search_term_string"}}],"inLanguage":"pt-BR"},{"@type":"Organization","@id":"https:\/\/ww16.ce.gov.br\/pefoce\/#organization","name":"Per\u00edcia Forense","url":"https:\/\/ww16.ce.gov.br\/pefoce\/","logo":{"@type":"ImageObject","inLanguage":"pt-BR","@id":"https:\/\/ww16.ce.gov.br\/pefoce\/#\/schema\/logo\/image\/","url":"http:\/\/ww16.ce.gov.br\/pefoce\/wp-content\/uploads\/sites\/28\/2018\/04\/pefoce-clara.png","contentUrl":"http:\/\/ww16.ce.gov.br\/pefoce\/wp-content\/uploads\/sites\/28\/2018\/04\/pefoce-clara.png","width":559,"height":106,"caption":"Per\u00edcia Forense"},"image":{"@id":"https:\/\/ww16.ce.gov.br\/pefoce\/#\/schema\/logo\/image\/"}}]}},"_links":{"self":[{"href":"https:\/\/ww16.ce.gov.br\/pefoce\/wp-json\/wp\/v2\/pages\/71822","targetHints":{"allow":["GET"]}}],"collection":[{"href":"https:\/\/ww16.ce.gov.br\/pefoce\/wp-json\/wp\/v2\/pages"}],"about":[{"href":"https:\/\/ww16.ce.gov.br\/pefoce\/wp-json\/wp\/v2\/types\/page"}],"author":[{"embeddable":true,"href":"https:\/\/ww16.ce.gov.br\/pefoce\/wp-json\/wp\/v2\/users\/108"}],"replies":[{"embeddable":true,"href":"https:\/\/ww16.ce.gov.br\/pefoce\/wp-json\/wp\/v2\/comments?post=71822"}],"version-history":[{"count":69,"href":"https:\/\/ww16.ce.gov.br\/pefoce\/wp-json\/wp\/v2\/pages\/71822\/revisions"}],"predecessor-version":[{"id":72080,"href":"https:\/\/ww16.ce.gov.br\/pefoce\/wp-json\/wp\/v2\/pages\/71822\/revisions\/72080"}],"wp:attachment":[{"href":"https:\/\/ww16.ce.gov.br\/pefoce\/wp-json\/wp\/v2\/media?parent=71822"}],"curies":[{"name":"wp","href":"https:\/\/api.w.org\/{rel}","templated":true}]}}