{"id":67588,"date":"2018-04-05T14:47:08","date_gmt":"2018-04-05T17:47:08","guid":{"rendered":"http:\/\/www.pefoce.ce.gov.br\/?page_id=67588"},"modified":"2018-04-06T09:13:58","modified_gmt":"2018-04-06T12:13:58","slug":"formularios","status":"publish","type":"page","link":"https:\/\/ww16.ce.gov.br\/pefoce\/formularios\/","title":{"rendered":"Outros Servi\u00e7os"},"content":{"rendered":"\n\n&nbsp;\r\n<ul class=\"ListaEst col2\">\r\n<li><a href=\"https:\/\/ww16.ce.gov.br\/pefoce\/emitir-dae-pefoce-2\/\"> EMISS\u00c3O VIA DE LAUDOS <\/a><\/li>\r\n<li><a href=\"https:\/\/ww16.ce.gov.br\/pefoce\/2024\/10\/30\/nova-carteira-de-identidade\/\" target=\"_blank\" rel=\"noopener noreferrer\"> INFORMA\u00c7\u00d5ES NOVA CARTEIRA DE IDENTIDADE <\/a><\/li>\r\n<li><a href=\"https:\/\/www.pefoce.ce.gov.br\/outros-servicos\/\" target=\"_blank\" rel=\"noopener noreferrer\"> ATESTADO DE ANTECEDENTES CRIMINAIS E OUTROS <\/a><\/li>\r\n<li><a href=\"https:\/\/dpvat.pefoce.ce.gov.br\/\" target=\"_blank\" rel=\"noopener noreferrer\"> VALIDA\u00c7\u00c3O DPVAT <\/a><\/li>\r\n<li><a href=\"https:\/\/validardocumento.pefoce.ce.gov.br\/\" target=\"_blank\" rel=\"noopener noreferrer\"> VALIDA\u00c7\u00c3O DOCUMENTO <\/a><\/li>\r\n<li><a href=\"https:\/\/172.24.24.7:8088\/consulta\/\" target=\"_blank\" rel=\"noopener noreferrer\"> CONSULTA SIP <\/a><\/li>\r\n<li><a href=\"https:\/\/galileu.pefoce.ce.gov.br\/pages\/cruds\/pericia\/consultaStatusDeclaracaoObito.faces#no-back-button\" target=\"_blank\" rel=\"noopener noreferrer\"> CONSULTA DECLARA\u00c7\u00c3O DE \u00d3BITO <\/a><\/li>\r\n<li><a href=\"https:\/\/ww16.ce.gov.br\/pefoce\/wp-content\/uploads\/sites\/57\/2025\/11\/MODELO-DE-REQUERIMENTO.pdf\" target=\"_blank\" rel=\"noopener noreferrer\"> FORMUL\u00c1RIO DE RESTITUI\u00c7\u00c3O DE TAXA DE EMISS\u00c3O DE 2\u00aa VIA DE REGISTRO GERAL - RG <\/a><\/li>\r\n<li><a href=\"https:\/\/docs.google.com\/forms\/d\/e\/1FAIpQLSegySQNLUFGVW37zorPLHjLCTGXthWFZiaMOPLvAvQcjAxyNQ\/viewform?usp=header\" target=\"_blank\" rel=\"noopener noreferrer\"> FORMUL\u00c1RIO PARA SOLICITA\u00c7\u00c3O DE IDENTIFICA\u00c7\u00c3O DE PESSOAS VIVAS COM IDENTIDADE DESCONHECIDA <\/a><\/li>\r\n<\/ul>\r\n&nbsp;\r\n<h2>Cadastros<\/h2>\r\n&nbsp;\r\n<ul class=\"ListaEst col1 -Verde\">\r\n<li><a href=\"https:\/\/spca.sspds.ce.gov.br\/web\/ssa\/solicitacao\" target=\"_blank\" rel=\"noopener noreferrer\"> CADASTRO SISTEMAS SSPDS <\/a><\/li>\r\n<li><a href=\"https:\/\/ww16.ce.gov.br\/pefoce\/wp-content\/uploads\/sites\/57\/2019\/10\/GALILEU-CONSULTA-JUSTICA-FORMULARIO.odt\" target=\"_blank\" rel=\"noopener noreferrer\"> FORMUL\u00c1RIO CADASTRO GALILEU\/JUSTI\u00c7A <\/a><\/li>\r\n<li><a href=\"https:\/\/seguranca.sinesp.gov.br\/sinesp-cadastros\/public\/precadastro_envio_link.jsf\" target=\"_blank\" rel=\"noopener noreferrer\"> CADASTRO INFOSEG <\/a><\/li>\r\n<\/ul>\r\n&nbsp;\r\n\r\n\n","protected":false},"excerpt":{"rendered":"","protected":false},"author":108,"featured_media":0,"parent":0,"menu_order":0,"comment_status":"closed","ping_status":"closed","template":"","meta":{"_acf_changed":false,"inline_featured_image":false,"footnotes":""},"class_list":["post-67588","page","type-page","status-publish","hentry"],"acf":[],"yoast_head":"<!-- This site is optimized with the Yoast SEO plugin v26.9 - https:\/\/yoast.com\/product\/yoast-seo-wordpress\/ -->\n<title>Outros Servi\u00e7os - PEFOCE<\/title>\n<meta name=\"robots\" content=\"index, follow, max-snippet:-1, max-image-preview:large, max-video-preview:-1\" \/>\n<link rel=\"canonical\" href=\"https:\/\/ww16.ce.gov.br\/pefoce\/formularios\/\" \/>\n<meta property=\"og:locale\" content=\"pt_BR\" \/>\n<meta property=\"og:type\" content=\"article\" \/>\n<meta property=\"og:title\" content=\"Outros Servi\u00e7os - PEFOCE\" \/>\n<meta property=\"og:url\" content=\"https:\/\/ww16.ce.gov.br\/pefoce\/formularios\/\" \/>\n<meta property=\"og:site_name\" content=\"PEFOCE\" \/>\n<meta property=\"article:modified_time\" content=\"2018-04-06T12:13:58+00:00\" \/>\n<meta name=\"twitter:card\" content=\"summary_large_image\" \/>\n<script type=\"application\/ld+json\" class=\"yoast-schema-graph\">{\"@context\":\"https:\/\/schema.org\",\"@graph\":[{\"@type\":\"WebPage\",\"@id\":\"https:\/\/ww16.ce.gov.br\/pefoce\/formularios\/\",\"url\":\"https:\/\/ww16.ce.gov.br\/pefoce\/formularios\/\",\"name\":\"Outros Servi\u00e7os - PEFOCE\",\"isPartOf\":{\"@id\":\"https:\/\/ww16.ce.gov.br\/pefoce\/#website\"},\"datePublished\":\"2018-04-05T17:47:08+00:00\",\"dateModified\":\"2018-04-06T12:13:58+00:00\",\"breadcrumb\":{\"@id\":\"https:\/\/ww16.ce.gov.br\/pefoce\/formularios\/#breadcrumb\"},\"inLanguage\":\"pt-BR\",\"potentialAction\":[{\"@type\":\"ReadAction\",\"target\":[\"https:\/\/ww16.ce.gov.br\/pefoce\/formularios\/\"]}]},{\"@type\":\"BreadcrumbList\",\"@id\":\"https:\/\/ww16.ce.gov.br\/pefoce\/formularios\/#breadcrumb\",\"itemListElement\":[{\"@type\":\"ListItem\",\"position\":1,\"name\":\"In\u00edcio\",\"item\":\"https:\/\/ww16.ce.gov.br\/pefoce\/\"},{\"@type\":\"ListItem\",\"position\":2,\"name\":\"Outros Servi\u00e7os\"}]},{\"@type\":\"WebSite\",\"@id\":\"https:\/\/ww16.ce.gov.br\/pefoce\/#website\",\"url\":\"https:\/\/ww16.ce.gov.br\/pefoce\/\",\"name\":\"Per\u00edcia Forense\",\"description\":\"Portal PEFOCE\",\"publisher\":{\"@id\":\"https:\/\/ww16.ce.gov.br\/pefoce\/#organization\"},\"potentialAction\":[{\"@type\":\"SearchAction\",\"target\":{\"@type\":\"EntryPoint\",\"urlTemplate\":\"https:\/\/ww16.ce.gov.br\/pefoce\/?s={search_term_string}\"},\"query-input\":{\"@type\":\"PropertyValueSpecification\",\"valueRequired\":true,\"valueName\":\"search_term_string\"}}],\"inLanguage\":\"pt-BR\"},{\"@type\":\"Organization\",\"@id\":\"https:\/\/ww16.ce.gov.br\/pefoce\/#organization\",\"name\":\"Per\u00edcia Forense\",\"url\":\"https:\/\/ww16.ce.gov.br\/pefoce\/\",\"logo\":{\"@type\":\"ImageObject\",\"inLanguage\":\"pt-BR\",\"@id\":\"https:\/\/ww16.ce.gov.br\/pefoce\/#\/schema\/logo\/image\/\",\"url\":\"http:\/\/ww16.ce.gov.br\/pefoce\/wp-content\/uploads\/sites\/28\/2018\/04\/pefoce-clara.png\",\"contentUrl\":\"http:\/\/ww16.ce.gov.br\/pefoce\/wp-content\/uploads\/sites\/28\/2018\/04\/pefoce-clara.png\",\"width\":559,\"height\":106,\"caption\":\"Per\u00edcia Forense\"},\"image\":{\"@id\":\"https:\/\/ww16.ce.gov.br\/pefoce\/#\/schema\/logo\/image\/\"}}]}<\/script>\n<!-- \/ Yoast SEO plugin. -->","yoast_head_json":{"title":"Outros Servi\u00e7os - PEFOCE","robots":{"index":"index","follow":"follow","max-snippet":"max-snippet:-1","max-image-preview":"max-image-preview:large","max-video-preview":"max-video-preview:-1"},"canonical":"https:\/\/ww16.ce.gov.br\/pefoce\/formularios\/","og_locale":"pt_BR","og_type":"article","og_title":"Outros Servi\u00e7os - PEFOCE","og_url":"https:\/\/ww16.ce.gov.br\/pefoce\/formularios\/","og_site_name":"PEFOCE","article_modified_time":"2018-04-06T12:13:58+00:00","twitter_card":"summary_large_image","schema":{"@context":"https:\/\/schema.org","@graph":[{"@type":"WebPage","@id":"https:\/\/ww16.ce.gov.br\/pefoce\/formularios\/","url":"https:\/\/ww16.ce.gov.br\/pefoce\/formularios\/","name":"Outros Servi\u00e7os - PEFOCE","isPartOf":{"@id":"https:\/\/ww16.ce.gov.br\/pefoce\/#website"},"datePublished":"2018-04-05T17:47:08+00:00","dateModified":"2018-04-06T12:13:58+00:00","breadcrumb":{"@id":"https:\/\/ww16.ce.gov.br\/pefoce\/formularios\/#breadcrumb"},"inLanguage":"pt-BR","potentialAction":[{"@type":"ReadAction","target":["https:\/\/ww16.ce.gov.br\/pefoce\/formularios\/"]}]},{"@type":"BreadcrumbList","@id":"https:\/\/ww16.ce.gov.br\/pefoce\/formularios\/#breadcrumb","itemListElement":[{"@type":"ListItem","position":1,"name":"In\u00edcio","item":"https:\/\/ww16.ce.gov.br\/pefoce\/"},{"@type":"ListItem","position":2,"name":"Outros Servi\u00e7os"}]},{"@type":"WebSite","@id":"https:\/\/ww16.ce.gov.br\/pefoce\/#website","url":"https:\/\/ww16.ce.gov.br\/pefoce\/","name":"Per\u00edcia Forense","description":"Portal PEFOCE","publisher":{"@id":"https:\/\/ww16.ce.gov.br\/pefoce\/#organization"},"potentialAction":[{"@type":"SearchAction","target":{"@type":"EntryPoint","urlTemplate":"https:\/\/ww16.ce.gov.br\/pefoce\/?s={search_term_string}"},"query-input":{"@type":"PropertyValueSpecification","valueRequired":true,"valueName":"search_term_string"}}],"inLanguage":"pt-BR"},{"@type":"Organization","@id":"https:\/\/ww16.ce.gov.br\/pefoce\/#organization","name":"Per\u00edcia Forense","url":"https:\/\/ww16.ce.gov.br\/pefoce\/","logo":{"@type":"ImageObject","inLanguage":"pt-BR","@id":"https:\/\/ww16.ce.gov.br\/pefoce\/#\/schema\/logo\/image\/","url":"http:\/\/ww16.ce.gov.br\/pefoce\/wp-content\/uploads\/sites\/28\/2018\/04\/pefoce-clara.png","contentUrl":"http:\/\/ww16.ce.gov.br\/pefoce\/wp-content\/uploads\/sites\/28\/2018\/04\/pefoce-clara.png","width":559,"height":106,"caption":"Per\u00edcia Forense"},"image":{"@id":"https:\/\/ww16.ce.gov.br\/pefoce\/#\/schema\/logo\/image\/"}}]}},"_links":{"self":[{"href":"https:\/\/ww16.ce.gov.br\/pefoce\/wp-json\/wp\/v2\/pages\/67588","targetHints":{"allow":["GET"]}}],"collection":[{"href":"https:\/\/ww16.ce.gov.br\/pefoce\/wp-json\/wp\/v2\/pages"}],"about":[{"href":"https:\/\/ww16.ce.gov.br\/pefoce\/wp-json\/wp\/v2\/types\/page"}],"author":[{"embeddable":true,"href":"https:\/\/ww16.ce.gov.br\/pefoce\/wp-json\/wp\/v2\/users\/108"}],"replies":[{"embeddable":true,"href":"https:\/\/ww16.ce.gov.br\/pefoce\/wp-json\/wp\/v2\/comments?post=67588"}],"version-history":[{"count":23,"href":"https:\/\/ww16.ce.gov.br\/pefoce\/wp-json\/wp\/v2\/pages\/67588\/revisions"}],"predecessor-version":[{"id":74359,"href":"https:\/\/ww16.ce.gov.br\/pefoce\/wp-json\/wp\/v2\/pages\/67588\/revisions\/74359"}],"wp:attachment":[{"href":"https:\/\/ww16.ce.gov.br\/pefoce\/wp-json\/wp\/v2\/media?parent=67588"}],"curies":[{"name":"wp","href":"https:\/\/api.w.org\/{rel}","templated":true}]}}