{"id":67268,"date":"2018-02-22T11:23:30","date_gmt":"2018-02-22T14:23:30","guid":{"rendered":"http:\/\/www.pefoce.ce.gov.br\/?page_id=67268"},"modified":"2022-12-27T09:19:58","modified_gmt":"2022-12-27T12:19:58","slug":"legislacao","status":"publish","type":"page","link":"https:\/\/ww16.ce.gov.br\/pefoce\/legislacao\/","title":{"rendered":"Legisla\u00e7\u00e3o"},"content":{"rendered":"<h4><\/h4>\n<p>&nbsp;<\/p>\n<h4><strong>Leis:<\/strong><\/h4>\n<p>&nbsp;<\/p>\n<p>Lei N\u00ba 14.055 de 07 de janeiro de 2008 &#8211; Cria\u00e7\u00e3o PEFOCE<\/p>\n<p><a href=\"https:\/\/www.pefoce.ce.gov.br\/wp-content\/uploads\/sites\/57\/2018\/02\/PEFOCE_Lei14055.pdf\">PEFOCE_Lei14055<\/a><\/p>\n<p>&nbsp;<\/p>\n<p>Lei N\u00ba 16.318 de 18 de agosto de 2017 &#8211; Institui o subgrupo Atividade de Per\u00edcia Forense no \u00e2mbito do grupo ocupacional &#8211; Atividades de Pol\u00edcia Judici\u00e1ria &#8211; APJ.<\/p>\n<p><a href=\"https:\/\/www.pefoce.ce.gov.br\/wp-content\/uploads\/sites\/57\/2018\/02\/lei-16.318-2017-pefoce.pdf\">lei 16.318 2017 pefoce<\/a><\/p>\n<p>&nbsp;<\/p>\n<h4><strong>Decretos:<\/strong><\/h4>\n<p>&nbsp;<\/p>\n<p>Decreto N\u00ba30.485, de 06 de abril de 2011 &#8211; Aprova o Regulamento Geral da Per\u00edcia Forense do Estado do Cear\u00e1 &#8211; PEFOCE, e D\u00e1 Outras Provid\u00eacias.<\/p>\n<p><a href=\"https:\/\/ww16.ce.gov.br\/pefoce\/wp-content\/uploads\/sites\/57\/2022\/12\/Regulamento-da-Pericia-Forense.pdf\">DECRETO N\u00ba30.485<\/a><\/p>\n<p>&nbsp;<\/p>\n<h4><strong>Portarias:<\/strong><\/h4>\n<p>&nbsp;<\/p>\n<p>Portaria N\u00ba797\/2022 &#8211; PEFOCE\/SSPDS &#8211; Institui o Sistema de Gest\u00e3o da Qualidade na Per\u00edcia Forense do Estado do Cear\u00e1 e D\u00e1 Outras Provid\u00eancias.<\/p>\n<p><a href=\"https:\/\/ww16.ce.gov.br\/pefoce\/wp-content\/uploads\/sites\/57\/2022\/12\/do20221216p04-1.pdf\">Portaria N\u00ba797\/2022<\/a><\/p>\n","protected":false},"excerpt":{"rendered":"<p>&nbsp; Leis: &nbsp; Lei N\u00ba 14.055 de 07 de janeiro de 2008 &#8211; Cria\u00e7\u00e3o PEFOCE PEFOCE_Lei14055 &nbsp; Lei N\u00ba 16.318 de 18 de agosto de 2017 &#8211; Institui o subgrupo Atividade de Per\u00edcia Forense no \u00e2mbito do grupo ocupacional &#8211; Atividades de Pol\u00edcia Judici\u00e1ria &#8211; APJ. lei 16.318 2017 pefoce &nbsp; Decretos: &nbsp; Decreto N\u00ba30.485, [&hellip;]<\/p>\n","protected":false},"author":12,"featured_media":0,"parent":0,"menu_order":0,"comment_status":"closed","ping_status":"closed","template":"","meta":{"_acf_changed":false,"inline_featured_image":false,"footnotes":""},"class_list":["post-67268","page","type-page","status-publish","hentry"],"acf":[],"yoast_head":"<!-- This site is optimized with the Yoast SEO plugin v26.9 - https:\/\/yoast.com\/product\/yoast-seo-wordpress\/ -->\n<title>Legisla\u00e7\u00e3o - PEFOCE<\/title>\n<meta name=\"robots\" content=\"index, follow, max-snippet:-1, max-image-preview:large, max-video-preview:-1\" \/>\n<link rel=\"canonical\" href=\"https:\/\/ww16.ce.gov.br\/pefoce\/legislacao\/\" \/>\n<meta property=\"og:locale\" content=\"pt_BR\" \/>\n<meta property=\"og:type\" content=\"article\" \/>\n<meta property=\"og:title\" content=\"Legisla\u00e7\u00e3o - PEFOCE\" \/>\n<meta property=\"og:description\" content=\"&nbsp; Leis: &nbsp; Lei N\u00ba 14.055 de 07 de janeiro de 2008 &#8211; Cria\u00e7\u00e3o PEFOCE PEFOCE_Lei14055 &nbsp; Lei N\u00ba 16.318 de 18 de agosto de 2017 &#8211; Institui o subgrupo Atividade de Per\u00edcia Forense no \u00e2mbito do grupo ocupacional &#8211; Atividades de Pol\u00edcia Judici\u00e1ria &#8211; APJ. lei 16.318 2017 pefoce &nbsp; Decretos: &nbsp; Decreto N\u00ba30.485, [&hellip;]\" \/>\n<meta property=\"og:url\" content=\"https:\/\/ww16.ce.gov.br\/pefoce\/legislacao\/\" \/>\n<meta property=\"og:site_name\" content=\"PEFOCE\" \/>\n<meta property=\"article:modified_time\" content=\"2022-12-27T12:19:58+00:00\" \/>\n<meta name=\"twitter:card\" content=\"summary_large_image\" \/>\n<meta name=\"twitter:label1\" content=\"Est. reading time\" \/>\n\t<meta name=\"twitter:data1\" content=\"1 minuto\" \/>\n<script type=\"application\/ld+json\" class=\"yoast-schema-graph\">{\"@context\":\"https:\/\/schema.org\",\"@graph\":[{\"@type\":\"WebPage\",\"@id\":\"https:\/\/ww16.ce.gov.br\/pefoce\/legislacao\/\",\"url\":\"https:\/\/ww16.ce.gov.br\/pefoce\/legislacao\/\",\"name\":\"Legisla\u00e7\u00e3o - PEFOCE\",\"isPartOf\":{\"@id\":\"https:\/\/ww16.ce.gov.br\/pefoce\/#website\"},\"datePublished\":\"2018-02-22T14:23:30+00:00\",\"dateModified\":\"2022-12-27T12:19:58+00:00\",\"breadcrumb\":{\"@id\":\"https:\/\/ww16.ce.gov.br\/pefoce\/legislacao\/#breadcrumb\"},\"inLanguage\":\"pt-BR\",\"potentialAction\":[{\"@type\":\"ReadAction\",\"target\":[\"https:\/\/ww16.ce.gov.br\/pefoce\/legislacao\/\"]}]},{\"@type\":\"BreadcrumbList\",\"@id\":\"https:\/\/ww16.ce.gov.br\/pefoce\/legislacao\/#breadcrumb\",\"itemListElement\":[{\"@type\":\"ListItem\",\"position\":1,\"name\":\"In\u00edcio\",\"item\":\"https:\/\/ww16.ce.gov.br\/pefoce\/\"},{\"@type\":\"ListItem\",\"position\":2,\"name\":\"Legisla\u00e7\u00e3o\"}]},{\"@type\":\"WebSite\",\"@id\":\"https:\/\/ww16.ce.gov.br\/pefoce\/#website\",\"url\":\"https:\/\/ww16.ce.gov.br\/pefoce\/\",\"name\":\"Per\u00edcia Forense\",\"description\":\"Portal PEFOCE\",\"publisher\":{\"@id\":\"https:\/\/ww16.ce.gov.br\/pefoce\/#organization\"},\"potentialAction\":[{\"@type\":\"SearchAction\",\"target\":{\"@type\":\"EntryPoint\",\"urlTemplate\":\"https:\/\/ww16.ce.gov.br\/pefoce\/?s={search_term_string}\"},\"query-input\":{\"@type\":\"PropertyValueSpecification\",\"valueRequired\":true,\"valueName\":\"search_term_string\"}}],\"inLanguage\":\"pt-BR\"},{\"@type\":\"Organization\",\"@id\":\"https:\/\/ww16.ce.gov.br\/pefoce\/#organization\",\"name\":\"Per\u00edcia Forense\",\"url\":\"https:\/\/ww16.ce.gov.br\/pefoce\/\",\"logo\":{\"@type\":\"ImageObject\",\"inLanguage\":\"pt-BR\",\"@id\":\"https:\/\/ww16.ce.gov.br\/pefoce\/#\/schema\/logo\/image\/\",\"url\":\"http:\/\/ww16.ce.gov.br\/pefoce\/wp-content\/uploads\/sites\/28\/2018\/04\/pefoce-clara.png\",\"contentUrl\":\"http:\/\/ww16.ce.gov.br\/pefoce\/wp-content\/uploads\/sites\/28\/2018\/04\/pefoce-clara.png\",\"width\":559,\"height\":106,\"caption\":\"Per\u00edcia Forense\"},\"image\":{\"@id\":\"https:\/\/ww16.ce.gov.br\/pefoce\/#\/schema\/logo\/image\/\"}}]}<\/script>\n<!-- \/ Yoast SEO plugin. -->","yoast_head_json":{"title":"Legisla\u00e7\u00e3o - PEFOCE","robots":{"index":"index","follow":"follow","max-snippet":"max-snippet:-1","max-image-preview":"max-image-preview:large","max-video-preview":"max-video-preview:-1"},"canonical":"https:\/\/ww16.ce.gov.br\/pefoce\/legislacao\/","og_locale":"pt_BR","og_type":"article","og_title":"Legisla\u00e7\u00e3o - PEFOCE","og_description":"&nbsp; Leis: &nbsp; Lei N\u00ba 14.055 de 07 de janeiro de 2008 &#8211; Cria\u00e7\u00e3o PEFOCE PEFOCE_Lei14055 &nbsp; Lei N\u00ba 16.318 de 18 de agosto de 2017 &#8211; Institui o subgrupo Atividade de Per\u00edcia Forense no \u00e2mbito do grupo ocupacional &#8211; Atividades de Pol\u00edcia Judici\u00e1ria &#8211; APJ. lei 16.318 2017 pefoce &nbsp; Decretos: &nbsp; Decreto N\u00ba30.485, [&hellip;]","og_url":"https:\/\/ww16.ce.gov.br\/pefoce\/legislacao\/","og_site_name":"PEFOCE","article_modified_time":"2022-12-27T12:19:58+00:00","twitter_card":"summary_large_image","twitter_misc":{"Est. reading time":"1 minuto"},"schema":{"@context":"https:\/\/schema.org","@graph":[{"@type":"WebPage","@id":"https:\/\/ww16.ce.gov.br\/pefoce\/legislacao\/","url":"https:\/\/ww16.ce.gov.br\/pefoce\/legislacao\/","name":"Legisla\u00e7\u00e3o - PEFOCE","isPartOf":{"@id":"https:\/\/ww16.ce.gov.br\/pefoce\/#website"},"datePublished":"2018-02-22T14:23:30+00:00","dateModified":"2022-12-27T12:19:58+00:00","breadcrumb":{"@id":"https:\/\/ww16.ce.gov.br\/pefoce\/legislacao\/#breadcrumb"},"inLanguage":"pt-BR","potentialAction":[{"@type":"ReadAction","target":["https:\/\/ww16.ce.gov.br\/pefoce\/legislacao\/"]}]},{"@type":"BreadcrumbList","@id":"https:\/\/ww16.ce.gov.br\/pefoce\/legislacao\/#breadcrumb","itemListElement":[{"@type":"ListItem","position":1,"name":"In\u00edcio","item":"https:\/\/ww16.ce.gov.br\/pefoce\/"},{"@type":"ListItem","position":2,"name":"Legisla\u00e7\u00e3o"}]},{"@type":"WebSite","@id":"https:\/\/ww16.ce.gov.br\/pefoce\/#website","url":"https:\/\/ww16.ce.gov.br\/pefoce\/","name":"Per\u00edcia Forense","description":"Portal PEFOCE","publisher":{"@id":"https:\/\/ww16.ce.gov.br\/pefoce\/#organization"},"potentialAction":[{"@type":"SearchAction","target":{"@type":"EntryPoint","urlTemplate":"https:\/\/ww16.ce.gov.br\/pefoce\/?s={search_term_string}"},"query-input":{"@type":"PropertyValueSpecification","valueRequired":true,"valueName":"search_term_string"}}],"inLanguage":"pt-BR"},{"@type":"Organization","@id":"https:\/\/ww16.ce.gov.br\/pefoce\/#organization","name":"Per\u00edcia Forense","url":"https:\/\/ww16.ce.gov.br\/pefoce\/","logo":{"@type":"ImageObject","inLanguage":"pt-BR","@id":"https:\/\/ww16.ce.gov.br\/pefoce\/#\/schema\/logo\/image\/","url":"http:\/\/ww16.ce.gov.br\/pefoce\/wp-content\/uploads\/sites\/28\/2018\/04\/pefoce-clara.png","contentUrl":"http:\/\/ww16.ce.gov.br\/pefoce\/wp-content\/uploads\/sites\/28\/2018\/04\/pefoce-clara.png","width":559,"height":106,"caption":"Per\u00edcia Forense"},"image":{"@id":"https:\/\/ww16.ce.gov.br\/pefoce\/#\/schema\/logo\/image\/"}}]}},"_links":{"self":[{"href":"https:\/\/ww16.ce.gov.br\/pefoce\/wp-json\/wp\/v2\/pages\/67268","targetHints":{"allow":["GET"]}}],"collection":[{"href":"https:\/\/ww16.ce.gov.br\/pefoce\/wp-json\/wp\/v2\/pages"}],"about":[{"href":"https:\/\/ww16.ce.gov.br\/pefoce\/wp-json\/wp\/v2\/types\/page"}],"author":[{"embeddable":true,"href":"https:\/\/ww16.ce.gov.br\/pefoce\/wp-json\/wp\/v2\/users\/12"}],"replies":[{"embeddable":true,"href":"https:\/\/ww16.ce.gov.br\/pefoce\/wp-json\/wp\/v2\/comments?post=67268"}],"version-history":[{"count":8,"href":"https:\/\/ww16.ce.gov.br\/pefoce\/wp-json\/wp\/v2\/pages\/67268\/revisions"}],"predecessor-version":[{"id":72209,"href":"https:\/\/ww16.ce.gov.br\/pefoce\/wp-json\/wp\/v2\/pages\/67268\/revisions\/72209"}],"wp:attachment":[{"href":"https:\/\/ww16.ce.gov.br\/pefoce\/wp-json\/wp\/v2\/media?parent=67268"}],"curies":[{"name":"wp","href":"https:\/\/api.w.org\/{rel}","templated":true}]}}